{"id":6994,"date":"2020-06-16T17:18:09","date_gmt":"2020-06-16T17:18:09","guid":{"rendered":"http:\/\/rolmasters.com\/?page_id=6994"},"modified":"2020-11-05T22:26:12","modified_gmt":"2020-11-05T22:26:12","slug":"iniciarse-en-aquelarre-el-juego-de-rol-demoniaco-medieval","status":"publish","type":"page","link":"https:\/\/rolmasters.com\/es\/iniciarse-en-aquelarre-el-juego-de-rol-demoniaco-medieval\/","title":{"rendered":"INICIARSE EN AQUELARRE JUEGO DE ROL DEMONIACO MEDIEVAL"},"content":{"rendered":"Desde la creaci\u00f3n de este portal tem\u00e1tico sobre el juego de rol Aquelarre escrito por Ricard Ib\u00e1\u00f1ez, varios seguidores nos han formulado la misma pregunta, en esta entrada intentaremos despejar algunas dudas que pueden surgir en aficionados noveles en el mundo del rol y que desean iniciarse en el decano de los juegos de rol espa\u00f1oles.<\/p>\n<p>La primera pregunta que suele surgir es: \u00bfque necesito para jugar a aquelarre?. Quiz\u00e1s no sea lo primero, pues sin un grupo tampoco podr\u00e1s jugar, pero seguro que se necesita uno de los cinco manuales publicados, por ello vamos es explicar un poco la historia y aparici\u00f3n de estos.<\/p>\n<h2>LOS INICIOS Y UN POCO DE HISTORIA<\/h2>\n<p>Aquelarre es un juego que ha cumplido treinta a\u00f1os este 2020 desde que Ricard Ib\u00e1\u00f1ez, su autor, y la editorial Joc Internacional lo publicasen por vez primera en 1990. Desde entonces se ha publicado bajo el sello de cuatro editoriales distintas e incluso cuando ha quedado hu\u00e9rfano, sin editorial, los propios seguidores han continuado ampliando el juego publicando material gratuito sobre el mismo.<\/p>\n<p>Durante todos estos a\u00f1os se han publicado cinco manuales de Aquelarre en espa\u00f1ol bajo tres sellos editoriales diferentes. Tambi\u00e9n se tradujeron algunas de ellas al catal\u00e1n, al franc\u00e9s y finalmente, no hace mucho, en ingl\u00e9s.<\/p>\n<p>La primera edici\u00f3n fue de manos de la editorial Joc internacional en 1990 y el juego constaba de unas 100 p\u00e1ginas, posteriormente esta editorial public\u00f3 7 suplementos m\u00e1s. Desgraciadamente Joc internacional cerr\u00f3 en 1998 dejando hu\u00e9rfano al juego as\u00ed como otras l\u00edneas y productos que hab\u00edan editado.<\/p>\n<p>En la segunda edici\u00f3n del Manual, a cargo de la editorial Caja de pandora, que en su etapa publicaron dos manuales, uno en blanco y negro en sus inicios y otro a color que supuso el cierre de a misma, el est\u00e9tica dio un giro. Si en su antecesor (el de Joc Internacional) las ilustraciones recreaban los manuscritos medievales, en esta etapa se apost\u00f3 por unos dibujos de estilo manga. En cuanto a contenido los dos son muy parecidos, en ellos se une todas las reglas b\u00e1sicas del primer manual y material adicional publicado en los suplementos de Joc internacional, en revistas como L\u00edder u otras publicaciones. El primer manual publicado por caja de pandora, en 1999, era en blanco y negro. Constaba de 208 p\u00e1ginas y tambi\u00e9n inclu\u00eda las reglas de los suplementos Rinascita y Villa y corte que permiten alargar el eje temporal del juego de 1492 d.C. hasta 1750 d.C.. En el segundo, Aquelarre la tentaci\u00f3n, publicado en 2001 poco antes de la clausura de la editorial Caja de Pandora en 2002, estas reglas se quitaron pero el manual ten\u00eda 356 p\u00e1ginas a color, convirti\u00e9ndose en el primer juego de rol espa\u00f1ol publicado a color. Durante su periplo Caja de pandora public\u00f3 seis suplementos m\u00e1s y tras su cierre, algunos de sus miembros retomaron el juego bajo un nuevo sello editorial, Proyectos editoriales Crom, que public\u00f3 unos quince suplementos mientras permaneci\u00f3 en funcionamiento entre 2002 y el 2004.<\/p>\n<p>Desde la desaparici\u00f3n de Proyectos editoriales Crom en 2004 el juego volvi\u00f3 a quedar hu\u00e9rfano y fueron los propios seguidores los que le dieron vida hasta 2011, momento en que la editorial Nosolorol (NSR) publica la tercera y \u00faltima edici\u00f3n del juego.Y esta vez Ricard Iba\u00f1ez  delega gran parte del trabajo de creaci\u00f3n y recopilaci\u00f3n en Antonio Polo. Considerada la edici\u00f3n definitiva re\u00fane las reglas y material publicados en manuales y suplementos anteriores, a los que se a\u00f1ade material nuevo llegando a confeccionar un manual a color de 534 p\u00e1ginas que recuperan el estilo original de manuscrito antiguo, tanto en su edici\u00f3n como en sus ilustraciones. Se consigue un resultado fant\u00e1stico, una aut\u00e9ntica obra de arte. Debido a su extenso tama\u00f1o Nosolorol public\u00f3 en 2013 una versi\u00f3n reducida del juego llamada Aquelarre brevarium. Contiene todo lo imprescindible en s\u00f3lo 258 p\u00e1ginas haci\u00e9ndolo mucho m\u00e1s manejable, y su edici\u00f3n en blanco y negro tambi\u00e9n lo hace mucho m\u00e1s econ\u00f3mico.<\/p>\n<h2>LA ELECCI\u00d3N DEL MANUAL<\/h2>\n<p>Como en cualquier juego de rol se necesitan unas bases, unas reglas, por ello es necesario uno de los cinco manuales b\u00e1sicos del juego, que contiene todo lo imprescindible para desarrollar las partidas. A pesar que las primeras ediciones del libro est\u00e1n descatalogadas a\u00fan pueden encontrarse algunos ejemplares.<\/p>\n<p>Tanto si te decantas por uno o por otro, en realidad, Aquelarre es un juego muy vers\u00e1til al que puedes jugar de muchas formas. Por ello con que leas unas 130 p\u00e1ginas bastar\u00e1 y podr\u00e1s empezar a jugar las primeras partidas.<\/p>\n<p>Despu\u00e9s, poco a poco, se pueden introducir cada vez m\u00e1s ingredientes, como m\u00e1s hechizos m\u00e1gicos o los poderes de fe, reglas de combate m\u00e1s complejas, m\u00e1s bestiario y medida que jugu\u00e9is m\u00e1s partidas incluso algunos demonios.<\/p>\n<p>Podemos apuntar que lo b\u00e1sico e imprescindible es la creaci\u00f3n del personaje y el funcionamiento del sistema de juego. Como se usan todas las habilidades, como funciona el combate, el uso de la magia o el efecto que produce en los Pjs y su racionalidad. A partir de ah\u00ed puedes ser m\u00e1s o menos fiel en la recreaci\u00f3n hist\u00f3rica, o hacer partidas totalmente inventadas o fant\u00e1sticas, simplemente con el trasfondo medieval.<\/p>\n<p>Una vez asimilado todo esto solo faltar\u00e1 leer alg\u00fan m\u00f3dulo, partida preparada para poder jugar, o inventar y escribir uno tu mismo a partir del manual. Las hay de todos los tama\u00f1os, estilos y colores, pero nuevamente, para empezar, hay algunos cl\u00e1sicos imprescindibles que, sin contar con demasiadas p\u00e1ginas, tienen todos los ingredientes de Aquelarre.<\/p>\n<h2>REALMENTE IMPRESCINDIBLE<\/h2>\n<p>Dicho todo esto, y en resumidas cuentas, para jugar necesitar\u00e9is:<br \/>\n&#8211; Un grupo de amigos dispuestos a jugar y pasarlo bien.<br \/>\n&#8211; Uno de los mencionados manuales b\u00e1sicos de Aquelarre.<br \/>\n&#8211; Uno de los miembros del grupo har\u00e1 de m\u00e1ster o director de juego (DJ), debe haber le\u00eddo el manual o parte de \u00e9l y ser\u00e1 el encargado de conducir la partida, la trama, la ambientaci\u00f3n y los personajes no jugadores.<br \/>\n&#8211; Los dem\u00e1s amigos ser\u00e1n los jugadores y cada uno interpretar\u00e1 su propio personaje dentro del contexto marcado por el m\u00e1ster, tomando sus propias iniciativas.<br \/>\n&#8211; Una mesa y sillas donde sentaros si no jug\u00e1is en la playa o en el campo.<br \/>\n&#8211; Papel, l\u00e1pices, gomas de borrar y las hojas de personaje. Estas \u00faltimas se pueden fotocopiar o imprimir, y las encontrar\u00e9is dentro del manual o en internet. En rolmasters mismo, en la secci\u00f3n inventario\/hojas de personaje hay varias versiones, todas ellas \u00fatiles, pero ser\u00eda l\u00f3gico usar la misma que aparezca en el manual que est\u00e9is empleando.<br \/>\n&#8211; DADOS de varias caras, sin ellos no se puede jugar o usar alguna aplicaci\u00f3n, aunque no sea lo mismo. Los imprescindibles son: 1D4, 1D6, 1D8, 1D10 (cuatro, seis, ocho y diez caras respectivamente).<br \/>\n&#8211; Finalmente el DJ debe haber preparado la partida a pesar de que siempre se tiene que improvisar un poco.<\/p>\n<h2>TAMBI\u00c9N OS PUEDE RESULTAR \u00daTIL<\/h2>\n<p>&#8211; Mirad en rolmasters, dentro de la secci\u00f3n \u00abel Reino\u00bb las p\u00e1ginas QUE ES EL ROL? y QUE ES EL JUEGO DE ROL AQUELARRE?<br \/>\n&#8211; Mirad la secci\u00f3n AVENTURAS donde encontrar\u00e9is un mont\u00f3n de m\u00f3dulos o partidas listas para descargar y jugar.<br \/>\n&#8211; Por \u00faltimo os dejo la p\u00e1gina de Nosolorol, la editorial del juego: <a href=\"https:\/\/www.nosolorol.com\/es\/3-aquelarre\" rel=\"noopener\" target=\"_blank\">https:\/\/www.nosolorol.com\/es\/3-aquelarre<\/a><\/p>\n<p>Creo que no olvido nada, espero que os sirva de ayuda y empec\u00e9is a jugar pronto!<\/p>\n<p>Si ten\u00e9is Facebook pod\u00e9is seguirnos all\u00ed y darle a me gusta: <a href=\"https:\/\/www.facebook.com\/rolmasters\/\" rel=\"noopener\" target=\"_blank\">https:\/\/www.facebook.com\/rolmasters\/<\/a>","protected":false},"excerpt":{"rendered":"<p>Desde la creaci\u00f3n de este portal tem\u00e1tico sobre el juego de rol Aquelarre escrito por Ricard Ib\u00e1\u00f1ez, varios seguidores nos han formulado la misma pregunta, en esta entrada intentaremos despejar algunas dudas que pueden surgir en aficionados noveles en el mundo del rol y que desean iniciarse en el decano de los juegos de rol&#8230; <\/p>\n<div class='heateor_sss_sharing_container heateor_sss_vertical_sharing heateor_sss_bottom_sharing' style='width:44px;right: -10px;top: 250px;-webkit-box-shadow:none;box-shadow:none;' heateor-sss-data-href='https:\/\/rolmasters.com\/es\/wp-json\/wp\/v2\/pages\/6994'><ul  class=\"heateor_sss_sharing_ul\"><li class=\"\"><i style=\"width:40px;height:40px;margin:0;\" alt=\"Facebook\" Title=\"Facebook\" class=\"heateorSssSharing heateorSssFacebookBackground\" onclick='heateorSssPopup(\"https:\/\/www.facebook.com\/sharer\/sharer.php?u=https%3A%2F%2Frolmasters.com%2Fes%2Fwp-json%2Fwp%2Fv2%2Fpages%2F6994\")'><ss style=\"display:block;\" class=\"heateorSssSharingSvg heateorSssFacebookSvg\"><\/ss><\/i><\/li><li class=\"\"><i style=\"width:40px;height:40px;margin:0;\" alt=\"Twitter\" Title=\"Twitter\" class=\"heateorSssSharing heateorSssTwitterBackground\" onclick='heateorSssPopup(\"http:\/\/twitter.com\/intent\/tweet?text=ROLMASTERS%20-%20Tira%201D100&url=https%3A%2F%2Frolmasters.com%2Fes%2Fwp-json%2Fwp%2Fv2%2Fpages%2F6994\")'><ss style=\"display:block;\" class=\"heateorSssSharingSvg heateorSssTwitterSvg\"><\/ss><\/i><\/li><li class=\"\"><i style=\"width:40px;height:40px;margin:0;\" alt=\"Whatsapp\" Title=\"Whatsapp\" class=\"heateorSssSharing heateorSssWhatsappBackground\"><a  href=\"whatsapp:\/\/send?text=ROLMASTERS%20-%20Tira%201D100 https%3A%2F%2Frolmasters.com%2Fes%2Fwp-json%2Fwp%2Fv2%2Fpages%2F6994\" rel=\"nofollow\"><ss style=\"display:block\" class=\"heateorSssSharingSvg heateorSssWhatsappSvg\"><\/ss><\/a><\/i><\/li><\/ul><div class=\"heateorSssClear\"><\/div><\/div>","protected":false},"author":1,"featured_media":0,"parent":0,"menu_order":0,"comment_status":"closed","ping_status":"closed","template":"full-width-80.php","meta":{"footnotes":""},"_links":{"self":[{"href":"https:\/\/rolmasters.com\/es\/wp-json\/wp\/v2\/pages\/6994"}],"collection":[{"href":"https:\/\/rolmasters.com\/es\/wp-json\/wp\/v2\/pages"}],"about":[{"href":"https:\/\/rolmasters.com\/es\/wp-json\/wp\/v2\/types\/page"}],"author":[{"embeddable":true,"href":"https:\/\/rolmasters.com\/es\/wp-json\/wp\/v2\/users\/1"}],"replies":[{"embeddable":true,"href":"https:\/\/rolmasters.com\/es\/wp-json\/wp\/v2\/comments?post=6994"}],"version-history":[{"count":11,"href":"https:\/\/rolmasters.com\/es\/wp-json\/wp\/v2\/pages\/6994\/revisions"}],"predecessor-version":[{"id":7248,"href":"https:\/\/rolmasters.com\/es\/wp-json\/wp\/v2\/pages\/6994\/revisions\/7248"}],"wp:attachment":[{"href":"https:\/\/rolmasters.com\/es\/wp-json\/wp\/v2\/media?parent=6994"}],"curies":[{"name":"wp","href":"https:\/\/api.w.org\/{rel}","templated":true}]}}