{"id":5887,"date":"2019-04-24T22:33:37","date_gmt":"2019-04-24T22:33:37","guid":{"rendered":"http:\/\/rolmasters.com\/?page_id=5887"},"modified":"2022-07-08T16:34:39","modified_gmt":"2022-07-08T16:34:39","slug":"el-gran-grimorio-buscador-de-hechizos-aquelarre","status":"publish","type":"page","link":"https:\/\/rolmasters.com\/es\/magia\/el-gran-grimorio-buscador-de-hechizos-aquelarre\/","title":{"rendered":"EL GRAN GRIMORIO Y EL BUSCADOR DE HECHIZOS"},"content":{"rendered":"<section class=\"kc-elm kc-css-671582 kc_row\"><div class=\"kc-row-container  kc-container\"><div class=\"kc-wrap-columns\"><div class=\"kc-elm kc-css-941828 kc_col-sm-12 kc_column kc_col-sm-12\"><div class=\"kc-col-container\"><div class=\"kc-elm kc-css-220269 kc_row kc_row_inner\"><div class=\"kc-elm kc-css-239910 kc_col-sm-6 kc_column_inner kc_col-sm-6\"><div class=\"kc_wrapper kc-col-inner-container\"><div class=\"kc-elm kc-css-314082\" style=\"height: 20px; clear: both; width:100%;\"><\/div><div class=\"kc-elm kc-css-854775 kc_text_block\"><p><strong>EL GRAN GRIMORIO<\/strong>, creado por <strong>Rafa Nu\u00f1ez<\/strong> y publicado en la web <a href=\"https:\/\/www.mecatolrex.com\/el-gran-grimorio-de-aquelarre\/\" target=\"_blank\" rel=\"noopener\">MECATOL REX<\/a> es una gu\u00eda, en formato excel, donde encontrar\u00e9is compilados todos los hechizos del <strong>Manual b\u00e0sico de Aquelarre<\/strong>, <strong>Ars mal\u00e9fica<\/strong> y <strong>Daemonolatreia<\/strong>.<\/p>\n<p>En el documento se clasifican, en columnas, los m\u00e1s de 850 hechizos seg\u00fan los par\u00e1metros habituales de la magia: manual, p\u00e1gina, nombre del hechizo, vis, tipo de magia, restricciones, forma, naturaleza, origen, caducidad, duraci\u00f3n, palabras clave, componentes, efecto&#8230;<\/p>\n<p>A partir del archivo hemos creado el buscador de hechizos en forma de tabla, algo ya habitual en rolmasters, a\u00f1adiendo a <strong>EL GRAN GRIMORIO<\/strong> las p\u00e1ginas de los hechizos existentes en el <strong>Brevarium<\/strong> y los hechizos de magia cabal\u00edstica, tanto los publicados en el suplemento <strong>Sefarad<\/strong> de <strong>Crom<\/strong> como los que public\u00f3 <strong>Hardeck<\/strong> en el blog <a href=\"https:\/\/rerumdemoni.blogspot.com\/2017\/09\/magia-cabalistica.html\" target=\"_blank\" rel=\"noopener\">RERUM DEMONI<\/a>.<\/p>\n<p>La tabla permite filtrar por columnas o categor\u00edas y la lupa o buscador admite busquedas filtradas por categor\u00edas mediante la flecha desplegable ubicada a su derecha.<\/p>\n<\/div><div class=\"kc-elm kc-css-93111\" style=\"height: 10px; clear: both; width:100%;\"><\/div><\/div><\/div><div class=\"kc-elm kc-css-766496 kc_col-sm-6 kc_column_inner kc_col-sm-6\"><div class=\"kc_wrapper kc-col-inner-container\"><div class=\"kc-elm kc-css-868819\" style=\"height: 20px; clear: both; width:100%;\"><\/div>\n<div class=\"kc-elm kc-css-200792 kc-title-wrap \">\n\n\t<h1 class=\"kc_title\">Descargar el Gran Grimorio <\/h1>\n<\/div>\n\n<div class=\"kc-elm kc-css-242009 kc-image-hover-effects kc-img-effects-1 overlay_scale_in\">\n\n\t<a href=\"http:\/\/rolmasters.com\/inventari\/ajudes\/ElGranGrimorio.xlsx\"><img decoding=\"async\" src=\"https:\/\/rolmasters.com\/wp-content\/uploads\/2019\/04\/El-gran-grimorio-de-Aquelarre-Portada.png\" alt=\"\"\/><\/a><a href=\"http:\/\/rolmasters.com\/inventari\/ajudes\/ElGranGrimorio.xlsx\"><div class=\"overlay-effects\"><div class=\"content-title\">EL GRAN GRIMORIO DE RAFA NU\u00d1EZ<\/div><\/div><\/a>\n<\/div><div class=\"kc-elm kc-css-61429 kc_text_block\"><h2 style=\"text-align: center;\">AUTOR\u00cdA DE RAFA NU\u00d1EZ<br \/>\nPUBLICADO EN <a href=\"https:\/\/www.mecatolrex.com\/el-gran-grimorio-de-aquelarre\/\" target=\"_blank\" rel=\"noopener\">MECATOL REX<\/a><\/h2>\n<\/div><div class=\"kc-elm kc-css-957789\" style=\"height: 10px; clear: both; width:100%;\"><\/div><\/div><\/div><\/div><\/div><\/div><\/div><\/div><\/section><section class=\"kc-elm kc-css-881453 kc_row\"><div class=\"kc-row-container  kc-container\"><div class=\"kc-wrap-columns\"><div class=\"kc-elm kc-css-194877 kc_col-sm-12 kc_column kc_col-sm-12\"><div class=\"kc-col-container\"><div class=\"kc-elm kc-css-393650 kc_row kc_row_inner\"><div class=\"kc-elm kc-css-992467 kc_col-sm-6 kc_column_inner kc_col-sm-6\"><div class=\"kc_wrapper kc-col-inner-container\"><div class=\"kc-elm kc-css-112279\" style=\"height: 20px; clear: both; width:100%;\"><\/div><div class=\"kc-elm kc-css-186174 kc_text_block\"><p><strong>EL GRAN GRIMORIO<\/strong>, creado por <strong>Rafa Nu\u00f1ez<\/strong> y publicado en la web <a href=\"https:\/\/www.mecatolrex.com\/\" target=\"_blank\" rel=\"noopener\">MECATOL REX<\/a> es una gu\u00eda, en formato excel, donde encontrar\u00e9is compilados todos los hechizos del <strong>Manual b\u00e0sico de Aquelarre<\/strong>, <strong>Ars mal\u00e9fica<\/strong> y <strong>Daemonolatreia<\/strong>.<\/p>\n<p>En el documento se clasifican, en columnas, los m\u00e1s de 850 hechizos seg\u00fan los par\u00e1metros habituales de la magia: manual, p\u00e1gina, nombre del hechizo, vis, tipo de magia, restricciones, forma, naturaleza, origen, caducidad, duraci\u00f3n, palabras clave, componentes, efecto&#8230;<\/p>\n<p>A partir del archivo hemos creado el buscador de hechizos en forma de tabla, algo ya habitual en rolmasters, a\u00f1adiendo a <strong>EL GRAN GRIMORIO<\/strong> las p\u00e1ginas de los hechizos existentes en el <strong>Brevarium<\/strong> y los hechizos de magia cabal\u00edstica, tanto los publicados en el suplemento <strong>Sefarad<\/strong> de <strong>Crom<\/strong> como los que public\u00f3 <strong>Hardeck<\/strong> en el blog <a href=\"https:\/\/rerumdemoni.blogspot.com\/2017\/09\/magia-cabalistica.html\" target=\"_blank\" rel=\"noopener\">RERUM DEMONI<\/a>.<\/p>\n<p>La tabla permite filtrar por columnas o categor\u00edas y la lupa o buscador admite busquedas filtradas por categor\u00edas mediante la flecha desplegable ubicada a su derecha.<\/p>\n<\/div><div class=\"kc-elm kc-css-253202\" style=\"height: 10px; clear: both; width:100%;\"><\/div><\/div><\/div><div class=\"kc-elm kc-css-741597 kc_col-sm-6 kc_column_inner kc_col-sm-6\"><div class=\"kc_wrapper kc-col-inner-container\"><div class=\"kc-elm kc-css-249446\" style=\"height: 20px; clear: both; width:100%;\"><\/div>\n<div class=\"kc-elm kc-css-730564 kc-title-wrap \">\n\n\t<h1 class=\"kc_title\">Descargar el Gran Grimorio <\/h1>\n<\/div>\n<div class=\"kc-elm kc-css-309970 kc-raw-code\">    <div class=\"image-ultimate-container\"> \r\n        <div class=\"image-ultimate-row\">\r\n\r\n            <style>\r\n\r\n                .image-ultimate-map-absulate{\r\n                    position: absolute;\r\n                    width: 100%;\r\n                    height: 100%;\r\n                    top: 0;\r\n                }\r\n                .image-ultimate-map-absulate img{\r\n                    width: 100%;\r\n                    height: 100%;\r\n                }\r\n\r\n                .image-ultimate-map-absulate a{\r\n                    text-decoration: none !important;\r\n                }\r\n                .image-ultimate-hover-2{\r\n                    position: relative;\r\n                    width: 100%;\r\n                    height: 100%;\r\n                    overflow: hidden;\r\n\r\n                }\r\n                .image-ultimate-hover-2 .iheu-img {\r\n                    position: absolute;\r\n                    top: 0;\r\n                    bottom: 0;\r\n                    left: 0;\r\n                    right: 0;\r\n                    width: 100%;\r\n                    height: 100%;\r\n                }\r\n\r\n                .image-ultimate-hover-2 .iheu-info {\r\n                    position: absolute;\r\n                    top: 0;\r\n                    bottom: 0;\r\n                    left: 0;\r\n                    right: 0;\r\n                    width: 100%;\r\n                    height: 100%;\r\n                    text-align: center;\r\n                    -webkit-backface-visibility: hidden;\r\n                    backface-visibility: hidden;\r\n                    display: table;\r\n                }\r\n\r\n                .image-ultimate-hover-animation-2 {\r\n                    animation-duration: 1s;\r\n                }\r\n\r\n                .image-ultimate-hover-padding-2{\r\n                    padding: 20px;\r\n                }\r\n                .image-ultimate-map-2 {\r\n                    max-width: 620px;\r\n                    width: 100%;\r\n                    margin: 0 auto;\r\n                    position: relative;\r\n                }\r\n                .image-ultimate-map-2:after {\r\n                    padding-bottom: 82.41935483871%;\r\n                    content: \"\";\r\n                    display: block;\r\n                }\r\n\r\n                .image-ultimate-hover-2 .iheu-img:before {\r\n                    position: absolute;\r\n                    display: block;\r\n                    content: '';\r\n                    width: 100%;\r\n                    height: 100%;\r\n                    box-shadow: inset 0 0 0 0px rgba(0, 146, 194, 0.3);\r\n\r\n                }\r\n\r\n                .image-ultimate-hover-2 .iheu-img {\r\n                    width: 100%;\r\n                    float: left;\r\n                    opacity: 1;\r\n                    -webkit-transition: all 0.35s ease-in-out;\r\n                    -moz-transition: all 0.35s ease-in-out;\r\n                    transition: all 0.35s ease-in-out;\r\n                }\r\n                .image-ultimate-hover-2:hover .iheu-img,\r\n                .image-ultimate-hover-2.iheu-touch .iheu-img{\r\n                    z-index: 20;\r\n                }\r\n                .image-ultimate-hover-2 .iheu-info {\r\n                    background: rgba(194, 0, 29, 0);\r\n                    visibility: hidden;\r\n                    opacity: 0;\r\n                    -webkit-transition: all 0.35s ease-in-out;\r\n                    -moz-transition: all 0.35s ease-in-out;\r\n                    transition: all 0.35s ease-in-out;\r\n                }\r\n                .image-ultimate-hover-2 .iheu-info .iheu-data{\r\n                    display: table-cell;\r\n                    vertical-align: top;text-align: center;                    padding-bottom:20px;\r\n                }\r\n                .image-ultimate-hover-2 .iheu-info h3 {\r\n                    font-size: 24px;\r\n                    background: rgba(199, 0, 0, 0);\r\n                    font-weight: 600;\r\n                    padding: 10px 20px; \r\n                    margin-bottom: 15px;\r\n                    margin-top: 100px;\r\n                    line-height: 120%;\r\n                    font-family: \"Open Sans\";\r\n                    width:100%;\r\n                    float: left;\r\n                    color: #ffffff;\r\n\r\n                                    }\r\n                .image-ultimate-hover-2 .iheu-info p {\r\n                    font-size: 15px;\r\n                    font-weight: 300;\r\n                    margin-bottom: 20px;\r\n                    margin-top: 0;\r\n                    width: 100%;\r\n                    line-height: 120%;\r\n                    width: 100%;\r\n                    float: left;\r\n                    font-family: \"Open Sans\";\r\n                    color: #ffffff;\r\n                    padding:0 20px; \r\n                }\r\n                .image-ultimate-hover-2 a.iheu-button{\r\n                    padding: 8px 10px;\r\n                    -webkit-border-radius: 5px;\r\n                    -moz-border-radius: 5px;\r\n                    border-radius: 5px;\r\n                    font-weight: 100;\r\n                    font-size: 12px;\r\n                    font-family: \"Open Sans\";\r\n                    background: rgba(126, 0, 158, 1);\r\n                    color: #ffffff;\r\n                    text-decoration: none;\r\n                    display:-webkit-inline-box;\r\n                    margin: 0 auto;                                    }\r\n                .image-ultimate-hover-2 a.iheu-button:hover{\r\n                    background: rgba(255, 255, 255, 1);\r\n                    color: #7e009e;\r\n                }\r\n                \r\n                .image-ultimate-hover-2:hover .iheu-img,\r\n                .image-ultimate-hover-2.iheu-touch .iheu-img{\r\n                    opacity: 0;\r\n                }\r\n                .image-ultimate-hover-2:hover .iheu-info,\r\n                .image-ultimate-hover-2.iheu-touch .iheu-info{\r\n                    visibility: visible;\r\n                    opacity: 1;\r\n                }\r\n                .image-ultimate-hover-2.scale_up .iheu-img {\r\n                    -webkit-transform: scale(1);\r\n                    -moz-transform: scale(1);\r\n                    -ms-transform: scale(1);\r\n                    -o-transform: scale(1);\r\n                    transform: scale(1);\r\n                }\r\n                .image-ultimate-hover-2.scale_up .iheu-info {\r\n                    -webkit-transform: scale(0);\r\n                    -moz-transform: scale(0);\r\n                    -ms-transform: scale(0);\r\n                    -o-transform: scale(0);\r\n                    transform: scale(0);\r\n                }\r\n                .image-ultimate-hover-2.scale_up:hover .iheu-img,\r\n                 .image-ultimate-hover-2.scale_up.iheu-touch .iheu-img{\r\n                    -webkit-transform: scale(5);\r\n                    -moz-transform: scale(5);\r\n                    -ms-transform: scale(5);\r\n                    -o-transform: scale(5);\r\n                    transform: scale(5);\r\n                }\r\n                .image-ultimate-hover-2.scale_up:hover .iheu-info,\r\n                .image-ultimate-hover-2.scale_up.iheu-touch .iheu-info{\r\n                    -webkit-transform: scale(1);\r\n                    -moz-transform: scale(1);\r\n                    -ms-transform: scale(1);\r\n                    -o-transform: scale(1);\r\n                    transform: scale(1);\r\n                }\r\n\r\n                .image-ultimate-hover-2.scale_down .iheu-img {\r\n                    -webkit-transform: scale(1);\r\n                    -moz-transform: scale(1);\r\n                    -ms-transform: scale(1);\r\n                    -o-transform: scale(1);\r\n                    transform: scale(1);\r\n                }\r\n                .image-ultimate-hover-2.scale_down .iheu-info {\r\n                    -webkit-transform: scale(5);\r\n                    -moz-transform: scale(5);\r\n                    -ms-transform: scale(5);\r\n                    -o-transform: scale(5);\r\n                    transform: scale(5);\r\n                }\r\n\r\n                .image-ultimate-hover-2.scale_down:hover .iheu-img,\r\n                .image-ultimate-hover-2.scale_down.iheu-touch .iheu-img{\r\n                    -webkit-transform: scale(0.5);\r\n                    -moz-transform: scale(0.5);\r\n                    -ms-transform: scale(0.5);\r\n                    -o-transform: scale(0.5);\r\n                    transform: scale(0.5);\r\n                }\r\n                .image-ultimate-hover-2.scale_down:hover .iheu-info,\r\n                .image-ultimate-hover-2.scale_down.iheu-touch .iheu-info{\r\n                    -webkit-transform: scale(1);\r\n                    -moz-transform: scale(1);\r\n                    -ms-transform: scale(1);\r\n                    -o-transform: scale(1);\r\n                    transform: scale(1);\r\n                }\r\n            <\/style>\r\n\r\n            <div orphita-animation=\"zoomIn\" class=\"image-ultimate-responsive-1 orphita-animation  image-ultimate-hover-animation-2 image-ultimate-hover-padding-2\">\r\n                                            <div class=\"image-ultimate-map-2\">\r\n                                                <div class=\"image-ultimate-map-absulate\">\r\n                                                    <div class=\"image-ultimate-hover image-ultimate-hover-2 scale_up\">\r\n                                                            <a target=\"_blank\" href=\"http:\/\/rolmasters.com\/inventari\/ajudes\/ElGranGrimorio.xlsx\" class=\"iheutabhover\"> \r\n                                                        <div class=\"iheu-img\">\r\n                                                             <img decoding=\"async\" src=\"http:\/\/rolmasters.com\/wp-content\/uploads\/2019\/04\/El-gran-grimorio-de-Aquelarre-Portada.png\">\r\n                                                        <\/div>\r\n                                                        <div class=\"iheu-info\" style=\"background: linear-gradient( rgba(194, 0, 29, 0), rgba(194, 0, 29, 0)), url(http:\/\/rolmasters.com\/wp-content\/uploads\/2019\/04\/El-gran-grimorio-de-Aquelarre-abierto.png);-moz-background-size: 100% 100%;-o-background-size: 100% 100%; background-size: 100% 100%;\">\r\n                                                            <div class=\"iheu-data\">\r\n                                                                <h3 class=\"iheu-fade-up\"> DESCARGA EL GRAN GRIMORIO <\/h3>\r\n                                                                \r\n                                                            <\/div>\r\n                                                        <\/div>\r\n                                                     <\/a>\r\n                                                    <\/div>\r\n                                                <\/div>\r\n                                            <\/div>\r\n                                            \r\n                                         <\/div>        <\/div>\r\n    <\/div>\r\n    <\/div><div class=\"kc-elm kc-css-817903 kc_text_block\"><h2 style=\"text-align: center;\">AUTOR\u00cdA DE RAFA NU\u00d1EZ<br \/>\nPUBLICADO EN <a href=\"https:\/\/www.mecatolrex.com\/\" target=\"_blank\" rel=\"noopener\">MECATOL RX<\/a><\/h2>\n<\/div><div class=\"kc-elm kc-css-470935\" style=\"height: 10px; clear: both; width:100%;\"><\/div><\/div><\/div><\/div><\/div><\/div><\/div><\/div><\/section><section data-kc-fullwidth=\"row\" class=\"kc-elm kc-css-894920 kc_row\"><div class=\"kc-row-container  kc-container\"><div class=\"kc-wrap-columns\"><div class=\"kc-elm kc-css-581893 kc_col-sm-12 kc_column kc_col-sm-12\"><div class=\"kc-col-container\"><div class=\"kc-elm kc-css-789977\" style=\"height: 0px; clear: both; width:100%;\"><\/div>\n<div class=\"kc-elm kc-css-291354 divider_line\">\n\t<div class=\"divider_inner divider_line2\">\n\t\t<i class=\"sl-star\"><\/i>\t<\/div>\n<\/div>\n<div class=\"kc-elm kc-css-870578 kc_text_block\"><h1 style=\"text-align: center;\">EL BUSCADOR DE HECHIZOS<\/h1>\n<\/div><div class=\"kc-elm kc-css-409492\" style=\"height: 10px; clear: both; width:100%;\"><\/div><\/div><\/div><\/div><\/div><\/section><section class=\"kc-elm kc-css-388857 kc_row\"><div class=\"kc-row-container  kc-container\"><div class=\"kc-wrap-columns\"><div class=\"kc-elm kc-css-939874 kc_col-sm-12 kc_column kc_col-sm-12\"><div class=\"kc-col-container\"><div class=\"kc-elm kc-css-831394 kc-raw-code\"><div id=\"footable_parent_5932\"\n         class=\" footable_parent ninja_table_wrapper loading_ninja_table wp_table_data_press_parent bootstrap3 \">\n                <table data-ninja_table_instance=\"ninja_table_instance_1\" data-footable_id=\"5932\" data-filter-delay=\"1000\" aria-label=\"Temporary table name\"            id=\"footable_5932\"\n           data-unique_identifier=\"ninja_table_unique_id_1481752246_5932\"\n           class=\" foo-table ninja_footable foo_table_5932 ninja_table_unique_id_1481752246_5932 table  nt_type_ajax_table table-striped table-bordered table-hover  footable-paging-right\">\n                <colgroup>\n                            <col class=\"ninja_column_0 \">\n                            <col class=\"ninja_column_1 \">\n                            <col class=\"ninja_column_2 hidden\">\n                            <col class=\"ninja_column_3 hidden\">\n                            <col class=\"ninja_column_4 \">\n                            <col class=\"ninja_column_5 \">\n                            <col class=\"ninja_column_6 \">\n                            <col class=\"ninja_column_7 \">\n                            <col class=\"ninja_column_8 hidden\">\n                            <col class=\"ninja_column_9 \">\n                            <col class=\"ninja_column_10 \">\n                            <col class=\"ninja_column_11 \">\n                            <col class=\"ninja_column_12 \">\n                            <col class=\"ninja_column_13 \">\n                            <col class=\"ninja_column_14 \">\n                            <col class=\"ninja_column_15 \">\n                            <col class=\"ninja_column_16 \">\n                            <col class=\"ninja_column_17 \">\n                    <\/colgroup>\n            <\/table>\n    \n    \n    \n<\/div>\n<\/div><\/div><\/div><\/div><\/div><\/section>","protected":false},"excerpt":{"rendered":"<div class='heateor_sss_sharing_container heateor_sss_vertical_sharing heateor_sss_bottom_sharing' style='width:44px;right: -10px;top: 250px;-webkit-box-shadow:none;box-shadow:none;' heateor-sss-data-href='https:\/\/rolmasters.com\/es\/wp-json\/wp\/v2\/pages\/5887'><ul  class=\"heateor_sss_sharing_ul\"><li class=\"\"><i style=\"width:40px;height:40px;margin:0;\" alt=\"Facebook\" Title=\"Facebook\" class=\"heateorSssSharing heateorSssFacebookBackground\" onclick='heateorSssPopup(\"https:\/\/www.facebook.com\/sharer\/sharer.php?u=https%3A%2F%2Frolmasters.com%2Fes%2Fwp-json%2Fwp%2Fv2%2Fpages%2F5887\")'><ss style=\"display:block;\" class=\"heateorSssSharingSvg heateorSssFacebookSvg\"><\/ss><\/i><\/li><li class=\"\"><i style=\"width:40px;height:40px;margin:0;\" alt=\"Twitter\" Title=\"Twitter\" class=\"heateorSssSharing heateorSssTwitterBackground\" onclick='heateorSssPopup(\"http:\/\/twitter.com\/intent\/tweet?text=ROLMASTERS%20-%20Tira%201D100&url=https%3A%2F%2Frolmasters.com%2Fes%2Fwp-json%2Fwp%2Fv2%2Fpages%2F5887\")'><ss style=\"display:block;\" class=\"heateorSssSharingSvg heateorSssTwitterSvg\"><\/ss><\/i><\/li><li class=\"\"><i style=\"width:40px;height:40px;margin:0;\" alt=\"Whatsapp\" Title=\"Whatsapp\" class=\"heateorSssSharing heateorSssWhatsappBackground\"><a  href=\"whatsapp:\/\/send?text=ROLMASTERS%20-%20Tira%201D100 https%3A%2F%2Frolmasters.com%2Fes%2Fwp-json%2Fwp%2Fv2%2Fpages%2F5887\" rel=\"nofollow\"><ss style=\"display:block\" class=\"heateorSssSharingSvg heateorSssWhatsappSvg\"><\/ss><\/a><\/i><\/li><\/ul><div class=\"heateorSssClear\"><\/div><\/div>","protected":false},"author":1,"featured_media":4029,"parent":3931,"menu_order":0,"comment_status":"closed","ping_status":"closed","template":"full-width-FAW.php","meta":{"footnotes":""},"_links":{"self":[{"href":"https:\/\/rolmasters.com\/es\/wp-json\/wp\/v2\/pages\/5887"}],"collection":[{"href":"https:\/\/rolmasters.com\/es\/wp-json\/wp\/v2\/pages"}],"about":[{"href":"https:\/\/rolmasters.com\/es\/wp-json\/wp\/v2\/types\/page"}],"author":[{"embeddable":true,"href":"https:\/\/rolmasters.com\/es\/wp-json\/wp\/v2\/users\/1"}],"replies":[{"embeddable":true,"href":"https:\/\/rolmasters.com\/es\/wp-json\/wp\/v2\/comments?post=5887"}],"version-history":[{"count":55,"href":"https:\/\/rolmasters.com\/es\/wp-json\/wp\/v2\/pages\/5887\/revisions"}],"predecessor-version":[{"id":7703,"href":"https:\/\/rolmasters.com\/es\/wp-json\/wp\/v2\/pages\/5887\/revisions\/7703"}],"up":[{"embeddable":true,"href":"https:\/\/rolmasters.com\/es\/wp-json\/wp\/v2\/pages\/3931"}],"wp:featuredmedia":[{"embeddable":true,"href":"https:\/\/rolmasters.com\/es\/wp-json\/wp\/v2\/media\/4029"}],"wp:attachment":[{"href":"https:\/\/rolmasters.com\/es\/wp-json\/wp\/v2\/media?parent=5887"}],"curies":[{"name":"wp","href":"https:\/\/api.w.org\/{rel}","templated":true}]}}