{"id":4997,"date":"2018-08-31T20:28:12","date_gmt":"2018-08-31T20:28:12","guid":{"rendered":"http:\/\/rolmasters.com\/?page_id=4997"},"modified":"2019-04-25T15:36:46","modified_gmt":"2019-04-25T15:36:46","slug":"naturaleza-y-origen-de-la-magia-en-aquelarre-el-juego-de-rol","status":"publish","type":"page","link":"https:\/\/rolmasters.com\/es\/magia\/naturaleza-y-origen-de-la-magia-en-aquelarre-el-juego-de-rol\/","title":{"rendered":"NATURALEZA Y ORIGEN DE LA MAGIA EN AQUELARRE"},"content":{"rendered":"<section class=\"kc-elm kc-css-63960 kc_row\"><div class=\"kc-row-container  kc-container\"><div class=\"kc-wrap-columns\"><div class=\"kc-elm kc-css-518489 kc_col-sm-12 kc_column kc_col-sm-12\"><div class=\"kc-col-container\"><div class=\"kc-elm kc-css-775372\" style=\"height: 20px; clear: both; width:100%;\"><\/div>\n<div class=\"kc-elm kc-css-298169 kc-title-wrap \">\n\n\t<h1 class=\"kc_title\">Naturaleza de la magia<\/h1>\n<\/div>\n<div class=\"kc-elm kc-css-506532\" style=\"height: 20px; clear: both; width:100%;\"><\/div><div class=\"kc-elm kc-css-577800 kc_row kc_row_inner\"><div class=\"kc-elm kc-css-844862 kc_col-sm-3 kc_column_inner kc_col-sm-3\"><div class=\"kc_wrapper kc-col-inner-container\">\n<div class=\"kc-elm kc-css-638962 kc-title-wrap \">\n\n\t<h1 class=\"kc_title\">Magia Blanca<\/h1>\n<\/div>\n<div class=\"kc-elm kc-css-152356 kc_text_block justextblanc\"><p style=\"text-align: center;\">Se trata de hechizos ben\u00e9ficos o, a lo sumo,\u00a0no perjudiciales \u2014al menos en esencia, que otra cosa es lo\u00a0que haga el mago con un hechizo en concreto\u2014. Aunque\u00a0el uso de estos hechizos est\u00e1, como toda la magia, prohibido\u00a0por las tres religiones monote\u00edstas de la \u00e9poca, lo cierto\u00a0es que su estudio y pr\u00e1ctica no mancilla en forma alguna el\u00a0alma espiritual del mago.<\/p>\n<\/div><\/div><\/div><div class=\"kc-elm kc-css-979261 kc_col-sm-6 kc_column_inner kc_col-sm-6\"><div class=\"kc_wrapper kc-col-inner-container\"><div class=\"kc-elm kc-css-941472 kc_text_block\"><h2 style=\"text-align: center;\"><img decoding=\"async\" class=\"aligncenter size-full\" src=\"http:\/\/rolmasters.com\/wp-content\/uploads\/2017\/09\/Aquelarre-3-edicion-48.png\" alt=\"magia y hechizos en juegos de rol Aquelarre\" width=\"\" height=\"\" \/><\/h2>\n<\/div><\/div><\/div><div class=\"kc-elm kc-css-466299 kc_col-sm-3 kc_column_inner kc_col-sm-3\"><div class=\"kc_wrapper kc-col-inner-container\">\n<div class=\"kc-elm kc-css-99001 kc-title-wrap \">\n\n\t<h1 class=\"kc_title\">Magia Negra<\/h1>\n<\/div>\n<div class=\"kc-elm kc-css-179856 kc_text_block\"><p style=\"text-align: center;\">Denominada tambi\u00e9n \u201fgoecia\u201d, se trata de\u00a0un tipo de magia particularmente oscura y perjudicial, ya\u00a0sea por sus efectos o por la procedencia de sus componentes.\u00a0Aunque cualquier mago puede aprender estos hechizos,\u00a0su simple utilizaci\u00f3n condena el alma del que los usa,\u00a0quedando maldito a los ojos de la divinidad (hablaremos\u00a0sobre los efectos de la fe en aquellos \u201cmalditos por Dios\u201d\u00a0en el siguiente cap\u00edtulo, p\u00e1g. 240).<\/p>\n<div><\/div>\n<\/div><\/div><\/div><\/div>\n<div class=\"kc-elm kc-css-66759 divider_line\">\n\t<div class=\"divider_inner divider_line2\">\n\t\t<i class=\"sl-star\"><\/i>\t<\/div>\n<\/div>\n<\/div><\/div><\/div><\/div><\/section><section class=\"kc-elm kc-css-918114 kc_row\"><div class=\"kc-row-container  kc-container\"><div class=\"kc-wrap-columns\"><div class=\"kc-elm kc-css-859007 kc_col-sm-12 kc_column kc_col-sm-12\"><div class=\"kc-col-container\">\n<div class=\"kc-elm kc-css-275680 kc-title-wrap \">\n\n\t<h1 class=\"kc_title\">Origen de la magia<\/h1>\n<\/div>\n<div class=\"kc-elm kc-css-563192\" style=\"height: 34px; clear: both; width:100%;\"><\/div><div class=\"kc-elm kc-css-334359 kc_row kc_row_inner\"><div class=\"kc-elm kc-css-526603 kc_col-sm-4 kc_column_inner kc_col-sm-4\"><div class=\"kc_wrapper kc-col-inner-container\"><div class=\"kc-elm kc-css-3732 kc-animated kc-animate-eff-fadeInUp kc-animate-speed-.5s kc_text_block\"><h2 style=\"text-align: center;\">POPULAR<\/h2>\n<p style=\"text-align: center;\"><span style=\"text-align: start;\">Son todo tipo de Hechizos de origen tradicional basados en\u00a0<\/span><span style=\"text-align: start;\">supersticiones de \u00e9pocas pasadas y que son transmitidos\u00a0<\/span><span style=\"text-align: start;\">de generaci\u00f3n en generaci\u00f3n de forma oral de maestro a\u00a0<\/span><span style=\"text-align: start;\">disc\u00edpulo. Son los hechizos m\u00e1s habituales y<\/span><span style=\"text-align: start;\">\u00a0suelen ser escogidos por las profesiones\u00a0<\/span><span style=\"text-align: start;\">del tipo brujo o curandero.\u00a0<\/span><span style=\"text-align: start; font-style: inherit;\">Incluye hechizos de naturaleza blanca y negra.\u00a0<\/span><\/p>\n<\/div><\/div><\/div><div class=\"kc-elm kc-css-107429 kc_col-sm-4 kc_column_inner kc_col-sm-4\"><div class=\"kc_wrapper kc-col-inner-container\"><div class=\"kc-elm kc-css-321813 kc-animated kc-animate-eff-fadeInUp kc_text_block\"><h2 style=\"text-align: center;\">ALQU\u00cdMICA<\/h2>\n<p style=\"text-align: center;\"><span style=\"text-align: start;\">Llamada tambi\u00e9n \u201cmagia roja\u201d, se\u00a0<\/span><span style=\"text-align: start;\">trata de f\u00f3rmulas m\u00e1gicas de marcado car\u00e1cter alqu\u00edmico, estas\u00a0<\/span><span style=\"text-align: start;\">requieren muchos m\u00e1s conocimientos te\u00f3ricos\u00a0<\/span><span style=\"text-align: start;\">y abstractos que la magia popular. Estos\u00a0 hechizos se suelen <\/span><span style=\"text-align: start;\">encontrar en grimorios y libros,\u00a0<\/span><span style=\"text-align: start;\">y son particularmente apropiados\u00a0<\/span><span style=\"text-align: start;\">para las profesiones de alquimista o mago.\u00a0<\/span><span style=\"font-style: inherit;\">Incluye hechizos de naturaleza blanca y negra.<\/span><span style=\"font-style: inherit;\">\u00a0<\/span><\/p>\n<\/div><\/div><\/div><div class=\"kc-elm kc-css-79452 kc_col-sm-4 kc_column_inner kc_col-sm-4\"><div class=\"kc_wrapper kc-col-inner-container\"><div class=\"kc-elm kc-css-952690 kc-animated kc-animate-eff-fadeInUp kc-animate-delay-1 kc-animate-speed-3s kc_text_block\"><h2 style=\"text-align: center;\">INFERNAL<\/h2>\n<p style=\"text-align: center;\">Todos los hechizos de magia de origen infernal son de naturaleza negra,\u00a0goecia. Son hechizos creados por demonios para\u00a0ser utilizados por ellos mismos o por sus seguidores, que\u00a0los aprenden directamente de sus labios o a trav\u00e9s de alg\u00fan grimorio maldito. Tambi\u00e9n son de origen infernal todos los hechizos del suplemento Deamonolatreia.<\/p>\n<\/div><\/div><\/div><\/div><div class=\"kc-elm kc-css-506457 kc_row kc_row_inner\"><div class=\"kc-elm kc-css-231216 kc_col-sm-4 kc_column_inner kc_col-sm-4\"><div class=\"kc_wrapper kc-col-inner-container\"><div class=\"kc-elm kc-css-491353 kc_text_block\"><h2 style=\"text-align: center;\">PROHIBIDA<\/h2>\n<p style=\"text-align: start;\">Los hechizos de magia prohibida est\u00e1n vedados a la humanidad, debido a su inmenso poder. Ni los demonios los ense\u00f1an y evitan a toda costa que se propague su conocimiento. Por ello resulta tan dif\u00edcil conocerlos como tan siquiera saber que existen.<\/p>\n<p style=\"text-align: start;\">Son hechizos de VIS muy elevada que est\u00e1n sujetos a una serie de condiciones muy espec\u00edficas tanto para aprenderlos como para\u00a0 lanzarlos.<\/p>\n<p style=\"text-align: start;\">Por todo esto recomendamos que antes de usar cualquiera de estos conjuros leas sobre la magia prohibida en la p\u00e1gina 158 del manual b\u00e1sico (MB).<\/p>\n<\/div><\/div><\/div><div class=\"kc-elm kc-css-462342 kc_col-sm-4 kc_column_inner kc_col-sm-4\"><div class=\"kc_wrapper kc-col-inner-container\"><div class=\"kc-elm kc-css-709052 kc_text_block\"><h2 style=\"text-align: center;\">PAGANA<\/h2>\n<p style=\"text-align: start;\">Los cultos o magia de origen pagana se aborda de forma extensiva en el suplemento de nosolorol Ars Malefica (AM).\u00a0 Va sujeta a los dioses paganos y sus antiguos rituales e incluye diferentes religiones polite\u00edstas anteriores al monote\u00edsmo cristiano, de culto mayoritario.<\/p>\n<p style=\"text-align: start;\">No existen grimorios de magia de origen pagana\u00a0 y su transmisi\u00f3n siempre es oral.<\/p>\n<p style=\"text-align: start;\">Para el uso de la Magia Pagana a parte del 50% de IRR y conocimiento M\u00e1gico se necesita un 25% en Teologia (Pagana). M\u00e1s informaci\u00f3n en AM 31.<\/p>\n<\/div><\/div><\/div><div class=\"kc-elm kc-css-386655 kc_col-sm-4 kc_column_inner kc_col-sm-4\"><div class=\"kc_wrapper kc-col-inner-container\"><div class=\"kc-elm kc-css-55377 kc_text_block\"><h2 style=\"text-align: center;\">CABAL\u00cdSTICA<\/h2>\n<p style=\"text-align: start;\">La magia de origen cabal\u00edstico se basa en las ense\u00f1anzas y comprensi\u00f3n de la c\u00e1bala jud\u00eda. Como toda la magia se divide en dos ramas seg\u00fan la naturaleza de sus hechizos. Los Sefir\u00f3ticos que extraen su poder del \u00e1rbol de la vida y los \u00e1ngeles (Magia Blanca) y los Qlip\u00f3thicos que lo extraen del \u00e1rbol de la muerte y los demonios (Magia negra).<br \/>\nEsta magia esta recogida en el suplemento SEFARAT de proyectos editoriales Crom.<\/p>\n<p style=\"text-align: start;\">Seg\u00fan el suplemento Decameron (NSR) para el uso de la Magia Cabal\u00edstica, a parte del 50% de IRR y conocimiento M\u00e1gico, se necesita un 50% en Teologia (Hebrea).<\/p>\n<\/div><\/div><\/div><\/div><\/div><\/div><\/div><\/div><\/section><section id=\"franjaborde1\" data-kc-fullwidth=\"row\" class=\"kc-elm kc-css-359557 kc_row\"><div class=\"kc-row-container  kc-container\"><div class=\"kc-wrap-columns\"><div class=\"kc-elm kc-css-289698 kc_col-sm-12 kc_column kc_col-sm-12\"><div class=\"kc-col-container\"><\/div><\/div><\/div><\/div><\/section><section data-kc-fullwidth=\"row\" class=\"kc-elm kc-css-959636 kc_row\"><div class=\"kc-row-container  kc-container\"><div class=\"kc-wrap-columns\"><div class=\"kc-elm kc-css-234804 kc_col-sm-12 kc_column kc_col-sm-12\"><div class=\"kc-col-container\"><div class=\"kc-elm kc-css-323390\" style=\"height: 20px; clear: both; width:100%;\"><\/div><div class=\"kc-elm kc-css-776575 kc_text_block\"><h1 style=\"text-align: center;\">LA FORMA DE LOS HECHIZOS<\/h1>\n<p style=\"text-align: center;\">Los magos de naturaleza humana necesitan una serie de componentes as\u00ed como realizar los movimientos y gestos y exhortar las frases o letan\u00edas correspondientes para canalizar la magia y activar cada determinado hechizo.<br \/>\nLos hechizos presentan cinco \u201cformas\u201d distintas, que determinan la manera y el canal a trav\u00e9s del cual se producen los efectos.<br \/>\nTalismanes, Ung\u00fcentos, Pociones, Maleficios e Invocaciones. Cada hechizo tiene su propia forma y componentes.<\/p>\n<\/div><div class=\"kc-elm kc-css-944593\" style=\"height: 20px; clear: both; width:100%;\"><\/div><div class=\"kc-elm kc-css-461812 kc_row kc_row_inner\"><div class=\"kc-elm kc-css-223094 kc_col-of-5 kc_column_inner kc_col-of-5\"><div class=\"kc_wrapper kc-col-inner-container\"><div class=\"kc-elm kc-css-797663 kc_text_block justextblanc\"><h2 style=\"text-align: center;\">TALISMANES<\/h2>\n<p style=\"text-align: center;\">Artefacto creado a partir de los ingredientes y que debe activarse para que el hechizo surta efecto.<\/p>\n<p style=\"text-align: center;\">Su fabricaci\u00f3n, mediante la alquimia es muy laboriosa pero una vez acabados son muy longevos.<\/p>\n<\/div><\/div><\/div><div class=\"kc-elm kc-css-218376 kc_col-of-5 kc_column_inner kc_col-of-5\"><div class=\"kc_wrapper kc-col-inner-container\"><div class=\"kc-elm kc-css-88605 kc_text_block justextblanc\"><h2 style=\"text-align: center;\">UNG\u00dcENTOS<\/h2>\n<p style=\"text-align: center;\">Se trata de una pasta o b\u00e1lsamo creado a partir de los ingredientes que debe aplicarse en el lugar indicado en el hechizo.<\/p>\n<p style=\"text-align: center;\">Requieren una preparaci\u00f3n previa mediante alquimia y sus dosis se van gastando.<\/p>\n<\/div><\/div><\/div><div class=\"kc-elm kc-css-316611 kc_col-of-5 kc_column_inner kc_col-of-5\"><div class=\"kc_wrapper kc-col-inner-container\"><div class=\"kc-elm kc-css-984372 kc_text_block\"><h2 style=\"text-align: center;\">POCIONES<\/h2>\n<p style=\"text-align: center;\">Una p\u00f3cima fabricada con los\u00a0<span style=\"font-style: inherit;\">ingredientes del hechizo y que debe ingerirse para que surta\u00a0<\/span><span style=\"font-style: inherit;\">efecto.\u00a0<\/span><\/p>\n<p style=\"text-align: center;\"><span style=\"font-style: inherit;\">Requieren una preparaci\u00f3n previa mediante alquimia y sus dosis se van gastando.<\/span><\/p>\n<div><\/div>\n<\/div><\/div><\/div><div class=\"kc-elm kc-css-329934 kc_col-of-5 kc_column_inner kc_col-of-5\"><div class=\"kc_wrapper kc-col-inner-container\"><div class=\"kc-elm kc-css-164 kc_text_block\"><h2 style=\"text-align: center;\">MALEFICIOS<\/h2>\n<p style=\"text-align: center;\">Una acci\u00f3n, lectura o declamaci\u00f3n\u00a0<span style=\"font-style: inherit;\">que sirve como f\u00f3rmula m\u00e1gica para llevar a cabo el hechizo.\u00a0<\/span><span style=\"font-style: inherit;\">Probablemente sea la forma m\u00e1s f\u00e1cil de utilizar,\u00a0<\/span><span style=\"font-style: inherit;\">pero en ocasiones requiere una preparaci\u00f3n muy meticulosa\u00a0<\/span><span style=\"font-style: inherit;\">o particular.<\/span><\/p>\n<div><\/div>\n<\/div><\/div><\/div><div class=\"kc-elm kc-css-168382 kc_col-of-5 kc_column_inner kc_col-of-5\"><div class=\"kc_wrapper kc-col-inner-container\"><div class=\"kc-elm kc-css-484870 kc_text_block\"><h2 style=\"text-align: center;\">INVOCACIONES<\/h2>\n<p style=\"text-align: center;\">Se trata de una convocatoria\u00a0<span style=\"font-style: inherit;\">realizada con m\u00e9todos m\u00e1gicos para llamar a\u00a0<\/span><span style=\"font-style: inherit;\">nuestra presencia a alg\u00fan tipo de entidad, como \u00e1nimas,\u00a0<\/span><span style=\"font-style: inherit;\">demonios elementales, demonios mayores o incluso\u00a0<\/span><span style=\"font-style: inherit;\">al propio Lucifer.\u00a0<\/span><\/p>\n<div><\/div>\n<\/div><\/div><\/div><\/div><\/div><\/div><\/div><\/div><\/section><section id=\"franjaborde2\" data-kc-fullwidth=\"row\" class=\"kc-elm kc-css-676344 kc_row\"><div class=\"kc-row-container  kc-container\"><div class=\"kc-wrap-columns\"><div class=\"kc-elm kc-css-862893 kc_col-sm-12 kc_column kc_col-sm-12\"><div class=\"kc-col-container\"><\/div><\/div><\/div><\/div><\/section><section data-kc-fullwidth=\"row\" class=\"kc-elm kc-css-631906 kc_row\"><div class=\"kc-row-container  kc-container\"><div class=\"kc-wrap-columns\"><div class=\"kc-elm kc-css-87168 kc_col-sm-12 kc_column kc_col-sm-12\"><div class=\"kc-col-container\"><div class=\"kc-elm kc-css-233981\" style=\"height: 49px; clear: both; width:100%;\"><\/div>\n<div class=\"kc-elm kc-css-281398 kc-title-wrap \">\n\n\t<h1 class=\"kc_title\">Componentes M\u00e1gicos para la Creaci\u00f3n de Hechizos<\/h1>\n<\/div>\n<div class=\"kc-elm kc-css-904281\" style=\"height: 16px; clear: both; width:100%;\"><\/div><\/div><\/div><\/div><\/div><\/section><section class=\"kc-elm kc-css-69339 kc_row\"><div class=\"kc-row-container  kc-container\"><div class=\"kc-wrap-columns\"><div class=\"kc-elm kc-css-427658 kc_col-of-5 kc_column kc_col-of-5\"><div class=\"kc-col-container\"><div class=\"kc-elm kc-css-373727 kc_shortcode kc_single_image\">\n\n        <img decoding=\"async\" src=\"https:\/\/rolmasters.com\/wp-content\/uploads\/2018\/05\/ELEMENTS-MAGICS-PLANTES-AQUELARRE.png\" class=\"\" alt=\"\" \/>    <\/div>\n<div class=\"kc-elm kc-css-366645\" style=\"height: 20px; clear: both; width:100%;\"><\/div><div class=\"kc-elm kc-css-103984 kc-raw-code\"><div class=\"su-button-center\"><a href=\"http:\/\/rolmasters.com\/magia\/\" class=\"su-button su-button-style-default\" style=\"color:#FFFFFF;background-color:#fb5250;border-color:#c94240;border-radius:7px;-moz-border-radius:7px;-webkit-border-radius:7px\" target=\"_blank\"><span style=\"color:#FFFFFF;padding:0px 20px;font-size:16px;line-height:32px;border-color:#fc8685;border-radius:7px;-moz-border-radius:7px;-webkit-border-radius:7px;text-shadow:none;-moz-text-shadow:none;-webkit-text-shadow:none\"> VEGETALES<\/span><\/a><\/div><\/div><\/div><\/div><div class=\"kc-elm kc-css-674566 kc_col-of-5 kc_column kc_col-of-5\"><div class=\"kc-col-container\"><div class=\"kc-elm kc-css-227649 kc_shortcode kc_single_image\">\n\n        <img decoding=\"async\" src=\"https:\/\/rolmasters.com\/wp-content\/uploads\/2018\/05\/ELEMENTOS-MAGICOS-ANIMALES-AQUELARRE.png\" class=\"\" alt=\"\" \/>    <\/div>\n<div class=\"kc-elm kc-css-835093\" style=\"height: 20px; clear: both; width:100%;\"><\/div><div class=\"kc-elm kc-css-431072 kc-raw-code\"><div class=\"su-button-center\"><a href=\"http:\/\/rolmasters.com\/magia\/\" class=\"su-button su-button-style-default\" style=\"color:#FFFFFF;background-color:#fb5250;border-color:#c94240;border-radius:7px;-moz-border-radius:7px;-webkit-border-radius:7px\" target=\"_blank\"><span style=\"color:#FFFFFF;padding:0px 20px;font-size:16px;line-height:32px;border-color:#fc8685;border-radius:7px;-moz-border-radius:7px;-webkit-border-radius:7px;text-shadow:none;-moz-text-shadow:none;-webkit-text-shadow:none\"> ANIMALES<\/span><\/a><\/div><\/div><\/div><\/div><div class=\"kc-elm kc-css-394526 kc_col-of-5 kc_column kc_col-of-5\"><div class=\"kc-col-container\"><div class=\"kc-elm kc-css-238371 kc_shortcode kc_single_image\">\n\n        <img decoding=\"async\" src=\"https:\/\/rolmasters.com\/wp-content\/uploads\/2018\/05\/ELEMENTOS-MAGICOS-MINERALES-AQUELARRE.png\" class=\"\" alt=\"\" \/>    <\/div>\n<div class=\"kc-elm kc-css-29226\" style=\"height: 20px; clear: both; width:100%;\"><\/div><div class=\"kc-elm kc-css-152099 kc-raw-code\"><div class=\"su-button-center\"><a href=\"http:\/\/rolmasters.com\/magia\/\" class=\"su-button su-button-style-default\" style=\"color:#FFFFFF;background-color:#fb5250;border-color:#c94240;border-radius:7px;-moz-border-radius:7px;-webkit-border-radius:7px\" target=\"_blank\"><span style=\"color:#FFFFFF;padding:0px 20px;font-size:16px;line-height:32px;border-color:#fc8685;border-radius:7px;-moz-border-radius:7px;-webkit-border-radius:7px;text-shadow:none;-moz-text-shadow:none;-webkit-text-shadow:none\"> MINERALES<\/span><\/a><\/div><\/div><\/div><\/div><div class=\"kc-elm kc-css-205345 kc_col-of-5 kc_column kc_col-of-5\"><div class=\"kc-col-container\"><div class=\"kc-elm kc-css-499987 kc_shortcode kc_single_image\">\n\n        <img decoding=\"async\" src=\"https:\/\/rolmasters.com\/wp-content\/uploads\/2018\/05\/ELEMENTOS-MAGICOS-HUMANOS-AQUELARRE-2.png\" class=\"\" alt=\"\" \/>    <\/div>\n<div class=\"kc-elm kc-css-461542\" style=\"height: 20px; clear: both; width:100%;\"><\/div><div class=\"kc-elm kc-css-8354 kc-raw-code\"><div class=\"su-button-center\"><a href=\"http:\/\/rolmasters.com\/magia\/\" class=\"su-button su-button-style-default\" style=\"color:#FFFFFF;background-color:#fb5250;border-color:#c94240;border-radius:7px;-moz-border-radius:7px;-webkit-border-radius:7px\" target=\"_blank\"><span style=\"color:#FFFFFF;padding:0px 20px;font-size:16px;line-height:32px;border-color:#fc8685;border-radius:7px;-moz-border-radius:7px;-webkit-border-radius:7px;text-shadow:none;-moz-text-shadow:none;-webkit-text-shadow:none\"> HUMANOS<\/span><\/a><\/div><\/div><\/div><\/div><div class=\"kc-elm kc-css-96056 kc_col-of-5 kc_column kc_col-of-5\"><div class=\"kc-col-container\"><div class=\"kc-elm kc-css-967927 kc_shortcode kc_single_image\">\n\n        <img decoding=\"async\" src=\"https:\/\/rolmasters.com\/wp-content\/uploads\/2018\/05\/ELEMENTOS-MAGICOS-MISTICOS-AQUELARRE.png\" class=\"\" alt=\"\" \/>    <\/div>\n<div class=\"kc-elm kc-css-162179\" style=\"height: 20px; clear: both; width:100%;\"><\/div><div class=\"kc-elm kc-css-452437 kc-raw-code\"><div class=\"su-button-center\"><a href=\"http:\/\/rolmasters.com\/magia\/\" class=\"su-button su-button-style-default\" style=\"color:#FFFFFF;background-color:#fb5250;border-color:#c94240;border-radius:7px;-moz-border-radius:7px;-webkit-border-radius:7px\" target=\"_blank\"><span style=\"color:#FFFFFF;padding:0px 20px;font-size:16px;line-height:32px;border-color:#fc8685;border-radius:7px;-moz-border-radius:7px;-webkit-border-radius:7px;text-shadow:none;-moz-text-shadow:none;-webkit-text-shadow:none\"> IRRACIONALES<\/span><\/a><\/div><\/div><\/div><\/div><\/div><\/div><\/section><section class=\"kc-elm kc-css-648338 kc_row\"><div class=\"kc-row-container  kc-container\"><div class=\"kc-wrap-columns\"><div class=\"kc-elm kc-css-560690 kc_col-of-5 kc_column kc_col-of-5\"><div class=\"kc-col-container\"><div class=\"kc-elm kc-css-126178 kc_shortcode kc_single_image\">\n\n        <img decoding=\"async\" src=\"https:\/\/rolmasters.com\/wp-content\/uploads\/2018\/05\/ELEMENTS-MAGICS-PLANTES-AQUELARRE.png\" class=\"\" alt=\"\" \/>    <\/div>\n<div class=\"kc-elm kc-css-913542\" style=\"height: 20px; clear: both; width:100%;\"><\/div>\n<div class=\"kc-elm kc-css-789584 kc-title-wrap \">\n\n\t<h1 class=\"kc_title\">Vegetales<\/h1>\n<\/div>\n<\/div><\/div><div class=\"kc-elm kc-css-722276 kc_col-of-5 kc_column kc_col-of-5\"><div class=\"kc-col-container\"><div class=\"kc-elm kc-css-377083 kc_shortcode kc_single_image\">\n\n        <img decoding=\"async\" src=\"https:\/\/rolmasters.com\/wp-content\/uploads\/2018\/05\/ELEMENTOS-MAGICOS-ANIMALES-AQUELARRE.png\" class=\"\" alt=\"\" \/>    <\/div>\n<div class=\"kc-elm kc-css-400224\" style=\"height: 20px; clear: both; width:100%;\"><\/div>\n<div class=\"kc-elm kc-css-369898 kc-title-wrap \">\n\n\t<h1 class=\"kc_title\">Animales<\/h1>\n<\/div>\n<\/div><\/div><div class=\"kc-elm kc-css-546385 kc_col-of-5 kc_column kc_col-of-5\"><div class=\"kc-col-container\"><div class=\"kc-elm kc-css-780690 kc_shortcode kc_single_image\">\n\n        <img decoding=\"async\" src=\"https:\/\/rolmasters.com\/wp-content\/uploads\/2018\/05\/ELEMENTOS-MAGICOS-MINERALES-AQUELARRE.png\" class=\"\" alt=\"\" \/>    <\/div>\n<div class=\"kc-elm kc-css-881842\" style=\"height: 20px; clear: both; width:100%;\"><\/div>\n<div class=\"kc-elm kc-css-858847 kc-title-wrap \">\n\n\t<h1 class=\"kc_title\">Minerales<\/h1>\n<\/div>\n<\/div><\/div><div class=\"kc-elm kc-css-781252 kc_col-of-5 kc_column kc_col-of-5\"><div class=\"kc-col-container\"><div class=\"kc-elm kc-css-375080 kc_shortcode kc_single_image\">\n\n        <img decoding=\"async\" src=\"https:\/\/rolmasters.com\/wp-content\/uploads\/2018\/05\/ELEMENTOS-MAGICOS-HUMANOS-AQUELARRE-2.png\" class=\"\" alt=\"\" \/>    <\/div>\n<div class=\"kc-elm kc-css-906421\" style=\"height: 20px; clear: both; width:100%;\"><\/div>\n<div class=\"kc-elm kc-css-373262 kc-title-wrap \">\n\n\t<h1 class=\"kc_title\">Humanos<\/h1>\n<\/div>\n<\/div><\/div><div class=\"kc-elm kc-css-950622 kc_col-of-5 kc_column kc_col-of-5\"><div class=\"kc-col-container\"><div class=\"kc-elm kc-css-542024 kc_shortcode kc_single_image\">\n\n        <img decoding=\"async\" src=\"https:\/\/rolmasters.com\/wp-content\/uploads\/2018\/05\/ELEMENTOS-MAGICOS-MISTICOS-AQUELARRE.png\" class=\"\" alt=\"\" \/>    <\/div>\n<div class=\"kc-elm kc-css-947112\" style=\"height: 20px; clear: both; width:100%;\"><\/div>\n<div class=\"kc-elm kc-css-393018 kc-title-wrap \">\n\n\t<h1 class=\"kc_title\">Irracionales<\/h1>\n<\/div>\n<\/div><\/div><\/div><\/div><\/section>","protected":false},"excerpt":{"rendered":"<div class='heateor_sss_sharing_container heateor_sss_vertical_sharing heateor_sss_bottom_sharing' style='width:44px;right: -10px;top: 250px;-webkit-box-shadow:none;box-shadow:none;' heateor-sss-data-href='https:\/\/rolmasters.com\/es\/wp-json\/wp\/v2\/pages\/4997'><ul  class=\"heateor_sss_sharing_ul\"><li class=\"\"><i style=\"width:40px;height:40px;margin:0;\" alt=\"Facebook\" Title=\"Facebook\" class=\"heateorSssSharing heateorSssFacebookBackground\" onclick='heateorSssPopup(\"https:\/\/www.facebook.com\/sharer\/sharer.php?u=https%3A%2F%2Frolmasters.com%2Fes%2Fwp-json%2Fwp%2Fv2%2Fpages%2F4997\")'><ss style=\"display:block;\" class=\"heateorSssSharingSvg heateorSssFacebookSvg\"><\/ss><\/i><\/li><li class=\"\"><i style=\"width:40px;height:40px;margin:0;\" alt=\"Twitter\" Title=\"Twitter\" class=\"heateorSssSharing heateorSssTwitterBackground\" onclick='heateorSssPopup(\"http:\/\/twitter.com\/intent\/tweet?text=ROLMASTERS%20-%20Tira%201D100&url=https%3A%2F%2Frolmasters.com%2Fes%2Fwp-json%2Fwp%2Fv2%2Fpages%2F4997\")'><ss style=\"display:block;\" class=\"heateorSssSharingSvg heateorSssTwitterSvg\"><\/ss><\/i><\/li><li class=\"\"><i style=\"width:40px;height:40px;margin:0;\" alt=\"Whatsapp\" Title=\"Whatsapp\" class=\"heateorSssSharing heateorSssWhatsappBackground\"><a  href=\"whatsapp:\/\/send?text=ROLMASTERS%20-%20Tira%201D100 https%3A%2F%2Frolmasters.com%2Fes%2Fwp-json%2Fwp%2Fv2%2Fpages%2F4997\" rel=\"nofollow\"><ss style=\"display:block\" class=\"heateorSssSharingSvg heateorSssWhatsappSvg\"><\/ss><\/a><\/i><\/li><\/ul><div class=\"heateorSssClear\"><\/div><\/div>","protected":false},"author":1,"featured_media":4029,"parent":3931,"menu_order":0,"comment_status":"closed","ping_status":"closed","template":"full-width.php","meta":{"footnotes":""},"_links":{"self":[{"href":"https:\/\/rolmasters.com\/es\/wp-json\/wp\/v2\/pages\/4997"}],"collection":[{"href":"https:\/\/rolmasters.com\/es\/wp-json\/wp\/v2\/pages"}],"about":[{"href":"https:\/\/rolmasters.com\/es\/wp-json\/wp\/v2\/types\/page"}],"author":[{"embeddable":true,"href":"https:\/\/rolmasters.com\/es\/wp-json\/wp\/v2\/users\/1"}],"replies":[{"embeddable":true,"href":"https:\/\/rolmasters.com\/es\/wp-json\/wp\/v2\/comments?post=4997"}],"version-history":[{"count":87,"href":"https:\/\/rolmasters.com\/es\/wp-json\/wp\/v2\/pages\/4997\/revisions"}],"predecessor-version":[{"id":5940,"href":"https:\/\/rolmasters.com\/es\/wp-json\/wp\/v2\/pages\/4997\/revisions\/5940"}],"up":[{"embeddable":true,"href":"https:\/\/rolmasters.com\/es\/wp-json\/wp\/v2\/pages\/3931"}],"wp:featuredmedia":[{"embeddable":true,"href":"https:\/\/rolmasters.com\/es\/wp-json\/wp\/v2\/media\/4029"}],"wp:attachment":[{"href":"https:\/\/rolmasters.com\/es\/wp-json\/wp\/v2\/media?parent=4997"}],"curies":[{"name":"wp","href":"https:\/\/api.w.org\/{rel}","templated":true}]}}