{"id":4442,"date":"2018-07-17T16:38:53","date_gmt":"2018-07-17T16:38:53","guid":{"rendered":"http:\/\/rolmasters.com\/?page_id=4442"},"modified":"2025-08-02T07:01:27","modified_gmt":"2025-08-02T07:01:27","slug":"questionarres","status":"publish","type":"page","link":"https:\/\/rolmasters.com\/es\/questionarres\/","title":{"rendered":"QUESTIONARRES"},"content":{"rendered":"<section class=\"kc-elm kc-css-867641 kc_row\"><div class=\"kc-row-container  kc-container\"><div class=\"kc-wrap-columns\"><div class=\"kc-elm kc-css-849667 kc_col-sm-12 kc_column kc_col-sm-12\"><div class=\"kc-col-container\"><div class=\"kc-elm kc-css-991335 kc_row kc_row_inner\"><div class=\"kc-elm kc-css-836966 kc_col-sm-12 kc_column_inner kc_col-sm-12\"><div class=\"kc_wrapper kc-col-inner-container\"><div class=\"kc-elm kc-css-351555 kc_text_block\"><p>\nEn esta secci\u00f3n iremos publicando, la \u00faltima semana de cada mes, un nuevo questionarre. Se trata de un peque\u00f1o cuestionario, compuesto por 20 preguntas,\u00a0que tratar\u00e1n de responder los actuales creadores del juego, as\u00ed como los integrantes del blog de Aquelarre Rerum Demoni y otros colaboradores. Una oportunidad para indagar en las vivencias, experiencias y preferencias personales de cada uno de ellos sobre el juego.<\/p>\n<\/div><\/div><\/div><\/div><\/div><\/div><\/div><\/div><\/section><section class=\"kc-elm kc-css-452484 kc_row\"><div class=\"kc-row-container  kc-container\"><div class=\"kc-wrap-columns\"><div class=\"kc-elm kc-css-642844 kc_col-sm-12 kc_column kc_col-sm-12\"><div class=\"kc-col-container\"><div class=\"kc-elm kc-css-163014 kc_row kc_row_inner\"><div class=\"kc-elm kc-css-873728 kc_col-sm-4 kc_column_inner kc_col-sm-4\"><div class=\"kc_wrapper kc-col-inner-container\"><div class=\"kc-elm kc-css-835096 kc_shortcode kc_single_image\">\n\n        <a  href=\"http:\/\/rolmasters.com\/questionarre-ricard-ibanez\/\" title=\"\" target=\"_self\">\n        <img decoding=\"async\" src=\"https:\/\/rolmasters.com\/wp-content\/uploads\/2018\/07\/1-Questionarre-Ricard-Iba\u00f1ez-Rolmasters.jpg\" class=\"\" alt=\"\" \/><div class=\"kc-image-overlay\"><i class=\"sl-eye\"><\/i><\/div>    <\/a>\n    <\/div>\n<\/div><\/div><div class=\"kc-elm kc-css-433673 kc_col-sm-4 kc_column_inner kc_col-sm-4\"><div class=\"kc_wrapper kc-col-inner-container\"><div class=\"kc-elm kc-css-661039 kc_shortcode kc_single_image\">\n\n        <a  href=\"http:\/\/rolmasters.com\/questionarre-antonio-polo\/\" title=\"\" target=\"_self\">\n        <img decoding=\"async\" src=\"https:\/\/rolmasters.com\/wp-content\/uploads\/2018\/07\/2-Questionarre-Antonio-Polo-Rolmasters.jpg\" class=\"\" alt=\"\" \/><div class=\"kc-image-overlay\"><i class=\"sl-eye\"><\/i><\/div>    <\/a>\n    <\/div>\n<\/div><\/div><div class=\"kc-elm kc-css-86646 kc_col-sm-4 kc_column_inner kc_col-sm-4\"><div class=\"kc_wrapper kc-col-inner-container\"><div class=\"kc-elm kc-css-699364 kc_shortcode kc_single_image\">\n\n        <a  href=\"http:\/\/rolmasters.com\/questionarre-luis-gil\/\" title=\"\" target=\"_self\">\n        <img decoding=\"async\" src=\"https:\/\/rolmasters.com\/wp-content\/uploads\/2018\/07\/3-Questionarre-Luis-Gil-Rolmasters.jpg\" class=\"\" alt=\"\" \/><div class=\"kc-image-overlay\"><i class=\"sl-eye\"><\/i><\/div>    <\/a>\n    <\/div>\n<\/div><\/div><\/div><div class=\"kc-elm kc-css-144616 kc_row kc_row_inner\"><div class=\"kc-elm kc-css-769657 kc_col-sm-4 kc_column_inner kc_col-sm-4\"><div class=\"kc_wrapper kc-col-inner-container\"><div class=\"kc-elm kc-css-49829 kc_shortcode kc_single_image\">\n\n        <a  href=\"http:\/\/rolmasters.com\/questionarre-manel-gomez-estruch\/\" title=\"\" target=\"_self\">\n        <img decoding=\"async\" src=\"https:\/\/rolmasters.com\/wp-content\/uploads\/2018\/07\/4-Questionarre-Manel-Gomez-Estruch-Rolmasters.jpg\" class=\"\" alt=\"\" \/><div class=\"kc-image-overlay\"><i class=\"sl-eye\"><\/i><\/div>    <\/a>\n    <\/div>\n<\/div><\/div><div class=\"kc-elm kc-css-577709 kc_col-sm-4 kc_column_inner kc_col-sm-4\"><div class=\"kc_wrapper kc-col-inner-container\"><div class=\"kc-elm kc-css-330415 kc_shortcode kc_single_image\">\n\n        <a  href=\"http:\/\/rolmasters.com\/questionarre-iago-urruela\/\" title=\"\" target=\"_self\">\n        <img decoding=\"async\" src=\"https:\/\/rolmasters.com\/wp-content\/uploads\/2018\/07\/5-Questionarre-Iago-Urruela-Rolmasters.jpg\" class=\"\" alt=\"\" \/><div class=\"kc-image-overlay\"><i class=\"sl-eye\"><\/i><\/div>    <\/a>\n    <\/div>\n<\/div><\/div><div class=\"kc-elm kc-css-860718 kc_col-sm-4 kc_column_inner kc_col-sm-4\"><div class=\"kc_wrapper kc-col-inner-container\"><div class=\"kc-elm kc-css-323496 kc_shortcode kc_single_image\">\n\n        <a  href=\"http:\/\/rolmasters.com\/questionarre-rodrigo-fernandez\/\" title=\"\" target=\"_self\">\n        <img decoding=\"async\" src=\"https:\/\/rolmasters.com\/wp-content\/uploads\/2018\/07\/6-Questionarre-Rodrigo-Fernandez-Rolmasters.jpg\" class=\"\" alt=\"\" \/><div class=\"kc-image-overlay\"><i class=\"sl-eye\"><\/i><\/div>    <\/a>\n    <\/div>\n<\/div><\/div><\/div><div class=\"kc-elm kc-css-542868 kc_row kc_row_inner\"><div class=\"kc-elm kc-css-172220 kc_col-sm-4 kc_column_inner kc_col-sm-4\"><div class=\"kc_wrapper kc-col-inner-container\"><div class=\"kc-elm kc-css-350715 kc_shortcode kc_single_image\">\n\n        <a  href=\"http:\/\/rolmasters.com\/questionarre-jr-despuig\/\" title=\"\" target=\"_self\">\n        <img decoding=\"async\" src=\"https:\/\/rolmasters.com\/wp-content\/uploads\/2018\/07\/7-Questionarre-JR-Despuig-Rolmasters.jpg\" class=\"\" alt=\"\" \/><div class=\"kc-image-overlay\"><i class=\"sl-eye\"><\/i><\/div>    <\/a>\n    <\/div>\n<\/div><\/div><div class=\"kc-elm kc-css-636390 kc_col-sm-4 kc_column_inner kc_col-sm-4\"><div class=\"kc_wrapper kc-col-inner-container\"><div class=\"kc-elm kc-css-73979 kc_shortcode kc_single_image\">\n\n        <a  href=\"http:\/\/rolmasters.com\/questionarre-juan-pablo-fernandez-del-rio\" title=\"\" target=\"_self\">\n        <img decoding=\"async\" src=\"https:\/\/rolmasters.com\/wp-content\/uploads\/2018\/07\/8-Questionarre-Juan-Pablo-fernandez-del-Rio-Rolmasters.jpg\" class=\"\" alt=\"\" \/><div class=\"kc-image-overlay\"><i class=\"sl-eye\"><\/i><\/div>    <\/a>\n    <\/div>\n<\/div><\/div><div class=\"kc-elm kc-css-473632 kc_col-sm-4 kc_column_inner kc_col-sm-4\"><div class=\"kc_wrapper kc-col-inner-container\"><div class=\"kc-elm kc-css-334020 kc_shortcode kc_single_image\">\n\n        <a  href=\"http:\/\/rolmasters.com\/questionarre-albert-tarres-figueras\" title=\"\" target=\"_self\">\n        <img decoding=\"async\" src=\"https:\/\/rolmasters.com\/wp-content\/uploads\/2018\/07\/9-Questionarre-Albert-Tarres-i-Figueras-Rolmasters.jpg\" class=\"\" alt=\"\" \/><div class=\"kc-image-overlay\"><i class=\"sl-eye\"><\/i><\/div>    <\/a>\n    <\/div>\n<\/div><\/div><\/div><div class=\"kc-elm kc-css-964155 kc_row kc_row_inner\"><div class=\"kc-elm kc-css-132423 kc_col-sm-4 kc_column_inner kc_col-sm-4\"><div class=\"kc_wrapper kc-col-inner-container\"><div class=\"kc-elm kc-css-274610 kc_shortcode kc_single_image\">\n\n        <a  href=\"http:\/\/rolmasters.com\/miguel-angel-ruiz\/\" title=\"\" target=\"_self\">\n        <img decoding=\"async\" src=\"https:\/\/rolmasters.com\/wp-content\/uploads\/2019\/07\/10-Questionarre-Miguel-Angel-Ruiz-Rolmasters.jpg\" class=\"\" alt=\"\" \/><div class=\"kc-image-overlay\"><i class=\"sl-eye\"><\/i><\/div>    <\/a>\n    <\/div>\n<\/div><\/div><div class=\"kc-elm kc-css-550097 kc_col-sm-4 kc_column_inner kc_col-sm-4\"><div class=\"kc_wrapper kc-col-inner-container\"><div class=\"kc-elm kc-css-108509 kc_shortcode kc_single_image\">\n\n        <a  href=\"http:\/\/rolmasters.com\/questionarre-pedro-nieto-garcia\/\" title=\"\" target=\"_self\">\n        <img decoding=\"async\" src=\"https:\/\/rolmasters.com\/wp-content\/uploads\/2019\/08\/11-Questionarre-Pedro-Nieto-Garcia-Rolmasters.jpg\" class=\"\" alt=\"\" \/><div class=\"kc-image-overlay\"><i class=\"sl-eye\"><\/i><\/div>    <\/a>\n    <\/div>\n<\/div><\/div><div class=\"kc-elm kc-css-835566 kc_col-sm-4 kc_column_inner kc_col-sm-4\"><div class=\"kc_wrapper kc-col-inner-container\"><div class=\"kc-elm kc-css-194670 kc_shortcode kc_single_image\">\n\n        <a  href=\"http:\/\/rolmasters.com\/questionarre-perso-rol\/\" title=\"\" target=\"_self\">\n        <img decoding=\"async\" src=\"https:\/\/rolmasters.com\/wp-content\/uploads\/2019\/01\/12-Questionarre-Perso-rol-Orthanc-Rolmasters.jpg\" class=\"\" alt=\"\" \/><div class=\"kc-image-overlay\"><i class=\"sl-eye\"><\/i><\/div>    <\/a>\n    <\/div>\n<\/div><\/div><\/div><div class=\"kc-elm kc-css-535674 kc_row kc_row_inner\"><div class=\"kc-elm kc-css-219527 kc_col-sm-4 kc_column_inner kc_col-sm-4\"><div class=\"kc_wrapper kc-col-inner-container\"><div class=\"kc-elm kc-css-963189 kc_shortcode kc_single_image\">\n\n        <a  href=\"http:\/\/rolmasters.com\/questionarre-c-v-jackson\/\" title=\"\" target=\"_self\">\n        <img decoding=\"async\" src=\"https:\/\/rolmasters.com\/wp-content\/uploads\/2018\/07\/13-Questionarre-C-V-Jackson-Rolmasters.jpg\" class=\"\" alt=\"\" \/><div class=\"kc-image-overlay\"><i class=\"sl-eye\"><\/i><\/div>    <\/a>\n    <\/div>\n<\/div><\/div><div class=\"kc-elm kc-css-456245 kc_col-sm-4 kc_column_inner kc_col-sm-4\"><div class=\"kc_wrapper kc-col-inner-container\"><div class=\"kc-elm kc-css-631642 kc_shortcode kc_single_image\">\n\n        <a  href=\"http:\/\/rolmasters.com\/questionarre-abel-pena-gonzalez\/\" title=\"\" target=\"_self\">\n        <img decoding=\"async\" src=\"https:\/\/rolmasters.com\/wp-content\/uploads\/2018\/07\/14-Questionarre-Abel-Pe\u00f1a-Gonzalez-Rolmasters.jpg\" class=\"\" alt=\"\" \/><div class=\"kc-image-overlay\"><i class=\"sl-eye\"><\/i><\/div>    <\/a>\n    <\/div>\n<\/div><\/div><div class=\"kc-elm kc-css-540484 kc_col-sm-4 kc_column_inner kc_col-sm-4\"><div class=\"kc_wrapper kc-col-inner-container\"><div class=\"kc-elm kc-css-819933 kc_shortcode kc_single_image\">\n\n        <a  href=\"http:\/\/rolmasters.com\/questionarre-thorskar\/\" title=\"\" target=\"_self\">\n        <img decoding=\"async\" src=\"https:\/\/rolmasters.com\/wp-content\/uploads\/2018\/07\/15-Questionarre-Thorskar-Rolmasters.jpg\" class=\"\" alt=\"\" \/><div class=\"kc-image-overlay\"><i class=\"sl-eye\"><\/i><\/div>    <\/a>\n    <\/div>\n<\/div><\/div><\/div><div class=\"kc-elm kc-css-364317 kc_row kc_row_inner\"><div class=\"kc-elm kc-css-70499 kc_col-sm-4 kc_column_inner kc_col-sm-4\"><div class=\"kc_wrapper kc-col-inner-container\"><div class=\"kc-elm kc-css-762681 kc_shortcode kc_single_image\">\n\n        <a  href=\"http:\/\/rolmasters.com\/questionarre-claudi-paz\/\" title=\"\" target=\"_self\">\n        <img decoding=\"async\" src=\"https:\/\/rolmasters.com\/wp-content\/uploads\/2020\/01\/16-Questionarre-Claudi-Paz-Rolmasters.jpg\" class=\"\" alt=\"\" \/><div class=\"kc-image-overlay\"><i class=\"sl-eye\"><\/i><\/div>    <\/a>\n    <\/div>\n<\/div><\/div><div class=\"kc-elm kc-css-650844 kc_col-sm-4 kc_column_inner kc_col-sm-4\"><div class=\"kc_wrapper kc-col-inner-container\"><div class=\"kc-elm kc-css-914075 kc_shortcode kc_single_image\">\n\n        <a  href=\"http:\/\/rolmasters.com\/questionarre-ivan-abad\/\" title=\"\" target=\"_self\">\n        <img decoding=\"async\" src=\"https:\/\/rolmasters.com\/wp-content\/uploads\/2020\/02\/17-Questionarre-Ivan-Abad-Rolmasters.jpg\" class=\"\" alt=\"\" \/><div class=\"kc-image-overlay\"><i class=\"sl-eye\"><\/i><\/div>    <\/a>\n    <\/div>\n<\/div><\/div><div class=\"kc-elm kc-css-908534 kc_col-sm-4 kc_column_inner kc_col-sm-4\"><div class=\"kc_wrapper kc-col-inner-container\"><div class=\"kc-elm kc-css-789934 kc_shortcode kc_single_image\">\n\n        <a  href=\"http:\/\/rolmasters.com\/questionarre-raul-olivares\/\" title=\"\" target=\"_self\">\n        <img decoding=\"async\" src=\"https:\/\/rolmasters.com\/wp-content\/uploads\/2018\/07\/18-Questionarre-Raul-Olivares-Rolmasters.jpg\" class=\"\" alt=\"\" \/><div class=\"kc-image-overlay\"><i class=\"sl-eye\"><\/i><\/div>    <\/a>\n    <\/div>\n<\/div><\/div><\/div><div class=\"kc-elm kc-css-123910 kc_row kc_row_inner\"><div class=\"kc-elm kc-css-842849 kc_col-sm-4 kc_column_inner kc_col-sm-4\"><div class=\"kc_wrapper kc-col-inner-container\"><div class=\"kc-elm kc-css-865611 kc_shortcode kc_single_image\">\n\n        <a  href=\"http:\/\/rolmasters.com\/questionarre-tito-mochilo-roberto-temino-berezo\/\" title=\"\" target=\"_self\">\n        <img decoding=\"async\" src=\"https:\/\/rolmasters.com\/wp-content\/uploads\/2020\/05\/19-Questionarre-Roberto-Tito-Mochilo.jpg\" class=\"\" alt=\"\" \/><div class=\"kc-image-overlay\"><i class=\"sl-eye\"><\/i><\/div>    <\/a>\n    <\/div>\n<\/div><\/div><div class=\"kc-elm kc-css-49584 kc_col-sm-4 kc_column_inner kc_col-sm-4\"><div class=\"kc_wrapper kc-col-inner-container\"><div class=\"kc-elm kc-css-279601 kc_shortcode kc_single_image\">\n\n        <a  href=\"http:\/\/rolmasters.com\/questionarre-alejandro-calvo\/\" title=\"\" target=\"_self\">\n        <img decoding=\"async\" src=\"https:\/\/rolmasters.com\/wp-content\/uploads\/2018\/07\/20-Questionarre-Alejandro-Calvo.jpg\" class=\"\" alt=\"\" \/><div class=\"kc-image-overlay\"><i class=\"sl-eye\"><\/i><\/div>    <\/a>\n    <\/div>\n<\/div><\/div><div class=\"kc-elm kc-css-717894 kc_col-sm-4 kc_column_inner kc_col-sm-4\"><div class=\"kc_wrapper kc-col-inner-container\"><div class=\"kc-elm kc-css-397990 kc_shortcode kc_single_image\">\n\n        <a  href=\"http:\/\/rolmasters.com\/questionarre-jose-maria-tenias\/\" title=\"\" target=\"_self\">\n        <img decoding=\"async\" src=\"https:\/\/rolmasters.com\/wp-content\/uploads\/2020\/12\/21-Questionarre-Jose-Maria-Tenias.jpg\" class=\"\" alt=\"\" \/><div class=\"kc-image-overlay\"><i class=\"sl-eye\"><\/i><\/div>    <\/a>\n    <\/div>\n<\/div><\/div><\/div><div class=\"kc-elm kc-css-48404 kc_row kc_row_inner\"><div class=\"kc-elm kc-css-620533 kc_col-sm-4 kc_column_inner kc_col-sm-4\"><div class=\"kc_wrapper kc-col-inner-container\"><div class=\"kc-elm kc-css-836291 kc_shortcode kc_single_image\">\n\n        <a  href=\"http:\/\/rolmasters.com\/questionarre-adrian-cobos\/\" title=\"\" target=\"_self\">\n        <img decoding=\"async\" src=\"https:\/\/rolmasters.com\/wp-content\/uploads\/2021\/01\/22-Questionarre-Adrian-Cobos-2.jpg\" class=\"\" alt=\"\" \/><div class=\"kc-image-overlay\"><i class=\"sl-eye\"><\/i><\/div>    <\/a>\n    <\/div>\n<\/div><\/div><div class=\"kc-elm kc-css-949055 kc_col-sm-4 kc_column_inner kc_col-sm-4\"><div class=\"kc_wrapper kc-col-inner-container\"><div class=\"kc-elm kc-css-743874 kc_shortcode kc_single_image\">\n\n        <a  href=\"http:\/\/rolmasters.com\/questionarre-juan-antonio-milena\/\" title=\"\" target=\"_self\">\n        <img decoding=\"async\" src=\"https:\/\/rolmasters.com\/wp-content\/uploads\/2021\/09\/23-Questionarre-Juan-Antonio-Milena.jpg\" class=\"\" alt=\"\" \/><div class=\"kc-image-overlay\"><i class=\"sl-eye\"><\/i><\/div>    <\/a>\n    <\/div>\n<\/div><\/div><div class=\"kc-elm kc-css-925793 kc_col-sm-4 kc_column_inner kc_col-sm-4\"><div class=\"kc_wrapper kc-col-inner-container\"><div class=\"kc-elm kc-css-94941 kc_shortcode kc_single_image\">\n\n        <a  href=\"http:\/\/rolmasters.com\/questionarre-domingo-cuenca-osuna\/\" title=\"\" target=\"_self\">\n        <img decoding=\"async\" src=\"https:\/\/rolmasters.com\/wp-content\/uploads\/2021\/10\/24-Questionarre-Domingo-Cuenca-Osuna.jpg\" class=\"\" alt=\"\" \/><div class=\"kc-image-overlay\"><i class=\"sl-eye\"><\/i><\/div>    <\/a>\n    <\/div>\n<\/div><\/div><\/div><div class=\"kc-elm kc-css-300231 kc_row kc_row_inner\"><div class=\"kc-elm kc-css-910286 kc_col-sm-4 kc_column_inner kc_col-sm-4\"><div class=\"kc_wrapper kc-col-inner-container\"><div class=\"kc-elm kc-css-156781 kc_shortcode kc_single_image\">\n\n        <a  href=\"http:\/\/rolmasters.com\/questionarre-tanys\" title=\"\" target=\"_self\">\n        <img decoding=\"async\" src=\"https:\/\/rolmasters.com\/wp-content\/uploads\/2022\/04\/25-Questionarre-Tanys.jpg\" class=\"\" alt=\"\" \/><div class=\"kc-image-overlay\"><i class=\"sl-eye\"><\/i><\/div>    <\/a>\n    <\/div>\n<\/div><\/div><div class=\"kc-elm kc-css-829754 kc_col-sm-4 kc_column_inner kc_col-sm-4\"><div class=\"kc_wrapper kc-col-inner-container\"><div class=\"kc-elm kc-css-19283 kc_shortcode kc_single_image\">\n\n        <a  href=\"http:\/\/rolmasters.com\/questionarre-rafael-nunez\/\" title=\"\" target=\"_self\">\n        <img decoding=\"async\" src=\"https:\/\/rolmasters.com\/wp-content\/uploads\/2022\/05\/26-Questionarre-Rafael-Nu\u00f1ez.jpg\" class=\"\" alt=\"\" \/><div class=\"kc-image-overlay\"><i class=\"sl-eye\"><\/i><\/div>    <\/a>\n    <\/div>\n<\/div><\/div><div class=\"kc-elm kc-css-942242 kc_col-sm-4 kc_column_inner kc_col-sm-4\"><div class=\"kc_wrapper kc-col-inner-container\"><div class=\"kc-elm kc-css-374983 kc_shortcode kc_single_image\">\n\n        <a  href=\"http:\/\/rolmasters.com\/questionarre-isaac-gaston\/\" title=\"\" target=\"_self\">\n        <img decoding=\"async\" src=\"https:\/\/rolmasters.com\/wp-content\/uploads\/2022\/11\/27-Questionarre-Isaac-Gaston.jpg\" class=\"\" alt=\"\" \/><div class=\"kc-image-overlay\"><i class=\"sl-eye\"><\/i><\/div>    <\/a>\n    <\/div>\n<\/div><\/div><\/div><div class=\"kc-elm kc-css-119857 kc_row kc_row_inner\"><div class=\"kc-elm kc-css-986992 kc_col-sm-4 kc_column_inner kc_col-sm-4\"><div class=\"kc_wrapper kc-col-inner-container\"><div class=\"kc-elm kc-css-716762 kc_shortcode kc_single_image\">\n\n        <a  href=\"http:\/\/rolmasters.com\/questionarre-manu-sanchez\/\" title=\"\" target=\"_self\">\n        <img decoding=\"async\" src=\"https:\/\/rolmasters.com\/wp-content\/uploads\/2022\/11\/28-Questionarre-Manu-Sanchez.jpg\" class=\"\" alt=\"\" \/><div class=\"kc-image-overlay\"><i class=\"sl-eye\"><\/i><\/div>    <\/a>\n    <\/div>\n<\/div><\/div><div class=\"kc-elm kc-css-731829 kc_col-sm-4 kc_column_inner kc_col-sm-4\"><div class=\"kc_wrapper kc-col-inner-container\"><div class=\"kc-elm kc-css-537633 kc_shortcode kc_single_image\">\n\n        <a  href=\"http:\/\/rolmasters.com\/questionarre-adriano-justicia\/\" title=\"\" target=\"_self\">\n        <img decoding=\"async\" src=\"https:\/\/rolmasters.com\/wp-content\/uploads\/2018\/07\/29-Questionarre-Adriano-Justicia.jpg\" class=\"\" alt=\"\" \/><div class=\"kc-image-overlay\"><i class=\"sl-eye\"><\/i><\/div>    <\/a>\n    <\/div>\n<\/div><\/div><div class=\"kc-elm kc-css-353414 kc_col-sm-4 kc_column_inner kc_col-sm-4\"><div class=\"kc_wrapper kc-col-inner-container\"><div class=\"kc-elm kc-css-955604 kc_shortcode kc_single_image\">\n\n        <a  href=\"http:\/\/rolmasters.com\/questionarre-alejandro-eviscerador\/\" title=\"\" target=\"_self\">\n        <img decoding=\"async\" src=\"https:\/\/rolmasters.com\/wp-content\/uploads\/2023\/02\/30-Questionarre-Alejandro-Eviscerador.jpg\" class=\"\" alt=\"\" \/><div class=\"kc-image-overlay\"><i class=\"sl-eye\"><\/i><\/div>    <\/a>\n    <\/div>\n<\/div><\/div><\/div><div class=\"kc-elm kc-css-991412 kc_row kc_row_inner\"><div class=\"kc-elm kc-css-650902 kc_col-sm-4 kc_column_inner kc_col-sm-4\"><div class=\"kc_wrapper kc-col-inner-container\"><div class=\"kc-elm kc-css-598951 kc_shortcode kc_single_image\">\n\n        <a  href=\"http:\/\/rolmasters.com\/questionarre-angel-martin-nyarlangelthotep\/\" title=\"\" target=\"_self\">\n        <img decoding=\"async\" src=\"https:\/\/rolmasters.com\/wp-content\/uploads\/2023\/05\/31-Questionarre-Angel-Martin-Nyarlangelthotep.jpg\" class=\"\" alt=\"\" \/><div class=\"kc-image-overlay\"><i class=\"sl-eye\"><\/i><\/div>    <\/a>\n    <\/div>\n<\/div><\/div><div class=\"kc-elm kc-css-756315 kc_col-sm-4 kc_column_inner kc_col-sm-4\"><div class=\"kc_wrapper kc-col-inner-container\"><div class=\"kc-elm kc-css-807873 kc_shortcode kc_single_image\">\n\n        <a  href=\"http:\/\/rolmasters.com\/questionarre-mer-flores\/\" title=\"\" target=\"_self\">\n        <img decoding=\"async\" src=\"https:\/\/rolmasters.com\/wp-content\/uploads\/2023\/07\/32-Questionarre-Mer-Flores.jpg\" class=\"\" alt=\"\" \/><div class=\"kc-image-overlay\"><i class=\"sl-eye\"><\/i><\/div>    <\/a>\n    <\/div>\n<\/div><\/div><div class=\"kc-elm kc-css-86384 kc_col-sm-4 kc_column_inner kc_col-sm-4\"><div class=\"kc_wrapper kc-col-inner-container\"><div class=\"kc-elm kc-css-988941 kc_shortcode kc_single_image\">\n\n        <a  href=\"http:\/\/rolmasters.com\/questionarre-joan-carles-cruz\/\" title=\"\" target=\"_self\">\n        <img decoding=\"async\" src=\"https:\/\/rolmasters.com\/wp-content\/uploads\/2023\/07\/33-Questionarre-Joan-Carles-Cruz-Colmeneros.jpg\" class=\"\" alt=\"\" \/><div class=\"kc-image-overlay\"><i class=\"sl-eye\"><\/i><\/div>    <\/a>\n    <\/div>\n<\/div><\/div><\/div><div class=\"kc-elm kc-css-100344 kc_row kc_row_inner\"><div class=\"kc-elm kc-css-852560 kc_col-sm-4 kc_column_inner kc_col-sm-4\"><div class=\"kc_wrapper kc-col-inner-container\"><div class=\"kc-elm kc-css-615628 kc_shortcode kc_single_image\">\n\n        <a  href=\"http:\/\/rolmasters.com\/questionarre-pablo-claudio-ganter\/\" title=\"\" target=\"_self\">\n        <img decoding=\"async\" src=\"https:\/\/rolmasters.com\/wp-content\/uploads\/2018\/07\/34-Questionarre-Pablo-Claudio-Ganter.jpg\" class=\"\" alt=\"\" \/><div class=\"kc-image-overlay\"><i class=\"sl-eye\"><\/i><\/div>    <\/a>\n    <\/div>\n<\/div><\/div><div class=\"kc-elm kc-css-202207 kc_col-sm-4 kc_column_inner kc_col-sm-4\"><div class=\"kc_wrapper kc-col-inner-container\"><div class=\"kc-elm kc-css-72719 kc_shortcode kc_single_image\">\n\n        <a  href=\"https:\/\/rolmasters.com\/questionarre-jose-lomo\/\" title=\"Questionarre: Jos\u00e9 Lomo\" target=\"_self\">\n        <img decoding=\"async\" src=\"https:\/\/rolmasters.com\/wp-content\/uploads\/2024\/04\/35-Questionarre-Jose-Lomo.jpg\" class=\"\" alt=\"\" \/><div class=\"kc-image-overlay\"><i class=\"sl-eye\"><\/i><\/div>    <\/a>\n    <\/div>\n<\/div><\/div><div class=\"kc-elm kc-css-833169 kc_col-sm-4 kc_column_inner kc_col-sm-4\"><div class=\"kc_wrapper kc-col-inner-container\"><div class=\"kc-elm kc-css-457907 kc_shortcode kc_single_image\">\n\n        <a  href=\"https:\/\/rolmasters.com\/questionarre-maore-velaz\/\" title=\"Questionarre: Maore V\u00e9laz\" target=\"_self\">\n        <img decoding=\"async\" src=\"https:\/\/rolmasters.com\/wp-content\/uploads\/2025\/01\/36-Questionarre-Maore-velaz.jpg\" class=\"\" alt=\"\" \/><div class=\"kc-image-overlay\"><i class=\"sl-eye\"><\/i><\/div>    <\/a>\n    <\/div>\n<\/div><\/div><\/div><div class=\"kc-elm kc-css-194457 kc_row kc_row_inner\"><div class=\"kc-elm kc-css-373715 kc_col-sm-4 kc_column_inner kc_col-sm-4\"><div class=\"kc_wrapper kc-col-inner-container\"><div class=\"kc-elm kc-css-418650 kc_shortcode kc_single_image\">\n\n        <a  href=\"https:\/\/rolmasters.com\/questionarre-david-fluhr\/\" title=\"Questionarre: David Fluhr Arnau\" target=\"_self\">\n        <img decoding=\"async\" src=\"https:\/\/rolmasters.com\/wp-content\/uploads\/2025\/03\/37-Questionarre-David-Fluhr-Arnau.jpg\" class=\"\" alt=\"\" \/><div class=\"kc-image-overlay\"><i class=\"sl-eye\"><\/i><\/div>    <\/a>\n    <\/div>\n<\/div><\/div><div class=\"kc-elm kc-css-576269 kc_col-sm-4 kc_column_inner kc_col-sm-4\"><div class=\"kc_wrapper kc-col-inner-container\"><div class=\"kc-elm kc-css-278100 kc_shortcode kc_single_image\">\n\n        <a  href=\"https:\/\/rolmasters.com\/questionarre-ignacio-melo\/\" title=\"Questionarre: Ignacio Melo\" target=\"_self\">\n        <img decoding=\"async\" src=\"https:\/\/rolmasters.com\/wp-content\/uploads\/2025\/07\/38-Questionarre-Ignacio-Melo.jpg\" class=\"\" alt=\"\" \/><div class=\"kc-image-overlay\"><i class=\"sl-eye\"><\/i><\/div>    <\/a>\n    <\/div>\n<\/div><\/div><div class=\"kc-elm kc-css-197924 kc_col-sm-4 kc_column_inner kc_col-sm-4\"><div class=\"kc_wrapper kc-col-inner-container\"><\/div><\/div><\/div><\/div><\/div><\/div><\/div><\/section><section class=\"kc-elm kc-css-934845 kc_row\"><div class=\"kc-row-container  kc-container\"><div class=\"kc-wrap-columns\"><div class=\"kc-elm kc-css-101134 kc_col-sm-12 kc_column kc_col-sm-12\"><div class=\"kc-col-container\"><\/div><\/div><\/div><\/div><\/section><section class=\"kc-elm kc-css-109750 kc_row\"><div class=\"kc-row-container  kc-container\"><div class=\"kc-wrap-columns\"><div class=\"kc-elm kc-css-264537 kc_col-sm-12 kc_column kc_col-sm-12\"><div class=\"kc-col-container\"><\/div><\/div><\/div><\/div><\/section>","protected":false},"excerpt":{"rendered":"<div class='heateor_sss_sharing_container heateor_sss_vertical_sharing heateor_sss_bottom_sharing' style='width:44px;right: -10px;top: 250px;-webkit-box-shadow:none;box-shadow:none;' heateor-sss-data-href='https:\/\/rolmasters.com\/es\/wp-json\/wp\/v2\/pages\/4442'><ul  class=\"heateor_sss_sharing_ul\"><li class=\"\"><i style=\"width:40px;height:40px;margin:0;\" alt=\"Facebook\" Title=\"Facebook\" class=\"heateorSssSharing heateorSssFacebookBackground\" onclick='heateorSssPopup(\"https:\/\/www.facebook.com\/sharer\/sharer.php?u=https%3A%2F%2Frolmasters.com%2Fes%2Fwp-json%2Fwp%2Fv2%2Fpages%2F4442\")'><ss style=\"display:block;\" class=\"heateorSssSharingSvg heateorSssFacebookSvg\"><\/ss><\/i><\/li><li class=\"\"><i style=\"width:40px;height:40px;margin:0;\" alt=\"Twitter\" Title=\"Twitter\" class=\"heateorSssSharing heateorSssTwitterBackground\" onclick='heateorSssPopup(\"http:\/\/twitter.com\/intent\/tweet?text=ROLMASTERS%20-%20Tira%201D100&url=https%3A%2F%2Frolmasters.com%2Fes%2Fwp-json%2Fwp%2Fv2%2Fpages%2F4442\")'><ss style=\"display:block;\" class=\"heateorSssSharingSvg heateorSssTwitterSvg\"><\/ss><\/i><\/li><li class=\"\"><i style=\"width:40px;height:40px;margin:0;\" alt=\"Whatsapp\" Title=\"Whatsapp\" class=\"heateorSssSharing heateorSssWhatsappBackground\"><a  href=\"whatsapp:\/\/send?text=ROLMASTERS%20-%20Tira%201D100 https%3A%2F%2Frolmasters.com%2Fes%2Fwp-json%2Fwp%2Fv2%2Fpages%2F4442\" rel=\"nofollow\"><ss style=\"display:block\" class=\"heateorSssSharingSvg heateorSssWhatsappSvg\"><\/ss><\/a><\/i><\/li><\/ul><div class=\"heateorSssClear\"><\/div><\/div>","protected":false},"author":1,"featured_media":0,"parent":0,"menu_order":0,"comment_status":"closed","ping_status":"closed","template":"full-width.php","meta":{"footnotes":""},"_links":{"self":[{"href":"https:\/\/rolmasters.com\/es\/wp-json\/wp\/v2\/pages\/4442"}],"collection":[{"href":"https:\/\/rolmasters.com\/es\/wp-json\/wp\/v2\/pages"}],"about":[{"href":"https:\/\/rolmasters.com\/es\/wp-json\/wp\/v2\/types\/page"}],"author":[{"embeddable":true,"href":"https:\/\/rolmasters.com\/es\/wp-json\/wp\/v2\/users\/1"}],"replies":[{"embeddable":true,"href":"https:\/\/rolmasters.com\/es\/wp-json\/wp\/v2\/comments?post=4442"}],"version-history":[{"count":119,"href":"https:\/\/rolmasters.com\/es\/wp-json\/wp\/v2\/pages\/4442\/revisions"}],"predecessor-version":[{"id":8757,"href":"https:\/\/rolmasters.com\/es\/wp-json\/wp\/v2\/pages\/4442\/revisions\/8757"}],"wp:attachment":[{"href":"https:\/\/rolmasters.com\/es\/wp-json\/wp\/v2\/media?parent=4442"}],"curies":[{"name":"wp","href":"https:\/\/api.w.org\/{rel}","templated":true}]}}