{"id":4022,"date":"2018-05-25T14:21:03","date_gmt":"2018-05-25T14:21:03","guid":{"rendered":"http:\/\/rolmasters.com\/?page_id=4022"},"modified":"2018-06-05T14:49:52","modified_gmt":"2018-06-05T14:49:52","slug":"la-iglesia-y-los-papas","status":"publish","type":"page","link":"https:\/\/rolmasters.com\/es\/fe\/la-iglesia-y-los-papas\/","title":{"rendered":"LA IGLESIA Y LOS PAPAS"},"content":{"rendered":"<section class=\"kc-elm kc-css-350929 kc_row\"><div class=\"kc-row-container  kc-container\"><div class=\"kc-wrap-columns\"><div class=\"kc-elm kc-css-830083 kc_col-sm-12 kc_column kc_col-sm-12\"><div class=\"kc-col-container\"><div class=\"kc-elm kc-css-73567 kc_row kc_row_inner\"><div class=\"kc-elm kc-css-56332 kc_col-sm-7 kc_column_inner kc_col-sm-7\"><div class=\"kc_wrapper kc-col-inner-container\"><div class=\"kc-elm kc-css-104875 kc_text_block\"><h3 style=\"color: #444444;\">LA IGLESIA CAT\u00d3LICA EN LA EDAD MEDIA<\/h3>\n<p>La Iglesia cat\u00f3lica, en el siglo V, se hab\u00eda extendido por casi todo el territorio del Imperio romano (desde Hispania hasta Siria, con las zonas costeras del norte de \u00c1frica). Posteriormente, se realizaron misiones hacia zonas del norte de Europa, que llegaron hasta Irlanda, Gran Breta\u00f1a, Germania, y posteriormente zonas de Escandinavia, Centroeuropa y las poblaciones eslavas del Este. Este largo proceso abarca de los siglos V al XI. Buena parte de estas misiones, as\u00ed como el trabajo de recristianizar los territorios del antiguo Imperio romano de Occidente, fue posible gracias a los monasterios, sobre todo a los benedictinos.\u00a0<span style=\"font-style: inherit;\">La expansi\u00f3n de poblaciones convertidas al islam llev\u00f3 a un progresivo declive de las poblaciones cat\u00f3licas del norte de \u00c1frica.<\/span><\/p>\n<p>En el a\u00f1o 1054 se produce el Gran Cisma entre la Iglesia Cat\u00f3lica, en occidente, y la Iglesia Ortodoxa, en Oriente,<span style=\"font-style: inherit;\">\u00a0a causa de las rivalidades entre los patriarcados de Roma y Constantinopla respectivamente y sus discrepancias Teol\u00f3gicas.<\/span><\/p>\n<p>Durante los siglos XI y XIV se produce un gran desarrollo cultural gracias a la instituci\u00f3n de nuevas universidades eclesi\u00e1sticas, centradas sobre todo en la teolog\u00eda, pero tambi\u00e9n con facultades de artes, de derecho y, en algunos lugares, de medicina.<\/p>\n<p>En el siglo XIII fueron fundadas y empezaron a desarrollarse las \u00f3rdenes mendicantes, que tuvieron un gran influjo en la vida religiosa de la sociedad.<\/p>\n<p>Hacia finales del siglo XIV se produjo un cisma, conocido como Cisma de Occidente, que afect\u00f3 a la Iglesia cat\u00f3lica desde 1378 hasta 1417, y que provoc\u00f3 fuertes tensiones y el surgimientos de ideas de tipo conciliaristas, seg\u00fan las cuales un concilio podr\u00eda tener m\u00e1s autoridad que el papa en algunos puntos. El conciliarismo fue condenado en el concilio V de Letr\u00e1n en 1516.<\/p>\n<\/div><\/div><\/div><div class=\"kc-elm kc-css-837664 kc_col-sm-5 kc_column_inner kc_col-sm-5\"><div class=\"kc_wrapper kc-col-inner-container\"><div class=\"kc-elm kc_row kc_row_inner\"><div class=\"kc-elm kc_col-sm-1 kc_column_inner kc_col-sm-1\"><div class=\"kc_wrapper kc-col-inner-container\"><div class=\"kc-elm kc-css-951842 kc_text_block\"><h2 style=\"text-align: center;\">DIVISI\u00d3N DEL CLERO<\/h2>\n<\/div><div class=\"kc-elm kc-css-762222 kc_shortcode kc_single_image\">\n\n        <a rel=\"prettyPhoto\" class=\"kc-pretty-photo\" href=\"https:\/\/rolmasters.com\/wp-content\/uploads\/2018\/05\/CLERO-REGULAR-Y-CLERO-SECULAR.png\" title=\"Clero Secular y Clero Regular\" target=\"\">\n        <img decoding=\"async\" src=\"https:\/\/rolmasters.com\/wp-content\/uploads\/2018\/05\/CLERO-REGULAR-Y-CLERO-SECULAR.png\" class=\"\" alt=\"Clero Secular y Clero Regular\" \/><div class=\"kc-image-overlay\"><i class=\"et-magnifying-glass\"><\/i><\/div>    <\/a>\n    <\/div>\n<div class=\"kc-elm kc-css-226906\" style=\"height: 20px; clear: both; width:100%;\"><\/div><div class=\"kc-elm kc-css-122773 kc_text_block\"><h2>PROFESIONES AQUELARRE<\/h2>\n<p>CLERO SECULAR:<\/p>\n<ul>\n<li>Cl\u00e9rigo<\/li>\n<li>Sacerdote<\/li>\n<li>Goliardo<\/li>\n<\/ul>\n<p>CLERO REGULAR:<\/p>\n<ul>\n<li>Caballero de Orden Militar<\/li>\n<li>Monje<\/li>\n<\/ul>\n<\/div><\/div><\/div><\/div><div class=\"kc-elm kc-css-443651\" style=\"height: 20px; clear: both; width:100%;\"><\/div><\/div><\/div><\/div><\/div><\/div><\/div><\/div><\/section><section id=\"franjaborde1\" data-kc-fullwidth=\"row\" class=\"kc-elm kc-css-262926 kc_row\"><div class=\"kc-row-container  kc-container\"><div class=\"kc-wrap-columns\"><div class=\"kc-elm kc-css-275556 kc_col-sm-12 kc_column kc_col-sm-12\"><div class=\"kc-col-container\"><\/div><\/div><\/div><\/div><\/section><section data-kc-fullwidth=\"row\" class=\"kc-elm kc-css-161527 kc_row\"><div class=\"kc-row-container  kc-container\"><div class=\"kc-wrap-columns\"><div class=\"kc-elm kc-css-437168 kc_col-sm-6 kc_column kc_col-sm-6\"><div class=\"kc-col-container\"><div class=\"kc-elm kc-css-428519\" style=\"height: 10px; clear: both; width:100%;\"><\/div><div class=\"kc-elm kc-css-449197 kc_text_block\"><h2>CLERO SECULAR<\/h2>\n<p>Se compone de personas religiosas que viven entre la poblaci\u00f3n y difunden el mensaje religioso entre la gente. En primer lugar se encuentra el alto clero, formado por obispos y arzobispos, que mandan sobre una zona denominada di\u00f3cesis. Cada di\u00f3cesis est\u00e1 compuesta por peque\u00f1as parroquias gestionadas por los sacerdotes. Estos, en segundo lugar, vigilan la vida moral de las gentes, oran por ellos, les absuelven de sus pecados, les administran los sacramentos y ofrecen la misa de los domingos.<\/p>\n<\/div><div class=\"kc-elm kc-css-621077\" style=\"height: 10px; clear: both; width:100%;\"><\/div><\/div><\/div><div class=\"kc-elm kc-css-339228 kc_col-sm-6 kc_column kc_col-sm-6\"><div class=\"kc-col-container\"><div class=\"kc-elm kc-css-953840\" style=\"height: 10px; clear: both; width:100%;\"><\/div><div class=\"kc-elm kc-css-549720 kc_text_block\"><h2>CLERO REGULAR<\/h2>\n<p>Se compone por las personas religiosas que pertenecen a una orden religiosa y viven regidos por una determinada regla mon\u00e1stica y practicando los votos de los de pobreza, castidad y obediencia. Cada Orden sigue la Regla de un santo y viste con un h\u00e1bito de un determinado color. Viven recluidos en conventos o monasterios dedicados al lema \u00abora et labora\u00bb, a rezar y trabajar. Estos monjes adem\u00e1s de los votos no pueden poseer bienes materiales. Alguna orden ten\u00eda alg\u00fan voto a\u00f1adido.<\/p>\n<\/div><div class=\"kc-elm kc-css-796123\" style=\"height: 30px; clear: both; width:100%;\"><\/div><\/div><\/div><\/div><\/div><\/section><section id=\"franjaborde2\" data-kc-fullwidth=\"row\" class=\"kc-elm kc-css-730814 kc_row\"><div class=\"kc-row-container  kc-container\"><div class=\"kc-wrap-columns\"><div class=\"kc-elm kc-css-256887 kc_col-sm-12 kc_column kc_col-sm-12\"><div class=\"kc-col-container\"><\/div><\/div><\/div><\/div><\/section><section class=\"kc-elm kc-css-826240 kc_row\"><div class=\"kc-row-container  kc-container\"><div class=\"kc-wrap-columns\"><div class=\"kc-elm kc-css-157206 kc_col-sm-12 kc_column kc_col-sm-12\"><div class=\"kc-col-container\"><div class=\"kc-elm kc-css-848791 kc_text_block\"><p>Su horario se divida seg\u00fan los nombres de las ceremonias religiosas:<\/p>\n<p>MAITINES: Medianoche La jornada empieza con esta ceremonia en la cual se cantan en el templo una quincena de Salmos. Los hermanos est\u00e1n autorizados a acostarse de nuevo.<\/p>\n<p>LAUDES (3 de la madrugada) Se realiza\u00a0una serie de cantos de alabanza al Se\u00f1or. Tras los Laudes los monjes realizan sus abluciones en la fuente del claustro, dirigi\u00e9ndose seguidamente a la sala Capitular. All\u00ed, el Abad o el Prior organizan el trabajo del d\u00eda, asignando a los monjes diversas ocupaciones.<\/p>\n<p>Se trabaja entonces durante las horas Prima y Tertia.<\/p>\n<p>A las 9 h. se celebra la primera misa del d\u00eda. Tras<br \/>\nella se dispone de un tiempo muerto que suele dedicarse a la meditaci\u00f3n en el claustro o a seguir con la tarea asignada si esta es urgente, hasta llegar a la hora Sexta (Mediod\u00eda) en la cual se celebra la segunda misa del d\u00eda. Tras ella se come en el Refectorio (Comedor com\u00fan) en silencio,<br \/>\nmientras uno de los monjes lee las Sagradas escrituras o la Regla de la Orden. Tras la comida\u00a0 hay un corto per\u00edodo de descanso hasta las 15 h. (hora Nona) en la cual se reemprende el trabajo hasta la hora de V\u00edsperas (18 h.) en la cual se celebra la tercera misa del d\u00eda. Tras esta se realiza una cena frugal en el refectorio, tras los cual se suele rezar en el templo hasta la hora de Completas (21 h.) en la cual los monjes pueden acostarse.<br \/>\nLa principal autoridad de un monasterio es el Padre Abad, el cual dirige este peque\u00f1o universo y toma las decisiones importantes, auxiliado por la Revelaci\u00f3n Divina, la Regla de la Orden y el Prior. Este es el segundo en el poder, y reemplaza al Abad cuando no puede ejercer sus funciones.<\/p>\n<\/div><\/div><\/div><\/div><\/div><\/section><section id=\"Ordenes+Religiosas\" class=\"kc-elm kc-css-571603 kc_row\"><div class=\"kc-row-container  kc-container\"><div class=\"kc-wrap-columns\"><div class=\"kc-elm kc-css-812719 kc_col-sm-12 kc_column kc_col-sm-12\"><div class=\"kc-col-container\"><div class=\"kc-elm kc-css-208228 kc_text_block\"><h1 style=\"text-align: center;\"><strong>Ordenes Religiosas<\/strong><\/h1>\n<\/div><div class=\"kc-elm kc-css-412845 kc-raw-code\"><div id=\"footable_parent_4108\"\n         class=\" footable_parent ninja_table_wrapper loading_ninja_table wp_table_data_press_parent bootstrap3 \">\n                <table data-ninja_table_instance=\"ninja_table_instance_2\" data-footable_id=\"4108\" data-filter-delay=\"1000\" aria-label=\"ORDENES RELIGIOSAS Y MILITARES\"            id=\"footable_4108\"\n           data-unique_identifier=\"ninja_table_unique_id_949322195_4108\"\n           class=\" foo-table ninja_footable foo_table_4108 ninja_table_unique_id_949322195_4108 table  nt_type_ajax_table table-striped table-bordered table-hover  footable-paging-right\">\n                <colgroup>\n                            <col class=\"ninja_column_0 \">\n                            <col class=\"ninja_column_1 \">\n                            <col class=\"ninja_column_2 \">\n                            <col class=\"ninja_column_3 \">\n                            <col class=\"ninja_column_4 \">\n                            <col class=\"ninja_column_5 \">\n                            <col class=\"ninja_column_6 \">\n                            <col class=\"ninja_column_7 hidden\">\n                            <col class=\"ninja_column_8 hidden\">\n                    <\/colgroup>\n            <\/table>\n    \n    \n    \n<\/div>\n<\/div><\/div><\/div><\/div><\/div><\/section><section id=\"tabla+papas\" class=\"kc-elm kc-css-668498 kc_row\"><div class=\"kc-row-container  kc-container\"><div class=\"kc-wrap-columns\"><div class=\"kc-elm kc-css-200307 kc_col-sm-12 kc_column kc_col-sm-12\"><div class=\"kc-col-container\"><div class=\"kc-elm kc-css-376868 kc_text_block\"><h1 style=\"text-align: center;\"><strong>Papas del S. IX al S. XVIII<\/strong><\/h1>\n<\/div><div class=\"kc-elm kc-css-820104 kc-raw-code\"><div id=\"footable_parent_4080\"\n         class=\" footable_parent ninja_table_wrapper loading_ninja_table wp_table_data_press_parent bootstrap3 \">\n                <table data-ninja_table_instance=\"ninja_table_instance_3\" data-footable_id=\"4080\" data-filter-delay=\"1000\" aria-label=\"Papas del S. IX al S. XVIII\"            id=\"footable_4080\"\n           data-unique_identifier=\"ninja_table_unique_id_711782774_4080\"\n           class=\" foo-table ninja_footable foo_table_4080 ninja_table_unique_id_711782774_4080 table  nt_type_ajax_table table-striped table-bordered table-hover  footable-paging-right\">\n                <colgroup>\n                            <col class=\"ninja_column_0 \">\n                            <col class=\"ninja_column_1 \">\n                            <col class=\"ninja_column_2 \">\n                            <col class=\"ninja_column_3 \">\n                            <col class=\"ninja_column_4 \">\n                            <col class=\"ninja_column_5 \">\n                            <col class=\"ninja_column_6 \">\n                    <\/colgroup>\n            <\/table>\n    \n    \n    \n<\/div>\n<\/div><\/div><\/div><\/div><\/div><\/section>","protected":false},"excerpt":{"rendered":"<div class='heateor_sss_sharing_container heateor_sss_vertical_sharing heateor_sss_bottom_sharing' style='width:44px;right: -10px;top: 250px;-webkit-box-shadow:none;box-shadow:none;' heateor-sss-data-href='https:\/\/rolmasters.com\/es\/wp-json\/wp\/v2\/pages\/4022'><ul  class=\"heateor_sss_sharing_ul\"><li class=\"\"><i style=\"width:40px;height:40px;margin:0;\" alt=\"Facebook\" Title=\"Facebook\" class=\"heateorSssSharing heateorSssFacebookBackground\" onclick='heateorSssPopup(\"https:\/\/www.facebook.com\/sharer\/sharer.php?u=https%3A%2F%2Frolmasters.com%2Fes%2Fwp-json%2Fwp%2Fv2%2Fpages%2F4022\")'><ss style=\"display:block;\" class=\"heateorSssSharingSvg heateorSssFacebookSvg\"><\/ss><\/i><\/li><li class=\"\"><i style=\"width:40px;height:40px;margin:0;\" alt=\"Twitter\" Title=\"Twitter\" class=\"heateorSssSharing heateorSssTwitterBackground\" onclick='heateorSssPopup(\"http:\/\/twitter.com\/intent\/tweet?text=ROLMASTERS%20-%20Tira%201D100&url=https%3A%2F%2Frolmasters.com%2Fes%2Fwp-json%2Fwp%2Fv2%2Fpages%2F4022\")'><ss style=\"display:block;\" class=\"heateorSssSharingSvg heateorSssTwitterSvg\"><\/ss><\/i><\/li><li class=\"\"><i style=\"width:40px;height:40px;margin:0;\" alt=\"Whatsapp\" Title=\"Whatsapp\" class=\"heateorSssSharing heateorSssWhatsappBackground\"><a  href=\"whatsapp:\/\/send?text=ROLMASTERS%20-%20Tira%201D100 https%3A%2F%2Frolmasters.com%2Fes%2Fwp-json%2Fwp%2Fv2%2Fpages%2F4022\" rel=\"nofollow\"><ss style=\"display:block\" class=\"heateorSssSharingSvg heateorSssWhatsappSvg\"><\/ss><\/a><\/i><\/li><\/ul><div class=\"heateorSssClear\"><\/div><\/div>","protected":false},"author":1,"featured_media":4028,"parent":3934,"menu_order":0,"comment_status":"closed","ping_status":"closed","template":"full-width-FAW.php","meta":{"footnotes":""},"_links":{"self":[{"href":"https:\/\/rolmasters.com\/es\/wp-json\/wp\/v2\/pages\/4022"}],"collection":[{"href":"https:\/\/rolmasters.com\/es\/wp-json\/wp\/v2\/pages"}],"about":[{"href":"https:\/\/rolmasters.com\/es\/wp-json\/wp\/v2\/types\/page"}],"author":[{"embeddable":true,"href":"https:\/\/rolmasters.com\/es\/wp-json\/wp\/v2\/users\/1"}],"replies":[{"embeddable":true,"href":"https:\/\/rolmasters.com\/es\/wp-json\/wp\/v2\/comments?post=4022"}],"version-history":[{"count":59,"href":"https:\/\/rolmasters.com\/es\/wp-json\/wp\/v2\/pages\/4022\/revisions"}],"predecessor-version":[{"id":4246,"href":"https:\/\/rolmasters.com\/es\/wp-json\/wp\/v2\/pages\/4022\/revisions\/4246"}],"up":[{"embeddable":true,"href":"https:\/\/rolmasters.com\/es\/wp-json\/wp\/v2\/pages\/3934"}],"wp:featuredmedia":[{"embeddable":true,"href":"https:\/\/rolmasters.com\/es\/wp-json\/wp\/v2\/media\/4028"}],"wp:attachment":[{"href":"https:\/\/rolmasters.com\/es\/wp-json\/wp\/v2\/media?parent=4022"}],"curies":[{"name":"wp","href":"https:\/\/api.w.org\/{rel}","templated":true}]}}