{"id":3942,"date":"2018-05-22T13:07:22","date_gmt":"2018-05-22T13:07:22","guid":{"rendered":"http:\/\/rolmasters.com\/?page_id=3942"},"modified":"2018-06-05T14:52:10","modified_gmt":"2018-06-05T14:52:10","slug":"angelicum-natura-el-cielo","status":"publish","type":"page","link":"https:\/\/rolmasters.com\/es\/fe\/angelicum-natura-el-cielo\/","title":{"rendered":"ANGELICUM NATURA &#8211; EL CIELO"},"content":{"rendered":"<section class=\"kc-elm kc-css-6935 kc_row\"><div class=\"kc-row-container  kc-container\"><div class=\"kc-wrap-columns\"><div class=\"kc-elm kc-css-748878 kc_col-of-5 kc_column kc_col-of-5\"><div class=\"kc-col-container\"><div class=\"kc-elm kc-css-370364 kc_text_block\"><p><img loading=\"lazy\" decoding=\"async\" class=\"aligncenter size-full\" src=\"http:\/\/rolmasters.com\/wp-content\/uploads\/2018\/06\/ARCANGELS.png\" alt=\"\" width=\"297\" height=\"674\" \/><\/p>\n<\/div><\/div><\/div><div class=\"kc-elm kc-css-717231 kc_col-sm-4 kc_column kc_col-sm-4\"><div class=\"kc-col-container\"><div class=\"kc-elm kc-css-305318\" style=\"height: 40px; clear: both; width:100%;\"><\/div><div class=\"kc-elm kc-css-221802 kc_text_block\"><p>Esta secci\u00f3n recoge la Jerarqu\u00eda Celestial y su organizaci\u00f3n seg\u00fan el Manual b\u00e1sico de Aquelarre Publicado por Nosolorol.<\/p>\n<p>Todo lo que aqu\u00ed se recoge ha sido extra\u00eddo de sus p\u00e1ginas con la intenci\u00f3n de ayudar a los directores de Juego a ubicar y entender estos seres.<\/p>\n<p>Seg\u00fan su naturaleza, los hemos agrupado en las siguientes tablas, en ellas puedes usar los nombres de las columnas (categor\u00edas) para filtrar o el buscador que tambien admite busqedas filtradas por categor\u00edas mediante la flecha desplegable ubicada a su derecha.<\/p>\n<\/div><\/div><\/div><div class=\"kc-elm kc-css-910640 kc_col-sm-6 kc_column kc_col-sm-6\"><div class=\"kc-col-container\"><div class=\"kc-elm kc-css-431633 kc_text_block\"><h2><img loading=\"lazy\" decoding=\"async\" class=\"aligncenter size-full wp-image-4115\" src=\"http:\/\/rolmasters.com\/wp-content\/uploads\/2018\/05\/JERARQUIA-CELESTIAL-ROLMASTERS-AQUELARRE.png\" alt=\"Jerarquia celestial-angelicum natura-aquelarre rol\" width=\"746\" height=\"674\" srcset=\"https:\/\/rolmasters.com\/wp-content\/uploads\/2018\/05\/JERARQUIA-CELESTIAL-ROLMASTERS-AQUELARRE.png 746w, https:\/\/rolmasters.com\/wp-content\/uploads\/2018\/05\/JERARQUIA-CELESTIAL-ROLMASTERS-AQUELARRE-300x271.png 300w\" sizes=\"(max-width: 746px) 100vw, 746px\" \/><\/h2>\n<\/div><\/div><\/div><\/div><\/div><\/section><section class=\"kc-elm kc-css-377302 kc_row\"><div class=\"kc-row-container  kc-container\"><div class=\"kc-wrap-columns\"><div class=\"kc-elm kc-css-512286 kc_col-sm-7 kc_column kc_col-sm-7\"><div class=\"kc-col-container\"><div class=\"kc-elm kc-css-405978 kc_text_block\"><h2><img loading=\"lazy\" decoding=\"async\" class=\"aligncenter size-full wp-image-4115\" src=\"http:\/\/rolmasters.com\/wp-content\/uploads\/2018\/05\/JERARQUIA-CELESTIAL-ROLMASTERS-AQUELARRE.png\" alt=\"Jerarquia celestial-angelicum natura-aquelarre rol\" width=\"746\" height=\"674\" srcset=\"https:\/\/rolmasters.com\/wp-content\/uploads\/2018\/05\/JERARQUIA-CELESTIAL-ROLMASTERS-AQUELARRE.png 746w, https:\/\/rolmasters.com\/wp-content\/uploads\/2018\/05\/JERARQUIA-CELESTIAL-ROLMASTERS-AQUELARRE-300x271.png 300w\" sizes=\"(max-width: 746px) 100vw, 746px\" \/><\/h2>\n<\/div><\/div><\/div><div class=\"kc-elm kc-css-73077 kc_col-sm-5 kc_column kc_col-sm-5\"><div class=\"kc-col-container\"><div class=\"kc-elm kc-css-809171 kc_text_block\"><p>Esta secci\u00f3n recoge la Jerarqu\u00eda Celestial y su organizaci\u00f3n seg\u00fan el Manual B\u00e1sico (MB) de Aquelarre Publicado por Nosolorol.<\/p>\n<p>Todo lo que aqu\u00ed se recoge ha sido extra\u00eddo de sus p\u00e1ginas con la intenci\u00f3n de ayudar a los directores de Juego a ubicar y entender estos seres.<\/p>\n<p>Seg\u00fan su naturaleza, los hemos agrupado en las siguientes tablas, en ellas puedes usar los nombres de las columnas (categor\u00edas) para filtrar o el buscador que tambien admite busqedas filtradas por categor\u00edas mediante la flecha desplegable ubicada a su derecha.<\/p>\n<\/div><div class=\"kc-elm kc-css-971781 kc_text_block\"><p><img loading=\"lazy\" decoding=\"async\" class=\"aligncenter size-full\" src=\"http:\/\/rolmasters.com\/wp-content\/uploads\/2017\/09\/Aquelarre-3-edicion-99.png\" alt=\"\" width=\"1191\" height=\"767\" \/><\/p>\n<\/div><\/div><\/div><\/div><\/div><\/section><section class=\"kc-elm kc-css-514140 kc_row\"><div class=\"kc-row-container  kc-container\"><div class=\"kc-wrap-columns\"><div class=\"kc-elm kc-css-998573 kc_col-sm-12 kc_column kc_col-sm-12\"><div class=\"kc-col-container\"><div class=\"kc-elm kc-css-202068 kc_text_block\"><h1 style=\"text-align: center;\">JERARQU\u00cdA CELESTIAL<\/h1>\n<\/div><div class=\"kc-elm kc-css-616523 kc-raw-code\"><div id=\"footable_parent_3994\"\n         class=\" footable_parent ninja_table_wrapper loading_ninja_table wp_table_data_press_parent bootstrap3 \">\n                <table data-ninja_table_instance=\"ninja_table_instance_4\" data-footable_id=\"3994\" data-filter-delay=\"1000\" aria-label=\"JERARQUIA CELESTIAL\"            id=\"footable_3994\"\n           data-unique_identifier=\"ninja_table_unique_id_55133378_3994\"\n           class=\" foo-table ninja_footable foo_table_3994 ninja_table_unique_id_55133378_3994 table  nt_type_ajax_table table-striped table-bordered table-hover  footable-paging-right\">\n                <colgroup>\n                            <col class=\"ninja_column_0 \">\n                            <col class=\"ninja_column_1 \">\n                            <col class=\"ninja_column_2 \">\n                            <col class=\"ninja_column_3 \">\n                            <col class=\"ninja_column_4 \">\n                            <col class=\"ninja_column_5 \">\n                    <\/colgroup>\n            <\/table>\n    \n    \n    \n<\/div>\n<\/div><div class=\"kc-elm kc-css-718162\" style=\"height: 40px; clear: both; width:100%;\"><\/div><div class=\"kc-elm kc-css-104198 kc_text_block\"><h1 style=\"text-align: center;\">LOS ARC\u00c1NGELES<\/h1>\n<\/div><div class=\"kc-elm kc-css-531241 kc-raw-code\"><div id=\"footable_parent_3996\"\n         class=\" footable_parent ninja_table_wrapper loading_ninja_table wp_table_data_press_parent bootstrap3 \">\n                <table data-ninja_table_instance=\"ninja_table_instance_5\" data-footable_id=\"3996\" data-filter-delay=\"1000\" aria-label=\"ARCANGELES\"            id=\"footable_3996\"\n           data-unique_identifier=\"ninja_table_unique_id_1284729328_3996\"\n           class=\" foo-table ninja_footable foo_table_3996 ninja_table_unique_id_1284729328_3996 table  nt_type_ajax_table table-striped table-bordered table-hover  footable-paging-right\">\n                <colgroup>\n                            <col class=\"ninja_column_0 \">\n                            <col class=\"ninja_column_1 \">\n                            <col class=\"ninja_column_2 \">\n                            <col class=\"ninja_column_3 \">\n                            <col class=\"ninja_column_4 \">\n                            <col class=\"ninja_column_5 \">\n                    <\/colgroup>\n            <\/table>\n    \n    \n    \n<\/div>\n<\/div><div class=\"kc-elm kc-css-798342\" style=\"height: 40px; clear: both; width:100%;\"><\/div><div class=\"kc-elm kc-css-534379 kc_text_block\"><h1 style=\"text-align: center;\">LA HUESTE ANGELICAL<\/h1>\n<\/div><div class=\"kc-elm kc-css-481586 kc-raw-code\"><div id=\"footable_parent_3998\"\n         class=\" footable_parent ninja_table_wrapper loading_ninja_table wp_table_data_press_parent bootstrap3 \">\n                <table data-ninja_table_instance=\"ninja_table_instance_6\" data-footable_id=\"3998\" data-filter-delay=\"1000\" aria-label=\"LA HUESTE ANGELICAL\"            id=\"footable_3998\"\n           data-unique_identifier=\"ninja_table_unique_id_135757934_3998\"\n           class=\" foo-table ninja_footable foo_table_3998 ninja_table_unique_id_135757934_3998 table  nt_type_ajax_table table-striped table-bordered table-hover  footable-paging-right\">\n                <colgroup>\n                            <col class=\"ninja_column_0 \">\n                            <col class=\"ninja_column_1 \">\n                            <col class=\"ninja_column_2 \">\n                            <col class=\"ninja_column_3 \">\n                            <col class=\"ninja_column_4 \">\n                    <\/colgroup>\n            <\/table>\n    \n    \n    \n<\/div>\n<\/div><div class=\"kc-elm kc-css-351623\" style=\"height: 40px; clear: both; width:100%;\"><\/div><div class=\"kc-elm kc-css-450513 kc_text_block\"><h1 style=\"text-align: center;\">SERVIDORES MENORES<\/h1>\n<\/div><div class=\"kc-elm kc-css-52013 kc-raw-code\"><div id=\"footable_parent_4000\"\n         class=\" footable_parent ninja_table_wrapper loading_ninja_table wp_table_data_press_parent bootstrap3 \">\n                <table data-ninja_table_instance=\"ninja_table_instance_7\" data-footable_id=\"4000\" data-filter-delay=\"1000\" aria-label=\"SERVIDORES MENORES ANGELICALES\"            id=\"footable_4000\"\n           data-unique_identifier=\"ninja_table_unique_id_1587316917_4000\"\n           class=\" foo-table ninja_footable foo_table_4000 ninja_table_unique_id_1587316917_4000 table  nt_type_ajax_table table-striped table-bordered table-hover  footable-paging-right\">\n                <colgroup>\n                            <col class=\"ninja_column_0 \">\n                            <col class=\"ninja_column_1 \">\n                            <col class=\"ninja_column_2 \">\n                    <\/colgroup>\n            <\/table>\n    \n    \n    \n<\/div>\n<\/div><div class=\"kc-elm kc-css-815803\" style=\"height: 40px; clear: both; width:100%;\"><\/div><\/div><\/div><\/div><\/div><\/section>","protected":false},"excerpt":{"rendered":"<div class='heateor_sss_sharing_container heateor_sss_vertical_sharing heateor_sss_bottom_sharing' style='width:44px;right: -10px;top: 250px;-webkit-box-shadow:none;box-shadow:none;' heateor-sss-data-href='https:\/\/rolmasters.com\/es\/wp-json\/wp\/v2\/pages\/3942'><ul  class=\"heateor_sss_sharing_ul\"><li class=\"\"><i style=\"width:40px;height:40px;margin:0;\" alt=\"Facebook\" Title=\"Facebook\" class=\"heateorSssSharing heateorSssFacebookBackground\" onclick='heateorSssPopup(\"https:\/\/www.facebook.com\/sharer\/sharer.php?u=https%3A%2F%2Frolmasters.com%2Fes%2Fwp-json%2Fwp%2Fv2%2Fpages%2F3942\")'><ss style=\"display:block;\" class=\"heateorSssSharingSvg heateorSssFacebookSvg\"><\/ss><\/i><\/li><li class=\"\"><i style=\"width:40px;height:40px;margin:0;\" alt=\"Twitter\" Title=\"Twitter\" class=\"heateorSssSharing heateorSssTwitterBackground\" onclick='heateorSssPopup(\"http:\/\/twitter.com\/intent\/tweet?text=ROLMASTERS%20-%20Tira%201D100&url=https%3A%2F%2Frolmasters.com%2Fes%2Fwp-json%2Fwp%2Fv2%2Fpages%2F3942\")'><ss style=\"display:block;\" class=\"heateorSssSharingSvg heateorSssTwitterSvg\"><\/ss><\/i><\/li><li class=\"\"><i style=\"width:40px;height:40px;margin:0;\" alt=\"Whatsapp\" Title=\"Whatsapp\" class=\"heateorSssSharing heateorSssWhatsappBackground\"><a  href=\"whatsapp:\/\/send?text=ROLMASTERS%20-%20Tira%201D100 https%3A%2F%2Frolmasters.com%2Fes%2Fwp-json%2Fwp%2Fv2%2Fpages%2F3942\" rel=\"nofollow\"><ss style=\"display:block\" class=\"heateorSssSharingSvg heateorSssWhatsappSvg\"><\/ss><\/a><\/i><\/li><\/ul><div class=\"heateorSssClear\"><\/div><\/div>","protected":false},"author":1,"featured_media":4028,"parent":3934,"menu_order":0,"comment_status":"closed","ping_status":"closed","template":"full-width-FAW.php","meta":{"footnotes":""},"_links":{"self":[{"href":"https:\/\/rolmasters.com\/es\/wp-json\/wp\/v2\/pages\/3942"}],"collection":[{"href":"https:\/\/rolmasters.com\/es\/wp-json\/wp\/v2\/pages"}],"about":[{"href":"https:\/\/rolmasters.com\/es\/wp-json\/wp\/v2\/types\/page"}],"author":[{"embeddable":true,"href":"https:\/\/rolmasters.com\/es\/wp-json\/wp\/v2\/users\/1"}],"replies":[{"embeddable":true,"href":"https:\/\/rolmasters.com\/es\/wp-json\/wp\/v2\/comments?post=3942"}],"version-history":[{"count":61,"href":"https:\/\/rolmasters.com\/es\/wp-json\/wp\/v2\/pages\/3942\/revisions"}],"predecessor-version":[{"id":4248,"href":"https:\/\/rolmasters.com\/es\/wp-json\/wp\/v2\/pages\/3942\/revisions\/4248"}],"up":[{"embeddable":true,"href":"https:\/\/rolmasters.com\/es\/wp-json\/wp\/v2\/pages\/3934"}],"wp:featuredmedia":[{"embeddable":true,"href":"https:\/\/rolmasters.com\/es\/wp-json\/wp\/v2\/media\/4028"}],"wp:attachment":[{"href":"https:\/\/rolmasters.com\/es\/wp-json\/wp\/v2\/media?parent=3942"}],"curies":[{"name":"wp","href":"https:\/\/api.w.org\/{rel}","templated":true}]}}