{"id":3940,"date":"2018-05-22T13:04:04","date_gmt":"2018-05-22T13:04:04","guid":{"rendered":"http:\/\/rolmasters.com\/?page_id=3940"},"modified":"2018-06-05T18:02:03","modified_gmt":"2018-06-05T18:02:03","slug":"rerum-demoni-el-infierno","status":"publish","type":"page","link":"https:\/\/rolmasters.com\/es\/fe\/rerum-demoni-el-infierno\/","title":{"rendered":"RERUM DEMONI &#8211; EL INFIERNO"},"content":{"rendered":"<section class=\"kc-elm kc-css-690201 kc_row\"><div class=\"kc-row-container  kc-container\"><div class=\"kc-wrap-columns\"><div class=\"kc-elm kc-css-138881 kc_col-sm-6 kc_column kc_col-sm-6\"><div class=\"kc-col-container\"><div class=\"kc-elm kc-css-111134 kc_shortcode kc_single_image\">\n\n        <a rel=\"prettyPhoto\" class=\"kc-pretty-photo\" href=\"https:\/\/rolmasters.com\/wp-content\/uploads\/2018\/06\/PIRAMIDE-INFERNAL-RERUM-DEMONI-ROLMASTERS.jpg\" title=\"Los Demonios y la Jerarqu\u00eda Infernal de Aquelarre, el Juego de rol.\" target=\"\">\n        <img decoding=\"async\" src=\"https:\/\/rolmasters.com\/wp-content\/uploads\/2018\/06\/PIRAMIDE-INFERNAL-RERUM-DEMONI-ROLMASTERS.jpg\" class=\"\" alt=\"Los Demonios y la Jerarqu\u00eda Infernal de Aquelarre, el Juego de rol.\" \/><div class=\"kc-image-overlay\"><i class=\"sl-magic-wand\"><\/i><\/div>    <\/a>\n    <\/div>\n<\/div><\/div><div class=\"kc-elm kc-css-310595 kc_col-sm-4 kc_column kc_col-sm-4\"><div class=\"kc-col-container\"><div class=\"kc-elm kc-css-534385 kc_text_block\"><p><img loading=\"lazy\" decoding=\"async\" class=\"aligncenter size-full\" src=\"http:\/\/rolmasters.com\/wp-content\/uploads\/2017\/09\/Aquelarre-3-edicion-102.png\" alt=\"\" width=\"1191\" height=\"767\" \/><\/p>\n<p>Esta secci\u00f3n recoge la Jerarqu\u00eda infernal de los seres que habitan en el infierno, seg\u00fan el Manual b\u00e1sico de Aquelarre y el m\u00f3dulo Daemonolatreia Publicados por Nosolorol.<\/p>\n<p><span style=\"font-style: inherit;\">Seg\u00fan su naturaleza, los hemos agrupado en las siguientes tablas para poder comparar diferentes aspectos entre ellos y para poderlocalizarlos de forma f\u00e1cil en el libro correspondiente.<\/span><\/p>\n<p>En las tablas puedes usar los nombres de las columnas (categor\u00edas) para filtrar o el buscador que tambien admite busqedas filtradas por categor\u00edas mediante la flecha desplegable ubicada a su derecha.<\/p>\n<\/div><div class=\"kc-elm kc-css-376840\" style=\"height: 26px; clear: both; width:100%;\"><\/div><\/div><\/div><div class=\"kc-elm kc-css-764018 kc_col-of-5 kc_column kc_col-of-5\"><div class=\"kc-col-container\"><div class=\"kc-elm kc-css-786540 kc_text_block\"><p><img loading=\"lazy\" decoding=\"async\" class=\"aligncenter size-full\" src=\"http:\/\/rolmasters.com\/wp-content\/uploads\/2018\/05\/SATAN.png\" alt=\"\" width=\"297\" height=\"674\" \/><\/p>\n<\/div><\/div><\/div><\/div><\/div><\/section><section class=\"kc-elm kc-css-427306 kc_row\"><div class=\"kc-row-container  kc-container\"><div class=\"kc-wrap-columns\"><div class=\"kc-elm kc-css-385588 kc_col-sm-7 kc_column kc_col-sm-7\"><div class=\"kc-col-container\"><div class=\"kc-elm kc-css-961669 kc_shortcode kc_single_image\">\n\n        <a rel=\"prettyPhoto\" class=\"kc-pretty-photo\" href=\"https:\/\/rolmasters.com\/wp-content\/uploads\/2018\/06\/PIRAMIDE-INFERNAL-RERUM-DEMONI-ROLMASTERS.jpg\" title=\"Los Demonios y la Jerarqu\u00eda Infernal de Aquelarre, el Juego de rol.\" target=\"\">\n        <img decoding=\"async\" src=\"https:\/\/rolmasters.com\/wp-content\/uploads\/2018\/06\/PIRAMIDE-INFERNAL-RERUM-DEMONI-ROLMASTERS.jpg\" class=\"\" alt=\"Los Demonios y la Jerarqu\u00eda Infernal de Aquelarre, el Juego de rol.\" \/><div class=\"kc-image-overlay\"><i class=\"sl-magic-wand\"><\/i><\/div>    <\/a>\n    <\/div>\n<\/div><\/div><div class=\"kc-elm kc-css-661146 kc_col-sm-5 kc_column kc_col-sm-5\"><div class=\"kc-col-container\"><div class=\"kc-elm kc-css-93270 kc_text_block\"><p>Esta secci\u00f3n recoge la Jerarqu\u00eda infernal de los seres que habitan en el infierno, seg\u00fan el Manual B\u00e1sico (MB) de Aquelarre y el m\u00f3dulo Daemonolatreia (DAE) Publicados por Nosolorol.<\/p>\n<p><span style=\"font-style: inherit;\">Seg\u00fan su naturaleza, los hemos agrupado en las siguientes tablas para poder comparar diferentes aspectos entre ellos y para poderlocalizarlos de forma f\u00e1cil en el libro correspondiente.<\/span><\/p>\n<p>En las tablas puedes usar los nombres de las columnas (categor\u00edas) para filtrar o el buscador que tambien admite busqedas filtradas por categor\u00edas mediante la flecha desplegable ubicada a su derecha.<\/p>\n<\/div><div class=\"kc-elm kc-css-311431 kc_text_block\"><p><img loading=\"lazy\" decoding=\"async\" class=\"aligncenter size-full\" src=\"http:\/\/rolmasters.com\/wp-content\/uploads\/2017\/09\/Aquelarre-3-edicion-102.png\" alt=\"\" width=\"1191\" height=\"767\" \/><\/p>\n<\/div><\/div><\/div><\/div><\/div><\/section><section class=\"kc-elm kc-css-558035 kc_row\"><div class=\"kc-row-container  kc-container\"><div class=\"kc-wrap-columns\"><div class=\"kc-elm kc-css-261913 kc_col-sm-12 kc_column kc_col-sm-12\"><div class=\"kc-col-container\"><div class=\"kc-elm kc-css-695666 kc_text_block\"><h1 style=\"text-align: center;\">LUCIFER, LOS DOS PR\u00cdNCIPES DEMONIO Y LOS SEIS DEMONIOS MAYORES<\/h1>\n<\/div><div class=\"kc-elm kc-css-880449 kc-raw-code\"><div id=\"footable_parent_3955\"\n         class=\" footable_parent ninja_table_wrapper loading_ninja_table wp_table_data_press_parent bootstrap3 \">\n                <table data-ninja_table_instance=\"ninja_table_instance_5\" data-footable_id=\"3955\" data-filter-delay=\"1000\" aria-label=\"LUCIFER, PRINCIPES DEMONIACOS Y DEMONIOS MAYORES\"            id=\"footable_3955\"\n           data-unique_identifier=\"ninja_table_unique_id_542562143_3955\"\n           class=\" foo-table ninja_footable foo_table_3955 ninja_table_unique_id_542562143_3955 table  nt_type_ajax_table table-striped table-bordered table-hover  footable-paging-right\">\n                <colgroup>\n                            <col class=\"ninja_column_0 \">\n                            <col class=\"ninja_column_1 \">\n                            <col class=\"ninja_column_2 \">\n                            <col class=\"ninja_column_3 \">\n                            <col class=\"ninja_column_4 \">\n                            <col class=\"ninja_column_5 \">\n                    <\/colgroup>\n            <\/table>\n    \n    \n    \n<\/div>\n<\/div><div class=\"kc-elm kc-css-626455\" style=\"height: 40px; clear: both; width:100%;\"><\/div><div class=\"kc-elm kc-css-119420 kc_text_block\"><h1 style=\"text-align: center;\">DEMONIOS MENORES DE LA HUESTE INFERNAL<\/h1>\n<\/div><div class=\"kc-elm kc-css-743877 kc-raw-code\"><div id=\"footable_parent_3957\"\n         class=\" footable_parent ninja_table_wrapper loading_ninja_table wp_table_data_press_parent bootstrap3 \">\n                <table data-ninja_table_instance=\"ninja_table_instance_6\" data-footable_id=\"3957\" data-filter-delay=\"1000\" aria-label=\"DEMONIOS MENORES\"            id=\"footable_3957\"\n           data-unique_identifier=\"ninja_table_unique_id_771472953_3957\"\n           class=\" foo-table ninja_footable foo_table_3957 ninja_table_unique_id_771472953_3957 table  nt_type_ajax_table table-striped table-bordered table-hover  footable-paging-right\">\n                <colgroup>\n                            <col class=\"ninja_column_0 \">\n                            <col class=\"ninja_column_1 \">\n                            <col class=\"ninja_column_2 \">\n                            <col class=\"ninja_column_3 \">\n                            <col class=\"ninja_column_4 \">\n                            <col class=\"ninja_column_5 \">\n                    <\/colgroup>\n            <\/table>\n    \n    \n    \n<\/div>\n<\/div><div class=\"kc-elm kc-css-259916\" style=\"height: 40px; clear: both; width:100%;\"><\/div><div class=\"kc-elm kc-css-927168 kc_text_block\"><h1 style=\"text-align: center;\">DEMONIOS SERVIDORES<\/h1>\n<\/div><div class=\"kc-elm kc-css-666529 kc-raw-code\"><div id=\"footable_parent_4002\"\n         class=\" footable_parent ninja_table_wrapper loading_ninja_table wp_table_data_press_parent bootstrap3 \">\n                <table data-ninja_table_instance=\"ninja_table_instance_7\" data-footable_id=\"4002\" data-filter-delay=\"1000\" aria-label=\"DEMONIOS SERVIDORES\"            id=\"footable_4002\"\n           data-unique_identifier=\"ninja_table_unique_id_1087542055_4002\"\n           class=\" foo-table ninja_footable foo_table_4002 ninja_table_unique_id_1087542055_4002 table  nt_type_ajax_table table-striped table-bordered table-hover  footable-paging-right\">\n                <colgroup>\n                            <col class=\"ninja_column_0 \">\n                            <col class=\"ninja_column_1 hidden\">\n                            <col class=\"ninja_column_2 \">\n                            <col class=\"ninja_column_3 \">\n                            <col class=\"ninja_column_4 \">\n                            <col class=\"ninja_column_5 \">\n                            <col class=\"ninja_column_6 \">\n                            <col class=\"ninja_column_7 \">\n                            <col class=\"ninja_column_8 \">\n                    <\/colgroup>\n            <\/table>\n    \n    \n    \n<\/div>\n<\/div><div class=\"kc-elm kc-css-177366\" style=\"height: 40px; clear: both; width:100%;\"><\/div><div class=\"kc-elm kc-css-89812 kc_text_block\"><h1 style=\"text-align: center;\">DEMONIOS ELEMENTALES<\/h1>\n<\/div><div class=\"kc-elm kc-css-967337 kc-raw-code\"><div id=\"footable_parent_3963\"\n         class=\" footable_parent ninja_table_wrapper loading_ninja_table wp_table_data_press_parent bootstrap3 \">\n                <table data-ninja_table_instance=\"ninja_table_instance_8\" data-footable_id=\"3963\" data-filter-delay=\"1000\" aria-label=\"DEMONIOS ELEMENTALES\"            id=\"footable_3963\"\n           data-unique_identifier=\"ninja_table_unique_id_1764082457_3963\"\n           class=\" foo-table ninja_footable foo_table_3963 ninja_table_unique_id_1764082457_3963 table  nt_type_ajax_table table-striped table-bordered table-hover table-condensed vertical_centered  footable-paging-right\">\n                <colgroup>\n                            <col class=\"ninja_column_0 \">\n                            <col class=\"ninja_column_1 \">\n                            <col class=\"ninja_column_2 \">\n                            <col class=\"ninja_column_3 \">\n                    <\/colgroup>\n            <\/table>\n    \n    \n    \n<\/div>\n<\/div><div class=\"kc-elm kc-css-25503\" style=\"height: 40px; clear: both; width:100%;\"><\/div><div class=\"kc-elm kc-css-494208 kc_text_block\"><h1 style=\"text-align: center;\">ENGENDROS DEL INFERNO<\/h1>\n<\/div><div class=\"kc-elm kc-css-427574 kc-raw-code\"><div id=\"footable_parent_3965\"\n         class=\" footable_parent ninja_table_wrapper loading_ninja_table wp_table_data_press_parent bootstrap3 \">\n                <table data-ninja_table_instance=\"ninja_table_instance_9\" data-footable_id=\"3965\" data-filter-delay=\"1000\" aria-label=\"ENGENDROS INFERNALES\"            id=\"footable_3965\"\n           data-unique_identifier=\"ninja_table_unique_id_181530915_3965\"\n           class=\" foo-table ninja_footable foo_table_3965 ninja_table_unique_id_181530915_3965 table  nt_type_ajax_table table-striped table-bordered table-hover  footable-paging-right\">\n                <colgroup>\n                            <col class=\"ninja_column_0 \">\n                            <col class=\"ninja_column_1 \">\n                            <col class=\"ninja_column_2 \">\n                            <col class=\"ninja_column_3 \">\n                            <col class=\"ninja_column_4 \">\n                    <\/colgroup>\n            <\/table>\n    \n    \n    \n<\/div>\n<\/div><div class=\"kc-elm kc-css-403884\" style=\"height: 40px; clear: both; width:100%;\"><\/div><\/div><\/div><\/div><\/div><\/section><section class=\"kc-elm kc-css-537343 kc_row\"><div class=\"kc-row-container  kc-container\"><div class=\"kc-wrap-columns\"><div class=\"kc-elm kc-css-246733 kc_col-sm-12 kc_column kc_col-sm-12\"><div class=\"kc-col-container\"><div class=\"kc-elm kc-css-426646 kc_text_block\"><h2 style=\"text-align: center;\">EL INFIERNO by Ra\u00falo C\u00e1ceres<\/h2>\n<h2 style=\"text-align: center;\">Publicado en la revista Lider 7 (2000)<\/h2>\n<p><img loading=\"lazy\" decoding=\"async\" class=\"aligncenter size-full wp-image-3990\" src=\"http:\/\/rolmasters.com\/wp-content\/uploads\/2018\/05\/AQUELARRE-INFERNO-RAULO-REVISTA-LIDER-1800px.jpg\" alt=\"\" width=\"1800\" height=\"1267\" srcset=\"https:\/\/rolmasters.com\/wp-content\/uploads\/2018\/05\/AQUELARRE-INFERNO-RAULO-REVISTA-LIDER-1800px.jpg 1800w, https:\/\/rolmasters.com\/wp-content\/uploads\/2018\/05\/AQUELARRE-INFERNO-RAULO-REVISTA-LIDER-1800px-300x211.jpg 300w, https:\/\/rolmasters.com\/wp-content\/uploads\/2018\/05\/AQUELARRE-INFERNO-RAULO-REVISTA-LIDER-1800px-768x541.jpg 768w, https:\/\/rolmasters.com\/wp-content\/uploads\/2018\/05\/AQUELARRE-INFERNO-RAULO-REVISTA-LIDER-1800px-1024x721.jpg 1024w\" sizes=\"(max-width: 1800px) 100vw, 1800px\" \/><\/p>\n<\/div><\/div><\/div><\/div><\/div><\/section>","protected":false},"excerpt":{"rendered":"<div class='heateor_sss_sharing_container heateor_sss_vertical_sharing heateor_sss_bottom_sharing' style='width:44px;right: -10px;top: 250px;-webkit-box-shadow:none;box-shadow:none;' heateor-sss-data-href='https:\/\/rolmasters.com\/es\/wp-json\/wp\/v2\/pages\/3940'><ul  class=\"heateor_sss_sharing_ul\"><li class=\"\"><i style=\"width:40px;height:40px;margin:0;\" alt=\"Facebook\" Title=\"Facebook\" class=\"heateorSssSharing heateorSssFacebookBackground\" onclick='heateorSssPopup(\"https:\/\/www.facebook.com\/sharer\/sharer.php?u=https%3A%2F%2Frolmasters.com%2Fes%2Fwp-json%2Fwp%2Fv2%2Fpages%2F3940\")'><ss style=\"display:block;\" class=\"heateorSssSharingSvg heateorSssFacebookSvg\"><\/ss><\/i><\/li><li class=\"\"><i style=\"width:40px;height:40px;margin:0;\" alt=\"Twitter\" Title=\"Twitter\" class=\"heateorSssSharing heateorSssTwitterBackground\" onclick='heateorSssPopup(\"http:\/\/twitter.com\/intent\/tweet?text=ROLMASTERS%20-%20Tira%201D100&url=https%3A%2F%2Frolmasters.com%2Fes%2Fwp-json%2Fwp%2Fv2%2Fpages%2F3940\")'><ss style=\"display:block;\" class=\"heateorSssSharingSvg heateorSssTwitterSvg\"><\/ss><\/i><\/li><li class=\"\"><i style=\"width:40px;height:40px;margin:0;\" alt=\"Whatsapp\" Title=\"Whatsapp\" class=\"heateorSssSharing heateorSssWhatsappBackground\"><a  href=\"whatsapp:\/\/send?text=ROLMASTERS%20-%20Tira%201D100 https%3A%2F%2Frolmasters.com%2Fes%2Fwp-json%2Fwp%2Fv2%2Fpages%2F3940\" rel=\"nofollow\"><ss style=\"display:block\" class=\"heateorSssSharingSvg heateorSssWhatsappSvg\"><\/ss><\/a><\/i><\/li><\/ul><div class=\"heateorSssClear\"><\/div><\/div>","protected":false},"author":1,"featured_media":4028,"parent":3934,"menu_order":0,"comment_status":"closed","ping_status":"closed","template":"full-width-FAW.php","meta":{"footnotes":""},"_links":{"self":[{"href":"https:\/\/rolmasters.com\/es\/wp-json\/wp\/v2\/pages\/3940"}],"collection":[{"href":"https:\/\/rolmasters.com\/es\/wp-json\/wp\/v2\/pages"}],"about":[{"href":"https:\/\/rolmasters.com\/es\/wp-json\/wp\/v2\/types\/page"}],"author":[{"embeddable":true,"href":"https:\/\/rolmasters.com\/es\/wp-json\/wp\/v2\/users\/1"}],"replies":[{"embeddable":true,"href":"https:\/\/rolmasters.com\/es\/wp-json\/wp\/v2\/comments?post=3940"}],"version-history":[{"count":54,"href":"https:\/\/rolmasters.com\/es\/wp-json\/wp\/v2\/pages\/3940\/revisions"}],"predecessor-version":[{"id":4258,"href":"https:\/\/rolmasters.com\/es\/wp-json\/wp\/v2\/pages\/3940\/revisions\/4258"}],"up":[{"embeddable":true,"href":"https:\/\/rolmasters.com\/es\/wp-json\/wp\/v2\/pages\/3934"}],"wp:featuredmedia":[{"embeddable":true,"href":"https:\/\/rolmasters.com\/es\/wp-json\/wp\/v2\/media\/4028"}],"wp:attachment":[{"href":"https:\/\/rolmasters.com\/es\/wp-json\/wp\/v2\/media?parent=3940"}],"curies":[{"name":"wp","href":"https:\/\/api.w.org\/{rel}","templated":true}]}}