{"id":3934,"date":"2018-05-22T12:45:38","date_gmt":"2018-05-22T12:45:38","guid":{"rendered":"http:\/\/rolmasters.com\/?page_id=3934"},"modified":"2018-06-05T14:35:31","modified_gmt":"2018-06-05T14:35:31","slug":"fe","status":"publish","type":"page","link":"https:\/\/rolmasters.com\/es\/fe\/","title":{"rendered":"FE"},"content":{"rendered":"<section class=\"kc-elm kc-css-564213 kc_row\"><div class=\"kc-row-container  kc-container\"><div class=\"kc-wrap-columns\"><div class=\"kc-elm kc-css-114883 kc_col-sm-12 kc_column kc_col-sm-12\"><div class=\"kc-col-container\"><div class=\"kc-elm kc-css-896193 kc_text_block\"><p>La secci\u00f3n Fe hace referencia a las creencias e instituciones religiosas o de fe en la \u00e9poca del Juego de rol Aquelarre.\u00a0<span style=\"font-style: inherit;\">La dividimos en varias p\u00e1ginas que resumimos a continuaci\u00f3n con sus enlaces correspondientes.\u00a0\u00a0<\/span><\/p>\n<p>Vamos a diferenciar un bloque principal\u00a0<span style=\"font-style: inherit;\">que hace referencia a la Religi\u00f3n cat\u00f3lica y se divide en dos p\u00e1ginas, una dedicada a la Iglesia y los Papas y otra dedicada al Tribunal de la Santa Inquisici\u00f3n y sus inquisidores generales.\u00a0<\/span><span style=\"font-style: inherit;\">Y un segundo\u00a0<\/span><span style=\"font-style: inherit;\">bloque <\/span><span style=\"font-style: inherit;\">sobre la creencia del bien y el mal, est\u00e1 dividido nuevamente en dos p\u00e1ginas m\u00e1s que hacen referencia\u00a0a los seres, que podemos encontrar en el juego, que habitan en el cielo y en el infierno respectivamente.\u00a0<\/span><\/p>\n<\/div><\/div><\/div><\/div><\/div><\/section><section class=\"kc-elm kc-css-847039 kc_row\"><div class=\"kc-row-container  kc-container\"><div class=\"kc-wrap-columns\"><div class=\"kc-elm kc-css-843327 kc_col-sm-12 kc_column kc_col-sm-12\"><div class=\"kc-col-container\"><div class=\"kc-elm kc-css-758072 kc_row kc_row_inner\"><div class=\"kc-elm kc-css-865358 kc_col-sm-6 kc_column_inner kc_col-sm-6\"><div class=\"kc_wrapper kc-col-inner-container\">\n<div class=\"kc-elm kc-css-640266 kc-image-hover-effects kc-img-effects-1 overlay_scale_in\">\n\n\t<a href=\"http:\/\/rolmasters.com\/fe\/la-iglesia-y-los-papas\/\"><img decoding=\"async\" src=\"https:\/\/rolmasters.com\/wp-content\/uploads\/2018\/05\/Aquelarre-3-edicion-111.png\" alt=\"\"\/><\/a><a href=\"http:\/\/rolmasters.com\/fe\/la-iglesia-y-los-papas\/\"><div class=\"overlay-effects\"><div class=\"content-title\">LA IGLESIA Y LOS PAPAS<\/div><\/div><\/a>\n<\/div><div class=\"kc-elm kc-css-85669 kc_text_block\"><h3 style=\"text-align: center;\"><a href=\"http:\/\/rolmasters.com\/fe\/la-iglesia-y-los-papas\/\">LA IGLESIA Y LOS PAPAS<\/a><\/h3>\n<p style=\"text-align: center;\">Jerarqu\u00eda de la Iglesia, ordenes Religiosas y Papas<\/p>\n<\/div><\/div><\/div><div class=\"kc-elm kc-css-831249 kc_col-sm-6 kc_column_inner kc_col-sm-6\"><div class=\"kc_wrapper kc-col-inner-container\">\n<div class=\"kc-elm kc-css-675872 kc-image-hover-effects kc-img-effects-1 overlay_scale_in\">\n\n\t<a href=\"http:\/\/rolmasters.com\/fe\/tribunal-de-la-santa-inquisicion-aquelarre\/\"><img decoding=\"async\" src=\"https:\/\/rolmasters.com\/wp-content\/uploads\/2017\/09\/Aquelarre-3-edicion-85.png\" alt=\"\"\/><\/a><a href=\"http:\/\/rolmasters.com\/fe\/tribunal-de-la-santa-inquisicion-aquelarre\/\"><div class=\"overlay-effects\"><div class=\"content-title\">EL TRIBUNAL DE LA SANTA INQUISICI\u00d3N<\/div><\/div><\/a>\n<\/div><div class=\"kc-elm kc-css-363901 kc_text_block\"><h3 style=\"text-align: center;\"><a href=\"http:\/\/rolmasters.com\/fe\/tribunal-de-la-santa-inquisicion-aquelarre\/\">EL TRIBUNAL DE LA SANTA INQUISICI\u00d3N<\/a><\/h3>\n<p style=\"text-align: center;\">Creaci\u00f3n y organizaci\u00f3n de la Inquisic\u00f3n y sus Inquisidores Generales<\/p>\n<\/div><\/div><\/div><\/div><\/div><\/div><\/div><\/div><\/section><section class=\"kc-elm kc-css-544385 kc_row\"><div class=\"kc-row-container  kc-container\"><div class=\"kc-wrap-columns\"><div class=\"kc-elm kc-css-290322 kc_col-sm-12 kc_column kc_col-sm-12\"><div class=\"kc-col-container\">\n<div class=\"kc-elm kc-css-928503 divider_line\">\n\t<div class=\"divider_inner divider_line2\">\n\t\t<i class=\"et-flag\"><\/i>\t<\/div>\n<\/div>\n<div class=\"kc-elm kc-css-905901 kc_text_block\"><p style=\"text-align: center;\"><span style=\"font-style: inherit;\">En las p\u00e1ginas del cielo y el infierno encontrar\u00e9is las jerarquias celestial e infernal en varias tablas en funci\u00f3n al tipo de seres que hagan referencia que permiten realizar busquedas o filtrar su contenido con la finalidad de obtener la informaci\u00f3n relevante\u00a0<\/span><span style=\"font-style: inherit;\">que se precise encontrar\u00a0<\/span><span style=\"font-style: inherit;\">de forma f\u00e1cil mediante las conexiones y los datos recopilados. Extra\u00eddos en su mayor parte del Manual B\u00e1sico y el Suplemento Daemonolatreia de Nosolorol.<br \/>\nEn las siguientes p\u00e1ginas nos encargamos de explicar como puedes usar dichas tablas.<\/span><\/p>\n<\/div>\n<div class=\"kc-elm kc-css-438871 divider_line\">\n\t<div class=\"divider_inner divider_line1\">\n\t\t\t<\/div>\n<\/div>\n<div class=\"kc-elm kc-css-754846\" style=\"height: 30px; clear: both; width:100%;\"><\/div><\/div><\/div><\/div><\/div><\/section><section class=\"kc-elm kc-css-998593 kc_row\"><div class=\"kc-row-container  kc-container\"><div class=\"kc-wrap-columns\"><div class=\"kc-elm kc-css-823499 kc_col-sm-12 kc_column kc_col-sm-12\"><div class=\"kc-col-container\"><div class=\"kc-elm kc-css-608825 kc_row kc_row_inner\"><div class=\"kc-elm kc-css-189656 kc_col-sm-6 kc_column_inner kc_col-sm-6\"><div class=\"kc_wrapper kc-col-inner-container\">\n<div class=\"kc-elm kc-css-50852 kc-image-hover-effects kc-img-effects-1 overlay_scale_in\">\n\n\t<a href=\"http:\/\/rolmasters.com\/fe\/angelicum-natura-el-cielo\/\"><img decoding=\"async\" src=\"https:\/\/rolmasters.com\/wp-content\/uploads\/2017\/09\/Aquelarre-3-edicion-99.png\" alt=\"\"\/><\/a><a href=\"http:\/\/rolmasters.com\/fe\/angelicum-natura-el-cielo\/\"><div class=\"overlay-effects\"><div class=\"content-title\">JERARQU\u00cdA Y CRIATURAS CELESTIALES<\/div><\/div><\/a>\n<\/div><div class=\"kc-elm kc-css-984845 kc_text_block\"><h3 style=\"text-align: center;\"><a href=\"http:\/\/rolmasters.com\/fe\/angelicum-natura-el-cielo\/\">ANGELICUM NATURA<\/a><\/h3>\n<p style=\"text-align: center;\">Jererqu\u00eda, organizaci\u00f3n y tipos de Criaturas celestiales.<\/p>\n<\/div><\/div><\/div><div class=\"kc-elm kc-css-455673 kc_col-sm-6 kc_column_inner kc_col-sm-6\"><div class=\"kc_wrapper kc-col-inner-container\">\n<div class=\"kc-elm kc-css-578957 kc-image-hover-effects kc-img-effects-1 overlay_scale_in\">\n\n\t<a href=\"http:\/\/rolmasters.com\/fe\/rerum-demoni-el-infierno\/\"><img decoding=\"async\" src=\"https:\/\/rolmasters.com\/wp-content\/uploads\/2017\/09\/Aquelarre-3-edicion-102.png\" alt=\"\"\/><\/a><a href=\"http:\/\/rolmasters.com\/fe\/rerum-demoni-el-infierno\/\"><div class=\"overlay-effects\"><div class=\"content-title\">JERARQU\u00cdA Y DEMONIOS INFERNALES<\/div><\/div><\/a>\n<\/div><div class=\"kc-elm kc-css-591188 kc_text_block\"><h3 style=\"text-align: center;\"><a href=\"http:\/\/rolmasters.com\/fe\/rerum-demoni-el-infierno\/\">RERUM DEMONI<\/a><\/h3>\n<p style=\"text-align: center;\">Jereaquia del Infierno. Demonios Mayores, Menores y Servidores. Sus tareas y relaciones.<\/p>\n<\/div><\/div><\/div><\/div><div class=\"kc-elm kc-css-479521\" style=\"height: 40px; clear: both; width:100%;\"><\/div><\/div><\/div><\/div><\/div><\/section><section id=\"franjaborde1\" data-kc-fullwidth=\"row\" class=\"kc-elm kc-css-539930 kc_row\"><div class=\"kc-row-container  kc-container\"><div class=\"kc-wrap-columns\"><div class=\"kc-elm kc-css-460104 kc_col-sm-12 kc_column kc_col-sm-12\"><div class=\"kc-col-container\"><\/div><\/div><\/div><\/div><\/section><section data-kc-fullwidth=\"row\" class=\"kc-elm kc-css-350640 kc_row\"><div class=\"kc-row-container  kc-container\"><div class=\"kc-wrap-columns\"><div class=\"kc-elm kc-css-478590 kc_col-sm-6 kc_column kc_col-sm-6\"><div class=\"kc-col-container\"><div class=\"kc-elm kc-css-342313 kc_text_block\"><p><img loading=\"lazy\" decoding=\"async\" class=\"aligncenter size-full\" src=\"http:\/\/rolmasters.com\/wp-content\/uploads\/2017\/09\/Aquelarre-3-edicion-6.png\" alt=\"\" width=\"1191\" height=\"767\" \/><\/p>\n<\/div><\/div><\/div><div class=\"kc-elm kc-css-86641 kc_col-sm-6 kc_column kc_col-sm-6\"><div class=\"kc-col-container\"><div class=\"kc-elm kc-css-932249 kc_text_block\"><h2 style=\"text-align: left;\">LA DEMONOLOGIA Y LA INVOCACI\u00d3N DE LOS DEMONIOS DESDE EL PUNTO DE VISTA DE LOS PACTOS INFERNALES<\/h2>\n<\/div><div class=\"kc-elm kc-css-973665\" style=\"height: 10px; clear: both; width:100%;\"><\/div><div class=\"kc-elm kc-css-646431 kc-raw-code\"><div class=\"su-button-center\"><a href=\"http:\/\/rolmasters.com\/fronteres\/Recopilacion-cronologias-oficiales-de-aquelarre-por-Rolmasters.pdf\" class=\"su-button su-button-style-default\" style=\"color:#FFFFFF;background-color:#fb5250;border-color:#c94240;border-radius:7px;-moz-border-radius:7px;-webkit-border-radius:7px\" target=\"_blank\"><span style=\"color:#FFFFFF;padding:7px 20px;font-size:16px;line-height:24px;border-color:#fc8685;border-radius:7px;-moz-border-radius:7px;-webkit-border-radius:7px;text-shadow:none;-moz-text-shadow:none;-webkit-text-shadow:none\"><img decoding=\"async\" src=\"http:\/\/rolmasters.com\/wp-content\/uploads\/2017\/09\/ADMIN-ICON-ROLMASTERS.png\" alt=\"DESCARGA RECOPILATORIO\" style=\"width:24px;height:24px\" \/> DESCARGA RECOPILATORIO<\/span><\/a><\/div><\/div><div class=\"kc-elm kc-css-242027\" style=\"height: 30px; clear: both; width:100%;\"><\/div><\/div><\/div><\/div><\/div><\/section><section id=\"franjaborde2\" data-kc-fullwidth=\"row\" class=\"kc-elm kc-css-781141 kc_row\"><div class=\"kc-row-container  kc-container\"><div class=\"kc-wrap-columns\"><div class=\"kc-elm kc-css-985950 kc_col-sm-12 kc_column kc_col-sm-12\"><div class=\"kc-col-container\"><\/div><\/div><\/div><\/div><\/section><section class=\"kc-elm kc-css-469007 kc_row\"><div class=\"kc-row-container  kc-container\"><div class=\"kc-wrap-columns\"><div class=\"kc-elm kc-css-984724 kc_col-sm-12 kc_column kc_col-sm-12\"><div class=\"kc-col-container\"><div class=\"kc-elm kc-css-989472\" style=\"height: 30px; clear: both; width:100%;\"><\/div><div class=\"kc-elm kc-css-636766 kc_text_block\"><p>La secci\u00f3n Fe hace referencia a las creencias e instituciones religiosas o de fe en la \u00e9poca del Juego de rol Aquelarre.\u00a0<span style=\"font-style: inherit;\">La dividimos en varias p\u00e1ginas que resumimos a continuaci\u00f3n con sus enlaces correspondientes.\u00a0\u00a0<\/span><\/p>\n<p>Vamos a diferenciar un bloque principal sobre la creencia del bien y el mal, dividido en pos p\u00e1ginas que hacen referencia\u00a0a los seres que podemos encontrar en el juego que habitan en el cielo y en el infierno respectivamente. Y un segundo\u00a0<span style=\"font-style: inherit;\">bloque principal que hace referencia a la Iglesia cat\u00f3lica y se divide nuevamente en dos p\u00e1ginas m\u00e1s, una dedicada a los Papas y otra dedicada al Tribunal de la Santa Inquisici\u00f3n.<\/span><\/p>\n<\/div><\/div><\/div><\/div><\/div><\/section>","protected":false},"excerpt":{"rendered":"<div class='heateor_sss_sharing_container heateor_sss_vertical_sharing heateor_sss_bottom_sharing' style='width:44px;right: -10px;top: 250px;-webkit-box-shadow:none;box-shadow:none;' heateor-sss-data-href='https:\/\/rolmasters.com\/es\/wp-json\/wp\/v2\/pages\/3934'><ul  class=\"heateor_sss_sharing_ul\"><li class=\"\"><i style=\"width:40px;height:40px;margin:0;\" alt=\"Facebook\" Title=\"Facebook\" class=\"heateorSssSharing heateorSssFacebookBackground\" onclick='heateorSssPopup(\"https:\/\/www.facebook.com\/sharer\/sharer.php?u=https%3A%2F%2Frolmasters.com%2Fes%2Fwp-json%2Fwp%2Fv2%2Fpages%2F3934\")'><ss style=\"display:block;\" class=\"heateorSssSharingSvg heateorSssFacebookSvg\"><\/ss><\/i><\/li><li class=\"\"><i style=\"width:40px;height:40px;margin:0;\" alt=\"Twitter\" Title=\"Twitter\" class=\"heateorSssSharing heateorSssTwitterBackground\" onclick='heateorSssPopup(\"http:\/\/twitter.com\/intent\/tweet?text=ROLMASTERS%20-%20Tira%201D100&url=https%3A%2F%2Frolmasters.com%2Fes%2Fwp-json%2Fwp%2Fv2%2Fpages%2F3934\")'><ss style=\"display:block;\" class=\"heateorSssSharingSvg heateorSssTwitterSvg\"><\/ss><\/i><\/li><li class=\"\"><i style=\"width:40px;height:40px;margin:0;\" alt=\"Whatsapp\" Title=\"Whatsapp\" class=\"heateorSssSharing heateorSssWhatsappBackground\"><a  href=\"whatsapp:\/\/send?text=ROLMASTERS%20-%20Tira%201D100 https%3A%2F%2Frolmasters.com%2Fes%2Fwp-json%2Fwp%2Fv2%2Fpages%2F3934\" rel=\"nofollow\"><ss style=\"display:block\" class=\"heateorSssSharingSvg heateorSssWhatsappSvg\"><\/ss><\/a><\/i><\/li><\/ul><div class=\"heateorSssClear\"><\/div><\/div>","protected":false},"author":1,"featured_media":4028,"parent":0,"menu_order":0,"comment_status":"closed","ping_status":"closed","template":"full-width.php","meta":{"footnotes":""},"_links":{"self":[{"href":"https:\/\/rolmasters.com\/es\/wp-json\/wp\/v2\/pages\/3934"}],"collection":[{"href":"https:\/\/rolmasters.com\/es\/wp-json\/wp\/v2\/pages"}],"about":[{"href":"https:\/\/rolmasters.com\/es\/wp-json\/wp\/v2\/types\/page"}],"author":[{"embeddable":true,"href":"https:\/\/rolmasters.com\/es\/wp-json\/wp\/v2\/users\/1"}],"replies":[{"embeddable":true,"href":"https:\/\/rolmasters.com\/es\/wp-json\/wp\/v2\/comments?post=3934"}],"version-history":[{"count":27,"href":"https:\/\/rolmasters.com\/es\/wp-json\/wp\/v2\/pages\/3934\/revisions"}],"predecessor-version":[{"id":4240,"href":"https:\/\/rolmasters.com\/es\/wp-json\/wp\/v2\/pages\/3934\/revisions\/4240"}],"wp:featuredmedia":[{"embeddable":true,"href":"https:\/\/rolmasters.com\/es\/wp-json\/wp\/v2\/media\/4028"}],"wp:attachment":[{"href":"https:\/\/rolmasters.com\/es\/wp-json\/wp\/v2\/media?parent=3934"}],"curies":[{"name":"wp","href":"https:\/\/api.w.org\/{rel}","templated":true}]}}