{"id":378,"date":"2017-09-18T22:03:43","date_gmt":"2017-09-18T22:03:43","guid":{"rendered":"http:\/\/rolmasters.com\/?page_id=378"},"modified":"2021-11-24T10:18:31","modified_gmt":"2021-11-24T10:18:31","slug":"aventuras","status":"publish","type":"page","link":"https:\/\/rolmasters.com\/es\/aventuras\/","title":{"rendered":"AVENTURAS"},"content":{"rendered":"<section class=\"kc-elm kc-css-300226 kc_row\"><div class=\"kc-row-container  kc-container\"><div class=\"kc-wrap-columns\"><div class=\"kc-elm kc-css-108143 kc_col-sm-12 kc_column kc_col-sm-12\"><div class=\"kc-col-container\"><div class=\"kc-elm kc-css-559723 kc_text_block\"><p>En esta secci\u00f3n encontrar\u00e9is aventuras para el juego de rol Aquelarre listas para descargar en PDF y jugar.<\/p>\n<p>Las aventuras las dividimos tres bloques seg\u00fan su naturaleza. El primer bloque encontramos los M\u00f3dulos o Partidas individuales. El segundo lo conforman las campa\u00f1as que son una sucesi\u00f3n de m\u00f3dulos o partidas unidas por una trama principal. El \u00faltimo bloque son suplementos no oficiales. Todas ellas has sido recogidas de diversas fuentes y son originales escritos por varios autores a quien agradecemos su colaboraci\u00f3n y otorgamos el reconocimiento que merecen.<\/p>\n<\/div><\/div><\/div><\/div><\/div><\/section><section class=\"kc-elm kc-css-932740 kc_row\"><div class=\"kc-row-container  kc-container\"><div class=\"kc-wrap-columns\"><div class=\"kc-elm kc-css-448084 kc_col-sm-4 kc_column kc_col-sm-4\"><div class=\"kc-col-container\">\n<div class=\"kc-elm kc-css-827377 kc-image-hover-effects kc-img-effects-1 overlay_scale_in\">\n\n\t<a href=\"http:\/\/rolmasters.com\/aventuras\/partidas\/\"><img decoding=\"async\" src=\"https:\/\/rolmasters.com\/wp-content\/uploads\/2017\/09\/Aquelarre-3-edicion-89.png\" alt=\"\"\/><\/a><a href=\"http:\/\/rolmasters.com\/aventuras\/partidas\/\"><div class=\"overlay-effects\"><div class=\"content-title\">M\u00d3DULOS O PARTIDAS INDIVIDUALES<\/div><\/div><\/a>\n<\/div><div class=\"kc-elm kc-css-24861 kc_text_block\"><h2 style=\"text-align: center;\"><a href=\"http:\/\/rolmasters.com\/aventuras\/partidas\/\">M\u00d3DULOS o PARTIDAS\u00a0<\/a><\/h2>\n<\/div><\/div><\/div><div class=\"kc-elm kc-css-153469 kc_col-sm-4 kc_column kc_col-sm-4\"><div class=\"kc-col-container\">\n<div class=\"kc-elm kc-css-253373 kc-image-hover-effects kc-img-effects-1 overlay_scale_in\">\n\n\t<a href=\"http:\/\/rolmasters.com\/aventuras\/campanas\/\"><img decoding=\"async\" src=\"https:\/\/rolmasters.com\/wp-content\/uploads\/2017\/09\/Aquelarre-3-edicion-28.png\" alt=\"\"\/><\/a><a href=\"http:\/\/rolmasters.com\/aventuras\/campanas\/\"><div class=\"overlay-effects\"><div class=\"content-title\">CAMPA\u00d1AS<\/div><\/div><\/a>\n<\/div><div class=\"kc-elm kc-css-977627 kc_text_block\"><h2 style=\"text-align: center;\"><a href=\"http:\/\/rolmasters.com\/aventuras\/campanas\/\">CAMPA\u00d1AS<\/a><\/h2>\n<\/div><\/div><\/div><div class=\"kc-elm kc-css-811832 kc_col-sm-4 kc_column kc_col-sm-4\"><div class=\"kc-col-container\">\n<div class=\"kc-elm kc-css-335829 kc-image-hover-effects kc-img-effects-1 overlay_scale_in\">\n\n\t<a href=\"http:\/\/rolmasters.com\/aventuras\/modulos-no-oficiales\/\"><img decoding=\"async\" src=\"https:\/\/rolmasters.com\/wp-content\/uploads\/2017\/09\/Aquelarre-3-edicion-30.png\" alt=\"\"\/><\/a><a href=\"http:\/\/rolmasters.com\/aventuras\/modulos-no-oficiales\/\"><div class=\"overlay-effects\"><div class=\"content-title\">SUPLEMENTOS NO OFICIALES<\/div><\/div><\/a>\n<\/div><div class=\"kc-elm kc-css-245426 kc_text_block\"><h2 style=\"text-align: center;\"><a href=\"http:\/\/rolmasters.com\/aventuras\/modulos-no-oficiales\/\">SUPLEMENTOS NO OFICIALES<\/a><\/h2>\n<\/div><\/div><\/div><\/div><\/div><\/section><section class=\"kc-elm kc-css-8460 kc_row\"><div class=\"kc-row-container  kc-container\"><div class=\"kc-wrap-columns\"><div class=\"kc-elm kc-css-189314 kc_col-sm-12 kc_column kc_col-sm-12\"><div class=\"kc-col-container\"><div class=\"kc-elm kc-css-761381 kc_text_block\"><p>Entendemos por m\u00f3dulo o partida una aventura corta que pueda jugarse en una sola sesi\u00f3n de juego de como mucho un d\u00eda de duraci\u00f3n, con toda la informaci\u00f3n y ap\u00e9ndices necesarios. Una campa\u00f1a es una serie de partidas continuadas, con un hilo conductor o trama com\u00fan, dividida en varios cap\u00edtulos, que por su extensi\u00f3n deben ser jugados en diferentes sesiones y d\u00edas de juego. Por \u00faltimo definimos como los Suplementos no oficiales aquellas aventuras, ya sean partidas y\/o campa\u00f1as, que contienen material anexo, aparte de los ap\u00e9ndices normales, y que aportan m\u00e1s informaci\u00f3n y ayudas de juego para la creaci\u00f3n de futuras aventuras.<\/p>\n<\/div><\/div><\/div><\/div><\/div><\/section><section id=\"franjaborde1\" data-kc-fullwidth=\"row\" class=\"kc-elm kc-css-258414 kc_row\"><div class=\"kc-row-container  kc-container\"><div class=\"kc-wrap-columns\"><div class=\"kc-elm kc-css-981352 kc_col-sm-12 kc_column kc_col-sm-12\"><div class=\"kc-col-container\"><\/div><\/div><\/div><\/div><\/section><section data-kc-fullwidth=\"row\" class=\"kc-elm kc-css-808573 kc_row\"><div class=\"kc-row-container  kc-container\"><div class=\"kc-wrap-columns\"><div class=\"kc-elm kc-css-486016 kc_col-sm-6 kc_column kc_col-sm-6\"><div class=\"kc-col-container\">\n<div class=\"kc-elm kc-css-136424 kc-image-hover-effects kc-img-effects-1 overlay_scale_in\">\n\n\t<a href=\"http:\/\/rolmasters.com\/aventuras\/publica-tu-aventura\/\"><img decoding=\"async\" src=\"https:\/\/rolmasters.com\/wp-content\/uploads\/2017\/09\/Aquelarre-3-edicion-81.png\" alt=\"\"\/><\/a><a href=\"http:\/\/rolmasters.com\/aventuras\/publica-tu-aventura\/\"><div class=\"overlay-effects\"><div class=\"content-title\">PUBLICA TU AVENTURA<\/div><\/div><\/a>\n<\/div><\/div><\/div><div class=\"kc-elm kc-css-858600 kc_col-sm-6 kc_column kc_col-sm-6\"><div class=\"kc-col-container\"><div class=\"kc-elm kc-css-360079\" style=\"height: 10px; clear: both; width:100%;\"><\/div><div class=\"kc-elm kc-css-160928 kc_text_block\"><h2 style=\"text-align: left;\">T\u00fa tambi\u00e9n puedes enviarnos tus aventuras propias y si nos gustan las publicaremos con tu nombre, s\u00f3lo tienes que seguir los tres pasos que te indicamos en la secci\u00f3n env\u00eda tu aventura.<\/h2>\n<\/div><div class=\"kc-elm kc-css-134295\" style=\"height: 10px; clear: both; width:100%;\"><\/div><div class=\"kc-elm kc-css-12548 kc-raw-code\"><div class=\"su-button-center\"><a href=\"http:\/\/rolmasters.com\/aventuras\/publica-tu-aventura\/\" class=\"su-button su-button-style-default\" style=\"color:#FFFFFF;background-color:#fb5250;border-color:#c94240;border-radius:7px;-moz-border-radius:7px;-webkit-border-radius:7px\" target=\"_blank\"><span style=\"color:#FFFFFF;padding:7px 20px;font-size:16px;line-height:24px;border-color:#fc8685;border-radius:7px;-moz-border-radius:7px;-webkit-border-radius:7px;text-shadow:none;-moz-text-shadow:none;-webkit-text-shadow:none\"><img decoding=\"async\" src=\"http:\/\/rolmasters.com\/wp-content\/uploads\/2017\/09\/ADMIN-ICON-ROLMASTERS.png\" alt=\"PUBLICA TU AVENTURA\" style=\"width:24px;height:24px\" \/> PUBLICA TU AVENTURA<\/span><\/a><\/div><\/div><div class=\"kc-elm kc-css-840762\" style=\"height: 30px; clear: both; width:100%;\"><\/div><\/div><\/div><\/div><\/div><\/section><section id=\"franjaborde2\" data-kc-fullwidth=\"row\" class=\"kc-elm kc-css-346598 kc_row\"><div class=\"kc-row-container  kc-container\"><div class=\"kc-wrap-columns\"><div class=\"kc-elm kc-css-836002 kc_col-sm-12 kc_column kc_col-sm-12\"><div class=\"kc-col-container\"><\/div><\/div><\/div><\/div><\/section><section class=\"kc-elm kc-css-286271 kc_row\"><div class=\"kc-row-container  kc-container\"><div class=\"kc-wrap-columns\"><div class=\"kc-elm kc-css-61178 kc_col-sm-12 kc_column kc_col-sm-12\"><div class=\"kc-col-container\"><div class=\"kc-elm kc-css-758474\" style=\"height: 55px; clear: both; width:100%;\"><\/div><div class=\"kc-elm kc-css-704698 kc_row kc_row_inner\"><div class=\"kc-elm kc-css-853444 kc_col-sm-4 kc_column_inner kc_col-sm-4\"><div class=\"kc_wrapper kc-col-inner-container\"><div class=\"kc-elm kc-css-856173\" style=\"height: 10px; clear: both; width:100%;\"><\/div><div class=\"kc-elm kc-css-636973 kc-animated kc-animate-eff-fadeIn kc_text_block\"><h1><img loading=\"lazy\" decoding=\"async\" class=\"aligncenter size-full\" src=\"http:\/\/rolmasters.com\/wp-content\/uploads\/2017\/09\/CROSSOVERS-ROLMASTERS.png\" alt=\"\" width=\"600\" height=\"348\" \/><\/h1>\n<\/div><\/div><\/div><div class=\"kc-elm kc-css-558160 kc_col-sm-4 kc_column_inner kc_col-sm-4\"><div class=\"kc_wrapper kc-col-inner-container\">\n<div class=\"kc-elm kc-css-47536 kc-image-hover-effects kc-img-effects-1 overlay_scale_in\">\n\n\t<a href=\"http:\/\/rolmasters.com\/aventuras\/crossovers\/\"><img decoding=\"async\" src=\"https:\/\/rolmasters.com\/wp-content\/uploads\/2017\/09\/Aquelarre-3-edicion-56.png\" alt=\"\"\/><\/a><a href=\"http:\/\/rolmasters.com\/aventuras\/crossovers\/\"><div class=\"overlay-effects\"><div class=\"content-title\">CROSSOVERS<\/div><\/div><\/a>\n<\/div><\/div><\/div><div class=\"kc-elm kc-css-961940 kc_col-sm-4 kc_column_inner kc_col-sm-4\"><div class=\"kc_wrapper kc-col-inner-container\"><div class=\"kc-elm kc-css-312572\" style=\"height: 10px; clear: both; width:100%;\"><\/div>\n<div class=\"kc-elm kc-css-992251 kc-title-wrap \">\n\n\t<h3 class=\"kc_title\"><a href=\"http:\/\/rolmasters.com\/aventuras\/crossovers\/\" class=\"kc_title_link\" title=\"\" target=\"\">Crossovers de Aquelarre<\/a><\/h3>\n<\/div>\n<div class=\"kc-elm kc-css-839032 kc_text_block\"><p>En esta secci\u00f3n encontrar\u00e9is material que entrecruza Aquelarre con otros juegos de rol. Ya sea a nivel de ambientaci\u00f3n, aventuras dise\u00f1adas para poder jugarse con dos juegos o reglas que permitan poder adaptar ambos juegos.<\/p>\n<\/div><\/div><\/div><\/div><\/div><\/div><\/div><\/div><\/section><section class=\"kc-elm kc-css-553127 kc_row\"><div class=\"kc-row-container  kc-container\"><div class=\"kc-wrap-columns\"><div class=\"kc-elm kc-css-642314 kc_col-sm-12 kc_column kc_col-sm-12\"><div class=\"kc-col-container\">\n<div class=\"kc-elm kc-css-588880 divider_line\">\n\t<div class=\"divider_inner divider_line2\">\n\t\t<i class=\"et-global\"><\/i>\t<\/div>\n<\/div>\n<div class=\"kc-elm kc-css-57549 kc_text_block\"><h1 style=\"text-align: center;\">AGRADECIMIENTOS ESPECIALES<\/h1>\n<\/div><div class=\"kc-elm kc-css-750505 kc_row kc_row_inner\"><div class=\"kc-elm kc-css-758979 kc_col-sm-6 kc_column_inner kc_col-sm-6\"><div class=\"kc_wrapper kc-col-inner-container\"><div class=\"kc-elm kc-css-480982 kc_text_block\"><p><img loading=\"lazy\" decoding=\"async\" class=\"alignleft size-thumbnail\" src=\"http:\/\/rolmasters.com\/wp-content\/uploads\/2017\/09\/Aquelarre-3-edicion-60.png\" alt=\"\" width=\"1191\" height=\"767\" \/><\/p>\n<\/div><\/div><\/div><div class=\"kc-elm kc-css-888364 kc_col-sm-6 kc_column_inner kc_col-sm-6\"><div class=\"kc_wrapper kc-col-inner-container\"><div class=\"kc-elm kc-css-355167 kc_text_block\"><p>Queremos agradecer a todos los que han hecho posible esta secci\u00f3n.<\/p>\n<p>En primer lugar evidentemente a todos los autores, por crear y compartir sus partidas de aquelarre.<\/p>\n<p>En segundo lugar a las fuentes y las webs de donde hemos recopilado todo este material y que citamos a continuaci\u00f3n.<\/p>\n<ul>\n<li>Ricard Ib\u00e1\u00f1ez: <a href=\"https:\/\/historol.blogspot.com.es\/\" target=\"_blank\" rel=\"noopener\">HISTOROL\u00a0<\/a><\/li>\n<li>Sinergia de rol: <a href=\"http:\/\/www.sinergiaderol.com\" target=\"_blank\" rel=\"noopener\">SINERGIA DE ROL\u00a0<\/a><\/li>\n<li>El Grimorio: <a href=\"http:\/\/elgrimorio.org\">EL GRIMORIO\u00a0<\/a><\/li>\n<li>Libro Juego: <a href=\"http:\/\/librojuegos.org\" target=\"_blank\" rel=\"noopener\">LIBROJUEGOS<\/a><\/li>\n<li>Antonio Polo: <a href=\"http:\/\/rolequest.blogspot.com.es\/\" target=\"_blank\" rel=\"noopener\">ROLE QUEST\u00a0<\/a><\/li>\n<li>Albert Tarr\u00e9s: <a href=\"http:\/\/greatfrezzerspanishversion.blogspot.com.es\/\" target=\"_blank\" rel=\"noopener\">AQUELARRE ADVANCED<\/a><\/li>\n<li>Santiago G\u00f3mez \u00abUrruela\u00bb: <a href=\"http:\/\/sombrasdeurruela.blogspot.com.es\" target=\"_blank\" rel=\"noopener\">SOMBRAS DE URRUELA<\/a><\/li>\n<li>Juan Pablo Fern\u00e1ndez del R\u00edo: <a href=\"http:\/\/manpang.blogspot.com.es\" target=\"_blank\" rel=\"noopener\">LA FORTALEZA DE MANPANG\u00a0<\/a><\/li>\n<li>Pepe: <a href=\"http:\/\/laspartidasdepepe.blogspot.com.es\" target=\"_blank\" rel=\"noopener\">PARTIDAS DE PEPE<\/a><\/li>\n<li>Orthanc: <a href=\"http:\/\/persorol.blogspot.com.es\/\" target=\"_blank\" rel=\"noopener\">PERSO ROL<\/a><\/li>\n<li>Antonio Peiro: <a href=\"http:\/\/akercodicem.blogspot.com.es\/\" target=\"_blank\" rel=\"noopener\">AKER CODICEM<\/a><\/li>\n<li>Manel G\u00f3mez Estruch:\u00a0<a href=\"http:\/\/comteestruch.blogspot.com.es\/\" target=\"_blank\" rel=\"noopener\">EL RINC\u00d3N DEL ROL<\/a><\/li>\n<li><a href=\"http:\/\/elguardiandelosarcanos.blogspot.com.es\/\" target=\"_blank\" rel=\"noopener\">EL GUARDI\u00c1N DE LOS ARCANOS<\/a><\/li>\n<li><a href=\"https:\/\/www.grupocodice.es\/\" target=\"_blank\" rel=\"noopener\">GRUPO CREATIVO CODICE<\/a><\/li>\n<\/ul>\n<p>En tercer y \u00faltimo lugar, pero no por ello menos importante, a vosotros: Jugadores y Directores de Juego, aficionados y lectores, que con vuestras descargas, lecturas y horas de juego hab\u00e9is hecho crecer este incre\u00edble universo que es Aquelarre.<\/p>\n<\/div><\/div><\/div><\/div><\/div><\/div><\/div><\/div><\/section>","protected":false},"excerpt":{"rendered":"<div class='heateor_sss_sharing_container heateor_sss_vertical_sharing heateor_sss_bottom_sharing' style='width:44px;right: -10px;top: 250px;-webkit-box-shadow:none;box-shadow:none;' heateor-sss-data-href='https:\/\/rolmasters.com\/es\/wp-json\/wp\/v2\/pages\/378'><ul  class=\"heateor_sss_sharing_ul\"><li class=\"\"><i style=\"width:40px;height:40px;margin:0;\" alt=\"Facebook\" Title=\"Facebook\" class=\"heateorSssSharing heateorSssFacebookBackground\" onclick='heateorSssPopup(\"https:\/\/www.facebook.com\/sharer\/sharer.php?u=https%3A%2F%2Frolmasters.com%2Fes%2Fwp-json%2Fwp%2Fv2%2Fpages%2F378\")'><ss style=\"display:block;\" class=\"heateorSssSharingSvg heateorSssFacebookSvg\"><\/ss><\/i><\/li><li class=\"\"><i style=\"width:40px;height:40px;margin:0;\" alt=\"Twitter\" Title=\"Twitter\" class=\"heateorSssSharing heateorSssTwitterBackground\" onclick='heateorSssPopup(\"http:\/\/twitter.com\/intent\/tweet?text=ROLMASTERS%20-%20Tira%201D100&url=https%3A%2F%2Frolmasters.com%2Fes%2Fwp-json%2Fwp%2Fv2%2Fpages%2F378\")'><ss style=\"display:block;\" class=\"heateorSssSharingSvg heateorSssTwitterSvg\"><\/ss><\/i><\/li><li class=\"\"><i style=\"width:40px;height:40px;margin:0;\" alt=\"Whatsapp\" Title=\"Whatsapp\" class=\"heateorSssSharing heateorSssWhatsappBackground\"><a  href=\"whatsapp:\/\/send?text=ROLMASTERS%20-%20Tira%201D100 https%3A%2F%2Frolmasters.com%2Fes%2Fwp-json%2Fwp%2Fv2%2Fpages%2F378\" rel=\"nofollow\"><ss style=\"display:block\" class=\"heateorSssSharingSvg heateorSssWhatsappSvg\"><\/ss><\/a><\/i><\/li><\/ul><div class=\"heateorSssClear\"><\/div><\/div>","protected":false},"author":1,"featured_media":276,"parent":0,"menu_order":0,"comment_status":"closed","ping_status":"closed","template":"full-width.php","meta":{"footnotes":""},"_links":{"self":[{"href":"https:\/\/rolmasters.com\/es\/wp-json\/wp\/v2\/pages\/378"}],"collection":[{"href":"https:\/\/rolmasters.com\/es\/wp-json\/wp\/v2\/pages"}],"about":[{"href":"https:\/\/rolmasters.com\/es\/wp-json\/wp\/v2\/types\/page"}],"author":[{"embeddable":true,"href":"https:\/\/rolmasters.com\/es\/wp-json\/wp\/v2\/users\/1"}],"replies":[{"embeddable":true,"href":"https:\/\/rolmasters.com\/es\/wp-json\/wp\/v2\/comments?post=378"}],"version-history":[{"count":32,"href":"https:\/\/rolmasters.com\/es\/wp-json\/wp\/v2\/pages\/378\/revisions"}],"predecessor-version":[{"id":7607,"href":"https:\/\/rolmasters.com\/es\/wp-json\/wp\/v2\/pages\/378\/revisions\/7607"}],"wp:featuredmedia":[{"embeddable":true,"href":"https:\/\/rolmasters.com\/es\/wp-json\/wp\/v2\/media\/276"}],"wp:attachment":[{"href":"https:\/\/rolmasters.com\/es\/wp-json\/wp\/v2\/media?parent=378"}],"curies":[{"name":"wp","href":"https:\/\/api.w.org\/{rel}","templated":true}]}}