{"id":3715,"date":"2018-05-08T10:25:10","date_gmt":"2018-05-08T10:25:10","guid":{"rendered":"http:\/\/rolmasters.com\/?page_id=3715"},"modified":"2018-06-05T14:37:14","modified_gmt":"2018-06-05T14:37:14","slug":"tribunal-de-la-santa-inquisicion-aquelarre","status":"publish","type":"page","link":"https:\/\/rolmasters.com\/es\/fe\/tribunal-de-la-santa-inquisicion-aquelarre\/","title":{"rendered":"TRIBUNAL DE LA SANTA INQUISICI\u00d3N"},"content":{"rendered":"<section class=\"kc-elm kc-css-9012 kc_row\"><div class=\"kc-row-container  kc-container\"><div class=\"kc-wrap-columns\"><div class=\"kc-elm kc-css-303694 kc_col-sm-12 kc_column kc_col-sm-12\"><div class=\"kc-col-container\"><div class=\"kc-elm kc-css-104014 kc_row kc_row_inner\"><div class=\"kc-elm kc-css-743820 kc_col-sm-7 kc_column_inner kc_col-sm-7\"><div class=\"kc_wrapper kc-col-inner-container\"><div class=\"kc-elm kc-css-555195 kc_text_block\"><h3 style=\"color: #444444;\">LA INQUISICI\u00d3N Y EL PAPEL EN LA EDAD MEDIA<\/h3>\n<p>En esta p\u00e1gina nombramos y enlazamos todos los Inquisidores Generales de la Inquisici\u00f3n Espa\u00f1ola desde su creaci\u00f3n hasta su abolici\u00f3n. Pulsa sobre el nombre de cada uno de ellos y se abrir\u00e1 el enlace correspondiente en wikipedia.<\/p>\n<p><img decoding=\"async\" class=\"aligncenter size-full\" src=\"http:\/\/rolmasters.com\/wp-content\/uploads\/2017\/09\/Aquelarre-3-edicion-85.png\" alt=\"Inquisicion europea y espa\u00f1ola\" \/><\/p>\n<p>El t\u00e9rmino Inquisici\u00f3n o Santa Inquisici\u00f3n hace alusi\u00f3n a varias instituciones dedicadas a la supresi\u00f3n de la herej\u00eda mayoritariamente en el seno de la Iglesia cat\u00f3lica. La herej\u00eda en la era medieval europea muchas veces se castigaba con la pena de muerte y de esta se derivan todas las dem\u00e1s.<\/p>\n<p>La Inquisici\u00f3n medieval se fund\u00f3 en 1184 en la zona de Languedoc (en el sur de Francia) para combatir la herej\u00eda de los c\u00e1taros o albigenses. En 1249 se implant\u00f3 tambi\u00e9n en el reino de Arag\u00f3n, siendo la primera Inquisici\u00f3n estatal; y en la Edad Moderna, con la uni\u00f3n de Arag\u00f3n con Castilla, se extendi\u00f3 a \u00e9sta con el nombre de Inquisici\u00f3n espa\u00f1ola (1478-1821) bajo control directo de la monarqu\u00eda hisp\u00e1nica, cuyo \u00e1mbito de acci\u00f3n se extendi\u00f3 despu\u00e9s a los territorios colonizados en lo que se denominar\u00eda Am\u00e9rica, la Inquisici\u00f3n portuguesa (1536-1821) y la Inquisici\u00f3n romana (1542-1965). Sus v\u00edctimas eran seres humanos, e incluso animales, acusados de brujeria, los homosexuales, los blasfemos, los herejes (cristianos que niegan algunos de los dogmas instituidos por la Iglesia romana) y los acusados de judaizar en secreto.<\/p>\n<p><strong>ORIGEN<\/strong><br \/>\nEn respuesta al resurgimiento de la herej\u00eda de forma organizada, se produce en el siglo XII en el sur de Francia un cambio de opini\u00f3n dirigida contra la doctrina albigense, la cual no coincid\u00eda con los puntos de vista de la Iglesia cat\u00f3lica con relaci\u00f3n al matrimonio y otras instituciones de la sociedad. Como reacci\u00f3n, el papa Inocencio III organiz\u00f3 una cruzada contra los albigenses promulgando una legislaci\u00f3n punitiva contra ellos. Sin embargo, los esfuerzos iniciales destinados a someter la herej\u00eda no estuvieron bien coordinados y fueron ineficaces.<\/p>\n<p><strong>INQUISICI\u00d3N MEDIEVAL<\/strong><br \/>\nAunque el procedimiento inquisitorial como medio para combatir la herej\u00eda es una pr\u00e1ctica antigua de la Iglesia cat\u00f3lica, la Inquisici\u00f3n episcopal, primera f\u00f3rmula de la Inquisici\u00f3n medieval, fue establecida en 1184 mediante la bula del papa Lucio III Ad abolendam, como un instrumento para acabar con la herej\u00eda c\u00e1tara. El castigo f\u00edsico a los herejes hab\u00eda sido dispuesto con anterioridad por Federico II Hohenstaufen, la instituci\u00f3n de la Inquisici\u00f3n se dio para detener los abusos que estos procesos podr\u00edan sufrir por parte del poder civil. Mediante esta bula, se exig\u00eda a los obispos que interviniesen activamente para extirpar la herej\u00eda y se les otorgaba la potestad de juzgar y condenar a los herejes de su di\u00f3cesis.<\/p>\n<p>A las anteriores disposiciones [&#8230;] agregamos el que cualquier arzobispo u obispo, por s\u00ed o por su archidi\u00e1cono o por otras personas honestas e id\u00f3neas, una o dos veces al a\u00f1o, inspeccione las parroquias en las que se sospeche que habitan herejes; y all\u00ed obligue a tres o m\u00e1s varones de buena fama, o si pareciese necesario a toda la vecindad, a que bajo juramento indiquen al obispo o al archidi\u00e1cono si conocen all\u00ed herejes, o a algunos que celebren reuniones ocultas o se aparten de la vida, las costumbres o el trato com\u00fan de los fieles.<\/p>\n<p>En las siguientes d\u00e9cadas, el proceso de la Inquisici\u00f3n result\u00f3 intermitente y contradictorio en muchas ocasiones. Un ejemplo fue el caso del primer director de la Inquisici\u00f3n de Hungr\u00eda, Paulus Hungarus, quien defendi\u00f3 a los chamanes paganos h\u00fangaros vali\u00e9ndose de su influencia con el Papa Inocencio III. Adem\u00e1s, asegur\u00f3 que estos al adorar al sol adoraban al ente supremo que era el mismo Dios, as\u00ed que no hallaba raz\u00f3n para condenarlos. Paulus Hungarus fue uno de los primeros frailes dominicos, quien escribi\u00f3 importantes documentos como la Suma de poenitentiae, tendiendo las bases de la nueva orden a petici\u00f3n de Domingo de Guzm\u00e1n. Sin embargo, Paulus fue destituido y reemplazado por un religioso m\u00e1s estricto cerca de 1232, despu\u00e9s de haberse iniciado propiamente la Inquisici\u00f3n.<\/p>\n<p>En 1231, ante el fracaso de la Inquisici\u00f3n episcopal, denominada as\u00ed porque no depend\u00eda de una autoridad central, sino que era administrada por los obispos locales, Gregorio IX cre\u00f3 mediante la bula Excommunicamus la Inquisici\u00f3n pontificia o Inquisici\u00f3n papal, dirigida directamente por el Papa y dominada por las \u00f3rdenes mendicantes, especialmente los dominicos. El hecho de que religiosos bajo el control directo del Papa tuvieran a su cargo los tribunales, fue un freno a su expansi\u00f3n, ya que algunos obispos no quer\u00edan ver limitado su poder en una di\u00f3cesis por la presencia de estos organismos papales.<\/p>\n<p>En 1252, el papa Inocencio IV autoriz\u00f3 en la bula Ad extirpanda el uso de la tortura para obtener la confesi\u00f3n de los reos. Se recomendaba a los torturadores no se excedieran hasta el punto de mutilar al reo o finiquitarlos. Las penas eran variables. Los que se negaban a abjurar, \u00abherejes relapsos\u00bb, eran entregados al brazo secular para la ejecuci\u00f3n de la pena de muerte.<\/p>\n<p>La Inquisici\u00f3n pontificia funcion\u00f3 sobre todo en el sur de Francia y en el norte de Italia. En Espa\u00f1a, existi\u00f3 en la Corona de Arag\u00f3n desde 1249, pero no en la de Castilla.<\/p>\n<p><strong>LA INQUISICI\u00d3N ESPA\u00d1OLA<\/strong><br \/>\nLa Inquisici\u00f3n real se implant\u00f3 en la Corona de Castilla en 1478 por la bula del papa\u00a0Sixto IV\u00a0Exigit sincerae devotionis\u00a0con la finalidad de combatir las pr\u00e1cticas judaizantes de los\u00a0judeoconversos\u00a0de\u00a0Sevilla. A diferencia de la Inquisici\u00f3n medieval, depend\u00eda directamente de la monarqu\u00eda, es decir, de los\u00a0Reyes Cat\u00f3licos. Tras una nueva bula emitida en 1483, la Inquisici\u00f3n se extendi\u00f3 a los reinos de la Corona de Arag\u00f3n, incluyendo\u00a0Sicilia\u00a0y\u00a0Cerde\u00f1a, y a los territorios de Am\u00e9rica (hubo tribunales de la Inquisici\u00f3n en\u00a0M\u00e9xico,\u00a0Lima\u00a0y\u00a0Cartagena de Indias), y se nombr\u00f3\u00a0Inquisidor General\u00a0a\u00a0Tom\u00e1s de Torquemada. La Inquisici\u00f3n se convirti\u00f3 en la \u00fanica instituci\u00f3n com\u00fan a todos los espa\u00f1oles, con excepci\u00f3n de la propia Corona, a quien serv\u00eda como instrumento del poder real: era un organismo policial interestatal, capaz de actuar a ambos lados de las fronteras entre las coronas de Castilla y Arag\u00f3n, mientras que los agentes ordinarios de la Corona no pod\u00edan rebasar los l\u00edmites jurisdiccionales de sus respectivos reinos.<\/p>\n<p><strong>M\u00c9TODOS DE TORTURA<\/strong><br \/>\nLos acusados eran interrogados, a veces mediante torturas, y castigados si se les encontraba culpables, requis\u00e1ndose sus bienes. Tambi\u00e9n, se pod\u00edan arrepentir de su acusaci\u00f3n y recibir la reconciliaci\u00f3n con la iglesia.<\/p>\n<p>Seg\u00fan la Iglesia cat\u00f3lica, se adopt\u00f3 el m\u00e9todo de la tortura (lo cual era socialmente aceptado en el contexto de la \u00e9poca) solo en casos excepcionales. El procedimiento inquisitorial se regulaba minuciosamente en las pr\u00e1cticas de interrogaci\u00f3n. No todos los m\u00e9todos de tortura aceptados civilmente eran avalados por la Iglesia cat\u00f3lica y para que un acusado fuese enviado a tortura, deb\u00eda ser perseguido por un crimen considerado grave, y el tribunal deb\u00eda tener tambi\u00e9n sospechas fundadas de su culpabilidad.<\/p>\n<p>A pesar del uso de la tortura, el procedimiento inquisitorial representa un avance en la historia de la legislaci\u00f3n. Por un lado, definitivamente descart\u00f3 el uso de la ordal\u00eda como medio de obtenci\u00f3n de pruebas, reemplaz\u00e1ndola por el principio de prueba testimonial, el cual todav\u00eda tiene vigencia en las legislaciones de la actualidad. Por otro lado, se restablece el principio del Estado como fiscal o parte acusadora. Hasta ese tiempo, era la v\u00edctima la que ten\u00eda que demostrar la culpabilidad de su agresor, incluso en los procedimientos criminales m\u00e1s graves, esto frecuentemente era muy dif\u00edcil cuando la v\u00edctima era d\u00e9bil y el criminal poderoso. Pero en la Inquisici\u00f3n la v\u00edctima no es m\u00e1s que un simple testigo, tal y como sucede en la actualidad. Era la autoridad eclesi\u00e1stica quien ahora ten\u00eda sobre s\u00ed la carga de la prueba.<\/p>\n<p>Wikipedia: <a href=\"https:\/\/es.wikipedia.org\/wiki\/Inquisici%C3%B3n\">https:\/\/es.wikipedia.org\/wiki\/Inquisici%C3%B3n<\/a><\/p>\n<\/div><\/div><\/div><div class=\"kc-elm kc-css-396986 kc_col-sm-5 kc_column_inner kc_col-sm-5\"><div class=\"kc_wrapper kc-col-inner-container\"><div class=\"kc-elm kc_row kc_row_inner\"><div class=\"kc-elm kc_col-sm-1 kc_column_inner kc_col-sm-1\"><div class=\"kc_wrapper kc-col-inner-container\"><div class=\"kc-elm kc-css-672098 kc_text_block\"><p><img decoding=\"async\" class=\"aligncenter size-full\" src=\"http:\/\/rolmasters.com\/wp-content\/uploads\/2017\/09\/Aquelarre-3-edicion-54.png\" alt=\"Inquisidores Generales del Tribunal de la Santa Inquisicion, Aquelarre\" \/><\/p>\n<\/div><div class=\"kc-elm kc-css-141946 kc_text_block\"><h2 style=\"text-align: center;\">INQUISIDORES GENERALES<\/h2>\n<\/div><div class=\"kc-elm kc-css-970473 kc_text_block\"><p>1483-1498\u00a0<a style=\"font-style: inherit;\" title=\"Tom\u00e1s de Torquemada\" href=\"https:\/\/es.wikipedia.org\/wiki\/Tom%C3%A1s_de_Torquemada\" target=\"_blank\" rel=\"noopener\">Tom\u00e1s de Torquemada<\/a>,\u00a0Prior de Santa Cruz.<\/p>\n<p>1498-1507:\u00a0<a title=\"Diego de Deza\" href=\"https:\/\/es.wikipedia.org\/wiki\/Diego_de_Deza\" target=\"_blank\" rel=\"noopener\">Diego de Deza<\/a>, arzobispo de Sevilla.<\/p>\n<p>1507-1517:\u00a0<a title=\"Francisco Jim\u00e9nez de Cisneros\" href=\"https:\/\/es.wikipedia.org\/wiki\/Francisco_Jim%C3%A9nez_de_Cisneros\" target=\"_blank\" rel=\"noopener\">Francisco Jim\u00e9nez de Cisneros<\/a>: s\u00f3lo en la Corona de Castilla, cardenal y arzobispo de Toledo.<\/p>\n<p>1507-1513:\u00a0<a title=\"Juan Enguera\" href=\"https:\/\/es.wikipedia.org\/wiki\/Juan_Enguera\" target=\"_blank\" rel=\"noopener\">Juan Enguera<\/a>: s\u00f3lo en la Corona de Arag\u00f3n, obispo de Vich.<\/p>\n<p>1513-1516: <a class=\"mw-redirect\" title=\"Luis Mercader\" href=\"https:\/\/es.wikipedia.org\/wiki\/Luis_Mercader\" target=\"_blank\" rel=\"noopener\">Luis Mercader<\/a>: s\u00f3lo en la Corona de Arag\u00f3n, obispo de Tortosa.<\/p>\n<p>1516:\u00a0<a title=\"Adriano VI\" href=\"https:\/\/es.wikipedia.org\/wiki\/Adriano_VI\" target=\"_blank\" rel=\"noopener\">Adriano de Utrecht<\/a>: s\u00f3lo en la Corona de Arag\u00f3n; inquisidor general de Castilla y Arag\u00f3n (1518-1522), cardenal y obispo de Tortosa, papa Adriano VI (1522-1523).<\/p>\n<p>1523-1538:\u00a0<a title=\"Alonso Manrique\" href=\"https:\/\/es.wikipedia.org\/wiki\/Alonso_Manrique\" target=\"_blank\" rel=\"noopener\">Alonso Manrique<\/a>, cardenal y arzobispo de Sevilla.<\/p>\n<p>1539-1545:\u00a0<a title=\"Juan Pardo de Tavera\" href=\"https:\/\/es.wikipedia.org\/wiki\/Juan_Pardo_de_Tavera\" target=\"_blank\" rel=\"noopener\">Juan Pardo de Tavera<\/a>, arzobispo de Toledo.<\/p>\n<p>1546:\u00a0<a title=\"Garc\u00eda de Loaysa y Mendoza\" href=\"https:\/\/es.wikipedia.org\/wiki\/Garc%C3%ADa_de_Loaysa_y_Mendoza\" target=\"_blank\" rel=\"noopener\">Garc\u00eda de Loaysa y Mendoza<\/a>, arzobispo de Sevilla.<\/p>\n<p>1547-1566:\u00a0<a title=\"Fernando de Vald\u00e9s y Salas\" href=\"https:\/\/es.wikipedia.org\/wiki\/Fernando_de_Vald%C3%A9s_y_Salas\" target=\"_blank\" rel=\"noopener\">Fernando de Vald\u00e9s<\/a>, arzobispo de Sevilla. Renunci\u00f3 en 1566.<\/p>\n<p>1567-1572:\u00a0<a title=\"Diego de Espinosa\" href=\"https:\/\/es.wikipedia.org\/wiki\/Diego_de_Espinosa\" target=\"_blank\" rel=\"noopener\">Diego de Espinosa<\/a>, obispo de Sig\u00fcenza.<\/p>\n<p>1573-1594:\u00a0<a class=\"mw-redirect\" title=\"Gaspar de Quiroga\" href=\"https:\/\/es.wikipedia.org\/wiki\/Gaspar_de_Quiroga\" target=\"_blank\" rel=\"noopener\">Gaspar de Quiroga<\/a>, cardenal y arzobispo de Toledo.<\/p>\n<p>1595:\u00a0<a title=\"Jer\u00f3nimo Manrique de Lara\" href=\"https:\/\/es.wikipedia.org\/wiki\/Jer%C3%B3nimo_Manrique_de_Lara\" target=\"_blank\" rel=\"noopener\">Jer\u00f3nimo Manrique de Lara<\/a>, obispo de \u00c1vila.<\/p>\n<p>1596-1599:\u00a0<a title=\"Pedro Portocarrero (inquisidor general)\" href=\"https:\/\/es.wikipedia.org\/wiki\/Pedro_Portocarrero_(inquisidor_general)\" target=\"_blank\" rel=\"noopener\">Pedro Portocarrero<\/a>, obispo de Calahorra, despu\u00e9s de C\u00f3rdoba. Renunci\u00f3.<\/p>\n<p>1599-1602:\u00a0<a title=\"Fernando Ni\u00f1o de Guevara\" href=\"https:\/\/es.wikipedia.org\/wiki\/Fernando_Ni%C3%B1o_de_Guevara\" target=\"_blank\" rel=\"noopener\">Fernando Ni\u00f1o de Guevara<\/a>, cardenal y arzobispo de Sevilla. Renunci\u00f3.<\/p>\n<p>1602:\u00a0<a title=\"Juan de Z\u00fa\u00f1iga y Flores\" href=\"https:\/\/es.wikipedia.org\/wiki\/Juan_de_Z%C3%BA%C3%B1iga_y_Flores\" target=\"_blank\" rel=\"noopener\">Juan de Z\u00fa\u00f1iga y Flores<\/a>, obispo de Cartagena.<\/p>\n<p>1603-1608:\u00a0<a class=\"mw-redirect\" title=\"Juan Bautista de Acevedo\" href=\"https:\/\/es.wikipedia.org\/wiki\/Juan_Bautista_de_Acevedo\" target=\"_blank\" rel=\"noopener\">Juan Bautista de Acevedo<\/a>, obispo de Valladolid.<\/p>\n<p>1608-1618:\u00a0<a title=\"Bernardo de Sandoval y Rojas\" href=\"https:\/\/es.wikipedia.org\/wiki\/Bernardo_de_Sandoval_y_Rojas\" target=\"_blank\" rel=\"noopener\">Bernardo de Sandoval y Rojas<\/a>, cardenal y arzobispo de Toledo.<\/p>\n<p>1619-1621:\u00a0<a title=\"Luis de Aliaga\" href=\"https:\/\/es.wikipedia.org\/wiki\/Luis_de_Aliaga\" target=\"_blank\" rel=\"noopener\">Luis de Aliaga<\/a>, confesor real. Renunci\u00f3.<\/p>\n<p>1622-1626:\u00a0<a title=\"Andr\u00e9s Pacheco\" href=\"https:\/\/es.wikipedia.org\/wiki\/Andr%C3%A9s_Pacheco\" target=\"_blank\" rel=\"noopener\">Andr\u00e9s Pacheco<\/a>, obispo de Cuenca.<\/p>\n<p>1627-1632:\u00a0<a title=\"Antonio Zapata y Cisneros\" href=\"https:\/\/es.wikipedia.org\/wiki\/Antonio_Zapata_y_Cisneros\" target=\"_blank\" rel=\"noopener\">Antonio Zapata y Cisneros<\/a>, cardenal y arzobispo de Burgos. Renunci\u00f3.<\/p>\n<p>1632-1643:\u00a0<a title=\"Antonio de Sotomayor\" href=\"https:\/\/es.wikipedia.org\/wiki\/Antonio_de_Sotomayor\" target=\"_blank\" rel=\"noopener\">Antonio de Sotomayor<\/a>, arzobispo de Damasco.<\/p>\n<p>1643-1665:\u00a0<a title=\"Diego de Arce y Reinoso\" href=\"https:\/\/es.wikipedia.org\/wiki\/Diego_de_Arce_y_Reinoso\" target=\"_blank\" rel=\"noopener\">Diego de Arce y Reinoso<\/a>, obispo de Plasencia.<\/p>\n<p>1665:\u00a0<a title=\"Pascual de Arag\u00f3n\" href=\"https:\/\/es.wikipedia.org\/wiki\/Pascual_de_Arag%C3%B3n\" target=\"_blank\" rel=\"noopener\">Pascual de Arag\u00f3n<\/a>, arzobispo de Toledo. Renunci\u00f3.<\/p>\n<p>1666-1669:\u00a0<a title=\"Juan Everardo Nithard\" href=\"https:\/\/es.wikipedia.org\/wiki\/Juan_Everardo_Nithard\" target=\"_blank\" rel=\"noopener\">Juan Everardo Nithard<\/a>\u00a0S.J., confesor del rey, cardenal y arzobispo de Edesa. Renunci\u00f3.<\/p>\n<p>1669-1695:\u00a0<a class=\"mw-redirect\" title=\"Diego Sarmiento de Valladares\" href=\"https:\/\/es.wikipedia.org\/wiki\/Diego_Sarmiento_de_Valladares\" target=\"_blank\" rel=\"noopener\">Diego Sarmiento de Valladares<\/a>, obispo de Plasencia.<\/p>\n<p>1695-1699:\u00a0<a title=\"Juan Tom\u00e1s de Rocabert\u00ed\" href=\"https:\/\/es.wikipedia.org\/wiki\/Juan_Tom%C3%A1s_de_Rocabert%C3%AD\" target=\"_blank\" rel=\"noopener\">Juan Tom\u00e1s de Rocabert\u00ed<\/a>, arzobispo de Valencia.<\/p>\n<p>1699:\u00a0<a title=\"Alonso Fern\u00e1ndez de C\u00f3rdoba y Figueroa\" href=\"https:\/\/es.wikipedia.org\/wiki\/Alonso_Fern%C3%A1ndez_de_C%C3%B3rdoba_y_Figueroa\" target=\"_blank\" rel=\"noopener\">Alonso de Aguilar<\/a>, cardenal. Nombrado por Carlos II, muri\u00f3 antes de que llegase la bula papal de confirmaci\u00f3n.<\/p>\n<p>1699-1705:\u00a0<a title=\"Baltasar de Mendoza y Sandoval\" href=\"https:\/\/es.wikipedia.org\/wiki\/Baltasar_de_Mendoza_y_Sandoval\" target=\"_blank\" rel=\"noopener\">Baltasar de Mendoza y Sandoval<\/a>, obispo de Segovia. Fue cesado por Felipe V por sus simpat\u00edas austracistas durante la guerra de sucesi\u00f3n.<\/p>\n<p>1705-1709:\u00a0<a title=\"Vidal Mar\u00edn del Campo\" href=\"https:\/\/es.wikipedia.org\/wiki\/Vidal_Mar%C3%ADn_del_Campo\" target=\"_blank\" rel=\"noopener\">Vidal Mar\u00edn del Campo<\/a>, obispo de Ceuta.<\/p>\n<p>1709-1710:\u00a0<a title=\"Antonio Ib\u00e1\u00f1ez de la Riva Herrera\" href=\"https:\/\/es.wikipedia.org\/wiki\/Antonio_Ib%C3%A1%C3%B1ez_de_la_Riva_Herrera\" target=\"_blank\" rel=\"noopener\">Antonio Ib\u00e1\u00f1ez de la Riva Herrera<\/a>, arzobispo de Zaragoza.<\/p>\n<p>1711-1716:\u00a0<a title=\"Francesco del Giudice\" href=\"https:\/\/es.wikipedia.org\/wiki\/Francesco_del_Giudice\" target=\"_blank\" rel=\"noopener\">Francesco del Giudice<\/a>, cardenal. Renunci\u00f3.<\/p>\n<p>1717:\u00a0<a title=\"Jos\u00e9 Molines\" href=\"https:\/\/es.wikipedia.org\/wiki\/Jos%C3%A9_Molines\" target=\"_blank\" rel=\"noopener\">Jos\u00e9 Molines<\/a>, auditor de la Rota romana. Preso en Mil\u00e1n por las tropas austriacas, muri\u00f3 durante su cautiverio.<\/p>\n<p>1720:\u00a0<a title=\"Juan de Arzamendi\" href=\"https:\/\/es.wikipedia.org\/wiki\/Juan_de_Arzamendi\" target=\"_blank\" rel=\"noopener\">Juan de Arzamendi<\/a>, nombrado por Felipe V, muri\u00f3 antes de tomar posesi\u00f3n del cargo.<\/p>\n<p>1720:\u00a0<a title=\"Diego de Astorga y C\u00e9spedes\" href=\"https:\/\/es.wikipedia.org\/wiki\/Diego_de_Astorga_y_C%C3%A9spedes\" target=\"_blank\" rel=\"noopener\">Diego de Astorga y C\u00e9spedes<\/a>, obispo de Barcelona. Renunci\u00f3.<\/p>\n<p>1720-1733:\u00a0<a title=\"Juan de Camargo Angulo\" href=\"https:\/\/es.wikipedia.org\/wiki\/Juan_de_Camargo_Angulo\" target=\"_blank\" rel=\"noopener\">Juan de Camargo Angulo<\/a>, obispo de Pamplona.<\/p>\n<p>1733-1740:\u00a0<a title=\"Andr\u00e9s de Orbe y Larre\u00e1tegui\" href=\"https:\/\/es.wikipedia.org\/wiki\/Andr%C3%A9s_de_Orbe_y_Larre%C3%A1tegui\" target=\"_blank\" rel=\"noopener\">Andr\u00e9s de Orbe y Larre\u00e1tegui<\/a>, arzobispo de Valencia.<\/p>\n<p>1742-1746:\u00a0<a title=\"Manuel Isidro Orozco Manrique de Lara\" href=\"https:\/\/es.wikipedia.org\/wiki\/Manuel_Isidro_Orozco_Manrique_de_Lara\" target=\"_blank\" rel=\"noopener\">Manuel Isidro Orozco Manrique de Lara<\/a>, arzobispo de Santiago.<\/p>\n<p>1746-1755:\u00a0<a title=\"Francisco P\u00e9rez de Prado y Cuesta\" href=\"https:\/\/es.wikipedia.org\/wiki\/Francisco_P%C3%A9rez_de_Prado_y_Cuesta\" target=\"_blank\" rel=\"noopener\">Francisco P\u00e9rez de Prado y Cuesta<\/a>, obispo de Teruel.<\/p>\n<p>1755-1774:\u00a0<a title=\"Manuel Quintano Bonifaz\" href=\"https:\/\/es.wikipedia.org\/wiki\/Manuel_Quintano_Bonifaz\" target=\"_blank\" rel=\"noopener\">Manuel Quintano Bonifaz<\/a>, arzobispo de Farsala. Renunci\u00f3.<\/p>\n<p>1775-1783:\u00a0<a title=\"Felipe Bertr\u00e1n\" href=\"https:\/\/es.wikipedia.org\/wiki\/Felipe_Bertr%C3%A1n\" target=\"_blank\" rel=\"noopener\">Felipe Beltr\u00e1n Serrano<\/a>, obispo de Salamanca.<\/p>\n<p>1784-1793:\u00a0<a title=\"Agust\u00edn Rub\u00edn de Ceballos\" href=\"https:\/\/es.wikipedia.org\/wiki\/Agust%C3%ADn_Rub%C3%ADn_de_Ceballos\" target=\"_blank\" rel=\"noopener\">Agust\u00edn Rub\u00edn de Ceballos<\/a>, obispo de Ja\u00e9n.<\/p>\n<p>1793-1794:\u00a0<a title=\"Manuel Abad y Lasierra\" href=\"https:\/\/es.wikipedia.org\/wiki\/Manuel_Abad_y_Lasierra\" target=\"_blank\" rel=\"noopener\">Manuel Abad y Lasierra<\/a>, obispo de Astorga y arzobispo de Selimbria.<\/p>\n<p>1794-1797:\u00a0<a class=\"mw-redirect\" title=\"Francisco Antonio de Lorenzana\" href=\"https:\/\/es.wikipedia.org\/wiki\/Francisco_Antonio_de_Lorenzana\" target=\"_blank\" rel=\"noopener\">Francisco Antonio de Lorenzana<\/a>, cardenal arzobispo de Toledo. Renunci\u00f3.<\/p>\n<p>1798-1808:\u00a0<a title=\"Ram\u00f3n Jos\u00e9 de Arce\" href=\"https:\/\/es.wikipedia.org\/wiki\/Ram%C3%B3n_Jos%C3%A9_de_Arce\" target=\"_blank\" rel=\"noopener\">Ram\u00f3n Jos\u00e9 de Arce<\/a>, arzobispo de Burgos y Zaragoza. Renunci\u00f3.<\/p>\n<\/div><\/div><\/div><\/div><div class=\"kc-elm kc-css-946005\" style=\"height: 20px; clear: both; width:100%;\"><\/div><\/div><\/div><\/div><\/div><\/div><\/div><\/div><\/section>","protected":false},"excerpt":{"rendered":"<div class='heateor_sss_sharing_container heateor_sss_vertical_sharing heateor_sss_bottom_sharing' style='width:44px;right: -10px;top: 250px;-webkit-box-shadow:none;box-shadow:none;' heateor-sss-data-href='https:\/\/rolmasters.com\/es\/wp-json\/wp\/v2\/pages\/3715'><ul  class=\"heateor_sss_sharing_ul\"><li class=\"\"><i style=\"width:40px;height:40px;margin:0;\" alt=\"Facebook\" Title=\"Facebook\" class=\"heateorSssSharing heateorSssFacebookBackground\" onclick='heateorSssPopup(\"https:\/\/www.facebook.com\/sharer\/sharer.php?u=https%3A%2F%2Frolmasters.com%2Fes%2Fwp-json%2Fwp%2Fv2%2Fpages%2F3715\")'><ss style=\"display:block;\" class=\"heateorSssSharingSvg heateorSssFacebookSvg\"><\/ss><\/i><\/li><li class=\"\"><i style=\"width:40px;height:40px;margin:0;\" alt=\"Twitter\" Title=\"Twitter\" class=\"heateorSssSharing heateorSssTwitterBackground\" onclick='heateorSssPopup(\"http:\/\/twitter.com\/intent\/tweet?text=ROLMASTERS%20-%20Tira%201D100&url=https%3A%2F%2Frolmasters.com%2Fes%2Fwp-json%2Fwp%2Fv2%2Fpages%2F3715\")'><ss style=\"display:block;\" class=\"heateorSssSharingSvg heateorSssTwitterSvg\"><\/ss><\/i><\/li><li class=\"\"><i style=\"width:40px;height:40px;margin:0;\" alt=\"Whatsapp\" Title=\"Whatsapp\" class=\"heateorSssSharing heateorSssWhatsappBackground\"><a  href=\"whatsapp:\/\/send?text=ROLMASTERS%20-%20Tira%201D100 https%3A%2F%2Frolmasters.com%2Fes%2Fwp-json%2Fwp%2Fv2%2Fpages%2F3715\" rel=\"nofollow\"><ss style=\"display:block\" class=\"heateorSssSharingSvg heateorSssWhatsappSvg\"><\/ss><\/a><\/i><\/li><\/ul><div class=\"heateorSssClear\"><\/div><\/div>","protected":false},"author":1,"featured_media":4028,"parent":3934,"menu_order":0,"comment_status":"closed","ping_status":"closed","template":"full-width.php","meta":{"footnotes":""},"_links":{"self":[{"href":"https:\/\/rolmasters.com\/es\/wp-json\/wp\/v2\/pages\/3715"}],"collection":[{"href":"https:\/\/rolmasters.com\/es\/wp-json\/wp\/v2\/pages"}],"about":[{"href":"https:\/\/rolmasters.com\/es\/wp-json\/wp\/v2\/types\/page"}],"author":[{"embeddable":true,"href":"https:\/\/rolmasters.com\/es\/wp-json\/wp\/v2\/users\/1"}],"replies":[{"embeddable":true,"href":"https:\/\/rolmasters.com\/es\/wp-json\/wp\/v2\/comments?post=3715"}],"version-history":[{"count":12,"href":"https:\/\/rolmasters.com\/es\/wp-json\/wp\/v2\/pages\/3715\/revisions"}],"predecessor-version":[{"id":4244,"href":"https:\/\/rolmasters.com\/es\/wp-json\/wp\/v2\/pages\/3715\/revisions\/4244"}],"up":[{"embeddable":true,"href":"https:\/\/rolmasters.com\/es\/wp-json\/wp\/v2\/pages\/3934"}],"wp:featuredmedia":[{"embeddable":true,"href":"https:\/\/rolmasters.com\/es\/wp-json\/wp\/v2\/media\/4028"}],"wp:attachment":[{"href":"https:\/\/rolmasters.com\/es\/wp-json\/wp\/v2\/media?parent=3715"}],"curies":[{"name":"wp","href":"https:\/\/api.w.org\/{rel}","templated":true}]}}