{"id":3310,"date":"2018-03-09T09:02:38","date_gmt":"2018-03-09T09:02:38","guid":{"rendered":"http:\/\/rolmasters.com\/?page_id=3310"},"modified":"2018-06-08T07:44:52","modified_gmt":"2018-06-08T07:44:52","slug":"cuestionarre","status":"publish","type":"page","link":"https:\/\/rolmasters.com\/es\/cuestionarre\/","title":{"rendered":"CUESTIONARRE"},"content":{"rendered":"<section id=\"GRAN\" class=\"kc-elm kc-css-10044 kc_row\"><div class=\"kc-row-container  kc-container\"><div class=\"kc-wrap-columns\"><div class=\"kc-elm kc-css-251987 kc_col-sm-12 kc_column kc_col-sm-12\"><div class=\"kc-col-container\"><div class=\"kc-elm kc-css-439705 kc_row kc_row_inner\"><div class=\"kc-elm kc-css-422586 kc_col-sm-12 kc_column_inner kc_col-sm-12\"><div class=\"kc_wrapper kc-col-inner-container\">\n<div class=\"kc-elm kc-css-596824 kc-title-wrap \">\n\n\t<h1 class=\"kc_title\">Cuestionario de rolmasters \r\n<\/br>\r\nsobre aquelarre a: \r\n<\/br>\r\nVictor Jan\u00e9 Llopis<\/h1>\n<\/div>\n<\/div><\/div><\/div><div id=\"MIGFOTO\" class=\"kc-elm kc-css-768291 kc_row kc_row_inner\"><div class=\"kc-elm kc-css-778342 kc_col-sm-12 kc_column_inner kc_col-sm-12\"><div class=\"kc_wrapper kc-col-inner-container\"><div class=\"kc-elm kc-css-708557 kc_text_block\"><p><img decoding=\"async\" class=\"aligncenter\" src=\"http:\/\/rolmasters.com\/wp-content\/uploads\/2017\/09\/Aquelarre-3-edicion-6.png\" alt=\"\" \/><\/p>\n<\/div><\/div><\/div><\/div><div class=\"kc-elm kc-css-416975 kc_row kc_row_inner\"><div class=\"kc-elm kc-css-830423 kc_col-sm-12 kc_column_inner kc_col-sm-12\"><div class=\"kc_wrapper kc-col-inner-container\"><div class=\"kc-elm kc-css-988053 kc_text_block\"><h1>RUEDAN LOS DADOS<\/h1>\n<\/div><div class=\"kc-elm kc-css-924877 kc_text_block\"><p>1.- \u00bfCu\u00e1l es tu principal man\u00eda cuando haces una ficha de Aquelarre?<\/p>\n<\/div><div class=\"kc-elm kc-css-481490 kc_text_block\"><p>Buscar algo que pueda diferenciar a mi Pj del resto y lo convierta en \u00fanico. Puede ser algo bueno o malo lo importante es que no deje indiferentes a los Jugadores y dote al Pj de vida propia al no ser simplemente uno m\u00e1s.<\/p>\n<\/div><div class=\"kc-elm kc-css-477304 kc_text_block\"><p>2.- \u00bfQu\u00e9 competencias siempre refuerzas, sea cual sea tu personaje?<\/p>\n<\/div><div class=\"kc-elm kc-css-934498 kc_text_block\"><p><span style=\"font-style: inherit;\">Esquivar, sigilo, empat\u00eda, otear<\/span><\/p>\n<\/div><div class=\"kc-elm kc-css-400170 kc_text_block\"><p>3.- \u00bfQu\u00e9 profesi\u00f3n te divierte m\u00e1s?<\/p>\n<\/div><div class=\"kc-elm kc-css-382512 kc_text_block\"><p><span style=\"font-style: inherit;\">Ladr\u00f3n<\/span><\/p>\n<\/div><div class=\"kc-elm kc-css-432873 kc_text_block\"><p>4.- \u00bfCu\u00e1l es tu arma preferida?<\/p>\n<\/div><div class=\"kc-elm kc-css-954819 kc_text_block\"><p><span style=\"font-style: inherit;\">Pelea<\/span><\/p>\n<\/div><div class=\"kc-elm kc-css-266080 kc_text_block\"><p>5.- \u00bfQu\u00e9 hechizo tendr\u00edas (llevas) siempre en tu grimorio?<\/p>\n<\/div><div class=\"kc-elm kc-css-945739 kc_text_block\"><p><span style=\"font-style: inherit;\">Ung\u00fcento de brujas<\/span><\/p>\n<\/div><div class=\"kc-elm kc-css-458568 kc_text_block\"><p>6.- \u00bfCu\u00e1l es tu ser irracional o mitol\u00f3gico preferido?<\/p>\n<\/div><div class=\"kc-elm kc-css-156158 kc_text_block\"><p><span style=\"font-style: inherit;\">El esmolet del m\u00f3dulo dracs<\/span><\/p>\n<\/div><div class=\"kc-elm kc-css-684671\" style=\"height: 30px; clear: both; width:100%;\"><\/div><div class=\"kc-elm kc-css-266223 kc_text_block\"><h1>ESPADAS EN ALTO<\/h1>\n<\/div><div class=\"kc-elm kc-css-316473 kc_text_block\"><p>7.- \u00bfQu\u00e9 Pj recuerdas con m\u00e1s cari\u00f1o?<\/p>\n<\/div><div class=\"kc-elm kc-css-556265 kc_text_block\"><p>Un mago llamado Jeroni \u00abel Poder\u00f3s\u00bb<\/p>\n<\/div><div class=\"kc-elm kc-css-850576 kc_text_block\"><p>8.- \u00bfQu\u00e9 Pnj te encant\u00f3 interpretar?<\/p>\n<\/div><div class=\"kc-elm kc-css-888298 kc_text_block\"><p><span style=\"font-style: inherit;\">Alvar, un hostalero que ejercia a la vez de criado de los Pjs en una gran casa se\u00f1orial en la ciudad de barcelona.<\/span><\/p>\n<\/div><div class=\"kc-elm kc-css-108499 kc_text_block\"><p>9.- \u00bfQu\u00e9 escena, como jugador, te qued\u00f3 grabada?<\/p>\n<\/div><div class=\"kc-elm kc-css-805763 kc_text_block\"><p><span style=\"font-style: inherit;\">Con Lope muchas XD !!! especialmente una donde tiro en su tabla y le corto un brazo a un abad de un solo tajo.<\/span><\/p>\n<\/div><div class=\"kc-elm kc-css-834241 kc_text_block\"><p>10- \u00bfCu\u00e1l es ese cr\u00edtico o tirada que te enorgullece y encumbr\u00f3 a tu personaje?<\/p>\n<\/div><div class=\"kc-elm kc-css-528674 kc_text_block\"><p><span style=\"font-style: inherit;\">El d\u00eda que Lope, en un sucio sotano judio, mat\u00f3 a un G\u00f3lem con su primer golpe.<\/span><\/p>\n<\/div><div class=\"kc-elm kc-css-347881 kc_text_block\"><p><span style=\"font-style: inherit;\">11.- \u00bfCu\u00e1l es el Big Boss m\u00e1s temible que recuerdas o te has enfrentado?<\/span><\/p>\n<\/div><div class=\"kc-elm kc-css-57789 kc_text_block\"><p><span style=\"font-style: inherit;\">La Sierpe Gigante de la tumba secreta del \u00faltimo rey visigodo, Rodrigo, oculta en en los t\u00faneles que se extienden debajo de Toledo.<\/span><\/p>\n<\/div><div class=\"kc-elm kc-css-98600 kc_text_block\"><p>12- \u00bfCu\u00e1l fue la tirada de suerte m\u00e1s afortunada que recuerdas?<\/p>\n<\/div><div class=\"kc-elm kc-css-468174 kc_text_block\"><p><span style=\"font-style: inherit;\">La de memoria que me ayud\u00f3 a contestar esta pregunta.<\/span><\/p>\n<\/div><div class=\"kc-elm kc-css-806233 kc_text_block\"><p>13.- \u00bfCu\u00e1l es esa pifia que cambio la historia y a\u00fan te r\u00edes?<\/p>\n<\/div><div class=\"kc-elm kc-css-74276 kc_text_block\"><p><span style=\"font-style: inherit;\">La pifia de Dani, jugador de mi grupo habitual, que le cost\u00f3 la vida a Diego, el Pnj veterinario de Holly Horses, en una de las primeras tiradas del excel: maneja tu empresa medieval creado por nuestro querido Dj Marc Enrich<\/span><\/p>\n<\/div><div class=\"kc-elm kc-css-255152 kc_text_block\"><p><span style=\"font-style: inherit;\">14.- \u00bfCu\u00e1l ha sido el giro argumental del Dj m\u00e1s dram\u00e1tico en una partida de Aquelarre?<\/span><\/p>\n<\/div><div class=\"kc-elm kc-css-714502 kc_text_block\"><p><span style=\"font-style: inherit;\">BUUUUUAAAAA &#8211; COMPLICATED!!!!<\/span><\/p>\n<\/div><div class=\"kc-elm kc-css-905603 kc_text_block\"><p><span style=\"font-style: inherit;\">15- \u00bfUna salida que nunca imaginaste?<\/span><\/p>\n<\/div><div class=\"kc-elm kc-css-345547 kc_text_block\"><p>Siempre recordar\u00e9 con cari\u00f1o una vez cuando despu\u00e9s de describir una estancia con\u00a0 cuatro ventanas con barrotes, donde el grupo de Pjs estaba siendo acorralado por los villanos, el Jugador que llevaba el mago dice, \u00absalgo volando por la ventana!\u00bb.<\/p>\n<\/div><div class=\"kc-elm kc-css-200460\" style=\"height: 30px; clear: both; width:100%;\"><\/div><div class=\"kc-elm kc-css-971328 kc_text_block\"><h1>LAS RECOMPENSAS<\/h1>\n<\/div><div class=\"kc-elm kc-css-214180 kc_text_block\"><p>16.- \u00bfC\u00f3mo Dj que an\u00e9cdota de partida siempre recuerdas?<\/p>\n<\/div><div class=\"kc-elm kc-css-221838 kc_text_block\"><p><span style=\"font-style: inherit;\">En la partida multigrupos que dirigimos en Barnal\u00fadica 2009, en una escena ya al final de la partida, donde un Pj desnudo enmedio de un gran aquelarre lanza una bolsa, repleta de monedas hasta los topes, que hab\u00eda robado al ganador de una timba clandest\u00edna a de dados esa noche, con intenci\u00f3n de acertar al mism\u00edsimo Silcharde.<\/span><\/p>\n<\/div><div class=\"kc-elm kc-css-482713 kc_text_block\"><p>17.- \u00bfCu\u00e1les han sido tus m\u00e1ximas riquezas o logros en Aquelarre?<\/p>\n<\/div><div class=\"kc-elm kc-css-354102 kc_text_block\"><p>Casar un Pj burgu\u00e9s enriquecido con doncella de la baja nobleza ascendiendo as\u00ed en el escalaf\u00f3n social, ah no! que eso aun no ha pasado! XD<\/p>\n<\/div><div class=\"kc-elm kc-css-131793 kc_text_block\"><p>18.- \u00bfQu\u00e9 edici\u00f3n del manual usas habitualmente y cu\u00e1l es tu m\u00f3dulo m\u00e1s querido?<\/p>\n<\/div><div class=\"kc-elm kc-css-314819 kc_text_block\"><p>La mia propia, se trata de un carpesano compuesto por el manual, en Catal\u00e0, de Joc m\u00e1s las partes imprescindibles de los m\u00f3dulos de Joc Rerum demoni y dracs y dos recopilatorios de Rolmasters, el de Profesiones y el de cronolog\u00edas.<span style=\"font-style: inherit;\">\u00a0<\/span><span style=\"font-style: inherit;\">Si tengo que elegir un m\u00f3dulo ser\u00eda Rerum Demoni (JOC), fue el primero que tube y me encanto, era un gran complemento al manual de la \u00e9poca.<\/span><\/p>\n<\/div><div class=\"kc-elm kc-css-844297 kc_text_block\"><p>19.- \u00bfMen\u00fa cl\u00e1sico para el d\u00eda de partida? \u00bfCervezas comerciales o artesanas?<\/p>\n<\/div><div class=\"kc-elm kc-css-983015 kc_text_block\"><p><span style=\"font-style: inherit;\">Pollo i Xibeca!<\/span><\/p>\n<\/div><div class=\"kc-elm kc-css-409641 kc_text_block\"><p>20.- Define brevemente qu\u00e9 es Aquelarre para ti y como esperas que evolucione el juego<\/p>\n<\/div><div class=\"kc-elm kc-css-948305 kc_text_block\"><p><span style=\"font-style: inherit;\">Aquelarre es el rol para mi. Simplemente espero que siga evolucionando eso ser\u00e1 sin\u00f3nimo de que sigue vivo y se juega.<\/span><\/p>\n<\/div><\/div><\/div><\/div><div class=\"kc-elm kc-css-478993 kc_row kc_row_inner\"><div class=\"kc-elm kc-css-157056 kc_col-sm-12 kc_column_inner kc_col-sm-12\"><div class=\"kc_wrapper kc-col-inner-container\"><\/div><\/div><\/div><\/div><\/div><\/div><\/div><\/section><section id=\"PETIT\" class=\"kc-elm kc-css-697500 kc_row\"><div class=\"kc-row-container  kc-container\"><div class=\"kc-wrap-columns\"><div class=\"kc-elm kc-css-816458 kc_col-sm-12 kc_column kc_col-sm-12\"><div class=\"kc-col-container\"><div class=\"kc-elm kc-css-169791 kc_text_block\"><h2>Cuestionario de rolmasters sobre aquelarre a: Victor Jan\u00e9 Llopis<\/h2>\n<p><img decoding=\"async\" class=\"aligncenter\" src=\"http:\/\/rolmasters.com\/wp-content\/uploads\/2017\/09\/Aquelarre-3-edicion-6.png\" alt=\"\" \/><\/p>\n<\/div><div class=\"kc-elm kc-css-530220 kc_row kc_row_inner\"><div class=\"kc-elm kc-css-103278 kc_col-sm-12 kc_column_inner kc_col-sm-12\"><div class=\"kc_wrapper kc-col-inner-container\"><div class=\"kc-elm kc-css-912645 kc_text_block\"><h1>RUEDAN LOS DADOS<\/h1>\n<\/div><div class=\"kc-elm kc-css-919221 kc_text_block\"><p>1.- \u00bfCu\u00e1l es tu principal man\u00eda cuando haces una ficha de Aquelarre?<\/p>\n<\/div><div class=\"kc-elm kc-css-485778 kc_text_block\"><p>Buscar algo que pueda diferenciar a mi Pj del resto y lo convierta en \u00fanico. Puede ser algo bueno o malo lo importante es que no deje indiferentes a los Jugadores y dote al Pj de vida propia al no ser simplemente uno m\u00e1s.<\/p>\n<\/div><div class=\"kc-elm kc-css-434844 kc_text_block\"><p>2.- \u00bfQu\u00e9 competencias siempre refuerzas, sea cual sea tu personaje?<\/p>\n<\/div><div class=\"kc-elm kc-css-974818 kc_text_block\"><p><span style=\"font-style: inherit;\">Esquivar, sigilo, empat\u00eda, otear<\/span><\/p>\n<\/div><div class=\"kc-elm kc-css-71682 kc_text_block\"><p>3.- \u00bfQu\u00e9 profesi\u00f3n te divierte m\u00e1s?<\/p>\n<\/div><div class=\"kc-elm kc-css-396401 kc_text_block\"><p><span style=\"font-style: inherit;\">Ladr\u00f3n<\/span><\/p>\n<\/div><div class=\"kc-elm kc-css-307708 kc_text_block\"><p>4.- \u00bfCu\u00e1l es tu arma preferida?<\/p>\n<\/div><div class=\"kc-elm kc-css-18781 kc_text_block\"><p><span style=\"font-style: inherit;\">Pelea<\/span><\/p>\n<\/div><div class=\"kc-elm kc-css-8882 kc_text_block\"><p>5.- \u00bfQu\u00e9 hechizo tendr\u00edas (llevas) siempre en tu grimorio?<\/p>\n<\/div><div class=\"kc-elm kc-css-457218 kc_text_block\"><p><span style=\"font-style: inherit;\">Ung\u00fcento de brujas<\/span><\/p>\n<\/div><div class=\"kc-elm kc-css-309799 kc_text_block\"><p>6.- \u00bfCu\u00e1l es tu ser irracional o mitol\u00f3gico preferido?<\/p>\n<\/div><div class=\"kc-elm kc-css-548663 kc_text_block\"><p><span style=\"font-style: inherit;\">El esmolet del m\u00f3dulo dracs<\/span><\/p>\n<\/div><div class=\"kc-elm kc-css-408755\" style=\"height: 30px; clear: both; width:100%;\"><\/div><div class=\"kc-elm kc-css-837695 kc_text_block\"><h1>ESPADAS EN ALTO<\/h1>\n<\/div><div class=\"kc-elm kc-css-142030 kc_text_block\"><p>7.- \u00bfQu\u00e9 Pj recuerdas con m\u00e1s cari\u00f1o?<\/p>\n<\/div><div class=\"kc-elm kc-css-239890 kc_text_block\"><p>Un mago llamado Jeroni \u00abel Poder\u00f3s\u00bb<\/p>\n<\/div><div class=\"kc-elm kc-css-587208 kc_text_block\"><p>8.- \u00bfQu\u00e9 Pnj te encant\u00f3 interpretar?<\/p>\n<\/div><div class=\"kc-elm kc-css-598539 kc_text_block\"><p><span style=\"font-style: inherit;\">Alvar, un hostalero que ejercia a la vez de criado de los Pjs en una gran casa se\u00f1orial en la ciudad de barcelona.<\/span><\/p>\n<\/div><div class=\"kc-elm kc-css-133346 kc_text_block\"><p>9.- \u00bfQu\u00e9 escena, como jugador, te qued\u00f3 grabada?<\/p>\n<\/div><div class=\"kc-elm kc-css-611633 kc_text_block\"><p><span style=\"font-style: inherit;\">Con Lope muchas XD !!! especialmente una donde tiro en su tabla y le corto un brazo a un abad de un solo tajo.<\/span><\/p>\n<\/div><div class=\"kc-elm kc-css-900130 kc_text_block\"><p>10- \u00bfCu\u00e1l es ese cr\u00edtico o tirada que te enorgullece y encumbr\u00f3 a tu personaje?<\/p>\n<\/div><div class=\"kc-elm kc-css-306781 kc_text_block\"><p><span style=\"font-style: inherit;\">El d\u00eda que Lope, en un sucio sotano judio, mat\u00f3 a un G\u00f3lem con su primer golpe.<\/span><\/p>\n<\/div><div class=\"kc-elm kc-css-107322 kc_text_block\"><p><span style=\"font-style: inherit;\">11.- \u00bfCu\u00e1l es el Big Boss m\u00e1s temible que recuerdas o te has enfrentado?<\/span><\/p>\n<\/div><div class=\"kc-elm kc-css-947511 kc_text_block\"><p><span style=\"font-style: inherit;\">La Sierpe Gigante de la tumba secreta del \u00faltimo rey visigodo, Rodrigo, oculta en en los t\u00faneles que se extienden debajo de Toledo.<\/span><\/p>\n<\/div><div class=\"kc-elm kc-css-710902 kc_text_block\"><p>12- \u00bfCu\u00e1l fue la tirada de suerte m\u00e1s afortunada que recuerdas?<\/p>\n<\/div><div class=\"kc-elm kc-css-573209 kc_text_block\"><p><span style=\"font-style: inherit;\">La de memoria que me ayud\u00f3 a contestar esta pregunta.<\/span><\/p>\n<\/div><div class=\"kc-elm kc-css-371730 kc_text_block\"><p>13.- \u00bfCu\u00e1l es esa pifia que cambio la historia y a\u00fan te r\u00edes?<\/p>\n<\/div><div class=\"kc-elm kc-css-454173 kc_text_block\"><p><span style=\"font-style: inherit;\">La pifia de Dani, jugador de mi grupo habitual, que le cost\u00f3 la vida a Diego, el Pnj veterinario de Holly Horses, en una de las primeras tiradas del excel: maneja tu empresa medieval creado por nuestro querido Dj Marc Enrich<\/span><\/p>\n<\/div><div class=\"kc-elm kc-css-479090 kc_text_block\"><p><span style=\"font-style: inherit;\">14.- \u00bfCu\u00e1l ha sido el giro argumental del Dj m\u00e1s dram\u00e1tico en una partida de Aquelarre?<\/span><\/p>\n<\/div><div class=\"kc-elm kc-css-702382 kc_text_block\"><p><span style=\"font-style: inherit;\">BUUUUUAAAAA &#8211; COMPLICATED!!!!<\/span><\/p>\n<\/div><div class=\"kc-elm kc-css-584253 kc_text_block\"><p><span style=\"font-style: inherit;\">15- \u00bfUna salida que nunca imaginaste?<\/span><\/p>\n<\/div><div class=\"kc-elm kc-css-255517 kc_text_block\"><p>Siempre recordar\u00e9 con cari\u00f1o una vez cuando despu\u00e9s de describir una estancia con\u00a0 cuatro ventanas con barrotes, donde el grupo de Pjs estaba siendo acorralado por los villanos, el Jugador que llevaba el mago dice, \u00absalgo volando por la ventana!\u00bb.<\/p>\n<\/div><div class=\"kc-elm kc-css-376418\" style=\"height: 30px; clear: both; width:100%;\"><\/div><div class=\"kc-elm kc-css-279016 kc_text_block\"><h1>LAS RECOMPENSAS<\/h1>\n<\/div><div class=\"kc-elm kc-css-477542 kc_text_block\"><p>16.- \u00bfC\u00f3mo Dj que an\u00e9cdota de partida siempre recuerdas?<\/p>\n<\/div><div class=\"kc-elm kc-css-182596 kc_text_block\"><p><span style=\"font-style: inherit;\">En la partida multigrupos que dirigimos en Barnal\u00fadica 2009, en una escena ya al final de la partida, donde un Pj desnudo enmedio de un gran aquelarre lanza una bolsa, repleta de monedas hasta los topes, que hab\u00eda robado al ganador de una timba clandest\u00edna a de dados esa noche, con intenci\u00f3n de acertar al mism\u00edsimo Silcharde.<\/span><\/p>\n<\/div><div class=\"kc-elm kc-css-253046 kc_text_block\"><p>17.- \u00bfCu\u00e1les han sido tus m\u00e1ximas riquezas o logros en Aquelarre?<\/p>\n<\/div><div class=\"kc-elm kc-css-669079 kc_text_block\"><p>Casar un Pj burgu\u00e9s enriquecido con doncella de la baja nobleza ascendiendo as\u00ed en el escalaf\u00f3n social, ah no! que eso aun no ha pasado! XD<\/p>\n<\/div><div class=\"kc-elm kc-css-855342 kc_text_block\"><p>18.- \u00bfQu\u00e9 edici\u00f3n del manual usas habitualmente y cu\u00e1l es tu m\u00f3dulo m\u00e1s querido?<\/p>\n<\/div><div class=\"kc-elm kc-css-938435 kc_text_block\"><p>La mia propia, se trata de un carpesano compuesto por el manual, en Catal\u00e0, de Joc m\u00e1s las partes imprescindibles de los m\u00f3dulos de Joc Rerum demoni y dracs y dos recopilatorios de Rolmasters, el de Profesiones y el de cronolog\u00edas. Si tengo que elegir un m\u00f3dulo ser\u00eda Rerum Demoni (JOC), fue el primero que tube y me encanto, era un gran complemento al manual de la \u00e9poca.<\/p>\n<\/div><div class=\"kc-elm kc-css-506873 kc_text_block\"><p>19.- \u00bfMen\u00fa cl\u00e1sico para el d\u00eda de partida? \u00bfCervezas comerciales o artesanas?<\/p>\n<\/div><div class=\"kc-elm kc-css-664075 kc_text_block\"><p><span style=\"font-style: inherit;\">Pollo i Xibeca!<\/span><\/p>\n<\/div><div class=\"kc-elm kc-css-952256 kc_text_block\"><p>20.- Define brevemente qu\u00e9 es Aquelarre para ti y como esperas que evolucione el juego<\/p>\n<\/div><div class=\"kc-elm kc-css-449332 kc_text_block\"><p><span style=\"font-style: inherit;\">Aquelarre es el rol para mi. Simplemente espero que siga evolucionando eso ser\u00e1 sin\u00f3nimo de que sigue vivo y se juega.<\/span><\/p>\n<\/div><\/div><\/div><\/div><\/div><\/div><\/div><\/div><\/section>","protected":false},"excerpt":{"rendered":"<div class='heateor_sss_sharing_container heateor_sss_vertical_sharing heateor_sss_bottom_sharing' style='width:44px;right: -10px;top: 250px;-webkit-box-shadow:none;box-shadow:none;' heateor-sss-data-href='https:\/\/rolmasters.com\/es\/wp-json\/wp\/v2\/pages\/3310'><ul  class=\"heateor_sss_sharing_ul\"><li class=\"\"><i style=\"width:40px;height:40px;margin:0;\" alt=\"Facebook\" Title=\"Facebook\" class=\"heateorSssSharing heateorSssFacebookBackground\" onclick='heateorSssPopup(\"https:\/\/www.facebook.com\/sharer\/sharer.php?u=https%3A%2F%2Frolmasters.com%2Fes%2Fwp-json%2Fwp%2Fv2%2Fpages%2F3310\")'><ss style=\"display:block;\" class=\"heateorSssSharingSvg heateorSssFacebookSvg\"><\/ss><\/i><\/li><li class=\"\"><i style=\"width:40px;height:40px;margin:0;\" alt=\"Twitter\" Title=\"Twitter\" class=\"heateorSssSharing heateorSssTwitterBackground\" onclick='heateorSssPopup(\"http:\/\/twitter.com\/intent\/tweet?text=ROLMASTERS%20-%20Tira%201D100&url=https%3A%2F%2Frolmasters.com%2Fes%2Fwp-json%2Fwp%2Fv2%2Fpages%2F3310\")'><ss style=\"display:block;\" class=\"heateorSssSharingSvg heateorSssTwitterSvg\"><\/ss><\/i><\/li><li class=\"\"><i style=\"width:40px;height:40px;margin:0;\" alt=\"Whatsapp\" Title=\"Whatsapp\" class=\"heateorSssSharing heateorSssWhatsappBackground\"><a  href=\"whatsapp:\/\/send?text=ROLMASTERS%20-%20Tira%201D100 https%3A%2F%2Frolmasters.com%2Fes%2Fwp-json%2Fwp%2Fv2%2Fpages%2F3310\" rel=\"nofollow\"><ss style=\"display:block\" class=\"heateorSssSharingSvg heateorSssWhatsappSvg\"><\/ss><\/a><\/i><\/li><\/ul><div class=\"heateorSssClear\"><\/div><\/div>","protected":false},"author":1,"featured_media":0,"parent":0,"menu_order":0,"comment_status":"closed","ping_status":"closed","template":"full-width.php","meta":{"footnotes":""},"_links":{"self":[{"href":"https:\/\/rolmasters.com\/es\/wp-json\/wp\/v2\/pages\/3310"}],"collection":[{"href":"https:\/\/rolmasters.com\/es\/wp-json\/wp\/v2\/pages"}],"about":[{"href":"https:\/\/rolmasters.com\/es\/wp-json\/wp\/v2\/types\/page"}],"author":[{"embeddable":true,"href":"https:\/\/rolmasters.com\/es\/wp-json\/wp\/v2\/users\/1"}],"replies":[{"embeddable":true,"href":"https:\/\/rolmasters.com\/es\/wp-json\/wp\/v2\/comments?post=3310"}],"version-history":[{"count":5,"href":"https:\/\/rolmasters.com\/es\/wp-json\/wp\/v2\/pages\/3310\/revisions"}],"predecessor-version":[{"id":4265,"href":"https:\/\/rolmasters.com\/es\/wp-json\/wp\/v2\/pages\/3310\/revisions\/4265"}],"wp:attachment":[{"href":"https:\/\/rolmasters.com\/es\/wp-json\/wp\/v2\/media?parent=3310"}],"curies":[{"name":"wp","href":"https:\/\/api.w.org\/{rel}","templated":true}]}}