{"id":31,"date":"2017-09-07T16:40:03","date_gmt":"2017-09-07T16:40:03","guid":{"rendered":"http:\/\/rolmasters.com\/?page_id=31"},"modified":"2018-02-26T07:27:02","modified_gmt":"2018-02-26T07:27:02","slug":"castillos","status":"publish","type":"page","link":"https:\/\/rolmasters.com\/es\/castillos\/","title":{"rendered":"CASTILLOS"},"content":{"rendered":"<section class=\"kc-elm kc-css-610686 kc_row\"><div class=\"kc-row-container  kc-container\"><div class=\"kc-wrap-columns\"><div class=\"kc-elm kc-css-377585 kc_col-sm-12 kc_column kc_col-sm-12\"><div class=\"kc-col-container\"><div class=\"kc-elm kc-css-196646 kc_row kc_row_inner\"><div class=\"kc-elm kc-css-234810 kc_col-sm-7 kc_column_inner kc_col-sm-7\"><div class=\"kc_wrapper kc-col-inner-container\"><div class=\"kc-elm kc-css-247213 kc_text_block\"><p>Esta secci\u00f3n es una recopilaci\u00f3n de edificios medievales, mayormente militares y religiosos, como: castillos, torres, alcazabas, monasterios, iglesias, mezquitas.<br \/>\nEn ellos se incluye datos relevantes como su descripci\u00f3n, historia, arquitectura y planos, leyendas y otros eventos con la intenci\u00f3n de poder usarlos como motivo o recurso para crear o ambientar aventuras.<br \/>\nLa mayor\u00eda han sido elegidos por su importancia o relevancia, aunque s\u00f3lo fuera en un momento hist\u00f3rico puntual, y otros han sido elegidos por tener alg\u00fan elemento que hemos considerado remarcable o interesante.<br \/>\nTanto los textos como las im\u00e1genes han sido extra\u00eddos de Wikipedia y Wikimedia commons. En algunos casos han sido modificados, retocados o editados a conveniencia de nuestros prop\u00f3sitos pero siempre teniendo en cuenta su licencia. Por eso tambi\u00e9n adjuntamos los enlaces pertinentes al final de cada entrada o p\u00e1gina.<\/p>\n<h2>FUNCIONAMIENTO Y USO<\/h2>\n<p>Para clasificarlos, primeramente los hemos agrupado por reinos. Como la frontera a la edad media no es fija y muchos de estos edificios cambiaron de bando, forma o incluso finalidad de uso a medida que avanzan los a\u00f1os, hemos cogido el periodo que propone el manual b\u00e1sico de aquelarre , de 1250 dC hasta 1492 dC, que abarca tiempo en que la frontera se mantiene bastante estable.<\/p>\n<p>Una vez seleccionado el reino podr\u00e1s ver los edificios que hemos introducido, tambi\u00e9n se puede filtrar por el tipo de edificio: castillos, torres, monasterios, iglesias o mezquitas.<\/p>\n<\/div><\/div><\/div><div class=\"kc-elm kc-css-632277 kc_col-sm-5 kc_column_inner kc_col-sm-5\"><div class=\"kc_wrapper kc-col-inner-container\"><div class=\"kc-elm kc-css-272350 kc_text_block\"><p><img loading=\"lazy\" decoding=\"async\" class=\"aligncenter size-full\" src=\"http:\/\/rolmasters.com\/wp-content\/uploads\/2017\/09\/Aquelarre-3-edicion-91.png\" alt=\"\" width=\"1191\" height=\"767\" \/><\/p>\n<h2 style=\"text-align: center;\">TU TAMBI\u00c9N PUEDES COLABORAR<\/h2>\n<p style=\"text-align: center;\">Nuestra intenci\u00f3n es ir actualizando los textos y a ser posible a\u00f1adir leyendas o hechos hist\u00f3ricos que ayuden a crear o detallar mejor las aventuras. Por este motivo os animamos a colaborar y enviarnos informaci\u00f3n en tres simples pasos.<\/p>\n<\/div>\n<div class=\"kc-elm kc-css-459710\">\n\t<a class=\"kc_button\" href=\"http:\/\/rolmasters.com\/castillos\/envia-tu-edificio\/\" target=\"_self\" title=\"\" onclick=\"\">\n\t\t<i class=\"et-target\"><\/i> ENVIA TU CASTILLO!\t<\/a>\n<\/div>\n<\/div><\/div><\/div><div class=\"kc-elm kc-css-334941 kc_row kc_row_inner\"><div class=\"kc-elm kc-css-63598 kc_col-sm-12 kc_column_inner kc_col-sm-12\"><div class=\"kc_wrapper kc-col-inner-container\"><div class=\"kc-elm kc-css-480733\" style=\"height: 40px; clear: both; width:100%;\"><\/div>\n<div class=\"kc-elm kc-css-913275 divider_line\">\n\t<div class=\"divider_inner divider_line2\">\n\t\t<i class=\"et-ribbon\"><\/i>\t<\/div>\n<\/div>\n<div class=\"kc-elm kc-css-760490 kc_text_block\"><h1 style=\"text-align: center;\">FRONTERAS DEL 1250 al 1492 d.C.<\/h1>\n<p><img loading=\"lazy\" decoding=\"async\" class=\"aligncenter size-full wp-image-411\" src=\"http:\/\/rolmasters.com\/wp-content\/uploads\/2017\/09\/PENINSULA-1250.jpg\" alt=\"\" width=\"1920\" height=\"1044\" srcset=\"https:\/\/rolmasters.com\/wp-content\/uploads\/2017\/09\/PENINSULA-1250.jpg 1920w, https:\/\/rolmasters.com\/wp-content\/uploads\/2017\/09\/PENINSULA-1250-300x163.jpg 300w, https:\/\/rolmasters.com\/wp-content\/uploads\/2017\/09\/PENINSULA-1250-768x418.jpg 768w, https:\/\/rolmasters.com\/wp-content\/uploads\/2017\/09\/PENINSULA-1250-1024x557.jpg 1024w\" sizes=\"(max-width: 1920px) 100vw, 1920px\" \/><\/p>\n<h1 style=\"text-align: center;\">SELECCIONA EL REINO<\/h1>\n<\/div><div class=\"su-column su-column-size-1-5\"><div class=\"su-column-inner su-clearfix\"><a href=\"http:\/\/rolmasters.com\/castillos\/reino-catalano-aragones\/\"><img loading=\"lazy\" decoding=\"async\" class=\"aligncenter wp-image-2344 size-full\" src=\"http:\/\/rolmasters.com\/wp-content\/uploads\/2017\/11\/ESCUTS-REGNES-CATALANO-ARAGONES.png\" alt=\"\" width=\"181\" height=\"204\" \/><\/a><\/p>\n<h3 style=\"text-align: center;\"><a href=\"http:\/\/rolmasters.com\/castillos\/reino-catalano-aragones\/\">CORONA DE ARAG\u00d3N<\/a><\/h3>\n<\/div><\/div><div class=\"su-column su-column-size-1-5\"><div class=\"su-column-inner su-clearfix\"><a href=\"http:\/\/rolmasters.com\/castillos\/reino-de-castilla-y-leon\/\"><img loading=\"lazy\" decoding=\"async\" class=\"aligncenter wp-image-219 size-full\" src=\"http:\/\/rolmasters.com\/wp-content\/uploads\/2017\/09\/ESCUTS-REGNES-CASTELLA-LLEO.png\" alt=\"\" width=\"181\" height=\"204\" \/><\/a><\/p>\n<h3 style=\"text-align: center;\"><a href=\"http:\/\/rolmasters.com\/castillos\/reino-de-castilla-y-leon\/\">CORONA DE CASTILLA<\/a><\/h3>\n<\/div><\/div><div class=\"su-column su-column-size-1-5\"><div class=\"su-column-inner su-clearfix\"><a href=\"http:\/\/rolmasters.com\/castillos\/reino-de-navarra\/\"><img loading=\"lazy\" decoding=\"async\" class=\"aligncenter wp-image-221 size-full\" src=\"http:\/\/rolmasters.com\/wp-content\/uploads\/2017\/09\/ESCUTS-REGNES-NAVARRA.png\" alt=\"\" width=\"181\" height=\"204\" \/><\/a><\/p>\n<h3 style=\"text-align: center;\"><a href=\"http:\/\/rolmasters.com\/castillos\/reino-de-navarra\/\">REINO DE NAVARRA<\/a><\/h3>\n<\/div><\/div><div class=\"su-column su-column-size-1-5\"><div class=\"su-column-inner su-clearfix\"><a href=\"http:\/\/rolmasters.com\/castillos\/reino-de-portugal\/\"><img loading=\"lazy\" decoding=\"async\" class=\"aligncenter wp-image-222 size-full\" src=\"http:\/\/rolmasters.com\/wp-content\/uploads\/2017\/09\/ESCUTS-REGNES-PORTUGAL.png\" alt=\"\" width=\"181\" height=\"204\" \/><\/a><\/p>\n<h3 style=\"text-align: center;\"><a href=\"http:\/\/rolmasters.com\/castillos\/reino-de-portugal\/\">REINO DE PORTUGAL<\/a><\/h3>\n<\/div><\/div><div class=\"su-column su-column-size-1-5\"><div class=\"su-column-inner su-clearfix\"><a href=\"http:\/\/rolmasters.com\/castillos\/reino-de-al-andalus\/\"><img loading=\"lazy\" decoding=\"async\" class=\"aligncenter wp-image-2343 size-full\" src=\"http:\/\/rolmasters.com\/wp-content\/uploads\/2017\/11\/ESCUTS-REGNES-AL-ANDALUS-5.png\" alt=\"\" width=\"181\" height=\"204\" \/><\/a><\/p>\n<h3 style=\"text-align: center;\"><a href=\"http:\/\/rolmasters.com\/castillos\/reino-de-al-andalus\/\">AL-ANDALUS<\/a><\/h3>\n<\/div><\/div><div class=\"kc-elm kc-css-413165\" style=\"height: 40px; clear: both; width:100%;\"><\/div>\n<div class=\"kc-elm kc-css-516920 divider_line\">\n\t<div class=\"divider_inner divider_line2\">\n\t\t<i class=\"et-ribbon\"><\/i>\t<\/div>\n<\/div>\n<div class=\"kc-elm kc-css-713494 kc_text_block\"><h1 style=\"text-align: center;\">CASTILLO TIPO<\/h1>\n<p><img loading=\"lazy\" decoding=\"async\" class=\"aligncenter size-full\" src=\"http:\/\/rolmasters.com\/wp-content\/uploads\/2017\/09\/CASTILLO-MEDIEVAL-TIPO.jpg\" alt=\"\" width=\"1600\" height=\"1115\" \/><\/p>\n<\/div>\n<div class=\"kc-elm kc-css-130644 divider_line\">\n\t<div class=\"divider_inner divider_line2\">\n\t\t<i class=\"et-ribbon\"><\/i>\t<\/div>\n<\/div>\n<div class=\"kc-elm kc-css-960076 kc_text_block\"><h1 style=\"text-align: center;\">MONASTERIO TIPO<\/h1>\n<p><img loading=\"lazy\" decoding=\"async\" class=\"aligncenter size-full\" src=\"http:\/\/rolmasters.com\/wp-content\/uploads\/2017\/09\/MONASTERIO-MEDIEVAL-TIPO.jpg\" alt=\"\" width=\"1600\" height=\"1115\" \/><\/p>\n<\/div>\n<div class=\"kc-elm kc-css-948242 divider_line\">\n\t<div class=\"divider_inner divider_line1\">\n\t\t\t<\/div>\n<\/div>\n<div class=\"kc-elm kc-css-729008 kc_text_block\"><p><iframe loading=\"lazy\" src=\"https:\/\/www.google.com\/maps\/d\/embed?mid=1M3rz4TY0wl2430EZTtnz-_qQWaPVKILJ&amp;hl=es\" width=\"98%\" height=\"600\" frameborder=\"0\"><\/iframe><\/p>\n<\/div><\/div><\/div><\/div><\/div><\/div><\/div><\/div><\/section>","protected":false},"excerpt":{"rendered":"<div class='heateor_sss_sharing_container heateor_sss_vertical_sharing heateor_sss_bottom_sharing' style='width:44px;right: -10px;top: 250px;-webkit-box-shadow:none;box-shadow:none;' heateor-sss-data-href='https:\/\/rolmasters.com\/es\/wp-json\/wp\/v2\/pages\/31'><ul  class=\"heateor_sss_sharing_ul\"><li class=\"\"><i style=\"width:40px;height:40px;margin:0;\" alt=\"Facebook\" Title=\"Facebook\" class=\"heateorSssSharing heateorSssFacebookBackground\" onclick='heateorSssPopup(\"https:\/\/www.facebook.com\/sharer\/sharer.php?u=https%3A%2F%2Frolmasters.com%2Fes%2Fwp-json%2Fwp%2Fv2%2Fpages%2F31\")'><ss style=\"display:block;\" class=\"heateorSssSharingSvg heateorSssFacebookSvg\"><\/ss><\/i><\/li><li class=\"\"><i style=\"width:40px;height:40px;margin:0;\" alt=\"Twitter\" Title=\"Twitter\" class=\"heateorSssSharing heateorSssTwitterBackground\" onclick='heateorSssPopup(\"http:\/\/twitter.com\/intent\/tweet?text=ROLMASTERS%20-%20Tira%201D100&url=https%3A%2F%2Frolmasters.com%2Fes%2Fwp-json%2Fwp%2Fv2%2Fpages%2F31\")'><ss style=\"display:block;\" class=\"heateorSssSharingSvg heateorSssTwitterSvg\"><\/ss><\/i><\/li><li class=\"\"><i style=\"width:40px;height:40px;margin:0;\" alt=\"Whatsapp\" Title=\"Whatsapp\" class=\"heateorSssSharing heateorSssWhatsappBackground\"><a  href=\"whatsapp:\/\/send?text=ROLMASTERS%20-%20Tira%201D100 https%3A%2F%2Frolmasters.com%2Fes%2Fwp-json%2Fwp%2Fv2%2Fpages%2F31\" rel=\"nofollow\"><ss style=\"display:block\" class=\"heateorSssSharingSvg heateorSssWhatsappSvg\"><\/ss><\/a><\/i><\/li><\/ul><div class=\"heateorSssClear\"><\/div><\/div>","protected":false},"author":1,"featured_media":2265,"parent":0,"menu_order":0,"comment_status":"closed","ping_status":"closed","template":"full-width.php","meta":{"footnotes":""},"_links":{"self":[{"href":"https:\/\/rolmasters.com\/es\/wp-json\/wp\/v2\/pages\/31"}],"collection":[{"href":"https:\/\/rolmasters.com\/es\/wp-json\/wp\/v2\/pages"}],"about":[{"href":"https:\/\/rolmasters.com\/es\/wp-json\/wp\/v2\/types\/page"}],"author":[{"embeddable":true,"href":"https:\/\/rolmasters.com\/es\/wp-json\/wp\/v2\/users\/1"}],"replies":[{"embeddable":true,"href":"https:\/\/rolmasters.com\/es\/wp-json\/wp\/v2\/comments?post=31"}],"version-history":[{"count":0,"href":"https:\/\/rolmasters.com\/es\/wp-json\/wp\/v2\/pages\/31\/revisions"}],"wp:featuredmedia":[{"embeddable":true,"href":"https:\/\/rolmasters.com\/es\/wp-json\/wp\/v2\/media\/2265"}],"wp:attachment":[{"href":"https:\/\/rolmasters.com\/es\/wp-json\/wp\/v2\/media?parent=31"}],"curies":[{"name":"wp","href":"https:\/\/api.w.org\/{rel}","templated":true}]}}