{"id":29,"date":"2017-09-07T16:39:27","date_gmt":"2017-09-07T16:39:27","guid":{"rendered":"http:\/\/rolmasters.com\/?page_id=29"},"modified":"2018-03-19T11:15:43","modified_gmt":"2018-03-19T11:15:43","slug":"inventario","status":"publish","type":"page","link":"https:\/\/rolmasters.com\/es\/inventario\/","title":{"rendered":"INVENTARIO"},"content":{"rendered":"En esta secci\u00f3n encontrar\u00e1 todo tipo de material que pueda ser \u00fatil para mejorar y ambientar sus partidas as\u00ed como: fichas en blanco, personajes PNJ, m\u00f3dulos no oficiales, mapas de todo tipo, recursos de ambientaci\u00f3n, mitos y leyendas para la creaci\u00f3n de partidas, y mucho m\u00e1s &#8230;<\/p>\n<p>&nbsp;<\/p>\n<div class=\"su-table\">\n<table style=\"height: 141px;\" width=\"549\">\n<tbody>\n<tr>\n<td><a href=\"http:\/\/rolmasters.com\/inventario\/ayudas-de-juego-aquelarre\/\" rel=\"noopener\"><i class=\"fa fa-hand-o-right\"> AYUDAS DE JUEGO<\/i><\/a><\/td>\n<td>Esta secci\u00f3n recoge reglas, guias y ayudas de juego para Aquelarre publicadas por diversos autores.<\/td>\n<\/tr>\n<tr>\n<td><a href=\"http:\/\/rolmasters.com\/inventario\/mapas\/\" rel=\"noopener\"><i class=\"fa fa-hand-o-right\"> MAPAS<\/i><\/a><\/td>\n<td>Todo tipo de mapas, oficiales y no oficiales, de ciudades, casas, castillos, cuevas, barcos, monasterios&#8230;<\/td>\n<\/tr>\n<tr>\n<td><a href=\"http:\/\/rolmasters.com\/inventario\/tablas-de-ayuda\/\" rel=\"noopener\"><i class=\"fa fa-hand-o-right\"> TABLAS<\/i><\/a><\/td>\n<td>Esta secci\u00f3n encontrar\u00e1s tablas adicionales editadas en modulos antiguos o por aficionados para diversas finalidades<\/td>\n<\/tr>\n<tr>\n<td><a href=\"http:\/\/rolmasters.com\/inventario\/hojas-de-personajes\/\" rel=\"noopener\"><i class=\"fa fa-hand-o-right\"> FICHAS DE PERSONAJE<\/i><\/a><\/td>\n<td>Secci\u00f3n dedicada a Fichas de todo tipo, hojas de personajes en blanco de diferentes ediciones, Pjs Pregenerados, PNJS, animales&#8230;<\/td>\n<\/tr>\n<tr>\n<td><a href=\"http:\/\/rolmasters.com\/inventario\/aplicaciones\/\" rel=\"noopener\"><i class=\"fa fa-hand-o-right\"> APLICACIONES PARA M\u00d3BIL<\/i><\/a><\/td>\n<td>Links de descarga de varias aplicaciones \u00fatiles para el juego.<\/td>\n<\/tr>\n<tr>\n<td><a href=\"http:\/\/rolmasters.com\/inventario\/revistas-y-fanzines-digitales\/\" rel=\"noopener\"><i class=\"fa fa-hand-o-right\"> REVISTAS Y FANZINES DIGITALES<\/i><\/a><\/td>\n<td>Ediciones enteras o partes de Revistas y fanzines digitales con material diverso sobre el mundo de Aquelarre. Art\u00edculos, cr\u00edticas, ayudas, ambientaci\u00f3n &#8230; Incluso partidas.<\/td>\n<\/tr>\n<\/tbody>\n<\/table>\n<\/div>\n<div class=\"clear\"><\/div>\n<\/br><br \/>\n<div class=\"su-divider su-divider-style-default\" style=\"margin:15px 0;border-width:2px;border-color:#999999\"><\/div>\n<\/br><br \/>\n<div class=\"su-column su-column-size-1-2\"><div class=\"su-column-inner su-clearfix\"><img loading=\"lazy\" decoding=\"async\" src=\"http:\/\/rolmasters.com\/wp-content\/uploads\/2017\/09\/Aquelarre-3-edicion-88.png\" alt=\"\" width=\"1191\" height=\"767\" class=\"aligncenter size-full wp-image-663\" srcset=\"https:\/\/rolmasters.com\/wp-content\/uploads\/2017\/09\/Aquelarre-3-edicion-88.png 1191w, https:\/\/rolmasters.com\/wp-content\/uploads\/2017\/09\/Aquelarre-3-edicion-88-300x193.png 300w, https:\/\/rolmasters.com\/wp-content\/uploads\/2017\/09\/Aquelarre-3-edicion-88-768x495.png 768w, https:\/\/rolmasters.com\/wp-content\/uploads\/2017\/09\/Aquelarre-3-edicion-88-1024x659.png 1024w\" sizes=\"(max-width: 1191px) 100vw, 1191px\" \/><\/div><\/div>\n<div class=\"su-column su-column-size-1-2\"><div class=\"su-column-inner su-clearfix\">\n<h2>COMPARTE TU INVENTARIO<\/h2>\n<p>Si quieres, t\u00fa tambi\u00e9n puedes ayudar a enriquecer esta secci\u00f3n y compartir en Rolmasters todo tipo de material para ambientar, mejorar o facilitar el juego de Aquelarre. Puedes enviarnos tus mapas, tablas, gu\u00edas y ayudas, fichas, m\u00f3dulos, descripciones, aplicaciones &#8230;<br \/>\nS\u00f3lo tienes que rellenar el formulario que encontrar\u00e1s en la siguiente secci\u00f3n:<br \/>\n<\/br><br \/>\n<div class=\"su-button-center\"><a href=\"http:\/\/rolmasters.com\/inventario\/comparte-tu-inventario\/\" class=\"su-button su-button-style-default\" style=\"color:#FFFFFF;background-color:#fb5250;border-color:#c94240;border-radius:7px;-moz-border-radius:7px;-webkit-border-radius:7px\" target=\"_blank\"><span style=\"color:#FFFFFF;padding:7px 20px;font-size:16px;line-height:24px;border-color:#fc8685;border-radius:7px;-moz-border-radius:7px;-webkit-border-radius:7px;text-shadow:none;-moz-text-shadow:none;-webkit-text-shadow:none\"><img decoding=\"async\" src=\"http:\/\/rolmasters.com\/wp-content\/uploads\/2017\/09\/ADMIN-ICON-ROLMASTERS.png\" alt=\"Comparte tu inventario\" style=\"width:24px;height:24px\" \/> Comparte tu inventario<\/span><\/a><\/div>\n <\/div><\/div>","protected":false},"excerpt":{"rendered":"<p>En esta secci\u00f3n encontrar\u00e1 todo tipo de material que pueda ser \u00fatil para mejorar y ambientar sus partidas as\u00ed como: fichas en blanco, personajes PNJ, m\u00f3dulos no oficiales, mapas de todo tipo, recursos de ambientaci\u00f3n, mitos y leyendas para la creaci\u00f3n de partidas, y mucho m\u00e1s &#8230; &nbsp;<\/p>\n<div class='heateor_sss_sharing_container heateor_sss_vertical_sharing heateor_sss_bottom_sharing' style='width:44px;right: -10px;top: 250px;-webkit-box-shadow:none;box-shadow:none;' heateor-sss-data-href='https:\/\/rolmasters.com\/es\/wp-json\/wp\/v2\/pages\/29'><ul  class=\"heateor_sss_sharing_ul\"><li class=\"\"><i style=\"width:40px;height:40px;margin:0;\" alt=\"Facebook\" Title=\"Facebook\" class=\"heateorSssSharing heateorSssFacebookBackground\" onclick='heateorSssPopup(\"https:\/\/www.facebook.com\/sharer\/sharer.php?u=https%3A%2F%2Frolmasters.com%2Fes%2Fwp-json%2Fwp%2Fv2%2Fpages%2F29\")'><ss style=\"display:block;\" class=\"heateorSssSharingSvg heateorSssFacebookSvg\"><\/ss><\/i><\/li><li class=\"\"><i style=\"width:40px;height:40px;margin:0;\" alt=\"Twitter\" Title=\"Twitter\" class=\"heateorSssSharing heateorSssTwitterBackground\" onclick='heateorSssPopup(\"http:\/\/twitter.com\/intent\/tweet?text=ROLMASTERS%20-%20Tira%201D100&url=https%3A%2F%2Frolmasters.com%2Fes%2Fwp-json%2Fwp%2Fv2%2Fpages%2F29\")'><ss style=\"display:block;\" class=\"heateorSssSharingSvg heateorSssTwitterSvg\"><\/ss><\/i><\/li><li class=\"\"><i style=\"width:40px;height:40px;margin:0;\" alt=\"Whatsapp\" Title=\"Whatsapp\" class=\"heateorSssSharing heateorSssWhatsappBackground\"><a  href=\"whatsapp:\/\/send?text=ROLMASTERS%20-%20Tira%201D100 https%3A%2F%2Frolmasters.com%2Fes%2Fwp-json%2Fwp%2Fv2%2Fpages%2F29\" rel=\"nofollow\"><ss style=\"display:block\" class=\"heateorSssSharingSvg heateorSssWhatsappSvg\"><\/ss><\/a><\/i><\/li><\/ul><div class=\"heateorSssClear\"><\/div><\/div>","protected":false},"author":1,"featured_media":277,"parent":0,"menu_order":0,"comment_status":"closed","ping_status":"closed","template":"full-width.php","meta":{"footnotes":""},"_links":{"self":[{"href":"https:\/\/rolmasters.com\/es\/wp-json\/wp\/v2\/pages\/29"}],"collection":[{"href":"https:\/\/rolmasters.com\/es\/wp-json\/wp\/v2\/pages"}],"about":[{"href":"https:\/\/rolmasters.com\/es\/wp-json\/wp\/v2\/types\/page"}],"author":[{"embeddable":true,"href":"https:\/\/rolmasters.com\/es\/wp-json\/wp\/v2\/users\/1"}],"replies":[{"embeddable":true,"href":"https:\/\/rolmasters.com\/es\/wp-json\/wp\/v2\/comments?post=29"}],"version-history":[{"count":0,"href":"https:\/\/rolmasters.com\/es\/wp-json\/wp\/v2\/pages\/29\/revisions"}],"wp:featuredmedia":[{"embeddable":true,"href":"https:\/\/rolmasters.com\/es\/wp-json\/wp\/v2\/media\/277"}],"wp:attachment":[{"href":"https:\/\/rolmasters.com\/es\/wp-json\/wp\/v2\/media?parent=29"}],"curies":[{"name":"wp","href":"https:\/\/api.w.org\/{rel}","templated":true}]}}