{"id":2797,"date":"2018-01-17T15:30:29","date_gmt":"2018-01-17T15:30:29","guid":{"rendered":"http:\/\/rolmasters.com\/?page_id=2797"},"modified":"2018-05-24T16:51:24","modified_gmt":"2018-05-24T16:51:24","slug":"fronteras","status":"publish","type":"page","link":"https:\/\/rolmasters.com\/es\/fronteras\/","title":{"rendered":"FRONTERAS"},"content":{"rendered":"<section class=\"kc-elm kc-css-892767 kc_row\"><div class=\"kc-row-container  kc-container\"><div class=\"kc-wrap-columns\"><div class=\"kc-elm kc-css-393762 kc_col-sm-12 kc_column kc_col-sm-12\"><div class=\"kc-col-container\"><div class=\"kc-elm kc-css-10308 kc_text_block\"><p>Las fronteras de los diferentes reinos o condados de la Pen\u00ednsula Ib\u00e9rica fueron variando desde la invasi\u00f3n \u00c1rabe en el a\u00f1o 711 hasta la expulsi\u00f3n de estos en el a\u00f1o 1492. Estas variaciones fronterizas se produc\u00edan por varios motivos que afectaban directamente en el reparto del territorio. Las guerras y conquistas, lo que acontec\u00eda en los reinos, quien mandaba en ellos y por \u00faltimo los enlaces matrimoniales y las alianzas. Por todo esto dividimos la p\u00e1gina fronteras en las secciones siguientes.<\/p>\n<\/div><\/div><\/div><\/div><\/div><\/section><section class=\"kc-elm kc-css-681367 kc_row\"><div class=\"kc-row-container  kc-container\"><div class=\"kc-wrap-columns\"><div class=\"kc-elm kc-css-790926 kc_col-sm-12 kc_column kc_col-sm-12\"><div class=\"kc-col-container\"><div class=\"kc-elm kc-css-88973 kc_row kc_row_inner\"><div class=\"kc-elm kc-css-639048 kc_col-sm-4 kc_column_inner kc_col-sm-4\"><div class=\"kc_wrapper kc-col-inner-container\">\n<div class=\"kc-elm kc-css-630505 kc-image-hover-effects kc-img-effects-1 overlay_scale_in\">\n\n\t<a href=\"http:\/\/rolmasters.com\/fronteras\/reyes-y-gobernantes\/\"><img decoding=\"async\" src=\"https:\/\/rolmasters.com\/wp-content\/uploads\/2017\/09\/Aquelarre-3-edicion-103.png\" alt=\"\"\/><\/a><a href=\"http:\/\/rolmasters.com\/fronteras\/reyes-y-gobernantes\/\"><div class=\"overlay-effects\"><div class=\"content-title\">REYES Y GOBERNANTES<\/div><\/div><\/a>\n<\/div><div class=\"kc-elm kc-css-151677 kc_text_block\"><h3 style=\"text-align: center;\"><a href=\"http:\/\/rolmasters.com\/fronteras\/reyes-y-gobernantes\/\">REYES Y GOBERNANTES<\/a><\/h3>\n<p style=\"text-align: center;\">Los que mandaban y tomaban las decisiones.<\/p>\n<\/div><\/div><\/div><div class=\"kc-elm kc-css-581691 kc_col-sm-4 kc_column_inner kc_col-sm-4\"><div class=\"kc_wrapper kc-col-inner-container\">\n<div class=\"kc-elm kc-css-639819 kc-image-hover-effects kc-img-effects-1 overlay_scale_in\">\n\n\t<a href=\"http:\/\/rolmasters.com\/fronteras\/batallas-y-tratados\/\"><img decoding=\"async\" src=\"https:\/\/rolmasters.com\/wp-content\/uploads\/2017\/09\/Aquelarre-3-edicion-12.png\" alt=\"\"\/><\/a><a href=\"http:\/\/rolmasters.com\/fronteras\/batallas-y-tratados\/\"><div class=\"overlay-effects\"><div class=\"content-title\">BATALLAS Y TRATADOS<\/div><\/div><\/a>\n<\/div><div class=\"kc-elm kc-css-529409 kc_text_block\"><h3 style=\"text-align: center;\"><a href=\"http:\/\/rolmasters.com\/fronteras\/batallas-y-tratados\/\">BATALLAS Y TRATADOS<\/a><\/h3>\n<p style=\"text-align: center;\">Confrontaciones, conquistas o acuerdos.<\/p>\n<\/div><\/div><\/div><div class=\"kc-elm kc-css-572883 kc_col-sm-4 kc_column_inner kc_col-sm-4\"><div class=\"kc_wrapper kc-col-inner-container\">\n<div class=\"kc-elm kc-css-396508 kc-image-hover-effects kc-img-effects-1 overlay_scale_in\">\n\n\t<a href=\"http:\/\/rolmasters.com\/fronteras\/enlaces-y-alianzas\/\"><img decoding=\"async\" src=\"https:\/\/rolmasters.com\/wp-content\/uploads\/2017\/09\/Aquelarre-3-edicion-24.png\" alt=\"\"\/><\/a><a href=\"http:\/\/rolmasters.com\/fronteras\/enlaces-y-alianzas\/\"><div class=\"overlay-effects\"><div class=\"content-title\">ENLACES Y ALIANAZAS<\/div><\/div><\/a>\n<\/div><div class=\"kc-elm kc-css-820189 kc_text_block\"><h3 style=\"text-align: center;\"><a href=\"http:\/\/rolmasters.com\/fronteras\/enlaces-y-alianzas\/\">ENLACES Y ALIANZAS<\/a><\/h3>\n<p style=\"text-align: center;\">Bodas o pactos entre dinast\u00edas.<\/p>\n<\/div><\/div><\/div><\/div><\/div><\/div><\/div><\/div><\/section><section class=\"kc-elm kc-css-237774 kc_row\"><div class=\"kc-row-container  kc-container\"><div class=\"kc-wrap-columns\"><div class=\"kc-elm kc-css-128700 kc_col-sm-12 kc_column kc_col-sm-12\"><div class=\"kc-col-container\"><div class=\"kc-elm kc-css-975289 kc_row kc_row_inner\"><div class=\"kc-elm kc-css-536050 kc_col-sm-6 kc_column_inner kc_col-sm-6\"><div class=\"kc_wrapper kc-col-inner-container\">\n<div class=\"kc-elm kc-css-362665 kc-image-hover-effects kc-img-effects-1 overlay_scale_in\">\n\n\t<a href=\"http:\/\/rolmasters.com\/fronteras\/reyes-y-gobernantes\/\"><img decoding=\"async\" src=\"https:\/\/rolmasters.com\/wp-content\/uploads\/2017\/09\/Aquelarre-3-edicion-103.png\" alt=\"\"\/><\/a><a href=\"http:\/\/rolmasters.com\/fronteras\/reyes-y-gobernantes\/\"><div class=\"overlay-effects\"><div class=\"content-title\">REYES Y GOBERNANTES<\/div><\/div><\/a>\n<\/div><div class=\"kc-elm kc-css-163034 kc_text_block\"><h3 style=\"text-align: center;\"><a href=\"http:\/\/rolmasters.com\/fronteras\/reyes-y-gobernantes\/\">REYES Y GOBERNANTES<\/a><\/h3>\n<p style=\"text-align: center;\">Los que mandaban y tomaban las decisiones.<\/p>\n<\/div><\/div><\/div><div class=\"kc-elm kc-css-713324 kc_col-sm-6 kc_column_inner kc_col-sm-6\"><div class=\"kc_wrapper kc-col-inner-container\">\n<div class=\"kc-elm kc-css-823933 kc-image-hover-effects kc-img-effects-1 overlay_scale_in\">\n\n\t<a href=\"http:\/\/rolmasters.com\/fronteras\/batallas-y-tratados\/\"><img decoding=\"async\" src=\"https:\/\/rolmasters.com\/wp-content\/uploads\/2017\/09\/Aquelarre-3-edicion-12.png\" alt=\"\"\/><\/a><a href=\"http:\/\/rolmasters.com\/fronteras\/batallas-y-tratados\/\"><div class=\"overlay-effects\"><div class=\"content-title\">BATALLAS Y TRATADOS<\/div><\/div><\/a>\n<\/div><div class=\"kc-elm kc-css-556511 kc_text_block\"><h3 style=\"text-align: center;\"><a href=\"http:\/\/rolmasters.com\/fronteras\/batallas-y-tratados\/\">BATALLAS Y TRATADOS<\/a><\/h3>\n<p style=\"text-align: center;\">Confrontaciones, conquistas o acuerdos.<\/p>\n<\/div><\/div><\/div><\/div><\/div><\/div><\/div><\/div><\/section><section class=\"kc-elm kc-css-878564 kc_row\"><div class=\"kc-row-container  kc-container\"><div class=\"kc-wrap-columns\"><div class=\"kc-elm kc-css-276853 kc_col-sm-12 kc_column kc_col-sm-12\"><div class=\"kc-col-container\">\n<div class=\"kc-elm kc-css-430841 divider_line\">\n\t<div class=\"divider_inner divider_line2\">\n\t\t<i class=\"et-flag\"><\/i>\t<\/div>\n<\/div>\n<div class=\"kc-elm kc-css-399836 kc_text_block\"><p style=\"text-align: center;\">A pesar de que el manual de <em><strong>Aquelarre<\/strong><\/em> sit\u00faa la cronolog\u00eda del Juego entre 1300 y 1500 hay m\u00f3dulos que permiten ampliarlo m\u00e1s all\u00e1 del 1700.<\/p>\n<p style=\"text-align: center;\">Nuestra intenci\u00f3n, en este portal web, es ofrecer algunos detalles hist\u00f3ricos que ayuden a situar las partidas y hacer jugable el Manual en 711.<\/p>\n<\/div>\n<div class=\"kc-elm kc-css-458801 divider_line\">\n\t<div class=\"divider_inner divider_line1\">\n\t\t\t<\/div>\n<\/div>\n<div class=\"kc-elm kc-css-898992\" style=\"height: 30px; clear: both; width:100%;\"><\/div><\/div><\/div><\/div><\/div><\/section><section id=\"franjaborde1\" data-kc-fullwidth=\"row\" class=\"kc-elm kc-css-380425 kc_row\"><div class=\"kc-row-container  kc-container\"><div class=\"kc-wrap-columns\"><div class=\"kc-elm kc-css-289614 kc_col-sm-12 kc_column kc_col-sm-12\"><div class=\"kc-col-container\"><\/div><\/div><\/div><\/div><\/section><section data-kc-fullwidth=\"row\" class=\"kc-elm kc-css-933942 kc_row\"><div class=\"kc-row-container  kc-container\"><div class=\"kc-wrap-columns\"><div class=\"kc-elm kc-css-292886 kc_col-sm-4 kc_column kc_col-sm-4\"><div class=\"kc-col-container\"><div class=\"kc-elm kc-css-616313 kc_text_block\"><p><a href=\"http:\/\/rolmasters.com\/fronteres\/Recopilacion-cronologias-oficiales-de-aquelarre-por-Rolmasters.pdf\" target=\"_blank\" rel=\"noopener\"><img loading=\"lazy\" decoding=\"async\" class=\"aligncenter size-full\" src=\"http:\/\/rolmasters.com\/wp-content\/uploads\/2018\/03\/Cronos-700px.jpg\" alt=\"\" width=\"700\" height=\"648\" \/><\/a><\/p>\n<\/div><\/div><\/div><div class=\"kc-elm kc-css-20532 kc_col-sm-4 kc_column kc_col-sm-4\"><div class=\"kc-col-container\"><div class=\"kc-elm kc-css-407536 kc_text_block\"><h2 style=\"text-align: left;\">RECOPILACI\u00d3N DE CRONOLOG\u00cdAS OFICIALES DE AQUELARRE PUBLICADAS DURANTE LAS ETAPAS DE JOC INTERNACIONAL Y PROYECTOS EDITORIALES CROM<\/h2>\n<\/div><div class=\"kc-elm kc-css-450557\" style=\"height: 10px; clear: both; width:100%;\"><\/div><div class=\"kc-elm kc-css-660893 kc-raw-code\"><div class=\"su-button-center\"><a href=\"http:\/\/rolmasters.com\/fronteres\/Recopilacion-cronologias-oficiales-de-aquelarre-por-Rolmasters.pdf\" class=\"su-button su-button-style-default\" style=\"color:#FFFFFF;background-color:#fb5250;border-color:#c94240;border-radius:7px;-moz-border-radius:7px;-webkit-border-radius:7px\" target=\"_blank\"><span style=\"color:#FFFFFF;padding:7px 20px;font-size:16px;line-height:24px;border-color:#fc8685;border-radius:7px;-moz-border-radius:7px;-webkit-border-radius:7px;text-shadow:none;-moz-text-shadow:none;-webkit-text-shadow:none\"><img decoding=\"async\" src=\"http:\/\/rolmasters.com\/wp-content\/uploads\/2017\/09\/ADMIN-ICON-ROLMASTERS.png\" alt=\"DESCARGA RECOPILATORIO\" style=\"width:24px;height:24px\" \/> DESCARGA RECOPILATORIO<\/span><\/a><\/div><\/div><div class=\"kc-elm kc-css-278328\" style=\"height: 30px; clear: both; width:100%;\"><\/div><\/div><\/div><div class=\"kc-elm kc-css-838174 kc_col-sm-5 kc_column kc_col-sm-5\"><div class=\"kc-col-container\"><div class=\"kc-elm kc-css-144452 kc_text_block\"><h3>INDICE DE CONTENIDO<\/h3>\n<p><span style=\"color: #484f5e;\">\u2022 La pen\u00ednsula Ib\u00e9rica de 1279 &#8211; 1481<br \/>\n\u2022 Cronolog\u00eda de Pedro I de Castilla de 1334 &#8211; 1369<br \/>\n\u2022 Conflictos armados en la pen\u00ednsula de 1300 -1450<br \/>\n\u2022 Acontecimientos en el Principat de 1298 &#8211; 1410<br \/>\n\u2022 Cronolog\u00eda de Rinascita de 1451 &#8211; 1598<br \/>\n\u2022 El Madrid Medieval de 1083 &#8211; 1495<br \/>\n\u2022 El Madrid de los Austrias de 1500 &#8211; 1700<br \/>\n\u2022 Listado de los Inquisidores Generales de Espa\u00f1a<br \/>\n\u2022 Cronolog\u00eda del Tribunal de la Santa Inquisici\u00f3n<br \/>\n\u2022 Cronolog\u00eda de Sefarad de 70 &#8211; 1497<br \/>\n\u2022 Cronolog\u00eda de Al Andalus de 710 &#8211; 1609<br \/>\n\u2022 La Cordoba bajomedieval de 1023 &#8211; 1493<\/span><\/p>\n<\/div><\/div><\/div><\/div><\/div><\/section><section id=\"franjaborde2\" data-kc-fullwidth=\"row\" class=\"kc-elm kc-css-2933 kc_row\"><div class=\"kc-row-container  kc-container\"><div class=\"kc-wrap-columns\"><div class=\"kc-elm kc-css-267567 kc_col-sm-12 kc_column kc_col-sm-12\"><div class=\"kc-col-container\"><\/div><\/div><\/div><\/div><\/section><section class=\"kc-elm kc-css-758873 kc_row\"><div class=\"kc-row-container  kc-container\"><div class=\"kc-wrap-columns\"><div class=\"kc-elm kc-css-293775 kc_col-sm-12 kc_column kc_col-sm-12\"><div class=\"kc-col-container\"><div class=\"kc-elm kc-css-58548\" style=\"height: 30px; clear: both; width:100%;\"><\/div><div class=\"kc-elm kc-css-651831 kc_text_block\"><h2 style=\"text-align: center;\">MAPAS DE LA EVOLUCI\u00d3N DE LOS REINOS DE LA PEN\u00cdNSULA Y SUS FRONTERAS DE 711 A 1492<\/h2>\n<\/div><div class=\"kc-elm kc-css-9137 kc-raw-code\">\n\t\t<!-- MasterSlider -->\n\t\t<div id=\"P_MS69d895156baa0\" class=\"master-slider-parent msl ms-parent-id-1\" style=\"max-width:1920px;\"  >\n\n\t\t\t\n\t\t\t<!-- MasterSlider Main -->\n\t\t\t<div id=\"MS69d895156baa0\" class=\"master-slider ms-skin-default\" >\n\t\t\t\t \t\t\t\t \n\t\t\t\t<div  class=\"ms-slide\" data-delay=\"3\" data-fill-mode=\"fill\"  >\n\t\t\t\t\t<img decoding=\"async\" src=\"https:\/\/rolmasters.com\/wp-content\/plugins\/master-slider\/public\/assets\/css\/blank.gif\" alt=\"\" title=\"\" data-src=\"https:\/\/rolmasters.com\/wp-content\/uploads\/2017\/09\/PENINSULA-756.jpg\" \/>\n\n\n\t<div class=\"ms-thumb\" ><div class=\"ms-tab-context\"><div class=&quot;ms-tab-context&quot;><\/div><\/div>\n<\/div>\n\t\t\t\t<\/div>\n\t\t\t\t<div  class=\"ms-slide\" data-delay=\"3\" data-fill-mode=\"fill\"  >\n\t\t\t\t\t<img decoding=\"async\" src=\"https:\/\/rolmasters.com\/wp-content\/plugins\/master-slider\/public\/assets\/css\/blank.gif\" alt=\"\" title=\"\" data-src=\"https:\/\/rolmasters.com\/wp-content\/uploads\/2017\/09\/PENINSULA-939.jpg\" \/>\n\n\n\t<div class=\"ms-thumb\" ><div class=\"ms-tab-context\"><div class=&quot;ms-tab-context&quot;><\/div><\/div>\n<\/div>\n\t\t\t\t<\/div>\n\t\t\t\t<div  class=\"ms-slide\" data-delay=\"3\" data-fill-mode=\"fill\"  >\n\t\t\t\t\t<img decoding=\"async\" src=\"https:\/\/rolmasters.com\/wp-content\/plugins\/master-slider\/public\/assets\/css\/blank.gif\" alt=\"\" title=\"\" data-src=\"https:\/\/rolmasters.com\/wp-content\/uploads\/2017\/09\/PENINSULA-1036.jpg\" \/>\n\n\n\t<div class=\"ms-thumb\" ><div class=\"ms-tab-context\"><div class=&quot;ms-tab-context&quot;><\/div><\/div>\n<\/div>\n\t\t\t\t<\/div>\n\t\t\t\t<div  class=\"ms-slide\" data-delay=\"3\" data-fill-mode=\"fill\"  >\n\t\t\t\t\t<img decoding=\"async\" src=\"https:\/\/rolmasters.com\/wp-content\/plugins\/master-slider\/public\/assets\/css\/blank.gif\" alt=\"\" title=\"\" data-src=\"https:\/\/rolmasters.com\/wp-content\/uploads\/2017\/09\/PENINSULA-1162.jpg\" \/>\n\n\n\t<div class=\"ms-thumb\" ><div class=\"ms-tab-context\"><div class=&quot;ms-tab-context&quot;><\/div><\/div>\n<\/div>\n\t\t\t\t<\/div>\n\t\t\t\t<div  class=\"ms-slide\" data-delay=\"3\" data-fill-mode=\"fill\"  >\n\t\t\t\t\t<img decoding=\"async\" src=\"https:\/\/rolmasters.com\/wp-content\/plugins\/master-slider\/public\/assets\/css\/blank.gif\" alt=\"\" title=\"\" data-src=\"https:\/\/rolmasters.com\/wp-content\/uploads\/2017\/09\/PENINSULA-1212.jpg\" \/>\n\n\n\t<div class=\"ms-thumb\" ><div class=\"ms-tab-context\"><div class=&quot;ms-tab-context&quot;><\/div><\/div>\n<\/div>\n\t\t\t\t<\/div>\n\t\t\t\t<div  class=\"ms-slide\" data-delay=\"3\" data-fill-mode=\"fill\"  >\n\t\t\t\t\t<img decoding=\"async\" src=\"https:\/\/rolmasters.com\/wp-content\/plugins\/master-slider\/public\/assets\/css\/blank.gif\" alt=\"\" title=\"\" data-src=\"https:\/\/rolmasters.com\/wp-content\/uploads\/2017\/09\/PENINSULA-1250.jpg\" \/>\n\n\n\t<div class=\"ms-thumb\" ><div class=\"ms-tab-context\"><div class=&quot;ms-tab-context&quot;><\/div><\/div>\n<\/div>\n\t\t\t\t<\/div>\n\t\t\t\t<div  class=\"ms-slide\" data-delay=\"3\" data-fill-mode=\"fill\"  >\n\t\t\t\t\t<img decoding=\"async\" src=\"https:\/\/rolmasters.com\/wp-content\/plugins\/master-slider\/public\/assets\/css\/blank.gif\" alt=\"\" title=\"\" data-src=\"https:\/\/rolmasters.com\/wp-content\/uploads\/2017\/09\/PENINSULA-1492.jpg\" \/>\n\n\n\t<div class=\"ms-thumb\" ><div class=\"ms-tab-context\"><div class=&quot;ms-tab-context&quot;><\/div><\/div>\n<\/div>\n\t\t\t\t<\/div>\n\n\t\t\t<\/div>\n\t\t\t<!-- END MasterSlider Main -->\n\n\t\t\t \n\t\t<\/div>\n\t\t<!-- END MasterSlider -->\n\n\t\t<script>\n\t\t(function ( $ ) {\n\t\t\t\"use strict\";\n\n\t\t\t$(function () {\n\t\t\t\tvar masterslider_baa0 = new MasterSlider();\n\n\t\t\t\t\/\/ slider controls\n\t\t\t\tmasterslider_baa0.control('arrows'     ,{ autohide:false, overVideo:true  });\n\t\t\t\t\/\/ slider setup\n\t\t\t\tmasterslider_baa0.setup(\"MS69d895156baa0\", {\n\t\t\t\t\t\twidth           : 1920,\n\t\t\t\t\t\theight          : 1044,\n\t\t\t\t\t\tminHeight       : 0,\n\t\t\t\t\t\tspace           : 0,\n\t\t\t\t\t\tstart           : 1,\n\t\t\t\t\t\tgrabCursor      : true,\n\t\t\t\t\t\tswipe           : true,\n\t\t\t\t\t\tmouse           : true,\n\t\t\t\t\t\tlayout          : \"boxed\",\n\t\t\t\t\t\twheel           : false,\n\t\t\t\t\t\tautoplay        : true,\n\t\t\t\t\t\tinstantStartLayers:false,\n\t\t\t\t\t\tloop            : true,\n\t\t\t\t\t\tshuffle         : false,\n\t\t\t\t\t\tpreload         : 0,\n\t\t\t\t\t\theightLimit     : true,\n\t\t\t\t\t\tautoHeight      : false,\n\t\t\t\t\t\tsmoothHeight    : true,\n\t\t\t\t\t\tendPause        : false,\n\t\t\t\t\t\toverPause       : true,\n\t\t\t\t\t\tfillMode        : \"fill\",\n\t\t\t\t\t\tcenterControls  : true,\n\t\t\t\t\t\tstartOnAppear   : false,\n\t\t\t\t\t\tlayersMode      : \"center\",\n\t\t\t\t\t\thideLayers      : false,\n\t\t\t\t\t\tfullscreenMargin: 0,\n\t\t\t\t\t\tspeed           : 20,\n\t\t\t\t\t\tdir             : \"h\",\n\t\t\t\t\t\tparallaxMode    : 'swipe',\n\t\t\t\t\t\tview            : \"basic\"\n\t\t\t\t});\n\n\t\t\t\t\n\t\t\t\twindow.masterslider_instances = window.masterslider_instances || [];\n\t\t\t\twindow.masterslider_instances.push( masterslider_baa0 );\n\t\t\t });\n\n\t\t})(jQuery);\n\t\t<\/script>\n\n<\/div><\/div><\/div><\/div><\/div><\/section>","protected":false},"excerpt":{"rendered":"<div class='heateor_sss_sharing_container heateor_sss_vertical_sharing heateor_sss_bottom_sharing' style='width:44px;right: -10px;top: 250px;-webkit-box-shadow:none;box-shadow:none;' heateor-sss-data-href='https:\/\/rolmasters.com\/es\/wp-json\/wp\/v2\/pages\/2797'><ul  class=\"heateor_sss_sharing_ul\"><li class=\"\"><i style=\"width:40px;height:40px;margin:0;\" alt=\"Facebook\" Title=\"Facebook\" class=\"heateorSssSharing heateorSssFacebookBackground\" onclick='heateorSssPopup(\"https:\/\/www.facebook.com\/sharer\/sharer.php?u=https%3A%2F%2Frolmasters.com%2Fes%2Fwp-json%2Fwp%2Fv2%2Fpages%2F2797\")'><ss style=\"display:block;\" class=\"heateorSssSharingSvg heateorSssFacebookSvg\"><\/ss><\/i><\/li><li class=\"\"><i style=\"width:40px;height:40px;margin:0;\" alt=\"Twitter\" Title=\"Twitter\" class=\"heateorSssSharing heateorSssTwitterBackground\" onclick='heateorSssPopup(\"http:\/\/twitter.com\/intent\/tweet?text=ROLMASTERS%20-%20Tira%201D100&url=https%3A%2F%2Frolmasters.com%2Fes%2Fwp-json%2Fwp%2Fv2%2Fpages%2F2797\")'><ss style=\"display:block;\" class=\"heateorSssSharingSvg heateorSssTwitterSvg\"><\/ss><\/i><\/li><li class=\"\"><i style=\"width:40px;height:40px;margin:0;\" alt=\"Whatsapp\" Title=\"Whatsapp\" class=\"heateorSssSharing heateorSssWhatsappBackground\"><a  href=\"whatsapp:\/\/send?text=ROLMASTERS%20-%20Tira%201D100 https%3A%2F%2Frolmasters.com%2Fes%2Fwp-json%2Fwp%2Fv2%2Fpages%2F2797\" rel=\"nofollow\"><ss style=\"display:block\" class=\"heateorSssSharingSvg heateorSssWhatsappSvg\"><\/ss><\/a><\/i><\/li><\/ul><div class=\"heateorSssClear\"><\/div><\/div>","protected":false},"author":1,"featured_media":281,"parent":0,"menu_order":0,"comment_status":"closed","ping_status":"closed","template":"full-width.php","meta":{"footnotes":""},"_links":{"self":[{"href":"https:\/\/rolmasters.com\/es\/wp-json\/wp\/v2\/pages\/2797"}],"collection":[{"href":"https:\/\/rolmasters.com\/es\/wp-json\/wp\/v2\/pages"}],"about":[{"href":"https:\/\/rolmasters.com\/es\/wp-json\/wp\/v2\/types\/page"}],"author":[{"embeddable":true,"href":"https:\/\/rolmasters.com\/es\/wp-json\/wp\/v2\/users\/1"}],"replies":[{"embeddable":true,"href":"https:\/\/rolmasters.com\/es\/wp-json\/wp\/v2\/comments?post=2797"}],"version-history":[{"count":7,"href":"https:\/\/rolmasters.com\/es\/wp-json\/wp\/v2\/pages\/2797\/revisions"}],"predecessor-version":[{"id":3974,"href":"https:\/\/rolmasters.com\/es\/wp-json\/wp\/v2\/pages\/2797\/revisions\/3974"}],"wp:featuredmedia":[{"embeddable":true,"href":"https:\/\/rolmasters.com\/es\/wp-json\/wp\/v2\/media\/281"}],"wp:attachment":[{"href":"https:\/\/rolmasters.com\/es\/wp-json\/wp\/v2\/media?parent=2797"}],"curies":[{"name":"wp","href":"https:\/\/api.w.org\/{rel}","templated":true}]}}