{"id":2763,"date":"2018-01-08T23:00:53","date_gmt":"2018-01-08T23:00:53","guid":{"rendered":"http:\/\/rolmasters.com\/?page_id=2763"},"modified":"2021-11-09T09:38:52","modified_gmt":"2021-11-09T09:38:52","slug":"blogs-y-webs","status":"publish","type":"page","link":"https:\/\/rolmasters.com\/es\/rol\/blogs-y-webs\/","title":{"rendered":"BLOGS Y WEBS"},"content":{"rendered":"<section class=\"kc-elm kc-css-653627 kc_row\"><div class=\"kc-row-container  kc-container\"><div class=\"kc-wrap-columns\"><div class=\"kc-elm kc-css-279800 kc_col-sm-12 kc_column kc_col-sm-12\"><div class=\"kc-col-container\"><div class=\"kc-elm kc-css-711846 kc_text_block\"><p>En esta p\u00e1gina iremos a\u00f1adiendo enlaces a blog y webs relacionados con <em><strong>Aquelarre <\/strong><\/em>donde encontrar material entradas o recursos varios relacionados con el juego, su \u00e9poca, leyendas y mitologia, etc&#8230;<\/p>\n<\/div>\n<div class=\"kc-elm kc-css-917752 divider_line\">\n\t<div class=\"divider_inner divider_line1\">\n\t\t\t<\/div>\n<\/div>\n<div class=\"kc-elm kc-css-596307 kc_text_block\"><h2 style=\"text-align: center;\">BLOGS REFERENTES PARA ROLMASTERS ORDENADOS ALFAB\u00c9TICAMENTE<\/h2>\n<\/div>\n<div class=\"kc-elm kc-css-584590 divider_line\">\n\t<div class=\"divider_inner divider_line2\">\n\t\t<i class=\"et-flag\"><\/i>\t<\/div>\n<\/div>\n<div class=\"kc-elm kc-css-905022\" style=\"height: 20px; clear: both; width:100%;\"><\/div><div class=\"kc-elm kc-css-514180 kc_row kc_row_inner\"><div class=\"kc-elm kc-css-160014 kc_col-sm-6 kc_column_inner kc_col-sm-6\"><div class=\"kc_wrapper kc-col-inner-container\"><div class=\"kc-elm kc-css-887515 kc_text_block\"><h3 style=\"text-align: center;\"><a href=\"http:\/\/greatfrezzerspanishversion.blogspot.com.es\/\" target=\"_blank\" rel=\"noopener\"><img decoding=\"async\" class=\"aligncenter size-full\" src=\"http:\/\/rolmasters.com\/wp-content\/uploads\/2018\/01\/Blog-aquelarredvanced.jpg\" alt=\"Aquelarredvanced\" \/><\/a><\/h3>\n<h3 style=\"text-align: center;\"><a href=\"http:\/\/greatfrezzerspanishversion.blogspot.com.es\/\" target=\"_blank\" rel=\"noopener\">AQUELARREDVANCED<\/a><\/h3>\n<\/div><\/div><\/div><div class=\"kc-elm kc-css-800564 kc_col-sm-6 kc_column_inner kc_col-sm-6\"><div class=\"kc_wrapper kc-col-inner-container\"><div class=\"kc-elm kc-css-676036 kc_text_block\"><h3 style=\"text-align: center;\"><a href=\"http:\/\/aquerasturias.blogspot.com.es\/\" target=\"_blank\" rel=\"noopener\"><img decoding=\"async\" class=\"aligncenter size-full\" src=\"http:\/\/rolmasters.com\/wp-content\/uploads\/2018\/01\/Blog-aquerasturias.jpg\" alt=\"Aquerasturias\" \/><\/a><\/h3>\n<h3 style=\"text-align: center;\"><a href=\"http:\/\/aquerasturias.blogspot.com.es\/\" target=\"_blank\" rel=\"noopener\">AQUERASTURIAS<\/a><\/h3>\n<\/div><\/div><\/div><\/div><div class=\"kc-elm kc-css-60669 kc_row kc_row_inner\"><div class=\"kc-elm kc-css-987892 kc_col-sm-6 kc_column_inner kc_col-sm-6\"><div class=\"kc_wrapper kc-col-inner-container\"><div class=\"kc-elm kc-css-258865 kc_text_block\"><h3 style=\"text-align: center;\"><a href=\"https:\/\/historol.blogspot.com.es\/\" target=\"_blank\" rel=\"noopener\"><img decoding=\"async\" class=\"aligncenter size-full\" src=\"http:\/\/rolmasters.com\/wp-content\/uploads\/2018\/01\/Blog-Histo-Rol.jpg\" alt=\"Blog de Histo-rol\" \/><\/a><\/h3>\n<h3 style=\"text-align: center;\"><a href=\"https:\/\/historol.blogspot.com.es\/\" target=\"_blank\" rel=\"noopener\">HISTO-ROL<\/a><\/h3>\n<\/div><\/div><\/div><div class=\"kc-elm kc-css-117453 kc_col-sm-6 kc_column_inner kc_col-sm-6\"><div class=\"kc_wrapper kc-col-inner-container\"><div class=\"kc-elm kc-css-582762 kc_text_block\"><h3 style=\"text-align: center;\"><a href=\"http:\/\/comteestruch.blogspot.com.es\/\" target=\"_blank\" rel=\"noopener\"><img decoding=\"async\" class=\"aligncenter size-full\" src=\"http:\/\/rolmasters.com\/wp-content\/uploads\/2018\/03\/El-rincon-del-rol.jpg\" alt=\"El rincon del rol\" \/><\/a><\/h3>\n<h3 style=\"text-align: center;\"><a href=\"http:\/\/comteestruch.blogspot.com.es\/\" target=\"_blank\" rel=\"noopener\">EL RINC\u00d3N DEL ROL<\/a><\/h3>\n<\/div><\/div><\/div><\/div><div class=\"kc-elm kc-css-74603 kc_row kc_row_inner\"><div class=\"kc-elm kc-css-760197 kc_col-sm-6 kc_column_inner kc_col-sm-6\"><div class=\"kc_wrapper kc-col-inner-container\"><div class=\"kc-elm kc-css-228011 kc_text_block\"><h3 style=\"text-align: center;\"><a href=\"http:\/\/manpang.blogspot.com.es\/\" target=\"_blank\" rel=\"noopener\"><img decoding=\"async\" class=\"size-full alignnone\" src=\"http:\/\/rolmasters.com\/wp-content\/uploads\/2018\/01\/Blog-la-fortaleza-de-manpang.jpg\" alt=\"Blog de La fortaleza del Manpang\" \/><\/a><\/h3>\n<h3 style=\"text-align: center;\"><a href=\"http:\/\/manpang.blogspot.com.es\/\" target=\"_blank\" rel=\"noopener\">LA FORTALEZA DEL MANPANG<\/a><\/h3>\n<\/div><\/div><\/div><div class=\"kc-elm kc-css-650565 kc_col-sm-6 kc_column_inner kc_col-sm-6\"><div class=\"kc_wrapper kc-col-inner-container\"><div class=\"kc-elm kc-css-273536 kc_text_block\"><h3 style=\"text-align: center;\"><a href=\"http:\/\/nivel36.blogspot.com.es\/\" target=\"_blank\" rel=\"noopener\"><img decoding=\"async\" class=\"aligncenter size-full\" src=\"http:\/\/rolmasters.com\/wp-content\/uploads\/2018\/03\/Blog-Nivel-36.jpg\" alt=\"Blog nivel 36 de Ricard Ib\u00e1\u00f1ez\" \/><\/a><\/h3>\n<h3 style=\"text-align: center;\"><a href=\"http:\/\/nivel36.blogspot.com.es\/\" target=\"_blank\" rel=\"noopener\">NIVEL 36<\/a><\/h3>\n<\/div><\/div><\/div><\/div><div class=\"kc-elm kc-css-708495 kc_row kc_row_inner\"><div class=\"kc-elm kc-css-673749 kc_col-sm-6 kc_column_inner kc_col-sm-6\"><div class=\"kc_wrapper kc-col-inner-container\"><div class=\"kc-elm kc-css-792789 kc_text_block\"><p><a href=\"http:\/\/persorol.blogspot.com.es\/\" target=\"_blank\" rel=\"noopener\"><img decoding=\"async\" class=\"aligncenter size-full\" src=\"http:\/\/rolmasters.com\/wp-content\/uploads\/2018\/01\/Blog-Perso-Rol.jpg\" alt=\"Blog Perso Rol\" \/><\/a><\/p>\n<h3 style=\"text-align: center;\"><a href=\"http:\/\/persorol.blogspot.com.es\/\" target=\"_blank\" rel=\"noopener\">PERSO ROL<\/a><\/h3>\n<\/div><\/div><\/div><div class=\"kc-elm kc-css-392827 kc_col-sm-6 kc_column_inner kc_col-sm-6\"><div class=\"kc_wrapper kc-col-inner-container\"><div class=\"kc-elm kc-css-79067 kc_text_block\"><p><a href=\"http:\/\/rerumdemoni.blogspot.com.es\/\" target=\"_blank\" rel=\"noopener\"><img decoding=\"async\" class=\"aligncenter size-full\" src=\"http:\/\/rolmasters.com\/wp-content\/uploads\/2018\/01\/Blog-Rerum-Demoni.jpg\" alt=\"Blog Rerum Demoni\" \/><\/a><\/p>\n<h3 style=\"text-align: center;\"><a href=\"http:\/\/rerumdemoni.blogspot.com.es\/\" target=\"_blank\" rel=\"noopener\">RERUM DEMONI<\/a><\/h3>\n<\/div><\/div><\/div><\/div><div class=\"kc-elm kc-css-597078 kc_row kc_row_inner\"><div class=\"kc-elm kc-css-530628 kc_col-sm-6 kc_column_inner kc_col-sm-6\"><div class=\"kc_wrapper kc-col-inner-container\"><div class=\"kc-elm kc-css-245859 kc_text_block\"><p><a href=\"http:\/\/rolequest.blogspot.com.es\/\" target=\"_blank\" rel=\"noopener\"><img decoding=\"async\" class=\"aligncenter size-full\" src=\"http:\/\/rolmasters.com\/wp-content\/uploads\/2018\/01\/Blog-Role-Quest.jpg\" alt=\"Blog Role Quest\" \/><\/a><\/p>\n<h3 style=\"text-align: center;\"><a href=\"http:\/\/rolequest.blogspot.com.es\/\" target=\"_blank\" rel=\"noopener\">ROLE QUEST<\/a><\/h3>\n<\/div><\/div><\/div><div class=\"kc-elm kc-css-332838 kc_col-sm-6 kc_column_inner kc_col-sm-6\"><div class=\"kc_wrapper kc-col-inner-container\"><div class=\"kc-elm kc-css-282073 kc_text_block\"><p><a href=\"http:\/\/sombrasdeurruela.blogspot.com.es\/\" target=\"_blank\" rel=\"noopener\"><img decoding=\"async\" class=\"aligncenter size-full\" src=\"http:\/\/rolmasters.com\/wp-content\/uploads\/2018\/01\/Blog-sombras-de-urruela.jpg\" alt=\"Sombras de Urruela\" \/><\/a><\/p>\n<h3 style=\"text-align: center;\"><a href=\"http:\/\/sombrasdeurruela.blogspot.com.es\/\" target=\"_blank\" rel=\"noopener\">SOMBRAS DE URRUELA<\/a><\/h3>\n<\/div><\/div><\/div><\/div><div class=\"kc-elm kc-css-753015 kc_row kc_row_inner\"><div class=\"kc-elm kc-css-3811 kc_col-sm-6 kc_column_inner kc_col-sm-6\"><div class=\"kc_wrapper kc-col-inner-container\"><div class=\"kc-elm kc-css-965333 kc_text_block\"><p><a href=\"https:\/\/www.youtube.com\/channel\/UCdz5kel9msbXOeawWduWu0g\" target=\"_blank\" rel=\"noopener\"><img decoding=\"async\" class=\"aligncenter size-large\" src=\"http:\/\/rolmasters.com\/wp-content\/uploads\/2019\/10\/1372x298-CVJackson.jpg\" alt=\"canal youtube CV Jackson\" \/><\/a><\/p>\n<h3 style=\"text-align: center;\"><a href=\"https:\/\/www.youtube.com\/channel\/UCdz5kel9msbXOeawWduWu0g\" target=\"_blank\" rel=\"noopener\">CANAL YOUTUBE C.V.JACKSON<\/a><\/h3>\n<\/div><\/div><\/div><div class=\"kc-elm kc-css-997770 kc_col-sm-6 kc_column_inner kc_col-sm-6\"><div class=\"kc_wrapper kc-col-inner-container\"><div class=\"kc-elm kc-css-876378 kc_text_block\"><p><a href=\"https:\/\/roldelos90.blogspot.com\/\" target=\"_blank\" rel=\"noopener\"><img decoding=\"async\" class=\"aligncenter size-large\" src=\"http:\/\/rolmasters.com\/wp-content\/uploads\/2021\/11\/Blog-Rol-de-los-90-B.jpg\" alt=\"blog rol de los 90\" \/><\/a><\/p>\n<h3 style=\"text-align: center;\"><a href=\"https:\/\/roldelos90.blogspot.com\/\" target=\"_blank\" rel=\"noopener\">ROL DE LOS 90<\/a><\/h3>\n<\/div><\/div><\/div><\/div><\/div><\/div><\/div><\/div><\/section><section class=\"kc-elm kc-css-832258 kc_row\"><div class=\"kc-row-container  kc-container\"><div class=\"kc-wrap-columns\"><div class=\"kc-elm kc-css-405265 kc_col-sm-12 kc_column kc_col-sm-12\"><div class=\"kc-col-container\">\n<div class=\"kc-elm kc-css-301445 divider_line\">\n\t<div class=\"divider_inner divider_line1\">\n\t\t\t<\/div>\n<\/div>\n<div class=\"kc-elm kc-css-472111 kc_shortcode kc_single_image\">\n\n        <img decoding=\"async\" src=\"https:\/\/rolmasters.com\/wp-content\/uploads\/2017\/10\/Aquelarre-3-edicio-parallax-3.jpg\" class=\"\" alt=\"\" \/>    <\/div>\n<div class=\"kc-elm kc-css-551057 kc-raw-code\"><div class=\"su-column su-column-size-1-3\"><div class=\"su-column-inner su-clearfix\">\r\n<div class=\"su-box su-box-style-soft\" style=\"border-color:#292929;border-radius:5px;-moz-border-radius:5px;-webkit-border-radius:5px;\"><div class=\"su-box-title\" style=\"background-color:#333333;color:#FFFFFF;-webkit-border-top-left-radius:4px;-webkit-border-top-right-radius:4px;-moz-border-radius-topleft:4px;-moz-border-radius-topright:4px;border-top-left-radius:4px;border-top-right-radius:4px;\">\u00bfQU\u00c9 ES EL ROL?<\/div><div class=\"su-box-content su-clearfix\">Los juegos de rol son la interpreatci\u00f3n de un personaje inventado en un mundo ficticio bajo las reglas del manual.\r\n <\/br><\/br>\r\n<div class=\"su-button-center\"><a href=\"http:\/\/rolmasters.com\/rol\/que-es-el-rol\/\" class=\"su-button su-button-style-default\" style=\"color:#FFFFFF;background-color:#fb5250;border-color:#c94240;border-radius:6px;-moz-border-radius:6px;-webkit-border-radius:6px\" target=\"_self\"><span style=\"color:#FFFFFF;padding:0px 18px;font-size:14px;line-height:28px;border-color:#fc8685;border-radius:6px;-moz-border-radius:6px;-webkit-border-radius:6px;text-shadow:none;-moz-text-shadow:none;-webkit-text-shadow:none\"> Leer m\u00e1s<\/span><\/a><\/div>\r\n<\/div><\/div>\r\n<\/div><\/div>\r\n\r\n<div class=\"su-column su-column-size-1-3\"><div class=\"su-column-inner su-clearfix\">\r\n<div class=\"su-box su-box-style-soft\" style=\"border-color:#292929;border-radius:5px;-moz-border-radius:5px;-webkit-border-radius:5px;\"><div class=\"su-box-title\" style=\"background-color:#333333;color:#FFFFFF;-webkit-border-top-left-radius:4px;-webkit-border-top-right-radius:4px;-moz-border-radius-topleft:4px;-moz-border-radius-topright:4px;border-top-left-radius:4px;border-top-right-radius:4px;\">\u00bfQU\u00c9 ES AQUELARRE?<\/div><div class=\"su-box-content su-clearfix\">Aquelarre \u00e9s un juego de rol fant\u00e1stico medieval, ambientado en la pen\u00ednsula Ib\u00e9rica, creado por Ricard Ib\u00e1\u00f1ez.\r\n <\/br><\/br>\r\n<div class=\"su-button-center\"><a href=\"http:\/\/rolmasters.com\/rol\/que-es-el-juego-de-rol-aquelarre\/\" class=\"su-button su-button-style-default\" style=\"color:#FFFFFF;background-color:#fb5250;border-color:#c94240;border-radius:6px;-moz-border-radius:6px;-webkit-border-radius:6px\" target=\"_self\"><span style=\"color:#FFFFFF;padding:0px 18px;font-size:14px;line-height:28px;border-color:#fc8685;border-radius:6px;-moz-border-radius:6px;-webkit-border-radius:6px;text-shadow:none;-moz-text-shadow:none;-webkit-text-shadow:none\"> Leer m\u00e1s<\/span><\/a><\/div>\r\n<\/div><\/div>\r\n<\/div><\/div>\r\n\r\n<div class=\"su-column su-column-size-1-3\"><div class=\"su-column-inner su-clearfix\">\r\n<div class=\"su-box su-box-style-soft\" style=\"border-color:#292929;border-radius:5px;-moz-border-radius:5px;-webkit-border-radius:5px;\"><div class=\"su-box-title\" style=\"background-color:#333333;color:#FFFFFF;-webkit-border-top-left-radius:4px;-webkit-border-top-right-radius:4px;-moz-border-radius-topleft:4px;-moz-border-radius-topright:4px;border-top-left-radius:4px;border-top-right-radius:4px;\">MANUALES Y M\u00d3DULOS?<\/div><div class=\"su-box-content su-clearfix\">Aquelarre ha vivido 4 etapas en diferentes editoriales desde su primera publicaci\u00f3n en el a\u00f1o 1990.\r\n <\/br><\/br>\r\n<div class=\"su-button-center\"><a href=\"http:\/\/rolmasters.com\/rol\/manuales-y-modulos-de-rol-aquelarre\/\" class=\"su-button su-button-style-default\" style=\"color:#FFFFFF;background-color:#fb5250;border-color:#c94240;border-radius:6px;-moz-border-radius:6px;-webkit-border-radius:6px\" target=\"_self\"><span style=\"color:#FFFFFF;padding:0px 18px;font-size:14px;line-height:28px;border-color:#fc8685;border-radius:6px;-moz-border-radius:6px;-webkit-border-radius:6px;text-shadow:none;-moz-text-shadow:none;-webkit-text-shadow:none\"> Leer m\u00e1s<\/span><\/a><\/div>\r\n<\/div><\/div>\r\n<\/div><\/div>\r\n\r\n<div class=\"su-column su-column-size-1-1\"><div class=\"su-column-inner su-clearfix\"><\/div><\/div><\/div>\n<div class=\"kc-elm kc-css-582180 divider_line\">\n\t<div class=\"divider_inner divider_line1\">\n\t\t\t<\/div>\n<\/div>\n<\/div><\/div><\/div><\/div><\/section><section class=\"kc-elm kc-css-8153 kc_row\"><div class=\"kc-row-container  kc-container\"><div class=\"kc-wrap-columns\"><div class=\"kc-elm kc-css-263622 kc_col-sm-12 kc_column kc_col-sm-12\"><div class=\"kc-col-container\"><\/div><\/div><\/div><\/div><\/section>","protected":false},"excerpt":{"rendered":"<div class='heateor_sss_sharing_container heateor_sss_vertical_sharing heateor_sss_bottom_sharing' style='width:44px;right: -10px;top: 250px;-webkit-box-shadow:none;box-shadow:none;' heateor-sss-data-href='https:\/\/rolmasters.com\/es\/wp-json\/wp\/v2\/pages\/2763'><ul  class=\"heateor_sss_sharing_ul\"><li class=\"\"><i style=\"width:40px;height:40px;margin:0;\" alt=\"Facebook\" Title=\"Facebook\" class=\"heateorSssSharing heateorSssFacebookBackground\" onclick='heateorSssPopup(\"https:\/\/www.facebook.com\/sharer\/sharer.php?u=https%3A%2F%2Frolmasters.com%2Fes%2Fwp-json%2Fwp%2Fv2%2Fpages%2F2763\")'><ss style=\"display:block;\" class=\"heateorSssSharingSvg heateorSssFacebookSvg\"><\/ss><\/i><\/li><li class=\"\"><i style=\"width:40px;height:40px;margin:0;\" alt=\"Twitter\" Title=\"Twitter\" class=\"heateorSssSharing heateorSssTwitterBackground\" onclick='heateorSssPopup(\"http:\/\/twitter.com\/intent\/tweet?text=ROLMASTERS%20-%20Tira%201D100&url=https%3A%2F%2Frolmasters.com%2Fes%2Fwp-json%2Fwp%2Fv2%2Fpages%2F2763\")'><ss style=\"display:block;\" class=\"heateorSssSharingSvg heateorSssTwitterSvg\"><\/ss><\/i><\/li><li class=\"\"><i style=\"width:40px;height:40px;margin:0;\" alt=\"Whatsapp\" Title=\"Whatsapp\" class=\"heateorSssSharing heateorSssWhatsappBackground\"><a  href=\"whatsapp:\/\/send?text=ROLMASTERS%20-%20Tira%201D100 https%3A%2F%2Frolmasters.com%2Fes%2Fwp-json%2Fwp%2Fv2%2Fpages%2F2763\" rel=\"nofollow\"><ss style=\"display:block\" class=\"heateorSssSharingSvg heateorSssWhatsappSvg\"><\/ss><\/a><\/i><\/li><\/ul><div class=\"heateorSssClear\"><\/div><\/div>","protected":false},"author":1,"featured_media":15,"parent":27,"menu_order":0,"comment_status":"closed","ping_status":"closed","template":"full-width.php","meta":{"footnotes":""},"_links":{"self":[{"href":"https:\/\/rolmasters.com\/es\/wp-json\/wp\/v2\/pages\/2763"}],"collection":[{"href":"https:\/\/rolmasters.com\/es\/wp-json\/wp\/v2\/pages"}],"about":[{"href":"https:\/\/rolmasters.com\/es\/wp-json\/wp\/v2\/types\/page"}],"author":[{"embeddable":true,"href":"https:\/\/rolmasters.com\/es\/wp-json\/wp\/v2\/users\/1"}],"replies":[{"embeddable":true,"href":"https:\/\/rolmasters.com\/es\/wp-json\/wp\/v2\/comments?post=2763"}],"version-history":[{"count":5,"href":"https:\/\/rolmasters.com\/es\/wp-json\/wp\/v2\/pages\/2763\/revisions"}],"predecessor-version":[{"id":7596,"href":"https:\/\/rolmasters.com\/es\/wp-json\/wp\/v2\/pages\/2763\/revisions\/7596"}],"up":[{"embeddable":true,"href":"https:\/\/rolmasters.com\/es\/wp-json\/wp\/v2\/pages\/27"}],"wp:featuredmedia":[{"embeddable":true,"href":"https:\/\/rolmasters.com\/es\/wp-json\/wp\/v2\/media\/15"}],"wp:attachment":[{"href":"https:\/\/rolmasters.com\/es\/wp-json\/wp\/v2\/media?parent=2763"}],"curies":[{"name":"wp","href":"https:\/\/api.w.org\/{rel}","templated":true}]}}