{"id":27,"date":"2017-09-07T16:38:49","date_gmt":"2017-09-07T16:38:49","guid":{"rendered":"http:\/\/rolmasters.com\/?page_id=27"},"modified":"2018-04-16T09:51:28","modified_gmt":"2018-04-16T09:51:28","slug":"rol","status":"publish","type":"page","link":"https:\/\/rolmasters.com\/es\/rol\/","title":{"rendered":"EL REINO DEL JUEGO DE ROL"},"content":{"rendered":"<section class=\"kc-elm kc-css-508115 kc_row\"><div class=\"kc-row-container  kc-container\"><div class=\"kc-wrap-columns\"><div class=\"kc-elm kc-css-115422 kc_col-sm-12 kc_column kc_col-sm-12\"><div class=\"kc-col-container\"><div class=\"kc-elm kc-css-31552 kc_text_block\"><p>Rolmasters es un sitio web tem\u00e1tico sobre el juego de rol Aquelarre escrito por Ricard Ib\u00e1\u00f1ez. Es un sitio web sin \u00e1nimo de lucro creado por un grupo de aficionados de Aquelarre con el fin de ayudar, en la medida de lo posible a principiantes, jugadores y directores de juego de este apasionante juego de rol. El espacio se divide en las siguientes secciones.<\/p>\n<\/div><\/div><\/div><\/div><\/div><\/section><section id=\"franjaborde1\" data-kc-fullwidth=\"row\" class=\"kc-elm kc-css-857671 kc_row\"><div class=\"kc-row-container  kc-container\"><div class=\"kc-wrap-columns\"><div class=\"kc-elm kc-css-321492 kc_col-sm-12 kc_column kc_col-sm-12\"><div class=\"kc-col-container\"><\/div><\/div><\/div><\/div><\/section><section data-kc-fullwidth=\"row\" class=\"kc-elm kc-css-690967 kc_row\"><div class=\"kc-row-container  kc-container\"><div class=\"kc-wrap-columns\"><div class=\"kc-elm kc-css-224290 kc_col-sm-12 kc_column kc_col-sm-12\"><div class=\"kc-col-container\"><div class=\"kc-elm kc-css-9213 kc_row kc_row_inner\"><div class=\"kc-elm kc-css-935159 kc_col-sm-4 kc_column_inner kc_col-sm-4\"><div class=\"kc_wrapper kc-col-inner-container\">\n<div class=\"kc-elm kc-css-462645 kc-flipbox kc-flip-container\" ontouchstart=\"this.classList.toggle('hover');\">\n\t<div class=\"flipper\">\n\t\t<div class=\"front\">\n\t\t\t<div class=\"front-content\">\n\t\t\t\t<h3>EL REINO<\/h3><p><img loading=\"lazy\" decoding=\"async\" src=\"http:\/\/rolmasters.com\/wp-content\/uploads\/2017\/09\/Rolmasters-corona.png\" alt=\"\" width=\"178\" height=\"178\" class=\"aligncenter size-full wp-image-8\" srcset=\"https:\/\/rolmasters.com\/wp-content\/uploads\/2017\/09\/Rolmasters-corona.png 178w, https:\/\/rolmasters.com\/wp-content\/uploads\/2017\/09\/Rolmasters-corona-150x150.png 150w, https:\/\/rolmasters.com\/wp-content\/uploads\/2017\/09\/Rolmasters-corona-100x100.png 100w\" sizes=\"(max-width: 178px) 100vw, 178px\" \/>\r\n<\/p>\t\t\t<\/div>\n\t\t<\/div>\n\t\t<div class=\"back\">\n\t\t\t<div class=\"des\">\n\t\t\t\t<h3>EL REINO<\/h3><p>Este bloque resumimos el contenido de la web a la vez que explicamos en tres secciones que es el rol, que es aquelarre y todos los manuales y m\u00f3dulos que existen desde la primera publicaci\u00f3n hasta el d\u00eda de hoy.<\/p><a class=\"button\" href=\"http:\/\/rolmasters.com\/rol#sobrerolyaquelarre\" target=\"_self\" title=\"\">VER<\/a>\t\t\t<\/div>\n\t\t<\/div>\n\t<\/div>\n<\/div>\n<\/div><\/div><div class=\"kc-elm kc-css-895651 kc_col-sm-4 kc_column_inner kc_col-sm-4\"><div class=\"kc_wrapper kc-col-inner-container\">\n<div class=\"kc-elm kc-css-578837 kc-flipbox kc-flip-container\" ontouchstart=\"this.classList.toggle('hover');\">\n\t<div class=\"flipper\">\n\t\t<div class=\"front\">\n\t\t\t<div class=\"front-content\">\n\t\t\t\t<h3>FRONTERAS<\/h3><p><img loading=\"lazy\" decoding=\"async\" src=\"http:\/\/rolmasters.com\/wp-content\/uploads\/2017\/09\/Rolmasters-espases.png\" alt=\"\" width=\"178\" height=\"178\" class=\"aligncenter size-full wp-image-9\" srcset=\"https:\/\/rolmasters.com\/wp-content\/uploads\/2017\/09\/Rolmasters-espases.png 178w, https:\/\/rolmasters.com\/wp-content\/uploads\/2017\/09\/Rolmasters-espases-150x150.png 150w, https:\/\/rolmasters.com\/wp-content\/uploads\/2017\/09\/Rolmasters-espases-100x100.png 100w\" sizes=\"(max-width: 178px) 100vw, 178px\" \/>\r\n<\/p>\t\t\t<\/div>\n\t\t<\/div>\n\t\t<div class=\"back\">\n\t\t\t<div class=\"des\">\n\t\t\t\t<h3>FRONTERAS<\/h3><p>Cronolog\u00eda hist\u00f3rica desde la invasi\u00f3n de la Pen\u00ednsula Ib\u00e9rica por los \u00e1rabes el 711 hasta su expulsi\u00f3n\u00a0tras la reconquista de granada en 1492. Incluye los reyes y mapas con la distribuci\u00f3n de los reinos y sus fronteras.<\/p><a class=\"button\" href=\"http:\/\/rolmasters.com\/fronteras\/\" target=\"_self\" title=\"\">VER<\/a>\t\t\t<\/div>\n\t\t<\/div>\n\t<\/div>\n<\/div>\n<\/div><\/div><div class=\"kc-elm kc-css-863478 kc_col-sm-4 kc_column_inner kc_col-sm-4\"><div class=\"kc_wrapper kc-col-inner-container\">\n<div class=\"kc-elm kc-css-187042 kc-flipbox kc-flip-container\" ontouchstart=\"this.classList.toggle('hover');\">\n\t<div class=\"flipper\">\n\t\t<div class=\"front\">\n\t\t\t<div class=\"front-content\">\n\t\t\t\t<h3>CASTILLOS<\/h3><p><img loading=\"lazy\" decoding=\"async\" src=\"http:\/\/rolmasters.com\/wp-content\/uploads\/2017\/09\/Rolmasters-catell.png\" alt=\"\" width=\"178\" height=\"178\" class=\"aligncenter size-full wp-image-6\" srcset=\"https:\/\/rolmasters.com\/wp-content\/uploads\/2017\/09\/Rolmasters-catell.png 178w, https:\/\/rolmasters.com\/wp-content\/uploads\/2017\/09\/Rolmasters-catell-150x150.png 150w, https:\/\/rolmasters.com\/wp-content\/uploads\/2017\/09\/Rolmasters-catell-100x100.png 100w\" sizes=\"(max-width: 178px) 100vw, 178px\" \/>\r\n<\/p>\t\t\t<\/div>\n\t\t<\/div>\n\t\t<div class=\"back\">\n\t\t\t<div class=\"des\">\n\t\t\t\t<h3>CASTILLOS<\/h3><p>Esta secci\u00f3n contiene informaci\u00f3n de castillos, torres, monasterios y otros edificios relevantes ubic\u00e1ndolos geogr\u00e1ficamente en el mapa seg\u00fan los reinos de la pen\u00ednsula Ib\u00e9rica en el periodo comprendido en Aquelarre, desde 1250 hasta 1492.<\/p><a class=\"button\" href=\"http:\/\/rolmasters.com\/castillos\/\" target=\"_self\" title=\"\">VER<\/a>\t\t\t<\/div>\n\t\t<\/div>\n\t<\/div>\n<\/div>\n<\/div><\/div><\/div><div class=\"kc-elm kc-css-913607 kc_row kc_row_inner\"><div class=\"kc-elm kc-css-366522 kc_col-sm-4 kc_column_inner kc_col-sm-4\"><div class=\"kc_wrapper kc-col-inner-container\">\n<div class=\"kc-elm kc-css-470232 kc-flipbox kc-flip-container\" ontouchstart=\"this.classList.toggle('hover');\">\n\t<div class=\"flipper\">\n\t\t<div class=\"front\">\n\t\t\t<div class=\"front-content\">\n\t\t\t\t<h3>INVENTARIO<\/h3><p><img loading=\"lazy\" decoding=\"async\" src=\"http:\/\/rolmasters.com\/wp-content\/uploads\/2017\/09\/Rolmasters-inventari.png\" alt=\"\" width=\"178\" height=\"178\" class=\"aligncenter size-full wp-image-11\" srcset=\"https:\/\/rolmasters.com\/wp-content\/uploads\/2017\/09\/Rolmasters-inventari.png 178w, https:\/\/rolmasters.com\/wp-content\/uploads\/2017\/09\/Rolmasters-inventari-150x150.png 150w, https:\/\/rolmasters.com\/wp-content\/uploads\/2017\/09\/Rolmasters-inventari-100x100.png 100w\" sizes=\"(max-width: 178px) 100vw, 178px\" \/>\r\n<\/p>\t\t\t<\/div>\n\t\t<\/div>\n\t\t<div class=\"back\">\n\t\t\t<div class=\"des\">\n\t\t\t\t<h3>INVENTARIO<\/h3><p>Es una secci\u00f3n donde recopilamos todo tipo de material preparado para ser descargado que pueda ayudar a mejorar o facilitar el juego tanto a jugadores como directores. Encontrar\u00e9is fichas, tablas, m\u00f3dulos no oficiales, mapas de todo tipo y material diverso.<\/p><a class=\"button\" href=\"http:\/\/rolmasters.com\/inventario\/\" target=\"_self\" title=\"\">VER<\/a>\t\t\t<\/div>\n\t\t<\/div>\n\t<\/div>\n<\/div>\n<\/div><\/div><div class=\"kc-elm kc-css-600297 kc_col-sm-4 kc_column_inner kc_col-sm-4\"><div class=\"kc_wrapper kc-col-inner-container\">\n<div class=\"kc-elm kc-css-365759 kc-flipbox kc-flip-container\" ontouchstart=\"this.classList.toggle('hover');\">\n\t<div class=\"flipper\">\n\t\t<div class=\"front\">\n\t\t\t<div class=\"front-content\">\n\t\t\t\t<h3>AVENTURAS<\/h3><p><img loading=\"lazy\" decoding=\"async\" src=\"http:\/\/rolmasters.com\/wp-content\/uploads\/2017\/09\/Rolmasters-cavaller.png\" alt=\"\" width=\"178\" height=\"178\" class=\"aligncenter size-full wp-image-7\" srcset=\"https:\/\/rolmasters.com\/wp-content\/uploads\/2017\/09\/Rolmasters-cavaller.png 178w, https:\/\/rolmasters.com\/wp-content\/uploads\/2017\/09\/Rolmasters-cavaller-150x150.png 150w, https:\/\/rolmasters.com\/wp-content\/uploads\/2017\/09\/Rolmasters-cavaller-100x100.png 100w\" sizes=\"(max-width: 178px) 100vw, 178px\" \/>\r\n<\/p>\t\t\t<\/div>\n\t\t<\/div>\n\t\t<div class=\"back\">\n\t\t\t<div class=\"des\">\n\t\t\t\t<h3>AVENTURAS<\/h3><p>Aqu\u00ed encontrar\u00e9is partidas y campa\u00f1as dise\u00f1adas para el juego Aquelarre listas para descargar y jugar. Tambi\u00e9n incluye un formulario para enviarnos vuestras propias aventuras y que podamos incorporarlas a esta secci\u00f3n.<\/p><a class=\"button\" href=\"http:\/\/rolmasters.com\/aventuras\/\" target=\"_self\" title=\"\">VER<\/a>\t\t\t<\/div>\n\t\t<\/div>\n\t<\/div>\n<\/div>\n<\/div><\/div><div class=\"kc-elm kc-css-117519 kc_col-sm-4 kc_column_inner kc_col-sm-4\"><div class=\"kc_wrapper kc-col-inner-container\">\n<div class=\"kc-elm kc-css-170496 kc-flipbox kc-flip-container\" ontouchstart=\"this.classList.toggle('hover');\">\n\t<div class=\"flipper\">\n\t\t<div class=\"front\">\n\t\t\t<div class=\"front-content\">\n\t\t\t\t<h3>MAZMORRA<\/h3><p><img loading=\"lazy\" decoding=\"async\" src=\"http:\/\/rolmasters.com\/wp-content\/uploads\/2017\/09\/Rolmasters-soldats.png\" alt=\"\" width=\"178\" height=\"178\" class=\"aligncenter size-full wp-image-12\" srcset=\"https:\/\/rolmasters.com\/wp-content\/uploads\/2017\/09\/Rolmasters-soldats.png 178w, https:\/\/rolmasters.com\/wp-content\/uploads\/2017\/09\/Rolmasters-soldats-150x150.png 150w, https:\/\/rolmasters.com\/wp-content\/uploads\/2017\/09\/Rolmasters-soldats-100x100.png 100w\" sizes=\"(max-width: 178px) 100vw, 178px\" \/>\r\n<\/p>\t\t\t<\/div>\n\t\t<\/div>\n\t\t<div class=\"back\">\n\t\t\t<div class=\"des\">\n\t\t\t\t<h3>MAZMORRA<\/h3><p>Pocos son los que se han adentrado en las profundidades de este lugar misterioso, donde reinan las tinieblas. Leyendas y cuentos pretenden dar respuesta a su origen enigm\u00e1tico. Todo el que se aventura, desaparece y no vuelve.<\/p><a class=\"button\" href=\"http:\/\/rolmasters.com\/mazmorra\/\" target=\"_self\" title=\"\">VER<\/a>\t\t\t<\/div>\n\t\t<\/div>\n\t<\/div>\n<\/div>\n<\/div><\/div><\/div><\/div><\/div><\/div><\/div><\/section><section id=\"franjaborde2\" data-kc-fullwidth=\"row\" class=\"kc-elm kc-css-205177 kc_row\"><div class=\"kc-row-container  kc-container\"><div class=\"kc-wrap-columns\"><div class=\"kc-elm kc-css-440340 kc_col-sm-12 kc_column kc_col-sm-12\"><div class=\"kc-col-container\"><\/div><\/div><\/div><\/div><\/section><section class=\"kc-elm kc-css-153261 kc_row\"><div class=\"kc-row-container  kc-container\"><div class=\"kc-wrap-columns\"><div class=\"kc-elm kc-css-447414 kc_col-sm-4 kc_column kc_col-sm-4\"><div class=\"kc-col-container\">\n<div class=\"kc-elm kc-css-777023 kc-flipbox kc-flip-container\" ontouchstart=\"this.classList.toggle('hover');\">\n\t<div class=\"flipper\">\n\t\t<div class=\"front\">\n\t\t\t<div class=\"front-content\">\n\t\t\t\t<h3>EL REINO<\/h3><p><img loading=\"lazy\" decoding=\"async\" src=\"http:\/\/rolmasters.com\/wp-content\/uploads\/2017\/09\/Rolmasters-corona.png\" alt=\"\" width=\"178\" height=\"178\" class=\"aligncenter size-full wp-image-8\" srcset=\"https:\/\/rolmasters.com\/wp-content\/uploads\/2017\/09\/Rolmasters-corona.png 178w, https:\/\/rolmasters.com\/wp-content\/uploads\/2017\/09\/Rolmasters-corona-150x150.png 150w, https:\/\/rolmasters.com\/wp-content\/uploads\/2017\/09\/Rolmasters-corona-100x100.png 100w\" sizes=\"(max-width: 178px) 100vw, 178px\" \/>\r\n<\/p>\t\t\t<\/div>\n\t\t<\/div>\n\t\t<div class=\"back\">\n\t\t\t<div class=\"des\">\n\t\t\t\t<h3>EL REINO<\/h3><p>Este bloque resumimos el contenido de la web a la vez que explicamos en tres secciones que es el rol, que es aquelarre y todos los manuales y m\u00f3dulos que existen desde la primera publicaci\u00f3n hasta el d\u00eda de hoy.<\/p><a class=\"button\" href=\"http:\/\/rolmasters.com\/rol#sobrerolyaquelarre\" target=\"_self\" title=\"\">VER<\/a>\t\t\t<\/div>\n\t\t<\/div>\n\t<\/div>\n<\/div>\n<\/div><\/div><div class=\"kc-elm kc-css-951390 kc_col-sm-4 kc_column kc_col-sm-4\"><div class=\"kc-col-container\">\n<div class=\"kc-elm kc-css-744892 kc-flipbox kc-flip-container\" ontouchstart=\"this.classList.toggle('hover');\">\n\t<div class=\"flipper\">\n\t\t<div class=\"front\">\n\t\t\t<div class=\"front-content\">\n\t\t\t\t<h3>FRONTERAS<\/h3><p><img loading=\"lazy\" decoding=\"async\" src=\"http:\/\/rolmasters.com\/wp-content\/uploads\/2017\/09\/Rolmasters-espases.png\" alt=\"\" width=\"178\" height=\"178\" class=\"aligncenter size-full wp-image-9\" srcset=\"https:\/\/rolmasters.com\/wp-content\/uploads\/2017\/09\/Rolmasters-espases.png 178w, https:\/\/rolmasters.com\/wp-content\/uploads\/2017\/09\/Rolmasters-espases-150x150.png 150w, https:\/\/rolmasters.com\/wp-content\/uploads\/2017\/09\/Rolmasters-espases-100x100.png 100w\" sizes=\"(max-width: 178px) 100vw, 178px\" \/>\r\n<\/p>\t\t\t<\/div>\n\t\t<\/div>\n\t\t<div class=\"back\">\n\t\t\t<div class=\"des\">\n\t\t\t\t<h3>FRONTERAS<\/h3><p>Cronolog\u00eda hist\u00f3rica desde la invasi\u00f3n de la Pen\u00ednsula Ib\u00e9rica por los \u00e1rabes el 711 hasta su expulsi\u00f3n\u00a0tras la reconquista de granada en 1492. Incluye los reyes y mapas con la distribuci\u00f3n de los reinos y sus fronteras.<\/p><a class=\"button\" href=\"http:\/\/rolmasters.com\/fronteras\/\" target=\"_self\" title=\"\">VER<\/a>\t\t\t<\/div>\n\t\t<\/div>\n\t<\/div>\n<\/div>\n<\/div><\/div><div class=\"kc-elm kc-css-97081 kc_col-sm-4 kc_column kc_col-sm-4\"><div class=\"kc-col-container\">\n<div class=\"kc-elm kc-css-721304 kc-flipbox kc-flip-container\" ontouchstart=\"this.classList.toggle('hover');\">\n\t<div class=\"flipper\">\n\t\t<div class=\"front\">\n\t\t\t<div class=\"front-content\">\n\t\t\t\t<h3>CASTILLOS<\/h3><p><img loading=\"lazy\" decoding=\"async\" src=\"http:\/\/rolmasters.com\/wp-content\/uploads\/2017\/09\/Rolmasters-catell.png\" alt=\"\" width=\"178\" height=\"178\" class=\"aligncenter size-full wp-image-6\" srcset=\"https:\/\/rolmasters.com\/wp-content\/uploads\/2017\/09\/Rolmasters-catell.png 178w, https:\/\/rolmasters.com\/wp-content\/uploads\/2017\/09\/Rolmasters-catell-150x150.png 150w, https:\/\/rolmasters.com\/wp-content\/uploads\/2017\/09\/Rolmasters-catell-100x100.png 100w\" sizes=\"(max-width: 178px) 100vw, 178px\" \/>\r\n<\/p>\t\t\t<\/div>\n\t\t<\/div>\n\t\t<div class=\"back\">\n\t\t\t<div class=\"des\">\n\t\t\t\t<h3>CASTILLOS<\/h3><p>Esta secci\u00f3n contiene informaci\u00f3n de castillos, torres, monasterios y otros edificios relevantes ubic\u00e1ndolos geogr\u00e1ficamente en el mapa seg\u00fan los reinos de la pen\u00ednsula Ib\u00e9rica en el periodo comprendido en Aquelarre, desde 1250 hasta 1492.<\/p><a class=\"button\" href=\"http:\/\/rolmasters.com\/castillos\/\" target=\"_self\" title=\"\">VER<\/a>\t\t\t<\/div>\n\t\t<\/div>\n\t<\/div>\n<\/div>\n<\/div><\/div><\/div><\/div><\/section><section class=\"kc-elm kc-css-200701 kc_row\"><div class=\"kc-row-container  kc-container\"><div class=\"kc-wrap-columns\"><div class=\"kc-elm kc-css-714751 kc_col-sm-4 kc_column kc_col-sm-4\"><div class=\"kc-col-container\">\n<div class=\"kc-elm kc-css-927689 kc-flipbox kc-flip-container\" ontouchstart=\"this.classList.toggle('hover');\">\n\t<div class=\"flipper\">\n\t\t<div class=\"front\">\n\t\t\t<div class=\"front-content\">\n\t\t\t\t<h3>INVENTARIO<\/h3><p><img loading=\"lazy\" decoding=\"async\" src=\"http:\/\/rolmasters.com\/wp-content\/uploads\/2017\/09\/Rolmasters-inventari.png\" alt=\"\" width=\"178\" height=\"178\" class=\"aligncenter size-full wp-image-11\" srcset=\"https:\/\/rolmasters.com\/wp-content\/uploads\/2017\/09\/Rolmasters-inventari.png 178w, https:\/\/rolmasters.com\/wp-content\/uploads\/2017\/09\/Rolmasters-inventari-150x150.png 150w, https:\/\/rolmasters.com\/wp-content\/uploads\/2017\/09\/Rolmasters-inventari-100x100.png 100w\" sizes=\"(max-width: 178px) 100vw, 178px\" \/>\r\n<\/p>\t\t\t<\/div>\n\t\t<\/div>\n\t\t<div class=\"back\">\n\t\t\t<div class=\"des\">\n\t\t\t\t<h3>INVENTARIO<\/h3><p>Es una secci\u00f3n donde recopilamos todo tipo de material preparado para ser descargado que pueda ayudar a mejorar o facilitar el juego tanto a jugadores como directores. Encontrar\u00e9is fichas, tablas, m\u00f3dulos no oficiales, mapas de todo tipo y material diverso.<\/p><a class=\"button\" href=\"http:\/\/rolmasters.com\/inventario\/\" target=\"_self\" title=\"\">VER<\/a>\t\t\t<\/div>\n\t\t<\/div>\n\t<\/div>\n<\/div>\n<\/div><\/div><div class=\"kc-elm kc-css-587149 kc_col-sm-4 kc_column kc_col-sm-4\"><div class=\"kc-col-container\">\n<div class=\"kc-elm kc-css-111430 kc-flipbox kc-flip-container\" ontouchstart=\"this.classList.toggle('hover');\">\n\t<div class=\"flipper\">\n\t\t<div class=\"front\">\n\t\t\t<div class=\"front-content\">\n\t\t\t\t<h3>AVENTURAS<\/h3><p><img loading=\"lazy\" decoding=\"async\" src=\"http:\/\/rolmasters.com\/wp-content\/uploads\/2017\/09\/Rolmasters-cavaller.png\" alt=\"\" width=\"178\" height=\"178\" class=\"aligncenter size-full wp-image-7\" srcset=\"https:\/\/rolmasters.com\/wp-content\/uploads\/2017\/09\/Rolmasters-cavaller.png 178w, https:\/\/rolmasters.com\/wp-content\/uploads\/2017\/09\/Rolmasters-cavaller-150x150.png 150w, https:\/\/rolmasters.com\/wp-content\/uploads\/2017\/09\/Rolmasters-cavaller-100x100.png 100w\" sizes=\"(max-width: 178px) 100vw, 178px\" \/>\r\n<\/p>\t\t\t<\/div>\n\t\t<\/div>\n\t\t<div class=\"back\">\n\t\t\t<div class=\"des\">\n\t\t\t\t<h3>AVENTURAS<\/h3><p>Aqu\u00ed encontrar\u00e9is partidas y campa\u00f1as dise\u00f1adas para el juego Aquelarre listas para descargar y jugar. Tambi\u00e9n incluye un formulario para enviarnos vuestras propias aventuras y que podamos incorporarlas a esta secci\u00f3n.<\/p><a class=\"button\" href=\"http:\/\/rolmasters.com\/aventuras\/\" target=\"_self\" title=\"\">VER<\/a>\t\t\t<\/div>\n\t\t<\/div>\n\t<\/div>\n<\/div>\n<\/div><\/div><div class=\"kc-elm kc-css-862881 kc_col-sm-4 kc_column kc_col-sm-4\"><div class=\"kc-col-container\">\n<div class=\"kc-elm kc-css-227772 kc-flipbox kc-flip-container\" ontouchstart=\"this.classList.toggle('hover');\">\n\t<div class=\"flipper\">\n\t\t<div class=\"front\">\n\t\t\t<div class=\"front-content\">\n\t\t\t\t<h3>MAZMORRA<\/h3><p><img loading=\"lazy\" decoding=\"async\" src=\"http:\/\/rolmasters.com\/wp-content\/uploads\/2017\/09\/Rolmasters-soldats.png\" alt=\"\" width=\"178\" height=\"178\" class=\"aligncenter size-full wp-image-12\" srcset=\"https:\/\/rolmasters.com\/wp-content\/uploads\/2017\/09\/Rolmasters-soldats.png 178w, https:\/\/rolmasters.com\/wp-content\/uploads\/2017\/09\/Rolmasters-soldats-150x150.png 150w, https:\/\/rolmasters.com\/wp-content\/uploads\/2017\/09\/Rolmasters-soldats-100x100.png 100w\" sizes=\"(max-width: 178px) 100vw, 178px\" \/>\r\n<\/p>\t\t\t<\/div>\n\t\t<\/div>\n\t\t<div class=\"back\">\n\t\t\t<div class=\"des\">\n\t\t\t\t<h3>MAZMORRA<\/h3><p>Pocos son los que se han adentrado en las profundidades de este lugar misterioso, donde reinan las tinieblas. Leyendas y cuentos pretenden dar respuesta a su origen enigm\u00e1tico. Todo el que se aventura, desaparece y no vuelve.<\/p><a class=\"button\" href=\"http:\/\/rolmasters.com\/mazmorra\/\" target=\"_self\" title=\"\">VER<\/a>\t\t\t<\/div>\n\t\t<\/div>\n\t<\/div>\n<\/div>\n<\/div><\/div><\/div><\/div><\/section><section id=\"sobrerolyaquelarre\" class=\"kc-elm kc-css-624394 kc_row\"><div class=\"kc-row-container  kc-container\"><div class=\"kc-wrap-columns\"><div class=\"kc-elm kc-css-310318 kc_col-sm-12 kc_column kc_col-sm-12\"><div class=\"kc-col-container\">\n<div class=\"kc-elm kc-css-316257 divider_line\">\n\t<div class=\"divider_inner divider_line2\">\n\t\t<i class=\"et-flag\"><\/i>\t<\/div>\n<\/div>\n<div class=\"kc-elm kc-css-799376 kc-raw-code\"><div class=\"su-column su-column-size-1-3\"><div class=\"su-column-inner su-clearfix\">\r\n<div class=\"su-box su-box-style-soft\" style=\"border-color:#292929;border-radius:5px;-moz-border-radius:5px;-webkit-border-radius:5px;\"><div class=\"su-box-title\" style=\"background-color:#333333;color:#FFFFFF;-webkit-border-top-left-radius:4px;-webkit-border-top-right-radius:4px;-moz-border-radius-topleft:4px;-moz-border-radius-topright:4px;border-top-left-radius:4px;border-top-right-radius:4px;\">\u00bfQU\u00c9 ES EL ROL?<\/div><div class=\"su-box-content su-clearfix\">Los juegos de rol son la interpreatci\u00f3n de un personaje inventado en un mundo ficticio bajo las reglas del manual.\r\n <\/br><\/br>\r\n<div class=\"su-button-center\"><a href=\"http:\/\/rolmasters.com\/rol\/que-es-el-rol\/\" class=\"su-button su-button-style-default\" style=\"color:#FFFFFF;background-color:#fb5250;border-color:#c94240;border-radius:6px;-moz-border-radius:6px;-webkit-border-radius:6px\" target=\"_self\"><span style=\"color:#FFFFFF;padding:0px 18px;font-size:14px;line-height:28px;border-color:#fc8685;border-radius:6px;-moz-border-radius:6px;-webkit-border-radius:6px;text-shadow:none;-moz-text-shadow:none;-webkit-text-shadow:none\"> Leer m\u00e1s<\/span><\/a><\/div>\r\n<\/div><\/div>\r\n<\/div><\/div>\r\n\r\n<div class=\"su-column su-column-size-1-3\"><div class=\"su-column-inner su-clearfix\">\r\n<div class=\"su-box su-box-style-soft\" style=\"border-color:#292929;border-radius:5px;-moz-border-radius:5px;-webkit-border-radius:5px;\"><div class=\"su-box-title\" style=\"background-color:#333333;color:#FFFFFF;-webkit-border-top-left-radius:4px;-webkit-border-top-right-radius:4px;-moz-border-radius-topleft:4px;-moz-border-radius-topright:4px;border-top-left-radius:4px;border-top-right-radius:4px;\">\u00bfQU\u00c9 ES AQUELARRE?<\/div><div class=\"su-box-content su-clearfix\">Aquelarre \u00e9s un juego de rol fant\u00e1stico medieval, ambientado en la pen\u00ednsula Ib\u00e9rica, creado por Ricard Ib\u00e1\u00f1ez.\r\n <\/br><\/br>\r\n<div class=\"su-button-center\"><a href=\"http:\/\/rolmasters.com\/rol\/que-es-el-juego-de-rol-aquelarre\/\" class=\"su-button su-button-style-default\" style=\"color:#FFFFFF;background-color:#fb5250;border-color:#c94240;border-radius:6px;-moz-border-radius:6px;-webkit-border-radius:6px\" target=\"_self\"><span style=\"color:#FFFFFF;padding:0px 18px;font-size:14px;line-height:28px;border-color:#fc8685;border-radius:6px;-moz-border-radius:6px;-webkit-border-radius:6px;text-shadow:none;-moz-text-shadow:none;-webkit-text-shadow:none\"> Leer m\u00e1s<\/span><\/a><\/div>\r\n<\/div><\/div>\r\n<\/div><\/div>\r\n\r\n<div class=\"su-column su-column-size-1-3\"><div class=\"su-column-inner su-clearfix\">\r\n<div class=\"su-box su-box-style-soft\" style=\"border-color:#292929;border-radius:5px;-moz-border-radius:5px;-webkit-border-radius:5px;\"><div class=\"su-box-title\" style=\"background-color:#333333;color:#FFFFFF;-webkit-border-top-left-radius:4px;-webkit-border-top-right-radius:4px;-moz-border-radius-topleft:4px;-moz-border-radius-topright:4px;border-top-left-radius:4px;border-top-right-radius:4px;\">MANUALES Y M\u00d3DULOS?<\/div><div class=\"su-box-content su-clearfix\">Aquelarre ha vivido 4 etapas en diferentes editoriales desde su primera publicaci\u00f3n en el a\u00f1o 1990.\r\n <\/br><\/br>\r\n<div class=\"su-button-center\"><a href=\"http:\/\/rolmasters.com\/rol\/manuales-y-modulos-de-rol-aquelarre\/\" class=\"su-button su-button-style-default\" style=\"color:#FFFFFF;background-color:#fb5250;border-color:#c94240;border-radius:6px;-moz-border-radius:6px;-webkit-border-radius:6px\" target=\"_self\"><span style=\"color:#FFFFFF;padding:0px 18px;font-size:14px;line-height:28px;border-color:#fc8685;border-radius:6px;-moz-border-radius:6px;-webkit-border-radius:6px;text-shadow:none;-moz-text-shadow:none;-webkit-text-shadow:none\"> Leer m\u00e1s<\/span><\/a><\/div>\r\n<\/div><\/div>\r\n<\/div><\/div>\r\n\r\n<div class=\"su-column su-column-size-1-1\"><div class=\"su-column-inner su-clearfix\"><\/div><\/div><\/div>\n<div class=\"kc-elm kc-css-131818 divider_line\">\n\t<div class=\"divider_inner divider_line1\">\n\t\t\t<\/div>\n<\/div>\n<\/div><\/div><\/div><\/div><\/section><section class=\"kc-elm kc-css-815650 kc_row\"><div class=\"kc-row-container  kc-container\"><div class=\"kc-wrap-columns\"><div class=\"kc-elm kc-css-528255 kc_col-sm-12 kc_column kc_col-sm-12\"><div class=\"kc-col-container\"><div class=\"kc-elm kc-css-29343 kc_text_block\"><p><img decoding=\"async\" class=\"aligncenter size-full\" src=\"http:\/\/rolmasters.com\/wp-content\/uploads\/2017\/09\/Aquelarre-3-edicion-22.png\" alt=\"El regne del joc de rol\" \/><\/p>\n<h2 style=\"text-align: center;\">AQUELARRE EL JUEGO DE ROL DEMON\u00cdACO MEDIEVAL<\/h2>\n<\/div><\/div><\/div><\/div><\/div><\/section>","protected":false},"excerpt":{"rendered":"<div class='heateor_sss_sharing_container heateor_sss_vertical_sharing heateor_sss_bottom_sharing' style='width:44px;right: -10px;top: 250px;-webkit-box-shadow:none;box-shadow:none;' heateor-sss-data-href='https:\/\/rolmasters.com\/es\/wp-json\/wp\/v2\/pages\/27'><ul  class=\"heateor_sss_sharing_ul\"><li class=\"\"><i style=\"width:40px;height:40px;margin:0;\" alt=\"Facebook\" Title=\"Facebook\" class=\"heateorSssSharing heateorSssFacebookBackground\" onclick='heateorSssPopup(\"https:\/\/www.facebook.com\/sharer\/sharer.php?u=https%3A%2F%2Frolmasters.com%2Fes%2Fwp-json%2Fwp%2Fv2%2Fpages%2F27\")'><ss style=\"display:block;\" class=\"heateorSssSharingSvg heateorSssFacebookSvg\"><\/ss><\/i><\/li><li class=\"\"><i style=\"width:40px;height:40px;margin:0;\" alt=\"Twitter\" Title=\"Twitter\" class=\"heateorSssSharing heateorSssTwitterBackground\" onclick='heateorSssPopup(\"http:\/\/twitter.com\/intent\/tweet?text=ROLMASTERS%20-%20Tira%201D100&url=https%3A%2F%2Frolmasters.com%2Fes%2Fwp-json%2Fwp%2Fv2%2Fpages%2F27\")'><ss style=\"display:block;\" class=\"heateorSssSharingSvg heateorSssTwitterSvg\"><\/ss><\/i><\/li><li class=\"\"><i style=\"width:40px;height:40px;margin:0;\" alt=\"Whatsapp\" Title=\"Whatsapp\" class=\"heateorSssSharing heateorSssWhatsappBackground\"><a  href=\"whatsapp:\/\/send?text=ROLMASTERS%20-%20Tira%201D100 https%3A%2F%2Frolmasters.com%2Fes%2Fwp-json%2Fwp%2Fv2%2Fpages%2F27\" rel=\"nofollow\"><ss style=\"display:block\" class=\"heateorSssSharingSvg heateorSssWhatsappSvg\"><\/ss><\/a><\/i><\/li><\/ul><div class=\"heateorSssClear\"><\/div><\/div>","protected":false},"author":1,"featured_media":280,"parent":0,"menu_order":0,"comment_status":"closed","ping_status":"closed","template":"full-width.php","meta":{"footnotes":""},"_links":{"self":[{"href":"https:\/\/rolmasters.com\/es\/wp-json\/wp\/v2\/pages\/27"}],"collection":[{"href":"https:\/\/rolmasters.com\/es\/wp-json\/wp\/v2\/pages"}],"about":[{"href":"https:\/\/rolmasters.com\/es\/wp-json\/wp\/v2\/types\/page"}],"author":[{"embeddable":true,"href":"https:\/\/rolmasters.com\/es\/wp-json\/wp\/v2\/users\/1"}],"replies":[{"embeddable":true,"href":"https:\/\/rolmasters.com\/es\/wp-json\/wp\/v2\/comments?post=27"}],"version-history":[{"count":0,"href":"https:\/\/rolmasters.com\/es\/wp-json\/wp\/v2\/pages\/27\/revisions"}],"wp:featuredmedia":[{"embeddable":true,"href":"https:\/\/rolmasters.com\/es\/wp-json\/wp\/v2\/media\/280"}],"wp:attachment":[{"href":"https:\/\/rolmasters.com\/es\/wp-json\/wp\/v2\/media?parent=27"}],"curies":[{"name":"wp","href":"https:\/\/api.w.org\/{rel}","templated":true}]}}