{"id":2268,"date":"2017-11-15T10:16:35","date_gmt":"2017-11-15T10:16:35","guid":{"rendered":"http:\/\/rolmasters.com\/?page_id=2268"},"modified":"2017-11-16T23:48:42","modified_gmt":"2017-11-16T23:48:42","slug":"envia-tu-edificio","status":"publish","type":"page","link":"https:\/\/rolmasters.com\/es\/castillos\/envia-tu-edificio\/","title":{"rendered":"ENV\u00cdA TU EDIFICIO"},"content":{"rendered":"T\u00fa tambi\u00e9n puedes colaborar y enviarnos edificios nuevos o informaci\u00f3n adicional de edificios que ya est\u00e9n introducidos. Nosotros valoraremos la informaci\u00f3n e intentaremos introducirla. Sobre todo encontramos interesante poder recopilar leyendas asociadas a los edificios que son lo que puede dar m\u00e1s juego a la hora de crear partidas. Es imprescindible que cite las fuentes de donde extraer el material al final de cada texto.<\/p>\n<div role=\"form\" class=\"wpcf7\" id=\"wpcf7-f2267-o2\" lang=\"es-ES\" dir=\"ltr\">\n<div class=\"screen-reader-response\"><\/div>\n<form action=\"\/es\/wp-json\/wp\/v2\/pages\/2268#wpcf7-f2267-o2\" method=\"post\" class=\"wpcf7-form\" novalidate=\"novalidate\">\n<div style=\"display: none;\">\n<input type=\"hidden\" name=\"_wpcf7\" value=\"2267\" \/>\n<input type=\"hidden\" name=\"_wpcf7_version\" value=\"4.9\" \/>\n<input type=\"hidden\" name=\"_wpcf7_locale\" value=\"es_ES\" \/>\n<input type=\"hidden\" name=\"_wpcf7_unit_tag\" value=\"wpcf7-f2267-o2\" \/>\n<input type=\"hidden\" name=\"_wpcf7_container_post\" value=\"0\" \/>\n<\/div>\n<h2>PASO 1 - RELLENA TUS DATOS<\/h2>\n<p><label> Nombre y apellidos (requerido)<br \/>\n    <span class=\"wpcf7-form-control-wrap your-name\"><input type=\"text\" name=\"your-name\" value=\"\" size=\"40\" class=\"wpcf7-form-control wpcf7-text wpcf7-validates-as-required\" aria-required=\"true\" aria-invalid=\"false\" \/><\/span> &nbsp;<\/label><\/p>\n<p><label> Organizaci\u00f3n<br \/>\n    <span class=\"wpcf7-form-control-wrap empresa\"><input type=\"text\" name=\"empresa\" value=\"\" size=\"40\" class=\"wpcf7-form-control wpcf7-text\" aria-invalid=\"false\" \/><\/span>&nbsp; <\/label><\/p>\n<p><label> E-mail (requerido)<br \/>\n    <span class=\"wpcf7-form-control-wrap your-email\"><input type=\"email\" name=\"your-email\" value=\"\" size=\"40\" class=\"wpcf7-form-control wpcf7-text wpcf7-email wpcf7-validates-as-required wpcf7-validates-as-email\" aria-required=\"true\" aria-invalid=\"false\" \/><\/span> <\/label><br \/>\n&nbsp;<br \/>\n<label> Tel\u00e9fono<br \/>\n    <span class=\"wpcf7-form-control-wrap telefon\"><input type=\"text\" name=\"telefon\" value=\"\" size=\"40\" class=\"wpcf7-form-control wpcf7-text\" aria-invalid=\"false\" \/><\/span> <\/label><br \/>\n&nbsp;<br \/>\n<label> Web<br \/>\n<span class=\"wpcf7-form-control-wrap web\"><input type=\"text\" name=\"web\" value=\"\" size=\"40\" class=\"wpcf7-form-control wpcf7-text\" aria-invalid=\"false\" \/><\/span><br \/>\n<\/label><br \/>\n&nbsp;<\/p>\n<h2>PASO 2 - RELLENA LA INFORMACI\u00d3N DEL EDIFICIO<\/h2>\n<p>&nbsp;<br \/>\n<label> TIPO DE EDIFICIO (requerido)<br \/>\n<span class=\"wpcf7-form-control-wrap edificio\"><span class=\"wpcf7-form-control wpcf7-checkbox wpcf7-validates-as-required\"><span class=\"wpcf7-list-item first\"><input type=\"checkbox\" name=\"edificio[]\" value=\"CASTILLO\" \/><span class=\"wpcf7-list-item-label\">CASTILLO<\/span><\/span><span class=\"wpcf7-list-item\"><input type=\"checkbox\" name=\"edificio[]\" value=\"TORRE\" \/><span class=\"wpcf7-list-item-label\">TORRE<\/span><\/span><span class=\"wpcf7-list-item\"><input type=\"checkbox\" name=\"edificio[]\" value=\"ALCAZABA\" \/><span class=\"wpcf7-list-item-label\">ALCAZABA<\/span><\/span><span class=\"wpcf7-list-item\"><input type=\"checkbox\" name=\"edificio[]\" value=\"MONASTERIO\" \/><span class=\"wpcf7-list-item-label\">MONASTERIO<\/span><\/span><span class=\"wpcf7-list-item\"><input type=\"checkbox\" name=\"edificio[]\" value=\"IGLESIA\" \/><span class=\"wpcf7-list-item-label\">IGLESIA<\/span><\/span><span class=\"wpcf7-list-item last\"><input type=\"checkbox\" name=\"edificio[]\" value=\"MEZQUITA\" \/><span class=\"wpcf7-list-item-label\">MEZQUITA<\/span><\/span><\/span><\/span><br \/>\n<\/label><br \/>\n&nbsp;<br \/>\n<label> REINO (requerido)<br \/>\n<span class=\"wpcf7-form-control-wrap reino\"><span class=\"wpcf7-form-control wpcf7-checkbox wpcf7-validates-as-required wpcf7-exclusive-checkbox\"><span class=\"wpcf7-list-item first\"><input type=\"checkbox\" name=\"reino\" value=\"CASTILLA Y LE\u00d3N\" \/><span class=\"wpcf7-list-item-label\">CASTILLA Y LE\u00d3N<\/span><\/span><span class=\"wpcf7-list-item\"><input type=\"checkbox\" name=\"reino\" value=\"NAVARRA\" \/><span class=\"wpcf7-list-item-label\">NAVARRA<\/span><\/span><span class=\"wpcf7-list-item\"><input type=\"checkbox\" name=\"reino\" value=\"ARAG\u00d3N\" \/><span class=\"wpcf7-list-item-label\">ARAG\u00d3N<\/span><\/span><span class=\"wpcf7-list-item\"><input type=\"checkbox\" name=\"reino\" value=\"PORTUGAL\" \/><span class=\"wpcf7-list-item-label\">PORTUGAL<\/span><\/span><span class=\"wpcf7-list-item last\"><input type=\"checkbox\" name=\"reino\" value=\"AL-ANDALUS\" \/><span class=\"wpcf7-list-item-label\">AL-ANDALUS<\/span><\/span><\/span><\/span><br \/>\n<\/label><br \/>\n&nbsp;<br \/>\n<label> NOMBRE (requerido)<br \/>\n<span class=\"wpcf7-form-control-wrap nombreedificio\"><input type=\"text\" name=\"nombreedificio\" value=\"\" size=\"40\" class=\"wpcf7-form-control wpcf7-text wpcf7-validates-as-required\" aria-required=\"true\" aria-invalid=\"false\" \/><\/span><br \/>\n<\/label><br \/>\n&nbsp;<\/p>\n<h2>PASO 3 - DESCRIPCI\u00d3N DEL EDIFICIO<\/h2>\n<p><label> Descripci\u00f3n de la arquitectura y construcci\u00f3n<br \/>\n    <span class=\"wpcf7-form-control-wrap arquitectura\"><textarea name=\"arquitectura\" cols=\"40\" rows=\"10\" class=\"wpcf7-form-control wpcf7-textarea\" aria-invalid=\"false\"><\/textarea><\/span> <\/label><br \/>\n&nbsp;<br \/>\n<label> Historia y acontecimientos<br \/>\n    <span class=\"wpcf7-form-control-wrap historia\"><textarea name=\"historia\" cols=\"40\" rows=\"10\" class=\"wpcf7-form-control wpcf7-textarea\" aria-invalid=\"false\"><\/textarea><\/span> <\/label><br \/>\n&nbsp;<br \/>\n<label> Leyendas y mitos<br \/>\n    <span class=\"wpcf7-form-control-wrap leyendas\"><textarea name=\"leyendas\" cols=\"40\" rows=\"10\" class=\"wpcf7-form-control wpcf7-textarea\" aria-invalid=\"false\"><\/textarea><\/span> <\/label><br \/>\n&nbsp;<\/p>\n<p><span class=\"wpcf7-form-control-wrap acceptance-96\"><input type=\"checkbox\" name=\"acceptance-96\" value=\"1\" class=\"wpcf7-form-control wpcf7-acceptance\" aria-invalid=\"false\" \/><\/span>Acepta la <a href=\"http:\/\/rolmasters.com\/es\/politica-de-privacidad\/\"> Pol\u00edtica de privacidad<\/a> para enviar este mensaje.<br \/>\n&nbsp;<br \/>\n<input type=\"submit\" value=\"Enviar\" class=\"wpcf7-form-control wpcf7-submit\" \/><\/p>\n<div class=\"wpcf7-response-output wpcf7-display-none\"><\/div><\/form><\/div>\n<p>&nbsp;<br \/>\n<div class=\"su-service\"><div class=\"su-service-title\" style=\"padding-left:54px;min-height:40px;line-height:40px\"><i class=\"fa fa-thumbs-o-up\" style=\"font-size:40px;color:#333\"><\/i> GRACIAS POR TU APORTACI\u00d3N<\/div><div class=\"su-service-content su-clearfix\" style=\"padding-left:54px\">Revisaremos lo qeu has enviado as\u00ed que nos sea posible y te informaremos tan pronto como la subamos el contenido al sitio web<\/div><\/div>\n<p>Si tienes alguna duda o problema al subir tu archivo tambi\u00e9n puedes ponerte en contacto con nosotros en: <a href=\"mailto:hola@rolmasters.com\">hola@rolmasters.com<\/a>","protected":false},"excerpt":{"rendered":"<p>T\u00fa tambi\u00e9n puedes colaborar y enviarnos edificios nuevos o informaci\u00f3n adicional de edificios que ya est\u00e9n introducidos. Nosotros valoraremos la informaci\u00f3n e intentaremos introducirla. Sobre todo encontramos interesante poder recopilar leyendas asociadas a los edificios que son lo que puede dar m\u00e1s juego a la hora de crear partidas. Es imprescindible que cite las fuentes&#8230; <\/p>\n<div class='heateor_sss_sharing_container heateor_sss_vertical_sharing heateor_sss_bottom_sharing' style='width:44px;right: -10px;top: 250px;-webkit-box-shadow:none;box-shadow:none;' heateor-sss-data-href='https:\/\/rolmasters.com\/es\/wp-json\/wp\/v2\/pages\/2268'><ul  class=\"heateor_sss_sharing_ul\"><li class=\"\"><i style=\"width:40px;height:40px;margin:0;\" alt=\"Facebook\" Title=\"Facebook\" class=\"heateorSssSharing heateorSssFacebookBackground\" onclick='heateorSssPopup(\"https:\/\/www.facebook.com\/sharer\/sharer.php?u=https%3A%2F%2Frolmasters.com%2Fes%2Fwp-json%2Fwp%2Fv2%2Fpages%2F2268\")'><ss style=\"display:block;\" class=\"heateorSssSharingSvg heateorSssFacebookSvg\"><\/ss><\/i><\/li><li class=\"\"><i style=\"width:40px;height:40px;margin:0;\" alt=\"Twitter\" Title=\"Twitter\" class=\"heateorSssSharing heateorSssTwitterBackground\" onclick='heateorSssPopup(\"http:\/\/twitter.com\/intent\/tweet?text=ROLMASTERS%20-%20Tira%201D100&url=https%3A%2F%2Frolmasters.com%2Fes%2Fwp-json%2Fwp%2Fv2%2Fpages%2F2268\")'><ss style=\"display:block;\" class=\"heateorSssSharingSvg heateorSssTwitterSvg\"><\/ss><\/i><\/li><li class=\"\"><i style=\"width:40px;height:40px;margin:0;\" alt=\"Whatsapp\" Title=\"Whatsapp\" class=\"heateorSssSharing heateorSssWhatsappBackground\"><a  href=\"whatsapp:\/\/send?text=ROLMASTERS%20-%20Tira%201D100 https%3A%2F%2Frolmasters.com%2Fes%2Fwp-json%2Fwp%2Fv2%2Fpages%2F2268\" rel=\"nofollow\"><ss style=\"display:block\" class=\"heateorSssSharingSvg heateorSssWhatsappSvg\"><\/ss><\/a><\/i><\/li><\/ul><div class=\"heateorSssClear\"><\/div><\/div>","protected":false},"author":1,"featured_media":2265,"parent":31,"menu_order":0,"comment_status":"closed","ping_status":"closed","template":"full-width.php","meta":{"footnotes":""},"_links":{"self":[{"href":"https:\/\/rolmasters.com\/es\/wp-json\/wp\/v2\/pages\/2268"}],"collection":[{"href":"https:\/\/rolmasters.com\/es\/wp-json\/wp\/v2\/pages"}],"about":[{"href":"https:\/\/rolmasters.com\/es\/wp-json\/wp\/v2\/types\/page"}],"author":[{"embeddable":true,"href":"https:\/\/rolmasters.com\/es\/wp-json\/wp\/v2\/users\/1"}],"replies":[{"embeddable":true,"href":"https:\/\/rolmasters.com\/es\/wp-json\/wp\/v2\/comments?post=2268"}],"version-history":[{"count":0,"href":"https:\/\/rolmasters.com\/es\/wp-json\/wp\/v2\/pages\/2268\/revisions"}],"up":[{"embeddable":true,"href":"https:\/\/rolmasters.com\/es\/wp-json\/wp\/v2\/pages\/31"}],"wp:featuredmedia":[{"embeddable":true,"href":"https:\/\/rolmasters.com\/es\/wp-json\/wp\/v2\/media\/2265"}],"wp:attachment":[{"href":"https:\/\/rolmasters.com\/es\/wp-json\/wp\/v2\/media?parent=2268"}],"curies":[{"name":"wp","href":"https:\/\/api.w.org\/{rel}","templated":true}]}}