{"id":137,"date":"2017-09-13T14:20:56","date_gmt":"2017-09-13T14:20:56","guid":{"rendered":"http:\/\/rolmasters.com\/?page_id=137"},"modified":"2018-07-25T09:14:28","modified_gmt":"2018-07-25T09:14:28","slug":"que-es-el-juego-de-rol-aquelarre","status":"publish","type":"page","link":"https:\/\/rolmasters.com\/es\/rol\/que-es-el-juego-de-rol-aquelarre\/","title":{"rendered":"QUE ES EL JUEGO DE ROL AQUELARRE?"},"content":{"rendered":"<section class=\"kc-elm kc-css-626948 kc_row\"><div class=\"kc-row-container  kc-container\"><div class=\"kc-wrap-columns\"><div class=\"kc-elm kc-css-644301 kc_col-sm-12 kc_column kc_col-sm-12\"><div class=\"kc-col-container\"><div class=\"kc-elm kc-css-36863 kc_text_block\"><p>Ricard Ib\u00e1\u00f1ez defin\u00eda as\u00ed su libro Aquelarre en la primera versi\u00f3n, publicada por Joc Internacional en 1990.<\/p>\n<\/div>\n<div class=\"kc-elm kc-css-225120 divider_line\">\n\t<div class=\"divider_inner divider_line2\">\n\t\t<i class=\"et-flag\"><\/i>\t<\/div>\n<\/div>\n<div class=\"kc-elm kc-css-487236 kc_text_block\"><h2 style=\"color: #444444;\">El mundo de Aquelarre<\/h2>\n<p>Aquelarre es un juego de rol basado en las tradiciones legendarias hisp\u00e1nicas, ambientado en la Baja Edad Media, durante los a\u00f1os 1350\/1500. En estos a\u00f1os se est\u00e1n gestando toda una serie de corrientes de pensamiento que, finalmente, dar\u00e1n como resultado la aparici\u00f3n del Renacimiento, con nuevos valores y nuevas maneras de ver la vida.<br \/>\nEn el juego se presupone que todos los seres legendarios de los cuentos y las tradiciones populares existieron realmente, que la magia es tan real como la ciencia y que las mismas leyendas son hechos hist\u00f3ricos. As\u00ed, los personajes del juego tendr\u00e1n que enfrentarse con el Lobisome de Galicia, los Duendes de Castilla, los G\u00fclser de Al-Andalus o los Duendes de Catalu\u00f1a. Los jugadores interpretan personajes que representan hombres y mujeres medievales normales, con sus defectos y sus virtudes, con sus limitaciones y sus ventajas.<br \/>\nEl juego est\u00e1 basado en fuentes hist\u00f3ricas, pero no se debe confundir con un manual de Historia: convertir un per\u00edodo tan complejo en reglas jugables ha obligado su autor a generalizar mucho. Aquelarre es un juego de ambiente hist\u00f3rico medieval, no un juego hist\u00f3rico medieval.<\/p>\n<\/div><div class=\"kc-elm kc-css-525466 kc_text_block\"><p style=\"text-align: right;\"><span style=\"color: #ff6565;\"><em>Ricard Ib\u00e1\u00f1ez, Aquelarre 1990 Joc internacional<\/em><\/span><\/p>\n<\/div>\n<div class=\"kc-elm kc-css-466385 divider_line\">\n\t<div class=\"divider_inner divider_line1\">\n\t\t\t<\/div>\n<\/div>\n<div class=\"kc-elm kc-css-631883 kc_text_block\"><h1 style=\"text-align: center;\"><em>SOBRE EL JUEGO DE ROL AQUELARRE<\/em><\/h1>\n<\/div><div class=\"kc-elm kc-css-864921 kc_text_block\"><p>Pero en ese momento, ni el mismo Ricard Ib\u00e1\u00f1ez deb\u00eda imaginar cu\u00e1n grande se har\u00eda la peque\u00f1a semilla que acababa de plantar algunas de las claves de su \u00e9xito son sin lugar a dudas las siguientes:<\/p>\n<\/div><div class=\"kc-elm kc-css-612568\" style=\"height: 30px; clear: both; width:100%;\"><\/div><div class=\"kc-elm kc-css-281467 kc_text_block\"><h2>EL SISTEMA DE JUEGO<\/h2>\n<p>Aquelarre se basa en un sistema de habilidades porcentuales, es decir que cada habilidad est\u00e1 expresada con un porcentaje. Para obtener \u00e9xito en una acci\u00f3n que requiera una habilidad determinada el jugador debe obtener, con 1D100, un resultado igual o inferior al de su porcentaje de habilidad. El sistema de combate es bastante sencillo y a la vez detallado, es tambi\u00e9n bastante \u00absangriento\u00bb y realista. La magia por otro lado es complicada y no es tan f\u00e1cil llevar a cabo hechizos con \u00e9xito, como es el caso en otros juegos m\u00e1s fant\u00e1sticos.<\/p>\n<\/div><div class=\"kc-elm kc-css-484388 kc_shortcode kc_single_image\">\n\n        <img decoding=\"async\" src=\"https:\/\/rolmasters.com\/wp-content\/uploads\/2017\/10\/Aquelarre-3-edicion-10.png\" class=\"\" alt=\"\" \/>    <\/div>\n<div class=\"kc-elm kc-css-224143\" style=\"height: 30px; clear: both; width:100%;\"><\/div><div class=\"kc-elm kc-css-906867 kc_text_block\"><h2>AMBIENTE HIST\u00d3RICO<\/h2>\n<p>El lugar y la \u00e9poca en los que se desarrolla Aquelarre son los de la Pen\u00ednsula Ib\u00e9rica durante la Edad Media. Los territorios de la Pen\u00ednsula est\u00e1n repartidos en varios reinos (Castilla, Arag\u00f3n, Portugal, Navarra y Granada) con sus culturas, idiomas y religiones, muchas veces enfrentados y acarreando con largas y costosas guerras.<\/p>\n<p>El mundo de Aquelarre no s\u00f3lo est\u00e1 acosado por la guerra sino tambi\u00e9n por el hambre y la peste, ocasionados por el r\u00edgido sistema feudal de se\u00f1ores y vasallos en el que una peque\u00f1a parte de la poblaci\u00f3n, propietaria de la tierra y de los hombres que en ella trabajan, es la que se lleva toda la riqueza. El resto de la poblaci\u00f3n, la m\u00e1s numerosa, permanece pobre e ignorante. En este ambiente los se\u00f1ores feudales y la iglesia concentraban casi todo el poder, pero algo estaba cambiando: en las grandes ciudades se gestar\u00eda una nueva clase, la burgues\u00eda, peque\u00f1os comerciantes que alcanzan un buen nivel econ\u00f3mico, y ya no se conforman con su sencilla vida, aspirando a algo m\u00e1s.<\/p>\n<p>As\u00ed es que las motivaciones de los personajes de Aquelarre podr\u00e1n tambi\u00e9n incluir mejorar su calidad de vida, o en el caso de que ya la tengan, garantizar su continuidad.<\/p>\n<\/div><div class=\"kc-elm kc-css-882504 kc_shortcode kc_single_image\">\n\n        <img decoding=\"async\" src=\"https:\/\/rolmasters.com\/wp-content\/uploads\/2017\/09\/Aquelarre-3-edicion-93.png\" class=\"\" alt=\"\" \/>    <\/div>\n<div class=\"kc-elm kc-css-400846\" style=\"height: 30px; clear: both; width:100%;\"><\/div><div class=\"kc-elm kc-css-871031 kc_text_block\"><h2>LA MAGIA<\/h2>\n<p>En Aquelarre la magia est\u00e1 a la orden del d\u00eda. Las brujas realmente existen, y preparan extra\u00f1as pociones en sus calderos, para fines tan terrenales como la virilidad o para otros m\u00e1s elevados, como la comunicaci\u00f3n con los esp\u00edritus. Y si bien los jugadores pueden hacer que sus personajes conozcan y utilicen la magia, deben tener en cuenta que en esta \u00e9poca, todo aquello sobrenatural o m\u00e1gico (lo irracional), es considerado por el com\u00fan de la gente (la racional) como algo demon\u00edaco y absolutamente prohibido. As\u00ed deber\u00e1n cuidarse de la Fraternitas Vera Lucis (que en el juego se afirma, que es el antecedente de la Inquisici\u00f3n) \u2013 una sociedad secreta destinada a exterminar todo atisbo del mundo irracional. Por supuesto que cualquier confesi\u00f3n o alarde de poseer facultades m\u00e1gicas conlleva la inmediata pena de muerte, ya sea en la horca, la hoguera, dependiendo del reino o la autoridad de turno.<\/p>\n<\/div><div class=\"kc-elm kc-css-594251 kc_shortcode kc_single_image\">\n\n        <img decoding=\"async\" src=\"https:\/\/rolmasters.com\/wp-content\/uploads\/2017\/09\/Aquelarre-3-edicion-38.png\" class=\"\" alt=\"\" \/>    <\/div>\n<div class=\"kc-elm kc-css-245024\" style=\"height: 30px; clear: both; width:100%;\"><\/div><div class=\"kc-elm kc-css-798899 kc_text_block\"><h2>MITOLOG\u00cdA IB\u00c9RICA<\/h2>\n<p>La pen\u00ednsula ib\u00e9rica tiene una riqu\u00edsima mitolog\u00eda, llena de curiosas criaturas y enigm\u00e1ticas leyendas. Cada regi\u00f3n tiene las locales, y hay otras de mayor \u00e1mbito territorial. A los ya cl\u00e1sicos duendes (principalmente en Castilla), se suman otras criaturas mucho m\u00e1s pintorescas, como los Follets (catalanes), los Idixta (vascos), las ondinas (presentes en las fuentes naturales de agua), trasgos y lobishomes en Galicia y otras mucho m\u00e1s terribles, oscuras y peligrosas, de procedencia infernal. Todas ellas est\u00e1n presentes en el juego.<\/p>\n<\/div><div class=\"kc-elm kc-css-537103 kc_shortcode kc_single_image\">\n\n        <img decoding=\"async\" src=\"https:\/\/rolmasters.com\/wp-content\/uploads\/2017\/09\/Aquelarre-3-edicion-95.png\" class=\"\" alt=\"\" \/>    <\/div>\n<div class=\"kc-elm kc-css-252026\" style=\"height: 30px; clear: both; width:100%;\"><\/div><div class=\"kc-elm kc-css-397141 kc_text_block\"><h2>EL CIELO Y EL INFIERNO<\/h2>\n<p>Otro de los principales puntos dentro del juego es la complejidad del trasfondo demon\u00edaco. Adem\u00e1s de Lucifer y un par de pr\u00edncipes, existe toda una cohorte de demonios menores, y criaturas mal\u00e9ficas, que est\u00e1n bastante organizados. Hay demonios superiores (de la destrucci\u00f3n, de la envidia, de la lujuria, del dominio, de las riquezas y de la magia negra) secundados por los llamados demonios elementales (gnomos, \u00edgneos, \u00edncubos y s\u00facubos, ondinas, silfos y sombras).<\/p>\n<\/div><div class=\"kc-elm kc-css-995644 kc_shortcode kc_single_image\">\n\n        <img decoding=\"async\" src=\"https:\/\/rolmasters.com\/wp-content\/uploads\/2017\/09\/Aquelarre-3-edicion-34.png\" class=\"\" alt=\"\" \/>    <\/div>\n<div class=\"kc-elm kc-css-873483\" style=\"height: 30px; clear: both; width:100%;\"><\/div><div class=\"kc-elm kc-css-794151 kc_text_block\"><h2>EL COMBATE<\/h2>\n<p>Por \u00faltimo cabe destacar que aquelarre tambi\u00e9n \u00e9s un juego de rol con un sistema de combate elaborado, que permite recrear cualquier tipo de escena de acci\u00f3n. Desde duelos y torneos a batallas o guerras campales, incluso peleas callejeras o trifurcas de taberna. A pesar de la complejidad que esto puede conllevar, el sistema de combate de Aquelarre lo soluciona de forma cuidada y \u00e1gil dotando a estas escenas del dinamismo y velocidad que necesitan para resultar cre\u00edbles, mantener la tensi\u00f3n en el juego y la atenci\u00f3n de los jugadores. Aquelarre asegura combates \u00e9picos con todo el armamento de su \u00e9poca.<\/p>\n<\/div><div class=\"kc-elm kc-css-352785 kc_shortcode kc_single_image\">\n\n        <img decoding=\"async\" src=\"https:\/\/rolmasters.com\/wp-content\/uploads\/2017\/09\/Aquelarre-3-edicion-26.png\" class=\"\" alt=\"\" \/>    <\/div>\n<\/div><\/div><\/div><\/div><\/section><section class=\"kc-elm kc-css-570042 kc_row\"><div class=\"kc-row-container  kc-container\"><div class=\"kc-wrap-columns\"><div class=\"kc-elm kc-css-311913 kc_col-sm-12 kc_column kc_col-sm-12\"><div class=\"kc-col-container\">\n<div class=\"kc-elm kc-css-50907 divider_line\">\n\t<div class=\"divider_inner divider_line1\">\n\t\t\t<\/div>\n<\/div>\n<div class=\"kc-elm kc-css-865420 kc_shortcode kc_single_image\">\n\n        <img decoding=\"async\" src=\"https:\/\/rolmasters.com\/wp-content\/uploads\/2017\/10\/Aquelarre-3-edicio-parallax-3.jpg\" class=\"\" alt=\"\" \/>    <\/div>\n<div class=\"kc-elm kc-css-843460 kc-raw-code\"><div class=\"su-column su-column-size-1-2\"><div class=\"su-column-inner su-clearfix\">\r\n<div class=\"su-box su-box-style-soft\" style=\"border-color:#292929;border-radius:5px;-moz-border-radius:5px;-webkit-border-radius:5px;\"><div class=\"su-box-title\" style=\"background-color:#333333;color:#FFFFFF;-webkit-border-top-left-radius:4px;-webkit-border-top-right-radius:4px;-moz-border-radius-topleft:4px;-moz-border-radius-topright:4px;border-top-left-radius:4px;border-top-right-radius:4px;\">\u00bfQU\u00c9 ES EL ROL?<\/div><div class=\"su-box-content su-clearfix\">Los juegos de rol son la interpreatci\u00f3n de un personaje inventado en un mundo ficticio bajo las reglas del manual.\r\n<\/br><\/br>\r\n<div class=\"su-button-center\"><a href=\"http:\/\/rolmasters.com\/rol\/que-es-el-rol\/\" class=\"su-button su-button-style-default\" style=\"color:#FFFFFF;background-color:#fb5250;border-color:#c94240;border-radius:6px;-moz-border-radius:6px;-webkit-border-radius:6px\" target=\"_self\"><span style=\"color:#FFFFFF;padding:0px 18px;font-size:14px;line-height:28px;border-color:#fc8685;border-radius:6px;-moz-border-radius:6px;-webkit-border-radius:6px;text-shadow:none;-moz-text-shadow:none;-webkit-text-shadow:none\"> Leer m\u00e1s<\/span><\/a><\/div>\r\n<\/div><\/div>\r\n<\/div><\/div>\r\n\r\n<div class=\"su-column su-column-size-1-2\"><div class=\"su-column-inner su-clearfix\">\r\n<div class=\"su-box su-box-style-soft\" style=\"border-color:#292929;border-radius:5px;-moz-border-radius:5px;-webkit-border-radius:5px;\"><div class=\"su-box-title\" style=\"background-color:#333333;color:#FFFFFF;-webkit-border-top-left-radius:4px;-webkit-border-top-right-radius:4px;-moz-border-radius-topleft:4px;-moz-border-radius-topright:4px;border-top-left-radius:4px;border-top-right-radius:4px;\">MANUALES Y M\u00d3DULOS?<\/div><div class=\"su-box-content su-clearfix\">Aquelarre ha vivido 4 etapas en diferentes editoriales desde su primera publicaci\u00f3n en 1990.\r\n  <\/br> <\/br>\r\n<div class=\"su-button-center\"><a href=\"http:\/\/rolmasters.com\/rol\/manuales-y-modulos-de-rol-aquelarre\/\" class=\"su-button su-button-style-default\" style=\"color:#FFFFFF;background-color:#fb5250;border-color:#c94240;border-radius:6px;-moz-border-radius:6px;-webkit-border-radius:6px\" target=\"_self\"><span style=\"color:#FFFFFF;padding:0px 18px;font-size:14px;line-height:28px;border-color:#fc8685;border-radius:6px;-moz-border-radius:6px;-webkit-border-radius:6px;text-shadow:none;-moz-text-shadow:none;-webkit-text-shadow:none\"> Leer m\u00e1s<\/span><\/a><\/div>\r\n<\/div><\/div>\r\n<\/div><\/div><\/div>\n<div class=\"kc-elm kc-css-345197 divider_line\">\n\t<div class=\"divider_inner divider_line1\">\n\t\t\t<\/div>\n<\/div>\n<\/div><\/div><\/div><\/div><\/section>","protected":false},"excerpt":{"rendered":"<div class='heateor_sss_sharing_container heateor_sss_vertical_sharing heateor_sss_bottom_sharing' style='width:44px;right: -10px;top: 250px;-webkit-box-shadow:none;box-shadow:none;' heateor-sss-data-href='https:\/\/rolmasters.com\/es\/wp-json\/wp\/v2\/pages\/137'><ul  class=\"heateor_sss_sharing_ul\"><li class=\"\"><i style=\"width:40px;height:40px;margin:0;\" alt=\"Facebook\" Title=\"Facebook\" class=\"heateorSssSharing heateorSssFacebookBackground\" onclick='heateorSssPopup(\"https:\/\/www.facebook.com\/sharer\/sharer.php?u=https%3A%2F%2Frolmasters.com%2Fes%2Fwp-json%2Fwp%2Fv2%2Fpages%2F137\")'><ss style=\"display:block;\" class=\"heateorSssSharingSvg heateorSssFacebookSvg\"><\/ss><\/i><\/li><li class=\"\"><i style=\"width:40px;height:40px;margin:0;\" alt=\"Twitter\" Title=\"Twitter\" class=\"heateorSssSharing heateorSssTwitterBackground\" onclick='heateorSssPopup(\"http:\/\/twitter.com\/intent\/tweet?text=ROLMASTERS%20-%20Tira%201D100&url=https%3A%2F%2Frolmasters.com%2Fes%2Fwp-json%2Fwp%2Fv2%2Fpages%2F137\")'><ss style=\"display:block;\" class=\"heateorSssSharingSvg heateorSssTwitterSvg\"><\/ss><\/i><\/li><li class=\"\"><i style=\"width:40px;height:40px;margin:0;\" alt=\"Whatsapp\" Title=\"Whatsapp\" class=\"heateorSssSharing heateorSssWhatsappBackground\"><a  href=\"whatsapp:\/\/send?text=ROLMASTERS%20-%20Tira%201D100 https%3A%2F%2Frolmasters.com%2Fes%2Fwp-json%2Fwp%2Fv2%2Fpages%2F137\" rel=\"nofollow\"><ss style=\"display:block\" class=\"heateorSssSharingSvg heateorSssWhatsappSvg\"><\/ss><\/a><\/i><\/li><\/ul><div class=\"heateorSssClear\"><\/div><\/div>","protected":false},"author":1,"featured_media":280,"parent":27,"menu_order":0,"comment_status":"closed","ping_status":"closed","template":"full-width.php","meta":{"footnotes":""},"_links":{"self":[{"href":"https:\/\/rolmasters.com\/es\/wp-json\/wp\/v2\/pages\/137"}],"collection":[{"href":"https:\/\/rolmasters.com\/es\/wp-json\/wp\/v2\/pages"}],"about":[{"href":"https:\/\/rolmasters.com\/es\/wp-json\/wp\/v2\/types\/page"}],"author":[{"embeddable":true,"href":"https:\/\/rolmasters.com\/es\/wp-json\/wp\/v2\/users\/1"}],"replies":[{"embeddable":true,"href":"https:\/\/rolmasters.com\/es\/wp-json\/wp\/v2\/comments?post=137"}],"version-history":[{"count":1,"href":"https:\/\/rolmasters.com\/es\/wp-json\/wp\/v2\/pages\/137\/revisions"}],"predecessor-version":[{"id":4794,"href":"https:\/\/rolmasters.com\/es\/wp-json\/wp\/v2\/pages\/137\/revisions\/4794"}],"up":[{"embeddable":true,"href":"https:\/\/rolmasters.com\/es\/wp-json\/wp\/v2\/pages\/27"}],"wp:featuredmedia":[{"embeddable":true,"href":"https:\/\/rolmasters.com\/es\/wp-json\/wp\/v2\/media\/280"}],"wp:attachment":[{"href":"https:\/\/rolmasters.com\/es\/wp-json\/wp\/v2\/media?parent=137"}],"curies":[{"name":"wp","href":"https:\/\/api.w.org\/{rel}","templated":true}]}}