{"id":1283,"date":"2017-10-10T14:52:26","date_gmt":"2017-10-10T14:52:26","guid":{"rendered":"http:\/\/rolmasters.com\/?page_id=1283"},"modified":"2018-04-10T14:00:25","modified_gmt":"2018-04-10T14:00:25","slug":"revistas-y-fanzines-digitales","status":"publish","type":"page","link":"https:\/\/rolmasters.com\/es\/inventario\/revistas-y-fanzines-digitales\/","title":{"rendered":"REVISTAS Y FANZINES DIGITALES"},"content":{"rendered":"<section class=\"kc-elm kc-css-896608 kc_row\"><div class=\"kc-row-container  kc-container\"><div class=\"kc-wrap-columns\"><div class=\"kc-elm kc-css-156013 kc_col-sm-12 kc_column kc_col-sm-12\"><div class=\"kc-col-container\"><div class=\"kc-elm kc-css-416452 kc_text_block\"><p>Ediciones enteras o partes de Revistas y fanzines digitales con material diverso sobre el mundo de Aquelarre. Art\u00edculos, cr\u00edticas, ayudas, ambientaci\u00f3n &#8230; Incluso partidas.<\/p>\n<\/div>\n<div class=\"kc-elm kc-css-652954 divider_line\">\n\t<div class=\"divider_inner divider_line1\">\n\t\t\t<\/div>\n<\/div>\n<\/div><\/div><\/div><\/div><\/section><section class=\"kc-elm kc-css-365580 kc_row\"><div class=\"kc-row-container  kc-container\"><div class=\"kc-wrap-columns\"><div class=\"kc-elm kc-css-777651 kc_col-sm-12 kc_column kc_col-sm-12\"><div class=\"kc-col-container\">\n<div class=\"kc-elm kc-css-112697 kc-title-wrap \">\n\n\t<h1 class=\"kc_title\">REVISTAS LIDER<\/h1>\n<\/div>\n<div class=\"kc-elm kc-css-250522 kc_row kc_row_inner\"><div class=\"kc-elm kc-css-468968 kc_col-sm-6 kc_column_inner kc_col-sm-6\"><div class=\"kc_wrapper kc-col-inner-container\"><div class=\"kc-elm kc_row kc_row_inner\"><div class=\"kc-elm kc_col-sm-1 kc_column_inner kc_col-sm-1\"><div class=\"kc_wrapper kc-col-inner-container\"><div class=\"kc-elm kc-css-313390\" style=\"height: 10px; clear: both; width:100%;\"><\/div><div class=\"kc-elm kc-css-425574 kc_shortcode kc_single_image\">\n\n        <img decoding=\"async\" src=\"https:\/\/rolmasters.com\/wp-content\/uploads\/2018\/04\/publicaciones-para-aquelarre-en-revistas-lider.jpg\" class=\"\" alt=\"\" \/>    <\/div>\n<div class=\"kc-elm kc-css-793619\" style=\"height: 10px; clear: both; width:100%;\"><\/div><\/div><\/div><\/div><\/div><\/div><div class=\"kc-elm kc-css-264334 kc_col-sm-6 kc_column_inner kc_col-sm-6\"><div class=\"kc_wrapper kc-col-inner-container\"><div class=\"kc-elm kc-css-551012\" style=\"height: 10px; clear: both; width:100%;\"><\/div><div class=\"kc-elm kc-css-32511 kc_text_block\"><h2>RECOPILATORIO DE MATERIAL PUBLICADO PARA AQUELARRE EN REVISTAS LIDER<\/h2>\n<p>En la Revista Lider, todo un cl\u00e1sico del sector del rol, y durante dos etapas diferentes, se publicaron numerosos art\u00edculos, ayudas, gu\u00edas, dossiers y otros materiales dedicados al juego Aquelarre.<\/p>\n<p>En este recopilatorio hemos recogido, en un mismo PDF de 180 p\u00e1ginas, todo este material.<\/p>\n<\/div><div class=\"kc-elm kc-css-68813\" style=\"height: 10px; clear: both; width:100%;\"><\/div>\n<div class=\"kc-elm kc-css-133070\">\n\t<a class=\"kc_button\" href=\"http:\/\/rolmasters.com\/inventari\/revistes\/lider\/Recopilacion-revistas-Lider-Rolmasters.pdf\" target=\"_blank\" title=\"\" onclick=\"\">\n\t\tDESCARGAR <i class=\"fa-hand-o-right\"><\/i>\t<\/a>\n<\/div>\n<\/div><\/div><\/div><\/div><\/div><\/div><\/div><\/section><section class=\"kc-elm kc-css-168254 kc_row\"><div class=\"kc-row-container  kc-container\"><div class=\"kc-wrap-columns\"><div class=\"kc-elm kc-css-332133 kc_col-sm-12 kc_column kc_col-sm-12\"><div class=\"kc-col-container\">\n<div class=\"kc-elm kc-css-744140 divider_line\">\n\t<div class=\"divider_inner divider_line1\">\n\t\t\t<\/div>\n<\/div>\n<\/div><\/div><\/div><\/div><\/section><section class=\"kc-elm kc-css-534743 kc_row\"><div class=\"kc-row-container  kc-container\"><div class=\"kc-wrap-columns\"><div class=\"kc-elm kc-css-630655 kc_col-sm-12 kc_column kc_col-sm-12\"><div class=\"kc-col-container\">\n<div class=\"kc-elm kc-css-268953 kc-title-wrap \">\n\n\t<h1 class=\"kc_title\">DRAMATIS PERSONAE<\/h1>\n<\/div>\n<div class=\"kc-elm kc-css-331794 kc_text_block\"><p>Fanzine Online creado por Jordi Calvo dedicado en exclusiva a Aquelarre. El Fanzine se empez\u00f3 a publicar en 1999 e incluye todo tipo de material sobre el juego.<\/p>\n<p>Historia del juego, An\u00e1lisis y evaluaciones de los manuales y de los suplementos publicados, entrevistas y colaboraciones de personas relacionadas con el mundo de Aquelarre, ayudas para el juego, campa\u00f1as o partidas, suplementos y m\u00e1s &#8230;<\/p>\n<\/div><div class=\"kc-elm kc-css-269174 kc_row kc_row_inner\"><div class=\"kc-elm kc-css-466595 kc_col-sm-3 kc_column_inner kc_col-sm-3\"><div class=\"kc_wrapper kc-col-inner-container\"><div class=\"kc-elm kc_row kc_row_inner\"><div class=\"kc-elm kc_col-sm-1 kc_column_inner kc_col-sm-1\"><div class=\"kc_wrapper kc-col-inner-container\"><div class=\"kc-elm kc-css-740396\" style=\"height: 10px; clear: both; width:100%;\"><\/div><div class=\"kc-elm kc-css-194417 kc_shortcode kc_single_image\">\n\n        <img decoding=\"async\" src=\"https:\/\/rolmasters.com\/wp-content\/uploads\/2017\/10\/Dramatis-personae-1.jpg\" class=\"\" alt=\"\" \/>    <\/div>\n<div class=\"kc-elm kc-css-383766 kc_text_block\"><p style=\"text-align: center;\">DRAMATIS PERSONAE 1<\/p>\n<\/div>\n<div class=\"kc-elm kc-css-17851\">\n\t<a class=\"kc_button\" href=\"http:\/\/rolmasters.com\/inventari\/revistes\/dramatis-personae\/DramatisPersonae1.pdf\" target=\"_blank\" title=\"\" onclick=\"\">\n\t\tDESCARGAR <i class=\"fa-hand-o-right\"><\/i>\t<\/a>\n<\/div>\n<\/div><\/div><\/div><\/div><\/div><div class=\"kc-elm kc-css-931612 kc_col-sm-3 kc_column_inner kc_col-sm-3\"><div class=\"kc_wrapper kc-col-inner-container\"><div class=\"kc-elm kc_row kc_row_inner\"><div class=\"kc-elm kc_col-sm-1 kc_column_inner kc_col-sm-1\"><div class=\"kc_wrapper kc-col-inner-container\"><div class=\"kc-elm kc-css-904513\" style=\"height: 10px; clear: both; width:100%;\"><\/div><div class=\"kc-elm kc-css-362584 kc_shortcode kc_single_image\">\n\n        <img decoding=\"async\" src=\"https:\/\/rolmasters.com\/wp-content\/uploads\/2017\/10\/Dramatis-personae-2.jpg\" class=\"\" alt=\"\" \/>    <\/div>\n<div class=\"kc-elm kc-css-709742 kc_text_block\"><p style=\"text-align: center;\">DRAMATIS PERSONAE 2<\/p>\n<\/div>\n<div class=\"kc-elm kc-css-269504\">\n\t<a class=\"kc_button\" href=\"http:\/\/rolmasters.com\/inventari\/revistes\/dramatis-personae\/DramatisPersonae2.pdf\" target=\"_blank\" title=\"\" onclick=\"\">\n\t\tDESCARGAR <i class=\"fa-hand-o-right\"><\/i>\t<\/a>\n<\/div>\n<\/div><\/div><\/div><\/div><\/div><div class=\"kc-elm kc-css-150875 kc_col-sm-3 kc_column_inner kc_col-sm-3\"><div class=\"kc_wrapper kc-col-inner-container\"><div class=\"kc-elm kc_row kc_row_inner\"><div class=\"kc-elm kc_col-sm-1 kc_column_inner kc_col-sm-1\"><div class=\"kc_wrapper kc-col-inner-container\"><div class=\"kc-elm kc-css-953487\" style=\"height: 10px; clear: both; width:100%;\"><\/div><div class=\"kc-elm kc-css-799243 kc_shortcode kc_single_image\">\n\n        <img decoding=\"async\" src=\"https:\/\/rolmasters.com\/wp-content\/uploads\/2017\/10\/Dramatis-personae-3.jpg\" class=\"\" alt=\"\" \/>    <\/div>\n<div class=\"kc-elm kc-css-677577 kc_text_block\"><p style=\"text-align: center;\">DRAMATIS PERSONAE 3<\/p>\n<\/div>\n<div class=\"kc-elm kc-css-856016\">\n\t<a class=\"kc_button\" href=\"http:\/\/rolmasters.com\/inventari\/revistes\/dramatis-personae\/DramatisPersonae3.pdf\" target=\"_blank\" title=\"\" onclick=\"\">\n\t\tDESCARGAR <i class=\"fa-hand-o-right\"><\/i>\t<\/a>\n<\/div>\n<\/div><\/div><\/div><\/div><\/div><div class=\"kc-elm kc-css-823679 kc_col-sm-3 kc_column_inner kc_col-sm-3\"><div class=\"kc_wrapper kc-col-inner-container\"><div class=\"kc-elm kc_row kc_row_inner\"><div class=\"kc-elm kc_col-sm-1 kc_column_inner kc_col-sm-1\"><div class=\"kc_wrapper kc-col-inner-container\"><div class=\"kc-elm kc-css-714907\" style=\"height: 10px; clear: both; width:100%;\"><\/div><div class=\"kc-elm kc-css-6350 kc_shortcode kc_single_image\">\n\n        <img decoding=\"async\" src=\"https:\/\/rolmasters.com\/wp-content\/uploads\/2017\/10\/Dramatis-personae-4.jpg\" class=\"\" alt=\"\" \/>    <\/div>\n<div class=\"kc-elm kc-css-324263 kc_text_block\"><p style=\"text-align: center;\">DRAMATIS PERSONAE 4<\/p>\n<\/div>\n<div class=\"kc-elm kc-css-229898\">\n\t<a class=\"kc_button\" href=\"http:\/\/rolmasters.com\/inventari\/revistes\/dramatis-personae\/DramatisPersonae4.pdf\" target=\"_blank\" title=\"\" onclick=\"\">\n\t\tDESCARGAR <i class=\"fa-hand-o-right\"><\/i>\t<\/a>\n<\/div>\n<\/div><\/div><\/div><\/div><\/div><\/div><div class=\"kc-elm kc-css-606755 kc_row kc_row_inner\"><div class=\"kc-elm kc-css-491035 kc_col-sm-3 kc_column_inner kc_col-sm-3\"><div class=\"kc_wrapper kc-col-inner-container\"><div class=\"kc-elm kc_row kc_row_inner\"><div class=\"kc-elm kc_col-sm-1 kc_column_inner kc_col-sm-1\"><div class=\"kc_wrapper kc-col-inner-container\"><div class=\"kc-elm kc-css-103727\" style=\"height: 10px; clear: both; width:100%;\"><\/div><div class=\"kc-elm kc-css-812532 kc_shortcode kc_single_image\">\n\n        <img decoding=\"async\" src=\"https:\/\/rolmasters.com\/wp-content\/uploads\/2017\/10\/Dramatis-personae-5.jpg\" class=\"\" alt=\"\" \/>    <\/div>\n<div class=\"kc-elm kc-css-99375 kc_text_block\"><p style=\"text-align: center;\">DRAMATIS PERSONAE 5<\/p>\n<\/div>\n<div class=\"kc-elm kc-css-475331\">\n\t<a class=\"kc_button\" href=\"http:\/\/rolmasters.com\/inventari\/revistes\/dramatis-personae\/DramatisPersonae5.pdf\" target=\"_blank\" title=\"\" onclick=\"\">\n\t\tDESCARGAR <i class=\"fa-hand-o-right\"><\/i>\t<\/a>\n<\/div>\n<\/div><\/div><\/div><\/div><\/div><div class=\"kc-elm kc-css-637579 kc_col-sm-3 kc_column_inner kc_col-sm-3\"><div class=\"kc_wrapper kc-col-inner-container\"><div class=\"kc-elm kc_row kc_row_inner\"><div class=\"kc-elm kc_col-sm-1 kc_column_inner kc_col-sm-1\"><div class=\"kc_wrapper kc-col-inner-container\"><div class=\"kc-elm kc-css-969339\" style=\"height: 10px; clear: both; width:100%;\"><\/div><div class=\"kc-elm kc-css-373740 kc_shortcode kc_single_image\">\n\n        <img decoding=\"async\" src=\"https:\/\/rolmasters.com\/wp-content\/uploads\/2017\/10\/Dramatis-personae-6.jpg\" class=\"\" alt=\"\" \/>    <\/div>\n<div class=\"kc-elm kc-css-876364 kc_text_block\"><p style=\"text-align: center;\">DRAMATIS PERSONAE 6<\/p>\n<\/div>\n<div class=\"kc-elm kc-css-822461\">\n\t<a class=\"kc_button\" href=\"http:\/\/rolmasters.com\/inventari\/revistes\/dramatis-personae\/DramatisPersonae6.pdf\" target=\"_blank\" title=\"\" onclick=\"\">\n\t\tDESCARGAR <i class=\"fa-hand-o-right\"><\/i>\t<\/a>\n<\/div>\n<\/div><\/div><\/div><\/div><\/div><div class=\"kc-elm kc-css-894754 kc_col-sm-3 kc_column_inner kc_col-sm-3\"><div class=\"kc_wrapper kc-col-inner-container\"><div class=\"kc-elm kc_row kc_row_inner\"><div class=\"kc-elm kc_col-sm-1 kc_column_inner kc_col-sm-1\"><div class=\"kc_wrapper kc-col-inner-container\"><div class=\"kc-elm kc-css-945895\" style=\"height: 10px; clear: both; width:100%;\"><\/div><div class=\"kc-elm kc-css-403149 kc_shortcode kc_single_image\">\n\n        <img decoding=\"async\" src=\"https:\/\/rolmasters.com\/wp-content\/uploads\/2017\/10\/Dramatis-personae-7.jpg\" class=\"\" alt=\"\" \/>    <\/div>\n<div class=\"kc-elm kc-css-270735 kc_text_block\"><p style=\"text-align: center;\">DRAMATIS PERSONAE 7<\/p>\n<\/div>\n<div class=\"kc-elm kc-css-706003\">\n\t<a class=\"kc_button\" href=\"http:\/\/rolmasters.com\/inventari\/revistes\/dramatis-personae\/DramatisPersonae7.pdf\" target=\"_blank\" title=\"\" onclick=\"\">\n\t\tDESCARGAR <i class=\"fa-hand-o-right\"><\/i>\t<\/a>\n<\/div>\n<\/div><\/div><\/div><\/div><\/div><div class=\"kc-elm kc-css-475303 kc_col-sm-3 kc_column_inner kc_col-sm-3\"><div class=\"kc_wrapper kc-col-inner-container\"><div class=\"kc-elm kc_row kc_row_inner\"><div class=\"kc-elm kc_col-sm-1 kc_column_inner kc_col-sm-1\"><div class=\"kc_wrapper kc-col-inner-container\"><div class=\"kc-elm kc-css-537514\" style=\"height: 10px; clear: both; width:100%;\"><\/div><div class=\"kc-elm kc-css-794236 kc_shortcode kc_single_image\">\n\n        <img decoding=\"async\" src=\"https:\/\/rolmasters.com\/wp-content\/uploads\/2017\/10\/Dramatis-personae-8.jpg\" class=\"\" alt=\"\" \/>    <\/div>\n<div class=\"kc-elm kc-css-276864 kc_text_block\"><p style=\"text-align: center;\">DRAMATIS PERSONAE 8<\/p>\n<\/div>\n<div class=\"kc-elm kc-css-915941\">\n\t<a class=\"kc_button\" href=\"http:\/\/rolmasters.com\/inventari\/revistes\/dramatis-personae\/DramatisPersonae8.pdf\" target=\"_blank\" title=\"\" onclick=\"\">\n\t\tDESCARGAR <i class=\"fa-hand-o-right\"><\/i>\t<\/a>\n<\/div>\n<\/div><\/div><\/div><\/div><\/div><\/div><div class=\"kc-elm kc-css-935125 kc_row kc_row_inner\"><div class=\"kc-elm kc-css-967942 kc_col-sm-3 kc_column_inner kc_col-sm-3\"><div class=\"kc_wrapper kc-col-inner-container\"><div class=\"kc-elm kc_row kc_row_inner\"><div class=\"kc-elm kc_col-sm-1 kc_column_inner kc_col-sm-1\"><div class=\"kc_wrapper kc-col-inner-container\"><div class=\"kc-elm kc-css-22089\" style=\"height: 10px; clear: both; width:100%;\"><\/div><div class=\"kc-elm kc-css-414017 kc_shortcode kc_single_image\">\n\n        <img decoding=\"async\" src=\"https:\/\/rolmasters.com\/wp-content\/uploads\/2017\/10\/Dramatis-personae-especial-1.jpg\" class=\"\" alt=\"\" \/>    <\/div>\n<div class=\"kc-elm kc-css-560252 kc_text_block\"><p style=\"text-align: center;\">DRAMATIS PERSONAE ESPECIAL 1<\/p>\n<\/div>\n<div class=\"kc-elm kc-css-192948\">\n\t<a class=\"kc_button\" href=\"http:\/\/rolmasters.com\/inventari\/revistes\/dramatis-personae\/DramatisPersonaeEspecial1.pdf\" target=\"_blank\" title=\"\" onclick=\"\">\n\t\tDESCARGAR <i class=\"fa-hand-o-right\"><\/i>\t<\/a>\n<\/div>\n<\/div><\/div><\/div><\/div><\/div><div class=\"kc-elm kc-css-16514 kc_col-sm-3 kc_column_inner kc_col-sm-3\"><div class=\"kc_wrapper kc-col-inner-container\"><div class=\"kc-elm kc_row kc_row_inner\"><div class=\"kc-elm kc_col-sm-1 kc_column_inner kc_col-sm-1\"><div class=\"kc_wrapper kc-col-inner-container\"><div class=\"kc-elm kc-css-253571\" style=\"height: 10px; clear: both; width:100%;\"><\/div><div class=\"kc-elm kc-css-318235 kc_shortcode kc_single_image\">\n\n        <img decoding=\"async\" src=\"https:\/\/rolmasters.com\/wp-content\/uploads\/2017\/10\/Dramatis-personae-especial-2.jpg\" class=\"\" alt=\"\" \/>    <\/div>\n<div class=\"kc-elm kc-css-444702 kc_text_block\"><p style=\"text-align: center;\">DRAMATIS PERSONAE ESPECIAL 2<\/p>\n<\/div>\n<div class=\"kc-elm kc-css-261484\">\n\t<a class=\"kc_button\" href=\"http:\/\/rolmasters.com\/inventari\/revistes\/dramatis-personae\/DramatisPersonaeEspecial2.pdf\" target=\"_blank\" title=\"\" onclick=\"\">\n\t\tDESCARGAR <i class=\"fa-hand-o-right\"><\/i>\t<\/a>\n<\/div>\n<\/div><\/div><\/div><\/div><\/div><div class=\"kc-elm kc-css-245696 kc_col-sm-3 kc_column_inner kc_col-sm-3\"><div class=\"kc_wrapper kc-col-inner-container\"><\/div><\/div><div class=\"kc-elm kc-css-470598 kc_col-sm-3 kc_column_inner kc_col-sm-3\"><div class=\"kc_wrapper kc-col-inner-container\"><\/div><\/div><\/div><\/div><\/div><\/div><\/div><\/section><section class=\"kc-elm kc-css-952637 kc_row\"><div class=\"kc-row-container  kc-container\"><div class=\"kc-wrap-columns\"><div class=\"kc-elm kc-css-697752 kc_col-sm-12 kc_column kc_col-sm-12\"><div class=\"kc-col-container\">\n<div class=\"kc-elm kc-css-57040 divider_line\">\n\t<div class=\"divider_inner divider_line1\">\n\t\t\t<\/div>\n<\/div>\n<\/div><\/div><\/div><\/div><\/section>","protected":false},"excerpt":{"rendered":"<div class='heateor_sss_sharing_container heateor_sss_vertical_sharing heateor_sss_bottom_sharing' style='width:44px;right: -10px;top: 250px;-webkit-box-shadow:none;box-shadow:none;' heateor-sss-data-href='https:\/\/rolmasters.com\/es\/wp-json\/wp\/v2\/pages\/1283'><ul  class=\"heateor_sss_sharing_ul\"><li class=\"\"><i style=\"width:40px;height:40px;margin:0;\" alt=\"Facebook\" Title=\"Facebook\" class=\"heateorSssSharing heateorSssFacebookBackground\" onclick='heateorSssPopup(\"https:\/\/www.facebook.com\/sharer\/sharer.php?u=https%3A%2F%2Frolmasters.com%2Fes%2Fwp-json%2Fwp%2Fv2%2Fpages%2F1283\")'><ss style=\"display:block;\" class=\"heateorSssSharingSvg heateorSssFacebookSvg\"><\/ss><\/i><\/li><li class=\"\"><i style=\"width:40px;height:40px;margin:0;\" alt=\"Twitter\" Title=\"Twitter\" class=\"heateorSssSharing heateorSssTwitterBackground\" onclick='heateorSssPopup(\"http:\/\/twitter.com\/intent\/tweet?text=ROLMASTERS%20-%20Tira%201D100&url=https%3A%2F%2Frolmasters.com%2Fes%2Fwp-json%2Fwp%2Fv2%2Fpages%2F1283\")'><ss style=\"display:block;\" class=\"heateorSssSharingSvg heateorSssTwitterSvg\"><\/ss><\/i><\/li><li class=\"\"><i style=\"width:40px;height:40px;margin:0;\" alt=\"Whatsapp\" Title=\"Whatsapp\" class=\"heateorSssSharing heateorSssWhatsappBackground\"><a  href=\"whatsapp:\/\/send?text=ROLMASTERS%20-%20Tira%201D100 https%3A%2F%2Frolmasters.com%2Fes%2Fwp-json%2Fwp%2Fv2%2Fpages%2F1283\" rel=\"nofollow\"><ss style=\"display:block\" class=\"heateorSssSharingSvg heateorSssWhatsappSvg\"><\/ss><\/a><\/i><\/li><\/ul><div class=\"heateorSssClear\"><\/div><\/div>","protected":false},"author":1,"featured_media":277,"parent":29,"menu_order":0,"comment_status":"closed","ping_status":"closed","template":"full-width.php","meta":{"footnotes":""},"_links":{"self":[{"href":"https:\/\/rolmasters.com\/es\/wp-json\/wp\/v2\/pages\/1283"}],"collection":[{"href":"https:\/\/rolmasters.com\/es\/wp-json\/wp\/v2\/pages"}],"about":[{"href":"https:\/\/rolmasters.com\/es\/wp-json\/wp\/v2\/types\/page"}],"author":[{"embeddable":true,"href":"https:\/\/rolmasters.com\/es\/wp-json\/wp\/v2\/users\/1"}],"replies":[{"embeddable":true,"href":"https:\/\/rolmasters.com\/es\/wp-json\/wp\/v2\/comments?post=1283"}],"version-history":[{"count":0,"href":"https:\/\/rolmasters.com\/es\/wp-json\/wp\/v2\/pages\/1283\/revisions"}],"up":[{"embeddable":true,"href":"https:\/\/rolmasters.com\/es\/wp-json\/wp\/v2\/pages\/29"}],"wp:featuredmedia":[{"embeddable":true,"href":"https:\/\/rolmasters.com\/es\/wp-json\/wp\/v2\/media\/277"}],"wp:attachment":[{"href":"https:\/\/rolmasters.com\/es\/wp-json\/wp\/v2\/media?parent=1283"}],"curies":[{"name":"wp","href":"https:\/\/api.w.org\/{rel}","templated":true}]}}