{"id":1262,"date":"2017-10-10T14:19:46","date_gmt":"2017-10-10T14:19:46","guid":{"rendered":"http:\/\/rolmasters.com\/?page_id=1262"},"modified":"2022-10-18T08:01:15","modified_gmt":"2022-10-18T08:01:15","slug":"tablas-de-ayuda","status":"publish","type":"page","link":"https:\/\/rolmasters.com\/es\/inventario\/tablas-de-ayuda\/","title":{"rendered":"TABLAS VARIAS"},"content":{"rendered":"Esta secci\u00f3n encontrar\u00e1s tablas adicionales editadas en m\u00f3dulos antiguos o por aficionados para diversas finalidades del juego.<\/p>\n<p>&nbsp;<\/p>\n<div class=\"su-table\">\n<table style=\"height: 141px;\" width=\"549\">\n<tbody>\n<tr>\n<td><a href=\"http:\/\/rolmasters.com\/inventari\/taules\/Tablas-de-Pifias.pdf\" target=\"_blank\" rel=\"noopener\"><i class=\"fa fa-hand-o-right\"> Tabla de pifias en combate<\/i><\/a><\/td>\n<td>Este documento lo componen tres tablas para la resoluci\u00f3n de pifias en combate cuerpo a cuerpo, a distancia, pelea y esquiva.<\/td>\n<\/tr>\n<tr>\n<td><a href=\"http:\/\/rolmasters.com\/inventari\/taules\/Tabla-de-Secuelas-de-Tortura.pdf\" target=\"_blank\" rel=\"noopener\"><i class=\"fa fa-hand-o-right\"> Tabla de secuelas por tortura<\/i><\/a><\/td>\n<td>Tabla muy \u00fatil para resolver situaciones de tortura, con un tir\u00f3n se puede aplicar la secuela correspondiente al personaje torturado.<\/td>\n<\/tr>\n<tr>\n<td><a href=\"http:\/\/rolmasters.com\/inventari\/taules\/Tabla-busca-peleas-1d100.pdf\" target=\"_blank\" rel=\"noopener\"><i class=\"fa fa-hand-o-right\"> Tabla busca peleas<\/i><\/a><\/td>\n<td>La tabla busca peleas, tira 1d100 de Lope Manuel de Pelayo dise\u00f1ada para Rolmasters es la soluci\u00f3n definitiva para los Pj belicosos y fanfarrones que quieren meterse en l\u00edos.<\/td>\n<\/tr>\n<tr>\n<td><a href=\"http:\/\/rolmasters.com\/inventari\/taules\/Tabla-Nuevos-Rasgos-De-Caracter-Rinascita-Angel-Paredes.pdf\" target=\"_blank\" rel=\"noopener\"><i class=\"fa fa-hand-o-right\"> Tabla 200 rasgos car\u00e1cter nuevos<\/i><\/a><\/td>\n<td>Est\u00e1 tabla creada por \u00c1ngel Paredes incluye 200 nuevos rasgos de car\u00e1cter para la creaci\u00f3n de personaje en el m\u00f3dulo Rinascita.<\/td>\n<\/tr>\n<tr>\n<td><a href=\"http:\/\/rolmasters.com\/inventari\/taules\/Tabla-porque-se-conocen-los-pjs.pdf\" target=\"_blank\" rel=\"noopener\"><i class=\"fa fa-hand-o-right\"> Tabla \u00bfLos personajes se conocen porque\u2026?<\/i><\/a><\/td>\n<td>Extra\u00edda del Blog \u00abNIVEL 36\u00bb de Ricard Ib\u00e1\u00f1ez con esta tabla se crean f\u00e1cilmente los v\u00ednculos de conocimiento entre Pj&#8217;s antes de empezar la partida.<\/td>\n<\/tr>\n<tr>\n<td><a href=\"http:\/\/rolmasters.com\/inventari\/taules\/tabla-de-sucesos-nocturnos-extendida.pdf\" target=\"_blank\" rel=\"noopener\"><i class=\"fa fa-hand-o-right\"> Tabla Sucesos nocturnos extendida<\/i><\/a><\/td>\n<td>Extra\u00edda del Blog \u00abEl rinc\u00f3n del rol\u00bb de Manel G\u00f3mez Estruch, ampliada y enfocada exclusivamente para aquelarre, esta tabla sirve para hacer m\u00e1s amenas las guardias nocturnas de los Pj&#8217;s.<\/td>\n<\/tr>\n<tr>\n<td><a href=\"http:\/\/rolmasters.com\/inventari\/taules\/Generador-de-criaturas-para-Aquelarre.pdf\" target=\"_blank\" rel=\"noopener\"><i class=\"fa fa-hand-o-right\"> Tabla Generador de Criaturas<\/i><\/a><\/td>\n<td>Creada por Orthanc y extra\u00edda de su blog Persorol esta ayuda en forma de tablas nos facilita la creaci\u00f3n de seres fant\u00e1sticos y criaturas irracionales. Mediante el PDF de una p\u00e1gina y 15 tiradas en las tablas correlativas que lo componen.<\/td>\n<\/tr>\n<tr>\n<td><a href=\"http:\/\/rolmasters.com\/inventari\/taules\/Mecanica-de-pesca-aquelarre.pdf\" target=\"_blank\" rel=\"noopener\"><i class=\"fa fa-hand-o-right\"> M\u00e9canica de Pesca<\/i><\/a><\/td>\n<td>M\u00e9canica de pesca para aquelarre es un sistema que facilita al Dj las situaciones en que un Pj intente pescar. Se trata una ayuda creada por Orthanc y extra\u00edda de su blog Persorol.<\/td>\n<\/tr>\n<tr>\n<td><a href=\"http:\/\/rolmasters.com\/inventari\/taules\/NUEVOS-ORGULLOS-Y-VERGUENZAS-MAGOS.pdf\" target=\"_blank\" rel=\"noopener\"><i class=\"fa fa-hand-o-right\"> Nuevos Orgullos y verg\u00fcenzas para magos<\/i><\/a><\/td>\n<td>En este PDF se incluyen 9 Orgullos y 9 Verg\u00fcenzas nuevos para PJs o PNJs de profesi\u00f3n mago. Se trata una ayuda creada por Orthanc y extra\u00edda de su blog Persorol.<\/td>\n<\/tr>\n<tr>\n<td><a href=\"http:\/\/rolmasters.com\/inventari\/taules\/Tabla-de-conversion-aquelarre-nauhi-ollin.pdf\" target=\"_blank\" rel=\"noopener\"><i class=\"fa fa-hand-o-right\"> De Aquelarre a Nahui Ollin<\/i><\/a><\/td>\n<td>Tabla de conversi\u00f3n para adaptar los juegos de rol Aquelarre y Nahui Ollin creada por su autor Ricard Ib\u00e1\u00f1ez y extra\u00edda de su blog Nivel 36. Define la conversi\u00f3n de las habilidades o competencias entre los dos juegos.<\/td>\n<\/tr>\n<tr>\n<td><a href=\"http:\/\/rolmasters.com\/inventari\/taules\/Aquelarre-Tabla-De-Sexo.pdf\" target=\"_blank\" rel=\"noopener\"><i class=\"fa fa-hand-o-right\"> Tabla de circunstancias amatorias y acto amoroso para Aquelarre<\/i><\/a><\/td>\n<td>Tabla de circunstancias amatorias y acto amoroso para Aquelarre ayuda al DJ a determinar diferentes situaciones i finales en las relaciones entre dos personajes durante el juego.<\/td>\n<\/tr>\n<\/tbody>\n<\/table>\n<\/div>","protected":false},"excerpt":{"rendered":"<p>Esta secci\u00f3n encontrar\u00e1s tablas adicionales editadas en m\u00f3dulos antiguos o por aficionados para diversas finalidades del juego. &nbsp;<\/p>\n<div class='heateor_sss_sharing_container heateor_sss_vertical_sharing heateor_sss_bottom_sharing' style='width:44px;right: -10px;top: 250px;-webkit-box-shadow:none;box-shadow:none;' heateor-sss-data-href='https:\/\/rolmasters.com\/es\/wp-json\/wp\/v2\/pages\/1262'><ul  class=\"heateor_sss_sharing_ul\"><li class=\"\"><i style=\"width:40px;height:40px;margin:0;\" alt=\"Facebook\" Title=\"Facebook\" class=\"heateorSssSharing heateorSssFacebookBackground\" onclick='heateorSssPopup(\"https:\/\/www.facebook.com\/sharer\/sharer.php?u=https%3A%2F%2Frolmasters.com%2Fes%2Fwp-json%2Fwp%2Fv2%2Fpages%2F1262\")'><ss style=\"display:block;\" class=\"heateorSssSharingSvg heateorSssFacebookSvg\"><\/ss><\/i><\/li><li class=\"\"><i style=\"width:40px;height:40px;margin:0;\" alt=\"Twitter\" Title=\"Twitter\" class=\"heateorSssSharing heateorSssTwitterBackground\" onclick='heateorSssPopup(\"http:\/\/twitter.com\/intent\/tweet?text=ROLMASTERS%20-%20Tira%201D100&url=https%3A%2F%2Frolmasters.com%2Fes%2Fwp-json%2Fwp%2Fv2%2Fpages%2F1262\")'><ss style=\"display:block;\" class=\"heateorSssSharingSvg heateorSssTwitterSvg\"><\/ss><\/i><\/li><li class=\"\"><i style=\"width:40px;height:40px;margin:0;\" alt=\"Whatsapp\" Title=\"Whatsapp\" class=\"heateorSssSharing heateorSssWhatsappBackground\"><a  href=\"whatsapp:\/\/send?text=ROLMASTERS%20-%20Tira%201D100 https%3A%2F%2Frolmasters.com%2Fes%2Fwp-json%2Fwp%2Fv2%2Fpages%2F1262\" rel=\"nofollow\"><ss style=\"display:block\" class=\"heateorSssSharingSvg heateorSssWhatsappSvg\"><\/ss><\/a><\/i><\/li><\/ul><div class=\"heateorSssClear\"><\/div><\/div>","protected":false},"author":1,"featured_media":277,"parent":29,"menu_order":0,"comment_status":"closed","ping_status":"closed","template":"full-width.php","meta":{"footnotes":""},"_links":{"self":[{"href":"https:\/\/rolmasters.com\/es\/wp-json\/wp\/v2\/pages\/1262"}],"collection":[{"href":"https:\/\/rolmasters.com\/es\/wp-json\/wp\/v2\/pages"}],"about":[{"href":"https:\/\/rolmasters.com\/es\/wp-json\/wp\/v2\/types\/page"}],"author":[{"embeddable":true,"href":"https:\/\/rolmasters.com\/es\/wp-json\/wp\/v2\/users\/1"}],"replies":[{"embeddable":true,"href":"https:\/\/rolmasters.com\/es\/wp-json\/wp\/v2\/comments?post=1262"}],"version-history":[{"count":12,"href":"https:\/\/rolmasters.com\/es\/wp-json\/wp\/v2\/pages\/1262\/revisions"}],"predecessor-version":[{"id":7836,"href":"https:\/\/rolmasters.com\/es\/wp-json\/wp\/v2\/pages\/1262\/revisions\/7836"}],"up":[{"embeddable":true,"href":"https:\/\/rolmasters.com\/es\/wp-json\/wp\/v2\/pages\/29"}],"wp:featuredmedia":[{"embeddable":true,"href":"https:\/\/rolmasters.com\/es\/wp-json\/wp\/v2\/media\/277"}],"wp:attachment":[{"href":"https:\/\/rolmasters.com\/es\/wp-json\/wp\/v2\/media?parent=1262"}],"curies":[{"name":"wp","href":"https:\/\/api.w.org\/{rel}","templated":true}]}}