{"id":71,"date":"2017-09-08T18:26:58","date_gmt":"2017-09-08T18:26:58","guid":{"rendered":"http:\/\/rolmasters.com\/?page_id=71"},"modified":"2017-11-09T21:45:32","modified_gmt":"2017-11-09T21:45:32","slug":"mas-informacion-sobre-las-cookies","status":"publish","type":"page","link":"https:\/\/rolmasters.com\/ca\/mas-informacion-sobre-las-cookies\/","title":{"rendered":"M\u00c9S INFORMACI\u00d3 SOBRE LES COOKIES"},"content":{"rendered":"<\/br><\/p>\n<h2>Que \u00e9s una cookie?<\/h2>\n<p>Una <em>cookie<\/em> es un fitxer de text <b>inofensiu<\/b> que es guarda al seu navegador quan visita una p\u00e0gina web que els faci servir, gaireb\u00e9 totes ho fan. La utilitat de la <em>cookie<\/em> \u00e9s que la web sigui capa\u00e7 de recordar la seva visita quan torni a navegar per l\u2019esmentat espai web. Les <em>cookies<\/em> s\u2019utilitzen des de fa m\u00e9s de 20 anys, quan van apareixer els primers navegadors per la World Wide Web.<br \/>\n<\/br><\/p>\n<h2>Qu\u00e9 NO \u00c9S una cookie?<\/h2>\n<p>No es un virus, ni un troyano, ni un cuc, ni spam, ni spyware, ni obre finestres pop-up.<br \/>\n<\/br><\/p>\n<h2>Quina informaci\u00f3 emmagatzema una <em>cookie<\/em>?<\/h2>\n<p>Les <em>cookies<\/em> no solen enmagatzemar informaci\u00f3 sensible sobre vost\u00e9, com targetes de cr\u00e9dit o dades bancaries, fotografies, el seu DNI o informaci\u00f3 personal, etc. Les dades que es guarden son de car\u00e0cter t\u00e8cnic, preferencies personals, personalitzaci\u00f3 de continguts, etc.<\/p>\n<p>El servidor web no l\u2019associa a vost\u00e8 como a persona sino al seu navegador web. De fet, si vost\u00e8 navega habitualment amb Internet Explorer i prova a navegar per la mateixa web amb Firefox o Chrome veura que la web no es dona compta de que vost\u00e8 \u00e9s la mateixa persona perque en realitat est\u00e0 associant al navegador, no a la persona.<br \/>\n<\/br><\/p>\n<h2>Quin tipus de <em>cookies<\/em> existeixen?<\/h2>\n<ul>\n<li><em>Cookies<\/em> t\u00e8cniques: Son les m\u00e9s elementals i permeten, entre altres coses, saber quan est\u00e0 navegant un hum\u00e0 o una aplicaci\u00f3 automatitzada, quan navega un usuari an\u00f2nim i un registrat, tasques b\u00e0siques pel funcionamient de qualsevol lloc web din\u00e0mic.<\/li>\n<li><em>Cookies<\/em> d\u2019an\u00e0lisi: Recullen informaci\u00f3 sobre el tipus de navegaci\u00f3 que est\u00e0 realizant, les seccions que m\u00e9s fa servir, productes consultats, franja horaria d\u2019us, idioma, etc.<\/li>\n<li><em>Cookies<\/em> publicitaries: Mostren publicitat en funci\u00f3 de la seva navegaci\u00f3, el seu pais de procedencia, idioma, etc.<\/li>\n<\/ul>\n<p><\/br><\/p>\n<h2>Qu\u00e9 son les <em>cookies<\/em> propies i les de tercers?<\/h2>\n<p>Les <em>cookies propies<\/em> son las generades per la p\u00e1gina que est\u00e0 visitant i les <em>de tercers<\/em> son les generadas per serveis o proveedors externs com Facebook, Twitter, Google, etc.<br \/>\n<\/br><\/p>\n<h2>Que passa si desactivo les <em>cookies<\/em>?<\/h2>\n<p>Per que entengui les conseq\u00fcencies que pot tenir desactivar les <em>cookies<\/em> li mostrem alguns exemples:<\/p>\n<ul>\n<li>No podr\u00e0 compartir continguts de aquesta web a Facebook, Twitter o qualsevol altra xarxa social.<\/li>\n<li>El lloc web no podr\u00e0 adaptar els continguts a les seves preferencies personals, com sol passar en les botigues online.<\/li>\n<li>No podr\u00e0 accedir a l\u2019\u00e0rea personal d\u2019aquesta web, com per exemple <em>El meu compte<\/em>, o <em>El meu perfil<\/em> o <em>Les meves comandes<\/em>.<\/li>\n<li>Botigues online: Li ser\u00e0 impossible realitzar compres online, hauran que ser telef\u00f2niques o visitant la botiga f\u00edsica si es que disposen d\u2019ella.<\/li>\n<li>No ser\u00e1 possible personalitzar les seves preferencies geogr\u00e0fiques com franja horaria, divisa o idioma.<\/li>\n<li>El lloc web no podr\u00e0 realitzar anal\u00edtiques web sobre visitants i tr\u00e0nsit a la web, aix\u00f2 dificultar\u00e0 que la web sigui competitiva.<\/li>\n<li>No podr\u00e0 escriure en el blog, no podr\u00e0 pujar imatges, publicar comentaris, valorar o puntuar continguts. La web tampoc podr\u00e0 saber si vost\u00e9 \u00e9s un hum\u00e0 o una aplicaci\u00f3 automatitzada que publica <em>spam<\/em>.<\/li>\n<li>No es podr\u00e0 mostrar publicitat sectorizada, aix\u00f2 reduir\u00e0 els ingresos publicitaris de la web.<\/li>\n<li>Totes les xarxes socials fan \u00fas de <em>cookies<\/em>, si les desactiva no podr\u00e0 fer servir cap xarxa social.<\/li>\n<\/ul>\n<p><\/br><\/p>\n<h2>Es poden eliminar les <em>cookies<\/em>?<\/h2>\n<p>S\u00ed. No nom\u00e9s eliminar, tamb\u00e9 bloquejar, de forma general o particular per un domini espec\u00edfic.<\/p>\n<p>Per eliminar les <em>cookies<\/em> de un lloc web deu anar a la configuraci\u00f3 del seu navegador i alla podr\u00e0 buscar les associades al domini en q\u00fcesti\u00f3 i procedir a la seva eliminaci\u00f3.<br \/>\n<\/br><\/p>\n<h2 id=\"navegadors\">Configuraci\u00f3 de <em>cookies<\/em> per els navegadors m\u00e9s populars<\/h2>\n<p>A continuaci\u00f3 li indiquem com accedir a una <em>cookie<\/em> determinada del navegador <b>Chrome<\/b>. Nota: aquests passos poden variar en funci\u00f3 al navegador i la seva versi\u00f3:<\/p>\n<ol>\n<li>Vagi a Configuraci\u00f3 o Preferencies mitjan\u00e7ant el men\u00fa Arxiu o be punxant la icona de personalitzaci\u00f3 que apareix a dalt a la derecha.<\/li>\n<li>Veur\u00e0 diferents seccions, esculli la opci\u00f3 <em>Mostrar opcions avan\u00e7adas<\/em>.<\/li>\n<li>Vagi a <em>Privacitat<\/em>, <em>Configuraci\u00f3 de contingut<\/em>.<\/li>\n<li>Seleccioni <em>Totes les cookies i les dades de llocs<\/em>.<\/li>\n<li>Apareixer\u00e0 un llistat amb totes les <em>cookies<\/em> ordenades per domini. Per que li sigui m\u00e9s f\u00e0cil trobar les <em>cookies<\/em> de un determinat domini introdueixi parcial o totalment la direcci\u00f3 en el camp <em>Buscar cookies<\/em>.<\/li>\n<li>Un cop realitzat aquest filtre apareixeran en pantalla una o varies l\u00edneas amb les <em>cookies<\/em> de la web solicitada. Ara nom\u00e9s te que seleccionar-la i pulsar la <em>X<\/em> per procedir a la seva eliminaci\u00f3.<\/li>\n<\/ol>\n<p>Per accedir a la configuraci\u00f3 de <em>cookies<\/em> del navegador <b>Internet Explorer<\/b> segueixi aquests passos (Poden variar en funci\u00f3 de la versi\u00f3 del navegador):<\/p>\n<ol>\n<li>Vagi a <em>Eines<\/em>, <em>Opcions d\u2019Internet<\/em><\/li>\n<li>Faci click en <em>Privacitat<\/em>.<\/li>\n<li>Mogui el lliscador fins ajustar el nivell de privacitat que desitgi.<\/li>\n<\/ol>\n<p>Per accedir a la configuraci\u00f3 de <em>cookies<\/em> del navegador <b>Firefox<\/b> segueixi aquests passos (Poden variar en funci\u00f3 de la versi\u00f3 del navegador):<\/p>\n<ol>\n<li>Vagi a <em>Opcions<\/em> o <em>Preferencies<\/em> segons el seu sistema operatiu.<\/li>\n<li>Faci click en <em>Privacitat<\/em>.<\/li>\n<li>A <em>Historial<\/em> trii <em>Usar una configuraci\u00f3 personalitzada per l\u2019historial<\/em>.<\/li>\n<li>Ara veur\u00e0 l\u2019opci\u00f3 <em>Acceptar cookies<\/em>, pot activar-la o desactivar-la segons les seves preferencies.<\/li>\n<\/ol>\n<p>Per accedir a la configuraci\u00f3 de <em>cookies<\/em> del navegador <b>Safari para OSX<\/b> segueixi aquests passos (Poden variar en funci\u00f3 de la versi\u00f3 del navegador):<\/p>\n<ol>\n<li>Vagi a <em>Preferencies<\/em>, despr\u00e9s <em>Privacitat<\/em>.<\/li>\n<li>En aquest lloc veur\u00e0 l\u2019opci\u00f3 <em>Bloquejar cookies<\/em> per que ajusti el tipus de bloqueix que desitgi realitzar.<\/li>\n<\/ol>\n<p>Per accedir a la configuraci\u00f3 de <em>cookies<\/em> del navegador <b>Safari para iOS<\/b> segueixi aquests passos (Poden variar en funci\u00f3 de la versi\u00f3 del navegador):<\/p>\n<ol>\n<li>Vagi a <em>Ajustos<\/em>, despr\u00e9s <em>Safari<\/em>.<\/li>\n<li>Vagi a <em>Privacitat i Seguretat<\/em>, veur\u00e1 l\u2019opci\u00f3 <em>Bloquejar cookies<\/em> per que ajusti el tipus de bloqueix que desitgi realitzar.<\/li>\n<\/ol>\n<p>Per accedir a la configuraci\u00f3 de <em>cookies<\/em> del navegador para dispositivos <b>Android<\/b> segueixi aquests passos (Poden variar en funci\u00f3 de la versi\u00f3 del navegador):<\/p>\n<ol>\n<li>Ejecuti el navegador i premi la tecla <em>Men\u00fa<\/em>, despr\u00e9s <em>Ajustos<\/em>.<\/li>\n<li>Vagi a <em>Seguretat i Privacitat<\/em>, veur\u00e1 l\u2019opci\u00f3 <em>Acceptar cookies<\/em> per que activi o desactivi la casella.<\/li>\n<\/ol>\n<p>Per accedir a la configuraci\u00f3 de <em>cookies<\/em> del navegador para dispositivos <b>Windows Phone<\/b> segueixi aquests passos (Poden variar en funci\u00f3 de la versi\u00f3 del navegador):<\/p>\n<ol>\n<li>Obri <em>Internet Explorer<\/em>, llavors <em>M\u00e9s<\/em>, llavors <em>Configuraci\u00f3<\/em><\/li>\n<li>Ara pot activar o desactivar la casella <em>Permetre cookies<\/em>.<\/li>\n<\/ol>\n<p><\/br><\/br><\/br>","protected":false},"excerpt":{"rendered":"<p>Que \u00e9s una cookie? Una cookie es un fitxer de text inofensiu que es guarda al seu navegador quan visita una p\u00e0gina web que els faci servir, gaireb\u00e9 totes ho fan. La utilitat de la cookie \u00e9s que la web sigui capa\u00e7 de recordar la seva visita quan torni a navegar per l\u2019esmentat espai web&#8230;. <\/p>\n<div class='heateor_sss_sharing_container heateor_sss_vertical_sharing heateor_sss_bottom_sharing' style='width:44px;right: -10px;top: 250px;-webkit-box-shadow:none;box-shadow:none;' heateor-sss-data-href='https:\/\/rolmasters.com\/ca\/wp-json\/wp\/v2\/pages\/71'><ul  class=\"heateor_sss_sharing_ul\"><li class=\"\"><i style=\"width:40px;height:40px;margin:0;\" alt=\"Facebook\" Title=\"Facebook\" class=\"heateorSssSharing heateorSssFacebookBackground\" onclick='heateorSssPopup(\"https:\/\/www.facebook.com\/sharer\/sharer.php?u=https%3A%2F%2Frolmasters.com%2Fca%2Fwp-json%2Fwp%2Fv2%2Fpages%2F71\")'><ss style=\"display:block;\" class=\"heateorSssSharingSvg heateorSssFacebookSvg\"><\/ss><\/i><\/li><li class=\"\"><i style=\"width:40px;height:40px;margin:0;\" alt=\"Twitter\" Title=\"Twitter\" class=\"heateorSssSharing heateorSssTwitterBackground\" onclick='heateorSssPopup(\"http:\/\/twitter.com\/intent\/tweet?text=ROLMASTERS%20-%20Tira%201D100&url=https%3A%2F%2Frolmasters.com%2Fca%2Fwp-json%2Fwp%2Fv2%2Fpages%2F71\")'><ss style=\"display:block;\" class=\"heateorSssSharingSvg heateorSssTwitterSvg\"><\/ss><\/i><\/li><li class=\"\"><i style=\"width:40px;height:40px;margin:0;\" alt=\"Whatsapp\" Title=\"Whatsapp\" class=\"heateorSssSharing heateorSssWhatsappBackground\"><a  href=\"whatsapp:\/\/send?text=ROLMASTERS%20-%20Tira%201D100 https%3A%2F%2Frolmasters.com%2Fca%2Fwp-json%2Fwp%2Fv2%2Fpages%2F71\" rel=\"nofollow\"><ss style=\"display:block\" class=\"heateorSssSharingSvg heateorSssWhatsappSvg\"><\/ss><\/a><\/i><\/li><\/ul><div class=\"heateorSssClear\"><\/div><\/div>","protected":false},"author":1,"featured_media":0,"parent":0,"menu_order":0,"comment_status":"closed","ping_status":"closed","template":"full-width.php","meta":{"footnotes":""},"_links":{"self":[{"href":"https:\/\/rolmasters.com\/ca\/wp-json\/wp\/v2\/pages\/71"}],"collection":[{"href":"https:\/\/rolmasters.com\/ca\/wp-json\/wp\/v2\/pages"}],"about":[{"href":"https:\/\/rolmasters.com\/ca\/wp-json\/wp\/v2\/types\/page"}],"author":[{"embeddable":true,"href":"https:\/\/rolmasters.com\/ca\/wp-json\/wp\/v2\/users\/1"}],"replies":[{"embeddable":true,"href":"https:\/\/rolmasters.com\/ca\/wp-json\/wp\/v2\/comments?post=71"}],"version-history":[{"count":0,"href":"https:\/\/rolmasters.com\/ca\/wp-json\/wp\/v2\/pages\/71\/revisions"}],"wp:attachment":[{"href":"https:\/\/rolmasters.com\/ca\/wp-json\/wp\/v2\/media?parent=71"}],"curies":[{"name":"wp","href":"https:\/\/api.w.org\/{rel}","templated":true}]}}