{"id":6994,"date":"2020-06-16T17:18:09","date_gmt":"2020-06-16T17:18:09","guid":{"rendered":"http:\/\/rolmasters.com\/?page_id=6994"},"modified":"2020-11-05T22:26:12","modified_gmt":"2020-11-05T22:26:12","slug":"iniciarse-en-aquelarre-el-juego-de-rol-demoniaco-medieval","status":"publish","type":"page","link":"https:\/\/rolmasters.com\/ca\/iniciarse-en-aquelarre-el-juego-de-rol-demoniaco-medieval\/","title":{"rendered":"INICIAR-SE A AQUELARRE EL JOC DE ROL DEMON\u00cdAC MEDIEVAL"},"content":{"rendered":"Des de la creaci\u00f3 d&#8217;aquest portal tem\u00e0tic sobre el joc de rol Aquelarre escrit per Ricard Ib\u00e1\u00f1ez, diversos seguidors ens han formulat la mateixa pregunta, en aquesta entrada intentarem aclarir alguns dubtes que poden sorgir en aficionats novells en el m\u00f3n del rol i que desitgen iniciar-se en el deg\u00e0 dels jocs de rol espanyols.<\/p>\n<p>La primera pregunta que sol sorgir \u00e9s: que necessito per jugar a aquelarre?. Potser no sigui el primer, ja que sense un grup d&#8217;amics tampoc podr\u00e0s jugar, per\u00f2 segur que es necessita un dels cinc manuals publicats, per aix\u00f2 anem \u00e9s explicar una mica la hist\u00f2ria i aparici\u00f3 d&#8217;aquests.<\/p>\n<h2>ELS INICIS I UN XIC D&#8217;HIST\u00d2RIA<\/h2>\n<p>Aquelarre \u00e9s un joc que ha complert trenta anys aquest 2020, des que Ricard Ib\u00e1\u00f1ez, el seu autor, i l&#8217;editorial Joc Internacional el publiquessin, per primera vegada, el 1990. Des de llavors s&#8217;ha publicat sota el segell de quatre editorials diferents i fins i tot quan ha quedat orfe , sense editorial, els propis seguidors han continuat ampliant el joc publicant material gratu\u00eft sobre el mateix.<\/p>\n<p>Durant tots aquests anys s&#8217;han publicat cinc manuals de Aquelarre en espanyol sota tres segells editorials diferents. Tamb\u00e9 es van traduir algunes d&#8217;elles al catal\u00e0, al franc\u00e9s y finalment, no fa gaire, al angl\u00e9s.<\/p>\n<p>La primera edici\u00f3 va ser de mans de l&#8217;editorial Joc internacional el 1990 i el joc constava d&#8217;unes 100 p\u00e0gines, posteriorment aquesta editorial va publicar 7 suplements m\u00e9s. Desgraciadament Joc internacional va tancar el 1998 deixant orfe a el joc aix\u00ed com altres l\u00ednies i productes que havien editat.<\/p>\n<p>En la segona edici\u00f3 del Manual, a c\u00e0rrec de l&#8217;editorial Caja de pandora, que en la seva etapa van publicar dos manuals, un en blanc i negre als seus inicis i un altre a color que va suposar el tancament de a mateixa, l&#8217;est\u00e8tica va donar un gir. Si en el seu antecesor (el de Joc internacional) les il\u00b7lustracions recreaven els manuscrits medievals, en aquesta etapa es va apostar per uns dibuixos d&#8217;estil manga. Quant al contingut els dos s\u00f3n molt semblants, en ells s&#8217;uneix totes les regles b\u00e0siques del primer manual i material addicional publicat en els suplements de Joc internacional, en revistes com L\u00edder o altres publicacions. El primer manual publicat per Caja de pandora, el 1999, era en blanc i negre. Constava de 208 p\u00e0gines i tamb\u00e9 inclo\u00efa les regles dels suplements Rinascita i Villa y corte que permeten allargar l&#8217;eix temporal del joc de 1492 d.C. fins a 1750 dC. En el segon, Aquelarre la tentaci\u00f3n, publicat en 2001 poc abans de la clausura de l&#8217;editorial Caja de Pandora en 2002, aquestes regles es van treure per\u00f2 el manual tenia 356 p\u00e0gines a color, convertint-se en el primer joc de rol espanyol publicat a color. Durant el seu periple Caja de pandora va publicar sis suplements m\u00e9s i despr\u00e9s del seu tancament, alguns dels seus membres van reprendre el joc sota un nou segell editorial, Proyectos editoriales Crom, que va publicar uns quinze suplements mentre va romandre en funcionament entre 2002 i el 2004.<\/p>\n<p>Des de la desaparici\u00f3 de Proyectos editoriales Crom el 2004, el joc va tornar a quedar orfe i van ser els propis seguidors els que li van donar vida fins a 2011, moment en qu\u00e8 l&#8217;editorial Nosolorol (NSR) publica la considerada tercera i \u00faltima edici\u00f3 de el joc. Aquesta vegada Ricard Iba\u00f1ez delega gran part de la feina de creaci\u00f3 y recopilaci\u00f3 del manual en Antonio Polo. Considerada l&#8217;edici\u00f3 definitiva reuneix les regles i material publicats en manuals i suplements anteriors, als quals s&#8217;afegeix material nou arribant a confeccionar un manual a color de 534 p\u00e0gines que recuperen l&#8217;estil original de manuscrit antic, tant en la seva edici\u00f3 com en les seves il\u00b7lustracions. S&#8217;aconsegueix un resultat fant\u00e0stic, una aut\u00e8ntica obra d&#8217;art. A causa de la seva mida desmesurada Nosolorol va publicar el 2013 una versi\u00f3 redu\u00efda de el joc anomenada Aquelarre brevarium, ideal per aquells que es vulguin iniciar al joc. Cont\u00e9 tot l&#8217;imprescindible en nom\u00e9s 258 p\u00e0gines fent-lo molt m\u00e9s manejable, i la seva edici\u00f3 en blanc i negre, tamb\u00e9 el fa molt m\u00e9s econ\u00f2mic.<\/p>\n<h2>L&#8217;ELECCI\u00d3 DEL MANUAL<\/h2>\n<p>Com en qualsevol joc de rol es necessiten unes bases, unes regles, per aix\u00f2 \u00e9s necessari un dels cinc manuals b\u00e0sics de el joc, que cont\u00e9 tot l&#8217;imprescindible per desenvolupar les partides. Malgrat que les primeres edicions del llibre estan descatalogades encara poden trobar-se alguns exemplars.<\/p>\n<p>Tant si et decantes per una o per una altra, en realitat, Aquelarre \u00e9s un joc molt vers\u00e0til al qu\u00e8 pots jugar de moltes formes. Per aix\u00f2 amb que llegir unes 130 p\u00e0gines n&#8217;hi haur\u00e0 prou per comen\u00e7ar a jugar les primeres partides.<\/p>\n<p>Despr\u00e9s, a poc a poc, es poden introduir cada vegada m\u00e9s ingredients, com m\u00e9s encanteris m\u00e0gics o els poders de fe, regles de combat m\u00e9s complexes, m\u00e9s bestiari i mesura que jugueu m\u00e9s partides fins i tot alguns dimonis.<\/p>\n<p>Podem apuntar que el b\u00e0sic i imprescindible \u00e9s la creaci\u00f3 del personatge i el funcionament del sistema de joc. Com es fan servir totes les habilitats, com funciona el combat, l&#8217;\u00fas de la m\u00e0gia o l&#8217;efecte que produeix en els Pjs i la seva racionalitat. A partir d&#8217;aqu\u00ed pots ser m\u00e9s o menys fidel en la recreaci\u00f3 hist\u00f2rica, o fer partides totalment inventades o fant\u00e0stiques, simplement amb el rerefons medieval.<\/p>\n<p>Un cop assimilat tot aix\u00f2 nom\u00e9s faltar\u00e0 llegir algun m\u00f2dul, partida preparada per poder jugar, o inventar i escriure&#8217;n un tu mateix a partir del manual. N&#8217;hi ha de totes les mides, estils i colors, per\u00f2 novament, per comen\u00e7ar, hi ha alguns cl\u00e0ssics imprescindibles que, sense comptar amb massa p\u00e0gines, tenen tots els ingredients d&#8217;Aquelarre.<\/p>\n<h2>REALMENT IMPRESCINDIBLE<\/h2>\n<p>Dit tot aix\u00f2, per jugar necessitareu:<br \/>\n&#8211; Un grup d&#8217;amics disposats a jugar i passar-ho b\u00e9.<br \/>\n&#8211; Un dels esmentats manuals b\u00e0sics d&#8217;Aquelarre.<br \/>\n&#8211; Un dels membres del grup far\u00e0 de m\u00e0ster o director de joc (DJ), ha d&#8217;haver llegit el manual o part d&#8217;ell i ser\u00e0 l&#8217;encarregat de conduir la partida, la trama, l&#8217;ambientaci\u00f3 i els personatges no jugadors.<br \/>\n&#8211; Els altres amics seran els jugadors i cadascun interpretar\u00e0 el seu propi personatge dins el context marcat pel m\u00e0ster, prenent les seves pr\u00f2pies iniciatives.<br \/>\n&#8211; Una taula i cadires on seure, si no jugueu a la platja o al camp.<br \/>\n&#8211; Paper, llapis, gomes d&#8217;esborrar i els fulls de personatge. Aquestes \u00faltimes es poden fotocopiar o imprimir, i les trobareu dins del manual o a internet. A rolmasters mateix, a la secci\u00f3 Inventari\/fulles de personatge hi ha diverses versions, totes elles \u00fatils, per\u00f2 seria l\u00f2gic fer servir la mateixa que aparegui al manual que estigueu emprant.<br \/>\n&#8211; DAUS de diverses cares, sense ells no es pot jugar o fer servir alguna aplicaci\u00f3, encara que no sigui el mateix. Els imprescindibles s\u00f3n: 1D4, 1d6, 1D8, 1D10 (quatre, sis, vuit i deu cares respectivament).<br \/>\n&#8211; Finalment el DJ ha d&#8217;haver preparat la partida tot i que sempre es t\u00e9 d&#8217;improvisar una mica.<\/p>\n<h2>TAMB\u00c9 US POT RESULTAR \u00daTIL<\/h2>\n<p>&#8211; Mireu a rolmasters, dins de la secci\u00f3 &#8220;Regne&#8221; les p\u00e0gines QUE \u00c9S EL ROL? i QUE \u00c9S EL JOC DE ROL AQUELARRE?<br \/>\n&#8211; Mireu la secci\u00f3 AVENTURES on trobareu un munt de m\u00f2duls o partides llistes per descarregar i jugar.<br \/>\n&#8211; Per \u00faltim us deixo la p\u00e0gina de Nosolorol l&#8217;editorial del joc: <a href=\"https:\/\/www.nosolorol.com\/es\/3-aquelarre\" rel=\"noopener\" target=\"_blank\">https:\/\/www.nosolorol.com\/es\/3-aquelarre<\/a><\/p>\n<p>Crec que no oblido res, espero que us serveixi d&#8217;ajuda i comenceu a jugar ben aviat!<\/p>\n<p>Si teniu Facebook podeu seguir-nos i donar a m&#8217;agrada: <a href=\"https:\/\/www.facebook.com\/rolmasters\/\" rel=\"noopener\" target=\"_blank\">https:\/\/www.facebook.com\/rolmasters\/<\/a>","protected":false},"excerpt":{"rendered":"<p>Des de la creaci\u00f3 d&#8217;aquest portal tem\u00e0tic sobre el joc de rol Aquelarre escrit per Ricard Ib\u00e1\u00f1ez, diversos seguidors ens han formulat la mateixa pregunta, en aquesta entrada intentarem aclarir alguns dubtes que poden sorgir en aficionats novells en el m\u00f3n del rol i que desitgen iniciar-se en el deg\u00e0 dels jocs de rol espanyols&#8230;. <\/p>\n<div class='heateor_sss_sharing_container heateor_sss_vertical_sharing heateor_sss_bottom_sharing' style='width:44px;right: -10px;top: 250px;-webkit-box-shadow:none;box-shadow:none;' heateor-sss-data-href='https:\/\/rolmasters.com\/ca\/wp-json\/wp\/v2\/pages\/6994'><ul  class=\"heateor_sss_sharing_ul\"><li class=\"\"><i style=\"width:40px;height:40px;margin:0;\" alt=\"Facebook\" Title=\"Facebook\" class=\"heateorSssSharing heateorSssFacebookBackground\" onclick='heateorSssPopup(\"https:\/\/www.facebook.com\/sharer\/sharer.php?u=https%3A%2F%2Frolmasters.com%2Fca%2Fwp-json%2Fwp%2Fv2%2Fpages%2F6994\")'><ss style=\"display:block;\" class=\"heateorSssSharingSvg heateorSssFacebookSvg\"><\/ss><\/i><\/li><li class=\"\"><i style=\"width:40px;height:40px;margin:0;\" alt=\"Twitter\" Title=\"Twitter\" class=\"heateorSssSharing heateorSssTwitterBackground\" onclick='heateorSssPopup(\"http:\/\/twitter.com\/intent\/tweet?text=ROLMASTERS%20-%20Tira%201D100&url=https%3A%2F%2Frolmasters.com%2Fca%2Fwp-json%2Fwp%2Fv2%2Fpages%2F6994\")'><ss style=\"display:block;\" class=\"heateorSssSharingSvg heateorSssTwitterSvg\"><\/ss><\/i><\/li><li class=\"\"><i style=\"width:40px;height:40px;margin:0;\" alt=\"Whatsapp\" Title=\"Whatsapp\" class=\"heateorSssSharing heateorSssWhatsappBackground\"><a  href=\"whatsapp:\/\/send?text=ROLMASTERS%20-%20Tira%201D100 https%3A%2F%2Frolmasters.com%2Fca%2Fwp-json%2Fwp%2Fv2%2Fpages%2F6994\" rel=\"nofollow\"><ss style=\"display:block\" class=\"heateorSssSharingSvg heateorSssWhatsappSvg\"><\/ss><\/a><\/i><\/li><\/ul><div class=\"heateorSssClear\"><\/div><\/div>","protected":false},"author":1,"featured_media":0,"parent":0,"menu_order":0,"comment_status":"closed","ping_status":"closed","template":"full-width-80.php","meta":{"footnotes":""},"_links":{"self":[{"href":"https:\/\/rolmasters.com\/ca\/wp-json\/wp\/v2\/pages\/6994"}],"collection":[{"href":"https:\/\/rolmasters.com\/ca\/wp-json\/wp\/v2\/pages"}],"about":[{"href":"https:\/\/rolmasters.com\/ca\/wp-json\/wp\/v2\/types\/page"}],"author":[{"embeddable":true,"href":"https:\/\/rolmasters.com\/ca\/wp-json\/wp\/v2\/users\/1"}],"replies":[{"embeddable":true,"href":"https:\/\/rolmasters.com\/ca\/wp-json\/wp\/v2\/comments?post=6994"}],"version-history":[{"count":11,"href":"https:\/\/rolmasters.com\/ca\/wp-json\/wp\/v2\/pages\/6994\/revisions"}],"predecessor-version":[{"id":7248,"href":"https:\/\/rolmasters.com\/ca\/wp-json\/wp\/v2\/pages\/6994\/revisions\/7248"}],"wp:attachment":[{"href":"https:\/\/rolmasters.com\/ca\/wp-json\/wp\/v2\/media?parent=6994"}],"curies":[{"name":"wp","href":"https:\/\/api.w.org\/{rel}","templated":true}]}}