{"id":67,"date":"2017-09-08T18:25:21","date_gmt":"2017-09-08T18:25:21","guid":{"rendered":"http:\/\/rolmasters.com\/?page_id=67"},"modified":"2017-09-08T18:29:05","modified_gmt":"2017-09-08T18:29:05","slug":"politica-de-cookies","status":"publish","type":"page","link":"https:\/\/rolmasters.com\/ca\/politica-de-cookies\/","title":{"rendered":"POL\u00cdTICA DE COOKIES"},"content":{"rendered":"<\/br><\/p>\n<h2>Pol\u00edtica de cookies<\/h2>\n<p>\n\tUna <em>cookie<\/em> es un petit fitxer de text que s\u2019emmagatzema en el seu navegador quan visita gairab\u00e9 qualsevol p\u00e0gina web. La seva utilitat \u00e9s que l&#8217;espai web sigui capa\u00e7 de recordar la seva visita quan torni a navegar por dita p\u00e0gina. Les <em>cookies<\/em> solen emmagatzemar informaci\u00f3 de car\u00e0cter t\u00e8cnic, preferencies personals, personalizaci\u00f3 de continguts, estad\u00edstiques d\u2019\u00fas, enlla\u00e7os a xarxes sociales, acc\u00e9s a comptes d\u2019usuari, etc. L\u2019 objectiu de la <em>cookie<\/em> es adaptar el contingut del web al su perfil i necessitats, sense <em>cookies<\/em> els serveis oferts per qualsevol p\u00e0gina es veurien mermats notablement. Si desitja consultar m\u00e9s informaci\u00f3 sobre qu\u00e9 son les <em>cookies<\/em>, que emmagatzemen, com eliminar-les, desactivar-les, etc., <a href=\"http:\/\/rolmasters.com\/mas-informacion-sobre-las-cookies\/\">li demanem que es dirigeixi a aquest enlla\u00e7.<\/a>\n<\/p>\n<p><\/br><\/p>\n<h2>Cookies utilitzades en aquest lloc web<\/h2>\n<p>\n\tSeguint les directrius de l\u2019Agencia Espa\u00f1ola de Protecci\u00f3n de Datos procedim a detallar l\u2019\u00fas de <em>cookies<\/em> que fa aquesta web amb la finalitat d\u2019informar-lo amb la m\u00e0xima exactitut possible.<\/p>\n<p>Aquest lloc web utilitza les seg\u00fcents <strong>cookies propies<\/strong>:<\/p>\n<ul>\n<li>Cookies de sessi\u00f3, per garantitzar que els usuaris que escriuen comentaris en el blog siguin humans i no aplicacions automatitzades. D\u2019aquesta forma es combat el <em>spam<\/em>.<\/li>\n<\/ul>\n<p>Aquest lloc web utilitza les seg\u00fcents <strong>cookies de tercers<\/strong>:<\/p>\n<ul>\n<li>Google Analytics: Emmagatzema <em>cookies<\/em> per poder elaborar estad\u00edstiques sobre el transit i el volum de visites d\u2019aquesta esta web. Al utilitzar aquest lloc web est\u00e0 consentint el tractament d\u2019informaci\u00f3 referent a vost\u00e8 per Google. Per tant, l\u2019exercici de qualsevol dret en aquest sentit deur\u00e0 fer-lo comunicant directamente amb Google.<\/li>\n<li>Xarxes Sociales: Cada xarxa social utilitza les seves propies <em>cookies<\/em> per que vost\u00e8 pugui pressionar en botons del estil <em>M\u2019agrada<\/em> o <em>Compartir<\/em>.<\/li>\n<\/ul>\n<p><\/br><\/p>\n<h2>Desactivaci\u00f3 o eliminaci\u00f3 de cookies<\/h2>\n<p>\n\tEn qualsevol moment podr\u00e0 exercir el seu dret de desactivaci\u00f3 o eliminaci\u00f3 de cookies d\u2019aquest lloc web. Aquestes accions es realitzen de forma diferent en funci\u00f3 al navegador que es faci servir. <a href=\"http:\/\/rolmasters.com\/mas-informacion-sobre-las-cookies\/\">Aqu\u00ed li deixem una gu\u00eda r\u00e0pida per els navegadors m\u00e9s populars<\/a>.\n<\/p>\n<p><\/br><\/p>\n<h2>Notes addicionals<\/h2>\n<ul>\n<li>Ni aquesta web ni els seus representants legals es fan responsables ni del contingut ni de la veracitat de las pol\u00edtiques de privacitat que puguin tindre els tercers mencionats en aquesta pol\u00edtica de <em>cookies<\/em>.<\/li>\n<li>Els navegadors web son les eines encarregades d\u2019emmagatzemar les <em>cookies<\/em> i des d\u2019aquest lloc deu efectuar el seu dret a eliminaci\u00f3 o desactivaci\u00f3 de les mateixes. Ni aquesta web ni els seus representants legales poden garantitzar la correcta o incorrecta manipulaci\u00f3 de les <em>cookies<\/em> per part dels mencionats navegadors.<\/li>\n<li>En alguns casos es necessari instal.lar <em>cookies<\/em> per que el navegador no oblidi la seva desici\u00f3 de no acceptaci\u00f3 de les mateixes.<\/li>\n<li>En el cas de les <em>cookies<\/em> de Google Analytics, aquesta empresa emmagatzema les <em>cookies<\/em> en servidors ubicats a Estats Units i es compromet a no compartir-la amb tercers, excepte en els casos en els que sigui necessari pel funcionamient del sistema o quan la lei obligui a tal efecte. Segons Google no guarda la seva direcci\u00f3n IP. Google Inc. \u00e9s una company\u00eda adherida al Acord de Puerto Seguro que garantitza que totes les dades transferides seran tractades amb un nivell de protecci\u00f3 acorde a la normativa europea. Pot consultar informaci\u00f3n detallada a aquest respecte <a href=\"http:\/\/safeharbor.export.gov\/companyinfo.aspx?id=16626\" target=\"_blank\">en aquest enla\u00e7<\/a>. Si desitja informaci\u00f3 sobre l\u2019\u00fas que Google dona a les cookies <a href=\"https:\/\/developers.google.com\/analytics\/devguides\/collection\/analyticsjs\/cookie-usage?hl=es&amp;csw=1\" target=\"_blank\">li adjuntem aquest altre enlla\u00e7<\/a>.<\/li>\n<li>Per qualsevol dubte o aclariment o consulta referent a aquesta pol\u00edtica de <em>cookies<\/em> no dubti en comunicar-se amb nosaltres a trav\u00e9s de la secci\u00f3n de contactar.<\/li>\n<\/ul>\n<p><\/br><\/p>\n<h2>Actualitzaci\u00f3 de la pol\u00edtica de cookies<\/h2>\n<p>Aquest lloc web pot modificar aquesta Pol\u00edtica sobre Cookies, per aix\u00f2 li recomanem revisar aquesta pol\u00edtica cada vegada que accedeixi al nostre lloc web per tal d&#8217;estar adequadament informat sobre l\u2019\u00fas que fem de les cookies.<br \/>\n<\/br><br \/>\n<\/br><br \/>\n<\/br><\/p>","protected":false},"excerpt":{"rendered":"<p>Pol\u00edtica de cookies Una cookie es un petit fitxer de text que s\u2019emmagatzema en el seu navegador quan visita gairab\u00e9 qualsevol p\u00e0gina web. La seva utilitat \u00e9s que l&#8217;espai web sigui capa\u00e7 de recordar la seva visita quan torni a navegar por dita p\u00e0gina. Les cookies solen emmagatzemar informaci\u00f3 de car\u00e0cter t\u00e8cnic, preferencies personals, personalizaci\u00f3&#8230; <\/p>\n<div class='heateor_sss_sharing_container heateor_sss_vertical_sharing heateor_sss_bottom_sharing' style='width:44px;right: -10px;top: 250px;-webkit-box-shadow:none;box-shadow:none;' heateor-sss-data-href='https:\/\/rolmasters.com\/ca\/wp-json\/wp\/v2\/pages\/67'><ul  class=\"heateor_sss_sharing_ul\"><li class=\"\"><i style=\"width:40px;height:40px;margin:0;\" alt=\"Facebook\" Title=\"Facebook\" class=\"heateorSssSharing heateorSssFacebookBackground\" onclick='heateorSssPopup(\"https:\/\/www.facebook.com\/sharer\/sharer.php?u=https%3A%2F%2Frolmasters.com%2Fca%2Fwp-json%2Fwp%2Fv2%2Fpages%2F67\")'><ss style=\"display:block;\" class=\"heateorSssSharingSvg heateorSssFacebookSvg\"><\/ss><\/i><\/li><li class=\"\"><i style=\"width:40px;height:40px;margin:0;\" alt=\"Twitter\" Title=\"Twitter\" class=\"heateorSssSharing heateorSssTwitterBackground\" onclick='heateorSssPopup(\"http:\/\/twitter.com\/intent\/tweet?text=ROLMASTERS%20-%20Tira%201D100&url=https%3A%2F%2Frolmasters.com%2Fca%2Fwp-json%2Fwp%2Fv2%2Fpages%2F67\")'><ss style=\"display:block;\" class=\"heateorSssSharingSvg heateorSssTwitterSvg\"><\/ss><\/i><\/li><li class=\"\"><i style=\"width:40px;height:40px;margin:0;\" alt=\"Whatsapp\" Title=\"Whatsapp\" class=\"heateorSssSharing heateorSssWhatsappBackground\"><a  href=\"whatsapp:\/\/send?text=ROLMASTERS%20-%20Tira%201D100 https%3A%2F%2Frolmasters.com%2Fca%2Fwp-json%2Fwp%2Fv2%2Fpages%2F67\" rel=\"nofollow\"><ss style=\"display:block\" class=\"heateorSssSharingSvg heateorSssWhatsappSvg\"><\/ss><\/a><\/i><\/li><\/ul><div class=\"heateorSssClear\"><\/div><\/div>","protected":false},"author":1,"featured_media":0,"parent":0,"menu_order":0,"comment_status":"closed","ping_status":"closed","template":"full-width.php","meta":{"footnotes":""},"_links":{"self":[{"href":"https:\/\/rolmasters.com\/ca\/wp-json\/wp\/v2\/pages\/67"}],"collection":[{"href":"https:\/\/rolmasters.com\/ca\/wp-json\/wp\/v2\/pages"}],"about":[{"href":"https:\/\/rolmasters.com\/ca\/wp-json\/wp\/v2\/types\/page"}],"author":[{"embeddable":true,"href":"https:\/\/rolmasters.com\/ca\/wp-json\/wp\/v2\/users\/1"}],"replies":[{"embeddable":true,"href":"https:\/\/rolmasters.com\/ca\/wp-json\/wp\/v2\/comments?post=67"}],"version-history":[{"count":0,"href":"https:\/\/rolmasters.com\/ca\/wp-json\/wp\/v2\/pages\/67\/revisions"}],"wp:attachment":[{"href":"https:\/\/rolmasters.com\/ca\/wp-json\/wp\/v2\/media?parent=67"}],"curies":[{"name":"wp","href":"https:\/\/api.w.org\/{rel}","templated":true}]}}