{"id":6261,"date":"2019-06-06T12:10:08","date_gmt":"2019-06-06T12:10:08","guid":{"rendered":"http:\/\/rolmasters.com\/?page_id=6261"},"modified":"2019-06-06T13:22:07","modified_gmt":"2019-06-06T13:22:07","slug":"entrevistas","status":"publish","type":"page","link":"https:\/\/rolmasters.com\/ca\/entrevistas\/","title":{"rendered":"ENTREVISTES"},"content":{"rendered":"<section class=\"kc-elm kc-css-575886 kc_row\"><div class=\"kc-row-container  kc-container\"><div class=\"kc-wrap-columns\"><div class=\"kc-elm kc-css-867778 kc_col-sm-12 kc_column kc_col-sm-12\"><div class=\"kc-col-container\"><div class=\"kc-elm kc-css-120557 kc_row kc_row_inner\"><div class=\"kc-elm kc-css-453962 kc_col-sm-12 kc_column_inner kc_col-sm-12\"><div class=\"kc_wrapper kc-col-inner-container\"><div class=\"kc-elm kc-css-499571 kc_text_block\"><p>En aquesta secci\u00f3 anirem publicant, de mica en mica, entrevistes als autors, il\u00b7lustradors i col\u00b7laboradors del joc de Rol <em>Aquelarre<\/em>. Des dels seus inicis, de la m\u00e0 de Ricard Ib\u00e1\u00f1ez i l&#8217;editorial <em>Joc Internacional<\/em>, fins avui dia publicat sota el segell de qualitat de <em>Nosolorol<\/em>.<\/p>\n<p>En aquestes entrevistes intentarem descobrir els secrets, les opinions i les an\u00e8cdotes al voltant dels manuals i els suplements alhora que coneixerem aquells que han impulsat i participat en la creaci\u00f3 d&#8217;aquesta obra mestra del rol estatal.<\/p>\n<\/div><\/div><\/div><\/div><\/div><\/div><\/div><\/div><\/section><section class=\"kc-elm kc-css-437887 kc_row\"><div class=\"kc-row-container  kc-container\"><div class=\"kc-wrap-columns\"><div class=\"kc-elm kc-css-954105 kc_col-sm-12 kc_column kc_col-sm-12\"><div class=\"kc-col-container\"><div class=\"kc-elm kc-css-355553 kc-raw-code\">    <div class=\"image-ultimate-container\"> \n        <div class=\"image-ultimate-row\">\n            <style>\n                .image-ultimate-map-absulate{\n                    position: absolute;\n                    width: 100%;\n                    height: 100%;\n                    top: 0;\n                }\n                .image-ultimate-map-absulate img{\n                    width: 100%;\n                    height: 100%;\n                }\n\n                .image-ultimate-map-absulate a{\n                    text-decoration: none !important;\n                }\n                .image-ultimate-hover-8{\n                    position: relative;\n                    width: 100%;\n                    height: 100%;\n                    -webkit-transition: all 0.35s ease-in-out;\n                    -moz-transition: all 0.35s ease-in-out;\n                    transition: all 0.35s ease-in-out;\n                    -webkit-perspective: 900px;\n                    -moz-perspective: 900px;\n                    perspective: 900px;\n                }\n                .image-ultimate-hover-8 .iheu-img {\n                    position: absolute;\n                    top: 0;\n                    bottom: 0;\n                    left: 0;\n                    right: 0;\n                    width: 100%;\n                    height: 100%;\n                }\n\n                .image-ultimate-hover-8 .iheu-info {\n                    position: absolute;\n                    top: 0;\n                    bottom: 0;\n                    left: 0;\n                    right: 0;\n                    width: 100%;\n                    height: 100%;\n                    text-align: center;\n                    -webkit-backface-visibility: hidden;\n                    backface-visibility: hidden;\n                    display: table;\n                }\n\n                .image-ultimate-hover-animation-8 {\n                    animation-duration: 1s;\n                }\n                .image-ultimate-hover-8, \n                .image-ultimate-hover-8 .iheu-img, .image-ultimate-hover-8 a .iheu-img,\n                .image-ultimate-hover-8 .iheu-img:before, .image-ultimate-hover-8 a .iheu-img:before,\n                .image-ultimate-hover-8 .iheu-img img, .image-ultimate-hover-8 a .iheu-img img,\n                .image-ultimate-hover-8 .iheu-info, .image-ultimate-hover-8 a .iheu-info{\n                    border-radius: 5%;\n                    -moz-border-radius:  5%;\n                    -webkit-border-radius:  5%;\n                    transition: 0.5s;\n                }\n                .image-ultimate-hover-padding-8{\n                    padding: 15px;\n                }\n                .image-ultimate-map-8 {\n                    max-width: 300px;\n                    width: 100%;\n                    margin: 0 auto;\n                    position: relative;\n                }\n                .image-ultimate-map-8:after {\n                    padding-bottom: 100%;\n                    content: \"\";\n                    display: block;\n                }\n\n                .image-ultimate-hover-8 .iheu-img:before {\n                    position: absolute;\n                    display: block;\n                    content: '';\n                    width: 100%;\n                    height: 100%;\n                    box-shadow: inset 0 0 0 0px rgba(221, 51, 51, 0.3);\n\n                }\n                .image-ultimate-hover-8 .iheu-img {\n                    width: 100%;\n                    float: left;\n                }\n                .image-ultimate-hover-8 .iheu-info-2{\n                    -webkit-transition: all 0.35s ease-in-out;\n                    -moz-transition: all 0.35s ease-in-out;\n                    transition: all 0.35s ease-in-out;\n                    -webkit-transform-style: preserve-3d;\n                    -moz-transform-style: preserve-3d;\n                    -ms-transform-style: preserve-3d;\n                    -o-transform-style: preserve-3d;\n                    transform-style: preserve-3d;\n                    position: absolute;\n                    width:100%;\n                    height:100%;\n                    top: 0;\n                    left: 0;                    \n                    z-index:1;\n                }\n                .image-ultimate-hover-8.right_to_left .iheu-info {\n                    background: rgba(222, 49, 49, 0.8);\n                    visibility: hidden;\n                    -webkit-transform: rotate3d(0, 1, 0, 180deg);\n                    -moz-transform: rotate3d(0, 1, 0, 180deg);\n                    -ms-transform: rotate3d(0, 1, 0, 180deg);\n                    -o-transform: rotate3d(0, 1, 0, 180deg);\n                    transform: rotate3d(0, 1, 0, 180deg);\n                    -webkit-backface-visibility: hidden;\n                    backface-visibility: hidden;\n                }\n                .image-ultimate-hover-8.left_to_right .iheu-info {\n                    background: rgba(222, 49, 49, 0.8);\n                    visibility: hidden;\n                    -webkit-transform: rotate3d(0, 1, 0, -180deg);\n                    -moz-transform: rotate3d(0, 1, 0, -180deg);\n                    -ms-transform: rotate3d(0, 1, 0, -180deg);\n                    -o-transform: rotate3d(0, 1, 0, -180deg);\n                    transform: rotate3d(0, 1, 0, -180deg);\n                    -webkit-backface-visibility: hidden;\n                    backface-visibility: hidden;\n                }\n                .image-ultimate-hover-8.top_to_bottom .iheu-info {\n                    background: rgba(222, 49, 49, 0.8);\n                    visibility: hidden;\n                    -webkit-transform: rotateX(-180deg);\n                    -moz-transform: rotateX(-180deg);\n                    -ms-transform:  rotateX(-180deg);\n                    -o-transform:  rotateX(-180deg);\n                    transform:  rotateX(-180deg);\n                    -webkit-backface-visibility: hidden;\n                    backface-visibility: hidden;\n                }\n                .image-ultimate-hover-8.bottom_to_top .iheu-info {\n                    background: rgba(222, 49, 49, 0.8);\n                    visibility: hidden;\n                    -webkit-transform: rotateX(180deg);\n                    -moz-transform: rotateX(180deg);\n                    -ms-transform:  rotateX(180deg);\n                    -o-transform:  rotateX(180deg);\n                    transform:  rotateX(180deg);\n                    -webkit-backface-visibility: hidden;\n                    backface-visibility: hidden;\n                }\n                .image-ultimate-hover-8 .iheu-info .iheu-data{\n                    display: table-cell;\n                    vertical-align: middle;text-align: center;                    padding: 15px; \n                }\n                .image-ultimate-hover-8 .iheu-info h3 {\n                    font-size: 20px;\n                    font-weight: 600;\n                    padding-bottom: 0px;\n                    margin-bottom: 10px;\n                    margin-top: 0;\n                    line-height: 120%;\n                    font-family: \"Open Sans\";\n                    display: inline-block;\n                    color: #ffffff;\n                                    }\n                .image-ultimate-hover-8 .iheu-info p {\n                    font-size: 16px;\n                    font-weight: 300;\n                    margin-bottom: 20px;\n                    margin-top: 0;\n                    line-height: 120%;\n                    float:left;\n                    width:100%;\n                    font-family: \"Open Sans\";\n                    color: #ffffff;\n                }\n                .image-ultimate-hover-8 a.iheu-button{\n                    padding: 10px 10px;\n                    -webkit-border-radius: 5px;\n                    -moz-border-radius: 5px;\n                    border-radius: 5px;\n                    font-weight: 300;\n                    font-size: 14px;\n                    font-family: \"Open Sans\";\n                    background: rgba(0, 0, 0, 1);\n                    color: #ffffff;\n                    text-decoration: none;\n                    display:table;\n                    margin: 0 auto;                                    }\n                .image-ultimate-hover-8 a.iheu-button:hover{\n                    background: rgba(255, 255, 255, 1);\n                    color: #000000;\n                }\n                \n                .image-ultimate-hover-8.left_to_right:hover .iheu-info-2,\n                .image-ultimate-hover-8.left_to_right.iheu-touch .iheu-info-2{\n                    -webkit-transform: rotate3d(0, 1, 0, 180deg);\n                    -moz-transform: rotate3d(0, 1, 0, 180deg);\n                    -ms-transform: rotate3d(0, 1, 0, 180deg);\n                    -o-transform: rotate3d(0, 1, 0, 180deg);\n                    transform: rotate3d(0, 1, 0, 180deg);\n                }\n                .image-ultimate-hover-8.right_to_left:hover .iheu-info-2,\n                .image-ultimate-hover-8.right_to_left.iheu-touch .iheu-info-2{\n                    -webkit-transform: rotate3d(0, 1, 0, -180deg);\n                    -moz-transform: rotate3d(0, 1, 0, -180deg);\n                    -ms-transform: rotate3d(0, 1, 0, -180deg);\n                    -o-transform: rotate3d(0, 1, 0, -180deg);\n                    transform: rotate3d(0, 1, 0, -180deg);\n                }\n                .image-ultimate-hover-8.top_to_bottom:hover .iheu-info,\n                .image-ultimate-hover-8.top_to_bottom.iheu-touch .iheu-info{\n                    -webkit-transform: rotateX(0deg);\n                    -moz-transform: rotateX(0deg);\n                    -ms-transform: rotateX(0deg);\n                    -o-transform: rotateX(0deg);\n                    transform: rotateX(0deg);\n                }\n                .image-ultimate-hover-8.bottom_to_top:hover .iheu-info,\n                .image-ultimate-hover-8.bottom_to_top.iheu-touch .iheu-info{\n                    -webkit-transform: rotateX(0deg);\n                    -moz-transform: rotateX(0deg);\n                    -ms-transform: rotateX(0deg);\n                    -o-transform: rotateX(0deg);\n                    transform: rotateX(0deg);\n                }\n                .image-ultimate-hover-8:hover .iheu-info,\n                .image-ultimate-hover-8.iheu-touch .iheu-info {\n                    visibility: visible;\n                }\n            <\/style>\n\n            <div class=\"image-ultimate-responsive-3 orphita-animation image-ultimate-hover-animation-8 image-ultimate-hover-padding-8 \" orphita-animation=\"zoomIn\">\n                                            <div class=\"image-ultimate-map-8\">\n                                                <div class=\"image-ultimate-map-absulate\">\n                                                    <div class=\"image-ultimate-hover image-ultimate-hover-8 left_to_right\">\n                                                            <a   href=\"http:\/\/rolmasters.com\/entrevista-a-francesc-matas-salla\/\" class=\"iheutabhover\"> \n                                                        <div class=\"iheu-img\">\n                                                             <img decoding=\"async\" src=\"http:\/\/rolmasters.com\/wp-content\/uploads\/2018\/07\/FMS-Rolmasters-D-2018.jpg\">\n                                                        <\/div>\n                                                        <div class=\"iheu-info-2\">\n                                                                 <div class=\"iheu-info\"  style=\"background: linear-gradient( rgba(222, 49, 49, 0.8), rgba(222, 49, 49, 0.8)), url(http:\/\/rolmasters.com\/wp-content\/uploads\/2018\/07\/FMS-Rolmasters-D-2018.jpg);-moz-background-size: 100% 100%;-o-background-size: 100% 100%; background-size: 100% 100%;\">\n                                                                    <div class=\"iheu-data\">\n                                                                        <h3 class=\"iheu-fade-up\"> FRANCESC MATAS SALLA <\/h3>\n                                                                        <p class=\"iheu-fade-up\"> Gerente de Joc Internacional <\/p>\n                                                                    <\/div>\n                                                                <\/div>\n                                                        <\/div>     \n                                                     <\/a>\n                                                    <\/div>\n                                                <\/div>\n                                            <\/div>\n                                            \n                                        \n                                         <\/div><div class=\"image-ultimate-responsive-3 orphita-animation image-ultimate-hover-animation-8 image-ultimate-hover-padding-8 \" orphita-animation=\"zoomIn\">\n                                            <div class=\"image-ultimate-map-8\">\n                                                <div class=\"image-ultimate-map-absulate\">\n                                                    <div class=\"image-ultimate-hover image-ultimate-hover-8 left_to_right\">\n                                                            <a   href=\"http:\/\/rolmasters.com\/entrevista-a-ricard-ibanez-orti\/\" class=\"iheutabhover\"> \n                                                        <div class=\"iheu-img\">\n                                                             <img decoding=\"async\" src=\"http:\/\/rolmasters.com\/wp-content\/uploads\/2019\/05\/RIO-Rolmasters-D-2019.jpg\">\n                                                        <\/div>\n                                                        <div class=\"iheu-info-2\">\n                                                                 <div class=\"iheu-info\"  style=\"background: linear-gradient( rgba(222, 49, 49, 0.8), rgba(222, 49, 49, 0.8)), url(http:\/\/rolmasters.com\/wp-content\/uploads\/2019\/05\/RIO-Rolmasters-D-2019.jpg);-moz-background-size: 100% 100%;-o-background-size: 100% 100%; background-size: 100% 100%;\">\n                                                                    <div class=\"iheu-data\">\n                                                                        <h3 class=\"iheu-fade-up\"> RICARD IB\u00c1\u00d1EZ ORT\u00cd <\/h3>\n                                                                        <p class=\"iheu-fade-up\"> Autor de Aquelarre <\/p>\n                                                                    <\/div>\n                                                                <\/div>\n                                                        <\/div>     \n                                                     <\/a>\n                                                    <\/div>\n                                                <\/div>\n                                            <\/div>\n                                            \n                                        \n                                         <\/div><div class=\"image-ultimate-responsive-3 orphita-animation image-ultimate-hover-animation-8 image-ultimate-hover-padding-8 \" orphita-animation=\"zoomIn\">\n                                            <div class=\"image-ultimate-map-8\">\n                                                <div class=\"image-ultimate-map-absulate\">\n                                                    <div class=\"image-ultimate-hover image-ultimate-hover-8 left_to_right\">\n                                                            <a   href=\"http:\/\/rolmasters.com\/entrevista-a-monse-fransoy\/\" class=\"iheutabhover\"> \n                                                        <div class=\"iheu-img\">\n                                                             <img decoding=\"async\" src=\"http:\/\/rolmasters.com\/wp-content\/uploads\/2020\/09\/Montse-Fransoy-Rolmasters-D-2020.jpg\">\n                                                        <\/div>\n                                                        <div class=\"iheu-info-2\">\n                                                                 <div class=\"iheu-info\"  style=\"background: linear-gradient( rgba(222, 49, 49, 0.8), rgba(222, 49, 49, 0.8)), url(http:\/\/rolmasters.com\/wp-content\/uploads\/2020\/09\/Montse-Fransoy-Rolmasters-D-2020.jpg);-moz-background-size: 100% 100%;-o-background-size: 100% 100%; background-size: 100% 100%;\">\n                                                                    <div class=\"iheu-data\">\n                                                                        <h3 class=\"iheu-fade-up\"> MONTSE FRANSOY <\/h3>\n                                                                        <p class=\"iheu-fade-up\"> Ilustradora de Joc Internacional <\/p>\n                                                                    <\/div>\n                                                                <\/div>\n                                                        <\/div>     \n                                                     <\/a>\n                                                    <\/div>\n                                                <\/div>\n                                            <\/div>\n                                            \n                                        \n                                         <\/div>        <\/div>\n    <\/div>\n    <\/div><\/div><\/div><\/div><\/div><\/section><section class=\"kc-elm kc-css-608863 kc_row\"><div class=\"kc-row-container  kc-container\"><div class=\"kc-wrap-columns\"><div class=\"kc-elm kc-css-691373 kc_col-sm-12 kc_column kc_col-sm-12\"><div class=\"kc-col-container\"><div class=\"kc-elm kc-css-310596 kc_row kc_row_inner\"><div class=\"kc-elm kc-css-305131 kc_col-sm-6 kc_column_inner kc_col-sm-6\"><div class=\"kc_wrapper kc-col-inner-container\"><div class=\"kc-elm kc-css-188244 kc_shortcode kc_single_image\">\n\n        <a  href=\"http:\/\/rolmasters.com\/entrevista-a-francesc-matas-salla\/\" title=\"\" target=\"_self\">\n        <img decoding=\"async\" src=\"https:\/\/rolmasters.com\/wp-content\/uploads\/2018\/07\/FMS-Rolmasters-D-2018.jpg\" class=\"\" alt=\"\" \/><div class=\"kc-image-overlay\"><i class=\"sl-eye\"><\/i><\/div>    <\/a>\n    <\/div>\n<\/div><\/div><div class=\"kc-elm kc-css-396500 kc_col-sm-6 kc_column_inner kc_col-sm-6\"><div class=\"kc_wrapper kc-col-inner-container\"><div class=\"kc-elm kc-css-989 kc_shortcode kc_single_image\">\n\n        <a  href=\"http:\/\/rolmasters.com\/entrevista-a-ricard-ibanez-orti\/\" title=\"\" target=\"_self\">\n        <img decoding=\"async\" src=\"https:\/\/rolmasters.com\/wp-content\/uploads\/2019\/05\/RIO-Rolmasters-D-2019.jpg\" class=\"\" alt=\"\" \/><div class=\"kc-image-overlay\"><i class=\"sl-eye\"><\/i><\/div>    <\/a>\n    <\/div>\n<\/div><\/div><\/div><\/div><\/div><\/div><\/div><\/section>","protected":false},"excerpt":{"rendered":"<div class='heateor_sss_sharing_container heateor_sss_vertical_sharing heateor_sss_bottom_sharing' style='width:44px;right: -10px;top: 250px;-webkit-box-shadow:none;box-shadow:none;' heateor-sss-data-href='https:\/\/rolmasters.com\/ca\/wp-json\/wp\/v2\/pages\/6261'><ul  class=\"heateor_sss_sharing_ul\"><li class=\"\"><i style=\"width:40px;height:40px;margin:0;\" alt=\"Facebook\" Title=\"Facebook\" class=\"heateorSssSharing heateorSssFacebookBackground\" onclick='heateorSssPopup(\"https:\/\/www.facebook.com\/sharer\/sharer.php?u=https%3A%2F%2Frolmasters.com%2Fca%2Fwp-json%2Fwp%2Fv2%2Fpages%2F6261\")'><ss style=\"display:block;\" class=\"heateorSssSharingSvg heateorSssFacebookSvg\"><\/ss><\/i><\/li><li class=\"\"><i style=\"width:40px;height:40px;margin:0;\" alt=\"Twitter\" Title=\"Twitter\" class=\"heateorSssSharing heateorSssTwitterBackground\" onclick='heateorSssPopup(\"http:\/\/twitter.com\/intent\/tweet?text=ROLMASTERS%20-%20Tira%201D100&url=https%3A%2F%2Frolmasters.com%2Fca%2Fwp-json%2Fwp%2Fv2%2Fpages%2F6261\")'><ss style=\"display:block;\" class=\"heateorSssSharingSvg heateorSssTwitterSvg\"><\/ss><\/i><\/li><li class=\"\"><i style=\"width:40px;height:40px;margin:0;\" alt=\"Whatsapp\" Title=\"Whatsapp\" class=\"heateorSssSharing heateorSssWhatsappBackground\"><a  href=\"whatsapp:\/\/send?text=ROLMASTERS%20-%20Tira%201D100 https%3A%2F%2Frolmasters.com%2Fca%2Fwp-json%2Fwp%2Fv2%2Fpages%2F6261\" rel=\"nofollow\"><ss style=\"display:block\" class=\"heateorSssSharingSvg heateorSssWhatsappSvg\"><\/ss><\/a><\/i><\/li><\/ul><div class=\"heateorSssClear\"><\/div><\/div>","protected":false},"author":1,"featured_media":0,"parent":0,"menu_order":0,"comment_status":"closed","ping_status":"closed","template":"full-width.php","meta":{"footnotes":""},"_links":{"self":[{"href":"https:\/\/rolmasters.com\/ca\/wp-json\/wp\/v2\/pages\/6261"}],"collection":[{"href":"https:\/\/rolmasters.com\/ca\/wp-json\/wp\/v2\/pages"}],"about":[{"href":"https:\/\/rolmasters.com\/ca\/wp-json\/wp\/v2\/types\/page"}],"author":[{"embeddable":true,"href":"https:\/\/rolmasters.com\/ca\/wp-json\/wp\/v2\/users\/1"}],"replies":[{"embeddable":true,"href":"https:\/\/rolmasters.com\/ca\/wp-json\/wp\/v2\/comments?post=6261"}],"version-history":[{"count":17,"href":"https:\/\/rolmasters.com\/ca\/wp-json\/wp\/v2\/pages\/6261\/revisions"}],"predecessor-version":[{"id":6282,"href":"https:\/\/rolmasters.com\/ca\/wp-json\/wp\/v2\/pages\/6261\/revisions\/6282"}],"wp:attachment":[{"href":"https:\/\/rolmasters.com\/ca\/wp-json\/wp\/v2\/media?parent=6261"}],"curies":[{"name":"wp","href":"https:\/\/api.w.org\/{rel}","templated":true}]}}