{"id":5768,"date":"2019-03-26T00:23:20","date_gmt":"2019-03-26T00:23:20","guid":{"rendered":"http:\/\/rolmasters.com\/?page_id=5768"},"modified":"2020-01-20T17:02:33","modified_gmt":"2020-01-20T17:02:33","slug":"crossovers","status":"publish","type":"page","link":"https:\/\/rolmasters.com\/ca\/aventuras\/crossovers\/","title":{"rendered":"CROSSOVERS D&#8217;AQUELARRE"},"content":{"rendered":"<section class=\"kc-elm kc-css-325420 kc_row\"><div class=\"kc-row-container  kc-container\"><div class=\"kc-wrap-columns\"><div class=\"kc-elm kc-css-805982 kc_col-sm-6 kc_column kc_col-sm-6\"><div class=\"kc-col-container\"><div class=\"kc-elm kc-css-292708 kc_text_block\"><p>Secci\u00f3 on es trobareu els enlla\u00e7os dels crossovers entre Aquelarre i altres jocs de rol. Tot tipus de creus, a nivell d&#039;ambientaci\u00f3 de regles i sistema de joc, partides o campanyes, material i ajudes, ja es desenvolupin en els dos jocs, s&#039;entrecreuin o b\u00e9 que estiguin pensades per a ser jugades amb tan sol un d&#039;ells.<\/p>\n<p><span style=\"font-style: inherit;\">Algunes de les partides i campanyes tamb\u00e9 les podreu trobar en les seves respectives seccions per\u00f2 la intenci\u00f3 \u00e9s ubicar a partir d&#039;ara tots els crossovers en aquesta secci\u00f3.<\/span><\/p>\n<\/div><\/div><\/div><div class=\"kc-elm kc-css-830085 kc_col-sm-6 kc_column kc_col-sm-6\"><div class=\"kc-col-container\"><div class=\"kc-elm kc-css-67985 kc_text_block\"><p><img decoding=\"async\" class=\"aligncenter size-full\" src=\"http:\/\/rolmasters.com\/wp-content\/uploads\/2017\/09\/Aquelarre-3-edicion-56.png\" alt=\"crossovers de juegos de rol con Aquelarre\" \/><\/p>\n<\/div><\/div><\/div><\/div><\/div><\/section><section class=\"kc-elm kc-css-450081 kc_row\"><div class=\"kc-row-container  kc-container\"><div class=\"kc-wrap-columns\"><div class=\"kc-elm kc-css-935199 kc_col-sm-12 kc_column kc_col-sm-12\"><div class=\"kc-col-container\">\n<div class=\"kc-elm kc-css-757190 divider_line\">\n\t<div class=\"divider_inner divider_line2\">\n\t\t<i class=\"et-ribbon\"><\/i>\t<\/div>\n<\/div>\n<div class=\"kc-elm kc-css-269677 kc_row kc_row_inner\"><div class=\"kc-elm kc-css-833895 kc_col-sm-8 kc_column_inner kc_col-sm-8\"><div class=\"kc_wrapper kc-col-inner-container\"><div class=\"kc-elm kc-css-641138 kc_text_block\"><p>Tu tamb\u00e9 pots enviar-nos les teves crossovers i si ens agraden els publicarem amb el teu nom, nom\u00e9s has de seguir els passos que t&#039;indiquem a continuaci\u00f3.<\/p>\n<\/div><\/div><\/div><div class=\"kc-elm kc-css-765168 kc_col-sm-4 kc_column_inner kc_col-sm-4\"><div class=\"kc_wrapper kc-col-inner-container\"><div class=\"kc-elm kc-css-56885 kc_text_block\"><div class=\"su-button-center\"><a href=\"http:\/\/rolmasters.com\/aventuras\/publica-tu-aventura\/\" class=\"su-button su-button-style-default\" style=\"color:#FFFFFF;background-color:#fb5250;border-color:#c94240;border-radius:8px;-moz-border-radius:8px;-webkit-border-radius:8px\" target=\"_self\"><span style=\"color:#FFFFFF;padding:0px 22px;font-size:17px;line-height:34px;border-color:#fc8685;border-radius:8px;-moz-border-radius:8px;-webkit-border-radius:8px;text-shadow:none;-moz-text-shadow:none;-webkit-text-shadow:none\"> Publica tu aventura<\/span><\/a><\/div>\n<\/div><\/div><\/div><\/div>\n<div class=\"kc-elm kc-css-296687 divider_line\">\n\t<div class=\"divider_inner divider_line1\">\n\t\t\t<\/div>\n<\/div>\n<\/div><\/div><\/div><\/div><\/section><section class=\"kc-elm kc-css-396089 kc_row\"><div class=\"kc-row-container  kc-container\"><div class=\"kc-wrap-columns\"><div class=\"kc-elm kc-css-537243 kc_col-sm-12 kc_column kc_col-sm-12\"><div class=\"kc-col-container\">\n<div class=\"kc-elm kc-css-433010 kc-title-wrap \">\n\n\t<h1 class=\"kc_title\">CROSSOVERS PER DESCARREGAR EN PDF SEGONS EL JOC<\/h1>\n<\/div>\n<\/div><\/div><\/div><\/div><\/section><section class=\"kc-elm kc-css-273910 kc_row\"><div class=\"kc-row-container  kc-container\"><div class=\"kc-wrap-columns\"><div class=\"kc-elm kc-css-357806 kc_col-sm-12 kc_column kc_col-sm-12\"><div class=\"kc-col-container\"><div data-allowopenall=\"true\" data-closeall=\"true\" class=\"kc-elm kc-css-180932 kc_accordion_wrapper\">\n<div class=\"kc-elm kc-css-328370 kc_accordion_section group \"><h3 class=\"kc_accordion_header ui-accordion-header\"><span class=\"ui-accordion-header-icon ui-icon\"><\/span><a href=\"#haquelarre-hitos-vs-aquelarre\" data-prevent=\"scroll\"><i class=\"\"><\/i> HAQUELARRE: Hitos vs Aquelarre<\/a><\/h3><div class=\"kc_accordion_content ui-accordion-content kc_clearfix\"><div class=\"kc-panel-body\">\n<div class=\"kc-elm kc-css-100149 kc-call-to-action kc-cta-2 kc-is-button\">\n\n\t<div class=\"kc-cta-desc\"><h2>HAQUELARRE REGLAMENT - by Hardeck<\/h2><div class=\"kc-cta-text\">Reglament per adaptar Hitos i Aquelarre 24 P\u00e0gines\r\n<\/br>\r\nVersi\u00f3n 1.1 \r\n<\/br>\r\nPublicat a Rerum demoni per Hardeck i como ell mateix defineix... \"en la entrada HAquelarre es simplemente un intento\/aproximaci\u00f3n\/versi\u00f3n alfa de llevarse Aquelarre a las tierras de los Hitos.\"<\/div><\/div><div class=\"kc-cta-button\"><a href=\"http:\/\/rolmasters.com\/aventures\/crossovers\/Haquelarre1.1.pdf\" target=\"_blank\">DESCARREGAR <span class=\"kc-cta-icon\"><i class=\"fa-hand-o-right\"><\/i><\/span><\/a><\/div>\n<\/div>\n<div class=\"kc-elm kc-css-173300\" style=\"height: 20px; clear: both; width:100%;\"><\/div>\n<div class=\"kc-elm kc-css-268169 kc-call-to-action kc-cta-2 kc-is-button\">\n\n\t<div class=\"kc-cta-desc\"><h2>NOCHE DE FUTBOL - by Hardeck<\/h2><div class=\"kc-cta-text\">Aventura de 9 P\u00e0gines. Publicada al blog Rerum demoni. \r\n<\/br>\r\nAventura per un grup variable de Pjs. Pensada per jugar amb el reglament de HAquelarre!, crossover entre Hitos i Aquelarre creat pel mateix autor.<\/div><\/div><div class=\"kc-cta-button\"><a href=\"http:\/\/rolmasters.com\/aventures\/crossovers\/Noche-De-Futbol-Hardeck.pdf\" target=\"_blank\">DESCARREGAR <span class=\"kc-cta-icon\"><i class=\"fa-hand-o-right\"><\/i><\/span><\/a><\/div>\n<\/div>\n<div class=\"kc-elm kc-css-607311\" style=\"height: 20px; clear: both; width:100%;\"><\/div><\/div><\/div><\/div><div class=\"kc-elm kc-css-513823 kc_accordion_section group \"><h3 class=\"kc_accordion_header ui-accordion-header\"><span class=\"ui-accordion-header-icon ui-icon\"><\/span><a href=\"#almogavers-aquelarre\" data-prevent=\"scroll\"><i class=\"\"><\/i> ALMOGAVERS + AQUELARRE<\/a><\/h3><div class=\"kc_accordion_content ui-accordion-content kc_clearfix\"><div class=\"kc-panel-body\"><div class=\"kc-elm kc-css-599017 kc_row kc_row_inner\"><div class=\"kc-elm kc-css-729780 kc_col-sm-12 kc_column_inner kc_col-sm-12\"><div class=\"kc_wrapper kc-col-inner-container\"><div class=\"kc-elm kc-css-528531\" style=\"height: 20px; clear: both; width:100%;\"><\/div><div class=\"kc-elm kc-css-22675 kc_text_block\"><h2 style=\"text-align: center;\">CAMPANYA ALMOG\u00c0VERS AQUELARRE<\/h2>\n<h3 style=\"text-align: center;\">Autor: Enric Grau y Ricard Ib\u00e1\u00f1ez<\/h3>\n<\/div><div class=\"kc-elm kc-css-953270\" style=\"height: 20px; clear: both; width:100%;\"><\/div><div class=\"kc-elm kc-css-22491 kc_row kc_row_inner\"><div class=\"kc-elm kc-css-726910 kc_col-sm-12 kc_column_inner kc_col-sm-12\"><div class=\"kc_wrapper kc-col-inner-container\"><div class=\"kc-elm kc-css-481021\" style=\"height: 20px; clear: both; width:100%;\"><\/div><div class=\"kc-elm kc-css-54961 kc_text_block\"><h2 style=\"text-align: center;\">LA SECTA DEL DRAGON<\/h2>\n<h3 style=\"text-align: center;\">Autor: Enric Grau y Ricard Ib\u00e1\u00f1ez<\/h3>\n<\/div>\n<div class=\"kc-elm kc-css-719931 divider_line\">\n\t<div class=\"divider_inner divider_line1\">\n\t\t\t<\/div>\n<\/div>\n<div class=\"kc-elm kc-css-630258 kc_row kc_row_inner\"><div class=\"kc-elm kc-css-511240 kc_col-sm-4 kc_column_inner kc_col-sm-4\"><div class=\"kc_wrapper kc-col-inner-container\"><div class=\"kc-elm kc-css-126971 kc_text_block\"><p style=\"text-align: center;\">PARTE I &#8211; 6 P\u00e0gines<\/p>\n<p style=\"text-align: center;\">UN CABALLERO COMO DIOS MANDA<\/p>\n<\/div>\n<div class=\"kc-elm kc-css-739230\">\n\t<a class=\"kc_button\" href=\"http:\/\/rolmasters.com\/aventures\/campanyes\/La-Secta-del-Dragon-1.pdf\" target=\"_blank\" title=\"\" onclick=\"\">\n\t\tDESCARREGAR <i class=\"fa-hand-o-right\"><\/i>\t<\/a>\n<\/div>\n<\/div><\/div><div class=\"kc-elm kc-css-205264 kc_col-sm-4 kc_column_inner kc_col-sm-4\"><div class=\"kc_wrapper kc-col-inner-container\"><div class=\"kc-elm kc-css-858797 kc_text_block\"><p style=\"text-align: center;\">PARTE II &#8211; 8\u00a0<span style=\"font-style: inherit;\">P\u00e0gines<\/span><\/p>\n<p style=\"text-align: center;\">EL RETORNO DEL MUERTO<\/p>\n<\/div>\n<div class=\"kc-elm kc-css-78828\">\n\t<a class=\"kc_button\" href=\"http:\/\/rolmasters.com\/aventures\/campanyes\/La-Secta-del-Dragon-2.pdf\" target=\"_blank\" title=\"\" onclick=\"\">\n\t\tDESCARREGAR <i class=\"fa-hand-o-right\"><\/i>\t<\/a>\n<\/div>\n<\/div><\/div><div class=\"kc-elm kc-css-646713 kc_col-sm-4 kc_column_inner kc_col-sm-4\"><div class=\"kc_wrapper kc-col-inner-container\"><div class=\"kc-elm kc-css-252125 kc_text_block\"><p style=\"text-align: center;\">PARTE III &#8211; 5\u00a0<span style=\"font-style: inherit;\">P\u00e0gines<\/span><\/p>\n<p style=\"text-align: center;\">LA SENDA DEL LADO OSCURO<\/p>\n<\/div>\n<div class=\"kc-elm kc-css-422882\">\n\t<a class=\"kc_button\" href=\"http:\/\/rolmasters.com\/aventures\/campanyes\/La-Secta-del-Dragon-3.pdf\" target=\"_blank\" title=\"\" onclick=\"\">\n\t\tDESCARREGAR <i class=\"fa-hand-o-right\"><\/i>\t<\/a>\n<\/div>\n<\/div><\/div><\/div><div class=\"kc-elm kc-css-212016\" style=\"height: 20px; clear: both; width:100%;\"><\/div><\/div><\/div><\/div><div class=\"kc-elm kc-css-35834 kc_row kc_row_inner\"><div class=\"kc-elm kc-css-296965 kc_col-sm-12 kc_column_inner kc_col-sm-12\"><div class=\"kc_wrapper kc-col-inner-container\"><div class=\"kc-elm kc-css-459812\" style=\"height: 20px; clear: both; width:100%;\"><\/div><div class=\"kc-elm kc-css-109500 kc_text_block\"><h2 style=\"text-align: center;\">EL TESORO PERDIDO<\/h2>\n<h3 style=\"text-align: center;\">Autor: Enric Grau y Ricard Ib\u00e1\u00f1ez<\/h3>\n<\/div>\n<div class=\"kc-elm kc-css-255486 divider_line\">\n\t<div class=\"divider_inner divider_line1\">\n\t\t\t<\/div>\n<\/div>\n<div class=\"kc-elm kc-css-711256 kc_row kc_row_inner\"><div class=\"kc-elm kc-css-954326 kc_col-sm-4 kc_column_inner kc_col-sm-4\"><div class=\"kc_wrapper kc-col-inner-container\"><div class=\"kc-elm kc-css-775474 kc_text_block\"><p style=\"text-align: center;\">PARTE I &#8211; 4\u00a0<span style=\"font-style: inherit;\">P\u00e0gines<\/span><\/p>\n<p style=\"text-align: center;\">DE CONSTANTINOPLA HASTA TIRO<\/p>\n<\/div>\n<div class=\"kc-elm kc-css-17220\">\n\t<a class=\"kc_button\" href=\"http:\/\/rolmasters.com\/aventures\/campanyes\/El-Tesoro-Perdido-I.pdf\" target=\"_blank\" title=\"\" onclick=\"\">\n\t\tDESCARREGAR <i class=\"fa-hand-o-right\"><\/i>\t<\/a>\n<\/div>\n<\/div><\/div><div class=\"kc-elm kc-css-657424 kc_col-sm-4 kc_column_inner kc_col-sm-4\"><div class=\"kc_wrapper kc-col-inner-container\"><div class=\"kc-elm kc-css-93113 kc_text_block\"><p style=\"text-align: center;\">PARTE II &#8211; 4\u00a0<span style=\"font-style: inherit;\">P\u00e0gines<\/span><\/p>\n<p style=\"text-align: center;\">JERUSALEN Y M\u00c1S ALL\u00c1<\/p>\n<\/div>\n<div class=\"kc-elm kc-css-492117\">\n\t<a class=\"kc_button\" href=\"http:\/\/rolmasters.com\/aventures\/campanyes\/El-Tesoro-Perdido-II.pdf\" target=\"_blank\" title=\"\" onclick=\"\">\n\t\tDESCARREGAR <i class=\"fa-hand-o-right\"><\/i>\t<\/a>\n<\/div>\n<\/div><\/div><div class=\"kc-elm kc-css-907563 kc_col-sm-4 kc_column_inner kc_col-sm-4\"><div class=\"kc_wrapper kc-col-inner-container\"><div class=\"kc-elm kc-css-414139 kc_text_block\"><p style=\"text-align: center;\">PARTE III &#8211; 5\u00a0<span style=\"font-style: inherit;\">P\u00e0gines<\/span><\/p>\n<p style=\"text-align: center;\">EL TEMPLO DEL MAR MUERTO<\/p>\n<\/div>\n<div class=\"kc-elm kc-css-375823\">\n\t<a class=\"kc_button\" href=\"http:\/\/rolmasters.com\/aventures\/campanyes\/El-Tesoro-Perdido-III.pdf\" target=\"_blank\" title=\"\" onclick=\"\">\n\t\tDESCARREGAR <i class=\"fa-hand-o-right\"><\/i>\t<\/a>\n<\/div>\n<\/div><\/div><\/div><div class=\"kc-elm kc-css-357221\" style=\"height: 20px; clear: both; width:100%;\"><\/div><\/div><\/div><\/div><div class=\"kc-elm kc-css-785896 kc_row kc_row_inner\"><div class=\"kc-elm kc-css-539803 kc_col-sm-12 kc_column_inner kc_col-sm-12\"><div class=\"kc_wrapper kc-col-inner-container\"><div class=\"kc-elm kc-css-495074\" style=\"height: 20px; clear: both; width:100%;\"><\/div><div class=\"kc-elm kc-css-733965 kc_text_block\"><h2 style=\"text-align: center;\">LA TORRE DE LA SABIDURIA<\/h2>\n<h3 style=\"text-align: center;\">Autor: Enric Grau<\/h3>\n<\/div>\n<div class=\"kc-elm kc-css-282127 divider_line\">\n\t<div class=\"divider_inner divider_line1\">\n\t\t\t<\/div>\n<\/div>\n<div class=\"kc-elm kc-css-270168 kc_row kc_row_inner\"><div class=\"kc-elm kc-css-920462 kc_col-sm-12 kc_column_inner kc_col-sm-12\"><div class=\"kc_wrapper kc-col-inner-container\"><div class=\"kc-elm kc-css-617580 kc_text_block\"><p style=\"text-align: center;\">27\u00a0<span style=\"font-style: inherit;\">P\u00e0gines<\/span><\/p>\n<\/div>\n<div class=\"kc-elm kc-css-349248\">\n\t<a class=\"kc_button\" href=\"http:\/\/rolmasters.com\/aventures\/campanyes\/03-La-torre-de-la-sabiduria.pdf\" target=\"_blank\" title=\"\" onclick=\"\">\n\t\tDESCARREGAR <i class=\"fa-hand-o-right\"><\/i>\t<\/a>\n<\/div>\n<\/div><\/div><\/div><div class=\"kc-elm kc-css-971599\" style=\"height: 20px; clear: both; width:100%;\"><\/div><\/div><\/div><\/div><div class=\"kc-elm kc-css-986220\" style=\"height: 20px; clear: both; width:100%;\"><\/div><\/div><\/div><\/div><\/div><\/div><\/div><div class=\"kc-elm kc-css-342062 kc_accordion_section group \"><h3 class=\"kc_accordion_header ui-accordion-header\"><span class=\"ui-accordion-header-icon ui-icon\"><\/span><a href=\"#nahui-ollin-aquelarre\" data-prevent=\"scroll\"><i class=\"\"><\/i> NAHUI OLLIN + AQUELARRE<\/a><\/h3><div class=\"kc_accordion_content ui-accordion-content kc_clearfix\"><div class=\"kc-panel-body\">\n<div class=\"kc-elm kc-css-357219 kc-call-to-action kc-cta-2 kc-is-button\">\n\n\t<div class=\"kc-cta-desc\"><h2>DE AQUELARRE A NAHUI OLLIN - by Ricard Ib\u00e1\u00f1ez<\/h2><div class=\"kc-cta-text\">Taula de conversi\u00f3 entre les compet\u00e8ncies i habilitats dels dos jocs de rol Aquelarre i Nahui Ollin, per poder adaptar aventures i \/ o fer crossovers entre ells. \r\n<\/br>\r\nLa taula original va ser Publicada el 10 de desembre de 2019 en el blog NIVEL 36 por Ricar Ib\u00e1\u00f1ez.<\/div><\/div><div class=\"kc-cta-button\"><a href=\"http:\/\/rolmasters.com\/inventari\/taules\/Tabla-de-conversion-aquelarre-nauhi-ollin.pdf\" target=\"_blank\">DESCARGAR <span class=\"kc-cta-icon\"><i class=\"fa-hand-o-right\"><\/i><\/span><\/a><\/div>\n<\/div>\n<div class=\"kc-elm kc-css-248207\" style=\"height: 20px; clear: both; width:100%;\"><\/div>\n<div class=\"kc-elm kc-css-146234 kc-call-to-action kc-cta-2 kc-is-button\">\n\n\t<div class=\"kc-cta-desc\"><h2>CAXTILTLACAH, LOS HOMBRES DE CASTILLA - by Orthanc<\/h2><div class=\"kc-cta-text\">Aventura de 13 P\u00e0gines. Publicada al blog Perso-Rol\r\n<\/br>\r\nAventura per Nahui Ollin pensada per a un grup d'entre 3 i 6 jugadors de nivell 1. Inclou un apartat de conversions per poder adaptar-la i jugar amb Aquelarre.\r\n<\/br>\r\n<\/div><\/div><div class=\"kc-cta-button\"><a href=\"http:\/\/rolmasters.com\/aventures\/crossovers\/Modulo-ORTHANC-CAXTILTLACAH-NAHUI-OLLIN.pdf\" target=\"_blank\">DESCARREGAR <span class=\"kc-cta-icon\"><i class=\"fa-hand-o-right\"><\/i><\/span><\/a><\/div>\n<\/div>\n<div class=\"kc-elm kc-css-470002\" style=\"height: 20px; clear: both; width:100%;\"><\/div><\/div><\/div><\/div><\/div>\n<div class=\"kc-elm kc-css-172758\" style=\"height: 20px; clear: both; width:100%;\"><\/div>\n<div class=\"kc-elm kc-css-514393 divider_line\">\n\t<div class=\"divider_inner divider_line1\">\n\t\t\t<\/div>\n<\/div>\n<\/div><\/div><\/div><\/div><\/section><section id=\"BUSCAPARTIDAS\" data-kc-fullwidth=\"row\" class=\"kc-elm kc-css-360444 kc_row\"><div class=\"kc-row-container  kc-container\"><div class=\"kc-wrap-columns\"><div class=\"kc-elm kc-css-257696 kc_col-sm-12 kc_column kc_col-sm-12\"><div class=\"kc-col-container\"><div class=\"kc-elm kc-css-96032 kc_text_block\"><div id=\"footable_parent_3740\"\n         class=\" footable_parent ninja_table_wrapper loading_ninja_table wp_table_data_press_parent bootstrap3 \"><\/p>\n<h3 class=\"table_title footable_title\">AVENTURAS CHECK LIST by Alfredo Chom\u00f3n y V\u00edctor Jan\u00e9<\/h3>\n<div\n                class=\"table_description footable_description\"><\/p>\n<p>Esta p\u00e1gina es un simple buscador donde encontrar partidas seg\u00fan los campos preestablecidos para descargarlas u obtener informaci\u00f3n de las mismas. Permite filtrar todas las partidas existentes\u00a0pulsando sobre sus\u00a0 campos o usando el buscador. Este \u00faltimo permite filtrar en que campos se quiere realizar la busqueda pulsando sobre el recuadro con la flecha que encontrar\u00e9is al lado de la lupa.\u00a0<\/p>\n<\/div>\n<table data-ninja_table_instance=\"ninja_table_instance_0\" data-footable_id=\"3740\" data-filter-delay=\"1000\" aria-label=\"AVENTURAS CHECK LIST by Alfredo Chom\u00f3n y V\u00edctor Jan\u00e9\"            id=\"footable_3740\"\n           data-unique_identifier=\"ninja_table_unique_id_1712979858_3740\"\n           class=\" foo-table ninja_footable foo_table_3740 ninja_table_unique_id_1712979858_3740 table  nt_type_ajax_table table-striped table-bordered table-hover table-condensed  footable-paging-right\"><\/p>\n<colgroup>\n<col class=\"ninja_column_0 \">\n<col class=\"ninja_column_1 \">\n<col class=\"ninja_column_2 \">\n<col class=\"ninja_column_3 \">\n<col class=\"ninja_column_4 \">\n<col class=\"ninja_column_5 \">\n<col class=\"ninja_column_6 \">\n<col class=\"ninja_column_7 \">\n<col class=\"ninja_column_8 \">\n                    <\/colgroup>\n<\/table>\n<\/div>\n<\/div><\/div><\/div><\/div><\/div><\/section>","protected":false},"excerpt":{"rendered":"<div class='heateor_sss_sharing_container heateor_sss_vertical_sharing heateor_sss_bottom_sharing' style='width:44px;right: -10px;top: 250px;-webkit-box-shadow:none;box-shadow:none;' heateor-sss-data-href='https:\/\/rolmasters.com\/ca\/wp-json\/wp\/v2\/pages\/5768'><ul  class=\"heateor_sss_sharing_ul\"><li class=\"\"><i style=\"width:40px;height:40px;margin:0;\" alt=\"Facebook\" Title=\"Facebook\" class=\"heateorSssSharing heateorSssFacebookBackground\" onclick='heateorSssPopup(\"https:\/\/www.facebook.com\/sharer\/sharer.php?u=https%3A%2F%2Frolmasters.com%2Fca%2Fwp-json%2Fwp%2Fv2%2Fpages%2F5768\")'><ss style=\"display:block;\" class=\"heateorSssSharingSvg heateorSssFacebookSvg\"><\/ss><\/i><\/li><li class=\"\"><i style=\"width:40px;height:40px;margin:0;\" alt=\"Twitter\" Title=\"Twitter\" class=\"heateorSssSharing heateorSssTwitterBackground\" onclick='heateorSssPopup(\"http:\/\/twitter.com\/intent\/tweet?text=ROLMASTERS%20-%20Tira%201D100&url=https%3A%2F%2Frolmasters.com%2Fca%2Fwp-json%2Fwp%2Fv2%2Fpages%2F5768\")'><ss style=\"display:block;\" class=\"heateorSssSharingSvg heateorSssTwitterSvg\"><\/ss><\/i><\/li><li class=\"\"><i style=\"width:40px;height:40px;margin:0;\" alt=\"Whatsapp\" Title=\"Whatsapp\" class=\"heateorSssSharing heateorSssWhatsappBackground\"><a  href=\"whatsapp:\/\/send?text=ROLMASTERS%20-%20Tira%201D100 https%3A%2F%2Frolmasters.com%2Fca%2Fwp-json%2Fwp%2Fv2%2Fpages%2F5768\" rel=\"nofollow\"><ss style=\"display:block\" class=\"heateorSssSharingSvg heateorSssWhatsappSvg\"><\/ss><\/a><\/i><\/li><\/ul><div class=\"heateorSssClear\"><\/div><\/div>","protected":false},"author":1,"featured_media":276,"parent":378,"menu_order":0,"comment_status":"closed","ping_status":"closed","template":"full-width.php","meta":{"footnotes":""},"_links":{"self":[{"href":"https:\/\/rolmasters.com\/ca\/wp-json\/wp\/v2\/pages\/5768"}],"collection":[{"href":"https:\/\/rolmasters.com\/ca\/wp-json\/wp\/v2\/pages"}],"about":[{"href":"https:\/\/rolmasters.com\/ca\/wp-json\/wp\/v2\/types\/page"}],"author":[{"embeddable":true,"href":"https:\/\/rolmasters.com\/ca\/wp-json\/wp\/v2\/users\/1"}],"replies":[{"embeddable":true,"href":"https:\/\/rolmasters.com\/ca\/wp-json\/wp\/v2\/comments?post=5768"}],"version-history":[{"count":45,"href":"https:\/\/rolmasters.com\/ca\/wp-json\/wp\/v2\/pages\/5768\/revisions"}],"predecessor-version":[{"id":6783,"href":"https:\/\/rolmasters.com\/ca\/wp-json\/wp\/v2\/pages\/5768\/revisions\/6783"}],"up":[{"embeddable":true,"href":"https:\/\/rolmasters.com\/ca\/wp-json\/wp\/v2\/pages\/378"}],"wp:featuredmedia":[{"embeddable":true,"href":"https:\/\/rolmasters.com\/ca\/wp-json\/wp\/v2\/media\/276"}],"wp:attachment":[{"href":"https:\/\/rolmasters.com\/ca\/wp-json\/wp\/v2\/media?parent=5768"}],"curies":[{"name":"wp","href":"https:\/\/api.w.org\/{rel}","templated":true}]}}