{"id":4997,"date":"2018-08-31T20:28:12","date_gmt":"2018-08-31T20:28:12","guid":{"rendered":"http:\/\/rolmasters.com\/?page_id=4997"},"modified":"2019-04-25T15:36:46","modified_gmt":"2019-04-25T15:36:46","slug":"naturaleza-y-origen-de-la-magia-en-aquelarre-el-juego-de-rol","status":"publish","type":"page","link":"https:\/\/rolmasters.com\/ca\/magia\/naturaleza-y-origen-de-la-magia-en-aquelarre-el-juego-de-rol\/","title":{"rendered":"NATURALESA I ORIGEN DE LA MAGIA A AQUELARRE"},"content":{"rendered":"<section class=\"kc-elm kc-css-675125 kc_row\"><div class=\"kc-row-container  kc-container\"><div class=\"kc-wrap-columns\"><div class=\"kc-elm kc-css-378140 kc_col-sm-12 kc_column kc_col-sm-12\"><div class=\"kc-col-container\"><div class=\"kc-elm kc-css-655183\" style=\"height: 20px; clear: both; width:100%;\"><\/div>\n<div class=\"kc-elm kc-css-84414 kc-title-wrap \">\n\n\t<h1 class=\"kc_title\">Naturalesa de la m\u00e0gia<\/h1>\n<\/div>\n<div class=\"kc-elm kc-css-740306\" style=\"height: 20px; clear: both; width:100%;\"><\/div><div class=\"kc-elm kc-css-366698 kc_row kc_row_inner\"><div class=\"kc-elm kc-css-354781 kc_col-sm-3 kc_column_inner kc_col-sm-3\"><div class=\"kc_wrapper kc-col-inner-container\">\n<div class=\"kc-elm kc-css-333971 kc-title-wrap \">\n\n\t<h1 class=\"kc_title\">M\u00e0gia Blanca<\/h1>\n<\/div>\n<div class=\"kc-elm kc-css-526530 kc_text_block justextblanc\"><p style=\"text-align: center;\">Es tracta d&#8217;encanteris ben\u00e8fics o, com a molt, no perjudicials -almenys en ess\u00e8ncia, que una altra cosa \u00e9s el que faci el mag amb un encanteri en concret-. Encara que l&#8217;\u00fas d&#8217;aquests encanteris est\u00e0, com tota la m\u00e0gia, prohibit per les tres religions monoteistes de l&#8217;\u00e8poca, la veritat \u00e9s que el seu estudi i pr\u00e0ctica no m\u00e0cula cap manera l&#8217;\u00e0nima espiritual del mag.<\/p>\n<\/div><\/div><\/div><div class=\"kc-elm kc-css-23877 kc_col-sm-6 kc_column_inner kc_col-sm-6\"><div class=\"kc_wrapper kc-col-inner-container\"><div class=\"kc-elm kc-css-244429 kc_text_block\"><h2 style=\"text-align: center;\"><img decoding=\"async\" class=\"aligncenter size-full\" src=\"http:\/\/rolmasters.com\/wp-content\/uploads\/2017\/09\/Aquelarre-3-edicion-48.png\" alt=\"magia y hechizos en juegos de rol Aquelarre\" width=\"\" height=\"\" \/><\/h2>\n<\/div><\/div><\/div><div class=\"kc-elm kc-css-327728 kc_col-sm-3 kc_column_inner kc_col-sm-3\"><div class=\"kc_wrapper kc-col-inner-container\">\n<div class=\"kc-elm kc-css-162780 kc-title-wrap \">\n\n\t<h1 class=\"kc_title\">M\u00e0gia Negra<\/h1>\n<\/div>\n<div class=\"kc-elm kc-css-198821 kc_text_block\"><p style=\"text-align: center;\">Denominada tamb\u00e9 &#8220;goecia\", es tracta d&#8217;un tipus de m\u00e0gia particularment fosca i perjudicial, ja sigui pels seus efectes o per la proced\u00e8ncia dels seus components. Encara que qualsevol mag pot aprendre aquests encanteris, la seva simple utilitzaci\u00f3 condemna l&#8217;\u00e0nima del que els fa servir, quedant male\u00eft als ulls de la divinitat (parlarem sobre els efectes de la fe en aquells &#8220;male\u00efts per D\u00e9u\" en el seg\u00fcent cap\u00edtol, MB 240 ).<\/p>\n<div><\/div>\n<\/div><\/div><\/div><\/div>\n<div class=\"kc-elm kc-css-602559 divider_line\">\n\t<div class=\"divider_inner divider_line2\">\n\t\t<i class=\"sl-star\"><\/i>\t<\/div>\n<\/div>\n<\/div><\/div><\/div><\/div><\/section><section class=\"kc-elm kc-css-747015 kc_row\"><div class=\"kc-row-container  kc-container\"><div class=\"kc-wrap-columns\"><div class=\"kc-elm kc-css-789614 kc_col-sm-12 kc_column kc_col-sm-12\"><div class=\"kc-col-container\">\n<div class=\"kc-elm kc-css-149290 kc-title-wrap \">\n\n\t<h1 class=\"kc_title\">Origen de la m\u00e0gia<\/h1>\n<\/div>\n<div class=\"kc-elm kc-css-46244\" style=\"height: 34px; clear: both; width:100%;\"><\/div><div class=\"kc-elm kc-css-861759 kc_row kc_row_inner\"><div class=\"kc-elm kc-css-126014 kc_col-sm-4 kc_column_inner kc_col-sm-4\"><div class=\"kc_wrapper kc-col-inner-container\"><div class=\"kc-elm kc-css-361977 kc-animated kc-animate-eff-fadeInUp kc-animate-speed-.5s kc_text_block\"><h2 style=\"text-align: center;\">POPULAR<\/h2>\n<p style=\"text-align: center;\">S\u00f3n tot tipus d&#8217;encanteris d&#8217;origen tradicional basats en supersticions d&#8217;\u00e8poques passades i que s\u00f3n transmesos de generaci\u00f3 en generaci\u00f3 de forma oral de mestre a deixeble. S\u00f3n els encanteris m\u00e9s habituals i solen ser escollits per les professions del tipus bruixot o curandero. Inclou encanteris de naturalesa blanca i negra.<\/p>\n<\/div><\/div><\/div><div class=\"kc-elm kc-css-687433 kc_col-sm-4 kc_column_inner kc_col-sm-4\"><div class=\"kc_wrapper kc-col-inner-container\"><div class=\"kc-elm kc-css-900134 kc-animated kc-animate-eff-fadeInUp kc_text_block\"><h2 style=\"text-align: center;\">ALQU\u00cdMICA<\/h2>\n<p style=\"text-align: center;\">Anomenada tamb\u00e9 &#8220;m\u00e0gia vermella\", es tracta de f\u00f3rmules m\u00e0giques de marcat car\u00e0cter alqu\u00edmic, aquestes requereixen molts m\u00e9s coneixements te\u00f2rics i abstractes que la m\u00e0gia popular. Aquests encanteris se solen trobar en grimoris i llibres, i s\u00f3n particularment apropiats per a les professions d&#8217;alquimista o mag. Inclou encanteris de naturalesa blanca i negra.<\/p>\n<\/div><\/div><\/div><div class=\"kc-elm kc-css-828225 kc_col-sm-4 kc_column_inner kc_col-sm-4\"><div class=\"kc_wrapper kc-col-inner-container\"><div class=\"kc-elm kc-css-266359 kc-animated kc-animate-eff-fadeInUp kc-animate-delay-1 kc-animate-speed-3s kc_text_block\"><h2 style=\"text-align: center;\">INFERNAL<\/h2>\n<p style=\"text-align: center;\">Tots els encanteris de m\u00e0gia d&#8217;origen infernal s\u00f3n de naturalesa negra, goecia. S\u00f3n encanteris creats per dimonis per a ser utilitzats per ells mateixos o pels seus seguidors, que els aprenen directament dels seus llavis o a trav\u00e9s d&#8217;algun grimori male\u00eft. Tamb\u00e9 s\u00f3n d&#8217;origen infernal tots els encanteris del suplement Deamonolatreia.<\/p>\n<\/div><\/div><\/div><\/div><div class=\"kc-elm kc-css-450534 kc_row kc_row_inner\"><div class=\"kc-elm kc-css-305818 kc_col-sm-4 kc_column_inner kc_col-sm-4\"><div class=\"kc_wrapper kc-col-inner-container\"><div class=\"kc-elm kc-css-769090 kc_text_block\"><h2 style=\"text-align: center;\">PROHIBIDA<\/h2>\n<p>Els encanteris de m\u00e0gia prohibida estan vedats a la humanitat, per la seva immens poder. Ni els dimonis els ensenyen i eviten de totes totes que es propagui el seu coneixement. Per aix\u00f2 resulta tan dif\u00edcil con\u00e8ixer-los com tan sols saber que existeixen.<\/p>\n<p>S\u00f3n encanteris de VIS molt elevada que estan subjectes a una s\u00e8rie de condicions molt espec\u00edfiques tant per aprendre&#8217;ls com per llan\u00e7ar-los.<\/p>\n<p>Per tot aix\u00f2 recomanem que abans d&#8217;usar qualsevol d&#8217;aquests conjurs llegeixis sobre la m\u00e0gia prohibida a la p\u00e0gina 158 del manual b\u00e0sic (MB).<\/p>\n<\/div><\/div><\/div><div class=\"kc-elm kc-css-932757 kc_col-sm-4 kc_column_inner kc_col-sm-4\"><div class=\"kc_wrapper kc-col-inner-container\"><div class=\"kc-elm kc-css-998198 kc_text_block\"><h2 style=\"text-align: center;\">PAGANA<\/h2>\n<p>Els cultes o m\u00e0gia d&#8217;origen pagana s&#8217;aborda de forma extensiva en el suplement de Nosolorol Ars Mal\u00e8fica (AM). Va subjecta als d\u00e9us pagans i els seus antics rituals i inclou diferents religions politeistes anteriors al monoteisme cristi\u00e0, de culte majoritari.<\/p>\n<p>No existeixen grimoris de m\u00e0gia d&#8217;origen pagana i la seva transmissi\u00f3 sempre \u00e9s oral.<\/p>\n<p>Per a l&#8217;\u00fas de la M\u00e0gia Pagana a part del 50% de IRR i coneixement M\u00e0gic es necessita un 25% en Teologia (Pagana). M\u00e9s informaci\u00f3 en AM 31.<\/p>\n<\/div><\/div><\/div><div class=\"kc-elm kc-css-285916 kc_col-sm-4 kc_column_inner kc_col-sm-4\"><div class=\"kc_wrapper kc-col-inner-container\"><div class=\"kc-elm kc-css-212735 kc_text_block\"><h2 style=\"text-align: center;\">CABAL\u00cdSTICA<\/h2>\n<p>La m\u00e0gia d&#8217;origen cabal\u00edstic es basa en els ensenyaments i comprensi\u00f3 de la c\u00e0bala jueva. Com tota la m\u00e0gia es divideix en dues branques segons la naturalesa dels seus encanteris. Els Sefir\u00f3ticos que extreuen el seu poder de l&#8217;arbre de la vida i els \u00e0ngels (M\u00e0gia Blanca) i els Qlip\u00f3thicos que l&#8217;extreuen de l&#8217;arbre de la mort i els dimonis (M\u00e0gia negra).<br \/>\nAquesta m\u00e0gia aquesta recollida en el suplement Sefarat de projectes editorials Crom.<\/p>\n<p>Segons el suplement Decameron (NSR) per a l&#8217;\u00fas de la M\u00e0gia Cabal\u00edstica, a part del 50% de IRR i coneixement M\u00e0gic, es necessita un 50% en Teologia (Hebrea).<\/p>\n<\/div><\/div><\/div><\/div><\/div><\/div><\/div><\/div><\/section><section id=\"franjaborde1\" data-kc-fullwidth=\"row\" class=\"kc-elm kc-css-505061 kc_row\"><div class=\"kc-row-container  kc-container\"><div class=\"kc-wrap-columns\"><div class=\"kc-elm kc-css-701015 kc_col-sm-12 kc_column kc_col-sm-12\"><div class=\"kc-col-container\"><\/div><\/div><\/div><\/div><\/section><section data-kc-fullwidth=\"row\" class=\"kc-elm kc-css-991312 kc_row\"><div class=\"kc-row-container  kc-container\"><div class=\"kc-wrap-columns\"><div class=\"kc-elm kc-css-491070 kc_col-sm-12 kc_column kc_col-sm-12\"><div class=\"kc-col-container\"><div class=\"kc-elm kc-css-933196\" style=\"height: 20px; clear: both; width:100%;\"><\/div><div class=\"kc-elm kc-css-954722 kc_text_block\"><h1 style=\"text-align: center;\">LA FORMA DELS ENCANTERIS<\/h1>\n<p style=\"text-align: center;\">Els mags de naturalesa humana necessiten una s\u00e8rie de components aix\u00ed com realitzar els moviments i gestos i exhortar les frases o lletanies corresponents per canalitzar la m\u00e0gia i activar cada determinat encanteri.<br \/>\nEls encanteris presenten cinc &#8220;formes\" diferents, que determinen la manera i el canal a trav\u00e9s del qual es produeixen els efectes.<br \/>\nTalismans, Ung\u00fcents, Pocions, Maleficis i Invocacions. Cada encanteri t\u00e9 la seva pr\u00f2pia forma i components.<\/p>\n<\/div><div class=\"kc-elm kc-css-633019\" style=\"height: 20px; clear: both; width:100%;\"><\/div><div class=\"kc-elm kc-css-301405 kc_row kc_row_inner\"><div class=\"kc-elm kc-css-661114 kc_col-of-5 kc_column_inner kc_col-of-5\"><div class=\"kc_wrapper kc-col-inner-container\"><div class=\"kc-elm kc-css-391090 kc_text_block justextblanc\"><h2 style=\"text-align: center;\">TALISMANS<\/h2>\n<p style=\"text-align: center;\">Artefacte creat a partir dels ingredients i que s&#8217;ha d&#8217;activar perqu\u00e8 l&#8217;encanteri tingui efecte.<\/p>\n<p style=\"text-align: center;\">La seva fabricaci\u00f3, mitjan\u00e7ant l&#8217;alqu\u00edmia \u00e9s molt laboriosa per\u00f2 un cop acabats s\u00f3n molt longeus.<\/p>\n<\/div><\/div><\/div><div class=\"kc-elm kc-css-969614 kc_col-of-5 kc_column_inner kc_col-of-5\"><div class=\"kc_wrapper kc-col-inner-container\"><div class=\"kc-elm kc-css-139319 kc_text_block justextblanc\"><h2 style=\"text-align: center;\">UNG\u00dcENTS<\/h2>\n<p style=\"text-align: center;\">Es tracta d&#8217;una pasta o b\u00e0lsam creat a partir dels ingredients que s&#8217;ha d&#8217;aplicar en el lloc indicat en l&#8217;encanteri.<\/p>\n<p style=\"text-align: center;\">Requereixen una preparaci\u00f3 pr\u00e8via mitjan\u00e7ant alqu\u00edmia i les seves dosis es van gastant.<\/p>\n<\/div><\/div><\/div><div class=\"kc-elm kc-css-651761 kc_col-of-5 kc_column_inner kc_col-of-5\"><div class=\"kc_wrapper kc-col-inner-container\"><div class=\"kc-elm kc-css-931846 kc_text_block\"><h2 style=\"text-align: center;\">POCIONS<\/h2>\n<p style=\"text-align: center;\">Un beuratge fabricat amb els ingredients de l&#8217;encanteri i que s&#8217;ha d&#8217;ingerir perqu\u00e8 tingui efecte.<\/p>\n<p style=\"text-align: center;\">Requereixen una preparaci\u00f3 pr\u00e8via mitjan\u00e7ant alqu\u00edmia i les seves dosis es van gastant.<\/p>\n<div><\/div>\n<\/div><\/div><\/div><div class=\"kc-elm kc-css-805010 kc_col-of-5 kc_column_inner kc_col-of-5\"><div class=\"kc_wrapper kc-col-inner-container\"><div class=\"kc-elm kc-css-90734 kc_text_block\"><h2 style=\"text-align: center;\">MALEFICIS<\/h2>\n<p style=\"text-align: center;\">Una acci\u00f3, lectura o declamaci\u00f3 que serveix com a f\u00f3rmula m\u00e0gica per dur a terme l&#8217;encanteri. Probablement sigui la forma m\u00e9s f\u00e0cil d&#8217;utilitzar, per\u00f2 en ocasions requereix una preparaci\u00f3 molt acurada o particular.<\/p>\n<\/div><\/div><\/div><div class=\"kc-elm kc-css-277361 kc_col-of-5 kc_column_inner kc_col-of-5\"><div class=\"kc_wrapper kc-col-inner-container\"><div class=\"kc-elm kc-css-60251 kc_text_block\"><h2 style=\"text-align: center;\">INVOCACIONS<\/h2>\n<p style=\"text-align: center;\">Es tracta d&#8217;una convocat\u00f2ria realitzada amb m\u00e8todes m\u00e0gics per trucar a la nostra pres\u00e8ncia a algun tipus d&#8217;entitat, com \u00e0nimes, dimonis elementals, dimonis majors o fins i tot al propi Llucifer.<\/p>\n<div><\/div>\n<\/div><\/div><\/div><\/div><\/div><\/div><\/div><\/div><\/section><section id=\"franjaborde2\" data-kc-fullwidth=\"row\" class=\"kc-elm kc-css-287710 kc_row\"><div class=\"kc-row-container  kc-container\"><div class=\"kc-wrap-columns\"><div class=\"kc-elm kc-css-737939 kc_col-sm-12 kc_column kc_col-sm-12\"><div class=\"kc-col-container\"><\/div><\/div><\/div><\/div><\/section><section data-kc-fullwidth=\"row\" class=\"kc-elm kc-css-180651 kc_row\"><div class=\"kc-row-container  kc-container\"><div class=\"kc-wrap-columns\"><div class=\"kc-elm kc-css-567482 kc_col-sm-12 kc_column kc_col-sm-12\"><div class=\"kc-col-container\"><div class=\"kc-elm kc-css-38177\" style=\"height: 49px; clear: both; width:100%;\"><\/div>\n<div class=\"kc-elm kc-css-209844 kc-title-wrap \">\n\n\t<h1 class=\"kc_title\">Components M\u00e0gics per la Creaci\u00f3 d'Encanteris<\/h1>\n<\/div>\n<div class=\"kc-elm kc-css-946737\" style=\"height: 16px; clear: both; width:100%;\"><\/div><\/div><\/div><\/div><\/div><\/section><section class=\"kc-elm kc-css-385772 kc_row\"><div class=\"kc-row-container  kc-container\"><div class=\"kc-wrap-columns\"><div class=\"kc-elm kc-css-451500 kc_col-of-5 kc_column kc_col-of-5\"><div class=\"kc-col-container\"><div class=\"kc-elm kc-css-593110 kc_shortcode kc_single_image\">\n\n        <img decoding=\"async\" src=\"https:\/\/rolmasters.com\/wp-content\/uploads\/2018\/05\/ELEMENTS-MAGICS-PLANTES-AQUELARRE.png\" class=\"\" alt=\"\" \/>    <\/div>\n<div class=\"kc-elm kc-css-944280\" style=\"height: 20px; clear: both; width:100%;\"><\/div><div class=\"kc-elm kc-css-411351 kc-raw-code\"><div class=\"su-button-center\"><a href=\"http:\/\/rolmasters.com\/magia\/\" class=\"su-button su-button-style-default\" style=\"color:#FFFFFF;background-color:#fb5250;border-color:#c94240;border-radius:7px;-moz-border-radius:7px;-webkit-border-radius:7px\" target=\"_blank\"><span style=\"color:#FFFFFF;padding:0px 20px;font-size:16px;line-height:32px;border-color:#fc8685;border-radius:7px;-moz-border-radius:7px;-webkit-border-radius:7px;text-shadow:none;-moz-text-shadow:none;-webkit-text-shadow:none\"> VEGETALES<\/span><\/a><\/div><\/div><\/div><\/div><div class=\"kc-elm kc-css-581427 kc_col-of-5 kc_column kc_col-of-5\"><div class=\"kc-col-container\"><div class=\"kc-elm kc-css-228601 kc_shortcode kc_single_image\">\n\n        <img decoding=\"async\" src=\"https:\/\/rolmasters.com\/wp-content\/uploads\/2018\/05\/ELEMENTOS-MAGICOS-ANIMALES-AQUELARRE.png\" class=\"\" alt=\"\" \/>    <\/div>\n<div class=\"kc-elm kc-css-869973\" style=\"height: 20px; clear: both; width:100%;\"><\/div><div class=\"kc-elm kc-css-166930 kc-raw-code\"><div class=\"su-button-center\"><a href=\"http:\/\/rolmasters.com\/magia\/\" class=\"su-button su-button-style-default\" style=\"color:#FFFFFF;background-color:#fb5250;border-color:#c94240;border-radius:7px;-moz-border-radius:7px;-webkit-border-radius:7px\" target=\"_blank\"><span style=\"color:#FFFFFF;padding:0px 20px;font-size:16px;line-height:32px;border-color:#fc8685;border-radius:7px;-moz-border-radius:7px;-webkit-border-radius:7px;text-shadow:none;-moz-text-shadow:none;-webkit-text-shadow:none\"> ANIMALES<\/span><\/a><\/div><\/div><\/div><\/div><div class=\"kc-elm kc-css-466481 kc_col-of-5 kc_column kc_col-of-5\"><div class=\"kc-col-container\"><div class=\"kc-elm kc-css-559755 kc_shortcode kc_single_image\">\n\n        <img decoding=\"async\" src=\"https:\/\/rolmasters.com\/wp-content\/uploads\/2018\/05\/ELEMENTOS-MAGICOS-MINERALES-AQUELARRE.png\" class=\"\" alt=\"\" \/>    <\/div>\n<div class=\"kc-elm kc-css-860628\" style=\"height: 20px; clear: both; width:100%;\"><\/div><div class=\"kc-elm kc-css-598322 kc-raw-code\"><div class=\"su-button-center\"><a href=\"http:\/\/rolmasters.com\/magia\/\" class=\"su-button su-button-style-default\" style=\"color:#FFFFFF;background-color:#fb5250;border-color:#c94240;border-radius:7px;-moz-border-radius:7px;-webkit-border-radius:7px\" target=\"_blank\"><span style=\"color:#FFFFFF;padding:0px 20px;font-size:16px;line-height:32px;border-color:#fc8685;border-radius:7px;-moz-border-radius:7px;-webkit-border-radius:7px;text-shadow:none;-moz-text-shadow:none;-webkit-text-shadow:none\"> MINERALES<\/span><\/a><\/div><\/div><\/div><\/div><div class=\"kc-elm kc-css-185815 kc_col-of-5 kc_column kc_col-of-5\"><div class=\"kc-col-container\"><div class=\"kc-elm kc-css-798617 kc_shortcode kc_single_image\">\n\n        <img decoding=\"async\" src=\"https:\/\/rolmasters.com\/wp-content\/uploads\/2018\/05\/ELEMENTOS-MAGICOS-HUMANOS-AQUELARRE-2.png\" class=\"\" alt=\"\" \/>    <\/div>\n<div class=\"kc-elm kc-css-755567\" style=\"height: 20px; clear: both; width:100%;\"><\/div><div class=\"kc-elm kc-css-719275 kc-raw-code\"><div class=\"su-button-center\"><a href=\"http:\/\/rolmasters.com\/magia\/\" class=\"su-button su-button-style-default\" style=\"color:#FFFFFF;background-color:#fb5250;border-color:#c94240;border-radius:7px;-moz-border-radius:7px;-webkit-border-radius:7px\" target=\"_blank\"><span style=\"color:#FFFFFF;padding:0px 20px;font-size:16px;line-height:32px;border-color:#fc8685;border-radius:7px;-moz-border-radius:7px;-webkit-border-radius:7px;text-shadow:none;-moz-text-shadow:none;-webkit-text-shadow:none\"> HUMANOS<\/span><\/a><\/div><\/div><\/div><\/div><div class=\"kc-elm kc-css-333862 kc_col-of-5 kc_column kc_col-of-5\"><div class=\"kc-col-container\"><div class=\"kc-elm kc-css-652129 kc_shortcode kc_single_image\">\n\n        <img decoding=\"async\" src=\"https:\/\/rolmasters.com\/wp-content\/uploads\/2018\/05\/ELEMENTOS-MAGICOS-MISTICOS-AQUELARRE.png\" class=\"\" alt=\"\" \/>    <\/div>\n<div class=\"kc-elm kc-css-736890\" style=\"height: 20px; clear: both; width:100%;\"><\/div><div class=\"kc-elm kc-css-439637 kc-raw-code\"><div class=\"su-button-center\"><a href=\"http:\/\/rolmasters.com\/magia\/\" class=\"su-button su-button-style-default\" style=\"color:#FFFFFF;background-color:#fb5250;border-color:#c94240;border-radius:7px;-moz-border-radius:7px;-webkit-border-radius:7px\" target=\"_blank\"><span style=\"color:#FFFFFF;padding:0px 20px;font-size:16px;line-height:32px;border-color:#fc8685;border-radius:7px;-moz-border-radius:7px;-webkit-border-radius:7px;text-shadow:none;-moz-text-shadow:none;-webkit-text-shadow:none\"> IRRACIONALES<\/span><\/a><\/div><\/div><\/div><\/div><\/div><\/div><\/section><section class=\"kc-elm kc-css-493593 kc_row\"><div class=\"kc-row-container  kc-container\"><div class=\"kc-wrap-columns\"><div class=\"kc-elm kc-css-204879 kc_col-of-5 kc_column kc_col-of-5\"><div class=\"kc-col-container\"><div class=\"kc-elm kc-css-701633 kc_shortcode kc_single_image\">\n\n        <img decoding=\"async\" src=\"https:\/\/rolmasters.com\/wp-content\/uploads\/2018\/05\/ELEMENTS-MAGICS-PLANTES-AQUELARRE.png\" class=\"\" alt=\"\" \/>    <\/div>\n<div class=\"kc-elm kc-css-237583\" style=\"height: 20px; clear: both; width:100%;\"><\/div>\n<div class=\"kc-elm kc-css-502528 kc-title-wrap \">\n\n\t<h1 class=\"kc_title\">Vegetals<\/h1>\n<\/div>\n<\/div><\/div><div class=\"kc-elm kc-css-515710 kc_col-of-5 kc_column kc_col-of-5\"><div class=\"kc-col-container\"><div class=\"kc-elm kc-css-140667 kc_shortcode kc_single_image\">\n\n        <img decoding=\"async\" src=\"https:\/\/rolmasters.com\/wp-content\/uploads\/2018\/05\/ELEMENTOS-MAGICOS-ANIMALES-AQUELARRE.png\" class=\"\" alt=\"\" \/>    <\/div>\n<div class=\"kc-elm kc-css-670204\" style=\"height: 20px; clear: both; width:100%;\"><\/div>\n<div class=\"kc-elm kc-css-88603 kc-title-wrap \">\n\n\t<h1 class=\"kc_title\">Animals<\/h1>\n<\/div>\n<\/div><\/div><div class=\"kc-elm kc-css-709716 kc_col-of-5 kc_column kc_col-of-5\"><div class=\"kc-col-container\"><div class=\"kc-elm kc-css-647333 kc_shortcode kc_single_image\">\n\n        <img decoding=\"async\" src=\"https:\/\/rolmasters.com\/wp-content\/uploads\/2018\/05\/ELEMENTOS-MAGICOS-MINERALES-AQUELARRE.png\" class=\"\" alt=\"\" \/>    <\/div>\n<div class=\"kc-elm kc-css-40264\" style=\"height: 20px; clear: both; width:100%;\"><\/div>\n<div class=\"kc-elm kc-css-746038 kc-title-wrap \">\n\n\t<h1 class=\"kc_title\">Minerals<\/h1>\n<\/div>\n<\/div><\/div><div class=\"kc-elm kc-css-448137 kc_col-of-5 kc_column kc_col-of-5\"><div class=\"kc-col-container\"><div class=\"kc-elm kc-css-341644 kc_shortcode kc_single_image\">\n\n        <img decoding=\"async\" src=\"https:\/\/rolmasters.com\/wp-content\/uploads\/2018\/05\/ELEMENTOS-MAGICOS-HUMANOS-AQUELARRE-2.png\" class=\"\" alt=\"\" \/>    <\/div>\n<div class=\"kc-elm kc-css-127756\" style=\"height: 20px; clear: both; width:100%;\"><\/div>\n<div class=\"kc-elm kc-css-966753 kc-title-wrap \">\n\n\t<h1 class=\"kc_title\">Humans<\/h1>\n<\/div>\n<\/div><\/div><div class=\"kc-elm kc-css-575847 kc_col-of-5 kc_column kc_col-of-5\"><div class=\"kc-col-container\"><div class=\"kc-elm kc-css-982064 kc_shortcode kc_single_image\">\n\n        <img decoding=\"async\" src=\"https:\/\/rolmasters.com\/wp-content\/uploads\/2018\/05\/ELEMENTOS-MAGICOS-MISTICOS-AQUELARRE.png\" class=\"\" alt=\"\" \/>    <\/div>\n<div class=\"kc-elm kc-css-589413\" style=\"height: 20px; clear: both; width:100%;\"><\/div>\n<div class=\"kc-elm kc-css-710433 kc-title-wrap \">\n\n\t<h1 class=\"kc_title\">Irracionals<\/h1>\n<\/div>\n<\/div><\/div><\/div><\/div><\/section>","protected":false},"excerpt":{"rendered":"<div class='heateor_sss_sharing_container heateor_sss_vertical_sharing heateor_sss_bottom_sharing' style='width:44px;right: -10px;top: 250px;-webkit-box-shadow:none;box-shadow:none;' heateor-sss-data-href='https:\/\/rolmasters.com\/ca\/wp-json\/wp\/v2\/pages\/4997'><ul  class=\"heateor_sss_sharing_ul\"><li class=\"\"><i style=\"width:40px;height:40px;margin:0;\" alt=\"Facebook\" Title=\"Facebook\" class=\"heateorSssSharing heateorSssFacebookBackground\" onclick='heateorSssPopup(\"https:\/\/www.facebook.com\/sharer\/sharer.php?u=https%3A%2F%2Frolmasters.com%2Fca%2Fwp-json%2Fwp%2Fv2%2Fpages%2F4997\")'><ss style=\"display:block;\" class=\"heateorSssSharingSvg heateorSssFacebookSvg\"><\/ss><\/i><\/li><li class=\"\"><i style=\"width:40px;height:40px;margin:0;\" alt=\"Twitter\" Title=\"Twitter\" class=\"heateorSssSharing heateorSssTwitterBackground\" onclick='heateorSssPopup(\"http:\/\/twitter.com\/intent\/tweet?text=ROLMASTERS%20-%20Tira%201D100&url=https%3A%2F%2Frolmasters.com%2Fca%2Fwp-json%2Fwp%2Fv2%2Fpages%2F4997\")'><ss style=\"display:block;\" class=\"heateorSssSharingSvg heateorSssTwitterSvg\"><\/ss><\/i><\/li><li class=\"\"><i style=\"width:40px;height:40px;margin:0;\" alt=\"Whatsapp\" Title=\"Whatsapp\" class=\"heateorSssSharing heateorSssWhatsappBackground\"><a  href=\"whatsapp:\/\/send?text=ROLMASTERS%20-%20Tira%201D100 https%3A%2F%2Frolmasters.com%2Fca%2Fwp-json%2Fwp%2Fv2%2Fpages%2F4997\" rel=\"nofollow\"><ss style=\"display:block\" class=\"heateorSssSharingSvg heateorSssWhatsappSvg\"><\/ss><\/a><\/i><\/li><\/ul><div class=\"heateorSssClear\"><\/div><\/div>","protected":false},"author":1,"featured_media":4029,"parent":3931,"menu_order":0,"comment_status":"closed","ping_status":"closed","template":"full-width.php","meta":{"footnotes":""},"_links":{"self":[{"href":"https:\/\/rolmasters.com\/ca\/wp-json\/wp\/v2\/pages\/4997"}],"collection":[{"href":"https:\/\/rolmasters.com\/ca\/wp-json\/wp\/v2\/pages"}],"about":[{"href":"https:\/\/rolmasters.com\/ca\/wp-json\/wp\/v2\/types\/page"}],"author":[{"embeddable":true,"href":"https:\/\/rolmasters.com\/ca\/wp-json\/wp\/v2\/users\/1"}],"replies":[{"embeddable":true,"href":"https:\/\/rolmasters.com\/ca\/wp-json\/wp\/v2\/comments?post=4997"}],"version-history":[{"count":87,"href":"https:\/\/rolmasters.com\/ca\/wp-json\/wp\/v2\/pages\/4997\/revisions"}],"predecessor-version":[{"id":5940,"href":"https:\/\/rolmasters.com\/ca\/wp-json\/wp\/v2\/pages\/4997\/revisions\/5940"}],"up":[{"embeddable":true,"href":"https:\/\/rolmasters.com\/ca\/wp-json\/wp\/v2\/pages\/3931"}],"wp:featuredmedia":[{"embeddable":true,"href":"https:\/\/rolmasters.com\/ca\/wp-json\/wp\/v2\/media\/4029"}],"wp:attachment":[{"href":"https:\/\/rolmasters.com\/ca\/wp-json\/wp\/v2\/media?parent=4997"}],"curies":[{"name":"wp","href":"https:\/\/api.w.org\/{rel}","templated":true}]}}