{"id":4374,"date":"2018-07-06T09:08:17","date_gmt":"2018-07-06T09:08:17","guid":{"rendered":"http:\/\/rolmasters.com\/?page_id=4374"},"modified":"2026-03-14T08:39:17","modified_gmt":"2026-03-14T08:39:17","slug":"politica-de-privacidad","status":"publish","type":"page","link":"https:\/\/rolmasters.com\/ca\/politica-de-privacidad\/","title":{"rendered":"POL\u00cdTICA DE PRIVACITAT"},"content":{"rendered":"1. DADES DEL RESPONSABLE DEL TRACTAMENT<br \/>\nRa\u00f3 Social: VICTOR JAN\u00c9 LLOPIS (en endavant, l&#8217;\u201cEmpresa\u201d o el \u201cResponsable\u201d).<br \/>\nCIF: 40528899R<br \/>\nDomicilio:  C\/ Travesia de la creu 8 &#8211; 17002 &#8211; GIRONA<br \/>\nTel\u00e8fon: 644233533<br \/>\nEmail para comunicaciones en materia de Protecci\u00f3n de datos: hola@rolmasters.com<\/p>\n<p>1.1. Normativa aplicable<br \/>\nLa nostra Pol\u00edtica de Privacitat s&#8217;ha dissenyat d&#8217;acord amb el Reglament General de Protecci\u00f3 de Dades de la UE 2016\/679 del Parlament Europeu i del Consell, de 27 d&#8217;abril de 2016, relatiu a la protecci\u00f3 de les persones f\u00edsiques pel que fa al tractament de dades personals i a la lliure circulaci\u00f3 d&#8217;aquestes dades i pel qual es deroga la Directiva 95\/46 \/ CE (Reglament general de protecci\u00f3 de dades), i en el que no contradigui l&#8217;esmentat Reglament, pel que disposa el marc legislatiu espanyol en mat\u00e8ria de protecci\u00f3 de dades de car\u00e0cter personal.<br \/>\nAl facilitar les seves dades, Vost\u00e8 declara haver llegit i con\u00e8ixer la present Pol\u00edtica de Privadesa, prestant el seu consentiment inequ\u00edvoc i expr\u00e9s al tractament de les seves dades personals d&#8217;acord a les finalitats i termes aqu\u00ed expressats.<br \/>\nL&#8217;Empresa podr\u00e0 modificar la present Pol\u00edtica de Privacitat per adaptar-la a les novetats legislatives, jurisprudencials o d&#8217;interpretaci\u00f3 de l&#8217;Ag\u00e8ncia Espanyola de Protecci\u00f3 de Dades. Aquestes condicions de privacitat podran ser complementades per l&#8217;Av\u00eds Legal, Pol\u00edtica de Cookies i les condicions generals que, si escau, es recullin per a determinats productes o serveis, si aquest acc\u00e9s suposa alguna especialitat en mat\u00e8ria de protecci\u00f3 de dades de car\u00e0cter personal.<br \/>\n1.2. Delegat de Protecci\u00f3 de Dades<br \/>\nL&#8217;empresa t\u00e9 Delegat de Protecci\u00f3 de Dades.<\/p>\n<p>2. FINALITAT DEL TRACTAMENT DE LES DADES PERSONALS<br \/>\nEl tractament que realitzem de les seves dades personals respon a les seg\u00fcents finalitats:<br \/>\n&#8211; Proporcionar-li informaci\u00f3 relacionada amb els productes i serveis que ofereix la nostra empresa i que detallen en aquest lloc web.<br \/>\n&#8211; Realitzar la contractaci\u00f3 dels nostres serveis mitjan\u00e7ant l&#8217;acceptaci\u00f3 del corresponent pressupost \/ comanda i \/ o la signatura d&#8217;un contracte mercantil.<br \/>\n&#8211; Enviar-li per correu electr\u00f2nic i\/o postal les not\u00edcies i novetats sobre la nostra entitat, aix\u00ed com les actualitzacions del nostre cat\u00e0leg de productes i serveis.<br \/>\n2.1. Termini de Conservaci\u00f3 de les seves dades<br \/>\nConservarem les seves dades personals des que ens doni el seu consentiment fins que ho revoqui o b\u00e9 sol\u00b7liciti la limitaci\u00f3 del tractament. En aquests casos, mantindrem les seves dades de manera bloquejada durant els terminis legalment exigits.<\/p>\n<p>3. LEGITIMACI\u00d3 I DADES RECOLLIDES<br \/>\nLa legitimaci\u00f3 per al tractament de les seves dades \u00e9s el consentiment expr\u00e9s atorgat mitjan\u00e7ant un acte positiu i afirmatiu (omplir el formulari corresponent i marcar la casella d&#8217;acceptaci\u00f3 d&#8217;aquesta pol\u00edtica) en el moment de facilitar les seves dades personals.<br \/>\n3.1. Consentiment per tractar les seves dades<br \/>\nEn omplir els formularis, marcar la casella &#8220;Accepto la Pol\u00edtica de Privacitat&#8221; i fer clic per enviar les dades, o en remetre correus electr\u00f2nics a l&#8217;Empresa a trav\u00e9s dels comptes habilitats a aquest efecte, l&#8217;Usuari manifesta haver llegit i acceptat expressament la present pol\u00edtica de privacitat, i atorga el seu consentiment inequ\u00edvoc i expr\u00e9s al tractament de les seves dades personals conforme a les finalitats indicades.<br \/>\n3.2. Categories de dades<br \/>\nLes dades que es recullen es refereixen a la categoria de dades identificatives, com poden ser: Nom i cognoms, Tel\u00e8fon, Adre\u00e7a Postal, Empresa, Correu electr\u00f2nic, aix\u00ed com l&#8217;adre\u00e7a IP des d&#8217;on s&#8217;accedeix al formulari de recollida de dades.<\/p>\n<p>4. MESURES DE SEGURETAT<br \/>\nDins del nostre comprom\u00eds per garantir la seguretat i confidencialitat de les seves dades de car\u00e0cter personal, l&#8217;informem que s&#8217;han adoptat les mesures d&#8217;\u00edndole t\u00e8cnica i organitzatives necess\u00e0ries per garantir la seguretat de les dades de car\u00e0cter personal i evitar la seva alteraci\u00f3, p\u00e8rdua, tractament o acc\u00e9s no autoritzat, at\u00e8s l&#8217;estat de la tecnologia, la naturalesa de les dades emmagatzemades i els riscos a qu\u00e8 estiguin exposats, segons l&#8217;Art. 32 del RGPD EU 679\/2016.<\/p>\n<p>5. CESSI\u00d3 DE DADES<br \/>\nNo es preveuen cessions de dades ni transfer\u00e8ncies internacionals de les seves dades, a excepci\u00f3 de les autoritzades per la legislaci\u00f3 fiscal, mercantil i de telecomunicacions aix\u00ed com en aquells casos en qu\u00e8 una autoritat judicial ens ho requereixi.<\/p>\n<p>6. DRETS DE L&#8217;USUARI<br \/>\nQualsevol interessat t\u00e9 dret a obtenir confirmaci\u00f3 sobre si estem tractant dades personals que li concerneixin, o no. Les persones interessades tenen dret a accedir a les seves dades personals, aix\u00ed com a sol\u00b7licitar la rectificaci\u00f3 de les dades inexactes o, si escau, sol\u00b7licitar la seva supressi\u00f3 quan, entre d&#8217;altres motius, les dades ja no siguin necessaris per als fins que van ser recollides. En determinades circumst\u00e0ncies, els interessats podran sol\u00b7licitar la limitaci\u00f3 del tractament de les seves dades, en aquest cas \u00fanicament els conservarem per a l&#8217;exercici o la defensa de reclamacions. Per motius relacionats amb la seva situaci\u00f3 particular, els interessats podran oposar-se oposar-se al tractament de les seves dades. El responsable del fitxer deixar\u00e0 de tractar les dades, excepte per motius leg\u00edtims imperiosos, o l&#8217;exercici o la defensa de possibles reclamacions.<br \/>\nD&#8217;acord amb la legislaci\u00f3 vigent t\u00e9 els seg\u00fcents drets: dret a sol\u00b7licitar l&#8217;acc\u00e9s a les seves dades personals, dret a sol\u00b7licitar la seva rectificaci\u00f3 o supressi\u00f3, dret a sol\u00b7licitar la limitaci\u00f3 del seu tractament, dret a oposar-se al tractament, dret a la portabilitat dels dades i aix\u00ed mateix, a revocar el consentiment atorgat.<br \/>\n6.1. Com exercitar els meus drets?<br \/>\nPer exercir els seus drets, ha de dirigir-se al responsable, sol\u00b7licitant el corresponent formulari per a l&#8217;exercici del dret elegit. Opcionalment, pot acudir a l&#8217;Autoritat de Control competent per obtenir informaci\u00f3 addicional sobre els seus drets. Les dades de contacte per a l&#8217;exercici dels seus drets s\u00f3n el tel\u00e8fon 644233533 i el correu electr\u00f2nic: hola@rolmasters.com. Recordeu acompanyar una c\u00f2pia d&#8217;un document que ens permeti identificar-lo.<\/p>\n<p>7. CONSENTIMENT PER ENVIAMENT DE COMUNICACIONS ELECTR\u00d2NIQUES<br \/>\nAix\u00ed mateix, i d&#8217;acord amb el que estableix la Llei 34\/2002, de 11 de juliol, de Serveis de la Societat de la Informaci\u00f3 i del Comer\u00e7 Electr\u00f2nic, completant el formulari de recollida de dades i marcant la corresponent casella &#8220;Accepto l&#8217;enviament de comunicacions electr\u00f2niques &#8220;, esta atorgant el consentiment expr\u00e9s per enviar-li a la seva adre\u00e7a de correu electr\u00f2nic, tel\u00e8fon, fax o un altre mitj\u00e0 electr\u00f2nic a enviament d&#8217;informaci\u00f3 sobre l&#8217;empresa.","protected":false},"excerpt":{"rendered":"<p>1. DADES DEL RESPONSABLE DEL TRACTAMENT Ra\u00f3 Social: VICTOR JAN\u00c9 LLOPIS (en endavant, l&#8217;\u201cEmpresa\u201d o el \u201cResponsable\u201d). CIF: 40528899R Domicilio: C\/ Travesia de la creu 8 &#8211; 17002 &#8211; GIRONA Tel\u00e8fon: 644233533 Email para comunicaciones en materia de Protecci\u00f3n de datos: hola@rolmasters.com 1.1. Normativa aplicable La nostra Pol\u00edtica de Privacitat s&#8217;ha dissenyat d&#8217;acord amb el&#8230; <\/p>\n<div class='heateor_sss_sharing_container heateor_sss_vertical_sharing heateor_sss_bottom_sharing' style='width:44px;right: -10px;top: 250px;-webkit-box-shadow:none;box-shadow:none;' heateor-sss-data-href='https:\/\/rolmasters.com\/ca\/wp-json\/wp\/v2\/pages\/4374'><ul  class=\"heateor_sss_sharing_ul\"><li class=\"\"><i style=\"width:40px;height:40px;margin:0;\" alt=\"Facebook\" Title=\"Facebook\" class=\"heateorSssSharing heateorSssFacebookBackground\" onclick='heateorSssPopup(\"https:\/\/www.facebook.com\/sharer\/sharer.php?u=https%3A%2F%2Frolmasters.com%2Fca%2Fwp-json%2Fwp%2Fv2%2Fpages%2F4374\")'><ss style=\"display:block;\" class=\"heateorSssSharingSvg heateorSssFacebookSvg\"><\/ss><\/i><\/li><li class=\"\"><i style=\"width:40px;height:40px;margin:0;\" alt=\"Twitter\" Title=\"Twitter\" class=\"heateorSssSharing heateorSssTwitterBackground\" onclick='heateorSssPopup(\"http:\/\/twitter.com\/intent\/tweet?text=ROLMASTERS%20-%20Tira%201D100&url=https%3A%2F%2Frolmasters.com%2Fca%2Fwp-json%2Fwp%2Fv2%2Fpages%2F4374\")'><ss style=\"display:block;\" class=\"heateorSssSharingSvg heateorSssTwitterSvg\"><\/ss><\/i><\/li><li class=\"\"><i style=\"width:40px;height:40px;margin:0;\" alt=\"Whatsapp\" Title=\"Whatsapp\" class=\"heateorSssSharing heateorSssWhatsappBackground\"><a  href=\"whatsapp:\/\/send?text=ROLMASTERS%20-%20Tira%201D100 https%3A%2F%2Frolmasters.com%2Fca%2Fwp-json%2Fwp%2Fv2%2Fpages%2F4374\" rel=\"nofollow\"><ss style=\"display:block\" class=\"heateorSssSharingSvg heateorSssWhatsappSvg\"><\/ss><\/a><\/i><\/li><\/ul><div class=\"heateorSssClear\"><\/div><\/div>","protected":false},"author":1,"featured_media":0,"parent":0,"menu_order":0,"comment_status":"closed","ping_status":"closed","template":"full-width.php","meta":{"footnotes":""},"_links":{"self":[{"href":"https:\/\/rolmasters.com\/ca\/wp-json\/wp\/v2\/pages\/4374"}],"collection":[{"href":"https:\/\/rolmasters.com\/ca\/wp-json\/wp\/v2\/pages"}],"about":[{"href":"https:\/\/rolmasters.com\/ca\/wp-json\/wp\/v2\/types\/page"}],"author":[{"embeddable":true,"href":"https:\/\/rolmasters.com\/ca\/wp-json\/wp\/v2\/users\/1"}],"replies":[{"embeddable":true,"href":"https:\/\/rolmasters.com\/ca\/wp-json\/wp\/v2\/comments?post=4374"}],"version-history":[{"count":4,"href":"https:\/\/rolmasters.com\/ca\/wp-json\/wp\/v2\/pages\/4374\/revisions"}],"predecessor-version":[{"id":8823,"href":"https:\/\/rolmasters.com\/ca\/wp-json\/wp\/v2\/pages\/4374\/revisions\/8823"}],"wp:attachment":[{"href":"https:\/\/rolmasters.com\/ca\/wp-json\/wp\/v2\/media?parent=4374"}],"curies":[{"name":"wp","href":"https:\/\/api.w.org\/{rel}","templated":true}]}}