{"id":4022,"date":"2018-05-25T14:21:03","date_gmt":"2018-05-25T14:21:03","guid":{"rendered":"http:\/\/rolmasters.com\/?page_id=4022"},"modified":"2018-06-05T14:49:52","modified_gmt":"2018-06-05T14:49:52","slug":"la-iglesia-y-los-papas","status":"publish","type":"page","link":"https:\/\/rolmasters.com\/ca\/fe\/la-iglesia-y-los-papas\/","title":{"rendered":"L&#8217;ESGL\u00c9SIA I ELS PAPES"},"content":{"rendered":"<section class=\"kc-elm kc-css-632740 kc_row\"><div class=\"kc-row-container  kc-container\"><div class=\"kc-wrap-columns\"><div class=\"kc-elm kc-css-466146 kc_col-sm-12 kc_column kc_col-sm-12\"><div class=\"kc-col-container\"><div class=\"kc-elm kc-css-637118 kc_row kc_row_inner\"><div class=\"kc-elm kc-css-662086 kc_col-sm-7 kc_column_inner kc_col-sm-7\"><div class=\"kc_wrapper kc-col-inner-container\"><div class=\"kc-elm kc-css-425401 kc_text_block\"><h3 style=\"color: #444444;\">L&#039;ESGL\u00c9SIA CAT\u00d2LICA EN L&#039;EDAD MITJANA<\/h3>\n<p>L&#039;Esgl\u00e9sia cat\u00f2lica, al segle V, s&#039;havia est\u00e8s per gaireb\u00e9 tot el territori de l&#039;Imperi rom\u00e0 (des d&#039;Hispania fins a S\u00edria, amb les zones costaneres del nord d&#039;\u00c0frica). Posteriorment, es van realitzar missions cap a zones del nord d&#039;Europa, que van arribar fins a Irlanda, Gran Bretanya, Germania, i posteriorment zones d&#039;Escandin\u00e0via, Centreeuropa i les poblacions eslaves de l&#039;Est. Aquest llarg proc\u00e9s abasta dels segles V al XI. Bona part d&#039;aquestes missions, aix\u00ed com el treball de recristianitzar els territoris de l&#039;antic Imperi rom\u00e0 d&#039;Occident, va ser possible gr\u00e0cies als monestirs, sobretot als benedictins. L&#039;expansi\u00f3 de poblacions convertides a l&#039;islam va portar a un progressiu declivi de les poblacions cat\u00f2liques del nord d&#039;\u00c0frica.<\/p>\n<p>L&#039;any 1054 es produeix el Gran Cisma entre l&#039;Esgl\u00e9sia Cat\u00f2lica, a occident, i l&#039;Esgl\u00e9sia Ortodoxa, a Orient, a causa de les rivalitats entre els patriarcats de Roma i Constantinoble respectivament i les seves discrep\u00e0ncies Teol\u00f2giques.<\/p>\n<p>Durant els segles XI i XIV es produeix un gran desenvolupament cultural gr\u00e0cies a la instituci\u00f3 de noves universitats eclesi\u00e0stiques, centrades sobretot en la teologia, per\u00f2 tamb\u00e9 amb facultats d&#039;arts, de dret i, en alguns llocs, de medicina.<\/p>\n<p>Al segle XIII van ser fundades i van comen\u00e7ar a desenvolupar-se les ordes mendicants, que van tenir un gran influx en la vida religiosa de la societat.<\/p>\n<p>Cap a finals del segle XIV es va produir un cisma, conegut com Cisma d&#039;Occident, que va afectar a l&#039;Esgl\u00e9sia cat\u00f2lica des de 1378 fins a 1417, va i que va provocar fortes tensions i el sorgiments d&#039;idees de tipus conciliaristas, segons les quals un concili podria tenir m\u00e9s autoritat que el papa en alguns punts. El conciliarismo va ser condemnat en el concili V del Later\u00e0 el 1516.<\/p>\n<\/div><\/div><\/div><div class=\"kc-elm kc-css-331455 kc_col-sm-5 kc_column_inner kc_col-sm-5\"><div class=\"kc_wrapper kc-col-inner-container\"><div class=\"kc-elm kc-css-756873 kc_row kc_row_inner\"><div class=\"kc-elm kc-css-266426 kc_col-sm-12 kc_column_inner kc_col-sm-12\"><div class=\"kc_wrapper kc-col-inner-container\"><div class=\"kc-elm kc-css-630290 kc_text_block\"><h2 style=\"text-align: center;\">DIVISI\u00d3 DEL CLERGAT<\/h2>\n<\/div><div class=\"kc-elm kc-css-28258 kc_shortcode kc_single_image\">\n\n        <a rel=\"prettyPhoto\" class=\"kc-pretty-photo\" href=\"https:\/\/rolmasters.com\/wp-content\/uploads\/2018\/06\/TIPUS-DE-CLERGAT-REGULAR-SECULAR.jpg\" title=\"Clergat Secular i Clergat Regular\" target=\"\">\n        <img decoding=\"async\" src=\"https:\/\/rolmasters.com\/wp-content\/uploads\/2018\/06\/TIPUS-DE-CLERGAT-REGULAR-SECULAR.jpg\" class=\"\" alt=\"Clergat Secular i Clergat Regular\" \/><div class=\"kc-image-overlay\"><i class=\"et-magnifying-glass\"><\/i><\/div>    <\/a>\n    <\/div>\n<div class=\"kc-elm kc-css-96365\" style=\"height: 20px; clear: both; width:100%;\"><\/div><div class=\"kc-elm kc-css-528586 kc_text_block\"><h2>PROFESSIONS A AQUELARRE<\/h2>\n<p>CLERGAT SECULAR:<\/p>\n<ul>\n<li>Clergue<\/li>\n<li>Sacerdot<\/li>\n<li>Goliard<\/li>\n<\/ul>\n<p>CLERGAT REGULAR:<\/p>\n<ul>\n<li>Cavaller d&#039;Ordre Militar<\/li>\n<li>Monjo<\/li>\n<\/ul>\n<\/div><\/div><\/div><\/div><div class=\"kc-elm kc-css-807132\" style=\"height: 20px; clear: both; width:100%;\"><\/div><\/div><\/div><\/div><\/div><\/div><\/div><\/div><\/section><section id=\"franjaborde1\" data-kc-fullwidth=\"row\" class=\"kc-elm kc-css-734372 kc_row\"><div class=\"kc-row-container  kc-container\"><div class=\"kc-wrap-columns\"><div class=\"kc-elm kc-css-861236 kc_col-sm-12 kc_column kc_col-sm-12\"><div class=\"kc-col-container\"><\/div><\/div><\/div><\/div><\/section><section data-kc-fullwidth=\"row\" class=\"kc-elm kc-css-142851 kc_row\"><div class=\"kc-row-container  kc-container\"><div class=\"kc-wrap-columns\"><div class=\"kc-elm kc-css-674600 kc_col-sm-6 kc_column kc_col-sm-6\"><div class=\"kc-col-container\"><div class=\"kc-elm kc-css-715251\" style=\"height: 10px; clear: both; width:100%;\"><\/div><div class=\"kc-elm kc-css-215100 kc_text_block\"><h2>CLERGAT SECULAR<\/h2>\n<p>Es compon de persones religioses que viuen entre la poblaci\u00f3 i difonen el missatge religi\u00f3s entre la gent. En primer lloc es troba l&#039;alt clergat, format per bisbes i arquebisbes, que manen sobre una zona denominada di\u00f2cesi. Cada di\u00f2cesi est\u00e0 composta per petites parr\u00f2quies gestionades pels sacerdots. Aquests, en segon lloc, vigilen la vida moral de les gents, oren per ells, els absolen dels seus pecats, els administren els sagraments i ofereixen la missa dels diumenges.<\/p>\n<\/div><div class=\"kc-elm kc-css-102005\" style=\"height: 10px; clear: both; width:100%;\"><\/div><\/div><\/div><div class=\"kc-elm kc-css-41901 kc_col-sm-6 kc_column kc_col-sm-6\"><div class=\"kc-col-container\"><div class=\"kc-elm kc-css-682993\" style=\"height: 10px; clear: both; width:100%;\"><\/div><div class=\"kc-elm kc-css-377048 kc_text_block\"><h2>CLERGAT REGULAR<\/h2>\n<p>Es compon per les persones religioses que pertanyen a una ordre religiosa i viuen regits per una determinada regla mon\u00e0stica i practicant els seus vots de pobresa, castedat i obedi\u00e8ncia. Cada Ordre segueix la Regla d&#039;un sant i vesteix amb un h\u00e0bit d&#039;un determinat color. Viuen reclosos en convents o monestirs dedicats al lema &#8220;ora et labora\", a resar i treballar. Aquests monjos a m\u00e9s dels vots no poden posseir b\u00e9ns materials. Cada ordre t\u00e9 les seves caracter\u00edstiques p\u00f2pies.<\/p>\n<\/div><div class=\"kc-elm kc-css-425535\" style=\"height: 30px; clear: both; width:100%;\"><\/div><\/div><\/div><\/div><\/div><\/section><section id=\"franjaborde2\" data-kc-fullwidth=\"row\" class=\"kc-elm kc-css-822952 kc_row\"><div class=\"kc-row-container  kc-container\"><div class=\"kc-wrap-columns\"><div class=\"kc-elm kc-css-24637 kc_col-sm-12 kc_column kc_col-sm-12\"><div class=\"kc-col-container\"><\/div><\/div><\/div><\/div><\/section><section class=\"kc-elm kc-css-296686 kc_row\"><div class=\"kc-row-container  kc-container\"><div class=\"kc-wrap-columns\"><div class=\"kc-elm kc-css-982256 kc_col-sm-12 kc_column kc_col-sm-12\"><div class=\"kc-col-container\"><div class=\"kc-elm kc-css-265395 kc_text_block\"><p>Su horario se divida seg\u00fan los nombres de las ceremonias religiosas:<\/p>\n<p>MAITINES: Medianoche La jornada empieza con esta ceremonia en la cual se cantan en el templo una quincena de Salmos. Los hermanos est\u00e1n autorizados a acostarse de nuevo.<\/p>\n<p>LAUDES (3 de la madrugada) Se realiza\u00a0una serie de cantos de alabanza al Se\u00f1or. Tras los Laudes los monjes realizan sus abluciones en la fuente del claustro, dirigi\u00e9ndose seguidamente a la sala Capitular. All\u00ed, el Abad o el Prior organizan el trabajo del d\u00eda, asignando a los monjes diversas ocupaciones.<\/p>\n<p>Se trabaja entonces durante las horas Prima y Tertia.<\/p>\n<p>A las 9 h. se celebra la primera misa del d\u00eda. Tras<br \/>\nella se dispone de un tiempo muerto que suele dedicarse a la meditaci\u00f3n en el claustro o a seguir con la tarea asignada si esta es urgente, hasta llegar a la hora Sexta (Mediod\u00eda) en la cual se celebra la segunda misa del d\u00eda. Tras ella se come en el Refectorio (Comedor com\u00fan) en silencio,<br \/>\nmientras uno de los monjes lee las Sagradas escrituras o la Regla de la Orden. Tras la comida\u00a0 hay un corto per\u00edodo de descanso hasta las 15 h. (hora Nona) en la cual se reemprende el trabajo hasta la hora de V\u00edsperas (18 h.) en la cual se celebra la tercera misa del d\u00eda. Tras esta se realiza una cena frugal en el refectorio, tras los cual se suele rezar en el templo hasta la hora de Completas (21 h.) en la cual los monjes pueden acostarse.<br \/>\nLa principal autoridad de un monasterio es el Padre Abad, el cual dirige este peque\u00f1o universo y toma las decisiones importantes, auxiliado por la Revelaci\u00f3n Divina, la Regla de la Orden y el Prior. Este es el segundo en el poder, y reemplaza al Abad cuando no puede ejercer sus funciones.<\/p>\n<\/div><\/div><\/div><\/div><\/div><\/section><section id=\"Ordenes+Religiosas\" class=\"kc-elm kc-css-250952 kc_row\"><div class=\"kc-row-container  kc-container\"><div class=\"kc-wrap-columns\"><div class=\"kc-elm kc-css-168717 kc_col-sm-12 kc_column kc_col-sm-12\"><div class=\"kc-col-container\"><div class=\"kc-elm kc-css-291776 kc_text_block\"><h1 style=\"text-align: center;\"><strong>Ordres Religioses<\/strong><\/h1>\n<\/div><div class=\"kc-elm kc-css-459857 kc-raw-code\"><div id=\"footable_parent_4108\"\n         class=\" footable_parent ninja_table_wrapper loading_ninja_table wp_table_data_press_parent bootstrap3 \">\n                <table data-ninja_table_instance=\"ninja_table_instance_0\" data-footable_id=\"4108\" data-filter-delay=\"1000\" aria-label=\"ORDENES RELIGIOSAS Y MILITARES\"            id=\"footable_4108\"\n           data-unique_identifier=\"ninja_table_unique_id_1587751455_4108\"\n           class=\" foo-table ninja_footable foo_table_4108 ninja_table_unique_id_1587751455_4108 table  nt_type_ajax_table table-striped table-bordered table-hover  footable-paging-right\">\n                <colgroup>\n                            <col class=\"ninja_column_0 \">\n                            <col class=\"ninja_column_1 \">\n                            <col class=\"ninja_column_2 \">\n                            <col class=\"ninja_column_3 \">\n                            <col class=\"ninja_column_4 \">\n                            <col class=\"ninja_column_5 \">\n                            <col class=\"ninja_column_6 \">\n                            <col class=\"ninja_column_7 hidden\">\n                            <col class=\"ninja_column_8 hidden\">\n                    <\/colgroup>\n            <\/table>\n    \n    \n    \n<\/div>\n<\/div><\/div><\/div><\/div><\/div><\/section><section id=\"tabla+papas\" class=\"kc-elm kc-css-948098 kc_row\"><div class=\"kc-row-container  kc-container\"><div class=\"kc-wrap-columns\"><div class=\"kc-elm kc-css-821465 kc_col-sm-12 kc_column kc_col-sm-12\"><div class=\"kc-col-container\"><div class=\"kc-elm kc-css-69117 kc_text_block\"><h1 style=\"text-align: center;\"><strong>Papes del S. IX al S. XVIII<\/strong><\/h1>\n<\/div><div class=\"kc-elm kc-css-358243 kc-raw-code\"><div id=\"footable_parent_4080\"\n         class=\" footable_parent ninja_table_wrapper loading_ninja_table wp_table_data_press_parent bootstrap3 \">\n                <table data-ninja_table_instance=\"ninja_table_instance_1\" data-footable_id=\"4080\" data-filter-delay=\"1000\" aria-label=\"Papas del S. IX al S. XVIII\"            id=\"footable_4080\"\n           data-unique_identifier=\"ninja_table_unique_id_1067399484_4080\"\n           class=\" foo-table ninja_footable foo_table_4080 ninja_table_unique_id_1067399484_4080 table  nt_type_ajax_table table-striped table-bordered table-hover  footable-paging-right\">\n                <colgroup>\n                            <col class=\"ninja_column_0 \">\n                            <col class=\"ninja_column_1 \">\n                            <col class=\"ninja_column_2 \">\n                            <col class=\"ninja_column_3 \">\n                            <col class=\"ninja_column_4 \">\n                            <col class=\"ninja_column_5 \">\n                            <col class=\"ninja_column_6 \">\n                    <\/colgroup>\n            <\/table>\n    \n    \n    \n<\/div>\n<\/div><\/div><\/div><\/div><\/div><\/section>","protected":false},"excerpt":{"rendered":"<div class='heateor_sss_sharing_container heateor_sss_vertical_sharing heateor_sss_bottom_sharing' style='width:44px;right: -10px;top: 250px;-webkit-box-shadow:none;box-shadow:none;' heateor-sss-data-href='https:\/\/rolmasters.com\/ca\/wp-json\/wp\/v2\/pages\/4022'><ul  class=\"heateor_sss_sharing_ul\"><li class=\"\"><i style=\"width:40px;height:40px;margin:0;\" alt=\"Facebook\" Title=\"Facebook\" class=\"heateorSssSharing heateorSssFacebookBackground\" onclick='heateorSssPopup(\"https:\/\/www.facebook.com\/sharer\/sharer.php?u=https%3A%2F%2Frolmasters.com%2Fca%2Fwp-json%2Fwp%2Fv2%2Fpages%2F4022\")'><ss style=\"display:block;\" class=\"heateorSssSharingSvg heateorSssFacebookSvg\"><\/ss><\/i><\/li><li class=\"\"><i style=\"width:40px;height:40px;margin:0;\" alt=\"Twitter\" Title=\"Twitter\" class=\"heateorSssSharing heateorSssTwitterBackground\" onclick='heateorSssPopup(\"http:\/\/twitter.com\/intent\/tweet?text=ROLMASTERS%20-%20Tira%201D100&url=https%3A%2F%2Frolmasters.com%2Fca%2Fwp-json%2Fwp%2Fv2%2Fpages%2F4022\")'><ss style=\"display:block;\" class=\"heateorSssSharingSvg heateorSssTwitterSvg\"><\/ss><\/i><\/li><li class=\"\"><i style=\"width:40px;height:40px;margin:0;\" alt=\"Whatsapp\" Title=\"Whatsapp\" class=\"heateorSssSharing heateorSssWhatsappBackground\"><a  href=\"whatsapp:\/\/send?text=ROLMASTERS%20-%20Tira%201D100 https%3A%2F%2Frolmasters.com%2Fca%2Fwp-json%2Fwp%2Fv2%2Fpages%2F4022\" rel=\"nofollow\"><ss style=\"display:block\" class=\"heateorSssSharingSvg heateorSssWhatsappSvg\"><\/ss><\/a><\/i><\/li><\/ul><div class=\"heateorSssClear\"><\/div><\/div>","protected":false},"author":1,"featured_media":4028,"parent":3934,"menu_order":0,"comment_status":"closed","ping_status":"closed","template":"full-width-FAW.php","meta":{"footnotes":""},"_links":{"self":[{"href":"https:\/\/rolmasters.com\/ca\/wp-json\/wp\/v2\/pages\/4022"}],"collection":[{"href":"https:\/\/rolmasters.com\/ca\/wp-json\/wp\/v2\/pages"}],"about":[{"href":"https:\/\/rolmasters.com\/ca\/wp-json\/wp\/v2\/types\/page"}],"author":[{"embeddable":true,"href":"https:\/\/rolmasters.com\/ca\/wp-json\/wp\/v2\/users\/1"}],"replies":[{"embeddable":true,"href":"https:\/\/rolmasters.com\/ca\/wp-json\/wp\/v2\/comments?post=4022"}],"version-history":[{"count":59,"href":"https:\/\/rolmasters.com\/ca\/wp-json\/wp\/v2\/pages\/4022\/revisions"}],"predecessor-version":[{"id":4246,"href":"https:\/\/rolmasters.com\/ca\/wp-json\/wp\/v2\/pages\/4022\/revisions\/4246"}],"up":[{"embeddable":true,"href":"https:\/\/rolmasters.com\/ca\/wp-json\/wp\/v2\/pages\/3934"}],"wp:featuredmedia":[{"embeddable":true,"href":"https:\/\/rolmasters.com\/ca\/wp-json\/wp\/v2\/media\/4028"}],"wp:attachment":[{"href":"https:\/\/rolmasters.com\/ca\/wp-json\/wp\/v2\/media?parent=4022"}],"curies":[{"name":"wp","href":"https:\/\/api.w.org\/{rel}","templated":true}]}}