{"id":3934,"date":"2018-05-22T12:45:38","date_gmt":"2018-05-22T12:45:38","guid":{"rendered":"http:\/\/rolmasters.com\/?page_id=3934"},"modified":"2018-06-05T14:35:31","modified_gmt":"2018-06-05T14:35:31","slug":"fe","status":"publish","type":"page","link":"https:\/\/rolmasters.com\/ca\/fe\/","title":{"rendered":"FE"},"content":{"rendered":"<section class=\"kc-elm kc-css-765628 kc_row\"><div class=\"kc-row-container  kc-container\"><div class=\"kc-wrap-columns\"><div class=\"kc-elm kc-css-27593 kc_col-sm-12 kc_column kc_col-sm-12\"><div class=\"kc-col-container\"><div class=\"kc-elm kc-css-342840 kc_text_block\"><p>La secci\u00f3 Fe fa refer\u00e8ncia a les creences i institucions religioses o de fe en l&#039;\u00e8poca del Joc de rol Aquelarre. La dividim en diverses p\u00e0gines que resumim a continuaci\u00f3 amb els seus enlla\u00e7os corresponents.<\/p>\n<p>Diferenciem dos blocs, el primer fa refer\u00e8ncia a la Religi\u00f3 cat\u00f2lica i es divideix en dues p\u00e0gines, una dedicada a l&#039;Esgl\u00e9sia i els Papes i una altra dedicada al Tribunal de la Santa Inquisici\u00f3 i els seus inquisidors generals. El segon bloc tracta sobre la creen\u00e7a del b\u00e9 i el mal, est\u00e0 dividit novament en dues p\u00e0gines m\u00e9s que fan refer\u00e8ncia als \u00e9ssers, que podem trobar en el joc, que habiten al cel ia l&#039;infern respectivament.<\/p>\n<\/div><\/div><\/div><\/div><\/div><\/section><section class=\"kc-elm kc-css-50816 kc_row\"><div class=\"kc-row-container  kc-container\"><div class=\"kc-wrap-columns\"><div class=\"kc-elm kc-css-484137 kc_col-sm-12 kc_column kc_col-sm-12\"><div class=\"kc-col-container\"><div class=\"kc-elm kc-css-822958 kc_row kc_row_inner\"><div class=\"kc-elm kc-css-837862 kc_col-sm-6 kc_column_inner kc_col-sm-6\"><div class=\"kc_wrapper kc-col-inner-container\">\n<div class=\"kc-elm kc-css-912006 kc-image-hover-effects kc-img-effects-1 overlay_scale_in\">\n\n\t<a href=\"http:\/\/rolmasters.com\/fe\/la-iglesia-y-los-papas\/\"><img decoding=\"async\" src=\"https:\/\/rolmasters.com\/wp-content\/uploads\/2018\/05\/Aquelarre-3-edicion-111.png\" alt=\"\"\/><\/a><a href=\"http:\/\/rolmasters.com\/fe\/la-iglesia-y-los-papas\/\"><div class=\"overlay-effects\"><div class=\"content-title\">L:apos:ESGL\u00c9SIA I ELS PAPES<\/div><\/div><\/a>\n<\/div><div class=\"kc-elm kc-css-260821 kc_text_block\"><h3 style=\"text-align: center;\"><a href=\"http:\/\/rolmasters.com\/fe\/la-iglesia-y-los-papas\/\">L&#039;ESGL\u00c9SIA I ELS PAPES<\/a><\/h3>\n<p style=\"text-align: center;\">Jerarquia de l&#039;esgl\u00e9sia, ordres Religioses i Papes<\/p>\n<\/div><\/div><\/div><div class=\"kc-elm kc-css-822132 kc_col-sm-6 kc_column_inner kc_col-sm-6\"><div class=\"kc_wrapper kc-col-inner-container\">\n<div class=\"kc-elm kc-css-550406 kc-image-hover-effects kc-img-effects-1 overlay_scale_in\">\n\n\t<a href=\"http:\/\/rolmasters.com\/fe\/tribunal-de-la-santa-inquisicion-aquelarre\/\"><img decoding=\"async\" src=\"https:\/\/rolmasters.com\/wp-content\/uploads\/2017\/09\/Aquelarre-3-edicion-85.png\" alt=\"\"\/><\/a><a href=\"http:\/\/rolmasters.com\/fe\/tribunal-de-la-santa-inquisicion-aquelarre\/\"><div class=\"overlay-effects\"><div class=\"content-title\">EL TRIBUNAL DE LA SANTA INQUISICI\u00d3<\/div><\/div><\/a>\n<\/div><div class=\"kc-elm kc-css-64520 kc_text_block\"><h3 style=\"text-align: center;\"><a href=\"http:\/\/rolmasters.com\/fe\/tribunal-de-la-santa-inquisicion-aquelarre\/\">EL TRIBUNAL DE LA SANTA INQUISICI\u00d3<\/a><\/h3>\n<p style=\"text-align: center;\">Creaci\u00f3 i organitzaci\u00f3 de la Inquisic\u00f3n i els seus Inquisidors Generals<\/p>\n<\/div><\/div><\/div><\/div><\/div><\/div><\/div><\/div><\/section><section class=\"kc-elm kc-css-302433 kc_row\"><div class=\"kc-row-container  kc-container\"><div class=\"kc-wrap-columns\"><div class=\"kc-elm kc-css-885305 kc_col-sm-12 kc_column kc_col-sm-12\"><div class=\"kc-col-container\">\n<div class=\"kc-elm kc-css-716020 divider_line\">\n\t<div class=\"divider_inner divider_line2\">\n\t\t<i class=\"et-flag\"><\/i>\t<\/div>\n<\/div>\n<div class=\"kc-elm kc-css-160735 kc_text_block\"><p style=\"text-align: center;\">A les p\u00e0gines del cel i l&#039;infern trobareu les jerarquies celestial i infernal en diverses taules en funci\u00f3 al tipus d&#039;\u00e9ssers que facin refer\u00e8ncia. Permeten realitzar cerques o filtrar el seu contingut amb la finalitat d&#039;obtenir la informaci\u00f3 rellevant que es precisi trobar de forma f\u00e0cil mitjan\u00e7ant les connexions i les dades recopilades. Extrets en la seva major part del Manual B\u00e0sic i el Suplement Daemonolatreia de Nosolorol.<br \/>\nEn les seg\u00fcents p\u00e0gines ens encarreguem d&#039;explicar com pots utilitzar aquestes taules.<\/p>\n<\/div>\n<div class=\"kc-elm kc-css-525013 divider_line\">\n\t<div class=\"divider_inner divider_line1\">\n\t\t\t<\/div>\n<\/div>\n<div class=\"kc-elm kc-css-291202\" style=\"height: 30px; clear: both; width:100%;\"><\/div><\/div><\/div><\/div><\/div><\/section><section class=\"kc-elm kc-css-522790 kc_row\"><div class=\"kc-row-container  kc-container\"><div class=\"kc-wrap-columns\"><div class=\"kc-elm kc-css-487129 kc_col-sm-12 kc_column kc_col-sm-12\"><div class=\"kc-col-container\"><div class=\"kc-elm kc-css-611517 kc_row kc_row_inner\"><div class=\"kc-elm kc-css-199962 kc_col-sm-6 kc_column_inner kc_col-sm-6\"><div class=\"kc_wrapper kc-col-inner-container\">\n<div class=\"kc-elm kc-css-705656 kc-image-hover-effects kc-img-effects-1 overlay_scale_in\">\n\n\t<a href=\"http:\/\/rolmasters.com\/fe\/angelicum-natura-el-cielo\/\"><img decoding=\"async\" src=\"https:\/\/rolmasters.com\/wp-content\/uploads\/2017\/09\/Aquelarre-3-edicion-99.png\" alt=\"\"\/><\/a><a href=\"http:\/\/rolmasters.com\/fe\/angelicum-natura-el-cielo\/\"><div class=\"overlay-effects\"><div class=\"content-title\">JERARQUIA I CRIATURES CELESTIALS<\/div><\/div><\/a>\n<\/div><div class=\"kc-elm kc-css-809579 kc_text_block\"><h3 style=\"text-align: center;\"><a href=\"http:\/\/rolmasters.com\/fe\/angelicum-natura-el-cielo\/\">ANGELICUM NATURA<\/a><\/h3>\n<p style=\"text-align: center;\">Jererqu\u00eda, organitzaci\u00f3 i tipus de Criatures celestials.<\/p>\n<\/div><\/div><\/div><div class=\"kc-elm kc-css-810007 kc_col-sm-6 kc_column_inner kc_col-sm-6\"><div class=\"kc_wrapper kc-col-inner-container\">\n<div class=\"kc-elm kc-css-854614 kc-image-hover-effects kc-img-effects-1 overlay_scale_in\">\n\n\t<a href=\"http:\/\/rolmasters.com\/fe\/rerum-demoni-el-infierno\/\"><img decoding=\"async\" src=\"https:\/\/rolmasters.com\/wp-content\/uploads\/2017\/09\/Aquelarre-3-edicion-102.png\" alt=\"\"\/><\/a><a href=\"http:\/\/rolmasters.com\/fe\/rerum-demoni-el-infierno\/\"><div class=\"overlay-effects\"><div class=\"content-title\">JERARQUIA I DIMONIS INFERNALS<\/div><\/div><\/a>\n<\/div><div class=\"kc-elm kc-css-839378 kc_text_block\"><h3 style=\"text-align: center;\"><a href=\"http:\/\/rolmasters.com\/fe\/rerum-demoni-el-infierno\/\">RERUM DEMONI<\/a><\/h3>\n<p style=\"text-align: center;\">Jereaquia de l&#039;Infern. Dimonis Majors, Menors i servidors. Les seves tasques i relacions.<\/p>\n<\/div><\/div><\/div><\/div><div class=\"kc-elm kc-css-305609\" style=\"height: 40px; clear: both; width:100%;\"><\/div><\/div><\/div><\/div><\/div><\/section><section id=\"franjaborde1\" data-kc-fullwidth=\"row\" class=\"kc-elm kc-css-320435 kc_row\"><div class=\"kc-row-container  kc-container\"><div class=\"kc-wrap-columns\"><div class=\"kc-elm kc-css-76419 kc_col-sm-12 kc_column kc_col-sm-12\"><div class=\"kc-col-container\"><\/div><\/div><\/div><\/div><\/section><section data-kc-fullwidth=\"row\" class=\"kc-elm kc-css-19111 kc_row\"><div class=\"kc-row-container  kc-container\"><div class=\"kc-wrap-columns\"><div class=\"kc-elm kc-css-289117 kc_col-sm-6 kc_column kc_col-sm-6\"><div class=\"kc-col-container\"><div class=\"kc-elm kc-css-356016 kc_text_block\"><p><img loading=\"lazy\" decoding=\"async\" class=\"aligncenter size-full\" src=\"http:\/\/rolmasters.com\/wp-content\/uploads\/2017\/09\/Aquelarre-3-edicion-6.png\" alt=\"\" width=\"1191\" height=\"767\" \/><\/p>\n<\/div><\/div><\/div><div class=\"kc-elm kc-css-22226 kc_col-sm-6 kc_column kc_col-sm-6\"><div class=\"kc-col-container\"><div class=\"kc-elm kc-css-610979 kc_text_block\"><h2 style=\"text-align: left;\">LA DEMONOLOGIA Y LA INVOCACI\u00d3N DE LOS DEMONIOS DESDE EL PUNTO DE VISTA DE LOS PACTOS INFERNALES<\/h2>\n<\/div><div class=\"kc-elm kc-css-416463\" style=\"height: 10px; clear: both; width:100%;\"><\/div><div class=\"kc-elm kc-css-145555 kc-raw-code\"><div class=\"su-button-center\"><a href=\"http:\/\/rolmasters.com\/fronteres\/Recopilacion-cronologias-oficiales-de-aquelarre-por-Rolmasters.pdf\" class=\"su-button su-button-style-default\" style=\"color:#FFFFFF;background-color:#fb5250;border-color:#c94240;border-radius:7px;-moz-border-radius:7px;-webkit-border-radius:7px\" target=\"_blank\"><span style=\"color:#FFFFFF;padding:7px 20px;font-size:16px;line-height:24px;border-color:#fc8685;border-radius:7px;-moz-border-radius:7px;-webkit-border-radius:7px;text-shadow:none;-moz-text-shadow:none;-webkit-text-shadow:none\"><img decoding=\"async\" src=\"http:\/\/rolmasters.com\/wp-content\/uploads\/2017\/09\/ADMIN-ICON-ROLMASTERS.png\" alt=\"DESCARGA RECOPILATORIO\" style=\"width:24px;height:24px\" \/> DESCARGA RECOPILATORIO<\/span><\/a><\/div><\/div><div class=\"kc-elm kc-css-599256\" style=\"height: 30px; clear: both; width:100%;\"><\/div><\/div><\/div><\/div><\/div><\/section><section id=\"franjaborde2\" data-kc-fullwidth=\"row\" class=\"kc-elm kc-css-576486 kc_row\"><div class=\"kc-row-container  kc-container\"><div class=\"kc-wrap-columns\"><div class=\"kc-elm kc-css-727698 kc_col-sm-12 kc_column kc_col-sm-12\"><div class=\"kc-col-container\"><\/div><\/div><\/div><\/div><\/section><section class=\"kc-elm kc-css-352653 kc_row\"><div class=\"kc-row-container  kc-container\"><div class=\"kc-wrap-columns\"><div class=\"kc-elm kc-css-865210 kc_col-sm-12 kc_column kc_col-sm-12\"><div class=\"kc-col-container\"><div class=\"kc-elm kc-css-8120\" style=\"height: 30px; clear: both; width:100%;\"><\/div><div class=\"kc-elm kc-css-876279 kc_text_block\"><p>La secci\u00f3n Fe hace referencia a las creencias e instituciones religiosas o de fe en la \u00e9poca del Juego de rol Aquelarre.\u00a0<span style=\"font-style: inherit;\">La dividimos en varias p\u00e1ginas que resumimos a continuaci\u00f3n con sus enlaces correspondientes.\u00a0\u00a0<\/span><\/p>\n<p>Vamos a diferenciar un bloque principal sobre la creencia del bien y el mal, dividido en pos p\u00e1ginas que hacen referencia\u00a0a los seres que podemos encontrar en el juego que habitan en el cielo y en el infierno respectivamente. Y un segundo\u00a0<span style=\"font-style: inherit;\">bloque principal que hace referencia a la Iglesia cat\u00f3lica y se divide nuevamente en dos p\u00e1ginas m\u00e1s, una dedicada a los Papas y otra dedicada al Tribunal de la Santa Inquisici\u00f3n.<\/span><\/p>\n<\/div><\/div><\/div><\/div><\/div><\/section>","protected":false},"excerpt":{"rendered":"<div class='heateor_sss_sharing_container heateor_sss_vertical_sharing heateor_sss_bottom_sharing' style='width:44px;right: -10px;top: 250px;-webkit-box-shadow:none;box-shadow:none;' heateor-sss-data-href='https:\/\/rolmasters.com\/ca\/wp-json\/wp\/v2\/pages\/3934'><ul  class=\"heateor_sss_sharing_ul\"><li class=\"\"><i style=\"width:40px;height:40px;margin:0;\" alt=\"Facebook\" Title=\"Facebook\" class=\"heateorSssSharing heateorSssFacebookBackground\" onclick='heateorSssPopup(\"https:\/\/www.facebook.com\/sharer\/sharer.php?u=https%3A%2F%2Frolmasters.com%2Fca%2Fwp-json%2Fwp%2Fv2%2Fpages%2F3934\")'><ss style=\"display:block;\" class=\"heateorSssSharingSvg heateorSssFacebookSvg\"><\/ss><\/i><\/li><li class=\"\"><i style=\"width:40px;height:40px;margin:0;\" alt=\"Twitter\" Title=\"Twitter\" class=\"heateorSssSharing heateorSssTwitterBackground\" onclick='heateorSssPopup(\"http:\/\/twitter.com\/intent\/tweet?text=ROLMASTERS%20-%20Tira%201D100&url=https%3A%2F%2Frolmasters.com%2Fca%2Fwp-json%2Fwp%2Fv2%2Fpages%2F3934\")'><ss style=\"display:block;\" class=\"heateorSssSharingSvg heateorSssTwitterSvg\"><\/ss><\/i><\/li><li class=\"\"><i style=\"width:40px;height:40px;margin:0;\" alt=\"Whatsapp\" Title=\"Whatsapp\" class=\"heateorSssSharing heateorSssWhatsappBackground\"><a  href=\"whatsapp:\/\/send?text=ROLMASTERS%20-%20Tira%201D100 https%3A%2F%2Frolmasters.com%2Fca%2Fwp-json%2Fwp%2Fv2%2Fpages%2F3934\" rel=\"nofollow\"><ss style=\"display:block\" class=\"heateorSssSharingSvg heateorSssWhatsappSvg\"><\/ss><\/a><\/i><\/li><\/ul><div class=\"heateorSssClear\"><\/div><\/div>","protected":false},"author":1,"featured_media":4028,"parent":0,"menu_order":0,"comment_status":"closed","ping_status":"closed","template":"full-width.php","meta":{"footnotes":""},"_links":{"self":[{"href":"https:\/\/rolmasters.com\/ca\/wp-json\/wp\/v2\/pages\/3934"}],"collection":[{"href":"https:\/\/rolmasters.com\/ca\/wp-json\/wp\/v2\/pages"}],"about":[{"href":"https:\/\/rolmasters.com\/ca\/wp-json\/wp\/v2\/types\/page"}],"author":[{"embeddable":true,"href":"https:\/\/rolmasters.com\/ca\/wp-json\/wp\/v2\/users\/1"}],"replies":[{"embeddable":true,"href":"https:\/\/rolmasters.com\/ca\/wp-json\/wp\/v2\/comments?post=3934"}],"version-history":[{"count":27,"href":"https:\/\/rolmasters.com\/ca\/wp-json\/wp\/v2\/pages\/3934\/revisions"}],"predecessor-version":[{"id":4240,"href":"https:\/\/rolmasters.com\/ca\/wp-json\/wp\/v2\/pages\/3934\/revisions\/4240"}],"wp:featuredmedia":[{"embeddable":true,"href":"https:\/\/rolmasters.com\/ca\/wp-json\/wp\/v2\/media\/4028"}],"wp:attachment":[{"href":"https:\/\/rolmasters.com\/ca\/wp-json\/wp\/v2\/media?parent=3934"}],"curies":[{"name":"wp","href":"https:\/\/api.w.org\/{rel}","templated":true}]}}