{"id":378,"date":"2017-09-18T22:03:43","date_gmt":"2017-09-18T22:03:43","guid":{"rendered":"http:\/\/rolmasters.com\/?page_id=378"},"modified":"2021-11-24T10:18:31","modified_gmt":"2021-11-24T10:18:31","slug":"aventuras","status":"publish","type":"page","link":"https:\/\/rolmasters.com\/ca\/aventuras\/","title":{"rendered":"AVENTURES"},"content":{"rendered":"<section class=\"kc-elm kc-css-487676 kc_row\"><div class=\"kc-row-container  kc-container\"><div class=\"kc-wrap-columns\"><div class=\"kc-elm kc-css-261694 kc_col-sm-12 kc_column kc_col-sm-12\"><div class=\"kc-col-container\"><div class=\"kc-elm kc-css-132124 kc_text_block\"><p>En aquesta secci\u00f3 trobareu aventures per al joc de rol Aquelarre llestes per descarregar en PDF i jugar.<\/p>\n<p>Les aventures les dividim en tres blocs segons la seva naturalesa. En el primer bloc trobem els M\u00f2duls o Partides individuals. El segon el conformen les campanyes que s\u00f3n una successi\u00f3 de m\u00f2duls o partides unides per una trama principal. L&#8217;\u00faltim bloc s\u00f3n suplements no oficials. Totes elles has estat recollides de diverses fonts i s\u00f3n originals, escrits per diversos autors a qui agra\u00efm la seva col\u00b7laboraci\u00f3 i atorguem el reconeixement que mereixen.<\/p>\n<\/div><\/div><\/div><\/div><\/div><\/section><section class=\"kc-elm kc-css-951298 kc_row\"><div class=\"kc-row-container  kc-container\"><div class=\"kc-wrap-columns\"><div class=\"kc-elm kc-css-697060 kc_col-sm-4 kc_column kc_col-sm-4\"><div class=\"kc-col-container\">\n<div class=\"kc-elm kc-css-399846 kc-image-hover-effects kc-img-effects-1 overlay_scale_in\">\n\n\t<a href=\"http:\/\/rolmasters.com\/aventuras\/partidas\/\"><img decoding=\"async\" src=\"https:\/\/rolmasters.com\/wp-content\/uploads\/2017\/09\/Aquelarre-3-edicion-89.png\" alt=\"\"\/><\/a><a href=\"http:\/\/rolmasters.com\/aventuras\/partidas\/\"><div class=\"overlay-effects\"><div class=\"content-title\">M\u00d2DULS O PARTIDES INDIVIDUALS<\/div><\/div><\/a>\n<\/div><div class=\"kc-elm kc-css-830358 kc_text_block\"><h2 style=\"text-align: center;\"><a href=\"http:\/\/rolmasters.com\/aventuras\/partidas\/\">M\u00d2DULS o PARTIDES<\/a><\/h2>\n<\/div><\/div><\/div><div class=\"kc-elm kc-css-618763 kc_col-sm-4 kc_column kc_col-sm-4\"><div class=\"kc-col-container\">\n<div class=\"kc-elm kc-css-134914 kc-image-hover-effects kc-img-effects-1 overlay_scale_in\">\n\n\t<a href=\"http:\/\/rolmasters.com\/aventuras\/campanas\/\"><img decoding=\"async\" src=\"https:\/\/rolmasters.com\/wp-content\/uploads\/2017\/09\/Aquelarre-3-edicion-28.png\" alt=\"\"\/><\/a><a href=\"http:\/\/rolmasters.com\/aventuras\/campanas\/\"><div class=\"overlay-effects\"><div class=\"content-title\">CAMPANYES<\/div><\/div><\/a>\n<\/div><div class=\"kc-elm kc-css-148481 kc_text_block\"><h2 style=\"text-align: center;\"><a href=\"http:\/\/rolmasters.com\/aventuras\/campanas\/\">CAMPANYES<\/a><\/h2>\n<\/div><\/div><\/div><div class=\"kc-elm kc-css-397565 kc_col-sm-4 kc_column kc_col-sm-4\"><div class=\"kc-col-container\">\n<div class=\"kc-elm kc-css-355993 kc-image-hover-effects kc-img-effects-1 overlay_scale_in\">\n\n\t<a href=\"http:\/\/rolmasters.com\/aventuras\/modulos-no-oficiales\/\"><img decoding=\"async\" src=\"https:\/\/rolmasters.com\/wp-content\/uploads\/2017\/09\/Aquelarre-3-edicion-30.png\" alt=\"\"\/><\/a><a href=\"http:\/\/rolmasters.com\/aventuras\/modulos-no-oficiales\/\"><div class=\"overlay-effects\"><div class=\"content-title\">SUPLEMENTS NO OFICIALS<\/div><\/div><\/a>\n<\/div><div class=\"kc-elm kc-css-641809 kc_text_block\"><h2 style=\"text-align: center;\"><a href=\"http:\/\/rolmasters.com\/aventuras\/modulos-no-oficiales\/\">SUPLEMENTS NO OFICIALS<\/a><\/h2>\n<\/div><\/div><\/div><\/div><\/div><\/section><section class=\"kc-elm kc-css-369671 kc_row\"><div class=\"kc-row-container  kc-container\"><div class=\"kc-wrap-columns\"><div class=\"kc-elm kc-css-721571 kc_col-sm-12 kc_column kc_col-sm-12\"><div class=\"kc-col-container\"><div class=\"kc-elm kc-css-676480 kc_text_block\"><p>Entenem per partida una aventura curta que pugui jugar-se en una sola sessi\u00f3 de joc de com a molt un dia de duraci\u00f3, amb tota la informaci\u00f3 i ap\u00e8ndixs necessaris. Una campanya \u00e9s una s\u00e8rie de partides continuades, amb un fil conductor o trama comuna, dividida en diversos cap\u00edtols, que per la seva extensi\u00f3 han de ser jugats en diferents sessions i dies de joc. Finalment definim com els M\u00f2duls aquelles aventures, ja siguin partides i \/ o campanyes, que contenen material annex, a part dels ap\u00e8ndixs normals, i que aporten m\u00e9s informaci\u00f3 i ajudes de joc per a la creaci\u00f3 de futures aventures.<\/p>\n<\/div><\/div><\/div><\/div><\/div><\/section><section id=\"franjaborde1\" data-kc-fullwidth=\"row\" class=\"kc-elm kc-css-632207 kc_row\"><div class=\"kc-row-container  kc-container\"><div class=\"kc-wrap-columns\"><div class=\"kc-elm kc-css-302263 kc_col-sm-12 kc_column kc_col-sm-12\"><div class=\"kc-col-container\"><\/div><\/div><\/div><\/div><\/section><section data-kc-fullwidth=\"row\" class=\"kc-elm kc-css-448886 kc_row\"><div class=\"kc-row-container  kc-container\"><div class=\"kc-wrap-columns\"><div class=\"kc-elm kc-css-128449 kc_col-sm-6 kc_column kc_col-sm-6\"><div class=\"kc-col-container\">\n<div class=\"kc-elm kc-css-522602 kc-image-hover-effects kc-img-effects-1 overlay_scale_in\">\n\n\t<a href=\"http:\/\/rolmasters.com\/aventuras\/publica-tu-aventura\/\"><img decoding=\"async\" src=\"https:\/\/rolmasters.com\/wp-content\/uploads\/2017\/09\/Aquelarre-3-edicion-81.png\" alt=\"\"\/><\/a><a href=\"http:\/\/rolmasters.com\/aventuras\/publica-tu-aventura\/\"><div class=\"overlay-effects\"><div class=\"content-title\">PUBLICA LA TEVA AVENTURA<\/div><\/div><\/a>\n<\/div><\/div><\/div><div class=\"kc-elm kc-css-885418 kc_col-sm-6 kc_column kc_col-sm-6\"><div class=\"kc-col-container\"><div class=\"kc-elm kc-css-937724\" style=\"height: 10px; clear: both; width:100%;\"><\/div><div class=\"kc-elm kc-css-292848 kc_text_block\"><h2 style=\"text-align: left;\">Tu tamb\u00e9 pots enviar-nos les teves aventures pr\u00f2pies i si ens agraden les publicarem amb el teu nom, nom\u00e9s has de seguir els tres passos que t&#8217;indiquem a la secci\u00f3 envia la teva aventura.<\/h2>\n<\/div><div class=\"kc-elm kc-css-879611\" style=\"height: 10px; clear: both; width:100%;\"><\/div><div class=\"kc-elm kc-css-508985 kc-raw-code\"><div class=\"su-button-center\"><a href=\"http:\/\/rolmasters.com\/aventuras\/publica-tu-aventura\/\" class=\"su-button su-button-style-default\" style=\"color:#FFFFFF;background-color:#fb5250;border-color:#c94240;border-radius:7px;-moz-border-radius:7px;-webkit-border-radius:7px\" target=\"_blank\"><span style=\"color:#FFFFFF;padding:7px 20px;font-size:16px;line-height:24px;border-color:#fc8685;border-radius:7px;-moz-border-radius:7px;-webkit-border-radius:7px;text-shadow:none;-moz-text-shadow:none;-webkit-text-shadow:none\"><img decoding=\"async\" src=\"http:\/\/rolmasters.com\/wp-content\/uploads\/2017\/09\/ADMIN-ICON-ROLMASTERS.png\" alt=\"PUBLICA LA TEVA AVENTURA\" style=\"width:24px;height:24px\" \/> PUBLICA LA TEVA AVENTURA<\/span><\/a><\/div><\/div><div class=\"kc-elm kc-css-497717\" style=\"height: 30px; clear: both; width:100%;\"><\/div><\/div><\/div><\/div><\/div><\/section><section id=\"franjaborde2\" data-kc-fullwidth=\"row\" class=\"kc-elm kc-css-833436 kc_row\"><div class=\"kc-row-container  kc-container\"><div class=\"kc-wrap-columns\"><div class=\"kc-elm kc-css-193759 kc_col-sm-12 kc_column kc_col-sm-12\"><div class=\"kc-col-container\"><\/div><\/div><\/div><\/div><\/section><section class=\"kc-elm kc-css-154519 kc_row\"><div class=\"kc-row-container  kc-container\"><div class=\"kc-wrap-columns\"><div class=\"kc-elm kc-css-53148 kc_col-sm-12 kc_column kc_col-sm-12\"><div class=\"kc-col-container\"><div class=\"kc-elm kc-css-989500\" style=\"height: 55px; clear: both; width:100%;\"><\/div><div class=\"kc-elm kc-css-263073 kc_row kc_row_inner\"><div class=\"kc-elm kc-css-118480 kc_col-sm-4 kc_column_inner kc_col-sm-4\"><div class=\"kc_wrapper kc-col-inner-container\"><div class=\"kc-elm kc-css-15775\" style=\"height: 10px; clear: both; width:100%;\"><\/div><div class=\"kc-elm kc-css-708345 kc-animated kc-animate-eff-fadeIn kc_text_block\"><h1><img loading=\"lazy\" decoding=\"async\" class=\"aligncenter size-full\" src=\"http:\/\/rolmasters.com\/wp-content\/uploads\/2017\/09\/CROSSOVERS-ROLMASTERS.png\" alt=\"\" width=\"600\" height=\"348\" \/><\/h1>\n<\/div><\/div><\/div><div class=\"kc-elm kc-css-432378 kc_col-sm-4 kc_column_inner kc_col-sm-4\"><div class=\"kc_wrapper kc-col-inner-container\">\n<div class=\"kc-elm kc-css-635480 kc-image-hover-effects kc-img-effects-1 overlay_scale_in\">\n\n\t<a href=\"http:\/\/rolmasters.com\/aventuras\/crossovers\/\"><img decoding=\"async\" src=\"https:\/\/rolmasters.com\/wp-content\/uploads\/2017\/09\/Aquelarre-3-edicion-56.png\" alt=\"\"\/><\/a><a href=\"http:\/\/rolmasters.com\/aventuras\/crossovers\/\"><div class=\"overlay-effects\"><div class=\"content-title\">CROSSOVERS<\/div><\/div><\/a>\n<\/div><\/div><\/div><div class=\"kc-elm kc-css-72317 kc_col-sm-4 kc_column_inner kc_col-sm-4\"><div class=\"kc_wrapper kc-col-inner-container\"><div class=\"kc-elm kc-css-762594\" style=\"height: 10px; clear: both; width:100%;\"><\/div>\n<div class=\"kc-elm kc-css-955367 kc-title-wrap \">\n\n\t<h3 class=\"kc_title\"><a href=\"http:\/\/rolmasters.com\/aventuras\/crossovers\/\" class=\"kc_title_link\" title=\"\" target=\"\">Crossovers de Aquelarre<\/a><\/h3>\n<\/div>\n<div class=\"kc-elm kc-css-294104 kc_text_block\"><p>En aquesta secci\u00f3 trobareu material que entrecreua Aquelarre amb altres jocs de rol. Ja sigui a nivell d&#8217;ambientaci\u00f3, aventures dissenyades per poder jugar amb els dos jocs o material, ajudes o regles que permetin poder adaptar ambd\u00f3s jocs.<\/p>\n<\/div><\/div><\/div><\/div><\/div><\/div><\/div><\/div><\/section><section class=\"kc-elm kc-css-822967 kc_row\"><div class=\"kc-row-container  kc-container\"><div class=\"kc-wrap-columns\"><div class=\"kc-elm kc-css-644418 kc_col-sm-12 kc_column kc_col-sm-12\"><div class=\"kc-col-container\">\n<div class=\"kc-elm kc-css-277813 divider_line\">\n\t<div class=\"divider_inner divider_line2\">\n\t\t<i class=\"et-global\"><\/i>\t<\/div>\n<\/div>\n<div class=\"kc-elm kc-css-566212 kc_text_block\"><h1 style=\"text-align: center;\">AGRA\u00cfMENTS ESPECIALS<\/h1>\n<\/div><div class=\"kc-elm kc-css-839975 kc_row kc_row_inner\"><div class=\"kc-elm kc-css-381532 kc_col-sm-6 kc_column_inner kc_col-sm-6\"><div class=\"kc_wrapper kc-col-inner-container\"><div class=\"kc-elm kc-css-556836 kc_text_block\"><p><img loading=\"lazy\" decoding=\"async\" class=\"alignleft size-thumbnail\" src=\"http:\/\/rolmasters.com\/wp-content\/uploads\/2017\/09\/Aquelarre-3-edicion-60.png\" alt=\"\" width=\"1191\" height=\"767\" \/><\/p>\n<\/div><\/div><\/div><div class=\"kc-elm kc-css-390967 kc_col-sm-6 kc_column_inner kc_col-sm-6\"><div class=\"kc_wrapper kc-col-inner-container\"><div class=\"kc-elm kc-css-369720 kc_text_block\"><p>Volem agrair a tots els que han fet possible aquesta secci\u00f3.<\/p>\n<p>En primer lloc evidentment a tots els autors, per fer i compartir les seves partides d&#8217;aquelarre.<\/p>\n<p>En segon lloc a les fonts i els webs d&#8217;on hem recopilat tot aquest material i que citem a continuaci\u00f3.<\/p>\n<ul>\n<li>Ricard Ib\u00e1\u00f1ez: <a href=\"https:\/\/historol.blogspot.com.es\/\" target=\"_blank\" rel=\"noopener\">HISTOROL\u00a0<\/a><\/li>\n<li>Sinergia de rol: <a href=\"http:\/\/www.sinergiaderol.com\" target=\"_blank\" rel=\"noopener\">SINERGIA DE ROL\u00a0<\/a><\/li>\n<li>El Grimorio: <a href=\"http:\/\/elgrimorio.org\">EL GRIMORIO\u00a0<\/a><\/li>\n<li>Libro Juego: <a href=\"http:\/\/librojuegos.org\" target=\"_blank\" rel=\"noopener\">LIBROJUEGOS<\/a><\/li>\n<li>Antonio Polo: <a href=\"http:\/\/rolequest.blogspot.com.es\/\" target=\"_blank\" rel=\"noopener\">ROLE QUEST\u00a0<\/a><\/li>\n<li>Albert Tarr\u00e9s: <a href=\"http:\/\/greatfrezzerspanishversion.blogspot.com.es\/\" target=\"_blank\" rel=\"noopener\">AQUELARRE ADVANCED<\/a><\/li>\n<li>Santiago G\u00f3mez &#8220;Urruela\": <a href=\"http:\/\/sombrasdeurruela.blogspot.com.es\" target=\"_blank\" rel=\"noopener\">SOMBRAS DE URRUELA<\/a><\/li>\n<li>Juan Pablo Fern\u00e1ndez del R\u00edo: <a href=\"http:\/\/manpang.blogspot.com.es\" target=\"_blank\" rel=\"noopener\">LA FORTALEZA DE MANPANG\u00a0<\/a><\/li>\n<li>Pepe: <a href=\"http:\/\/laspartidasdepepe.blogspot.com.es\" target=\"_blank\" rel=\"noopener\">PARTIDAS DE PEPE<\/a><\/li>\n<li>Orthanc: <a href=\"http:\/\/persorol.blogspot.com.es\/\" target=\"_blank\" rel=\"noopener\">PERSO ROL<\/a><\/li>\n<li>Antonio Peiro: <a href=\"http:\/\/akercodicem.blogspot.com.es\/\" target=\"_blank\" rel=\"noopener\">AKER CODICEM<\/a><\/li>\n<li>Manel G\u00f3mez Estruch:\u00a0<a href=\"http:\/\/comteestruch.blogspot.com.es\/\" target=\"_blank\" rel=\"noopener\">EL RINC\u00d3N DEL ROL<\/a><\/li>\n<li><a href=\"http:\/\/elguardiandelosarcanos.blogspot.com.es\/\" target=\"_blank\" rel=\"noopener\">EL GUARDI\u00c1N DE LOS ARCANOS<\/a><\/li>\n<li><a href=\"https:\/\/www.grupocodice.es\/\" target=\"_blank\" rel=\"noopener\">GRUPO CREATIVO CODICE<\/a><\/li>\n<\/ul>\n<p>En tercer i \u00faltim lloc, per\u00f2 no per aix\u00f2 menys important, a vosaltres: Jugadors i Directors de Joc, aficcionats i lectors, que amb les vostres descarregues, lectures i hores de joc heu fet creixer aquest magn\u00edfic univers que \u00e9s Aquelarre.<\/p>\n<\/div><\/div><\/div><\/div><\/div><\/div><\/div><\/div><\/section>","protected":false},"excerpt":{"rendered":"<div class='heateor_sss_sharing_container heateor_sss_vertical_sharing heateor_sss_bottom_sharing' style='width:44px;right: -10px;top: 250px;-webkit-box-shadow:none;box-shadow:none;' heateor-sss-data-href='https:\/\/rolmasters.com\/ca\/wp-json\/wp\/v2\/pages\/378'><ul  class=\"heateor_sss_sharing_ul\"><li class=\"\"><i style=\"width:40px;height:40px;margin:0;\" alt=\"Facebook\" Title=\"Facebook\" class=\"heateorSssSharing heateorSssFacebookBackground\" onclick='heateorSssPopup(\"https:\/\/www.facebook.com\/sharer\/sharer.php?u=https%3A%2F%2Frolmasters.com%2Fca%2Fwp-json%2Fwp%2Fv2%2Fpages%2F378\")'><ss style=\"display:block;\" class=\"heateorSssSharingSvg heateorSssFacebookSvg\"><\/ss><\/i><\/li><li class=\"\"><i style=\"width:40px;height:40px;margin:0;\" alt=\"Twitter\" Title=\"Twitter\" class=\"heateorSssSharing heateorSssTwitterBackground\" onclick='heateorSssPopup(\"http:\/\/twitter.com\/intent\/tweet?text=ROLMASTERS%20-%20Tira%201D100&url=https%3A%2F%2Frolmasters.com%2Fca%2Fwp-json%2Fwp%2Fv2%2Fpages%2F378\")'><ss style=\"display:block;\" class=\"heateorSssSharingSvg heateorSssTwitterSvg\"><\/ss><\/i><\/li><li class=\"\"><i style=\"width:40px;height:40px;margin:0;\" alt=\"Whatsapp\" Title=\"Whatsapp\" class=\"heateorSssSharing heateorSssWhatsappBackground\"><a  href=\"whatsapp:\/\/send?text=ROLMASTERS%20-%20Tira%201D100 https%3A%2F%2Frolmasters.com%2Fca%2Fwp-json%2Fwp%2Fv2%2Fpages%2F378\" rel=\"nofollow\"><ss style=\"display:block\" class=\"heateorSssSharingSvg heateorSssWhatsappSvg\"><\/ss><\/a><\/i><\/li><\/ul><div class=\"heateorSssClear\"><\/div><\/div>","protected":false},"author":1,"featured_media":276,"parent":0,"menu_order":0,"comment_status":"closed","ping_status":"closed","template":"full-width.php","meta":{"footnotes":""},"_links":{"self":[{"href":"https:\/\/rolmasters.com\/ca\/wp-json\/wp\/v2\/pages\/378"}],"collection":[{"href":"https:\/\/rolmasters.com\/ca\/wp-json\/wp\/v2\/pages"}],"about":[{"href":"https:\/\/rolmasters.com\/ca\/wp-json\/wp\/v2\/types\/page"}],"author":[{"embeddable":true,"href":"https:\/\/rolmasters.com\/ca\/wp-json\/wp\/v2\/users\/1"}],"replies":[{"embeddable":true,"href":"https:\/\/rolmasters.com\/ca\/wp-json\/wp\/v2\/comments?post=378"}],"version-history":[{"count":32,"href":"https:\/\/rolmasters.com\/ca\/wp-json\/wp\/v2\/pages\/378\/revisions"}],"predecessor-version":[{"id":7607,"href":"https:\/\/rolmasters.com\/ca\/wp-json\/wp\/v2\/pages\/378\/revisions\/7607"}],"wp:featuredmedia":[{"embeddable":true,"href":"https:\/\/rolmasters.com\/ca\/wp-json\/wp\/v2\/media\/276"}],"wp:attachment":[{"href":"https:\/\/rolmasters.com\/ca\/wp-json\/wp\/v2\/media?parent=378"}],"curies":[{"name":"wp","href":"https:\/\/api.w.org\/{rel}","templated":true}]}}