{"id":3715,"date":"2018-05-08T10:25:10","date_gmt":"2018-05-08T10:25:10","guid":{"rendered":"http:\/\/rolmasters.com\/?page_id=3715"},"modified":"2018-06-05T14:37:14","modified_gmt":"2018-06-05T14:37:14","slug":"tribunal-de-la-santa-inquisicion-aquelarre","status":"publish","type":"page","link":"https:\/\/rolmasters.com\/ca\/fe\/tribunal-de-la-santa-inquisicion-aquelarre\/","title":{"rendered":"TRIBUNAL DE LA SANTA INQUISICI\u00d3"},"content":{"rendered":"<section class=\"kc-elm kc-css-241426 kc_row\"><div class=\"kc-row-container  kc-container\"><div class=\"kc-wrap-columns\"><div class=\"kc-elm kc-css-317516 kc_col-sm-12 kc_column kc_col-sm-12\"><div class=\"kc-col-container\"><div class=\"kc-elm kc-css-739846 kc_row kc_row_inner\"><div class=\"kc-elm kc-css-433631 kc_col-sm-7 kc_column_inner kc_col-sm-7\"><div class=\"kc_wrapper kc-col-inner-container\"><div class=\"kc-elm kc-css-789021 kc_text_block\"><h3 style=\"color: #444444;\">LA INQUISICI\u00d3 I EL SEU PAPER A L&#8217;EDAD MITJANA<\/h3>\n<p>En aquesta p\u00e0gina anomenem i enllacem tots els Inquisidors Generals de la Inquisici\u00f3 Espanyola des de la seva creaci\u00f3 fins a la seva abolici\u00f3. Prem sobre el nom de cada un d&#8217;ells i s&#8217;obrir\u00e0 l&#8217;enlla\u00e7 corresponent en wikipedia. Tamb\u00e9 hem afegit un breu text sobre la inquisici\u00f3 extret de wikipedia.<\/p>\n<p><img decoding=\"async\" class=\"aligncenter size-full\" src=\"http:\/\/rolmasters.com\/wp-content\/uploads\/2017\/09\/Aquelarre-3-edicion-85.png\" alt=\"Inquisicion europea y espa\u00f1ola\" \/><\/p>\n<p>El terme Inquisici\u00f3 o Santa Inquisici\u00f3 fa al\u00b7lusi\u00f3 a diverses institucions dedicades a la supressi\u00f3 de l&#8217;heretgia majorit\u00e0riament en el si de l&#8217;Esgl\u00e9sia cat\u00f2lica. La heretgia en l&#8217;era medieval europea moltes vegades es castigava amb la pena de mort i d&#8217;aquesta es deriven totes les altres.<\/p>\n<p>La Inquisici\u00f3 medieval es va fundar a 1184 a la zona de Llenguadoc (al sud de Fran\u00e7a) per combatre l&#8217;heretgia dels c\u00e0tars o albigesos. En 1249 es va implantar tamb\u00e9 en el regne d&#8217;Arag\u00f3, sent la primera Inquisici\u00f3 estatal; i en l&#8217;Edat Moderna, amb la uni\u00f3 d&#8217;Arag\u00f3 amb Castella, es va estendre a aquesta amb el nom de Inquisici\u00f3 espanyola (1478-1821) sota control directe de la monarquia hisp\u00e0nica, l&#8217;\u00e0mbit d&#8217;acci\u00f3 es va estendre despr\u00e9s als territoris colonitzats en el que s&#8217;anomenaria Am\u00e8rica, la Inquisici\u00f3 portuguesa (1536-1821) i la Inquisici\u00f3 romana (1542-1965). Les seves v\u00edctimes eren \u00e9ssers humans, i fins i tot animals, acusats de bruixeria, els homosexuals, els blasfems, els heretges (cristians que neguen alguns dels dogmes institu\u00efts per l&#8217;Esgl\u00e9sia romana) i els acusats de juda\u00eftzar en secret.<\/p>\n<p><strong>ORIGEN<\/strong><br \/>\nEn resposta al ressorgiment de l&#8217;heretgia de forma organitzada, es produeix al segle XII al sud de Fran\u00e7a un canvi d&#8217;opini\u00f3 dirigida contra la doctrina albigesa, la qual no coincidia amb els punts de vista de l&#8217;Esgl\u00e9sia cat\u00f2lica amb relaci\u00f3 al matrimoni i altres institucions de la societat. Com a reacci\u00f3, el papa Innocenci III va organitzar una croada contra els albigesos promulgant una legislaci\u00f3 punitiva contra ells. No obstant aix\u00f2, els esfor\u00e7os inicials destinats a sotmetre l&#8217;heretgia no van estar ben coordinats i van ser inefica\u00e7os.<\/p>\n<p><strong>INQUISICI\u00d3N MEDIEVAL<\/strong><\/p>\n<p><span style=\"font-style: inherit;\">Tot i que el procediment inquisitorial com a mitj\u00e0 per combatre l&#8217;heretgia \u00e9s una pr\u00e0ctica antiga de l&#8217;Esgl\u00e9sia cat\u00f2lica, la Inquisici\u00f3 episcopal, primera f\u00f3rmula de la Inquisici\u00f3 medieval, va ser establerta en 1184 mitjan\u00e7ant la butlla del papa Luci III Ad abolendam, com un instrument per acabar amb l&#8217;heretgia c\u00e0tara. El c\u00e0stig f\u00edsic als heretges havia estat disposat amb anterioritat per Frederic II Hohenstaufen, la instituci\u00f3 de la Inquisici\u00f3 es va donar per aturar els abusos que aquests processos podrien patir per part del poder civil. Mitjan\u00e7ant aquesta butlla, s&#8217;exigia als bisbes que intervinguessin activament per extirpar l&#8217;heretgia i se&#8217;ls atorgava la potestat de jutjar i condemnar els heretges de la seva di\u00f2cesi.<\/span><\/p>\n<p>A les anteriors disposicions [&#8230;] afegim el que qualsevol arquebisbe o bisbe, per si o per la seva ardiaca o per altres persones honestes i id\u00f2nies, una o dues vegades l&#8217;any, inspeccioni les parr\u00f2quies en qu\u00e8 se sospiti que habiten heretges; i all\u00ed obligui a tres o m\u00e9s homes de bona fama, o si sembl\u00e9s necessari a tot el ve\u00efnatge, al fet que sota jurament indiquin al bisbe o l&#8217;ardiaca si coneixen all\u00e0 heretges, o alguns que celebrin reunions ocultes o s&#8217;apartin de la vida, les costums o el tracte com\u00fa dels fidels.<\/p>\n<p>En les seg\u00fcents d\u00e8cades, el proc\u00e9s de la Inquisici\u00f3 va resultar intermitent i contradictori en moltes ocasions. Un exemple va ser el cas del primer director de la Inquisici\u00f3 d&#8217;Hongria, Paulus Hungarus, que va defensar als xamans pagans hongaresos valent-se de la seva influ\u00e8ncia amb el Papa Innocenci III. A m\u00e9s, va assegurar que aquests al adorar el sol adoraven l&#8217;ens suprem que era el mateix D\u00e9u, aix\u00ed que no trobava ra\u00f3 per condemnar-los. Paulus Hungarus va ser un dels primers frares dominics, qui va escriure importants documents com la Suma de poenitentiae, tendint les bases de la nova ordre a petici\u00f3 de Domingo de Guzm\u00e1n. No obstant aix\u00f2, Paulus va ser destitu\u00eft i reempla\u00e7at per un religi\u00f3s m\u00e9s estricte prop de 1232, despr\u00e9s d&#8217;haver-se iniciat pr\u00f2piament la Inquisici\u00f3.<\/p>\n<p>En 1231, davant el frac\u00e0s de la Inquisici\u00f3 episcopal, anomenada aix\u00ed perqu\u00e8 no depenia d&#8217;una autoritat central, sin\u00f3 que era administrada pels bisbes locals, Gregori IX va crear mitjan\u00e7ant la butlla Excommunicamus la Inquisici\u00f3 pontif\u00edcia o Inquisici\u00f3 papal, dirigida directament pel Papa i dominada pels ordes mendicants, especialment els dominics. El fet que religiosos sota el control directe del Papa tinguessin al seu c\u00e0rrec els tribunals, va ser un fre a la seva expansi\u00f3, ja que alguns bisbes no volien veure limitat el seu poder a una di\u00f2cesi per la pres\u00e8ncia d&#8217;aquests organismes papals.<\/p>\n<p>En 1252, el papa Innocenci IV va autoritzar a la butlla Ad extirpanda l&#8217;\u00fas de la tortura per obtenir la confessi\u00f3 dels reus. Es recomanava als torturadors no s&#8217;excedissin fins al punt de mutilar al reu o finiquitar-los. Les penes eren variables. Els que es negaven a abjurar, &#8220;heretges relapsos\", eren lliurats al bra\u00e7 secular per a l&#8217;execuci\u00f3 de la pena de mort.<\/p>\n<p><span style=\"font-style: inherit;\">La Inquisici\u00f3 pontif\u00edcia va funcionar sobretot en el sud de Fran\u00e7a i al nord d&#8217;It\u00e0lia. A Espanya, va existir a la Corona d&#8217;Arag\u00f3 des de 1249, per\u00f2 no a la de Castella.<\/span><\/p>\n<p><strong>LA INQUISICI\u00d3 ESPA\u00d1OLA<\/strong><br \/>\nLa Inquisici\u00f3 reial es va implantar a la Corona de Castella el 1478 per la butlla del papa Sixt IV Exigit sincerae devotionis amb la finalitat de combatre les pr\u00e0ctiques juda\u00eftzants dels judeoconversos de Sevilla. A difer\u00e8ncia de la Inquisici\u00f3 medieval, depenia directament de la monarquia, \u00e9s a dir, dels Reis Cat\u00f2lics. Despr\u00e9s d&#8217;una nova butlla emesa en 1483, la Inquisici\u00f3 es va estendre als regnes de la Corona d&#8217;Arag\u00f3, incloent Sic\u00edlia i Sardenya, i als territoris d&#8217;Am\u00e8rica (hi va haver tribunals de la Inquisici\u00f3 a M\u00e8xic, Lima i Cartagena d&#8217;\u00cdndies), i es va nomenar inquisidor General a Tom\u00e1s de Torquemada. La Inquisici\u00f3 es va convertir en l&#8217;\u00fanica instituci\u00f3 comuna a tots els espanyols, amb excepci\u00f3 de la pr\u00f2pia Corona, a qui servia com a instrument del poder reial: era un organisme policial interestatal, capa\u00e7 d&#8217;actuar a banda i banda de les fronteres entre les corones de Castella i Arag\u00f3, mentre que els agents ordinaris de la Corona no podien sobrepassar els l\u00edmits jurisdiccionals dels seus respectius regnes.<\/p>\n<p><strong>M\u00c9TODES DE TORTURA<\/strong><\/p>\n<p>Els acusats eren interrogats, de vegades mitjan\u00e7ant tortures, i castigats si se&#8217;ls trobava culpables, requis\u00e1ndose seus b\u00e9ns. Tamb\u00e9, es podien penedir de la seva acusaci\u00f3 i rebre la reconciliaci\u00f3 amb l&#8217;esgl\u00e9sia.<\/p>\n<p><span style=\"font-style: inherit;\">Segons l&#8217;Esgl\u00e9sia cat\u00f2lica, es va adoptar el m\u00e8tode de la tortura (la qual cosa era socialment acceptat en el context de l&#8217;\u00e8poca) nom\u00e9s en casos excepcionals. El procediment inquisitorial es regulava minuciosament en les pr\u00e0ctiques d&#8217;interrogaci\u00f3. No tots els m\u00e8todes de tortura acceptats civilment eren avalats per l&#8217;Esgl\u00e9sia cat\u00f2lica i perqu\u00e8 un acusat fos enviat a tortura, havia de ser perseguit per un crim considerat greu, i el tribunal havia de tenir tamb\u00e9 sospites fundades de la seva culpabilitat.<\/span><\/p>\n<p>Malgrat l&#8217;\u00fas de la tortura, el procediment inquisitorial representa un avan\u00e7 en la hist\u00f2ria de la legislaci\u00f3. D&#8217;una banda, definitivament descartat l&#8217;\u00fas de l&#8217;ordalia com a mitj\u00e0 d&#8217;obtenci\u00f3 de proves, reempla\u00e7ant-la per el principi de prova testimonial, el qual encara t\u00e9 vig\u00e8ncia en les legislacions de l&#8217;actualitat. D&#8217;altra banda, es restableix el principi de l&#8217;Estat com a fiscal o part acusadora. Fins aquest temps, era la v\u00edctima la que havia de demostrar la culpabilitat del seu agressor, fins i tot en els procediments criminals m\u00e9s greus, aix\u00f2 freq\u00fcentment era molt dif\u00edcil quan la v\u00edctima era feble i el criminal poder\u00f3s. Per\u00f2 en la Inquisici\u00f3 la v\u00edctima no \u00e9s m\u00e9s que un simple testimoni, tal com succeeix en l&#8217;actualitat. Era l&#8217;autoritat eclesi\u00e0stica qui ara tenia sobre si la c\u00e0rrega de la prova.<\/p>\n<p>Wikipedia: <a href=\"https:\/\/es.wikipedia.org\/wiki\/Inquisici%C3%B3n\">https:\/\/es.wikipedia.org\/wiki\/Inquisici%C3%B3n<\/a><\/p>\n<\/div><\/div><\/div><div class=\"kc-elm kc-css-573345 kc_col-sm-5 kc_column_inner kc_col-sm-5\"><div class=\"kc_wrapper kc-col-inner-container\"><div class=\"kc-elm kc-css-911432 kc_row kc_row_inner\"><div class=\"kc-elm kc-css-939421 kc_col-sm-12 kc_column_inner kc_col-sm-12\"><div class=\"kc_wrapper kc-col-inner-container\"><div class=\"kc-elm kc-css-302542 kc_text_block\"><p><img decoding=\"async\" class=\"aligncenter size-full\" src=\"http:\/\/rolmasters.com\/wp-content\/uploads\/2017\/09\/Aquelarre-3-edicion-54.png\" alt=\"Inquisidores Generales del Tribunal de la Santa Inquisicion, Aquelarre\" \/><\/p>\n<\/div><div class=\"kc-elm kc-css-238349 kc_text_block\"><h2 style=\"text-align: center;\">INQUISIDORS GENERALS<\/h2>\n<\/div><div class=\"kc-elm kc-css-815015 kc_text_block\"><p>1483-1498\u00a0<a style=\"font-style: inherit;\" title=\"Tom\u00e1s de Torquemada\" href=\"https:\/\/es.wikipedia.org\/wiki\/Tom%C3%A1s_de_Torquemada\" target=\"_blank\" rel=\"noopener\">Tom\u00e1s de Torquemada<\/a>,\u00a0Prior de Santa Cruz.<\/p>\n<p>1498-1507:\u00a0<a title=\"Diego de Deza\" href=\"https:\/\/es.wikipedia.org\/wiki\/Diego_de_Deza\" target=\"_blank\" rel=\"noopener\">Diego de Deza<\/a>, arquebisbe de Sevilla.<\/p>\n<p>1507-1517:\u00a0<a title=\"Francisco Jim\u00e9nez de Cisneros\" href=\"https:\/\/es.wikipedia.org\/wiki\/Francisco_Jim%C3%A9nez_de_Cisneros\" target=\"_blank\" rel=\"noopener\">Francisco Jim\u00e9nez de Cisneros<\/a>: nom\u00e9s a la Corona de Castella, cardenal i arquebisbe de Toledo.<\/p>\n<p>1507-1513:\u00a0<a title=\"Juan Enguera\" href=\"https:\/\/es.wikipedia.org\/wiki\/Juan_Enguera\" target=\"_blank\" rel=\"noopener\">Juan Enguera<\/a>: nom\u00e9s\u00a0a\u00a0la Corona d&#8217;Arag\u00f3, Bisbe de Vic.<\/p>\n<p>1513-1516: <a class=\"mw-redirect\" title=\"Luis Mercader\" href=\"https:\/\/es.wikipedia.org\/wiki\/Luis_Mercader\" target=\"_blank\" rel=\"noopener\">Luis Mercader<\/a>: nom\u00e9s\u00a0a\u00a0la Corona d&#8217;Arag\u00f3,\u00a0bisbe de Tortosa.<\/p>\n<p>1516:\u00a0<a title=\"Adriano VI\" href=\"https:\/\/es.wikipedia.org\/wiki\/Adriano_VI\" target=\"_blank\" rel=\"noopener\">Adriano de Utrecht<\/a>: nom\u00e9s\u00a0a\u00a0la Corona d&#8217;Arag\u00f3; inquisidor general de Castella i Arag\u00f3 (1518-1522), cardenal i bisbe de Tortosa, papa Adriano VI (1522-1523).<\/p>\n<p>1523-1538:\u00a0<a title=\"Alonso Manrique\" href=\"https:\/\/es.wikipedia.org\/wiki\/Alonso_Manrique\" target=\"_blank\" rel=\"noopener\">Alonso Manrique<\/a>, cardenal i arquebisbe\u00a0de Sevilla.<\/p>\n<p>1539-1545:\u00a0<a title=\"Juan Pardo de Tavera\" href=\"https:\/\/es.wikipedia.org\/wiki\/Juan_Pardo_de_Tavera\" target=\"_blank\" rel=\"noopener\">Juan Pardo de Tavera<\/a>, arquebisbe de Toledo.<\/p>\n<p>1546:\u00a0<a title=\"Garc\u00eda de Loaysa y Mendoza\" href=\"https:\/\/es.wikipedia.org\/wiki\/Garc%C3%ADa_de_Loaysa_y_Mendoza\" target=\"_blank\" rel=\"noopener\">Garc\u00eda de Loaysa y Mendoza<\/a>, arquebisbe de Sevilla.<\/p>\n<p>1547-1566:\u00a0<a title=\"Fernando de Vald\u00e9s y Salas\" href=\"https:\/\/es.wikipedia.org\/wiki\/Fernando_de_Vald%C3%A9s_y_Salas\" target=\"_blank\" rel=\"noopener\">Fernando de Vald\u00e9s<\/a>, arquebisbe de Sevilla. Va renunciar en 1566.<\/p>\n<p>1567-1572:\u00a0<a title=\"Diego de Espinosa\" href=\"https:\/\/es.wikipedia.org\/wiki\/Diego_de_Espinosa\" target=\"_blank\" rel=\"noopener\">Diego de Espinosa<\/a>, bisbe de Sig\u00fcenza.<\/p>\n<p>1573-1594:\u00a0<a class=\"mw-redirect\" title=\"Gaspar de Quiroga\" href=\"https:\/\/es.wikipedia.org\/wiki\/Gaspar_de_Quiroga\" target=\"_blank\" rel=\"noopener\">Gaspar de Quiroga<\/a>, cardenal i arquebisbe\u00a0de Toledo.<\/p>\n<p>1595:\u00a0<a title=\"Jer\u00f3nimo Manrique de Lara\" href=\"https:\/\/es.wikipedia.org\/wiki\/Jer%C3%B3nimo_Manrique_de_Lara\" target=\"_blank\" rel=\"noopener\">Jer\u00f3nimo Manrique de Lara<\/a>, bisbe d&#8217;\u00c1vila.<\/p>\n<p>1596-1599:\u00a0<a title=\"Pedro Portocarrero (inquisidor general)\" href=\"https:\/\/es.wikipedia.org\/wiki\/Pedro_Portocarrero_(inquisidor_general)\" target=\"_blank\" rel=\"noopener\">Pedro Portocarrero<\/a>, obisbisbe po de Calahorra, despu\u00e9s de C\u00f3rdoba. Renunci\u00f3.<\/p>\n<p>1599-1602:\u00a0<a title=\"Fernando Ni\u00f1o de Guevara\" href=\"https:\/\/es.wikipedia.org\/wiki\/Fernando_Ni%C3%B1o_de_Guevara\" target=\"_blank\" rel=\"noopener\">Fernando Ni\u00f1o de Guevara<\/a>, cardenal i arquebisbe\u00a0de Sevilla. Va renunciar.<\/p>\n<p>1602:\u00a0<a title=\"Juan de Z\u00fa\u00f1iga y Flores\" href=\"https:\/\/es.wikipedia.org\/wiki\/Juan_de_Z%C3%BA%C3%B1iga_y_Flores\" target=\"_blank\" rel=\"noopener\">Juan de Z\u00fa\u00f1iga y Flores<\/a>, bisbe de Cartagena.<\/p>\n<p>1603-1608:\u00a0<a class=\"mw-redirect\" title=\"Juan Bautista de Acevedo\" href=\"https:\/\/es.wikipedia.org\/wiki\/Juan_Bautista_de_Acevedo\" target=\"_blank\" rel=\"noopener\">Juan Bautista de Acevedo<\/a>, bisbe de Valladolid.<\/p>\n<p>1608-1618:\u00a0<a title=\"Bernardo de Sandoval y Rojas\" href=\"https:\/\/es.wikipedia.org\/wiki\/Bernardo_de_Sandoval_y_Rojas\" target=\"_blank\" rel=\"noopener\">Bernardo de Sandoval y Rojas<\/a>, cardenal i arquebisbe\u00a0de Toledo.<\/p>\n<p>1619-1621:\u00a0<a title=\"Luis de Aliaga\" href=\"https:\/\/es.wikipedia.org\/wiki\/Luis_de_Aliaga\" target=\"_blank\" rel=\"noopener\">Luis de Aliaga<\/a>, confesor reial.\u00a0<span style=\"font-style: inherit;\">nom\u00e9s\u00a0a\u00a0la Corona d&#8217;Arag\u00f3,<\/span><span style=\"font-style: inherit;\">\u00a0<\/span><\/p>\n<p>1622-1626:\u00a0<a title=\"Andr\u00e9s Pacheco\" href=\"https:\/\/es.wikipedia.org\/wiki\/Andr%C3%A9s_Pacheco\" target=\"_blank\" rel=\"noopener\">Andr\u00e9s Pacheco<\/a>, bisbe de Cuenca.<\/p>\n<p>1627-1632:\u00a0<a title=\"Antonio Zapata y Cisneros\" href=\"https:\/\/es.wikipedia.org\/wiki\/Antonio_Zapata_y_Cisneros\" target=\"_blank\" rel=\"noopener\">Antonio Zapata y Cisneros<\/a>, cardenal i arquebisbe\u00a0de Burgos.<span style=\"font-style: inherit;\">\u00a0<\/span><span style=\"font-style: inherit;\">Va renunciar.<\/span><\/p>\n<p>1632-1643:\u00a0<a title=\"Antonio de Sotomayor\" href=\"https:\/\/es.wikipedia.org\/wiki\/Antonio_de_Sotomayor\" target=\"_blank\" rel=\"noopener\">Antonio de Sotomayor<\/a>, arquebisbe de Damasco.<\/p>\n<p>1643-1665:\u00a0<a title=\"Diego de Arce y Reinoso\" href=\"https:\/\/es.wikipedia.org\/wiki\/Diego_de_Arce_y_Reinoso\" target=\"_blank\" rel=\"noopener\">Diego de Arce y Reinoso<\/a>, bisbe de Plasencia.<\/p>\n<p>1665:\u00a0<a title=\"Pascual de Arag\u00f3n\" href=\"https:\/\/es.wikipedia.org\/wiki\/Pascual_de_Arag%C3%B3n\" target=\"_blank\" rel=\"noopener\">Pascual de Arag\u00f3n<\/a>, arquebisbe de Toledo. Renunci\u00f3.<\/p>\n<p>1666-1669:\u00a0<a title=\"Juan Everardo Nithard\" href=\"https:\/\/es.wikipedia.org\/wiki\/Juan_Everardo_Nithard\" target=\"_blank\" rel=\"noopener\">Juan Everardo Nithard<\/a>\u00a0S.J., confessor del rey, cardenal i arquebisbe\u00a0de Edesa.\u00a0<span style=\"font-style: inherit;\">Va renunciar.<\/span><\/p>\n<p>1669-1695:\u00a0<a class=\"mw-redirect\" title=\"Diego Sarmiento de Valladares\" href=\"https:\/\/es.wikipedia.org\/wiki\/Diego_Sarmiento_de_Valladares\" target=\"_blank\" rel=\"noopener\">Diego Sarmiento de Valladares<\/a>, bisbe de Plasencia.<\/p>\n<p>1695-1699:\u00a0<a title=\"Juan Tom\u00e1s de Rocabert\u00ed\" href=\"https:\/\/es.wikipedia.org\/wiki\/Juan_Tom%C3%A1s_de_Rocabert%C3%AD\" target=\"_blank\" rel=\"noopener\">Juan Tom\u00e1s de Rocabert\u00ed<\/a>, arquebisbe de Valencia.<\/p>\n<p>1699:\u00a0<a title=\"Alonso Fern\u00e1ndez de C\u00f3rdoba y Figueroa\" href=\"https:\/\/es.wikipedia.org\/wiki\/Alonso_Fern%C3%A1ndez_de_C%C3%B3rdoba_y_Figueroa\" target=\"_blank\" rel=\"noopener\">Alonso de Aguilar<\/a>, cardenal. Nombrat per Carlos II, va morir abans de que arrib\u00e9s la butlla papal de confirmaci\u00f3.<\/p>\n<p>1699-1705:\u00a0<a title=\"Baltasar de Mendoza y Sandoval\" href=\"https:\/\/es.wikipedia.org\/wiki\/Baltasar_de_Mendoza_y_Sandoval\" target=\"_blank\" rel=\"noopener\">Baltasar de Mendoza y Sandoval<\/a>, bisbe de Segovia. Fou cesat per Felipe V per les seves simpaties austracistas durant la guerra de succeci\u00f3.<\/p>\n<p>1705-1709:\u00a0<a title=\"Vidal Mar\u00edn del Campo\" href=\"https:\/\/es.wikipedia.org\/wiki\/Vidal_Mar%C3%ADn_del_Campo\" target=\"_blank\" rel=\"noopener\">Vidal Mar\u00edn del Campo<\/a>, bisbe de Ceuta.<\/p>\n<p>1709-1710:\u00a0<a title=\"Antonio Ib\u00e1\u00f1ez de la Riva Herrera\" href=\"https:\/\/es.wikipedia.org\/wiki\/Antonio_Ib%C3%A1%C3%B1ez_de_la_Riva_Herrera\" target=\"_blank\" rel=\"noopener\">Antonio Ib\u00e1\u00f1ez de la Riva Herrera<\/a>, arquebisbe de Zaragoza.<\/p>\n<p>1711-1716:\u00a0<a title=\"Francesco del Giudice\" href=\"https:\/\/es.wikipedia.org\/wiki\/Francesco_del_Giudice\" target=\"_blank\" rel=\"noopener\">Francesco del Giudice<\/a>, cardenal. Va renunciar.<\/p>\n<p>1717:\u00a0<a title=\"Jos\u00e9 Molines\" href=\"https:\/\/es.wikipedia.org\/wiki\/Jos%C3%A9_Molines\" target=\"_blank\" rel=\"noopener\">Jos\u00e9 Molines<\/a>, auditor de la Rota romana. Pres a Mil\u00e1 per les tropes austriaques, va morir en captivitat.<\/p>\n<p>1720:\u00a0<a title=\"Juan de Arzamendi\" href=\"https:\/\/es.wikipedia.org\/wiki\/Juan_de_Arzamendi\" target=\"_blank\" rel=\"noopener\">Juan de Arzamendi<\/a>, nombrat per Felipe V, va morir abans de prendre possessi\u00f3 del c\u00e0rrec.<\/p>\n<p>1720:\u00a0<a title=\"Diego de Astorga y C\u00e9spedes\" href=\"https:\/\/es.wikipedia.org\/wiki\/Diego_de_Astorga_y_C%C3%A9spedes\" target=\"_blank\" rel=\"noopener\">Diego de Astorga y C\u00e9spedes<\/a>, bisbe de Barcelona. Va renunciar.<\/p>\n<p>1720-1733:\u00a0<a title=\"Juan de Camargo Angulo\" href=\"https:\/\/es.wikipedia.org\/wiki\/Juan_de_Camargo_Angulo\" target=\"_blank\" rel=\"noopener\">Juan de Camargo Angulo<\/a>, bisbe de Pamplona.<\/p>\n<p>1733-1740:\u00a0<a title=\"Andr\u00e9s de Orbe y Larre\u00e1tegui\" href=\"https:\/\/es.wikipedia.org\/wiki\/Andr%C3%A9s_de_Orbe_y_Larre%C3%A1tegui\" target=\"_blank\" rel=\"noopener\">Andr\u00e9s de Orbe y Larre\u00e1tegui<\/a>, arquebisbe de Valencia.<\/p>\n<p>1742-1746:\u00a0<a title=\"Manuel Isidro Orozco Manrique de Lara\" href=\"https:\/\/es.wikipedia.org\/wiki\/Manuel_Isidro_Orozco_Manrique_de_Lara\" target=\"_blank\" rel=\"noopener\">Manuel Isidro Orozco Manrique de Lara<\/a>, arquebisbe\u00a0de Santiago.<\/p>\n<p>1746-1755:\u00a0<a title=\"Francisco P\u00e9rez de Prado y Cuesta\" href=\"https:\/\/es.wikipedia.org\/wiki\/Francisco_P%C3%A9rez_de_Prado_y_Cuesta\" target=\"_blank\" rel=\"noopener\">Francisco P\u00e9rez de Prado y Cuesta<\/a>, bisbe\u00a0de Teruel.<\/p>\n<p>1755-1774:\u00a0<a title=\"Manuel Quintano Bonifaz\" href=\"https:\/\/es.wikipedia.org\/wiki\/Manuel_Quintano_Bonifaz\" target=\"_blank\" rel=\"noopener\">Manuel Quintano Bonifaz<\/a>, arquebisbe\u00a0de Farsala. Renunci\u00f3.<\/p>\n<p>1775-1783:\u00a0<a title=\"Felipe Bertr\u00e1n\" href=\"https:\/\/es.wikipedia.org\/wiki\/Felipe_Bertr%C3%A1n\" target=\"_blank\" rel=\"noopener\">Felipe Beltr\u00e1n Serrano<\/a>, bisbe\u00a0de Salamanca.<\/p>\n<p>1784-1793:\u00a0<a title=\"Agust\u00edn Rub\u00edn de Ceballos\" href=\"https:\/\/es.wikipedia.org\/wiki\/Agust%C3%ADn_Rub%C3%ADn_de_Ceballos\" target=\"_blank\" rel=\"noopener\">Agust\u00edn Rub\u00edn de Ceballos<\/a>, bisbe de Ja\u00e9n.<\/p>\n<p>1793-1794:\u00a0<a title=\"Manuel Abad y Lasierra\" href=\"https:\/\/es.wikipedia.org\/wiki\/Manuel_Abad_y_Lasierra\" target=\"_blank\" rel=\"noopener\">Manuel Abad y Lasierra<\/a>, bisbe de Astorga y arquebisbe\u00a0de Selimbria.<\/p>\n<p>1794-1797:\u00a0<a class=\"mw-redirect\" title=\"Francisco Antonio de Lorenzana\" href=\"https:\/\/es.wikipedia.org\/wiki\/Francisco_Antonio_de_Lorenzana\" target=\"_blank\" rel=\"noopener\">Francisco Antonio de Lorenzana<\/a>, cardenal arquebisbe\u00a0de Toledo. Va renunciar.<\/p>\n<p>1798-1808:\u00a0<a title=\"Ram\u00f3n Jos\u00e9 de Arce\" href=\"https:\/\/es.wikipedia.org\/wiki\/Ram%C3%B3n_Jos%C3%A9_de_Arce\" target=\"_blank\" rel=\"noopener\">Ram\u00f3n Jos\u00e9 de Arce<\/a>, arquebisbe\u00a0de Burgos y Zaragoza.\u00a0<span style=\"font-style: inherit;\">Va renunciar.<\/span><\/p>\n<\/div><\/div><\/div><\/div><div class=\"kc-elm kc-css-856700\" style=\"height: 20px; clear: both; width:100%;\"><\/div><\/div><\/div><\/div><\/div><\/div><\/div><\/div><\/section>","protected":false},"excerpt":{"rendered":"<div class='heateor_sss_sharing_container heateor_sss_vertical_sharing heateor_sss_bottom_sharing' style='width:44px;right: -10px;top: 250px;-webkit-box-shadow:none;box-shadow:none;' heateor-sss-data-href='https:\/\/rolmasters.com\/ca\/wp-json\/wp\/v2\/pages\/3715'><ul  class=\"heateor_sss_sharing_ul\"><li class=\"\"><i style=\"width:40px;height:40px;margin:0;\" alt=\"Facebook\" Title=\"Facebook\" class=\"heateorSssSharing heateorSssFacebookBackground\" onclick='heateorSssPopup(\"https:\/\/www.facebook.com\/sharer\/sharer.php?u=https%3A%2F%2Frolmasters.com%2Fca%2Fwp-json%2Fwp%2Fv2%2Fpages%2F3715\")'><ss style=\"display:block;\" class=\"heateorSssSharingSvg heateorSssFacebookSvg\"><\/ss><\/i><\/li><li class=\"\"><i style=\"width:40px;height:40px;margin:0;\" alt=\"Twitter\" Title=\"Twitter\" class=\"heateorSssSharing heateorSssTwitterBackground\" onclick='heateorSssPopup(\"http:\/\/twitter.com\/intent\/tweet?text=ROLMASTERS%20-%20Tira%201D100&url=https%3A%2F%2Frolmasters.com%2Fca%2Fwp-json%2Fwp%2Fv2%2Fpages%2F3715\")'><ss style=\"display:block;\" class=\"heateorSssSharingSvg heateorSssTwitterSvg\"><\/ss><\/i><\/li><li class=\"\"><i style=\"width:40px;height:40px;margin:0;\" alt=\"Whatsapp\" Title=\"Whatsapp\" class=\"heateorSssSharing heateorSssWhatsappBackground\"><a  href=\"whatsapp:\/\/send?text=ROLMASTERS%20-%20Tira%201D100 https%3A%2F%2Frolmasters.com%2Fca%2Fwp-json%2Fwp%2Fv2%2Fpages%2F3715\" rel=\"nofollow\"><ss style=\"display:block\" class=\"heateorSssSharingSvg heateorSssWhatsappSvg\"><\/ss><\/a><\/i><\/li><\/ul><div class=\"heateorSssClear\"><\/div><\/div>","protected":false},"author":1,"featured_media":4028,"parent":3934,"menu_order":0,"comment_status":"closed","ping_status":"closed","template":"full-width.php","meta":{"footnotes":""},"_links":{"self":[{"href":"https:\/\/rolmasters.com\/ca\/wp-json\/wp\/v2\/pages\/3715"}],"collection":[{"href":"https:\/\/rolmasters.com\/ca\/wp-json\/wp\/v2\/pages"}],"about":[{"href":"https:\/\/rolmasters.com\/ca\/wp-json\/wp\/v2\/types\/page"}],"author":[{"embeddable":true,"href":"https:\/\/rolmasters.com\/ca\/wp-json\/wp\/v2\/users\/1"}],"replies":[{"embeddable":true,"href":"https:\/\/rolmasters.com\/ca\/wp-json\/wp\/v2\/comments?post=3715"}],"version-history":[{"count":12,"href":"https:\/\/rolmasters.com\/ca\/wp-json\/wp\/v2\/pages\/3715\/revisions"}],"predecessor-version":[{"id":4244,"href":"https:\/\/rolmasters.com\/ca\/wp-json\/wp\/v2\/pages\/3715\/revisions\/4244"}],"up":[{"embeddable":true,"href":"https:\/\/rolmasters.com\/ca\/wp-json\/wp\/v2\/pages\/3934"}],"wp:featuredmedia":[{"embeddable":true,"href":"https:\/\/rolmasters.com\/ca\/wp-json\/wp\/v2\/media\/4028"}],"wp:attachment":[{"href":"https:\/\/rolmasters.com\/ca\/wp-json\/wp\/v2\/media?parent=3715"}],"curies":[{"name":"wp","href":"https:\/\/api.w.org\/{rel}","templated":true}]}}