{"id":3310,"date":"2018-03-09T09:02:38","date_gmt":"2018-03-09T09:02:38","guid":{"rendered":"http:\/\/rolmasters.com\/?page_id=3310"},"modified":"2018-06-08T07:44:52","modified_gmt":"2018-06-08T07:44:52","slug":"cuestionarre","status":"publish","type":"page","link":"https:\/\/rolmasters.com\/ca\/cuestionarre\/","title":{"rendered":"Q\u00dcESTIONARRE"},"content":{"rendered":"<section id=\"GRAN\" class=\"kc-elm kc-css-316305 kc_row\"><div class=\"kc-row-container  kc-container\"><div class=\"kc-wrap-columns\"><div class=\"kc-elm kc-css-545472 kc_col-sm-12 kc_column kc_col-sm-12\"><div class=\"kc-col-container\"><div class=\"kc-elm kc-css-118656 kc_row kc_row_inner\"><div class=\"kc-elm kc-css-189130 kc_col-sm-12 kc_column_inner kc_col-sm-12\"><div class=\"kc_wrapper kc-col-inner-container\">\n<div class=\"kc-elm kc-css-647990 kc-title-wrap \">\n\n\t<h1 class=\"kc_title\">Cuestionario de rolmasters \r\n<\/br>\r\nsobre aquelarre a: \r\n<\/br>\r\nVictor Jan\u00e9 Llopis<\/h1>\n<\/div>\n<\/div><\/div><\/div><div id=\"MIGFOTO\" class=\"kc-elm kc-css-678974 kc_row kc_row_inner\"><div class=\"kc-elm kc-css-336773 kc_col-sm-12 kc_column_inner kc_col-sm-12\"><div class=\"kc_wrapper kc-col-inner-container\"><div class=\"kc-elm kc-css-989761 kc_text_block\"><p><img decoding=\"async\" class=\"aligncenter\" src=\"http:\/\/rolmasters.com\/wp-content\/uploads\/2017\/09\/Aquelarre-3-edicion-6.png\" alt=\"\" \/><\/p>\n<\/div><\/div><\/div><\/div><div class=\"kc-elm kc-css-319491 kc_row kc_row_inner\"><div class=\"kc-elm kc-css-198282 kc_col-sm-12 kc_column_inner kc_col-sm-12\"><div class=\"kc_wrapper kc-col-inner-container\"><div class=\"kc-elm kc-css-506966 kc_text_block\"><h1>RUEDAN LOS DADOS<\/h1>\n<\/div><div class=\"kc-elm kc-css-113898 kc_text_block\"><p>1.- \u00bfCu\u00e1l es tu principal man\u00eda cuando haces una ficha de Aquelarre?<\/p>\n<\/div><div class=\"kc-elm kc-css-787104 kc_text_block\"><p>Buscar algo que pueda diferenciar a mi Pj del resto y lo convierta en \u00fanico. Puede ser algo bueno o malo lo importante es que no deje indiferentes a los Jugadores y dote al Pj de vida propia al no ser simplemente uno m\u00e1s.<\/p>\n<\/div><div class=\"kc-elm kc-css-413268 kc_text_block\"><p>2.- \u00bfQu\u00e9 competencias siempre refuerzas, sea cual sea tu personaje?<\/p>\n<\/div><div class=\"kc-elm kc-css-729768 kc_text_block\"><p><span style=\"font-style: inherit;\">Esquivar, sigilo, empat\u00eda, otear<\/span><\/p>\n<\/div><div class=\"kc-elm kc-css-276892 kc_text_block\"><p>3.- \u00bfQu\u00e9 profesi\u00f3n te divierte m\u00e1s?<\/p>\n<\/div><div class=\"kc-elm kc-css-910708 kc_text_block\"><p><span style=\"font-style: inherit;\">Ladr\u00f3n<\/span><\/p>\n<\/div><div class=\"kc-elm kc-css-15357 kc_text_block\"><p>4.- \u00bfCu\u00e1l es tu arma preferida?<\/p>\n<\/div><div class=\"kc-elm kc-css-468368 kc_text_block\"><p><span style=\"font-style: inherit;\">Pelea<\/span><\/p>\n<\/div><div class=\"kc-elm kc-css-644569 kc_text_block\"><p>5.- \u00bfQu\u00e9 hechizo tendr\u00edas (llevas) siempre en tu grimorio?<\/p>\n<\/div><div class=\"kc-elm kc-css-156981 kc_text_block\"><p><span style=\"font-style: inherit;\">Ung\u00fcento de brujas<\/span><\/p>\n<\/div><div class=\"kc-elm kc-css-2732 kc_text_block\"><p>6.- \u00bfCu\u00e1l es tu ser irracional o mitol\u00f3gico preferido?<\/p>\n<\/div><div class=\"kc-elm kc-css-996820 kc_text_block\"><p><span style=\"font-style: inherit;\">El esmolet del m\u00f3dulo dracs<\/span><\/p>\n<\/div><div class=\"kc-elm kc-css-227933\" style=\"height: 30px; clear: both; width:100%;\"><\/div><div class=\"kc-elm kc-css-347546 kc_text_block\"><h1>ESPADAS EN ALTO<\/h1>\n<\/div><div class=\"kc-elm kc-css-994638 kc_text_block\"><p>7.- \u00bfQu\u00e9 Pj recuerdas con m\u00e1s cari\u00f1o?<\/p>\n<\/div><div class=\"kc-elm kc-css-227382 kc_text_block\"><p>Un mago llamado Jeroni &#8220;el Poder\u00f3s\"<\/p>\n<\/div><div class=\"kc-elm kc-css-164435 kc_text_block\"><p>8.- \u00bfQu\u00e9 Pnj te encant\u00f3 interpretar?<\/p>\n<\/div><div class=\"kc-elm kc-css-279054 kc_text_block\"><p><span style=\"font-style: inherit;\">Alvar, un hostalero que ejercia a la vez de criado de los Pjs en una gran casa se\u00f1orial en la ciudad de barcelona.<\/span><\/p>\n<\/div><div class=\"kc-elm kc-css-86276 kc_text_block\"><p>9.- \u00bfQu\u00e9 escena, como jugador, te qued\u00f3 grabada?<\/p>\n<\/div><div class=\"kc-elm kc-css-741250 kc_text_block\"><p><span style=\"font-style: inherit;\">Con Lope muchas XD !!! especialmente una donde tiro en su tabla y le corto un brazo a un abad de un solo tajo.<\/span><\/p>\n<\/div><div class=\"kc-elm kc-css-576658 kc_text_block\"><p>10- \u00bfCu\u00e1l es ese cr\u00edtico o tirada que te enorgullece y encumbr\u00f3 a tu personaje?<\/p>\n<\/div><div class=\"kc-elm kc-css-794631 kc_text_block\"><p><span style=\"font-style: inherit;\">El d\u00eda que Lope, en un sucio sotano judio, mat\u00f3 a un G\u00f3lem con su primer golpe.<\/span><\/p>\n<\/div><div class=\"kc-elm kc-css-411086 kc_text_block\"><p><span style=\"font-style: inherit;\">11.- \u00bfCu\u00e1l es el Big Boss m\u00e1s temible que recuerdas o te has enfrentado?<\/span><\/p>\n<\/div><div class=\"kc-elm kc-css-48802 kc_text_block\"><p><span style=\"font-style: inherit;\">La Sierpe Gigante de la tumba secreta del \u00faltimo rey visigodo, Rodrigo, oculta en en los t\u00faneles que se extienden debajo de Toledo.<\/span><\/p>\n<\/div><div class=\"kc-elm kc-css-555968 kc_text_block\"><p>12- \u00bfCu\u00e1l fue la tirada de suerte m\u00e1s afortunada que recuerdas?<\/p>\n<\/div><div class=\"kc-elm kc-css-534718 kc_text_block\"><p><span style=\"font-style: inherit;\">La de memoria que me ayud\u00f3 a contestar esta pregunta.<\/span><\/p>\n<\/div><div class=\"kc-elm kc-css-961165 kc_text_block\"><p>13.- \u00bfCu\u00e1l es esa pifia que cambio la historia y a\u00fan te r\u00edes?<\/p>\n<\/div><div class=\"kc-elm kc-css-541531 kc_text_block\"><p><span style=\"font-style: inherit;\">La pifia de Dani, jugador de mi grupo habitual, que le cost\u00f3 la vida a Diego, el Pnj veterinario de Holly Horses, en una de las primeras tiradas del excel: maneja tu empresa medieval creado por nuestro querido Dj Marc Enrich<\/span><\/p>\n<\/div><div class=\"kc-elm kc-css-469031 kc_text_block\"><p><span style=\"font-style: inherit;\">14.- \u00bfCu\u00e1l ha sido el giro argumental del Dj m\u00e1s dram\u00e1tico en una partida de Aquelarre?<\/span><\/p>\n<\/div><div class=\"kc-elm kc-css-244627 kc_text_block\"><p><span style=\"font-style: inherit;\">BUUUUUAAAAA &#8211; COMPLICATED!!!!<\/span><\/p>\n<\/div><div class=\"kc-elm kc-css-500359 kc_text_block\"><p><span style=\"font-style: inherit;\">15- \u00bfUna salida que nunca imaginaste?<\/span><\/p>\n<\/div><div class=\"kc-elm kc-css-223473 kc_text_block\"><p>Siempre recordar\u00e9 con cari\u00f1o una vez cuando despu\u00e9s de describir una estancia con\u00a0 cuatro ventanas con barrotes, donde el grupo de Pjs estaba siendo acorralado por los villanos, el Jugador que llevaba el mago dice, &#8220;salgo volando por la ventana!\".<\/p>\n<\/div><div class=\"kc-elm kc-css-99930\" style=\"height: 30px; clear: both; width:100%;\"><\/div><div class=\"kc-elm kc-css-346141 kc_text_block\"><h1>LAS RECOMPENSAS<\/h1>\n<\/div><div class=\"kc-elm kc-css-344698 kc_text_block\"><p>16.- \u00bfC\u00f3mo Dj que an\u00e9cdota de partida siempre recuerdas?<\/p>\n<\/div><div class=\"kc-elm kc-css-94828 kc_text_block\"><p><span style=\"font-style: inherit;\">En la partida multigrupos que dirigimos en Barnal\u00fadica 2009, en una escena ya al final de la partida, donde un Pj desnudo enmedio de un gran aquelarre lanza una bolsa, repleta de monedas hasta los topes, que hab\u00eda robado al ganador de una timba clandest\u00edna a de dados esa noche, con intenci\u00f3n de acertar al mism\u00edsimo Silcharde.<\/span><\/p>\n<\/div><div class=\"kc-elm kc-css-965934 kc_text_block\"><p>17.- \u00bfCu\u00e1les han sido tus m\u00e1ximas riquezas o logros en Aquelarre?<\/p>\n<\/div><div class=\"kc-elm kc-css-110498 kc_text_block\"><p>Casar un Pj burgu\u00e9s enriquecido con doncella de la baja nobleza ascendiendo as\u00ed en el escalaf\u00f3n social, ah no! que eso aun no ha pasado! XD<\/p>\n<\/div><div class=\"kc-elm kc-css-652227 kc_text_block\"><p>18.- \u00bfQu\u00e9 edici\u00f3n del manual usas habitualmente y cu\u00e1l es tu m\u00f3dulo m\u00e1s querido?<\/p>\n<\/div><div class=\"kc-elm kc-css-118606 kc_text_block\"><p>La mia propia, se trata de un carpesano compuesto por el manual, en Catal\u00e0, de Joc m\u00e1s las partes imprescindibles de los m\u00f3dulos de Joc Rerum demoni y dracs y dos recopilatorios de Rolmasters, el de Profesiones y el de cronolog\u00edas.<\/p>\n<\/div><div class=\"kc-elm kc-css-325642 kc_text_block\"><p>19.- \u00bfMen\u00fa cl\u00e1sico para el d\u00eda de partida? \u00bfCervezas comerciales o artesanas?<\/p>\n<\/div><div class=\"kc-elm kc-css-537013 kc_text_block\"><p><span style=\"font-style: inherit;\">Pollo i Xibeca!<\/span><\/p>\n<\/div><div class=\"kc-elm kc-css-39441 kc_text_block\"><p>20.- Define brevemente qu\u00e9 es Aquelarre para ti y como esperas que evolucione el juego<\/p>\n<\/div><div class=\"kc-elm kc-css-776400 kc_text_block\"><p><span style=\"font-style: inherit;\">Aquelarre es el rol para mi. Simplemente espero que siga evolucionando eso ser\u00e1 sin\u00f3nimo de que sigue vivo y se juega.<\/span><\/p>\n<\/div><\/div><\/div><\/div><div class=\"kc-elm kc-css-679666 kc_row kc_row_inner\"><div class=\"kc-elm kc-css-801962 kc_col-sm-12 kc_column_inner kc_col-sm-12\"><div class=\"kc_wrapper kc-col-inner-container\"><\/div><\/div><\/div><\/div><\/div><\/div><\/div><\/section><section id=\"PETIT\" class=\"kc-elm kc-css-996666 kc_row\"><div class=\"kc-row-container  kc-container\"><div class=\"kc-wrap-columns\"><div class=\"kc-elm kc-css-610469 kc_col-sm-12 kc_column kc_col-sm-12\"><div class=\"kc-col-container\"><div class=\"kc-elm kc-css-68296 kc_text_block\"><h2>Cuestionario de rolmasters sobre aquelarre a: Victor Jan\u00e9 Llopis<\/h2>\n<p><img decoding=\"async\" class=\"aligncenter\" src=\"http:\/\/rolmasters.com\/wp-content\/uploads\/2017\/09\/Aquelarre-3-edicion-6.png\" alt=\"\" \/><\/p>\n<\/div><div class=\"kc-elm kc-css-159333 kc_row kc_row_inner\"><div class=\"kc-elm kc-css-529032 kc_col-sm-12 kc_column_inner kc_col-sm-12\"><div class=\"kc_wrapper kc-col-inner-container\"><div class=\"kc-elm kc-css-424922 kc_text_block\"><h1>RUEDAN LOS DADOS<\/h1>\n<\/div><div class=\"kc-elm kc-css-118457 kc_text_block\"><p>1.- \u00bfCu\u00e1l es tu principal man\u00eda cuando haces una ficha de Aquelarre?<\/p>\n<\/div><div class=\"kc-elm kc-css-754431 kc_text_block\"><p>Buscar algo que pueda diferenciar a mi Pj del resto y lo convierta en \u00fanico. Puede ser algo bueno o malo lo importante es que no deje indiferentes a los Jugadores y dote al Pj de vida propia al no ser simplemente uno m\u00e1s.<\/p>\n<\/div><div class=\"kc-elm kc-css-117677 kc_text_block\"><p>2.- \u00bfQu\u00e9 competencias siempre refuerzas, sea cual sea tu personaje?<\/p>\n<\/div><div class=\"kc-elm kc-css-76388 kc_text_block\"><p><span style=\"font-style: inherit;\">Esquivar, sigilo, empat\u00eda, otear<\/span><\/p>\n<\/div><div class=\"kc-elm kc-css-113926 kc_text_block\"><p>3.- \u00bfQu\u00e9 profesi\u00f3n te divierte m\u00e1s?<\/p>\n<\/div><div class=\"kc-elm kc-css-912173 kc_text_block\"><p><span style=\"font-style: inherit;\">Ladr\u00f3n<\/span><\/p>\n<\/div><div class=\"kc-elm kc-css-267067 kc_text_block\"><p>4.- \u00bfCu\u00e1l es tu arma preferida?<\/p>\n<\/div><div class=\"kc-elm kc-css-88408 kc_text_block\"><p><span style=\"font-style: inherit;\">Pelea<\/span><\/p>\n<\/div><div class=\"kc-elm kc-css-421380 kc_text_block\"><p>5.- \u00bfQu\u00e9 hechizo tendr\u00edas (llevas) siempre en tu grimorio?<\/p>\n<\/div><div class=\"kc-elm kc-css-593874 kc_text_block\"><p><span style=\"font-style: inherit;\">Ung\u00fcento de brujas<\/span><\/p>\n<\/div><div class=\"kc-elm kc-css-825175 kc_text_block\"><p>6.- \u00bfCu\u00e1l es tu ser irracional o mitol\u00f3gico preferido?<\/p>\n<\/div><div class=\"kc-elm kc-css-802209 kc_text_block\"><p><span style=\"font-style: inherit;\">El esmolet del m\u00f3dulo dracs<\/span><\/p>\n<\/div><div class=\"kc-elm kc-css-73616\" style=\"height: 30px; clear: both; width:100%;\"><\/div><div class=\"kc-elm kc-css-868726 kc_text_block\"><h1>ESPADAS EN ALTO<\/h1>\n<\/div><div class=\"kc-elm kc-css-475469 kc_text_block\"><p>7.- \u00bfQu\u00e9 Pj recuerdas con m\u00e1s cari\u00f1o?<\/p>\n<\/div><div class=\"kc-elm kc-css-669134 kc_text_block\"><p>Un mago llamado Jeroni &#8220;el Poder\u00f3s\"<\/p>\n<\/div><div class=\"kc-elm kc-css-705455 kc_text_block\"><p>8.- \u00bfQu\u00e9 Pnj te encant\u00f3 interpretar?<\/p>\n<\/div><div class=\"kc-elm kc-css-541149 kc_text_block\"><p><span style=\"font-style: inherit;\">Alvar, un hostalero que ejercia a la vez de criado de los Pjs en una gran casa se\u00f1orial en la ciudad de barcelona.<\/span><\/p>\n<\/div><div class=\"kc-elm kc-css-56204 kc_text_block\"><p>9.- \u00bfQu\u00e9 escena, como jugador, te qued\u00f3 grabada?<\/p>\n<\/div><div class=\"kc-elm kc-css-558373 kc_text_block\"><p><span style=\"font-style: inherit;\">Con Lope muchas XD !!! especialmente una donde tiro en su tabla y le corto un brazo a un abad de un solo tajo.<\/span><\/p>\n<\/div><div class=\"kc-elm kc-css-449546 kc_text_block\"><p>10- \u00bfCu\u00e1l es ese cr\u00edtico o tirada que te enorgullece y encumbr\u00f3 a tu personaje?<\/p>\n<\/div><div class=\"kc-elm kc-css-410222 kc_text_block\"><p><span style=\"font-style: inherit;\">El d\u00eda que Lope, en un sucio sotano judio, mat\u00f3 a un G\u00f3lem con su primer golpe.<\/span><\/p>\n<\/div><div class=\"kc-elm kc-css-303332 kc_text_block\"><p><span style=\"font-style: inherit;\">11.- \u00bfCu\u00e1l es el Big Boss m\u00e1s temible que recuerdas o te has enfrentado?<\/span><\/p>\n<\/div><div class=\"kc-elm kc-css-174719 kc_text_block\"><p><span style=\"font-style: inherit;\">La Sierpe Gigante de la tumba secreta del \u00faltimo rey visigodo, Rodrigo, oculta en en los t\u00faneles que se extienden debajo de Toledo.<\/span><\/p>\n<\/div><div class=\"kc-elm kc-css-712283 kc_text_block\"><p>12- \u00bfCu\u00e1l fue la tirada de suerte m\u00e1s afortunada que recuerdas?<\/p>\n<\/div><div class=\"kc-elm kc-css-964690 kc_text_block\"><p><span style=\"font-style: inherit;\">La de memoria que me ayud\u00f3 a contestar esta pregunta.<\/span><\/p>\n<\/div><div class=\"kc-elm kc-css-960892 kc_text_block\"><p>13.- \u00bfCu\u00e1l es esa pifia que cambio la historia y a\u00fan te r\u00edes?<\/p>\n<\/div><div class=\"kc-elm kc-css-448169 kc_text_block\"><p><span style=\"font-style: inherit;\">La pifia de Dani, jugador de mi grupo habitual, que le cost\u00f3 la vida a Diego, el Pnj veterinario de Holly Horses, en una de las primeras tiradas del excel: maneja tu empresa medieval creado por nuestro querido Dj Marc Enrich<\/span><\/p>\n<\/div><div class=\"kc-elm kc-css-441491 kc_text_block\"><p><span style=\"font-style: inherit;\">14.- \u00bfCu\u00e1l ha sido el giro argumental del Dj m\u00e1s dram\u00e1tico en una partida de Aquelarre?<\/span><\/p>\n<\/div><div class=\"kc-elm kc-css-628383 kc_text_block\"><p><span style=\"font-style: inherit;\">BUUUUUAAAAA &#8211; COMPLICATED!!!!<\/span><\/p>\n<\/div><div class=\"kc-elm kc-css-413327 kc_text_block\"><p><span style=\"font-style: inherit;\">15- \u00bfUna salida que nunca imaginaste?<\/span><\/p>\n<\/div><div class=\"kc-elm kc-css-116365 kc_text_block\"><p>Siempre recordar\u00e9 con cari\u00f1o una vez cuando despu\u00e9s de describir una estancia con\u00a0 cuatro ventanas con barrotes, donde el grupo de Pjs estaba siendo acorralado por los villanos, el Jugador que llevaba el mago dice, &#8220;salgo volando por la ventana!\".<\/p>\n<\/div><div class=\"kc-elm kc-css-901607\" style=\"height: 30px; clear: both; width:100%;\"><\/div><div class=\"kc-elm kc-css-873592 kc_text_block\"><h1>LAS RECOMPENSAS<\/h1>\n<\/div><div class=\"kc-elm kc-css-94676 kc_text_block\"><p>16.- \u00bfC\u00f3mo Dj que an\u00e9cdota de partida siempre recuerdas?<\/p>\n<\/div><div class=\"kc-elm kc-css-111209 kc_text_block\"><p><span style=\"font-style: inherit;\">En la partida multigrupos que dirigimos en Barnal\u00fadica 2009, en una escena ya al final de la partida, donde un Pj desnudo enmedio de un gran aquelarre lanza una bolsa, repleta de monedas hasta los topes, que hab\u00eda robado al ganador de una timba clandest\u00edna a de dados esa noche, con intenci\u00f3n de acertar al mism\u00edsimo Silcharde.<\/span><\/p>\n<\/div><div class=\"kc-elm kc-css-678803 kc_text_block\"><p>17.- \u00bfCu\u00e1les han sido tus m\u00e1ximas riquezas o logros en Aquelarre?<\/p>\n<\/div><div class=\"kc-elm kc-css-990992 kc_text_block\"><p>Casar un Pj burgu\u00e9s enriquecido con doncella de la baja nobleza ascendiendo as\u00ed en el escalaf\u00f3n social, ah no! que eso aun no ha pasado! XD<\/p>\n<\/div><div class=\"kc-elm kc-css-969230 kc_text_block\"><p>18.- \u00bfQu\u00e9 edici\u00f3n del manual usas habitualmente y cu\u00e1l es tu m\u00f3dulo m\u00e1s querido?<\/p>\n<\/div><div class=\"kc-elm kc-css-668256 kc_text_block\"><p>La mia propia, se trata de un carpesano compuesto por el manual, en Catal\u00e0, de Joc m\u00e1s las partes imprescindibles de los m\u00f3dulos de Joc Rerum demoni y dracs y dos recopilatorios de Rolmasters, el de Profesiones y el de cronolog\u00edas.<\/p>\n<\/div><div class=\"kc-elm kc-css-75024 kc_text_block\"><p>19.- \u00bfMen\u00fa cl\u00e1sico para el d\u00eda de partida? \u00bfCervezas comerciales o artesanas?<\/p>\n<\/div><div class=\"kc-elm kc-css-168833 kc_text_block\"><p><span style=\"font-style: inherit;\">Pollo i Xibeca!<\/span><\/p>\n<\/div><div class=\"kc-elm kc-css-380320 kc_text_block\"><p>20.- Define brevemente qu\u00e9 es Aquelarre para ti y como esperas que evolucione el juego<\/p>\n<\/div><div class=\"kc-elm kc-css-259496 kc_text_block\"><p><span style=\"font-style: inherit;\">Aquelarre es el rol para mi. Simplemente espero que siga evolucionando eso ser\u00e1 sin\u00f3nimo de que sigue vivo y se juega.<\/span><\/p>\n<\/div><\/div><\/div><\/div><\/div><\/div><\/div><\/div><\/section>","protected":false},"excerpt":{"rendered":"<div class='heateor_sss_sharing_container heateor_sss_vertical_sharing heateor_sss_bottom_sharing' style='width:44px;right: -10px;top: 250px;-webkit-box-shadow:none;box-shadow:none;' heateor-sss-data-href='https:\/\/rolmasters.com\/ca\/wp-json\/wp\/v2\/pages\/3310'><ul  class=\"heateor_sss_sharing_ul\"><li class=\"\"><i style=\"width:40px;height:40px;margin:0;\" alt=\"Facebook\" Title=\"Facebook\" class=\"heateorSssSharing heateorSssFacebookBackground\" onclick='heateorSssPopup(\"https:\/\/www.facebook.com\/sharer\/sharer.php?u=https%3A%2F%2Frolmasters.com%2Fca%2Fwp-json%2Fwp%2Fv2%2Fpages%2F3310\")'><ss style=\"display:block;\" class=\"heateorSssSharingSvg heateorSssFacebookSvg\"><\/ss><\/i><\/li><li class=\"\"><i style=\"width:40px;height:40px;margin:0;\" alt=\"Twitter\" Title=\"Twitter\" class=\"heateorSssSharing heateorSssTwitterBackground\" onclick='heateorSssPopup(\"http:\/\/twitter.com\/intent\/tweet?text=ROLMASTERS%20-%20Tira%201D100&url=https%3A%2F%2Frolmasters.com%2Fca%2Fwp-json%2Fwp%2Fv2%2Fpages%2F3310\")'><ss style=\"display:block;\" class=\"heateorSssSharingSvg heateorSssTwitterSvg\"><\/ss><\/i><\/li><li class=\"\"><i style=\"width:40px;height:40px;margin:0;\" alt=\"Whatsapp\" Title=\"Whatsapp\" class=\"heateorSssSharing heateorSssWhatsappBackground\"><a  href=\"whatsapp:\/\/send?text=ROLMASTERS%20-%20Tira%201D100 https%3A%2F%2Frolmasters.com%2Fca%2Fwp-json%2Fwp%2Fv2%2Fpages%2F3310\" rel=\"nofollow\"><ss style=\"display:block\" class=\"heateorSssSharingSvg heateorSssWhatsappSvg\"><\/ss><\/a><\/i><\/li><\/ul><div class=\"heateorSssClear\"><\/div><\/div>","protected":false},"author":1,"featured_media":0,"parent":0,"menu_order":0,"comment_status":"closed","ping_status":"closed","template":"full-width.php","meta":{"footnotes":""},"_links":{"self":[{"href":"https:\/\/rolmasters.com\/ca\/wp-json\/wp\/v2\/pages\/3310"}],"collection":[{"href":"https:\/\/rolmasters.com\/ca\/wp-json\/wp\/v2\/pages"}],"about":[{"href":"https:\/\/rolmasters.com\/ca\/wp-json\/wp\/v2\/types\/page"}],"author":[{"embeddable":true,"href":"https:\/\/rolmasters.com\/ca\/wp-json\/wp\/v2\/users\/1"}],"replies":[{"embeddable":true,"href":"https:\/\/rolmasters.com\/ca\/wp-json\/wp\/v2\/comments?post=3310"}],"version-history":[{"count":5,"href":"https:\/\/rolmasters.com\/ca\/wp-json\/wp\/v2\/pages\/3310\/revisions"}],"predecessor-version":[{"id":4265,"href":"https:\/\/rolmasters.com\/ca\/wp-json\/wp\/v2\/pages\/3310\/revisions\/4265"}],"wp:attachment":[{"href":"https:\/\/rolmasters.com\/ca\/wp-json\/wp\/v2\/media?parent=3310"}],"curies":[{"name":"wp","href":"https:\/\/api.w.org\/{rel}","templated":true}]}}