{"id":31,"date":"2017-09-07T16:40:03","date_gmt":"2017-09-07T16:40:03","guid":{"rendered":"http:\/\/rolmasters.com\/?page_id=31"},"modified":"2018-02-26T07:27:02","modified_gmt":"2018-02-26T07:27:02","slug":"castillos","status":"publish","type":"page","link":"https:\/\/rolmasters.com\/ca\/castillos\/","title":{"rendered":"CASTELLS"},"content":{"rendered":"<section class=\"kc-elm kc-css-110214 kc_row\"><div class=\"kc-row-container  kc-container\"><div class=\"kc-wrap-columns\"><div class=\"kc-elm kc-css-993031 kc_col-sm-12 kc_column kc_col-sm-12\"><div class=\"kc-col-container\"><div class=\"kc-elm kc-css-121497 kc_row kc_row_inner\"><div class=\"kc-elm kc-css-890593 kc_col-sm-7 kc_column_inner kc_col-sm-7\"><div class=\"kc_wrapper kc-col-inner-container\"><div class=\"kc-elm kc-css-936199 kc_text_block\"><p>Aquesta secci\u00f3 \u00e9s un recull d&#039;edificis medievals, majorment militars i religiosos, com ara: castells, torres, alcassabes, monestirs, esgl\u00e9sies, mesquites. En ells s&#039;inclou dades rellevants com la seva descripci\u00f3, hist\u00f2ria, arquitectura i pl\u00e0nols, llegendes i altres esdeveniments amb la intenci\u00f3 de poder fer-los servir com a motiu o recurs per crear o ambientar aventures.<\/p>\n<p>La majoria han sigut triats per la seva import\u00e0ncia o rellev\u00e0ncia, encara que nom\u00e9s fos en un moment hist\u00f2ric puntual, i altres han estat triats per tindre algun element que hem considerat remarcable o interessant. Tant els textos com les imatges han sigut extrets de Wikipedia i Wikimedia commons. En alguns casos han sigut modificats, retocats o editats a conveni\u00e8ncia dels nostres prop\u00f2sits per\u00f2 sempre tenint en compte la seva llic\u00e8ncia. Per aix\u00f2 tamb\u00e9 adjuntem els enlla\u00e7os pertinents al final de cada entrada o p\u00e0gina.<\/p>\n<h2>FUNCIONAMENT I \u00daS<\/h2>\n<p>Per classificar-los, primerament els hem agrupat per regnes. Com que la frontera a l&#039;edat mitjana no \u00e9s fixa i molts d&#039;aquests edificis van canviar de b\u00e0ndol, forma o incl\u00fas finalitat d&#039;\u00fas a mesura que avancen els anys, hem decidit agafar el per\u00edode que proposa el manual b\u00e0sic d&#039;aquelarre, de 1250 dC fins a 1492 dC, que abasta un temps en qu\u00e8 la frontera es mant\u00e9 for\u00e7a estable.<\/p>\n<p>Un cop seleccioneu el regne podreu veure els edificis que hem introdu\u00eft i podreu filtrar pel tipus d&#039;edifici: castells, torres, monestirs, esgl\u00e9sies o mesquites.<\/p>\n<\/div><\/div><\/div><div class=\"kc-elm kc-css-999604 kc_col-sm-5 kc_column_inner kc_col-sm-5\"><div class=\"kc_wrapper kc-col-inner-container\"><div class=\"kc-elm kc-css-833131 kc_text_block\"><p><img loading=\"lazy\" decoding=\"async\" class=\"aligncenter size-full\" src=\"http:\/\/rolmasters.com\/wp-content\/uploads\/2017\/09\/Aquelarre-3-edicion-91.png\" alt=\"\" width=\"1191\" height=\"767\" \/><\/p>\n<h2 style=\"text-align: center;\">TU TAMB\u00c9 POTS COL\u00b7LABORAR<\/h2>\n<p style=\"text-align: center;\">La nostra intenci\u00f3 \u00e9s anar actualitzant els textos i si pot ser afegir llegendes o fets hist\u00f2rics que ajudin a crear o detallar millor les aventures. Per aquest motiu us animem a col\u00b7laborar i enviar-nos informaci\u00f3 en tres simples passos.<\/p>\n<\/div>\n<div class=\"kc-elm kc-css-112032\">\n\t<a class=\"kc_button\" href=\"http:\/\/rolmasters.com\/castillos\/envia-tu-edificio\/\" target=\"_self\" title=\"\" onclick=\"\">\n\t\t<i class=\"et-target\"><\/i> ENVIA EL TEU CASTELL!\t<\/a>\n<\/div>\n<\/div><\/div><\/div><div class=\"kc-elm kc-css-680104 kc_row kc_row_inner\"><div class=\"kc-elm kc-css-422692 kc_col-sm-12 kc_column_inner kc_col-sm-12\"><div class=\"kc_wrapper kc-col-inner-container\"><div class=\"kc-elm kc-css-115616\" style=\"height: 40px; clear: both; width:100%;\"><\/div>\n<div class=\"kc-elm kc-css-654583 divider_line\">\n\t<div class=\"divider_inner divider_line2\">\n\t\t<i class=\"et-ribbon\"><\/i>\t<\/div>\n<\/div>\n<div class=\"kc-elm kc-css-77462 kc_text_block\"><h1 style=\"text-align: center;\">FRONTERES DEL 1250 al 1492 d.C.<\/h1>\n<p><img loading=\"lazy\" decoding=\"async\" class=\"aligncenter size-full wp-image-411\" src=\"http:\/\/rolmasters.com\/wp-content\/uploads\/2017\/09\/PENINSULA-1250.jpg\" alt=\"\" width=\"1920\" height=\"1044\" srcset=\"https:\/\/rolmasters.com\/wp-content\/uploads\/2017\/09\/PENINSULA-1250.jpg 1920w, https:\/\/rolmasters.com\/wp-content\/uploads\/2017\/09\/PENINSULA-1250-300x163.jpg 300w, https:\/\/rolmasters.com\/wp-content\/uploads\/2017\/09\/PENINSULA-1250-768x418.jpg 768w, https:\/\/rolmasters.com\/wp-content\/uploads\/2017\/09\/PENINSULA-1250-1024x557.jpg 1024w\" sizes=\"(max-width: 1920px) 100vw, 1920px\" \/><\/p>\n<h1 style=\"text-align: center;\">SELECCIONA EL REGNE<\/h1>\n<\/div><div class=\"su-column su-column-size-1-5\"><div class=\"su-column-inner su-clearfix\"><a href=\"http:\/\/rolmasters.com\/castillos\/reino-catalano-aragones\/\"><img loading=\"lazy\" decoding=\"async\" class=\"aligncenter wp-image-2344 size-full\" src=\"http:\/\/rolmasters.com\/wp-content\/uploads\/2017\/11\/ESCUTS-REGNES-CATALANO-ARAGONES.png\" alt=\"\" width=\"181\" height=\"204\" \/><\/a><\/p>\n<h3 style=\"text-align: center;\"><a href=\"http:\/\/rolmasters.com\/castillos\/reino-catalano-aragones\/\">CORONA D&#039;ARAG\u00d3<\/a><\/h3>\n<\/div><\/div><div class=\"su-column su-column-size-1-5\"><div class=\"su-column-inner su-clearfix\"><a href=\"http:\/\/rolmasters.com\/castillos\/reino-de-castilla-y-leon\/\"><img loading=\"lazy\" decoding=\"async\" class=\"aligncenter wp-image-219 size-full\" src=\"http:\/\/rolmasters.com\/wp-content\/uploads\/2017\/09\/ESCUTS-REGNES-CASTELLA-LLEO.png\" alt=\"\" width=\"181\" height=\"204\" \/><\/a><\/p>\n<h3 style=\"text-align: center;\"><a href=\"http:\/\/rolmasters.com\/castillos\/reino-de-castilla-y-leon\/\">CORONA DE CASTELLA<\/a><\/h3>\n<\/div><\/div><div class=\"su-column su-column-size-1-5\"><div class=\"su-column-inner su-clearfix\"><a href=\"http:\/\/rolmasters.com\/castillos\/reino-de-navarra\/\"><img loading=\"lazy\" decoding=\"async\" class=\"aligncenter wp-image-221 size-full\" src=\"http:\/\/rolmasters.com\/wp-content\/uploads\/2017\/09\/ESCUTS-REGNES-NAVARRA.png\" alt=\"\" width=\"181\" height=\"204\" \/><\/a><\/p>\n<h3 style=\"text-align: center;\"><a href=\"http:\/\/rolmasters.com\/castillos\/reino-de-navarra\/\">REGNE DE NAVARRA<\/a><\/h3>\n<\/div><\/div><div class=\"su-column su-column-size-1-5\"><div class=\"su-column-inner su-clearfix\"><a href=\"http:\/\/rolmasters.com\/castillos\/reino-de-portugal\/\"><img loading=\"lazy\" decoding=\"async\" class=\"aligncenter wp-image-222 size-full\" src=\"http:\/\/rolmasters.com\/wp-content\/uploads\/2017\/09\/ESCUTS-REGNES-PORTUGAL.png\" alt=\"\" width=\"181\" height=\"204\" \/><\/a><\/p>\n<h3 style=\"text-align: center;\"><a href=\"http:\/\/rolmasters.com\/castillos\/reino-de-portugal\/\">REGNE DE PORTUGAL<\/a><\/h3>\n<\/div><\/div><div class=\"su-column su-column-size-1-5\"><div class=\"su-column-inner su-clearfix\"><a href=\"http:\/\/rolmasters.com\/castillos\/reino-de-al-andalus\/\"><img loading=\"lazy\" decoding=\"async\" class=\"aligncenter wp-image-2343 size-full\" src=\"http:\/\/rolmasters.com\/wp-content\/uploads\/2017\/11\/ESCUTS-REGNES-AL-ANDALUS-5.png\" alt=\"\" width=\"181\" height=\"204\" \/><\/a><\/p>\n<h3 style=\"text-align: center;\"><a href=\"http:\/\/rolmasters.com\/castillos\/reino-de-al-andalus\/\">AL-ANDALUS<\/a><\/h3>\n<\/div><\/div><div class=\"kc-elm kc-css-279899\" style=\"height: 40px; clear: both; width:100%;\"><\/div>\n<div class=\"kc-elm kc-css-87620 divider_line\">\n\t<div class=\"divider_inner divider_line2\">\n\t\t<i class=\"et-ribbon\"><\/i>\t<\/div>\n<\/div>\n<div class=\"kc-elm kc-css-847020 kc_text_block\"><h1 style=\"text-align: center;\">CASTELL TIPUS<\/h1>\n<p><img loading=\"lazy\" decoding=\"async\" class=\"aligncenter size-full\" src=\"http:\/\/rolmasters.com\/wp-content\/uploads\/2017\/09\/CASTILLO-MEDIEVAL-TIPO.jpg\" alt=\"\" width=\"1600\" height=\"1115\" \/><\/p>\n<\/div>\n<div class=\"kc-elm kc-css-15944 divider_line\">\n\t<div class=\"divider_inner divider_line2\">\n\t\t<i class=\"et-ribbon\"><\/i>\t<\/div>\n<\/div>\n<div class=\"kc-elm kc-css-564459 kc_text_block\"><h1 style=\"text-align: center;\">MONASTIR TIPUS<\/h1>\n<p><img loading=\"lazy\" decoding=\"async\" class=\"aligncenter size-full\" src=\"http:\/\/rolmasters.com\/wp-content\/uploads\/2017\/09\/MONASTERIO-MEDIEVAL-TIPO.jpg\" alt=\"\" width=\"1600\" height=\"1115\" \/><\/p>\n<\/div>\n<div class=\"kc-elm kc-css-216365 divider_line\">\n\t<div class=\"divider_inner divider_line1\">\n\t\t\t<\/div>\n<\/div>\n<div class=\"kc-elm kc-css-693833 kc_text_block\"><p><iframe loading=\"lazy\" src=\"https:\/\/www.google.com\/maps\/d\/embed?mid=1M3rz4TY0wl2430EZTtnz-_qQWaPVKILJ&#038;hl=es\" width=\"99%\" height=\"600\" frameborder=\"0\"><\/iframe><\/p>\n<\/div><\/div><\/div><\/div><\/div><\/div><\/div><\/div><\/section>","protected":false},"excerpt":{"rendered":"<div class='heateor_sss_sharing_container heateor_sss_vertical_sharing heateor_sss_bottom_sharing' style='width:44px;right: -10px;top: 250px;-webkit-box-shadow:none;box-shadow:none;' heateor-sss-data-href='https:\/\/rolmasters.com\/ca\/wp-json\/wp\/v2\/pages\/31'><ul  class=\"heateor_sss_sharing_ul\"><li class=\"\"><i style=\"width:40px;height:40px;margin:0;\" alt=\"Facebook\" Title=\"Facebook\" class=\"heateorSssSharing heateorSssFacebookBackground\" onclick='heateorSssPopup(\"https:\/\/www.facebook.com\/sharer\/sharer.php?u=https%3A%2F%2Frolmasters.com%2Fca%2Fwp-json%2Fwp%2Fv2%2Fpages%2F31\")'><ss style=\"display:block;\" class=\"heateorSssSharingSvg heateorSssFacebookSvg\"><\/ss><\/i><\/li><li class=\"\"><i style=\"width:40px;height:40px;margin:0;\" alt=\"Twitter\" Title=\"Twitter\" class=\"heateorSssSharing heateorSssTwitterBackground\" onclick='heateorSssPopup(\"http:\/\/twitter.com\/intent\/tweet?text=ROLMASTERS%20-%20Tira%201D100&url=https%3A%2F%2Frolmasters.com%2Fca%2Fwp-json%2Fwp%2Fv2%2Fpages%2F31\")'><ss style=\"display:block;\" class=\"heateorSssSharingSvg heateorSssTwitterSvg\"><\/ss><\/i><\/li><li class=\"\"><i style=\"width:40px;height:40px;margin:0;\" alt=\"Whatsapp\" Title=\"Whatsapp\" class=\"heateorSssSharing heateorSssWhatsappBackground\"><a  href=\"whatsapp:\/\/send?text=ROLMASTERS%20-%20Tira%201D100 https%3A%2F%2Frolmasters.com%2Fca%2Fwp-json%2Fwp%2Fv2%2Fpages%2F31\" rel=\"nofollow\"><ss style=\"display:block\" class=\"heateorSssSharingSvg heateorSssWhatsappSvg\"><\/ss><\/a><\/i><\/li><\/ul><div class=\"heateorSssClear\"><\/div><\/div>","protected":false},"author":1,"featured_media":2265,"parent":0,"menu_order":0,"comment_status":"closed","ping_status":"closed","template":"full-width.php","meta":{"footnotes":""},"_links":{"self":[{"href":"https:\/\/rolmasters.com\/ca\/wp-json\/wp\/v2\/pages\/31"}],"collection":[{"href":"https:\/\/rolmasters.com\/ca\/wp-json\/wp\/v2\/pages"}],"about":[{"href":"https:\/\/rolmasters.com\/ca\/wp-json\/wp\/v2\/types\/page"}],"author":[{"embeddable":true,"href":"https:\/\/rolmasters.com\/ca\/wp-json\/wp\/v2\/users\/1"}],"replies":[{"embeddable":true,"href":"https:\/\/rolmasters.com\/ca\/wp-json\/wp\/v2\/comments?post=31"}],"version-history":[{"count":0,"href":"https:\/\/rolmasters.com\/ca\/wp-json\/wp\/v2\/pages\/31\/revisions"}],"wp:featuredmedia":[{"embeddable":true,"href":"https:\/\/rolmasters.com\/ca\/wp-json\/wp\/v2\/media\/2265"}],"wp:attachment":[{"href":"https:\/\/rolmasters.com\/ca\/wp-json\/wp\/v2\/media?parent=31"}],"curies":[{"name":"wp","href":"https:\/\/api.w.org\/{rel}","templated":true}]}}