{"id":29,"date":"2017-09-07T16:39:27","date_gmt":"2017-09-07T16:39:27","guid":{"rendered":"http:\/\/rolmasters.com\/?page_id=29"},"modified":"2018-03-19T11:15:43","modified_gmt":"2018-03-19T11:15:43","slug":"inventario","status":"publish","type":"page","link":"https:\/\/rolmasters.com\/ca\/inventario\/","title":{"rendered":"INVENTARI"},"content":{"rendered":"En aquesta secci\u00f3 trobareu tot tipus de material que us pugui ser \u00fatil per millorar i ambientar les vostres partides aix\u00ed com: fitxes en blanc, personatges Pnj, m\u00f2duls no oficials, mapes de tot tipus, recursos d&#8217;ambientaci\u00f3, mites i llegendes per a la creaci\u00f3 de partides, i molt m\u00e9s&#8230;<\/p>\n<p>&nbsp;<\/p>\n<div class=\"su-table\">\n<table style=\"height: 141px;\" width=\"549\">\n<tbody>\n<tr>\n<td><a href=\"http:\/\/rolmasters.com\/inventario\/ayudas-de-juego-aquelarre\/\" rel=\"noopener\"><i class=\"fa fa-hand-o-right\"> AJUDES DE JOC<\/i><\/a><\/td>\n<td>Aquesta secci\u00f3 recull regles, guies i ajudes de joc sobre Aquelarre publicades per diversos autors.<\/td>\n<\/tr>\n<tr>\n<td><a href=\"http:\/\/rolmasters.com\/inventario\/mapas\/\" rel=\"noopener\"><i class=\"fa fa-hand-o-right\"> MAPES<\/i><\/a><\/td>\n<td>Tot tipus de mapes, oficials i no oficials, de ciutats, cases, castells, coves, vaixells, monestirs &#8230;<\/td>\n<\/tr>\n<tr>\n<td><a href=\"http:\/\/rolmasters.com\/inventario\/tablas-de-ayuda\/\" rel=\"noopener\"><i class=\"fa fa-hand-o-right\"> TAULES<\/i><\/a><\/td>\n<td>En aquesta secci\u00f3 trobar\u00e0s taules addicionals editades en m\u00f2duls antics o per aficionats per a diverses finalitats<\/td>\n<\/tr>\n<tr>\n<td><a href=\"http:\/\/rolmasters.com\/inventario\/hojas-de-personajes\/\" rel=\"noopener\"><i class=\"fa fa-hand-o-right\"> FITXES DE PERSONATGE<\/i><\/a><\/td>\n<td>Secci\u00f3 dedicada a les Fitxes de tot tipus, fulls de personatges en blanc de diferents edicions, Pjs Pregenerats, PNJs, animals &#8230;<\/td>\n<\/tr>\n<tr>\n<td><a href=\"http:\/\/rolmasters.com\/inventario\/aplicaciones\/\" rel=\"noopener\"><i class=\"fa fa-hand-o-right\"> APLICACIONS PER M\u00d2BIL<\/i><\/a><\/td>\n<td>Enlla\u00e7os de desc\u00e0rrega de diverses aplicacions \u00fatils per al joc.<\/td>\n<\/tr>\n<tr>\n<td><a href=\"http:\/\/rolmasters.com\/inventario\/revistas-y-fanzines-digitales\/\" rel=\"noopener\"><i class=\"fa fa-hand-o-right\"> REVISTES I FANZINS DIGITALS<\/i><\/a><\/td>\n<td>Edicions senceres o parts de Revistes i fanzins digitals amb material divers sobre el m\u00f3n d&#8217;Aquelarre. Articles, critiques, ajudes, ambientaci\u00f3 &#8230; Fins i tot partides.<\/td>\n<\/tr>\n<\/tbody>\n<\/table>\n<\/div>\n<div class=\"clear\"><\/div>\n<div class=\"su-divider su-divider-style-default\" style=\"margin:15px 0;border-width:2px;border-color:#999999\"><\/div>\n<div class=\"su-column su-column-size-1-2\"><div class=\"su-column-inner su-clearfix\"><img loading=\"lazy\" decoding=\"async\" class=\"aligncenter size-full wp-image-663\" src=\"http:\/\/rolmasters.com\/wp-content\/uploads\/2017\/09\/Aquelarre-3-edicion-88.png\" alt=\"\" width=\"1191\" height=\"767\" srcset=\"https:\/\/rolmasters.com\/wp-content\/uploads\/2017\/09\/Aquelarre-3-edicion-88.png 1191w, https:\/\/rolmasters.com\/wp-content\/uploads\/2017\/09\/Aquelarre-3-edicion-88-300x193.png 300w, https:\/\/rolmasters.com\/wp-content\/uploads\/2017\/09\/Aquelarre-3-edicion-88-768x495.png 768w, https:\/\/rolmasters.com\/wp-content\/uploads\/2017\/09\/Aquelarre-3-edicion-88-1024x659.png 1024w\" sizes=\"(max-width: 1191px) 100vw, 1191px\" \/><\/div><\/div>\n<div class=\"su-column su-column-size-1-2\"><div class=\"su-column-inner su-clearfix\">\n<h2>COMPARTEIX EL TEU INVENTARI<\/h2>\n<p>Si vols, tu tamb\u00e9 pots ajudar a enriquir aquesta secci\u00f3 i compartir a Rolmasters tot tipus de material per ambientar, millorar o facilitar el joc d&#8217;Aquelarre. Pots enviar-nos els teus mapes, taules, guies i ajudes, fitxes, m\u00f2duls, descripcions, aplicacions&#8230;<br \/>\nNom\u00e9s has d&#8217;omplir el formulari que trobar\u00e0s a la seg\u00fcent secci\u00f3:<\/p>\n<div class=\"su-button-center\"><a href=\"http:\/\/rolmasters.com\/inventario\/comparte-tu-inventario\/\" class=\"su-button su-button-style-default\" style=\"color:#FFFFFF;background-color:#fb5250;border-color:#c94240;border-radius:7px;-moz-border-radius:7px;-webkit-border-radius:7px\" target=\"_blank\"><span style=\"color:#FFFFFF;padding:7px 20px;font-size:16px;line-height:24px;border-color:#fc8685;border-radius:7px;-moz-border-radius:7px;-webkit-border-radius:7px;text-shadow:none;-moz-text-shadow:none;-webkit-text-shadow:none\"><img decoding=\"async\" src=\"http:\/\/rolmasters.com\/wp-content\/uploads\/2017\/09\/ADMIN-ICON-ROLMASTERS.png\" alt=\"Comparteix el teu inventari\" style=\"width:24px;height:24px\" \/> Comparteix el teu inventari<\/span><\/a><\/div>\n<\/div><\/div>","protected":false},"excerpt":{"rendered":"<p>En aquesta secci\u00f3 trobareu tot tipus de material que us pugui ser \u00fatil per millorar i ambientar les vostres partides aix\u00ed com: fitxes en blanc, personatges Pnj, m\u00f2duls no oficials, mapes de tot tipus, recursos d&#8217;ambientaci\u00f3, mites i llegendes per a la creaci\u00f3 de partides, i molt m\u00e9s&#8230; &nbsp;<\/p>\n<div class='heateor_sss_sharing_container heateor_sss_vertical_sharing heateor_sss_bottom_sharing' style='width:44px;right: -10px;top: 250px;-webkit-box-shadow:none;box-shadow:none;' heateor-sss-data-href='https:\/\/rolmasters.com\/ca\/wp-json\/wp\/v2\/pages\/29'><ul  class=\"heateor_sss_sharing_ul\"><li class=\"\"><i style=\"width:40px;height:40px;margin:0;\" alt=\"Facebook\" Title=\"Facebook\" class=\"heateorSssSharing heateorSssFacebookBackground\" onclick='heateorSssPopup(\"https:\/\/www.facebook.com\/sharer\/sharer.php?u=https%3A%2F%2Frolmasters.com%2Fca%2Fwp-json%2Fwp%2Fv2%2Fpages%2F29\")'><ss style=\"display:block;\" class=\"heateorSssSharingSvg heateorSssFacebookSvg\"><\/ss><\/i><\/li><li class=\"\"><i style=\"width:40px;height:40px;margin:0;\" alt=\"Twitter\" Title=\"Twitter\" class=\"heateorSssSharing heateorSssTwitterBackground\" onclick='heateorSssPopup(\"http:\/\/twitter.com\/intent\/tweet?text=ROLMASTERS%20-%20Tira%201D100&url=https%3A%2F%2Frolmasters.com%2Fca%2Fwp-json%2Fwp%2Fv2%2Fpages%2F29\")'><ss style=\"display:block;\" class=\"heateorSssSharingSvg heateorSssTwitterSvg\"><\/ss><\/i><\/li><li class=\"\"><i style=\"width:40px;height:40px;margin:0;\" alt=\"Whatsapp\" Title=\"Whatsapp\" class=\"heateorSssSharing heateorSssWhatsappBackground\"><a  href=\"whatsapp:\/\/send?text=ROLMASTERS%20-%20Tira%201D100 https%3A%2F%2Frolmasters.com%2Fca%2Fwp-json%2Fwp%2Fv2%2Fpages%2F29\" rel=\"nofollow\"><ss style=\"display:block\" class=\"heateorSssSharingSvg heateorSssWhatsappSvg\"><\/ss><\/a><\/i><\/li><\/ul><div class=\"heateorSssClear\"><\/div><\/div>","protected":false},"author":1,"featured_media":277,"parent":0,"menu_order":0,"comment_status":"closed","ping_status":"closed","template":"full-width.php","meta":{"footnotes":""},"_links":{"self":[{"href":"https:\/\/rolmasters.com\/ca\/wp-json\/wp\/v2\/pages\/29"}],"collection":[{"href":"https:\/\/rolmasters.com\/ca\/wp-json\/wp\/v2\/pages"}],"about":[{"href":"https:\/\/rolmasters.com\/ca\/wp-json\/wp\/v2\/types\/page"}],"author":[{"embeddable":true,"href":"https:\/\/rolmasters.com\/ca\/wp-json\/wp\/v2\/users\/1"}],"replies":[{"embeddable":true,"href":"https:\/\/rolmasters.com\/ca\/wp-json\/wp\/v2\/comments?post=29"}],"version-history":[{"count":0,"href":"https:\/\/rolmasters.com\/ca\/wp-json\/wp\/v2\/pages\/29\/revisions"}],"wp:featuredmedia":[{"embeddable":true,"href":"https:\/\/rolmasters.com\/ca\/wp-json\/wp\/v2\/media\/277"}],"wp:attachment":[{"href":"https:\/\/rolmasters.com\/ca\/wp-json\/wp\/v2\/media?parent=29"}],"curies":[{"name":"wp","href":"https:\/\/api.w.org\/{rel}","templated":true}]}}