{"id":2797,"date":"2018-01-17T15:30:29","date_gmt":"2018-01-17T15:30:29","guid":{"rendered":"http:\/\/rolmasters.com\/?page_id=2797"},"modified":"2018-05-24T16:51:24","modified_gmt":"2018-05-24T16:51:24","slug":"fronteras","status":"publish","type":"page","link":"https:\/\/rolmasters.com\/ca\/fronteras\/","title":{"rendered":"FRONTERES"},"content":{"rendered":"<section class=\"kc-elm kc-css-181646 kc_row\"><div class=\"kc-row-container  kc-container\"><div class=\"kc-wrap-columns\"><div class=\"kc-elm kc-css-411750 kc_col-sm-12 kc_column kc_col-sm-12\"><div class=\"kc-col-container\"><div class=\"kc-elm kc-css-856388 kc_text_block\"><p>Les fronteres dels diferents regnes o comtats de la pen\u00ednsula Ib\u00e8rica van anar variant des de la invasi\u00f3 \u00c0rab en l&#039;any 711 fins a l&#039;expulsi\u00f3 d&#039;aquests en l&#039;any 1492. Aquestes variacions frontereres es produ\u00efen per diversos motius que afectaven directament en el repartiment del territori. Les guerres i conquestes, el que esdevenia en els regnes, qui manava a ells i finalment els enlla\u00e7os matrimonials i les aliances. Per tot aix\u00f2 dividim la p\u00e0gina\u00a0<span class=\"hiddenGrammarError\">fronteres<\/span>\u00a0en les seccions seg\u00fcents.<\/p>\n<\/div><\/div><\/div><\/div><\/div><\/section><section class=\"kc-elm kc-css-711490 kc_row\"><div class=\"kc-row-container  kc-container\"><div class=\"kc-wrap-columns\"><div class=\"kc-elm kc-css-368410 kc_col-sm-12 kc_column kc_col-sm-12\"><div class=\"kc-col-container\"><div class=\"kc-elm kc-css-149295 kc_row kc_row_inner\"><div class=\"kc-elm kc-css-932695 kc_col-sm-4 kc_column_inner kc_col-sm-4\"><div class=\"kc_wrapper kc-col-inner-container\">\n<div class=\"kc-elm kc-css-300917 kc-image-hover-effects kc-img-effects-1 overlay_scale_in\">\n\n\t<a href=\"http:\/\/rolmasters.com\/fronteras\/reyes-y-gobernantes\/\"><img decoding=\"async\" src=\"https:\/\/rolmasters.com\/wp-content\/uploads\/2017\/09\/Aquelarre-3-edicion-103.png\" alt=\"\"\/><\/a><a href=\"http:\/\/rolmasters.com\/fronteras\/reyes-y-gobernantes\/\"><div class=\"overlay-effects\"><div class=\"content-title\">REYES Y GOBERNANTES<\/div><\/div><\/a>\n<\/div><div class=\"kc-elm kc-css-765116 kc_text_block\"><h3 style=\"text-align: center;\"><a href=\"http:\/\/rolmasters.com\/fronteras\/reyes-y-gobernantes\/\">REIS I GOVERNANTS<\/a><\/h3>\n<p style=\"text-align: center;\">Els que manaven i prenien les decisions.<\/p>\n<\/div><\/div><\/div><div class=\"kc-elm kc-css-380142 kc_col-sm-4 kc_column_inner kc_col-sm-4\"><div class=\"kc_wrapper kc-col-inner-container\">\n<div class=\"kc-elm kc-css-533236 kc-image-hover-effects kc-img-effects-1 overlay_scale_in\">\n\n\t<a href=\"http:\/\/rolmasters.com\/fronteras\/batallas-y-tratados\/\"><img decoding=\"async\" src=\"https:\/\/rolmasters.com\/wp-content\/uploads\/2017\/09\/Aquelarre-3-edicion-12.png\" alt=\"\"\/><\/a><a href=\"http:\/\/rolmasters.com\/fronteras\/batallas-y-tratados\/\"><div class=\"overlay-effects\"><div class=\"content-title\">BATALLAS Y TRATADOS<\/div><\/div><\/a>\n<\/div><div class=\"kc-elm kc-css-450653 kc_text_block\"><h3 style=\"text-align: center;\"><a href=\"http:\/\/rolmasters.com\/fronteras\/batallas-y-tratados\/\">BATALLES I TRACTATS<\/a><\/h3>\n<p style=\"text-align: center;\">Confrontacions, conquistes o acords.<\/p>\n<\/div><\/div><\/div><div class=\"kc-elm kc-css-415481 kc_col-sm-4 kc_column_inner kc_col-sm-4\"><div class=\"kc_wrapper kc-col-inner-container\">\n<div class=\"kc-elm kc-css-613769 kc-image-hover-effects kc-img-effects-1 overlay_scale_in\">\n\n\t<a href=\"http:\/\/rolmasters.com\/fronteras\/enlaces-y-alianzas\/\"><img decoding=\"async\" src=\"https:\/\/rolmasters.com\/wp-content\/uploads\/2017\/09\/Aquelarre-3-edicion-24.png\" alt=\"\"\/><\/a><a href=\"http:\/\/rolmasters.com\/fronteras\/enlaces-y-alianzas\/\"><div class=\"overlay-effects\"><div class=\"content-title\">ENLACES Y ALIANAZAS<\/div><\/div><\/a>\n<\/div><div class=\"kc-elm kc-css-125605 kc_text_block\"><h3 style=\"text-align: center;\"><a href=\"http:\/\/rolmasters.com\/fronteras\/enlaces-y-alianzas\/\">ENLLA\u00c7OS I ALIANCES<\/a><\/h3>\n<p style=\"text-align: center;\">Casaments o pactes entre dinasties.<\/p>\n<\/div><\/div><\/div><\/div><\/div><\/div><\/div><\/div><\/section><section class=\"kc-elm kc-css-171497 kc_row\"><div class=\"kc-row-container  kc-container\"><div class=\"kc-wrap-columns\"><div class=\"kc-elm kc-css-290383 kc_col-sm-12 kc_column kc_col-sm-12\"><div class=\"kc-col-container\"><div class=\"kc-elm kc-css-785517 kc_row kc_row_inner\"><div class=\"kc-elm kc-css-978705 kc_col-sm-6 kc_column_inner kc_col-sm-6\"><div class=\"kc_wrapper kc-col-inner-container\">\n<div class=\"kc-elm kc-css-938175 kc-image-hover-effects kc-img-effects-1 overlay_scale_in\">\n\n\t<a href=\"http:\/\/rolmasters.com\/fronteras\/reyes-y-gobernantes\/\"><img decoding=\"async\" src=\"https:\/\/rolmasters.com\/wp-content\/uploads\/2017\/09\/Aquelarre-3-edicion-103.png\" alt=\"\"\/><\/a><a href=\"http:\/\/rolmasters.com\/fronteras\/reyes-y-gobernantes\/\"><div class=\"overlay-effects\"><div class=\"content-title\">REIS I GOVERNANTS<\/div><\/div><\/a>\n<\/div><div class=\"kc-elm kc-css-304041 kc_text_block\"><h3 style=\"text-align: center;\"><a href=\"http:\/\/rolmasters.com\/fronteras\/reyes-y-gobernantes\/\">REIS I GOVERNANTS<\/a><\/h3>\n<p style=\"text-align: center;\">Els que manaven i prenien les decisions.<\/p>\n<\/div><\/div><\/div><div class=\"kc-elm kc-css-85365 kc_col-sm-6 kc_column_inner kc_col-sm-6\"><div class=\"kc_wrapper kc-col-inner-container\">\n<div class=\"kc-elm kc-css-397284 kc-image-hover-effects kc-img-effects-1 overlay_scale_in\">\n\n\t<a href=\"http:\/\/rolmasters.com\/fronteras\/batallas-y-tratados\/\"><img decoding=\"async\" src=\"https:\/\/rolmasters.com\/wp-content\/uploads\/2017\/09\/Aquelarre-3-edicion-12.png\" alt=\"\"\/><\/a><a href=\"http:\/\/rolmasters.com\/fronteras\/batallas-y-tratados\/\"><div class=\"overlay-effects\"><div class=\"content-title\">BATALLES I TRACTATS<\/div><\/div><\/a>\n<\/div><div class=\"kc-elm kc-css-117549 kc_text_block\"><h3 style=\"text-align: center;\"><a href=\"http:\/\/rolmasters.com\/fronteras\/batallas-y-tratados\/\">BATALLES I TRACTATS<\/a><\/h3>\n<p style=\"text-align: center;\">Confrontacions, conquistes o acords.<\/p>\n<\/div><\/div><\/div><\/div><\/div><\/div><\/div><\/div><\/section><section class=\"kc-elm kc-css-662271 kc_row\"><div class=\"kc-row-container  kc-container\"><div class=\"kc-wrap-columns\"><div class=\"kc-elm kc-css-777407 kc_col-sm-12 kc_column kc_col-sm-12\"><div class=\"kc-col-container\">\n<div class=\"kc-elm kc-css-185426 divider_line\">\n\t<div class=\"divider_inner divider_line2\">\n\t\t<i class=\"et-flag\"><\/i>\t<\/div>\n<\/div>\n<div class=\"kc-elm kc-css-227127 kc_text_block\"><p style=\"text-align: center;\">Malgrat que el manual b\u00e1sic d&#039;<em><strong>Aquelarre<\/strong><\/em> situa la cronolog\u00eda del Joc entre 1250 i 1500 hi ha m\u00f2duls que permeten ampliar-lo m\u00e9s enll\u00e0 del 1700.<br \/>\nLa nostra intenci\u00f3, en aquest portal web,\u00a0<span style=\"font-style: inherit;\">\u00e9s oferir<\/span><span style=\"font-style: inherit;\">\u00a0<\/span><span style=\"font-style: inherit;\">alguns detalls hist\u00f2rics que ajudin a situar les partides i fer\u00a0<\/span><span class=\"hiddenSpellError\" style=\"font-style: inherit;\">jugable<\/span><span style=\"font-style: inherit;\">\u00a0el manual\u00a0<\/span><span class=\"hiddenGrammarError\" style=\"font-style: inherit;\">des<\/span><span style=\"font-style: inherit;\">\u00a0711.\u00a0<\/span><\/p>\n<\/div>\n<div class=\"kc-elm kc-css-174792 divider_line\">\n\t<div class=\"divider_inner divider_line1\">\n\t\t\t<\/div>\n<\/div>\n<div class=\"kc-elm kc-css-505983\" style=\"height: 30px; clear: both; width:100%;\"><\/div><\/div><\/div><\/div><\/div><\/section><section data-kc-fullwidth=\"row\" class=\"kc-elm kc-css-893399 kc_row\"><div class=\"kc-row-container  kc-container\"><div class=\"kc-wrap-columns\"><div class=\"kc-elm kc-css-613584 kc_col-sm-12 kc_column kc_col-sm-12\"><div class=\"kc-col-container\"><\/div><\/div><\/div><\/div><\/section><section data-kc-fullwidth=\"row\" class=\"kc-elm kc-css-816978 kc_row\"><div class=\"kc-row-container  kc-container\"><div class=\"kc-wrap-columns\"><div class=\"kc-elm kc-css-572539 kc_col-sm-4 kc_column kc_col-sm-4\"><div class=\"kc-col-container\"><div class=\"kc-elm kc-css-981811 kc_text_block\"><p><a href=\"http:\/\/rolmasters.com\/fronteres\/Recopilacion-cronologias-oficiales-de-aquelarre-por-Rolmasters.pdf\" target=\"_blank\" rel=\"noopener\"><img loading=\"lazy\" decoding=\"async\" class=\"aligncenter size-full\" src=\"http:\/\/rolmasters.com\/wp-content\/uploads\/2018\/03\/Cronos-700px.jpg\" alt=\"\" width=\"700\" height=\"648\" \/><\/a><\/p>\n<\/div><\/div><\/div><div class=\"kc-elm kc-css-801426 kc_col-sm-4 kc_column kc_col-sm-4\"><div class=\"kc-col-container\"><div class=\"kc-elm kc-css-379109 kc_text_block\"><h2 style=\"text-align: left;\">RECOPILACI\u00d3 DE CRONOLOGIES OFICIALS D&#039;AQUELARRE PUBLICADES DURANT LES ETAPES DE JOC INTERNACIONAL I PROYECTOS EDITORIALES CROM<\/h2>\n<\/div><div class=\"kc-elm kc-css-927388\" style=\"height: 10px; clear: both; width:100%;\"><\/div><div class=\"kc-elm kc-css-5005 kc-raw-code\"><div class=\"su-button-center\"><a href=\"http:\/\/rolmasters.com\/fronteres\/Recopilacion-cronologias-oficiales-de-aquelarre-por-Rolmasters.pdf\" class=\"su-button su-button-style-default\" style=\"color:#FFFFFF;background-color:#fb5250;border-color:#c94240;border-radius:7px;-moz-border-radius:7px;-webkit-border-radius:7px\" target=\"_blank\"><span style=\"color:#FFFFFF;padding:7px 20px;font-size:16px;line-height:24px;border-color:#fc8685;border-radius:7px;-moz-border-radius:7px;-webkit-border-radius:7px;text-shadow:none;-moz-text-shadow:none;-webkit-text-shadow:none\"><img decoding=\"async\" src=\"http:\/\/rolmasters.com\/wp-content\/uploads\/2017\/09\/ADMIN-ICON-ROLMASTERS.png\" alt=\"DESCARREGA RECOPILATORI\" style=\"width:24px;height:24px\" \/> DESCARREGA RECOPILATORI<\/span><\/a><\/div><\/div><div class=\"kc-elm kc-css-407487\" style=\"height: 30px; clear: both; width:100%;\"><\/div><\/div><\/div><div class=\"kc-elm kc-css-606539 kc_col-sm-5 kc_column kc_col-sm-5\"><div class=\"kc-col-container\"><div class=\"kc-elm kc-css-153051 kc_text_block\"><h3>\u00cdNDEX DE CONTINGUT<\/h3>\n<p><span style=\"color: #484f5e;\">\u2022 La pen\u00ednsula Ib\u00e9rica de 1279 &#8211; 1481<br \/>\n\u2022 Cronologia de Pedro I de Castella de 1334 &#8211; 1369<br \/>\n\u2022 Conflictes armats a la pen\u00ednsula de 1300 -1450<br \/>\n\u2022 Aconteixements al Principat de 1298 &#8211; 1410<br \/>\n\u2022 Cronologia de Rinascita de 1451 &#8211; 1598<br \/>\n\u2022 El Madrid Medieval de 1083 &#8211; 1495<br \/>\n\u2022 El Madrid dels Austrias de 1500 &#8211; 1700<br \/>\n\u2022 Listat dels Inquisidors Generals d&#039;Espa\u00f1a<br \/>\n\u2022 Cronologia del Tribunal de la Santa Inquisici\u00f3<br \/>\n\u2022 Cronologia de Sefarad de 70 &#8211; 1497<br \/>\n\u2022 Cronologia d&#039;Al Andalus de 710 &#8211; 1609<br \/>\n\u2022 La Cordoba baix-medieval de 1023 &#8211; 1493<\/span><\/p>\n<\/div><\/div><\/div><\/div><\/div><\/section><section data-kc-fullwidth=\"row\" class=\"kc-elm kc-css-222152 kc_row\"><div class=\"kc-row-container  kc-container\"><div class=\"kc-wrap-columns\"><div class=\"kc-elm kc-css-191669 kc_col-sm-12 kc_column kc_col-sm-12\"><div class=\"kc-col-container\"><\/div><\/div><\/div><\/div><\/section><section class=\"kc-elm kc-css-613241 kc_row\"><div class=\"kc-row-container  kc-container\"><div class=\"kc-wrap-columns\"><div class=\"kc-elm kc-css-825435 kc_col-sm-12 kc_column kc_col-sm-12\"><div class=\"kc-col-container\"><div class=\"kc-elm kc-css-629206\" style=\"height: 30px; clear: both; width:100%;\"><\/div><div class=\"kc-elm kc-css-535976 kc_text_block\"><h2 style=\"text-align: center;\">MAPES DE L&#039;EVOLUCI\u00d3 DELS REGNES DE LA PEN\u00cdNSULA I LES SEVES FRONTERES DE 711 A 1492<\/h2>\n<\/div><div class=\"kc-elm kc-css-953918 kc-raw-code\">\n\t\t<!-- MasterSlider -->\n\t\t<div id=\"P_MS69de6ebd9d33f\" class=\"master-slider-parent msl ms-parent-id-1\" style=\"max-width:1920px;\"  >\n\n\t\t\t\n\t\t\t<!-- MasterSlider Main -->\n\t\t\t<div id=\"MS69de6ebd9d33f\" class=\"master-slider ms-skin-default\" >\n\t\t\t\t \t\t\t\t \n\t\t\t\t<div  class=\"ms-slide\" data-delay=\"3\" data-fill-mode=\"fill\"  >\n\t\t\t\t\t<img decoding=\"async\" src=\"https:\/\/rolmasters.com\/wp-content\/plugins\/master-slider\/public\/assets\/css\/blank.gif\" alt=\"\" title=\"\" data-src=\"https:\/\/rolmasters.com\/wp-content\/uploads\/2017\/09\/PENINSULA-756.jpg\" \/>\n\n\n\t<div class=\"ms-thumb\" ><div class=\"ms-tab-context\"><div class=&quot;ms-tab-context&quot;><\/div><\/div>\n<\/div>\n\t\t\t\t<\/div>\n\t\t\t\t<div  class=\"ms-slide\" data-delay=\"3\" data-fill-mode=\"fill\"  >\n\t\t\t\t\t<img decoding=\"async\" src=\"https:\/\/rolmasters.com\/wp-content\/plugins\/master-slider\/public\/assets\/css\/blank.gif\" alt=\"\" title=\"\" data-src=\"https:\/\/rolmasters.com\/wp-content\/uploads\/2017\/09\/PENINSULA-939.jpg\" \/>\n\n\n\t<div class=\"ms-thumb\" ><div class=\"ms-tab-context\"><div class=&quot;ms-tab-context&quot;><\/div><\/div>\n<\/div>\n\t\t\t\t<\/div>\n\t\t\t\t<div  class=\"ms-slide\" data-delay=\"3\" data-fill-mode=\"fill\"  >\n\t\t\t\t\t<img decoding=\"async\" src=\"https:\/\/rolmasters.com\/wp-content\/plugins\/master-slider\/public\/assets\/css\/blank.gif\" alt=\"\" title=\"\" data-src=\"https:\/\/rolmasters.com\/wp-content\/uploads\/2017\/09\/PENINSULA-1036.jpg\" \/>\n\n\n\t<div class=\"ms-thumb\" ><div class=\"ms-tab-context\"><div class=&quot;ms-tab-context&quot;><\/div><\/div>\n<\/div>\n\t\t\t\t<\/div>\n\t\t\t\t<div  class=\"ms-slide\" data-delay=\"3\" data-fill-mode=\"fill\"  >\n\t\t\t\t\t<img decoding=\"async\" src=\"https:\/\/rolmasters.com\/wp-content\/plugins\/master-slider\/public\/assets\/css\/blank.gif\" alt=\"\" title=\"\" data-src=\"https:\/\/rolmasters.com\/wp-content\/uploads\/2017\/09\/PENINSULA-1162.jpg\" \/>\n\n\n\t<div class=\"ms-thumb\" ><div class=\"ms-tab-context\"><div class=&quot;ms-tab-context&quot;><\/div><\/div>\n<\/div>\n\t\t\t\t<\/div>\n\t\t\t\t<div  class=\"ms-slide\" data-delay=\"3\" data-fill-mode=\"fill\"  >\n\t\t\t\t\t<img decoding=\"async\" src=\"https:\/\/rolmasters.com\/wp-content\/plugins\/master-slider\/public\/assets\/css\/blank.gif\" alt=\"\" title=\"\" data-src=\"https:\/\/rolmasters.com\/wp-content\/uploads\/2017\/09\/PENINSULA-1212.jpg\" \/>\n\n\n\t<div class=\"ms-thumb\" ><div class=\"ms-tab-context\"><div class=&quot;ms-tab-context&quot;><\/div><\/div>\n<\/div>\n\t\t\t\t<\/div>\n\t\t\t\t<div  class=\"ms-slide\" data-delay=\"3\" data-fill-mode=\"fill\"  >\n\t\t\t\t\t<img decoding=\"async\" src=\"https:\/\/rolmasters.com\/wp-content\/plugins\/master-slider\/public\/assets\/css\/blank.gif\" alt=\"\" title=\"\" data-src=\"https:\/\/rolmasters.com\/wp-content\/uploads\/2017\/09\/PENINSULA-1250.jpg\" \/>\n\n\n\t<div class=\"ms-thumb\" ><div class=\"ms-tab-context\"><div class=&quot;ms-tab-context&quot;><\/div><\/div>\n<\/div>\n\t\t\t\t<\/div>\n\t\t\t\t<div  class=\"ms-slide\" data-delay=\"3\" data-fill-mode=\"fill\"  >\n\t\t\t\t\t<img decoding=\"async\" src=\"https:\/\/rolmasters.com\/wp-content\/plugins\/master-slider\/public\/assets\/css\/blank.gif\" alt=\"\" title=\"\" data-src=\"https:\/\/rolmasters.com\/wp-content\/uploads\/2017\/09\/PENINSULA-1492.jpg\" \/>\n\n\n\t<div class=\"ms-thumb\" ><div class=\"ms-tab-context\"><div class=&quot;ms-tab-context&quot;><\/div><\/div>\n<\/div>\n\t\t\t\t<\/div>\n\n\t\t\t<\/div>\n\t\t\t<!-- END MasterSlider Main -->\n\n\t\t\t \n\t\t<\/div>\n\t\t<!-- END MasterSlider -->\n\n\t\t<script>\n\t\t(function ( $ ) {\n\t\t\t\"use strict\";\n\n\t\t\t$(function () {\n\t\t\t\tvar masterslider_d33f = new MasterSlider();\n\n\t\t\t\t\/\/ slider controls\n\t\t\t\tmasterslider_d33f.control('arrows'     ,{ autohide:false, overVideo:true  });\n\t\t\t\t\/\/ slider setup\n\t\t\t\tmasterslider_d33f.setup(\"MS69de6ebd9d33f\", {\n\t\t\t\t\t\twidth           : 1920,\n\t\t\t\t\t\theight          : 1044,\n\t\t\t\t\t\tminHeight       : 0,\n\t\t\t\t\t\tspace           : 0,\n\t\t\t\t\t\tstart           : 1,\n\t\t\t\t\t\tgrabCursor      : true,\n\t\t\t\t\t\tswipe           : true,\n\t\t\t\t\t\tmouse           : true,\n\t\t\t\t\t\tlayout          : \"boxed\",\n\t\t\t\t\t\twheel           : false,\n\t\t\t\t\t\tautoplay        : true,\n\t\t\t\t\t\tinstantStartLayers:false,\n\t\t\t\t\t\tloop            : true,\n\t\t\t\t\t\tshuffle         : false,\n\t\t\t\t\t\tpreload         : 0,\n\t\t\t\t\t\theightLimit     : true,\n\t\t\t\t\t\tautoHeight      : false,\n\t\t\t\t\t\tsmoothHeight    : true,\n\t\t\t\t\t\tendPause        : false,\n\t\t\t\t\t\toverPause       : true,\n\t\t\t\t\t\tfillMode        : \"fill\",\n\t\t\t\t\t\tcenterControls  : true,\n\t\t\t\t\t\tstartOnAppear   : false,\n\t\t\t\t\t\tlayersMode      : \"center\",\n\t\t\t\t\t\thideLayers      : false,\n\t\t\t\t\t\tfullscreenMargin: 0,\n\t\t\t\t\t\tspeed           : 20,\n\t\t\t\t\t\tdir             : \"h\",\n\t\t\t\t\t\tparallaxMode    : 'swipe',\n\t\t\t\t\t\tview            : \"basic\"\n\t\t\t\t});\n\n\t\t\t\t\n\t\t\t\twindow.masterslider_instances = window.masterslider_instances || [];\n\t\t\t\twindow.masterslider_instances.push( masterslider_d33f );\n\t\t\t });\n\n\t\t})(jQuery);\n\t\t<\/script>\n\n<\/div><\/div><\/div><\/div><\/div><\/section>","protected":false},"excerpt":{"rendered":"<div class='heateor_sss_sharing_container heateor_sss_vertical_sharing heateor_sss_bottom_sharing' style='width:44px;right: -10px;top: 250px;-webkit-box-shadow:none;box-shadow:none;' heateor-sss-data-href='https:\/\/rolmasters.com\/ca\/wp-json\/wp\/v2\/pages\/2797'><ul  class=\"heateor_sss_sharing_ul\"><li class=\"\"><i style=\"width:40px;height:40px;margin:0;\" alt=\"Facebook\" Title=\"Facebook\" class=\"heateorSssSharing heateorSssFacebookBackground\" onclick='heateorSssPopup(\"https:\/\/www.facebook.com\/sharer\/sharer.php?u=https%3A%2F%2Frolmasters.com%2Fca%2Fwp-json%2Fwp%2Fv2%2Fpages%2F2797\")'><ss style=\"display:block;\" class=\"heateorSssSharingSvg heateorSssFacebookSvg\"><\/ss><\/i><\/li><li class=\"\"><i style=\"width:40px;height:40px;margin:0;\" alt=\"Twitter\" Title=\"Twitter\" class=\"heateorSssSharing heateorSssTwitterBackground\" onclick='heateorSssPopup(\"http:\/\/twitter.com\/intent\/tweet?text=ROLMASTERS%20-%20Tira%201D100&url=https%3A%2F%2Frolmasters.com%2Fca%2Fwp-json%2Fwp%2Fv2%2Fpages%2F2797\")'><ss style=\"display:block;\" class=\"heateorSssSharingSvg heateorSssTwitterSvg\"><\/ss><\/i><\/li><li class=\"\"><i style=\"width:40px;height:40px;margin:0;\" alt=\"Whatsapp\" Title=\"Whatsapp\" class=\"heateorSssSharing heateorSssWhatsappBackground\"><a  href=\"whatsapp:\/\/send?text=ROLMASTERS%20-%20Tira%201D100 https%3A%2F%2Frolmasters.com%2Fca%2Fwp-json%2Fwp%2Fv2%2Fpages%2F2797\" rel=\"nofollow\"><ss style=\"display:block\" class=\"heateorSssSharingSvg heateorSssWhatsappSvg\"><\/ss><\/a><\/i><\/li><\/ul><div class=\"heateorSssClear\"><\/div><\/div>","protected":false},"author":1,"featured_media":281,"parent":0,"menu_order":0,"comment_status":"closed","ping_status":"closed","template":"full-width.php","meta":{"footnotes":""},"_links":{"self":[{"href":"https:\/\/rolmasters.com\/ca\/wp-json\/wp\/v2\/pages\/2797"}],"collection":[{"href":"https:\/\/rolmasters.com\/ca\/wp-json\/wp\/v2\/pages"}],"about":[{"href":"https:\/\/rolmasters.com\/ca\/wp-json\/wp\/v2\/types\/page"}],"author":[{"embeddable":true,"href":"https:\/\/rolmasters.com\/ca\/wp-json\/wp\/v2\/users\/1"}],"replies":[{"embeddable":true,"href":"https:\/\/rolmasters.com\/ca\/wp-json\/wp\/v2\/comments?post=2797"}],"version-history":[{"count":7,"href":"https:\/\/rolmasters.com\/ca\/wp-json\/wp\/v2\/pages\/2797\/revisions"}],"predecessor-version":[{"id":3974,"href":"https:\/\/rolmasters.com\/ca\/wp-json\/wp\/v2\/pages\/2797\/revisions\/3974"}],"wp:featuredmedia":[{"embeddable":true,"href":"https:\/\/rolmasters.com\/ca\/wp-json\/wp\/v2\/media\/281"}],"wp:attachment":[{"href":"https:\/\/rolmasters.com\/ca\/wp-json\/wp\/v2\/media?parent=2797"}],"curies":[{"name":"wp","href":"https:\/\/api.w.org\/{rel}","templated":true}]}}