{"id":2763,"date":"2018-01-08T23:00:53","date_gmt":"2018-01-08T23:00:53","guid":{"rendered":"http:\/\/rolmasters.com\/?page_id=2763"},"modified":"2021-11-09T09:38:52","modified_gmt":"2021-11-09T09:38:52","slug":"blogs-y-webs","status":"publish","type":"page","link":"https:\/\/rolmasters.com\/ca\/rol\/blogs-y-webs\/","title":{"rendered":"BLOGS I WEBS"},"content":{"rendered":"<section class=\"kc-elm kc-css-704306 kc_row\"><div class=\"kc-row-container  kc-container\"><div class=\"kc-wrap-columns\"><div class=\"kc-elm kc-css-874686 kc_col-sm-12 kc_column kc_col-sm-12\"><div class=\"kc-col-container\"><div class=\"kc-elm kc-css-647753 kc_text_block\"><p>En aquesta p\u00e0gina anirem afegint enlla\u00e7os a blogs i webs relacionats amb Aquelarre on trobar material, entrades o recursos diversos relacionats amb el joc, la seva \u00e8poca, llegendes i\/o mitologia, etc &#8230;<\/p>\n<\/div>\n<div class=\"kc-elm kc-css-789661 divider_line\">\n\t<div class=\"divider_inner divider_line1\">\n\t\t\t<\/div>\n<\/div>\n<div class=\"kc-elm kc-css-716630 kc_text_block\"><h2 style=\"text-align: center;\">BLOGS REFERENTS PER ROLMASTERS ORDENATS ALFAB\u00c8TICAMENT<\/h2>\n<\/div>\n<div class=\"kc-elm kc-css-379557 divider_line\">\n\t<div class=\"divider_inner divider_line2\">\n\t\t<i class=\"et-flag\"><\/i>\t<\/div>\n<\/div>\n<div class=\"kc-elm kc-css-146887\" style=\"height: 20px; clear: both; width:100%;\"><\/div><div class=\"kc-elm kc-css-353933 kc_row kc_row_inner\"><div class=\"kc-elm kc-css-508833 kc_col-sm-6 kc_column_inner kc_col-sm-6\"><div class=\"kc_wrapper kc-col-inner-container\"><div class=\"kc-elm kc-css-242711 kc_text_block\"><h3 style=\"text-align: center;\"><a href=\"http:\/\/greatfrezzerspanishversion.blogspot.com.es\/\" target=\"_blank\" rel=\"noopener\"><img decoding=\"async\" class=\"aligncenter size-full\" src=\"http:\/\/rolmasters.com\/wp-content\/uploads\/2018\/01\/Blog-aquelarredvanced.jpg\" alt=\"Aquelarredvanced\" \/><\/a><\/h3>\n<h3 style=\"text-align: center;\"><a href=\"http:\/\/greatfrezzerspanishversion.blogspot.com.es\/\" target=\"_blank\" rel=\"noopener\">AQUELARREDVANCED<\/a><\/h3>\n<\/div><\/div><\/div><div class=\"kc-elm kc-css-972154 kc_col-sm-6 kc_column_inner kc_col-sm-6\"><div class=\"kc_wrapper kc-col-inner-container\"><div class=\"kc-elm kc-css-561725 kc_text_block\"><h3 style=\"text-align: center;\"><a href=\"http:\/\/aquerasturias.blogspot.com.es\/\" target=\"_blank\" rel=\"noopener\"><img decoding=\"async\" class=\"aligncenter size-full\" src=\"http:\/\/rolmasters.com\/wp-content\/uploads\/2018\/01\/Blog-aquerasturias.jpg\" alt=\"Aquerasturias\" \/><\/a><\/h3>\n<h3 style=\"text-align: center;\"><a href=\"http:\/\/aquerasturias.blogspot.com.es\/\" target=\"_blank\" rel=\"noopener\">AQUERASTURIAS<\/a><\/h3>\n<\/div><\/div><\/div><\/div><div class=\"kc-elm kc-css-174860 kc_row kc_row_inner\"><div class=\"kc-elm kc-css-872144 kc_col-sm-6 kc_column_inner kc_col-sm-6\"><div class=\"kc_wrapper kc-col-inner-container\"><div class=\"kc-elm kc-css-267242 kc_text_block\"><h3 style=\"text-align: center;\"><a href=\"https:\/\/historol.blogspot.com.es\/\" target=\"_blank\" rel=\"noopener\"><img decoding=\"async\" class=\"aligncenter size-full\" src=\"http:\/\/rolmasters.com\/wp-content\/uploads\/2018\/01\/Blog-Histo-Rol.jpg\" alt=\"Blog de Histo-rol\" \/><\/a><\/h3>\n<h3 style=\"text-align: center;\"><a href=\"https:\/\/historol.blogspot.com.es\/\" target=\"_blank\" rel=\"noopener\">HISTO-ROL<\/a><\/h3>\n<\/div><\/div><\/div><div class=\"kc-elm kc-css-607575 kc_col-sm-6 kc_column_inner kc_col-sm-6\"><div class=\"kc_wrapper kc-col-inner-container\"><div class=\"kc-elm kc-css-295597 kc_text_block\"><h3 style=\"text-align: center;\"><a href=\"http:\/\/comteestruch.blogspot.com.es\/\" target=\"_blank\" rel=\"noopener\"><img decoding=\"async\" class=\"aligncenter size-full\" src=\"http:\/\/rolmasters.com\/wp-content\/uploads\/2018\/03\/El-rincon-del-rol.jpg\" alt=\"El rincon del rol\" \/><\/a><\/h3>\n<h3 style=\"text-align: center;\"><a href=\"http:\/\/comteestruch.blogspot.com.es\/\" target=\"_blank\" rel=\"noopener\">EL RINC\u00d3N DEL ROL<\/a><\/h3>\n<\/div><\/div><\/div><\/div><div class=\"kc-elm kc-css-825809 kc_row kc_row_inner\"><div class=\"kc-elm kc-css-108264 kc_col-sm-6 kc_column_inner kc_col-sm-6\"><div class=\"kc_wrapper kc-col-inner-container\"><div class=\"kc-elm kc-css-178768 kc_text_block\"><h3 style=\"text-align: center;\"><a href=\"http:\/\/manpang.blogspot.com.es\/\" target=\"_blank\" rel=\"noopener\"><img decoding=\"async\" class=\"aligncenter size-full\" src=\"http:\/\/rolmasters.com\/wp-content\/uploads\/2018\/01\/Blog-la-fortaleza-de-manpang.jpg\" alt=\"Blog de La fortaleza del Manpang\" \/><\/a><\/h3>\n<h3 style=\"text-align: center;\"><a href=\"http:\/\/manpang.blogspot.com.es\/\" target=\"_blank\" rel=\"noopener\">LA FORTALEZA DEL MANPANG<\/a><\/h3>\n<\/div><\/div><\/div><div class=\"kc-elm kc-css-600644 kc_col-sm-6 kc_column_inner kc_col-sm-6\"><div class=\"kc_wrapper kc-col-inner-container\"><div class=\"kc-elm kc-css-479990 kc_text_block\"><h3 style=\"text-align: center;\"><a href=\"http:\/\/nivel36.blogspot.com.es\/\" target=\"_blank\" rel=\"noopener\"><img decoding=\"async\" class=\"aligncenter size-full\" src=\"http:\/\/rolmasters.com\/wp-content\/uploads\/2018\/03\/Blog-Nivel-36.jpg\" alt=\"Blog nivel 36 de Ricard Ib\u00e1\u00f1ez\" \/><\/a><\/h3>\n<h3 style=\"text-align: center;\"><a href=\"http:\/\/nivel36.blogspot.com.es\/\" target=\"_blank\" rel=\"noopener\">NIVEL 36<\/a><\/h3>\n<\/div><\/div><\/div><\/div><div class=\"kc-elm kc-css-886924 kc_row kc_row_inner\"><div class=\"kc-elm kc-css-126061 kc_col-sm-6 kc_column_inner kc_col-sm-6\"><div class=\"kc_wrapper kc-col-inner-container\"><div class=\"kc-elm kc-css-396347 kc_text_block\"><p><a href=\"http:\/\/persorol.blogspot.com.es\/\" target=\"_blank\" rel=\"noopener\"><img decoding=\"async\" class=\"aligncenter size-full\" src=\"http:\/\/rolmasters.com\/wp-content\/uploads\/2018\/01\/Blog-Perso-Rol.jpg\" alt=\"Blog Perso Rol\" \/><\/a><\/p>\n<h3 style=\"text-align: center;\"><a href=\"http:\/\/persorol.blogspot.com.es\/\" target=\"_blank\" rel=\"noopener\">PERSO ROL<\/a><\/h3>\n<\/div><\/div><\/div><div class=\"kc-elm kc-css-289871 kc_col-sm-6 kc_column_inner kc_col-sm-6\"><div class=\"kc_wrapper kc-col-inner-container\"><div class=\"kc-elm kc-css-572941 kc_text_block\"><p><a href=\"http:\/\/rerumdemoni.blogspot.com.es\/\" target=\"_blank\" rel=\"noopener\"><img decoding=\"async\" class=\"aligncenter size-full\" src=\"http:\/\/rolmasters.com\/wp-content\/uploads\/2018\/01\/Blog-Rerum-Demoni.jpg\" alt=\"Blog Rerum Demoni\" \/><\/a><\/p>\n<h3 style=\"text-align: center;\"><a href=\"http:\/\/rerumdemoni.blogspot.com.es\/\" target=\"_blank\" rel=\"noopener\">RERUM DEMONI<\/a><\/h3>\n<\/div><\/div><\/div><\/div><div class=\"kc-elm kc-css-74960 kc_row kc_row_inner\"><div class=\"kc-elm kc-css-701152 kc_col-sm-6 kc_column_inner kc_col-sm-6\"><div class=\"kc_wrapper kc-col-inner-container\"><div class=\"kc-elm kc-css-573422 kc_text_block\"><p><a href=\"http:\/\/rolequest.blogspot.com.es\/\" target=\"_blank\" rel=\"noopener\"><img decoding=\"async\" class=\"aligncenter size-full\" src=\"http:\/\/rolmasters.com\/wp-content\/uploads\/2018\/01\/Blog-Role-Quest.jpg\" alt=\"Blog Role Quest\" \/><\/a><\/p>\n<h3 style=\"text-align: center;\"><a href=\"http:\/\/rolequest.blogspot.com.es\/\" target=\"_blank\" rel=\"noopener\">ROLE QUEST<\/a><\/h3>\n<\/div><\/div><\/div><div class=\"kc-elm kc-css-687432 kc_col-sm-6 kc_column_inner kc_col-sm-6\"><div class=\"kc_wrapper kc-col-inner-container\"><div class=\"kc-elm kc-css-626272 kc_text_block\"><p><a href=\"http:\/\/sombrasdeurruela.blogspot.com.es\/\" target=\"_blank\" rel=\"noopener\"><img decoding=\"async\" class=\"aligncenter size-full\" src=\"http:\/\/rolmasters.com\/wp-content\/uploads\/2018\/01\/Blog-sombras-de-urruela.jpg\" alt=\"Sombras de Urruela\" \/><\/a><\/p>\n<h3 style=\"text-align: center;\"><a href=\"http:\/\/sombrasdeurruela.blogspot.com.es\/\" target=\"_blank\" rel=\"noopener\">SOMBRAS DE URRUELA<\/a><\/h3>\n<\/div><\/div><\/div><\/div><div class=\"kc-elm kc-css-556151 kc_row kc_row_inner\"><div class=\"kc-elm kc-css-167696 kc_col-sm-6 kc_column_inner kc_col-sm-6\"><div class=\"kc_wrapper kc-col-inner-container\"><div class=\"kc-elm kc-css-28234 kc_text_block\"><p><a href=\"https:\/\/www.youtube.com\/channel\/UCdz5kel9msbXOeawWduWu0g\" target=\"_blank\" rel=\"noopener\"><img decoding=\"async\" class=\"aligncenter size-large\" src=\"http:\/\/rolmasters.com\/wp-content\/uploads\/2019\/10\/1372x298-CVJackson.jpg\" alt=\"canal youtube CV Jackson\" \/><\/a><\/p>\n<h3 style=\"text-align: center;\"><a href=\"https:\/\/www.youtube.com\/channel\/UCdz5kel9msbXOeawWduWu0g\" target=\"_blank\" rel=\"noopener\">CANAL YOUTUBE C.V.JACKSON<\/a><\/h3>\n<\/div><\/div><\/div><div class=\"kc-elm kc-css-273723 kc_col-sm-6 kc_column_inner kc_col-sm-6\"><div class=\"kc_wrapper kc-col-inner-container\"><div class=\"kc-elm kc-css-504459 kc_text_block\"><p><a href=\"https:\/\/roldelos90.blogspot.com\/\" target=\"_blank\" rel=\"noopener\"><img decoding=\"async\" class=\"aligncenter size-large\" src=\"http:\/\/rolmasters.com\/wp-content\/uploads\/2021\/11\/Blog-Rol-de-los-90-B.jpg\" alt=\"blog rol de los 90\" \/><\/a><\/p>\n<h3 style=\"text-align: center;\"><a href=\"https:\/\/roldelos90.blogspot.com\/\" target=\"_blank\" rel=\"noopener\">ROL DE LOS 90<\/a><\/h3>\n<\/div><\/div><\/div><\/div><\/div><\/div><\/div><\/div><\/section><section class=\"kc-elm kc-css-307534 kc_row\"><div class=\"kc-row-container  kc-container\"><div class=\"kc-wrap-columns\"><div class=\"kc-elm kc-css-520893 kc_col-sm-12 kc_column kc_col-sm-12\"><div class=\"kc-col-container\">\n<div class=\"kc-elm kc-css-346035 divider_line\">\n\t<div class=\"divider_inner divider_line1\">\n\t\t\t<\/div>\n<\/div>\n<div class=\"kc-elm kc-css-653700 kc_shortcode kc_single_image\">\n\n        <img decoding=\"async\" src=\"https:\/\/rolmasters.com\/wp-content\/uploads\/2017\/10\/Aquelarre-3-edicio-parallax-3.jpg\" class=\"\" alt=\"\" \/>    <\/div>\n<div class=\"kc-elm kc-css-884876 kc-raw-code\"><div class=\"su-column su-column-size-1-3\"><div class=\"su-column-inner su-clearfix\">\r\n<div class=\"su-box su-box-style-soft\" style=\"border-color:#292929;border-radius:5px;-moz-border-radius:5px;-webkit-border-radius:5px;\"><div class=\"su-box-title\" style=\"background-color:#333333;color:#FFFFFF;-webkit-border-top-left-radius:4px;-webkit-border-top-right-radius:4px;-moz-border-radius-topleft:4px;-moz-border-radius-topright:4px;border-top-left-radius:4px;border-top-right-radius:4px;\">QU\u00c8 \u00c9S EL ROL?<\/div><div class=\"su-box-content su-clearfix\">Els jocs de rol s\u00f3n la interpretaci\u00f3 d'un personatge inventat en un m\u00f3n fictici sota les regles del manual.\r\n <\/br><\/br>\r\n<div class=\"su-button-center\"><a href=\"http:\/\/rolmasters.com\/rol\/que-es-el-rol\/\" class=\"su-button su-button-style-default\" style=\"color:#FFFFFF;background-color:#fb5250;border-color:#c94240;border-radius:6px;-moz-border-radius:6px;-webkit-border-radius:6px\" target=\"_self\"><span style=\"color:#FFFFFF;padding:0px 18px;font-size:14px;line-height:28px;border-color:#fc8685;border-radius:6px;-moz-border-radius:6px;-webkit-border-radius:6px;text-shadow:none;-moz-text-shadow:none;-webkit-text-shadow:none\"> Llegir m\u00e9s<\/span><\/a><\/div>\r\n<\/div><\/div>\r\n<\/div><\/div>\r\n\r\n<div class=\"su-column su-column-size-1-3\"><div class=\"su-column-inner su-clearfix\">\r\n<div class=\"su-box su-box-style-soft\" style=\"border-color:#292929;border-radius:5px;-moz-border-radius:5px;-webkit-border-radius:5px;\"><div class=\"su-box-title\" style=\"background-color:#333333;color:#FFFFFF;-webkit-border-top-left-radius:4px;-webkit-border-top-right-radius:4px;-moz-border-radius-topleft:4px;-moz-border-radius-topright:4px;border-top-left-radius:4px;border-top-right-radius:4px;\">QU\u00c8 \u00c9S AQUELARRE?<\/div><div class=\"su-box-content su-clearfix\">Aquelarre \u00e9s un joc de rol fant\u00e0stic medieval, ambientat a la pen\u00ednsula Ib\u00e8rica, creat per Ricard Ib\u00e1\u00f1ez.\r\n <\/br><\/br>\r\n<div class=\"su-button-center\"><a href=\"http:\/\/rolmasters.com\/rol\/que-es-el-juego-de-rol-aquelarre\/\" class=\"su-button su-button-style-default\" style=\"color:#FFFFFF;background-color:#fb5250;border-color:#c94240;border-radius:6px;-moz-border-radius:6px;-webkit-border-radius:6px\" target=\"_self\"><span style=\"color:#FFFFFF;padding:0px 18px;font-size:14px;line-height:28px;border-color:#fc8685;border-radius:6px;-moz-border-radius:6px;-webkit-border-radius:6px;text-shadow:none;-moz-text-shadow:none;-webkit-text-shadow:none\"> Llegir m\u00e9s<\/span><\/a><\/div>\r\n<\/div><\/div>\r\n<\/div><\/div>\r\n\r\n<div class=\"su-column su-column-size-1-3\"><div class=\"su-column-inner su-clearfix\">\r\n<div class=\"su-box su-box-style-soft\" style=\"border-color:#292929;border-radius:5px;-moz-border-radius:5px;-webkit-border-radius:5px;\"><div class=\"su-box-title\" style=\"background-color:#333333;color:#FFFFFF;-webkit-border-top-left-radius:4px;-webkit-border-top-right-radius:4px;-moz-border-radius-topleft:4px;-moz-border-radius-topright:4px;border-top-left-radius:4px;border-top-right-radius:4px;\">MANUALS I M\u00d2DULS?<\/div><div class=\"su-box-content su-clearfix\">Aquelarre ha viscut 4 etapes en diferents editorials des de la seva primera publicaci\u00f3 l'any 1990.\r\n <\/br><\/br>\r\n<div class=\"su-button-center\"><a href=\"http:\/\/rolmasters.com\/rol\/manuales-y-modulos-de-rol-aquelarre\/\" class=\"su-button su-button-style-default\" style=\"color:#FFFFFF;background-color:#fb5250;border-color:#c94240;border-radius:6px;-moz-border-radius:6px;-webkit-border-radius:6px\" target=\"_self\"><span style=\"color:#FFFFFF;padding:0px 18px;font-size:14px;line-height:28px;border-color:#fc8685;border-radius:6px;-moz-border-radius:6px;-webkit-border-radius:6px;text-shadow:none;-moz-text-shadow:none;-webkit-text-shadow:none\"> Llegir m\u00e9s<\/span><\/a><\/div>\r\n<\/div><\/div>\r\n<\/div><\/div>\r\n\r\n<div class=\"su-column su-column-size-1-1\"><div class=\"su-column-inner su-clearfix\"><\/div><\/div><\/div>\n<div class=\"kc-elm kc-css-234859 divider_line\">\n\t<div class=\"divider_inner divider_line1\">\n\t\t\t<\/div>\n<\/div>\n<\/div><\/div><\/div><\/div><\/section>","protected":false},"excerpt":{"rendered":"<div class='heateor_sss_sharing_container heateor_sss_vertical_sharing heateor_sss_bottom_sharing' style='width:44px;right: -10px;top: 250px;-webkit-box-shadow:none;box-shadow:none;' heateor-sss-data-href='https:\/\/rolmasters.com\/ca\/wp-json\/wp\/v2\/pages\/2763'><ul  class=\"heateor_sss_sharing_ul\"><li class=\"\"><i style=\"width:40px;height:40px;margin:0;\" alt=\"Facebook\" Title=\"Facebook\" class=\"heateorSssSharing heateorSssFacebookBackground\" onclick='heateorSssPopup(\"https:\/\/www.facebook.com\/sharer\/sharer.php?u=https%3A%2F%2Frolmasters.com%2Fca%2Fwp-json%2Fwp%2Fv2%2Fpages%2F2763\")'><ss style=\"display:block;\" class=\"heateorSssSharingSvg heateorSssFacebookSvg\"><\/ss><\/i><\/li><li class=\"\"><i style=\"width:40px;height:40px;margin:0;\" alt=\"Twitter\" Title=\"Twitter\" class=\"heateorSssSharing heateorSssTwitterBackground\" onclick='heateorSssPopup(\"http:\/\/twitter.com\/intent\/tweet?text=ROLMASTERS%20-%20Tira%201D100&url=https%3A%2F%2Frolmasters.com%2Fca%2Fwp-json%2Fwp%2Fv2%2Fpages%2F2763\")'><ss style=\"display:block;\" class=\"heateorSssSharingSvg heateorSssTwitterSvg\"><\/ss><\/i><\/li><li class=\"\"><i style=\"width:40px;height:40px;margin:0;\" alt=\"Whatsapp\" Title=\"Whatsapp\" class=\"heateorSssSharing heateorSssWhatsappBackground\"><a  href=\"whatsapp:\/\/send?text=ROLMASTERS%20-%20Tira%201D100 https%3A%2F%2Frolmasters.com%2Fca%2Fwp-json%2Fwp%2Fv2%2Fpages%2F2763\" rel=\"nofollow\"><ss style=\"display:block\" class=\"heateorSssSharingSvg heateorSssWhatsappSvg\"><\/ss><\/a><\/i><\/li><\/ul><div class=\"heateorSssClear\"><\/div><\/div>","protected":false},"author":1,"featured_media":15,"parent":27,"menu_order":0,"comment_status":"closed","ping_status":"closed","template":"full-width.php","meta":{"footnotes":""},"_links":{"self":[{"href":"https:\/\/rolmasters.com\/ca\/wp-json\/wp\/v2\/pages\/2763"}],"collection":[{"href":"https:\/\/rolmasters.com\/ca\/wp-json\/wp\/v2\/pages"}],"about":[{"href":"https:\/\/rolmasters.com\/ca\/wp-json\/wp\/v2\/types\/page"}],"author":[{"embeddable":true,"href":"https:\/\/rolmasters.com\/ca\/wp-json\/wp\/v2\/users\/1"}],"replies":[{"embeddable":true,"href":"https:\/\/rolmasters.com\/ca\/wp-json\/wp\/v2\/comments?post=2763"}],"version-history":[{"count":5,"href":"https:\/\/rolmasters.com\/ca\/wp-json\/wp\/v2\/pages\/2763\/revisions"}],"predecessor-version":[{"id":7596,"href":"https:\/\/rolmasters.com\/ca\/wp-json\/wp\/v2\/pages\/2763\/revisions\/7596"}],"up":[{"embeddable":true,"href":"https:\/\/rolmasters.com\/ca\/wp-json\/wp\/v2\/pages\/27"}],"wp:featuredmedia":[{"embeddable":true,"href":"https:\/\/rolmasters.com\/ca\/wp-json\/wp\/v2\/media\/15"}],"wp:attachment":[{"href":"https:\/\/rolmasters.com\/ca\/wp-json\/wp\/v2\/media?parent=2763"}],"curies":[{"name":"wp","href":"https:\/\/api.w.org\/{rel}","templated":true}]}}