{"id":27,"date":"2017-09-07T16:38:49","date_gmt":"2017-09-07T16:38:49","guid":{"rendered":"http:\/\/rolmasters.com\/?page_id=27"},"modified":"2018-04-16T09:51:28","modified_gmt":"2018-04-16T09:51:28","slug":"rol","status":"publish","type":"page","link":"https:\/\/rolmasters.com\/ca\/rol\/","title":{"rendered":"EL REGNE DEL JOC DE ROL"},"content":{"rendered":"<section class=\"kc-elm kc-css-450463 kc_row\"><div class=\"kc-row-container  kc-container\"><div class=\"kc-wrap-columns\"><div class=\"kc-elm kc-css-809647 kc_col-sm-12 kc_column kc_col-sm-12\"><div class=\"kc-col-container\"><div class=\"kc-elm kc-css-230499 kc_text_block\"><p>Rolmasters \u00e9s un espai web tem\u00e0tic sobre el joc de rol Aquelarre escrit per Ricard Ib\u00e1\u00f1ez. \u00c9s un lloc web sense \u00e0nims de lucre creat per un grup d&#8217;aficionats d&#8217;Aquelarre amb la finalitat d&#8217;ajudar, en la mesura del possible, a novells, jugadors i directors de joc d&#8217;aquest apassionant joc de rol. L&#8217;espai es divideix en les seg\u00fcents seccions.<\/p>\n<\/div><\/div><\/div><\/div><\/div><\/section><section data-kc-fullwidth=\"row\" class=\"kc-elm kc-css-445669 kc_row\"><div class=\"kc-row-container  kc-container\"><div class=\"kc-wrap-columns\"><div class=\"kc-elm kc-css-113708 kc_col-sm-12 kc_column kc_col-sm-12\"><div class=\"kc-col-container\"><\/div><\/div><\/div><\/div><\/section><section data-kc-fullwidth=\"row\" class=\"kc-elm kc-css-995828 kc_row\"><div class=\"kc-row-container  kc-container\"><div class=\"kc-wrap-columns\"><div class=\"kc-elm kc-css-82382 kc_col-sm-12 kc_column kc_col-sm-12\"><div class=\"kc-col-container\"><div class=\"kc-elm kc-css-279282 kc_row kc_row_inner\"><div class=\"kc-elm kc-css-614604 kc_col-sm-4 kc_column_inner kc_col-sm-4\"><div class=\"kc_wrapper kc-col-inner-container\">\n<div class=\"kc-elm kc-css-661365 kc-flipbox kc-flip-container\" ontouchstart=\"this.classList.toggle('hover');\">\n\t<div class=\"flipper\">\n\t\t<div class=\"front\">\n\t\t\t<div class=\"front-content\">\n\t\t\t\t<h3>EL REGNE<\/h3><p><img loading=\"lazy\" decoding=\"async\" src=\"http:\/\/rolmasters.com\/wp-content\/uploads\/2017\/09\/Rolmasters-corona.png\" alt=\"\" width=\"178\" height=\"178\" class=\"aligncenter size-full wp-image-8\" srcset=\"https:\/\/rolmasters.com\/wp-content\/uploads\/2017\/09\/Rolmasters-corona.png 178w, https:\/\/rolmasters.com\/wp-content\/uploads\/2017\/09\/Rolmasters-corona-150x150.png 150w, https:\/\/rolmasters.com\/wp-content\/uploads\/2017\/09\/Rolmasters-corona-100x100.png 100w\" sizes=\"(max-width: 178px) 100vw, 178px\" \/>\r\n<\/p>\t\t\t<\/div>\n\t\t<\/div>\n\t\t<div class=\"back\">\n\t\t\t<div class=\"des\">\n\t\t\t\t<h3>REGNES<\/h3><p>Aquest bloc resumim el contingut del web alhora que expliquem en tres seccions que \u00e9s el rol, que \u00e9s aquelarre i tots els manuals i m\u00f2duls que existeixen des de la primera publicaci\u00f3 fins al dia d'avui.<\/p><a class=\"button\" href=\"http:\/\/rolmasters.com\/rol#sobrerolyaquelarre\" target=\"_self\" title=\"\">VEURE<\/a>\t\t\t<\/div>\n\t\t<\/div>\n\t<\/div>\n<\/div>\n<\/div><\/div><div class=\"kc-elm kc-css-856064 kc_col-sm-4 kc_column_inner kc_col-sm-4\"><div class=\"kc_wrapper kc-col-inner-container\">\n<div class=\"kc-elm kc-css-81456 kc-flipbox kc-flip-container\" ontouchstart=\"this.classList.toggle('hover');\">\n\t<div class=\"flipper\">\n\t\t<div class=\"front\">\n\t\t\t<div class=\"front-content\">\n\t\t\t\t<h3>FRONTERES<\/h3><p><img loading=\"lazy\" decoding=\"async\" src=\"http:\/\/rolmasters.com\/wp-content\/uploads\/2017\/09\/Rolmasters-espases.png\" alt=\"\" width=\"178\" height=\"178\" class=\"aligncenter size-full wp-image-9\" srcset=\"https:\/\/rolmasters.com\/wp-content\/uploads\/2017\/09\/Rolmasters-espases.png 178w, https:\/\/rolmasters.com\/wp-content\/uploads\/2017\/09\/Rolmasters-espases-150x150.png 150w, https:\/\/rolmasters.com\/wp-content\/uploads\/2017\/09\/Rolmasters-espases-100x100.png 100w\" sizes=\"(max-width: 178px) 100vw, 178px\" \/>\r\n<\/p>\t\t\t<\/div>\n\t\t<\/div>\n\t\t<div class=\"back\">\n\t\t\t<div class=\"des\">\n\t\t\t\t<h3>FRONTERES<\/h3><p>Cronologia hist\u00f2rica des de la invasi\u00f3 de la pen\u00ednsula Ib\u00e8rica pels \u00e0rabs el 711 fins a la seva expulsi\u00f3 \r\n  despr\u00e9s de la reconquesta de granada el 1492. Inclou els reis, mapes amb la distribuci\u00f3 dels regnes i les seves fronteres. <\/p><a class=\"button\" href=\"http:\/\/rolmasters.com\/fronteras\/\" target=\"_self\" title=\"\">VEURE<\/a>\t\t\t<\/div>\n\t\t<\/div>\n\t<\/div>\n<\/div>\n<\/div><\/div><div class=\"kc-elm kc-css-866950 kc_col-sm-4 kc_column_inner kc_col-sm-4\"><div class=\"kc_wrapper kc-col-inner-container\">\n<div class=\"kc-elm kc-css-312361 kc-flipbox kc-flip-container\" ontouchstart=\"this.classList.toggle('hover');\">\n\t<div class=\"flipper\">\n\t\t<div class=\"front\">\n\t\t\t<div class=\"front-content\">\n\t\t\t\t<h3>CASTELLS<\/h3><p><img loading=\"lazy\" decoding=\"async\" src=\"http:\/\/rolmasters.com\/wp-content\/uploads\/2017\/09\/Rolmasters-catell.png\" alt=\"\" width=\"178\" height=\"178\" class=\"aligncenter size-full wp-image-6\" srcset=\"https:\/\/rolmasters.com\/wp-content\/uploads\/2017\/09\/Rolmasters-catell.png 178w, https:\/\/rolmasters.com\/wp-content\/uploads\/2017\/09\/Rolmasters-catell-150x150.png 150w, https:\/\/rolmasters.com\/wp-content\/uploads\/2017\/09\/Rolmasters-catell-100x100.png 100w\" sizes=\"(max-width: 178px) 100vw, 178px\" \/>\r\n<\/p>\t\t\t<\/div>\n\t\t<\/div>\n\t\t<div class=\"back\">\n\t\t\t<div class=\"des\">\n\t\t\t\t<h3>CASTELLS<\/h3><p> Aquesta secci\u00f3 amb informaci\u00f3 de castells, torres, monestirs i altres edificis rellevants ubicant-los geogr\u00e0ficament al mapa segons els regnes de la pen\u00ednsula Ib\u00e8rica en el per\u00edode compr\u00e8s a Aquelarre, des de 1250 fins a 1492.<\/p><a class=\"button\" href=\"http:\/\/rolmasters.com\/castillos\/\" target=\"_self\" title=\"\">VEURE<\/a>\t\t\t<\/div>\n\t\t<\/div>\n\t<\/div>\n<\/div>\n<\/div><\/div><\/div><div class=\"kc-elm kc-css-938235 kc_row kc_row_inner\"><div class=\"kc-elm kc-css-383627 kc_col-sm-4 kc_column_inner kc_col-sm-4\"><div class=\"kc_wrapper kc-col-inner-container\">\n<div class=\"kc-elm kc-css-375954 kc-flipbox kc-flip-container\" ontouchstart=\"this.classList.toggle('hover');\">\n\t<div class=\"flipper\">\n\t\t<div class=\"front\">\n\t\t\t<div class=\"front-content\">\n\t\t\t\t<h3>INVENTARI<\/h3><p><img loading=\"lazy\" decoding=\"async\" src=\"http:\/\/rolmasters.com\/wp-content\/uploads\/2017\/09\/Rolmasters-inventari.png\" alt=\"\" width=\"178\" height=\"178\" class=\"aligncenter size-full wp-image-11\" srcset=\"https:\/\/rolmasters.com\/wp-content\/uploads\/2017\/09\/Rolmasters-inventari.png 178w, https:\/\/rolmasters.com\/wp-content\/uploads\/2017\/09\/Rolmasters-inventari-150x150.png 150w, https:\/\/rolmasters.com\/wp-content\/uploads\/2017\/09\/Rolmasters-inventari-100x100.png 100w\" sizes=\"(max-width: 178px) 100vw, 178px\" \/>\r\n<\/p>\t\t\t<\/div>\n\t\t<\/div>\n\t\t<div class=\"back\">\n\t\t\t<div class=\"des\">\n\t\t\t\t<h3>INVENTARI<\/h3><p>\u00c9s una secci\u00f3 on recopilem tot tipus de material preparat per ser descarregat que pugui ajudar a millorar o facilitar el joc tant a jugadors com a m\u00e0sters. Hi trobareu fitxes, taules v\u00e0ries, mapes de ciutats i edificis, i material divers.<\/p><a class=\"button\" href=\"http:\/\/rolmasters.com\/inventario\/\" target=\"_self\" title=\"\">VEURE<\/a>\t\t\t<\/div>\n\t\t<\/div>\n\t<\/div>\n<\/div>\n<\/div><\/div><div class=\"kc-elm kc-css-585991 kc_col-sm-4 kc_column_inner kc_col-sm-4\"><div class=\"kc_wrapper kc-col-inner-container\">\n<div class=\"kc-elm kc-css-646824 kc-flipbox kc-flip-container\" ontouchstart=\"this.classList.toggle('hover');\">\n\t<div class=\"flipper\">\n\t\t<div class=\"front\">\n\t\t\t<div class=\"front-content\">\n\t\t\t\t<h3>AVENTURES<\/h3><p><img loading=\"lazy\" decoding=\"async\" src=\"http:\/\/rolmasters.com\/wp-content\/uploads\/2017\/09\/Rolmasters-cavaller.png\" alt=\"\" width=\"178\" height=\"178\" class=\"aligncenter size-full wp-image-7\" srcset=\"https:\/\/rolmasters.com\/wp-content\/uploads\/2017\/09\/Rolmasters-cavaller.png 178w, https:\/\/rolmasters.com\/wp-content\/uploads\/2017\/09\/Rolmasters-cavaller-150x150.png 150w, https:\/\/rolmasters.com\/wp-content\/uploads\/2017\/09\/Rolmasters-cavaller-100x100.png 100w\" sizes=\"(max-width: 178px) 100vw, 178px\" \/>\r\n<\/p>\t\t\t<\/div>\n\t\t<\/div>\n\t\t<div class=\"back\">\n\t\t\t<div class=\"des\">\n\t\t\t\t<h3>AVENTURES<\/h3><p>Aqu\u00ed trobareu partides i campanyes dissenyades pel joc Aquelarre a punt per descarregar i jugar. Tamb\u00e9 inclou un formulari per enviar-nos les vostres pr\u00f2pies aventures i que puguem incorporar-les a aquesta secci\u00f3.<\/p><a class=\"button\" href=\"http:\/\/rolmasters.com\/aventuras\/\" target=\"_self\" title=\"\">VEURE<\/a>\t\t\t<\/div>\n\t\t<\/div>\n\t<\/div>\n<\/div>\n<\/div><\/div><div class=\"kc-elm kc-css-843799 kc_col-sm-4 kc_column_inner kc_col-sm-4\"><div class=\"kc_wrapper kc-col-inner-container\">\n<div class=\"kc-elm kc-css-842903 kc-flipbox kc-flip-container\" ontouchstart=\"this.classList.toggle('hover');\">\n\t<div class=\"flipper\">\n\t\t<div class=\"front\">\n\t\t\t<div class=\"front-content\">\n\t\t\t\t<h3>MASMORRA<\/h3><p><img loading=\"lazy\" decoding=\"async\" src=\"http:\/\/rolmasters.com\/wp-content\/uploads\/2017\/09\/Rolmasters-soldats.png\" alt=\"\" width=\"178\" height=\"178\" class=\"aligncenter size-full wp-image-12\" srcset=\"https:\/\/rolmasters.com\/wp-content\/uploads\/2017\/09\/Rolmasters-soldats.png 178w, https:\/\/rolmasters.com\/wp-content\/uploads\/2017\/09\/Rolmasters-soldats-150x150.png 150w, https:\/\/rolmasters.com\/wp-content\/uploads\/2017\/09\/Rolmasters-soldats-100x100.png 100w\" sizes=\"(max-width: 178px) 100vw, 178px\" \/>\r\n<\/p>\t\t\t<\/div>\n\t\t<\/div>\n\t\t<div class=\"back\">\n\t\t\t<div class=\"des\">\n\t\t\t\t<h3>MASMORRA<\/h3><p>Pocs s\u00f3n els que s'han endinsat a les profunditats d'aquest indret misteri\u00f3s, on regnen les tenebres. Llegendes i rondalles pretenen donar resposta al seu origen enigm\u00e0tic. Tot aquell qui s'hi aventura, desapareix i no retorna.<\/p><a class=\"button\" href=\"http:\/\/rolmasters.com\/mazmorra\/\" target=\"_self\" title=\"\">VEURE<\/a>\t\t\t<\/div>\n\t\t<\/div>\n\t<\/div>\n<\/div>\n<\/div><\/div><\/div><\/div><\/div><\/div><\/div><\/section><section data-kc-fullwidth=\"row\" class=\"kc-elm kc-css-413445 kc_row\"><div class=\"kc-row-container  kc-container\"><div class=\"kc-wrap-columns\"><div class=\"kc-elm kc-css-878157 kc_col-sm-12 kc_column kc_col-sm-12\"><div class=\"kc-col-container\"><\/div><\/div><\/div><\/div><\/section><section class=\"kc-elm kc-css-715911 kc_row\"><div class=\"kc-row-container  kc-container\"><div class=\"kc-wrap-columns\"><div class=\"kc-elm kc-css-652393 kc_col-sm-4 kc_column kc_col-sm-4\"><div class=\"kc-col-container\">\n<div class=\"kc-elm kc-css-278810 kc-flipbox kc-flip-container\" ontouchstart=\"this.classList.toggle('hover');\">\n\t<div class=\"flipper\">\n\t\t<div class=\"front\">\n\t\t\t<div class=\"front-content\">\n\t\t\t\t<h3>EL REGNE<\/h3><p><img loading=\"lazy\" decoding=\"async\" src=\"http:\/\/rolmasters.com\/wp-content\/uploads\/2017\/09\/Rolmasters-corona.png\" alt=\"\" width=\"178\" height=\"178\" class=\"aligncenter size-full wp-image-8\" srcset=\"https:\/\/rolmasters.com\/wp-content\/uploads\/2017\/09\/Rolmasters-corona.png 178w, https:\/\/rolmasters.com\/wp-content\/uploads\/2017\/09\/Rolmasters-corona-150x150.png 150w, https:\/\/rolmasters.com\/wp-content\/uploads\/2017\/09\/Rolmasters-corona-100x100.png 100w\" sizes=\"(max-width: 178px) 100vw, 178px\" \/>\r\n<\/p>\t\t\t<\/div>\n\t\t<\/div>\n\t\t<div class=\"back\">\n\t\t\t<div class=\"des\">\n\t\t\t\t<h3>REGNES<\/h3><p>Aquest bloc resumim el contingut del web alhora que expliquem en tres seccions que \u00e9s el rol, que \u00e9s aquelarre i tots els manuals i m\u00f2duls que existeixen des de la primera publicaci\u00f3 fins al dia d'avui.<\/p><a class=\"button\" href=\"http:\/\/rolmasters.com\/rol#sobrerolyaquelarre\" target=\"_self\" title=\"\">VEURE<\/a>\t\t\t<\/div>\n\t\t<\/div>\n\t<\/div>\n<\/div>\n<\/div><\/div><div class=\"kc-elm kc-css-427967 kc_col-sm-4 kc_column kc_col-sm-4\"><div class=\"kc-col-container\">\n<div class=\"kc-elm kc-css-874415 kc-flipbox kc-flip-container\" ontouchstart=\"this.classList.toggle('hover');\">\n\t<div class=\"flipper\">\n\t\t<div class=\"front\">\n\t\t\t<div class=\"front-content\">\n\t\t\t\t<h3>FRONTERES<\/h3><p><img loading=\"lazy\" decoding=\"async\" src=\"http:\/\/rolmasters.com\/wp-content\/uploads\/2017\/09\/Rolmasters-espases.png\" alt=\"\" width=\"178\" height=\"178\" class=\"aligncenter size-full wp-image-9\" srcset=\"https:\/\/rolmasters.com\/wp-content\/uploads\/2017\/09\/Rolmasters-espases.png 178w, https:\/\/rolmasters.com\/wp-content\/uploads\/2017\/09\/Rolmasters-espases-150x150.png 150w, https:\/\/rolmasters.com\/wp-content\/uploads\/2017\/09\/Rolmasters-espases-100x100.png 100w\" sizes=\"(max-width: 178px) 100vw, 178px\" \/>\r\n<\/p>\t\t\t<\/div>\n\t\t<\/div>\n\t\t<div class=\"back\">\n\t\t\t<div class=\"des\">\n\t\t\t\t<h3>FRONTERES<\/h3><p>Cronologia hist\u00f2rica des de la invasi\u00f3 de la pen\u00ednsula Ib\u00e8rica pels \u00e0rabs el 711 fins a la seva expulsi\u00f3 \r\n  despr\u00e9s de la reconquesta de granada el 1492. Inclou els reis, mapes amb la distribuci\u00f3 dels regnes i les seves fronteres. <\/p><a class=\"button\" href=\"http:\/\/rolmasters.com\/fronteras\/\" target=\"_self\" title=\"\">VEURE<\/a>\t\t\t<\/div>\n\t\t<\/div>\n\t<\/div>\n<\/div>\n<\/div><\/div><div class=\"kc-elm kc-css-808723 kc_col-sm-4 kc_column kc_col-sm-4\"><div class=\"kc-col-container\">\n<div class=\"kc-elm kc-css-958036 kc-flipbox kc-flip-container\" ontouchstart=\"this.classList.toggle('hover');\">\n\t<div class=\"flipper\">\n\t\t<div class=\"front\">\n\t\t\t<div class=\"front-content\">\n\t\t\t\t<h3>CASTELLS<\/h3><p><img loading=\"lazy\" decoding=\"async\" src=\"http:\/\/rolmasters.com\/wp-content\/uploads\/2017\/09\/Rolmasters-catell.png\" alt=\"\" width=\"178\" height=\"178\" class=\"aligncenter size-full wp-image-6\" srcset=\"https:\/\/rolmasters.com\/wp-content\/uploads\/2017\/09\/Rolmasters-catell.png 178w, https:\/\/rolmasters.com\/wp-content\/uploads\/2017\/09\/Rolmasters-catell-150x150.png 150w, https:\/\/rolmasters.com\/wp-content\/uploads\/2017\/09\/Rolmasters-catell-100x100.png 100w\" sizes=\"(max-width: 178px) 100vw, 178px\" \/>\r\n<\/p>\t\t\t<\/div>\n\t\t<\/div>\n\t\t<div class=\"back\">\n\t\t\t<div class=\"des\">\n\t\t\t\t<h3>CASTELLS<\/h3><p> Aquesta secci\u00f3 amb informaci\u00f3 de castells, torres, monestirs i altres edificis rellevants ubicant-los geogr\u00e0ficament al mapa segons els regnes de la pen\u00ednsula Ib\u00e8rica en el per\u00edode compr\u00e8s a Aquelarre, des de 1250 fins a 1492.<\/p><a class=\"button\" href=\"http:\/\/rolmasters.com\/castillos\/\" target=\"_self\" title=\"\">VEURE<\/a>\t\t\t<\/div>\n\t\t<\/div>\n\t<\/div>\n<\/div>\n<\/div><\/div><\/div><\/div><\/section><section class=\"kc-elm kc-css-621825 kc_row\"><div class=\"kc-row-container  kc-container\"><div class=\"kc-wrap-columns\"><div class=\"kc-elm kc-css-316560 kc_col-sm-4 kc_column kc_col-sm-4\"><div class=\"kc-col-container\">\n<div class=\"kc-elm kc-css-367202 kc-flipbox kc-flip-container\" ontouchstart=\"this.classList.toggle('hover');\">\n\t<div class=\"flipper\">\n\t\t<div class=\"front\">\n\t\t\t<div class=\"front-content\">\n\t\t\t\t<h3>INVENTARI<\/h3><p><img loading=\"lazy\" decoding=\"async\" src=\"http:\/\/rolmasters.com\/wp-content\/uploads\/2017\/09\/Rolmasters-inventari.png\" alt=\"\" width=\"178\" height=\"178\" class=\"aligncenter size-full wp-image-11\" srcset=\"https:\/\/rolmasters.com\/wp-content\/uploads\/2017\/09\/Rolmasters-inventari.png 178w, https:\/\/rolmasters.com\/wp-content\/uploads\/2017\/09\/Rolmasters-inventari-150x150.png 150w, https:\/\/rolmasters.com\/wp-content\/uploads\/2017\/09\/Rolmasters-inventari-100x100.png 100w\" sizes=\"(max-width: 178px) 100vw, 178px\" \/>\r\n<\/p>\t\t\t<\/div>\n\t\t<\/div>\n\t\t<div class=\"back\">\n\t\t\t<div class=\"des\">\n\t\t\t\t<h3>INVENTARI<\/h3><p>\u00c9s una secci\u00f3 on recopilem tot tipus de material preparat per ser descarregat que pugui ajudar a millorar o facilitar el joc tant a jugadors com a m\u00e0sters. Hi trobareu fitxes, taules v\u00e0ries, mapes de ciutats i edificis, i material divers.<\/p><a class=\"button\" href=\"http:\/\/rolmasters.com\/inventario\/\" target=\"_self\" title=\"\">VEURE<\/a>\t\t\t<\/div>\n\t\t<\/div>\n\t<\/div>\n<\/div>\n<\/div><\/div><div class=\"kc-elm kc-css-497002 kc_col-sm-4 kc_column kc_col-sm-4\"><div class=\"kc-col-container\">\n<div class=\"kc-elm kc-css-232269 kc-flipbox kc-flip-container\" ontouchstart=\"this.classList.toggle('hover');\">\n\t<div class=\"flipper\">\n\t\t<div class=\"front\">\n\t\t\t<div class=\"front-content\">\n\t\t\t\t<h3>AVENTURES<\/h3><p><img loading=\"lazy\" decoding=\"async\" src=\"http:\/\/rolmasters.com\/wp-content\/uploads\/2017\/09\/Rolmasters-cavaller.png\" alt=\"\" width=\"178\" height=\"178\" class=\"aligncenter size-full wp-image-7\" srcset=\"https:\/\/rolmasters.com\/wp-content\/uploads\/2017\/09\/Rolmasters-cavaller.png 178w, https:\/\/rolmasters.com\/wp-content\/uploads\/2017\/09\/Rolmasters-cavaller-150x150.png 150w, https:\/\/rolmasters.com\/wp-content\/uploads\/2017\/09\/Rolmasters-cavaller-100x100.png 100w\" sizes=\"(max-width: 178px) 100vw, 178px\" \/>\r\n<\/p>\t\t\t<\/div>\n\t\t<\/div>\n\t\t<div class=\"back\">\n\t\t\t<div class=\"des\">\n\t\t\t\t<h3>AVENTURES<\/h3><p>Aqu\u00ed trobareu partides i campanyes dissenyades pel joc Aquelarre a punt per descarregar i jugar. Tamb\u00e9 inclou un formulari per enviar-nos les vostres pr\u00f2pies aventures i que puguem incorporar-les a aquesta secci\u00f3.<\/p><a class=\"button\" href=\"http:\/\/rolmasters.com\/aventuras\/\" target=\"_self\" title=\"\">VEURE<\/a>\t\t\t<\/div>\n\t\t<\/div>\n\t<\/div>\n<\/div>\n<\/div><\/div><div class=\"kc-elm kc-css-969857 kc_col-sm-4 kc_column kc_col-sm-4\"><div class=\"kc-col-container\">\n<div class=\"kc-elm kc-css-93258 kc-flipbox kc-flip-container\" ontouchstart=\"this.classList.toggle('hover');\">\n\t<div class=\"flipper\">\n\t\t<div class=\"front\">\n\t\t\t<div class=\"front-content\">\n\t\t\t\t<h3>MASMORRA<\/h3><p><img loading=\"lazy\" decoding=\"async\" src=\"http:\/\/rolmasters.com\/wp-content\/uploads\/2017\/09\/Rolmasters-soldats.png\" alt=\"\" width=\"178\" height=\"178\" class=\"aligncenter size-full wp-image-12\" srcset=\"https:\/\/rolmasters.com\/wp-content\/uploads\/2017\/09\/Rolmasters-soldats.png 178w, https:\/\/rolmasters.com\/wp-content\/uploads\/2017\/09\/Rolmasters-soldats-150x150.png 150w, https:\/\/rolmasters.com\/wp-content\/uploads\/2017\/09\/Rolmasters-soldats-100x100.png 100w\" sizes=\"(max-width: 178px) 100vw, 178px\" \/>\r\n<\/p>\t\t\t<\/div>\n\t\t<\/div>\n\t\t<div class=\"back\">\n\t\t\t<div class=\"des\">\n\t\t\t\t<h3>MASMORRA<\/h3><p>Pocs s\u00f3n els que s'han endinsat a les profunditats d'aquest indret misteri\u00f3s, on regnen les tenebres. Llegendes i rondalles pretenen donar resposta al seu origen enigm\u00e0tic. Tot aquell qui s'hi aventura, desapareix i no retorna.<\/p><a class=\"button\" href=\"http:\/\/rolmasters.com\/mazmorra\/\" target=\"_self\" title=\"\">VEURE<\/a>\t\t\t<\/div>\n\t\t<\/div>\n\t<\/div>\n<\/div>\n<\/div><\/div><\/div><\/div><\/section><section id=\"sobrerolyaquelarre\" class=\"kc-elm kc-css-500975 kc_row\"><div class=\"kc-row-container  kc-container\"><div class=\"kc-wrap-columns\"><div class=\"kc-elm kc-css-29645 kc_col-sm-12 kc_column kc_col-sm-12\"><div class=\"kc-col-container\">\n<div class=\"kc-elm kc-css-287926 divider_line\">\n\t<div class=\"divider_inner divider_line2\">\n\t\t<i class=\"et-flag\"><\/i>\t<\/div>\n<\/div>\n<div class=\"kc-elm kc-css-525260 kc-raw-code\"><div class=\"su-column su-column-size-1-3\"><div class=\"su-column-inner su-clearfix\">\r\n<div class=\"su-box su-box-style-soft\" style=\"border-color:#292929;border-radius:5px;-moz-border-radius:5px;-webkit-border-radius:5px;\"><div class=\"su-box-title\" style=\"background-color:#333333;color:#FFFFFF;-webkit-border-top-left-radius:4px;-webkit-border-top-right-radius:4px;-moz-border-radius-topleft:4px;-moz-border-radius-topright:4px;border-top-left-radius:4px;border-top-right-radius:4px;\">QU\u00c8 \u00c9S EL ROL?<\/div><div class=\"su-box-content su-clearfix\">Els jocs de rol s\u00f3n la interpretaci\u00f3 d'un personatge inventat en un m\u00f3n fictici sota les regles del manual.\r\n <\/br><\/br>\r\n<div class=\"su-button-center\"><a href=\"http:\/\/rolmasters.com\/rol\/que-es-el-rol\/\" class=\"su-button su-button-style-default\" style=\"color:#FFFFFF;background-color:#fb5250;border-color:#c94240;border-radius:6px;-moz-border-radius:6px;-webkit-border-radius:6px\" target=\"_self\"><span style=\"color:#FFFFFF;padding:0px 18px;font-size:14px;line-height:28px;border-color:#fc8685;border-radius:6px;-moz-border-radius:6px;-webkit-border-radius:6px;text-shadow:none;-moz-text-shadow:none;-webkit-text-shadow:none\"> Llegir m\u00e9s<\/span><\/a><\/div>\r\n<\/div><\/div>\r\n<\/div><\/div>\r\n\r\n<div class=\"su-column su-column-size-1-3\"><div class=\"su-column-inner su-clearfix\">\r\n<div class=\"su-box su-box-style-soft\" style=\"border-color:#292929;border-radius:5px;-moz-border-radius:5px;-webkit-border-radius:5px;\"><div class=\"su-box-title\" style=\"background-color:#333333;color:#FFFFFF;-webkit-border-top-left-radius:4px;-webkit-border-top-right-radius:4px;-moz-border-radius-topleft:4px;-moz-border-radius-topright:4px;border-top-left-radius:4px;border-top-right-radius:4px;\">QU\u00c8 \u00c9S AQUELARRE?<\/div><div class=\"su-box-content su-clearfix\">Aquelarre \u00e9s un joc de rol fant\u00e0stic medieval, ambientat a la pen\u00ednsula Ib\u00e8rica, creat per Ricard Ib\u00e1\u00f1ez.\r\n <\/br><\/br>\r\n<div class=\"su-button-center\"><a href=\"http:\/\/rolmasters.com\/rol\/que-es-el-juego-de-rol-aquelarre\/\" class=\"su-button su-button-style-default\" style=\"color:#FFFFFF;background-color:#fb5250;border-color:#c94240;border-radius:6px;-moz-border-radius:6px;-webkit-border-radius:6px\" target=\"_self\"><span style=\"color:#FFFFFF;padding:0px 18px;font-size:14px;line-height:28px;border-color:#fc8685;border-radius:6px;-moz-border-radius:6px;-webkit-border-radius:6px;text-shadow:none;-moz-text-shadow:none;-webkit-text-shadow:none\"> Llegir m\u00e9s<\/span><\/a><\/div>\r\n<\/div><\/div>\r\n<\/div><\/div>\r\n\r\n<div class=\"su-column su-column-size-1-3\"><div class=\"su-column-inner su-clearfix\">\r\n<div class=\"su-box su-box-style-soft\" style=\"border-color:#292929;border-radius:5px;-moz-border-radius:5px;-webkit-border-radius:5px;\"><div class=\"su-box-title\" style=\"background-color:#333333;color:#FFFFFF;-webkit-border-top-left-radius:4px;-webkit-border-top-right-radius:4px;-moz-border-radius-topleft:4px;-moz-border-radius-topright:4px;border-top-left-radius:4px;border-top-right-radius:4px;\">MANUALS I M\u00d2DULS?<\/div><div class=\"su-box-content su-clearfix\">Aquelarre ha viscut 4 etapes en diferents editorials des de la seva primera publicaci\u00f3 l'any 1990.\r\n <\/br><\/br>\r\n<div class=\"su-button-center\"><a href=\"http:\/\/rolmasters.com\/rol\/manuales-y-modulos-de-rol-aquelarre\/\" class=\"su-button su-button-style-default\" style=\"color:#FFFFFF;background-color:#fb5250;border-color:#c94240;border-radius:6px;-moz-border-radius:6px;-webkit-border-radius:6px\" target=\"_self\"><span style=\"color:#FFFFFF;padding:0px 18px;font-size:14px;line-height:28px;border-color:#fc8685;border-radius:6px;-moz-border-radius:6px;-webkit-border-radius:6px;text-shadow:none;-moz-text-shadow:none;-webkit-text-shadow:none\"> Llegir m\u00e9s<\/span><\/a><\/div>\r\n<\/div><\/div>\r\n<\/div><\/div>\r\n\r\n<div class=\"su-column su-column-size-1-1\"><div class=\"su-column-inner su-clearfix\"><\/div><\/div><\/div>\n<div class=\"kc-elm kc-css-846213 divider_line\">\n\t<div class=\"divider_inner divider_line1\">\n\t\t\t<\/div>\n<\/div>\n<\/div><\/div><\/div><\/div><\/section><section class=\"kc-elm kc-css-607494 kc_row\"><div class=\"kc-row-container  kc-container\"><div class=\"kc-wrap-columns\"><div class=\"kc-elm kc-css-501465 kc_col-sm-12 kc_column kc_col-sm-12\"><div class=\"kc-col-container\"><div class=\"kc-elm kc-css-437303 kc_text_block\"><p><img decoding=\"async\" class=\"aligncenter size-full\" src=\"http:\/\/rolmasters.com\/wp-content\/uploads\/2017\/09\/Aquelarre-3-edicion-22.png\" alt=\"El regne del joc de rol\" \/><\/p>\n<h2 style=\"text-align: center;\">AQUELARRE EL JOC DE ROL DEMON\u00cdAC MEDIEVAL<\/h2>\n<\/div><\/div><\/div><\/div><\/div><\/section>","protected":false},"excerpt":{"rendered":"<div class='heateor_sss_sharing_container heateor_sss_vertical_sharing heateor_sss_bottom_sharing' style='width:44px;right: -10px;top: 250px;-webkit-box-shadow:none;box-shadow:none;' heateor-sss-data-href='https:\/\/rolmasters.com\/ca\/wp-json\/wp\/v2\/pages\/27'><ul  class=\"heateor_sss_sharing_ul\"><li class=\"\"><i style=\"width:40px;height:40px;margin:0;\" alt=\"Facebook\" Title=\"Facebook\" class=\"heateorSssSharing heateorSssFacebookBackground\" onclick='heateorSssPopup(\"https:\/\/www.facebook.com\/sharer\/sharer.php?u=https%3A%2F%2Frolmasters.com%2Fca%2Fwp-json%2Fwp%2Fv2%2Fpages%2F27\")'><ss style=\"display:block;\" class=\"heateorSssSharingSvg heateorSssFacebookSvg\"><\/ss><\/i><\/li><li class=\"\"><i style=\"width:40px;height:40px;margin:0;\" alt=\"Twitter\" Title=\"Twitter\" class=\"heateorSssSharing heateorSssTwitterBackground\" onclick='heateorSssPopup(\"http:\/\/twitter.com\/intent\/tweet?text=ROLMASTERS%20-%20Tira%201D100&url=https%3A%2F%2Frolmasters.com%2Fca%2Fwp-json%2Fwp%2Fv2%2Fpages%2F27\")'><ss style=\"display:block;\" class=\"heateorSssSharingSvg heateorSssTwitterSvg\"><\/ss><\/i><\/li><li class=\"\"><i style=\"width:40px;height:40px;margin:0;\" alt=\"Whatsapp\" Title=\"Whatsapp\" class=\"heateorSssSharing heateorSssWhatsappBackground\"><a  href=\"whatsapp:\/\/send?text=ROLMASTERS%20-%20Tira%201D100 https%3A%2F%2Frolmasters.com%2Fca%2Fwp-json%2Fwp%2Fv2%2Fpages%2F27\" rel=\"nofollow\"><ss style=\"display:block\" class=\"heateorSssSharingSvg heateorSssWhatsappSvg\"><\/ss><\/a><\/i><\/li><\/ul><div class=\"heateorSssClear\"><\/div><\/div>","protected":false},"author":1,"featured_media":280,"parent":0,"menu_order":0,"comment_status":"closed","ping_status":"closed","template":"full-width.php","meta":{"footnotes":""},"_links":{"self":[{"href":"https:\/\/rolmasters.com\/ca\/wp-json\/wp\/v2\/pages\/27"}],"collection":[{"href":"https:\/\/rolmasters.com\/ca\/wp-json\/wp\/v2\/pages"}],"about":[{"href":"https:\/\/rolmasters.com\/ca\/wp-json\/wp\/v2\/types\/page"}],"author":[{"embeddable":true,"href":"https:\/\/rolmasters.com\/ca\/wp-json\/wp\/v2\/users\/1"}],"replies":[{"embeddable":true,"href":"https:\/\/rolmasters.com\/ca\/wp-json\/wp\/v2\/comments?post=27"}],"version-history":[{"count":0,"href":"https:\/\/rolmasters.com\/ca\/wp-json\/wp\/v2\/pages\/27\/revisions"}],"wp:featuredmedia":[{"embeddable":true,"href":"https:\/\/rolmasters.com\/ca\/wp-json\/wp\/v2\/media\/280"}],"wp:attachment":[{"href":"https:\/\/rolmasters.com\/ca\/wp-json\/wp\/v2\/media?parent=27"}],"curies":[{"name":"wp","href":"https:\/\/api.w.org\/{rel}","templated":true}]}}