{"id":2411,"date":"2017-11-16T23:55:48","date_gmt":"2017-11-16T23:55:48","guid":{"rendered":"http:\/\/rolmasters.com\/?page_id=2411"},"modified":"2018-03-21T11:33:21","modified_gmt":"2018-03-21T11:33:21","slug":"comparte-tu-inventario","status":"publish","type":"page","link":"https:\/\/rolmasters.com\/ca\/inventario\/comparte-tu-inventario\/","title":{"rendered":"COMPARTEIX EL TEU INVENTARI"},"content":{"rendered":"Si vols compatir el teu inventari en Rolmasters nom\u00e9s has de seguir els tres passos que t&#8217;indiquem a continuaci\u00f3 per omplir el formulari. Pots pujar tot tipus de material que creguis interessant o \u00fatil per millorar les partides o el joc.<\/p>\n<p>&nbsp;<\/p>\n<div role=\"form\" class=\"wpcf7\" id=\"wpcf7-f3493-o1\" lang=\"es-ES\" dir=\"ltr\">\n<div class=\"screen-reader-response\"><\/div>\n<form action=\"\/ca\/wp-json\/wp\/v2\/pages\/2411#wpcf7-f3493-o1\" method=\"post\" class=\"wpcf7-form\" enctype=\"multipart\/form-data\" novalidate=\"novalidate\">\n<div style=\"display: none;\">\n<input type=\"hidden\" name=\"_wpcf7\" value=\"3493\" \/>\n<input type=\"hidden\" name=\"_wpcf7_version\" value=\"4.9\" \/>\n<input type=\"hidden\" name=\"_wpcf7_locale\" value=\"es_ES\" \/>\n<input type=\"hidden\" name=\"_wpcf7_unit_tag\" value=\"wpcf7-f3493-o1\" \/>\n<input type=\"hidden\" name=\"_wpcf7_container_post\" value=\"0\" \/>\n<\/div>\n<h2>PAS 1 - OMPLE LES TEVES DADES<\/h2>\n<p><label> Nom i cognoms (obligatori)<br \/>\n    <span class=\"wpcf7-form-control-wrap your-name\"><input type=\"text\" name=\"your-name\" value=\"\" size=\"40\" class=\"wpcf7-form-control wpcf7-text wpcf7-validates-as-required\" aria-required=\"true\" aria-invalid=\"false\" \/><\/span> &nbsp;<\/label><\/p>\n<p><label> Organitzaci\u00f3<br \/>\n    <span class=\"wpcf7-form-control-wrap empresa\"><input type=\"text\" name=\"empresa\" value=\"\" size=\"40\" class=\"wpcf7-form-control wpcf7-text\" aria-invalid=\"false\" \/><\/span>&nbsp; <\/label><\/p>\n<p><label> E-mail (obligatori)<br \/>\n    <span class=\"wpcf7-form-control-wrap your-email\"><input type=\"email\" name=\"your-email\" value=\"\" size=\"40\" class=\"wpcf7-form-control wpcf7-text wpcf7-email wpcf7-validates-as-required wpcf7-validates-as-email\" aria-required=\"true\" aria-invalid=\"false\" \/><\/span> <\/label><br \/>\n&nbsp;<br \/>\n<label> Tel\u00e8fon<br \/>\n    <span class=\"wpcf7-form-control-wrap telefon\"><input type=\"text\" name=\"telefon\" value=\"\" size=\"40\" class=\"wpcf7-form-control wpcf7-text\" aria-invalid=\"false\" \/><\/span> <\/label><br \/>\n&nbsp;<br \/>\n<label> Web<br \/>\n<span class=\"wpcf7-form-control-wrap web\"><input type=\"text\" name=\"web\" value=\"\" size=\"40\" class=\"wpcf7-form-control wpcf7-text\" aria-invalid=\"false\" \/><\/span><br \/>\n<\/label><br \/>\n&nbsp;<\/p>\n<h2>PAS 2 - OMPLE LA INFORMACI\u00d3<\/h2>\n<p>&nbsp;<br \/>\n<label> Tipus d'inventari (obligatori)<br \/>\n<span class=\"wpcf7-form-control-wrap inventari\"><span class=\"wpcf7-form-control wpcf7-checkbox wpcf7-validates-as-required wpcf7-exclusive-checkbox\"><span class=\"wpcf7-list-item first\"><input type=\"checkbox\" name=\"inventari\" value=\"AJUDA DE JOC\" \/><span class=\"wpcf7-list-item-label\">AJUDA DE JOC<\/span><\/span><span class=\"wpcf7-list-item\"><input type=\"checkbox\" name=\"inventari\" value=\"MAPA\" \/><span class=\"wpcf7-list-item-label\">MAPA<\/span><\/span><span class=\"wpcf7-list-item\"><input type=\"checkbox\" name=\"inventari\" value=\"TAULA\" \/><span class=\"wpcf7-list-item-label\">TAULA<\/span><\/span><span class=\"wpcf7-list-item\"><input type=\"checkbox\" name=\"inventari\" value=\"FITXA\" \/><span class=\"wpcf7-list-item-label\">FITXA<\/span><\/span><span class=\"wpcf7-list-item\"><input type=\"checkbox\" name=\"inventari\" value=\"APLICACI\u00d3N\" \/><span class=\"wpcf7-list-item-label\">APLICACI\u00d3N<\/span><\/span><span class=\"wpcf7-list-item\"><input type=\"checkbox\" name=\"inventari\" value=\"REVISTA\" \/><span class=\"wpcf7-list-item-label\">REVISTA<\/span><\/span><span class=\"wpcf7-list-item last\"><input type=\"checkbox\" name=\"inventari\" value=\"ALTRES\" \/><span class=\"wpcf7-list-item-label\">ALTRES<\/span><\/span><\/span><\/span><br \/>\n<\/label><br \/>\n&nbsp;<br \/>\n<label> T\u00edtol (obligatori)<br \/>\n<span class=\"wpcf7-form-control-wrap titolinventari\"><input type=\"text\" name=\"titolinventari\" value=\"\" size=\"40\" class=\"wpcf7-form-control wpcf7-text wpcf7-validates-as-required\" aria-required=\"true\" aria-invalid=\"false\" \/><\/span><br \/>\n<\/label><br \/>\n&nbsp;<br \/>\n<label> Descripci\u00f3 i altra informaci\u00f3 addicional (obligatori)<br \/>\n    <span class=\"wpcf7-form-control-wrap your-message\"><textarea name=\"your-message\" cols=\"40\" rows=\"10\" class=\"wpcf7-form-control wpcf7-textarea wpcf7-validates-as-required\" aria-required=\"true\" aria-invalid=\"false\"><\/textarea><\/span> <\/label><br \/>\n&nbsp;<\/p>\n<h2>PAS 3 - ADJUNTA ELS ARXIUS<\/h2>\n<p><label> Document en Word o PDF<br \/>\n<span class=\"wpcf7-form-control-wrap objectinventari\"><input type=\"file\" name=\"objectinventari\" size=\"40\" class=\"wpcf7-form-control wpcf7-file\" aria-invalid=\"false\" \/><\/span><\/label><br \/>\n&nbsp;<br \/>\n<label>Imatge en JPG o PNG<br \/>\n<span class=\"wpcf7-form-control-wrap imaginventari\"><input type=\"file\" name=\"imaginventari\" size=\"40\" class=\"wpcf7-form-control wpcf7-file\" aria-invalid=\"false\" \/><\/span><br \/>\n<\/label><br \/>\n&nbsp;<br \/>\n<span class=\"wpcf7-form-control-wrap acceptance-96\"><input type=\"checkbox\" name=\"acceptance-96\" value=\"1\" class=\"wpcf7-form-control wpcf7-acceptance\" aria-invalid=\"false\" \/><\/span>Accepta la <a href=\"http:\/\/rolmasters.com\/politica-de-privacidad\/\"> Pol\u00edtica de privacitat<\/a>per enviar aquest missatge.<br \/>\n&nbsp;<br \/>\n<input type=\"submit\" value=\"Enviar\" class=\"wpcf7-form-control wpcf7-submit\" \/><\/p>\n<div class=\"wpcf7-response-output wpcf7-display-none\"><\/div><\/form><\/div>\n<div class=\"su-service\"><div class=\"su-service-title\" style=\"padding-left:54px;min-height:40px;line-height:40px\"><i class=\"fa fa-thumbs-o-up\" style=\"font-size:40px;color:#333\"><\/i> GR\u00c0CIES PER LA TEVA APORTACI\u00d3<\/div><div class=\"su-service-content su-clearfix\" style=\"padding-left:54px\">Revisarem la teva aportaci\u00f3 aix\u00ed que ens sigui possible i t&#8217;informarem quan pugem els arxius al web<\/div><\/div>\n<p>Si tens algun dubte o problema a l&#8217;hora de pujar els arxius tamb\u00e9 et pots posar en contacte amb nosltres a: <a href=\"mailto:hola@rolmasters.com\">hola@rolmasters.com<\/a>","protected":false},"excerpt":{"rendered":"<p>Si vols compatir el teu inventari en Rolmasters nom\u00e9s has de seguir els tres passos que t&#8217;indiquem a continuaci\u00f3 per omplir el formulari. Pots pujar tot tipus de material que creguis interessant o \u00fatil per millorar les partides o el joc. &nbsp; Si tens algun dubte o problema a l&#8217;hora de pujar els arxius tamb\u00e9&#8230; <\/p>\n<div class='heateor_sss_sharing_container heateor_sss_vertical_sharing heateor_sss_bottom_sharing' style='width:44px;right: -10px;top: 250px;-webkit-box-shadow:none;box-shadow:none;' heateor-sss-data-href='https:\/\/rolmasters.com\/ca\/wp-json\/wp\/v2\/pages\/2411'><ul  class=\"heateor_sss_sharing_ul\"><li class=\"\"><i style=\"width:40px;height:40px;margin:0;\" alt=\"Facebook\" Title=\"Facebook\" class=\"heateorSssSharing heateorSssFacebookBackground\" onclick='heateorSssPopup(\"https:\/\/www.facebook.com\/sharer\/sharer.php?u=https%3A%2F%2Frolmasters.com%2Fca%2Fwp-json%2Fwp%2Fv2%2Fpages%2F2411\")'><ss style=\"display:block;\" class=\"heateorSssSharingSvg heateorSssFacebookSvg\"><\/ss><\/i><\/li><li class=\"\"><i style=\"width:40px;height:40px;margin:0;\" alt=\"Twitter\" Title=\"Twitter\" class=\"heateorSssSharing heateorSssTwitterBackground\" onclick='heateorSssPopup(\"http:\/\/twitter.com\/intent\/tweet?text=ROLMASTERS%20-%20Tira%201D100&url=https%3A%2F%2Frolmasters.com%2Fca%2Fwp-json%2Fwp%2Fv2%2Fpages%2F2411\")'><ss style=\"display:block;\" class=\"heateorSssSharingSvg heateorSssTwitterSvg\"><\/ss><\/i><\/li><li class=\"\"><i style=\"width:40px;height:40px;margin:0;\" alt=\"Whatsapp\" Title=\"Whatsapp\" class=\"heateorSssSharing heateorSssWhatsappBackground\"><a  href=\"whatsapp:\/\/send?text=ROLMASTERS%20-%20Tira%201D100 https%3A%2F%2Frolmasters.com%2Fca%2Fwp-json%2Fwp%2Fv2%2Fpages%2F2411\" rel=\"nofollow\"><ss style=\"display:block\" class=\"heateorSssSharingSvg heateorSssWhatsappSvg\"><\/ss><\/a><\/i><\/li><\/ul><div class=\"heateorSssClear\"><\/div><\/div>","protected":false},"author":1,"featured_media":277,"parent":29,"menu_order":0,"comment_status":"closed","ping_status":"closed","template":"full-width.php","meta":{"footnotes":""},"_links":{"self":[{"href":"https:\/\/rolmasters.com\/ca\/wp-json\/wp\/v2\/pages\/2411"}],"collection":[{"href":"https:\/\/rolmasters.com\/ca\/wp-json\/wp\/v2\/pages"}],"about":[{"href":"https:\/\/rolmasters.com\/ca\/wp-json\/wp\/v2\/types\/page"}],"author":[{"embeddable":true,"href":"https:\/\/rolmasters.com\/ca\/wp-json\/wp\/v2\/users\/1"}],"replies":[{"embeddable":true,"href":"https:\/\/rolmasters.com\/ca\/wp-json\/wp\/v2\/comments?post=2411"}],"version-history":[{"count":0,"href":"https:\/\/rolmasters.com\/ca\/wp-json\/wp\/v2\/pages\/2411\/revisions"}],"up":[{"embeddable":true,"href":"https:\/\/rolmasters.com\/ca\/wp-json\/wp\/v2\/pages\/29"}],"wp:featuredmedia":[{"embeddable":true,"href":"https:\/\/rolmasters.com\/ca\/wp-json\/wp\/v2\/media\/277"}],"wp:attachment":[{"href":"https:\/\/rolmasters.com\/ca\/wp-json\/wp\/v2\/media?parent=2411"}],"curies":[{"name":"wp","href":"https:\/\/api.w.org\/{rel}","templated":true}]}}