{"id":2268,"date":"2017-11-15T10:16:35","date_gmt":"2017-11-15T10:16:35","guid":{"rendered":"http:\/\/rolmasters.com\/?page_id=2268"},"modified":"2017-11-16T23:48:42","modified_gmt":"2017-11-16T23:48:42","slug":"envia-tu-edificio","status":"publish","type":"page","link":"https:\/\/rolmasters.com\/ca\/castillos\/envia-tu-edificio\/","title":{"rendered":"ENVIA EL TEU EDIFICI"},"content":{"rendered":"Tu tamb\u00e9 pots col\u00b7laborar i enviar-nos edificis nous o informaci\u00f3 addicional d&#8217;edificis que ja estiguin introdu\u00efts. Nosaltres valorarem la informaci\u00f3 i intentarem introduir-la. Sobretot trobem interessant poder recopilar llegendes associades als edificis que s\u00f3n el que pot donar m\u00e9s joc a l&#8217;hora de crear partides. \u00c9s imprescindible que citeu les fonts d&#8217;on extraieu el material al final de cada text.<\/p>\n<div role=\"form\" class=\"wpcf7\" id=\"wpcf7-f2267-o1\" lang=\"es-ES\" dir=\"ltr\">\n<div class=\"screen-reader-response\"><\/div>\n<form action=\"\/ca\/wp-json\/wp\/v2\/pages\/2268#wpcf7-f2267-o1\" method=\"post\" class=\"wpcf7-form\" novalidate=\"novalidate\">\n<div style=\"display: none;\">\n<input type=\"hidden\" name=\"_wpcf7\" value=\"2267\" \/>\n<input type=\"hidden\" name=\"_wpcf7_version\" value=\"4.9\" \/>\n<input type=\"hidden\" name=\"_wpcf7_locale\" value=\"es_ES\" \/>\n<input type=\"hidden\" name=\"_wpcf7_unit_tag\" value=\"wpcf7-f2267-o1\" \/>\n<input type=\"hidden\" name=\"_wpcf7_container_post\" value=\"0\" \/>\n<\/div>\n<h2>PAS 1 - OMPLE LES TEVES DADES<\/h2>\n<p><label> Nom i cognoms (obligatori)<br \/>\n    <span class=\"wpcf7-form-control-wrap your-name\"><input type=\"text\" name=\"your-name\" value=\"\" size=\"40\" class=\"wpcf7-form-control wpcf7-text wpcf7-validates-as-required\" aria-required=\"true\" aria-invalid=\"false\" \/><\/span> &nbsp;<\/label><\/p>\n<p><label> Organitzaci\u00f3<br \/>\n    <span class=\"wpcf7-form-control-wrap empresa\"><input type=\"text\" name=\"empresa\" value=\"\" size=\"40\" class=\"wpcf7-form-control wpcf7-text\" aria-invalid=\"false\" \/><\/span>&nbsp; <\/label><\/p>\n<p><label> E-mail (obligatori)<br \/>\n    <span class=\"wpcf7-form-control-wrap your-email\"><input type=\"email\" name=\"your-email\" value=\"\" size=\"40\" class=\"wpcf7-form-control wpcf7-text wpcf7-email wpcf7-validates-as-required wpcf7-validates-as-email\" aria-required=\"true\" aria-invalid=\"false\" \/><\/span> <\/label><br \/>\n&nbsp;<br \/>\n<label> Tel\u00e8fon<br \/>\n    <span class=\"wpcf7-form-control-wrap telefon\"><input type=\"text\" name=\"telefon\" value=\"\" size=\"40\" class=\"wpcf7-form-control wpcf7-text\" aria-invalid=\"false\" \/><\/span> <\/label><br \/>\n&nbsp;<br \/>\n<label> Web<br \/>\n<span class=\"wpcf7-form-control-wrap web\"><input type=\"text\" name=\"web\" value=\"\" size=\"40\" class=\"wpcf7-form-control wpcf7-text\" aria-invalid=\"false\" \/><\/span><br \/>\n<\/label><br \/>\n&nbsp;<\/p>\n<h2>PAS 2 - OMPLE LA INFORMACI\u00d3 DE L'EDIFICI<\/h2>\n<p>&nbsp;<br \/>\n<label> TIPUS D'EDIFICI (obligatori)<br \/>\n<span class=\"wpcf7-form-control-wrap edificio\"><span class=\"wpcf7-form-control wpcf7-checkbox wpcf7-validates-as-required\"><span class=\"wpcf7-list-item first\"><input type=\"checkbox\" name=\"edificio[]\" value=\"CASTELL\" \/><span class=\"wpcf7-list-item-label\">CASTELL<\/span><\/span><span class=\"wpcf7-list-item\"><input type=\"checkbox\" name=\"edificio[]\" value=\"TORRE\" \/><span class=\"wpcf7-list-item-label\">TORRE<\/span><\/span><span class=\"wpcf7-list-item\"><input type=\"checkbox\" name=\"edificio[]\" value=\"ALCASSABA\" \/><span class=\"wpcf7-list-item-label\">ALCASSABA<\/span><\/span><span class=\"wpcf7-list-item\"><input type=\"checkbox\" name=\"edificio[]\" value=\"MONASTIR\" \/><span class=\"wpcf7-list-item-label\">MONASTIR<\/span><\/span><span class=\"wpcf7-list-item\"><input type=\"checkbox\" name=\"edificio[]\" value=\"ESGL\u00c8SIA\" \/><span class=\"wpcf7-list-item-label\">ESGL\u00c8SIA<\/span><\/span><span class=\"wpcf7-list-item last\"><input type=\"checkbox\" name=\"edificio[]\" value=\"MESQUITA\" \/><span class=\"wpcf7-list-item-label\">MESQUITA<\/span><\/span><\/span><\/span><br \/>\n<\/label><br \/>\n&nbsp;<br \/>\n<label> REGNE (obligatori)<br \/>\n<span class=\"wpcf7-form-control-wrap reino\"><span class=\"wpcf7-form-control wpcf7-checkbox wpcf7-validates-as-required wpcf7-exclusive-checkbox\"><span class=\"wpcf7-list-item first\"><input type=\"checkbox\" name=\"reino\" value=\"CASTELLA I LLE\u00d3\" \/><span class=\"wpcf7-list-item-label\">CASTELLA I LLE\u00d3<\/span><\/span><span class=\"wpcf7-list-item\"><input type=\"checkbox\" name=\"reino\" value=\"NAVARRA\" \/><span class=\"wpcf7-list-item-label\">NAVARRA<\/span><\/span><span class=\"wpcf7-list-item\"><input type=\"checkbox\" name=\"reino\" value=\"ARAG\u00d3\" \/><span class=\"wpcf7-list-item-label\">ARAG\u00d3<\/span><\/span><span class=\"wpcf7-list-item\"><input type=\"checkbox\" name=\"reino\" value=\"PORTUGAL\" \/><span class=\"wpcf7-list-item-label\">PORTUGAL<\/span><\/span><span class=\"wpcf7-list-item last\"><input type=\"checkbox\" name=\"reino\" value=\"AL-ANDALUS\" \/><span class=\"wpcf7-list-item-label\">AL-ANDALUS<\/span><\/span><\/span><\/span><br \/>\n<\/label><br \/>\n&nbsp;<br \/>\n<label> NOM (obligatori)<br \/>\n<span class=\"wpcf7-form-control-wrap nombreedificio\"><input type=\"text\" name=\"nombreedificio\" value=\"\" size=\"40\" class=\"wpcf7-form-control wpcf7-text wpcf7-validates-as-required\" aria-required=\"true\" aria-invalid=\"false\" \/><\/span><br \/>\n<\/label><br \/>\n&nbsp;<\/p>\n<h2>PAS 3 - DESCRIPCI\u00d3 DE L'EDIFICI<\/h2>\n<p><label> Descripci\u00f3 de l'arquitectura i construcci\u00f3<br \/>\n    <span class=\"wpcf7-form-control-wrap arquitectura\"><textarea name=\"arquitectura\" cols=\"40\" rows=\"10\" class=\"wpcf7-form-control wpcf7-textarea\" aria-invalid=\"false\"><\/textarea><\/span> <\/label><br \/>\n&nbsp;<br \/>\n<label> Hist\u00f2ria i esdeveniments<br \/>\n    <span class=\"wpcf7-form-control-wrap historia\"><textarea name=\"historia\" cols=\"40\" rows=\"10\" class=\"wpcf7-form-control wpcf7-textarea\" aria-invalid=\"false\"><\/textarea><\/span> <\/label><br \/>\n&nbsp;<br \/>\n<label> Llegendes i mites<br \/>\n    <span class=\"wpcf7-form-control-wrap leyendas\"><textarea name=\"leyendas\" cols=\"40\" rows=\"10\" class=\"wpcf7-form-control wpcf7-textarea\" aria-invalid=\"false\"><\/textarea><\/span> <\/label><br \/>\n&nbsp;<\/p>\n<p><span class=\"wpcf7-form-control-wrap acceptance-96\"><input type=\"checkbox\" name=\"acceptance-96\" value=\"1\" class=\"wpcf7-form-control wpcf7-acceptance\" aria-invalid=\"false\" \/><\/span>Accepta la <a href=\"http:\/\/rolmasters.com\/es\/politica-de-privacidad\/\"> Pol\u00edtica de privacitat<\/a>per enviar aquest missatge.<br \/>\n&nbsp;<br \/>\n<input type=\"submit\" value=\"Enviar\" class=\"wpcf7-form-control wpcf7-submit\" \/><\/p>\n<div class=\"wpcf7-response-output wpcf7-display-none\"><\/div><\/form><\/div>\n<p>&nbsp;<br \/>\n<div class=\"su-service\"><div class=\"su-service-title\" style=\"padding-left:54px;min-height:40px;line-height:40px\"><i class=\"fa fa-thumbs-o-up\" style=\"font-size:40px;color:#333\"><\/i> GR\u00c0CIES PER LA TEVA APORTACI\u00d3<\/div><div class=\"su-service-content su-clearfix\" style=\"padding-left:54px\">Revisarem el que ens has enviat aix\u00ed que ens sigui possible i t&#8217;informarem com pugem el contingut al espai web<\/div><\/div>\n<p>Si tens algun dubte o problema a l&#8217;hora de pujar el teu arxiu tamb\u00e9 et pots posar en contacte amb nosltres a: <a href=\"mailto:hola@rolmasters.com\">hola@rolmasters.com<\/a>","protected":false},"excerpt":{"rendered":"<p>Tu tamb\u00e9 pots col\u00b7laborar i enviar-nos edificis nous o informaci\u00f3 addicional d&#8217;edificis que ja estiguin introdu\u00efts. Nosaltres valorarem la informaci\u00f3 i intentarem introduir-la. Sobretot trobem interessant poder recopilar llegendes associades als edificis que s\u00f3n el que pot donar m\u00e9s joc a l&#8217;hora de crear partides. \u00c9s imprescindible que citeu les fonts d&#8217;on extraieu el material&#8230; <\/p>\n<div class='heateor_sss_sharing_container heateor_sss_vertical_sharing heateor_sss_bottom_sharing' style='width:44px;right: -10px;top: 250px;-webkit-box-shadow:none;box-shadow:none;' heateor-sss-data-href='https:\/\/rolmasters.com\/ca\/wp-json\/wp\/v2\/pages\/2268'><ul  class=\"heateor_sss_sharing_ul\"><li class=\"\"><i style=\"width:40px;height:40px;margin:0;\" alt=\"Facebook\" Title=\"Facebook\" class=\"heateorSssSharing heateorSssFacebookBackground\" onclick='heateorSssPopup(\"https:\/\/www.facebook.com\/sharer\/sharer.php?u=https%3A%2F%2Frolmasters.com%2Fca%2Fwp-json%2Fwp%2Fv2%2Fpages%2F2268\")'><ss style=\"display:block;\" class=\"heateorSssSharingSvg heateorSssFacebookSvg\"><\/ss><\/i><\/li><li class=\"\"><i style=\"width:40px;height:40px;margin:0;\" alt=\"Twitter\" Title=\"Twitter\" class=\"heateorSssSharing heateorSssTwitterBackground\" onclick='heateorSssPopup(\"http:\/\/twitter.com\/intent\/tweet?text=ROLMASTERS%20-%20Tira%201D100&url=https%3A%2F%2Frolmasters.com%2Fca%2Fwp-json%2Fwp%2Fv2%2Fpages%2F2268\")'><ss style=\"display:block;\" class=\"heateorSssSharingSvg heateorSssTwitterSvg\"><\/ss><\/i><\/li><li class=\"\"><i style=\"width:40px;height:40px;margin:0;\" alt=\"Whatsapp\" Title=\"Whatsapp\" class=\"heateorSssSharing heateorSssWhatsappBackground\"><a  href=\"whatsapp:\/\/send?text=ROLMASTERS%20-%20Tira%201D100 https%3A%2F%2Frolmasters.com%2Fca%2Fwp-json%2Fwp%2Fv2%2Fpages%2F2268\" rel=\"nofollow\"><ss style=\"display:block\" class=\"heateorSssSharingSvg heateorSssWhatsappSvg\"><\/ss><\/a><\/i><\/li><\/ul><div class=\"heateorSssClear\"><\/div><\/div>","protected":false},"author":1,"featured_media":2265,"parent":31,"menu_order":0,"comment_status":"closed","ping_status":"closed","template":"full-width.php","meta":{"footnotes":""},"_links":{"self":[{"href":"https:\/\/rolmasters.com\/ca\/wp-json\/wp\/v2\/pages\/2268"}],"collection":[{"href":"https:\/\/rolmasters.com\/ca\/wp-json\/wp\/v2\/pages"}],"about":[{"href":"https:\/\/rolmasters.com\/ca\/wp-json\/wp\/v2\/types\/page"}],"author":[{"embeddable":true,"href":"https:\/\/rolmasters.com\/ca\/wp-json\/wp\/v2\/users\/1"}],"replies":[{"embeddable":true,"href":"https:\/\/rolmasters.com\/ca\/wp-json\/wp\/v2\/comments?post=2268"}],"version-history":[{"count":0,"href":"https:\/\/rolmasters.com\/ca\/wp-json\/wp\/v2\/pages\/2268\/revisions"}],"up":[{"embeddable":true,"href":"https:\/\/rolmasters.com\/ca\/wp-json\/wp\/v2\/pages\/31"}],"wp:featuredmedia":[{"embeddable":true,"href":"https:\/\/rolmasters.com\/ca\/wp-json\/wp\/v2\/media\/2265"}],"wp:attachment":[{"href":"https:\/\/rolmasters.com\/ca\/wp-json\/wp\/v2\/media?parent=2268"}],"curies":[{"name":"wp","href":"https:\/\/api.w.org\/{rel}","templated":true}]}}