{"id":137,"date":"2017-09-13T14:20:56","date_gmt":"2017-09-13T14:20:56","guid":{"rendered":"http:\/\/rolmasters.com\/?page_id=137"},"modified":"2018-07-25T09:14:28","modified_gmt":"2018-07-25T09:14:28","slug":"que-es-el-juego-de-rol-aquelarre","status":"publish","type":"page","link":"https:\/\/rolmasters.com\/ca\/rol\/que-es-el-juego-de-rol-aquelarre\/","title":{"rendered":"QUE ES EL JOC DE ROL AQUELARRE?"},"content":{"rendered":"<section class=\"kc-elm kc-css-552408 kc_row\"><div class=\"kc-row-container  kc-container\"><div class=\"kc-wrap-columns\"><div class=\"kc-elm kc-css-498580 kc_col-sm-12 kc_column kc_col-sm-12\"><div class=\"kc-col-container\"><div class=\"kc-elm kc-css-943166 kc_text_block\"><p>Ricard Ib\u00e1\u00f1ez definia aix\u00ed el seu llibre Aquelarre a la primera versi\u00f3, publicada per Joc internacional l&#039;any 1990.<\/p>\n<\/div>\n<div class=\"kc-elm kc-css-470306 divider_line\">\n\t<div class=\"divider_inner divider_line2\">\n\t\t<i class=\"et-flag\"><\/i>\t<\/div>\n<\/div>\n<div class=\"kc-elm kc-css-37065 kc_text_block\"><h2 style=\"color: #444444;\">El m\u00f3n d&#039;Aquelarre<\/h2>\n<p>Aquelarre \u00e9s un joc de rol basat en les tradicions llegend\u00e0ries hisp\u00e0niques, ambientat a la Baixa Edat Mitjana, durant els anys 1350\/1500. En aquests anys s&#039;estan gestant tota una s\u00e8rie de corrents de pensament que, finalment, donaran com a resultat l&#039;aparici\u00f3 del Renaixement, amb nous valors i noves maneres de veure la vida.<br \/>\nEn el joc es pressuposa que tots els \u00e9ssers llegendaris dels contes i les tradicions populars van existir realment, que la m\u00e0gia \u00e9s tan real com la ci\u00e8ncia i que les mateixes llegendes s\u00f3n fets hist\u00f2rics. Aix\u00ed, els personatges del joc s&#039;hauran d&#039;enfrontar amb el Lobisome de Gal\u00edcia, els Duendes de Castella, els Guls d&#039;Al-Andalus o els Follets de Catalunya. Els jugadors interpreten personatges que representen homes i dones medievals normals, amb els seus defectes i les seves virtuds, amb les seves limitacions i els seus avantatges.<br \/>\nEl joc est\u00e0 basat en fonts hist\u00f2riques, per\u00f2 no se l&#039;ha de confondre amb un manual d&#039;Hist\u00f2ria: convertir un per\u00edode tan complex en regles jugables ha obligat el seu autor a generalitzar molt. Aquelarre \u00e9s un joc d&#039;ambient hist\u00f2ric medieval, no un joc hist\u00f2ric medieval.<\/p>\n<\/div><div class=\"kc-elm kc-css-866546 kc_text_block\"><p style=\"text-align: right;\"><span style=\"color: #ff6565;\"><em>Ricard Ib\u00e1\u00f1ez, Aquelarre 1990 Joc internacional<\/em><\/span><\/p>\n<\/div>\n<div class=\"kc-elm kc-css-496419 divider_line\">\n\t<div class=\"divider_inner divider_line1\">\n\t\t\t<\/div>\n<\/div>\n<div class=\"kc-elm kc-css-329661 kc_text_block\"><h1 style=\"text-align: center;\"><em>SOBRE EL JOC DE ROL AQUELARRE<\/em><\/h1>\n<\/div><div class=\"kc-elm kc-css-349075 kc_text_block\"><p>Per\u00f2 en aquell moment, ni el mateix Ricard Ib\u00e1\u00f1ez devia imaginar com de gran es faria la petita llavor que acabava de plantar algunes de les claus del seu \u00e8xit s\u00f3n sense cap mena de dubte les seg\u00fcents:<\/p>\n<\/div><div class=\"kc-elm kc-css-242460\" style=\"height: 30px; clear: both; width:100%;\"><\/div><div class=\"kc-elm kc-css-358116 kc_text_block\"><h2>EL SISTEMA DE JOC<\/h2>\n<p>Aquelarre es basa en un sistema d&#039;habilitats percentuals, \u00e9s a dir que cada habilitat est\u00e0 expressada amb un percentatge. Per obtenir \u00e8xit en una acci\u00f3 que requereixi una habilitat determinada el jugador ha d&#039;obtenir, amb\u00a0<span class=\"hiddenSpellError\">1D100<\/span>, un resultat igual o inferior al del seu percentatge d&#039;habilitat. El sistema de combat \u00e9s bastant senzill i alhora detallat, \u00e9s tamb\u00e9 bastant \u00absagnant\u00bb i realista. La m\u00e0gia d&#039;altra banda \u00e9s complicada i no \u00e9s tan f\u00e0cil dur a terme encanteris amb \u00e8xit, com \u00e9s el cas en altres jocs m\u00e9s fant\u00e0stics.<\/p>\n<\/div><div class=\"kc-elm kc-css-994091 kc_shortcode kc_single_image\">\n\n        <img decoding=\"async\" src=\"https:\/\/rolmasters.com\/wp-content\/uploads\/2017\/10\/Aquelarre-3-edicion-10.png\" class=\"\" alt=\"\" \/>    <\/div>\n<div class=\"kc-elm kc-css-152214\" style=\"height: 30px; clear: both; width:100%;\"><\/div><div class=\"kc-elm kc-css-127533 kc_text_block\"><h2>AMBIENT HIST\u00d2RIC<\/h2>\n<p>El lloc i l&#039;\u00e8poca en qu\u00e8 es desenvolupa Aquelarre s\u00f3n els de la\u00a0pen\u00ednsula Ib\u00e8rica\u00a0durant l&#039;Edat Mitjana. Els territoris de la Pen\u00ednsula estan repartits en diversos regnes (Castella, Arag\u00f3, Portugal, Navarra i Granada) amb les seves cultures, idiomes i religions, moltes vegades enfrontats i implicant amb llargues i costoses guerres.<\/p>\n<p>El m\u00f3n\u00a0d&#039;Aquelarre\u00a0no nom\u00e9s est\u00e0 assetjat per la guerra sin\u00f3 tamb\u00e9 per la fam i la pesta, ocasionats pel r\u00edgid sistema feudal de senyors i vassalls en el qual una petita part de la poblaci\u00f3, propiet\u00e0ria de la terra i dels homes que la\u00a0treballen, \u00e9s la que es porta tota la riquesa. La resta de la poblaci\u00f3, la m\u00e9s nombrosa, roman pobra i ignorant. En aquest ambient els senyors feudals i l&#039;esgl\u00e9sia concentraven gaireb\u00e9 tot el poder, per\u00f2 alguna cosa estava canviant: en les grans ciutats es gestaria una nova classe, la burgesia, petits comerciants que aconsegueixen un bon nivell econ\u00f2mic, i ja no es conformen amb la seva senzilla vida, aspirant a alguna cosa m\u00e9s.<\/p>\n<p>Aix\u00ed \u00e9s que les motivacions dels personatges\u00a0d&#039;Aquelarre\u00a0podran tamb\u00e9 incloure millorar la seva qualitat de vida, o en el cas que ja la tinguin, garantir la seva continu\u00eftat.<\/p>\n<\/div><div class=\"kc-elm kc-css-805749 kc_shortcode kc_single_image\">\n\n        <img decoding=\"async\" src=\"https:\/\/rolmasters.com\/wp-content\/uploads\/2017\/09\/Aquelarre-3-edicion-93.png\" class=\"\" alt=\"\" \/>    <\/div>\n<div class=\"kc-elm kc-css-701955\" style=\"height: 30px; clear: both; width:100%;\"><\/div><div class=\"kc-elm kc-css-190451 kc_text_block\"><h2>LA MAGIA<\/h2>\n<p>En Aquelarre la m\u00e0gia est\u00e0 a l&#039;ordre del dia. Les bruixes realment existeixen, i preparen estranyes pocions en els seus calders, per a finalitats tan terrenals com la virilitat o per a altres m\u00e9s elevats, com la comunicaci\u00f3 amb els esperits. I si b\u00e9 els jugadors poden fer que els seus personatges coneguin i utilitzin la m\u00e0gia, han de tenir en compte que en aquesta \u00e8poca, tot el que \u00e9s sobrenatural o m\u00e0gic (l&#039;irracional), \u00e9s considerat per la majoria de la gent (la racional) com una cosa\u00a0<span class=\"hiddenGrammarError\">demon\u00edac<\/span>\u00a0i absolutament prohibit. Aix\u00ed hauran de cuidar de la\u00a0<span class=\"hiddenSpellError\">Fraternitas<\/span>\u00a0Vera Lucis (que en el joc s&#039;afirma, que \u00e9s l&#039;antecedent de la Inquisici\u00f3) &#8211; una societat secreta destinada a exterminar tot indici del m\u00f3n irracional. Per descomptat que qualsevol confessi\u00f3 o ostentaci\u00f3 de posseir facultats m\u00e0giques comporta la immediata pena de mort, ja sigui a la forca, la foguera, depenent del regne o l&#039;autoritat de torn.<\/p>\n<\/div><div class=\"kc-elm kc-css-674560 kc_shortcode kc_single_image\">\n\n        <img decoding=\"async\" src=\"https:\/\/rolmasters.com\/wp-content\/uploads\/2017\/09\/Aquelarre-3-edicion-38.png\" class=\"\" alt=\"\" \/>    <\/div>\n<div class=\"kc-elm kc-css-37471\" style=\"height: 30px; clear: both; width:100%;\"><\/div><div class=\"kc-elm kc-css-597870 kc_text_block\"><h2>MITOLOGIA IB\u00c8RICA<\/h2>\n<p>La pen\u00ednsula Ib\u00e8rica t\u00e9 una riqu\u00edssima mitologia, plena de curioses criatures i enigm\u00e0tiques llegendes. Cada regi\u00f3 t\u00e9 les locals, i hi ha altres de major \u00e0mbit territorial. Als ja cl\u00e0ssics follets (principalment a Castella), se sumen altres criatures molt m\u00e9s pintoresques, com els Follets (catalans), els\u00a0<span class=\"hiddenSpellError\">Idixta<\/span>\u00a0(bascos), les ondines (presents en les fonts naturals d&#039;aigua),\u00a0<span class=\"hiddenSpellError\">trasgos<\/span>\u00a0i\u00a0<span class=\"hiddenSpellError\">lobishomes<\/span>\u00a0a Gal\u00edcia i altres molt m\u00e9s terribles, fosques i perilloses, de proced\u00e8ncia infernal. Totes elles estan presents en el joc.<\/p>\n<\/div><div class=\"kc-elm kc-css-924877 kc_shortcode kc_single_image\">\n\n        <img decoding=\"async\" src=\"https:\/\/rolmasters.com\/wp-content\/uploads\/2017\/09\/Aquelarre-3-edicion-95.png\" class=\"\" alt=\"\" \/>    <\/div>\n<div class=\"kc-elm kc-css-855782\" style=\"height: 30px; clear: both; width:100%;\"><\/div><div class=\"kc-elm kc-css-388623 kc_text_block\"><h2>EL CEL I L&#039;INFERN<\/h2>\n<p>Un altre dels principals punts dins del joc \u00e9s la complexitat del rerefons demon\u00edac. A m\u00e9s de Llucifer i un parell de pr\u00ednceps, hi ha tota una cohort de dimonis menors, i criatures mal\u00e8fiques, que estan bastant organitzats. Hi ha dimonis superiors (de la destrucci\u00f3, de l&#039;enveja, de la lux\u00faria, del domini, de les riqueses i de la m\u00e0gia negra) secundats pels anomenats dimonis elementals (gnoms, ignis,\u00a0incubes\u00a0i\u00a0s\u00facubes, ondines,\u00a0silfs\u00a0i ombres).<\/p>\n<\/div><div class=\"kc-elm kc-css-438778 kc_shortcode kc_single_image\">\n\n        <img decoding=\"async\" src=\"https:\/\/rolmasters.com\/wp-content\/uploads\/2017\/09\/Aquelarre-3-edicion-34.png\" class=\"\" alt=\"\" \/>    <\/div>\n<div class=\"kc-elm kc-css-613232\" style=\"height: 30px; clear: both; width:100%;\"><\/div><div class=\"kc-elm kc-css-679926 kc_text_block\"><h2>EL COMBAT<\/h2>\n<p>Finalment cal destacar que aquelarre tamb\u00e9 \u00e9s un joc de rol amb un sistema de combat elaborat que permet recrear qualsevol tipus d&#039;escena d&#039;acci\u00f3. Des de duels i tornejos a batalles o guerres campals fins i tot baralles de carrer o a la taverna. Tot i la complexitat que aix\u00f2 pot comportar, el sistema de combat d&#039;Aquelarre ho soluciona de forma cuidada i r\u00e0pida dotant a aquestes escenes del dinamisme i velocitat que necessiten per a resultar cre\u00efbles, mantenir la tensi\u00f3 en el joc i l&#039;atenci\u00f3 dels jugadors. Aquelarre assegura uns combats \u00e8pics amb tot l&#039;armament de la seva \u00e8poca.<\/p>\n<\/div><div class=\"kc-elm kc-css-577512 kc_shortcode kc_single_image\">\n\n        <img decoding=\"async\" src=\"https:\/\/rolmasters.com\/wp-content\/uploads\/2017\/09\/Aquelarre-3-edicion-26.png\" class=\"\" alt=\"\" \/>    <\/div>\n<\/div><\/div><\/div><\/div><\/section><section class=\"kc-elm kc-css-971329 kc_row\"><div class=\"kc-row-container  kc-container\"><div class=\"kc-wrap-columns\"><div class=\"kc-elm kc-css-1518 kc_col-sm-12 kc_column kc_col-sm-12\"><div class=\"kc-col-container\">\n<div class=\"kc-elm kc-css-698228 divider_line\">\n\t<div class=\"divider_inner divider_line1\">\n\t\t\t<\/div>\n<\/div>\n<div class=\"kc-elm kc-css-133524 kc_shortcode kc_single_image\">\n\n        <img decoding=\"async\" src=\"https:\/\/rolmasters.com\/wp-content\/uploads\/2017\/10\/Aquelarre-3-edicio-parallax-3.jpg\" class=\"\" alt=\"\" \/>    <\/div>\n<div class=\"kc-elm kc-css-126333 kc-raw-code\"><div class=\"su-column su-column-size-1-2\"><div class=\"su-column-inner su-clearfix\">\r\n<div class=\"su-box su-box-style-soft\" style=\"border-color:#292929;border-radius:5px;-moz-border-radius:5px;-webkit-border-radius:5px;\"><div class=\"su-box-title\" style=\"background-color:#333333;color:#FFFFFF;-webkit-border-top-left-radius:4px;-webkit-border-top-right-radius:4px;-moz-border-radius-topleft:4px;-moz-border-radius-topright:4px;border-top-left-radius:4px;border-top-right-radius:4px;\">QU\u00c8 \u00c9S EL ROL?<\/div><div class=\"su-box-content su-clearfix\">Els jocs de rol s\u00f3n la interpretaci\u00f3 d'un personatge inventat en un m\u00f3n fictici sota les regles del manual.\r\n<\/br><\/br>\r\n<div class=\"su-button-center\"><a href=\"http:\/\/rolmasters.com\/rol\/que-es-el-rol\/\" class=\"su-button su-button-style-default\" style=\"color:#FFFFFF;background-color:#fb5250;border-color:#c94240;border-radius:6px;-moz-border-radius:6px;-webkit-border-radius:6px\" target=\"_self\"><span style=\"color:#FFFFFF;padding:0px 18px;font-size:14px;line-height:28px;border-color:#fc8685;border-radius:6px;-moz-border-radius:6px;-webkit-border-radius:6px;text-shadow:none;-moz-text-shadow:none;-webkit-text-shadow:none\"> Llegir m\u00e9s<\/span><\/a><\/div>\r\n<\/div><\/div>\r\n<\/div><\/div>\r\n\r\n<div class=\"su-column su-column-size-1-2\"><div class=\"su-column-inner su-clearfix\">\r\n<div class=\"su-box su-box-style-soft\" style=\"border-color:#292929;border-radius:5px;-moz-border-radius:5px;-webkit-border-radius:5px;\"><div class=\"su-box-title\" style=\"background-color:#333333;color:#FFFFFF;-webkit-border-top-left-radius:4px;-webkit-border-top-right-radius:4px;-moz-border-radius-topleft:4px;-moz-border-radius-topright:4px;border-top-left-radius:4px;border-top-right-radius:4px;\">MANUALS I M\u00d2DULS?<\/div><div class=\"su-box-content su-clearfix\">Aquelarre ha viscut 4 etapes en diferents editorials des de la seva primera publicaci\u00f3 el 1990.\r\n  <\/br> <\/br>\r\n<div class=\"su-button-center\"><a href=\"http:\/\/rolmasters.com\/rol\/manuales-y-modulos-de-rol-aquelarre\/\" class=\"su-button su-button-style-default\" style=\"color:#FFFFFF;background-color:#fb5250;border-color:#c94240;border-radius:6px;-moz-border-radius:6px;-webkit-border-radius:6px\" target=\"_self\"><span style=\"color:#FFFFFF;padding:0px 18px;font-size:14px;line-height:28px;border-color:#fc8685;border-radius:6px;-moz-border-radius:6px;-webkit-border-radius:6px;text-shadow:none;-moz-text-shadow:none;-webkit-text-shadow:none\"> Llegir m\u00e9s<\/span><\/a><\/div>\r\n<\/div><\/div>\r\n<\/div><\/div><\/div>\n<div class=\"kc-elm kc-css-281263 divider_line\">\n\t<div class=\"divider_inner divider_line1\">\n\t\t\t<\/div>\n<\/div>\n<\/div><\/div><\/div><\/div><\/section>","protected":false},"excerpt":{"rendered":"<div class='heateor_sss_sharing_container heateor_sss_vertical_sharing heateor_sss_bottom_sharing' style='width:44px;right: -10px;top: 250px;-webkit-box-shadow:none;box-shadow:none;' heateor-sss-data-href='https:\/\/rolmasters.com\/ca\/wp-json\/wp\/v2\/pages\/137'><ul  class=\"heateor_sss_sharing_ul\"><li class=\"\"><i style=\"width:40px;height:40px;margin:0;\" alt=\"Facebook\" Title=\"Facebook\" class=\"heateorSssSharing heateorSssFacebookBackground\" onclick='heateorSssPopup(\"https:\/\/www.facebook.com\/sharer\/sharer.php?u=https%3A%2F%2Frolmasters.com%2Fca%2Fwp-json%2Fwp%2Fv2%2Fpages%2F137\")'><ss style=\"display:block;\" class=\"heateorSssSharingSvg heateorSssFacebookSvg\"><\/ss><\/i><\/li><li class=\"\"><i style=\"width:40px;height:40px;margin:0;\" alt=\"Twitter\" Title=\"Twitter\" class=\"heateorSssSharing heateorSssTwitterBackground\" onclick='heateorSssPopup(\"http:\/\/twitter.com\/intent\/tweet?text=ROLMASTERS%20-%20Tira%201D100&url=https%3A%2F%2Frolmasters.com%2Fca%2Fwp-json%2Fwp%2Fv2%2Fpages%2F137\")'><ss style=\"display:block;\" class=\"heateorSssSharingSvg heateorSssTwitterSvg\"><\/ss><\/i><\/li><li class=\"\"><i style=\"width:40px;height:40px;margin:0;\" alt=\"Whatsapp\" Title=\"Whatsapp\" class=\"heateorSssSharing heateorSssWhatsappBackground\"><a  href=\"whatsapp:\/\/send?text=ROLMASTERS%20-%20Tira%201D100 https%3A%2F%2Frolmasters.com%2Fca%2Fwp-json%2Fwp%2Fv2%2Fpages%2F137\" rel=\"nofollow\"><ss style=\"display:block\" class=\"heateorSssSharingSvg heateorSssWhatsappSvg\"><\/ss><\/a><\/i><\/li><\/ul><div class=\"heateorSssClear\"><\/div><\/div>","protected":false},"author":1,"featured_media":280,"parent":27,"menu_order":0,"comment_status":"closed","ping_status":"closed","template":"full-width.php","meta":{"footnotes":""},"_links":{"self":[{"href":"https:\/\/rolmasters.com\/ca\/wp-json\/wp\/v2\/pages\/137"}],"collection":[{"href":"https:\/\/rolmasters.com\/ca\/wp-json\/wp\/v2\/pages"}],"about":[{"href":"https:\/\/rolmasters.com\/ca\/wp-json\/wp\/v2\/types\/page"}],"author":[{"embeddable":true,"href":"https:\/\/rolmasters.com\/ca\/wp-json\/wp\/v2\/users\/1"}],"replies":[{"embeddable":true,"href":"https:\/\/rolmasters.com\/ca\/wp-json\/wp\/v2\/comments?post=137"}],"version-history":[{"count":1,"href":"https:\/\/rolmasters.com\/ca\/wp-json\/wp\/v2\/pages\/137\/revisions"}],"predecessor-version":[{"id":4794,"href":"https:\/\/rolmasters.com\/ca\/wp-json\/wp\/v2\/pages\/137\/revisions\/4794"}],"up":[{"embeddable":true,"href":"https:\/\/rolmasters.com\/ca\/wp-json\/wp\/v2\/pages\/27"}],"wp:featuredmedia":[{"embeddable":true,"href":"https:\/\/rolmasters.com\/ca\/wp-json\/wp\/v2\/media\/280"}],"wp:attachment":[{"href":"https:\/\/rolmasters.com\/ca\/wp-json\/wp\/v2\/media?parent=137"}],"curies":[{"name":"wp","href":"https:\/\/api.w.org\/{rel}","templated":true}]}}