{"id":135,"date":"2017-09-13T14:18:55","date_gmt":"2017-09-13T14:18:55","guid":{"rendered":"http:\/\/rolmasters.com\/?page_id=135"},"modified":"2018-09-17T09:00:49","modified_gmt":"2018-09-17T09:00:49","slug":"que-es-el-rol","status":"publish","type":"page","link":"https:\/\/rolmasters.com\/ca\/rol\/que-es-el-rol\/","title":{"rendered":"QUE ES EL ROL?"},"content":{"rendered":"<section class=\"kc-elm kc-css-505449 kc_row\"><div class=\"kc-row-container  kc-container\"><div class=\"kc-wrap-columns\"><div class=\"kc-elm kc-css-787300 kc_col-sm-12 kc_column kc_col-sm-12\"><div class=\"kc-col-container\"><div class=\"kc-elm kc-css-121272 kc_text_block\"><p>Per definir que \u00e9s el rol el propi Ricard Ib\u00e1\u00f1ez va crear un cap\u00edtol introductori on ho explicava amb aquestes paraules en la primera edici\u00f3 d&#8217;Aquelarre publicada per Joc Internacional l&#8217;any 1990.<\/p>\n<\/div>\n<div class=\"kc-elm kc-css-259176 divider_line\">\n\t<div class=\"divider_inner divider_line2\">\n\t\t<i class=\"et-flag\"><\/i>\t<\/div>\n<\/div>\n<div class=\"kc-elm kc-css-501562 kc_text_block\"><h2>Qu\u00e9 \u00e9s un joc de rol?<\/h2>\n<p>Mai, amic lector, tot veient una pel\u00b7l\u00edcula, llegint una novel\u00b7la, o escoltant un relat explicat per alg\u00fa altre, no has pensat que el que feia el protagonista era est\u00fapid, i que en lloc seu faries quelcom for\u00e7a diferent?<br \/>\nImaginem-nos per un moment una escena: un narrador est\u00e0 explicant un relat (potser explicant una pel\u00b7l\u00edcula) a un grup de nens. Aquests segueixen la narraci\u00f3 amb inter\u00e8s, participant-hi, fent preguntes, protestant a estones pel desenvolupament de l&#8217;acci\u00f3 i dient el que ells farien si fossin els protagonistes del relat i haguessin d&#8217;enfrontar-se amb aquelles situacions. Els nens s&#8217;estan imaginant que viuen aquest relat, i diuen el que ells farien si interpretessin el ROL (paper de l&#8217;actor) del protagonista.<br \/>\nAquests tres punts (DIALEG, IMAGINACI\u00d3 i INTERPRETACI\u00d3) s\u00f3n la base del joc de rol.<\/p>\n<p>La imatge d&#8217;una partida de rol no \u00e9s gaire diferent de l&#8217;escena del narrador i els nens: en el joc de rol, un Director de Joc imagina una situaci\u00f3, una aventura, i elabora un gui\u00f3. Un grup de jugadors l&#8217;escolten mentre explica el plantejament inicial. Aquests jugadors, per\u00f2, prenen part activa en la narraci\u00f3: cadascun d&#8217;ells interpreta el rol, el paper d&#8217;un dels protagonistes de la hist\u00f2ria. Una narraci\u00f3 que \u00e9s, d&#8217;alguna manera, com la vida: el Director de Joc exposa la situaci\u00f3, els jugadors la imaginen i reflexionen sobre la millor manera de resoldre-la. De la mateixa manera que, per travessar el carrer, podem decidir entre les solucions d&#8217;esquivar els cotxes o esperar que el sem\u00e0for canv\u00efi a verd. La decisi\u00f3 final dep\u00e8n sempre del jugador.<\/p>\n<h2>El Full de Personatge?<\/h2>\n<p>Els personatges que interpreten els jugadors no s\u00f3n invencibles ni omnipotents. \u00c9s per aix\u00f2 que les seves limitacions f\u00edsiques i ps\u00edquiques es defineixen num\u00e8ricament en un full de paper anomenat &#8220;Full de Personatge\". Aquest, s&#8217;hi indiquen la for\u00e7a i la cultura del personatge, els seus coneixements i les seves possessions i, fins i tot, els trets del seu car\u00e0cter. La psicologia del personatge, normalment, ser\u00e0 molt diferent de la del jugador. El repte d&#8217;aquest \u00e9s procurar pensar com reaccionaria el seu personatge en una situaci\u00f3 determinada, i no com reaccionaria ell en persona.<\/p>\n<h2>Els daus<\/h2>\n<p>Les situacions es resolen mitjan\u00e7ant l&#8217;\u00fas de daus especials, comuns a aquesta mena de jocs: de 4, 6, 8 i 10 cares. Tots coneixem el vell dau de 6 cares. La resta es poden trobar en botigues especialitzades en jocs o sol\u00b7licitar-los al teu prove\u00efdor habitual.<br \/>\nEls daus de 10 cares serveixen per determinar els resultats dels percentatges. Els coneixements del nostre Pg (i moltes altres coses) v\u00e9nen donats per un valor expressat en un tant per cent. Llan\u00e7arem el dau de 10 cares dues vegades: una per a les desenes i una altra per a les unitats. Aix\u00ed tindrem un valor entre 01 i el 00 (100). Compararem seguidament aquest valor amb el percentatge que prov\u00e0vem: si el resultat dels daus \u00e9s menor o igual que el percentatge, ho hem aconseguit. En cas contrari hem fallat.<br \/>\nAix\u00ed de senzill.<br \/>\nLa resta de daus s&#8217;utilitzen per a funcions molt espec-ifiques que s&#8217;explicaran en el seu moment.<\/p>\n<h2>Les regles<\/h2>\n<p>El personatge est\u00e0 limitat per unes regles per fer el joc m\u00e9s realista, per\u00f2 el jugador no t\u00e9 per qu\u00e8 aprendre-se-les totes de mem\u00f2ria. Aquelarre, com altres jocs e rol, est\u00e0 dissenyat per a que el jugador es limiti a imaginar i a dir que fa. Li correspon al Director de Joc aplicar les regles a les seves intencions. Aquest s\u00ed que ha de tenir una idea aproximada de les regles, per\u00f2 tampoc no \u00e9s prec\u00eds que se les aprengui totes: pot consultar-les en qualsevol moment.<\/p>\n<h2>Gr\u00e0fics i figures<\/h2>\n<p>Els jocs de rol no necessiten tauler per jugar-hi. Els l\u00edmits v\u00e9nen donats per la pr\u00f2pia imaginaci\u00f3. El Director de Joc es limita a descriure el paratge on es troben els personatges o, en situacions molt concretes, els dibuixa en un paper o en una pissarra un gr\u00e0fic o un mapa. Tampoc no calen fitxes per jugar, tot i que en botigues especialitzades es poden adquirir figures de plom de 25 mm, ideals per visualitzar millor un personatge, o determinar exactament la localitzaci\u00f3 de cadasc\u00fa en un combat o situaci\u00f3 dif\u00edcil.<\/p>\n<h2>L&#8217;objectiu del joc<\/h2>\n<p>En els jocs de rol no hi ha ni guanyadors ni perdedors. El Director de Joc no pot guanyar, ja que \u00e9s l&#8217;arbitre i mediador de la partida. Tampoc no hi pot haver un \u00fanic guanyador entre els jugadors, perqu\u00e9 al m\u00e9s probable \u00e9s que s&#8217;hagin d&#8217;ajudar els uns als altres i actuar en equip per sortir-se&#8217;n b\u00e9 de l&#8217;aventura preparada pel Director de Joc. L&#8217;objectiu del joc \u00e9s, simplement, VIURE una aventura, ser alg\u00fa diferent per una estona i actuar (mentalment) com a tal. El pitjor que li pot passar a un personatge, \u00f2bviament, \u00e9s morir. Per\u00f2 res no impedeix al jugador de crear un nou personatge per a la propera partida.<\/p>\n<h2>Les partides<\/h2>\n<p>Una partida sol durar entre tres i cinc hores. Per\u00f2 les diferents aventures poden perfectament anar enlla\u00e7ades, ja que, al cap i a la fi, van formant la vida d&#8217;un personatge. Aquest anir\u00e0 vivint, lluitant, viatjant, de vegades intrigant, potser atresorant riqueses i poder per, despr\u00e9s, perdre-ho de la manera m\u00e9s est\u00fapida&#8230; Amb el temps, aprendr\u00e0 i guanyar\u00e0 experi\u00e8ncia, millorant els seus coneixements i adquirint-ne de nous. \u00c9s una a\u00fatentica vida paral\u00b7lela que, com un llibre, es pot deixar en un punt determinat per reprendre-la m\u00e9s endavant.<\/p>\n<\/div><div class=\"kc-elm kc-css-928697 kc_text_block\"><p style=\"text-align: right;\"><span style=\"color: #ff6565;\"><em>Ricard Ib\u00e1\u00f1ez, manual Aquelarre, 1era edici\u00f3, Joc internacional<\/em><\/span><\/p>\n<\/div>\n<div class=\"kc-elm kc-css-814920 divider_line\">\n\t<div class=\"divider_inner divider_line1\">\n\t\t\t<\/div>\n<\/div>\n<div class=\"kc-elm kc-css-767845 kc_shortcode kc_single_image\">\n\n        <img decoding=\"async\" src=\"https:\/\/rolmasters.com\/wp-content\/uploads\/2017\/10\/Aquelarre-3-edicio-parallax-3.jpg\" class=\"\" alt=\"\" \/>    <\/div>\n<div class=\"kc-elm kc-css-33389 kc-raw-code\"><div class=\"su-column su-column-size-1-2\"><div class=\"su-column-inner su-clearfix\">\r\n<div class=\"su-box su-box-style-soft\" style=\"border-color:#292929;border-radius:5px;-moz-border-radius:5px;-webkit-border-radius:5px;\"><div class=\"su-box-title\" style=\"background-color:#333333;color:#FFFFFF;-webkit-border-top-left-radius:4px;-webkit-border-top-right-radius:4px;-moz-border-radius-topleft:4px;-moz-border-radius-topright:4px;border-top-left-radius:4px;border-top-right-radius:4px;\">QU\u00c8 \u00c9S AQUELARRE?<\/div><div class=\"su-box-content su-clearfix\">Aquelarre \u00e9s un joc de rol fant\u00e0stic medieval, ambientat a la pen\u00ednsula Ib\u00e8rica, creat per Ricard Ib\u00e1\u00f1ez.\r\n <\/br> <\/br>\r\n<div class=\"su-button-center\"><a href=\"http:\/\/rolmasters.com\/rol\/que-es-el-juego-de-rol-aquelarre\/\" class=\"su-button su-button-style-default\" style=\"color:#FFFFFF;background-color:#fb5250;border-color:#c94240;border-radius:6px;-moz-border-radius:6px;-webkit-border-radius:6px\" target=\"_self\"><span style=\"color:#FFFFFF;padding:0px 18px;font-size:14px;line-height:28px;border-color:#fc8685;border-radius:6px;-moz-border-radius:6px;-webkit-border-radius:6px;text-shadow:none;-moz-text-shadow:none;-webkit-text-shadow:none\"> Llegir m\u00e9s<\/span><\/a><\/div>\r\n<\/div><\/div>\r\n<\/div><\/div>\r\n\r\n<div class=\"su-column su-column-size-1-2\"><div class=\"su-column-inner su-clearfix\">\r\n<div class=\"su-box su-box-style-soft\" style=\"border-color:#292929;border-radius:5px;-moz-border-radius:5px;-webkit-border-radius:5px;\"><div class=\"su-box-title\" style=\"background-color:#333333;color:#FFFFFF;-webkit-border-top-left-radius:4px;-webkit-border-top-right-radius:4px;-moz-border-radius-topleft:4px;-moz-border-radius-topright:4px;border-top-left-radius:4px;border-top-right-radius:4px;\">MANUALS I M\u00d3DULS?<\/div><div class=\"su-box-content su-clearfix\">Aquelarre ha viscut 4 etapes en diferents editorials des de la seva primera publicaci\u00f3 el 1990.\r\n  <\/br> <\/br>\r\n<div class=\"su-button-center\"><a href=\"http:\/\/rolmasters.com\/rol\/manuales-y-modulos-de-rol-aquelarre\/\" class=\"su-button su-button-style-default\" style=\"color:#FFFFFF;background-color:#fb5250;border-color:#c94240;border-radius:6px;-moz-border-radius:6px;-webkit-border-radius:6px\" target=\"_self\"><span style=\"color:#FFFFFF;padding:0px 18px;font-size:14px;line-height:28px;border-color:#fc8685;border-radius:6px;-moz-border-radius:6px;-webkit-border-radius:6px;text-shadow:none;-moz-text-shadow:none;-webkit-text-shadow:none\"> Llegir m\u00e9s<\/span><\/a><\/div>\r\n<\/div><\/div>\r\n<\/div><\/div><\/div>\n<div class=\"kc-elm kc-css-432492 divider_line\">\n\t<div class=\"divider_inner divider_line1\">\n\t\t\t<\/div>\n<\/div>\n<\/div><\/div><\/div><\/div><\/section>","protected":false},"excerpt":{"rendered":"<div class='heateor_sss_sharing_container heateor_sss_vertical_sharing heateor_sss_bottom_sharing' style='width:44px;right: -10px;top: 250px;-webkit-box-shadow:none;box-shadow:none;' heateor-sss-data-href='https:\/\/rolmasters.com\/ca\/wp-json\/wp\/v2\/pages\/135'><ul  class=\"heateor_sss_sharing_ul\"><li class=\"\"><i style=\"width:40px;height:40px;margin:0;\" alt=\"Facebook\" Title=\"Facebook\" class=\"heateorSssSharing heateorSssFacebookBackground\" onclick='heateorSssPopup(\"https:\/\/www.facebook.com\/sharer\/sharer.php?u=https%3A%2F%2Frolmasters.com%2Fca%2Fwp-json%2Fwp%2Fv2%2Fpages%2F135\")'><ss style=\"display:block;\" class=\"heateorSssSharingSvg heateorSssFacebookSvg\"><\/ss><\/i><\/li><li class=\"\"><i style=\"width:40px;height:40px;margin:0;\" alt=\"Twitter\" Title=\"Twitter\" class=\"heateorSssSharing heateorSssTwitterBackground\" onclick='heateorSssPopup(\"http:\/\/twitter.com\/intent\/tweet?text=ROLMASTERS%20-%20Tira%201D100&url=https%3A%2F%2Frolmasters.com%2Fca%2Fwp-json%2Fwp%2Fv2%2Fpages%2F135\")'><ss style=\"display:block;\" class=\"heateorSssSharingSvg heateorSssTwitterSvg\"><\/ss><\/i><\/li><li class=\"\"><i style=\"width:40px;height:40px;margin:0;\" alt=\"Whatsapp\" Title=\"Whatsapp\" class=\"heateorSssSharing heateorSssWhatsappBackground\"><a  href=\"whatsapp:\/\/send?text=ROLMASTERS%20-%20Tira%201D100 https%3A%2F%2Frolmasters.com%2Fca%2Fwp-json%2Fwp%2Fv2%2Fpages%2F135\" rel=\"nofollow\"><ss style=\"display:block\" class=\"heateorSssSharingSvg heateorSssWhatsappSvg\"><\/ss><\/a><\/i><\/li><\/ul><div class=\"heateorSssClear\"><\/div><\/div>","protected":false},"author":1,"featured_media":15,"parent":27,"menu_order":0,"comment_status":"closed","ping_status":"closed","template":"full-width.php","meta":{"footnotes":""},"_links":{"self":[{"href":"https:\/\/rolmasters.com\/ca\/wp-json\/wp\/v2\/pages\/135"}],"collection":[{"href":"https:\/\/rolmasters.com\/ca\/wp-json\/wp\/v2\/pages"}],"about":[{"href":"https:\/\/rolmasters.com\/ca\/wp-json\/wp\/v2\/types\/page"}],"author":[{"embeddable":true,"href":"https:\/\/rolmasters.com\/ca\/wp-json\/wp\/v2\/users\/1"}],"replies":[{"embeddable":true,"href":"https:\/\/rolmasters.com\/ca\/wp-json\/wp\/v2\/comments?post=135"}],"version-history":[{"count":1,"href":"https:\/\/rolmasters.com\/ca\/wp-json\/wp\/v2\/pages\/135\/revisions"}],"predecessor-version":[{"id":5285,"href":"https:\/\/rolmasters.com\/ca\/wp-json\/wp\/v2\/pages\/135\/revisions\/5285"}],"up":[{"embeddable":true,"href":"https:\/\/rolmasters.com\/ca\/wp-json\/wp\/v2\/pages\/27"}],"wp:featuredmedia":[{"embeddable":true,"href":"https:\/\/rolmasters.com\/ca\/wp-json\/wp\/v2\/media\/15"}],"wp:attachment":[{"href":"https:\/\/rolmasters.com\/ca\/wp-json\/wp\/v2\/media?parent=135"}],"curies":[{"name":"wp","href":"https:\/\/api.w.org\/{rel}","templated":true}]}}