{"id":1277,"date":"2017-10-10T14:42:45","date_gmt":"2017-10-10T14:42:45","guid":{"rendered":"http:\/\/rolmasters.com\/?page_id=1277"},"modified":"2017-11-18T18:40:06","modified_gmt":"2017-11-18T18:40:06","slug":"aplicaciones","status":"publish","type":"page","link":"https:\/\/rolmasters.com\/ca\/inventario\/aplicaciones\/","title":{"rendered":"APLICACIONS"},"content":{"rendered":"<section class=\"kc-elm kc-css-795847 kc_row\"><div class=\"kc-row-container  kc-container\"><div class=\"kc-wrap-columns\"><div class=\"kc-elm kc-css-836001 kc_col-sm-12 kc_column kc_col-sm-12\"><div class=\"kc-col-container\"><div class=\"kc-elm kc-css-967937 kc_text_block\"><p>Enlla\u00e7os de desc\u00e0rrega de diverses aplicacions \u00fatils per al joc.<\/p>\n<\/div>\n<div class=\"kc-elm kc-css-5194 divider_line\">\n\t<div class=\"divider_inner divider_line1\">\n\t\t\t<\/div>\n<\/div>\n<\/div><\/div><\/div><\/div><\/section><section class=\"kc-elm kc-css-992516 kc_row\"><div class=\"kc-row-container  kc-container\"><div class=\"kc-wrap-columns\"><div class=\"kc-elm kc-css-451598 kc_col-sm-6 kc_column kc_col-sm-6\"><div class=\"kc-col-container\"><div class=\"kc-elm kc-css-307130 kc_row kc_row_inner\"><div class=\"kc-elm kc-css-749883 kc_col-sm-12 kc_column_inner kc_col-sm-12\"><div class=\"kc_wrapper kc-col-inner-container\"><div class=\"kc-elm kc-css-903983 kc_shortcode kc_single_image\">\n\n        <img decoding=\"async\" src=\"https:\/\/rolmasters.com\/wp-content\/uploads\/2017\/10\/aplicacion-dice-jose-valverde.jpg\" class=\"\" alt=\"\" \/>    <\/div>\n<div class=\"kc-elm kc-css-631042 kc_text_block\"><h2 style=\"text-align: center;\">DICE!<\/h2>\n<p>Aplicaci\u00f3 per android creada per <a href=\"http:\/\/www.jagvalverde.com\" target=\"_blank\" rel=\"noopener\">Jose Valverde<\/a><\/p>\n<p><b>DAUS! Generador r\u00e0pid i senzill de daus per rol, jocs de taula i miniatures.<br \/>\n<\/b><\/p>\n<p>App pergenerar tirades de Fate \/ Fudge, D3, D4, D5, D6, D7, D8, D12, D14, D20, D24, D30 i D100 al teu m\u00f2bil o tauleta.<\/p>\n<\/div>\n<div class=\"kc-elm kc-css-617253\">\n\t<a class=\"kc_button\" href=\"https:\/\/play.google.com\/store\/apps\/details?id=com.arv.tiradasdedados\" target=\"_blank\" title=\"\" onclick=\"\">\n\t\tVersi\u00f3 Android <i class=\"fa-hand-o-right\"><\/i>\t<\/a>\n<\/div>\n<\/div><\/div><\/div><\/div><\/div><div class=\"kc-elm kc-css-47739 kc_col-sm-6 kc_column kc_col-sm-6\"><div class=\"kc-col-container\"><div class=\"kc-elm kc-css-614658 kc_row kc_row_inner\"><div class=\"kc-elm kc-css-829472 kc_col-sm-12 kc_column_inner kc_col-sm-12\"><div class=\"kc_wrapper kc-col-inner-container\"><div class=\"kc-elm kc-css-199792 kc_shortcode kc_single_image\">\n\n        <img decoding=\"async\" src=\"https:\/\/rolmasters.com\/wp-content\/uploads\/2017\/10\/aplicacion-generador-grimorios-aquelarre-3ed-nosolorol-jose-miguel-valverde.jpg\" class=\"\" alt=\"\" \/>    <\/div>\n<div class=\"kc-elm kc-css-83799 kc_text_block\"><h2 style=\"text-align: center;\">GENERADOR DE GRIMORIOS 3ED AQUELARRE<\/h2>\n<p style=\"text-align: left;\">Aplicaci\u00f3 per android creada per\u00a0<a href=\"http:\/\/www.jagvalverde.com\/\" target=\"_blank\" rel=\"noopener\">Jose Valverde<\/a><\/p>\n<p style=\"text-align: left;\"><strong>Generador de grimoris per Aquelarre 3ed.<\/strong><\/p>\n<p>App per generar grimoris sobre el manual del joc de rol &#8220;Aquelarre\" publicat per l&#8217;editorial Nosolorol.<\/p>\n<\/div>\n<div class=\"kc-elm kc-css-356859\">\n\t<a class=\"kc_button\" href=\"https:\/\/play.google.com\/store\/apps\/details?id=com.arv.grimoriosaquelarre\" target=\"_blank\" title=\"\" onclick=\"\">\n\t\tVersi\u00f3 Android Cast. <i class=\"fa-hand-o-right\"><\/i>\t<\/a>\n<\/div>\n\n<div class=\"kc-elm kc-css-476150\">\n\t<a class=\"kc_button\" href=\"https:\/\/play.google.com\/store\/apps\/details?id=com.arv.grimorisaquelarre\" target=\"_blank\" title=\"\" onclick=\"\">\n\t\tVersi\u00f3 Android Cat. <i class=\"fa-hand-o-right\"><\/i>\t<\/a>\n<\/div>\n<\/div><\/div><\/div><\/div><\/div><\/div><\/div><\/section>","protected":false},"excerpt":{"rendered":"<div class='heateor_sss_sharing_container heateor_sss_vertical_sharing heateor_sss_bottom_sharing' style='width:44px;right: -10px;top: 250px;-webkit-box-shadow:none;box-shadow:none;' heateor-sss-data-href='https:\/\/rolmasters.com\/ca\/wp-json\/wp\/v2\/pages\/1277'><ul  class=\"heateor_sss_sharing_ul\"><li class=\"\"><i style=\"width:40px;height:40px;margin:0;\" alt=\"Facebook\" Title=\"Facebook\" class=\"heateorSssSharing heateorSssFacebookBackground\" onclick='heateorSssPopup(\"https:\/\/www.facebook.com\/sharer\/sharer.php?u=https%3A%2F%2Frolmasters.com%2Fca%2Fwp-json%2Fwp%2Fv2%2Fpages%2F1277\")'><ss style=\"display:block;\" class=\"heateorSssSharingSvg heateorSssFacebookSvg\"><\/ss><\/i><\/li><li class=\"\"><i style=\"width:40px;height:40px;margin:0;\" alt=\"Twitter\" Title=\"Twitter\" class=\"heateorSssSharing heateorSssTwitterBackground\" onclick='heateorSssPopup(\"http:\/\/twitter.com\/intent\/tweet?text=ROLMASTERS%20-%20Tira%201D100&url=https%3A%2F%2Frolmasters.com%2Fca%2Fwp-json%2Fwp%2Fv2%2Fpages%2F1277\")'><ss style=\"display:block;\" class=\"heateorSssSharingSvg heateorSssTwitterSvg\"><\/ss><\/i><\/li><li class=\"\"><i style=\"width:40px;height:40px;margin:0;\" alt=\"Whatsapp\" Title=\"Whatsapp\" class=\"heateorSssSharing heateorSssWhatsappBackground\"><a  href=\"whatsapp:\/\/send?text=ROLMASTERS%20-%20Tira%201D100 https%3A%2F%2Frolmasters.com%2Fca%2Fwp-json%2Fwp%2Fv2%2Fpages%2F1277\" rel=\"nofollow\"><ss style=\"display:block\" class=\"heateorSssSharingSvg heateorSssWhatsappSvg\"><\/ss><\/a><\/i><\/li><\/ul><div class=\"heateorSssClear\"><\/div><\/div>","protected":false},"author":1,"featured_media":277,"parent":29,"menu_order":0,"comment_status":"closed","ping_status":"closed","template":"full-width.php","meta":{"footnotes":""},"_links":{"self":[{"href":"https:\/\/rolmasters.com\/ca\/wp-json\/wp\/v2\/pages\/1277"}],"collection":[{"href":"https:\/\/rolmasters.com\/ca\/wp-json\/wp\/v2\/pages"}],"about":[{"href":"https:\/\/rolmasters.com\/ca\/wp-json\/wp\/v2\/types\/page"}],"author":[{"embeddable":true,"href":"https:\/\/rolmasters.com\/ca\/wp-json\/wp\/v2\/users\/1"}],"replies":[{"embeddable":true,"href":"https:\/\/rolmasters.com\/ca\/wp-json\/wp\/v2\/comments?post=1277"}],"version-history":[{"count":0,"href":"https:\/\/rolmasters.com\/ca\/wp-json\/wp\/v2\/pages\/1277\/revisions"}],"up":[{"embeddable":true,"href":"https:\/\/rolmasters.com\/ca\/wp-json\/wp\/v2\/pages\/29"}],"wp:featuredmedia":[{"embeddable":true,"href":"https:\/\/rolmasters.com\/ca\/wp-json\/wp\/v2\/media\/277"}],"wp:attachment":[{"href":"https:\/\/rolmasters.com\/ca\/wp-json\/wp\/v2\/media?parent=1277"}],"curies":[{"name":"wp","href":"https:\/\/api.w.org\/{rel}","templated":true}]}}