{"id":1262,"date":"2017-10-10T14:19:46","date_gmt":"2017-10-10T14:19:46","guid":{"rendered":"http:\/\/rolmasters.com\/?page_id=1262"},"modified":"2022-10-18T08:01:15","modified_gmt":"2022-10-18T08:01:15","slug":"tablas-de-ayuda","status":"publish","type":"page","link":"https:\/\/rolmasters.com\/ca\/inventario\/tablas-de-ayuda\/","title":{"rendered":"TAULES VARIES"},"content":{"rendered":"Aquesta secci\u00f3 trobar\u00e0s taules addicionals editades en m\u00f2duls antics o per aficionats per a diverses finalitats del joc.<\/p>\n<p>&nbsp;<\/p>\n<div class=\"su-table\">\n<table style=\"height: 141px;\" width=\"549\">\n<tbody>\n<tr>\n<td><a href=\"http:\/\/rolmasters.com\/inventari\/taules\/Tablas-de-Pifias.pdf\" target=\"_blank\" rel=\"noopener\"><i class=\"fa fa-hand-o-right\"> Taula de pifies en combat<\/i><\/a><\/td>\n<td>Aquest document el componen tres taules per la resoluci\u00f3 de p\u00edfies en combat cos a cos, a dist\u00e0ncia, baralla i esquiva.<\/td>\n<\/tr>\n<tr>\n<td><a href=\"http:\/\/rolmasters.com\/inventari\/taules\/Tabla-de-Secuelas-de-Tortura.pdf\" target=\"_blank\" rel=\"noopener\"><i class=\"fa fa-hand-o-right\"> Taula de seq\u00fceles per tortura<\/i><\/a><\/td>\n<td>Taula molt \u00fatil per resoldre situacions de tortura, amb una tirada es pot aplicar la seq\u00fcela corresponent al personatge torturat.<\/td>\n<\/tr>\n<tr>\n<td><a href=\"http:\/\/rolmasters.com\/inventari\/taules\/Tabla-busca-peleas-1d100.pdf\" target=\"_blank\" rel=\"noopener\"><i class=\"fa fa-hand-o-right\"> Taula busca baralles <\/i><\/a><\/td>\n<td>La taula busca baralles, tira 1d100 de Lope Manuel de Pelayo dissenyada per rolmasters \u00e9s la soluci\u00f3 definitiva per als Pj belicosos i fanfarrons que volen ficar-se en embolics.<\/td>\n<\/tr>\n<tr>\n<td><a href=\"http:\/\/rolmasters.com\/inventari\/taules\/Tabla-Nuevos-Rasgos-De-Caracter-Rinascita-Angel-Paredes.pdf\" target=\"_blank\" rel=\"noopener\"><i class=\"fa fa-hand-o-right\"> Taula 200 trets de car\u00e0cter nous<\/i><\/a><\/td>\n<td>Aquesta taula creada per \u00c1ngel Paredes inclou 200 nous trets de car\u00e0cter per la creaci\u00f3 de personatges en el m\u00f2dul Rinascita.<\/td>\n<\/tr>\n<tr>\n<td><a href=\"http:\/\/rolmasters.com\/inventari\/taules\/Tabla-porque-se-conocen-los-pjs.pdf\" target=\"_blank\" rel=\"noopener\"><i class=\"fa fa-hand-o-right\"> Taula Els personatges es coneixen perque\u2026?<\/i><\/a><\/td>\n<td>Extreta del Blog &#8220;NIVEL 36&#8221; de Ricard Ib\u00e1\u00f1ez. Amb aquesta taula es creen facilment els v\u00edncles de coneixen\u00e7a entre Pj&#8217;s abans de comen\u00e7ar la partida.<\/td>\n<\/tr>\n<tr>\n<td><a href=\"http:\/\/rolmasters.com\/inventari\/taules\/tabla-de-sucesos-nocturnos-extendida.pdf\" target=\"_blank\" rel=\"noopener\"><i class=\"fa fa-hand-o-right\"> Taula Sucesos nocturnos extendida<\/i><\/a><\/td>\n<td>Extreta del Blog &#8220;El rinc\u00f3n del rol&#8221; de Manel G\u00f3mez Estruch, ampliada i enfocada exclusivament per aquelarre, aquesta taula serveix per fer m\u00e9s amenes les gu\u00e0rdies nocturnes dels Pj&#8217;s.<\/td>\n<\/tr>\n<tr>\n<td><a href=\"http:\/\/rolmasters.com\/inventari\/taules\/Generador-de-criaturas-para-Aquelarre.pdf\" target=\"_blank\" rel=\"noopener\"><i class=\"fa fa-hand-o-right\"> Taula Generador de criaturas<\/i><\/a><\/td>\n<td>Creada per Orthanc i extreta del seu blog Persorol aquesta ajuda en forma de taules ens facilita la creaci\u00f3 d&#8217;\u00e9ssers fant\u00e0stics i criatures irracionals. Mitjan\u00e7ant el PDF d&#8217;una p\u00e0gina i 15 tirades a les taules correlatives que el componen.<\/td>\n<\/tr>\n<tr>\n<td><a href=\"http:\/\/rolmasters.com\/inventari\/taules\/Generador-de-criaturas-para-Aquelarre.pdf\" target=\"_blank\" rel=\"noopener\"><i class=\"fa fa-hand-o-right\"> Taula Generador de criaturas<\/i><\/a><\/td>\n<td>Mec\u00e0nica de pesca per aquelarre \u00e9s un sistema que facilita al Dj les situacions en qu\u00e8 un Pj intenti pescar. Es tracta d&#8217;una ajuda creada per Orthanc i extreta del seu bloc Persorol.<\/td>\n<\/tr>\n<tr>\n<td><a href=\"http:\/\/rolmasters.com\/inventari\/taules\/NUEVOS-ORGULLOS-Y-VERGUENZAS-MAGOS.pdf\" target=\"_blank\" rel=\"noopener\"><i class=\"fa fa-hand-o-right\"> Nous Orgulls i vergonyes per mags<\/i><\/a><\/td>\n<td>Aquest PDF inclou 9 Orgulls i 9 Vergonyes nous per PJs o PNJs de professi\u00f3 mag. \u00c9s una ajuda creada por Orthanc i extreta de su blog Persorol.<\/td>\n<\/tr>\n<tr>\n<td><a href=\"http:\/\/rolmasters.com\/inventari\/taules\/Tabla-de-conversion-aquelarre-nauhi-ollin.pdf\" target=\"_blank\" rel=\"noopener\"><i class=\"fa fa-hand-o-right\"> De Aquelarre a Nahui Ollin<\/i><\/a><\/td>\n<td>Tabla de conversi\u00f3n para adaptar los juegos de rol Aquelarre y Nahui Ollin creada por su autor Ricard Ib\u00e1\u00f1ez y extra\u00edda de su blog Nivel 36. Define la conversi\u00f3n de las habilidades o competencias entre los dos juegos.<\/td>\n<\/tr>\n<tr>\n<td><a href=\"http:\/\/rolmasters.com\/inventari\/taules\/Aquelarre-Tabla-De-Sexo.pdf\" target=\"_blank\" rel=\"noopener\"><i class=\"fa fa-hand-o-right\">Taula de circumst\u00e0ncies amat\u00f2ries i acte amor\u00f3s per a Aquelarre<\/i><\/a><\/td>\n<td>Taula de circumst\u00e0ncies amat\u00f2ries i acte amor\u00f3s per a Aquelarre ajuda el DJ a determinar diferents situacions i finals en les relacions entre dos personatges durant el joc.<\/td>\n<\/tr>\n<\/tbody>\n<\/table>\n<\/div>","protected":false},"excerpt":{"rendered":"<p>Aquesta secci\u00f3 trobar\u00e0s taules addicionals editades en m\u00f2duls antics o per aficionats per a diverses finalitats del joc. &nbsp;<\/p>\n<div class='heateor_sss_sharing_container heateor_sss_vertical_sharing heateor_sss_bottom_sharing' style='width:44px;right: -10px;top: 250px;-webkit-box-shadow:none;box-shadow:none;' heateor-sss-data-href='https:\/\/rolmasters.com\/ca\/wp-json\/wp\/v2\/pages\/1262'><ul  class=\"heateor_sss_sharing_ul\"><li class=\"\"><i style=\"width:40px;height:40px;margin:0;\" alt=\"Facebook\" Title=\"Facebook\" class=\"heateorSssSharing heateorSssFacebookBackground\" onclick='heateorSssPopup(\"https:\/\/www.facebook.com\/sharer\/sharer.php?u=https%3A%2F%2Frolmasters.com%2Fca%2Fwp-json%2Fwp%2Fv2%2Fpages%2F1262\")'><ss style=\"display:block;\" class=\"heateorSssSharingSvg heateorSssFacebookSvg\"><\/ss><\/i><\/li><li class=\"\"><i style=\"width:40px;height:40px;margin:0;\" alt=\"Twitter\" Title=\"Twitter\" class=\"heateorSssSharing heateorSssTwitterBackground\" onclick='heateorSssPopup(\"http:\/\/twitter.com\/intent\/tweet?text=ROLMASTERS%20-%20Tira%201D100&url=https%3A%2F%2Frolmasters.com%2Fca%2Fwp-json%2Fwp%2Fv2%2Fpages%2F1262\")'><ss style=\"display:block;\" class=\"heateorSssSharingSvg heateorSssTwitterSvg\"><\/ss><\/i><\/li><li class=\"\"><i style=\"width:40px;height:40px;margin:0;\" alt=\"Whatsapp\" Title=\"Whatsapp\" class=\"heateorSssSharing heateorSssWhatsappBackground\"><a  href=\"whatsapp:\/\/send?text=ROLMASTERS%20-%20Tira%201D100 https%3A%2F%2Frolmasters.com%2Fca%2Fwp-json%2Fwp%2Fv2%2Fpages%2F1262\" rel=\"nofollow\"><ss style=\"display:block\" class=\"heateorSssSharingSvg heateorSssWhatsappSvg\"><\/ss><\/a><\/i><\/li><\/ul><div class=\"heateorSssClear\"><\/div><\/div>","protected":false},"author":1,"featured_media":277,"parent":29,"menu_order":0,"comment_status":"closed","ping_status":"closed","template":"full-width.php","meta":{"footnotes":""},"_links":{"self":[{"href":"https:\/\/rolmasters.com\/ca\/wp-json\/wp\/v2\/pages\/1262"}],"collection":[{"href":"https:\/\/rolmasters.com\/ca\/wp-json\/wp\/v2\/pages"}],"about":[{"href":"https:\/\/rolmasters.com\/ca\/wp-json\/wp\/v2\/types\/page"}],"author":[{"embeddable":true,"href":"https:\/\/rolmasters.com\/ca\/wp-json\/wp\/v2\/users\/1"}],"replies":[{"embeddable":true,"href":"https:\/\/rolmasters.com\/ca\/wp-json\/wp\/v2\/comments?post=1262"}],"version-history":[{"count":12,"href":"https:\/\/rolmasters.com\/ca\/wp-json\/wp\/v2\/pages\/1262\/revisions"}],"predecessor-version":[{"id":7836,"href":"https:\/\/rolmasters.com\/ca\/wp-json\/wp\/v2\/pages\/1262\/revisions\/7836"}],"up":[{"embeddable":true,"href":"https:\/\/rolmasters.com\/ca\/wp-json\/wp\/v2\/pages\/29"}],"wp:featuredmedia":[{"embeddable":true,"href":"https:\/\/rolmasters.com\/ca\/wp-json\/wp\/v2\/media\/277"}],"wp:attachment":[{"href":"https:\/\/rolmasters.com\/ca\/wp-json\/wp\/v2\/media?parent=1262"}],"curies":[{"name":"wp","href":"https:\/\/api.w.org\/{rel}","templated":true}]}}